{"id":1051,"date":"2023-10-31T22:27:06","date_gmt":"2023-10-31T22:27:06","guid":{"rendered":"https:\/\/tzionlibreria.com\/?post_type=product&#038;p=1051"},"modified":"2025-01-18T16:39:27","modified_gmt":"2025-01-18T16:39:27","slug":"lo-que-debes-hacer-cuando-no-sabes-que-hacer-yesenia-then","status":"publish","type":"product","link":"https:\/\/tzionlibreria.com\/index.php\/product\/lo-que-debes-hacer-cuando-no-sabes-que-hacer-yesenia-then\/","title":{"rendered":"Lo que debes hacer, cuando no sabes que hacer \u2013 Yesenia Then"},"content":{"rendered":"<div class=\"ast-oembed-container \" style=\"height: 100%;\"><iframe title=\"Lo que debes hacer, cuando no sabes que hacer \u2013 Yesenia Then\" width=\"500\" height=\"281\" src=\"https:\/\/www.youtube.com\/embed\/Tjur-c2UfdI?feature=oembed\" frameborder=\"0\" allow=\"accelerometer; autoplay; clipboard-write; encrypted-media; gyroscope; picture-in-picture; web-share\" referrerpolicy=\"strict-origin-when-cross-origin\" allowfullscreen><\/iframe><\/div>\n<p>&nbsp;<\/p>\n<div class=\"woocommerce-tabs wc-tabs-wrapper\">\n<div id=\"tab-description\" class=\"woocommerce-Tabs-panel woocommerce-Tabs-panel--description panel entry-content wc-tab\" role=\"tabpanel\" aria-labelledby=\"tab-title-description\">\n<h6 id=\"title\" class=\"a-spacing-none a-text-normal\"><span id=\"productTitle\" class=\"a-size-extra-large celwidget\" data-csa-c-id=\"r7xir1-geryuo-s2c77r-o4f5ld\" data-cel-widget=\"productTitle\">C\u00f3mo tomar la decisi\u00f3n correcta en momentos de confusi\u00f3n y turbulencia.<\/span><\/h6>\n<p>-Lo que ser\u00e1s ma\u00f1ana, depende de las decisiones que tomes hoy.<\/p>\n<p>-El poder de la elecci\u00f3n es una de las m\u00e1s importantes capacidades que tenemos. Pero debemos tener el debido entendimiento para usarla como debemos. Ya que todo lo que hoy somos, es producto de las decisiones que tomamos ayer; y lo que seremos man\u0303ana, depende de las decisiones que tomemos hoy.<\/p>\n<p>-Tener que elegir entre lo que esta\u0301 bien y lo que esta\u0301 mal no siempre es fa\u0301cil, pero el mayor desaf\u00edo que tenemos a veces, es saber co\u0301mo tomar la mejor decisio\u0301n cuando hay que escoger entre varias opciones que parecen ser buenas e identificar cua\u0301l de todas es la correcta para nosotros.<\/p>\n<p>-Durante varios an\u0303os la Pastora Yesenia Then, ha escrito diversos libros que han sido de edificacio\u0301n, instruccio\u0301n y respuesta a esta generacio\u0301n y este que tienes a la mano esta\u0301 compuesto por diferentes to\u0301picos que traera\u0301n direccio\u0301n y entendimiento basado en el consejo bi\u0301blico en cuanto a la toma de decisiones que, no siempre son fa\u0301ciles de tomar; con el fin de ayudarte a discernir lo que es mejor para ti conforme al propo\u0301sito por el cual Dios te ha hecho existir.<\/p>\n<p>-Lo que debes hacer cuando no sabes que\u0301 hacer, sin lugar a dudas edificara\u0301 tu corazo\u0301n y traera\u0301 direccio\u0301n a cualquier situacio\u0301n que puedas estar atravesando ahora o puedas llegar a enfrentar ma\u0301s adelante.<\/p>\n<p>&nbsp;<\/p>\n<p><span class=\"a-list-item\"><span class=\"a-text-bold\"><strong>ISBN :<\/strong>\u00a0\u200e\u00a0<\/span>9781736020180<\/span><\/p>\n<\/div>\n<\/div>\n","protected":false},"excerpt":{"rendered":"<p>&nbsp; C\u00f3mo tomar la decisi\u00f3n correcta en momentos de confusi\u00f3n y turbulencia. -Lo que ser\u00e1s ma\u00f1ana, depende de las decisiones que tomes hoy. -El poder de la elecci\u00f3n es una de las m\u00e1s importantes capacidades que tenemos. Pero debemos tener el debido entendimiento para usarla como debemos. Ya que todo lo que hoy somos, es [&hellip;]<\/p>\n","protected":false},"featured_media":1052,"comment_status":"open","ping_status":"closed","template":"","meta":{"om_disable_all_campaigns":false,"_monsterinsights_skip_tracking":false,"_monsterinsights_sitenote_active":false,"_monsterinsights_sitenote_note":"","_monsterinsights_sitenote_category":0,"site-sidebar-layout":"default","site-content-layout":"","ast-site-content-layout":"default","site-content-style":"default","site-sidebar-style":"default","ast-global-header-display":"","ast-banner-title-visibility":"","ast-main-header-display":"","ast-hfb-above-header-display":"","ast-hfb-below-header-display":"","ast-hfb-mobile-header-display":"","site-post-title":"","ast-breadcrumbs-content":"","ast-featured-img":"","footer-sml-layout":"","ast-disable-related-posts":"","theme-transparent-header-meta":"default","adv-header-id-meta":"","stick-header-meta":"","header-above-stick-meta":"","header-main-stick-meta":"","header-below-stick-meta":"","astra-migrate-meta-layouts":"set","ast-page-background-enabled":"default","ast-page-background-meta":{"desktop":{"background-color":"var(--ast-global-color-4)","background-image":"","background-repeat":"repeat","background-position":"center center","background-size":"auto","background-attachment":"scroll","background-type":"","background-media":"","overlay-type":"","overlay-color":"","overlay-opacity":"","overlay-gradient":""},"tablet":{"background-color":"","background-image":"","background-repeat":"repeat","background-position":"center center","background-size":"auto","background-attachment":"scroll","background-type":"","background-media":"","overlay-type":"","overlay-color":"","overlay-opacity":"","overlay-gradient":""},"mobile":{"background-color":"","background-image":"","background-repeat":"repeat","background-position":"center center","background-size":"auto","background-attachment":"scroll","background-type":"","background-media":"","overlay-type":"","overlay-color":"","overlay-opacity":"","overlay-gradient":""}},"ast-content-background-meta":{"desktop":{"background-color":"var(--ast-global-color-5)","background-image":"","background-repeat":"repeat","background-position":"center center","background-size":"auto","background-attachment":"scroll","background-type":"","background-media":"","overlay-type":"","overlay-color":"","overlay-opacity":"","overlay-gradient":""},"tablet":{"background-color":"var(--ast-global-color-5)","background-image":"","background-repeat":"repeat","background-position":"center center","background-size":"auto","background-attachment":"scroll","background-type":"","background-media":"","overlay-type":"","overlay-color":"","overlay-opacity":"","overlay-gradient":""},"mobile":{"background-color":"var(--ast-global-color-5)","background-image":"","background-repeat":"repeat","background-position":"center center","background-size":"auto","background-attachment":"scroll","background-type":"","background-media":"","overlay-type":"","overlay-color":"","overlay-opacity":"","overlay-gradient":""}}},"product_brand":[],"product_cat":[23],"product_tag":[134],"class_list":{"0":"post-1051","1":"product","2":"type-product","3":"status-publish","4":"has-post-thumbnail","6":"product_cat-libros","7":"product_tag-yesenia-then","8":"desktop-align-left","9":"tablet-align-left","10":"mobile-align-left","12":"first","13":"outofstock","14":"shipping-taxable","15":"purchasable","16":"product-type-simple"},"yoast_head":"<!-- This site is optimized with the Yoast SEO plugin v27.4 - https:\/\/yoast.com\/product\/yoast-seo-wordpress\/ -->\n<title>Lo que debes hacer, cuando no sabes que hacer \u2013 Yesenia Then - tzionlibreria.com<\/title>\n<meta name=\"robots\" content=\"index, follow, max-snippet:-1, max-image-preview:large, max-video-preview:-1\" \/>\n<link rel=\"canonical\" href=\"https:\/\/tzionlibreria.com\/index.php\/product\/lo-que-debes-hacer-cuando-no-sabes-que-hacer-yesenia-then\/\" \/>\n<meta property=\"og:locale\" content=\"es_ES\" \/>\n<meta property=\"og:type\" content=\"article\" \/>\n<meta property=\"og:title\" content=\"Lo que debes hacer, cuando no sabes que hacer \u2013 Yesenia Then - tzionlibreria.com\" \/>\n<meta property=\"og:description\" content=\"&nbsp; C\u00f3mo tomar la decisi\u00f3n correcta en momentos de confusi\u00f3n y turbulencia. -Lo que ser\u00e1s ma\u00f1ana, depende de las decisiones que tomes hoy. -El poder de la elecci\u00f3n es una de las m\u00e1s importantes capacidades que tenemos. Pero debemos tener el debido entendimiento para usarla como debemos. Ya que todo lo que hoy somos, es [&hellip;]\" \/>\n<meta property=\"og:url\" content=\"https:\/\/tzionlibreria.com\/index.php\/product\/lo-que-debes-hacer-cuando-no-sabes-que-hacer-yesenia-then\/\" \/>\n<meta property=\"og:site_name\" content=\"tzionlibreria.com\" \/>\n<meta property=\"article:modified_time\" content=\"2025-01-18T16:39:27+00:00\" \/>\n<meta property=\"og:image\" content=\"http:\/\/tzionlibreria.com\/wp-content\/uploads\/2023\/10\/Lo-que-debes-hacer.jpg\" \/>\n\t<meta property=\"og:image:width\" content=\"1200\" \/>\n\t<meta property=\"og:image:height\" content=\"1200\" \/>\n\t<meta property=\"og:image:type\" content=\"image\/jpeg\" \/>\n<meta name=\"twitter:card\" content=\"summary_large_image\" \/>\n<meta name=\"twitter:label1\" content=\"Tiempo de lectura\" \/>\n\t<meta name=\"twitter:data1\" content=\"2 minutos\" \/>\n<script type=\"application\/ld+json\" class=\"yoast-schema-graph\">{\"@context\":\"https:\\\/\\\/schema.org\",\"@graph\":[{\"@type\":\"WebPage\",\"@id\":\"https:\\\/\\\/tzionlibreria.com\\\/index.php\\\/product\\\/lo-que-debes-hacer-cuando-no-sabes-que-hacer-yesenia-then\\\/\",\"url\":\"https:\\\/\\\/tzionlibreria.com\\\/index.php\\\/product\\\/lo-que-debes-hacer-cuando-no-sabes-que-hacer-yesenia-then\\\/\",\"name\":\"Lo que debes hacer, cuando no sabes que hacer \u2013 Yesenia Then - tzionlibreria.com\",\"isPartOf\":{\"@id\":\"https:\\\/\\\/tzionlibreria.com\\\/#website\"},\"primaryImageOfPage\":{\"@id\":\"https:\\\/\\\/tzionlibreria.com\\\/index.php\\\/product\\\/lo-que-debes-hacer-cuando-no-sabes-que-hacer-yesenia-then\\\/#primaryimage\"},\"image\":{\"@id\":\"https:\\\/\\\/tzionlibreria.com\\\/index.php\\\/product\\\/lo-que-debes-hacer-cuando-no-sabes-que-hacer-yesenia-then\\\/#primaryimage\"},\"thumbnailUrl\":\"https:\\\/\\\/tzionlibreria.com\\\/wp-content\\\/uploads\\\/2023\\\/10\\\/Lo-que-debes-hacer.jpg\",\"datePublished\":\"2023-10-31T22:27:06+00:00\",\"dateModified\":\"2025-01-18T16:39:27+00:00\",\"breadcrumb\":{\"@id\":\"https:\\\/\\\/tzionlibreria.com\\\/index.php\\\/product\\\/lo-que-debes-hacer-cuando-no-sabes-que-hacer-yesenia-then\\\/#breadcrumb\"},\"inLanguage\":\"es-CO\",\"potentialAction\":[{\"@type\":\"ReadAction\",\"target\":[\"https:\\\/\\\/tzionlibreria.com\\\/index.php\\\/product\\\/lo-que-debes-hacer-cuando-no-sabes-que-hacer-yesenia-then\\\/\"]}]},{\"@type\":\"ImageObject\",\"inLanguage\":\"es-CO\",\"@id\":\"https:\\\/\\\/tzionlibreria.com\\\/index.php\\\/product\\\/lo-que-debes-hacer-cuando-no-sabes-que-hacer-yesenia-then\\\/#primaryimage\",\"url\":\"https:\\\/\\\/tzionlibreria.com\\\/wp-content\\\/uploads\\\/2023\\\/10\\\/Lo-que-debes-hacer.jpg\",\"contentUrl\":\"https:\\\/\\\/tzionlibreria.com\\\/wp-content\\\/uploads\\\/2023\\\/10\\\/Lo-que-debes-hacer.jpg\",\"width\":1200,\"height\":1200},{\"@type\":\"BreadcrumbList\",\"@id\":\"https:\\\/\\\/tzionlibreria.com\\\/index.php\\\/product\\\/lo-que-debes-hacer-cuando-no-sabes-que-hacer-yesenia-then\\\/#breadcrumb\",\"itemListElement\":[{\"@type\":\"ListItem\",\"position\":1,\"name\":\"Inicio\",\"item\":\"https:\\\/\\\/tzionlibreria.com\\\/\"},{\"@type\":\"ListItem\",\"position\":2,\"name\":\"Shop\",\"item\":\"https:\\\/\\\/tzionlibreria.com\\\/index.php\\\/shop\\\/\"},{\"@type\":\"ListItem\",\"position\":3,\"name\":\"Lo que debes hacer, cuando no sabes que hacer \u2013 Yesenia Then\"}]},{\"@type\":\"WebSite\",\"@id\":\"https:\\\/\\\/tzionlibreria.com\\\/#website\",\"url\":\"https:\\\/\\\/tzionlibreria.com\\\/\",\"name\":\"tzionlibreria.com\",\"description\":\"Libreria Cristiana Venezuela\",\"publisher\":{\"@id\":\"https:\\\/\\\/tzionlibreria.com\\\/#organization\"},\"potentialAction\":[{\"@type\":\"SearchAction\",\"target\":{\"@type\":\"EntryPoint\",\"urlTemplate\":\"https:\\\/\\\/tzionlibreria.com\\\/?s={search_term_string}\"},\"query-input\":{\"@type\":\"PropertyValueSpecification\",\"valueRequired\":true,\"valueName\":\"search_term_string\"}}],\"inLanguage\":\"es-CO\"},{\"@type\":\"Organization\",\"@id\":\"https:\\\/\\\/tzionlibreria.com\\\/#organization\",\"name\":\"tzionlibreria.com\",\"url\":\"https:\\\/\\\/tzionlibreria.com\\\/\",\"logo\":{\"@type\":\"ImageObject\",\"inLanguage\":\"es-CO\",\"@id\":\"https:\\\/\\\/tzionlibreria.com\\\/#\\\/schema\\\/logo\\\/image\\\/\",\"url\":\"https:\\\/\\\/tzionlibreria.com\\\/wp-content\\\/uploads\\\/2023\\\/10\\\/cropped-Cuadricula-scaled-1.jpg\",\"contentUrl\":\"https:\\\/\\\/tzionlibreria.com\\\/wp-content\\\/uploads\\\/2023\\\/10\\\/cropped-Cuadricula-scaled-1.jpg\",\"width\":2560,\"height\":2560,\"caption\":\"tzionlibreria.com\"},\"image\":{\"@id\":\"https:\\\/\\\/tzionlibreria.com\\\/#\\\/schema\\\/logo\\\/image\\\/\"}}]}<\/script>\n<!-- \/ Yoast SEO plugin. -->","yoast_head_json":{"title":"Lo que debes hacer, cuando no sabes que hacer \u2013 Yesenia Then - tzionlibreria.com","robots":{"index":"index","follow":"follow","max-snippet":"max-snippet:-1","max-image-preview":"max-image-preview:large","max-video-preview":"max-video-preview:-1"},"canonical":"https:\/\/tzionlibreria.com\/index.php\/product\/lo-que-debes-hacer-cuando-no-sabes-que-hacer-yesenia-then\/","og_locale":"es_ES","og_type":"article","og_title":"Lo que debes hacer, cuando no sabes que hacer \u2013 Yesenia Then - tzionlibreria.com","og_description":"&nbsp; C\u00f3mo tomar la decisi\u00f3n correcta en momentos de confusi\u00f3n y turbulencia. -Lo que ser\u00e1s ma\u00f1ana, depende de las decisiones que tomes hoy. -El poder de la elecci\u00f3n es una de las m\u00e1s importantes capacidades que tenemos. Pero debemos tener el debido entendimiento para usarla como debemos. Ya que todo lo que hoy somos, es [&hellip;]","og_url":"https:\/\/tzionlibreria.com\/index.php\/product\/lo-que-debes-hacer-cuando-no-sabes-que-hacer-yesenia-then\/","og_site_name":"tzionlibreria.com","article_modified_time":"2025-01-18T16:39:27+00:00","og_image":[{"width":1200,"height":1200,"url":"http:\/\/tzionlibreria.com\/wp-content\/uploads\/2023\/10\/Lo-que-debes-hacer.jpg","type":"image\/jpeg"}],"twitter_card":"summary_large_image","twitter_misc":{"Tiempo de lectura":"2 minutos"},"schema":{"@context":"https:\/\/schema.org","@graph":[{"@type":"WebPage","@id":"https:\/\/tzionlibreria.com\/index.php\/product\/lo-que-debes-hacer-cuando-no-sabes-que-hacer-yesenia-then\/","url":"https:\/\/tzionlibreria.com\/index.php\/product\/lo-que-debes-hacer-cuando-no-sabes-que-hacer-yesenia-then\/","name":"Lo que debes hacer, cuando no sabes que hacer \u2013 Yesenia Then - tzionlibreria.com","isPartOf":{"@id":"https:\/\/tzionlibreria.com\/#website"},"primaryImageOfPage":{"@id":"https:\/\/tzionlibreria.com\/index.php\/product\/lo-que-debes-hacer-cuando-no-sabes-que-hacer-yesenia-then\/#primaryimage"},"image":{"@id":"https:\/\/tzionlibreria.com\/index.php\/product\/lo-que-debes-hacer-cuando-no-sabes-que-hacer-yesenia-then\/#primaryimage"},"thumbnailUrl":"https:\/\/tzionlibreria.com\/wp-content\/uploads\/2023\/10\/Lo-que-debes-hacer.jpg","datePublished":"2023-10-31T22:27:06+00:00","dateModified":"2025-01-18T16:39:27+00:00","breadcrumb":{"@id":"https:\/\/tzionlibreria.com\/index.php\/product\/lo-que-debes-hacer-cuando-no-sabes-que-hacer-yesenia-then\/#breadcrumb"},"inLanguage":"es-CO","potentialAction":[{"@type":"ReadAction","target":["https:\/\/tzionlibreria.com\/index.php\/product\/lo-que-debes-hacer-cuando-no-sabes-que-hacer-yesenia-then\/"]}]},{"@type":"ImageObject","inLanguage":"es-CO","@id":"https:\/\/tzionlibreria.com\/index.php\/product\/lo-que-debes-hacer-cuando-no-sabes-que-hacer-yesenia-then\/#primaryimage","url":"https:\/\/tzionlibreria.com\/wp-content\/uploads\/2023\/10\/Lo-que-debes-hacer.jpg","contentUrl":"https:\/\/tzionlibreria.com\/wp-content\/uploads\/2023\/10\/Lo-que-debes-hacer.jpg","width":1200,"height":1200},{"@type":"BreadcrumbList","@id":"https:\/\/tzionlibreria.com\/index.php\/product\/lo-que-debes-hacer-cuando-no-sabes-que-hacer-yesenia-then\/#breadcrumb","itemListElement":[{"@type":"ListItem","position":1,"name":"Inicio","item":"https:\/\/tzionlibreria.com\/"},{"@type":"ListItem","position":2,"name":"Shop","item":"https:\/\/tzionlibreria.com\/index.php\/shop\/"},{"@type":"ListItem","position":3,"name":"Lo que debes hacer, cuando no sabes que hacer \u2013 Yesenia Then"}]},{"@type":"WebSite","@id":"https:\/\/tzionlibreria.com\/#website","url":"https:\/\/tzionlibreria.com\/","name":"tzionlibreria.com","description":"Libreria Cristiana Venezuela","publisher":{"@id":"https:\/\/tzionlibreria.com\/#organization"},"potentialAction":[{"@type":"SearchAction","target":{"@type":"EntryPoint","urlTemplate":"https:\/\/tzionlibreria.com\/?s={search_term_string}"},"query-input":{"@type":"PropertyValueSpecification","valueRequired":true,"valueName":"search_term_string"}}],"inLanguage":"es-CO"},{"@type":"Organization","@id":"https:\/\/tzionlibreria.com\/#organization","name":"tzionlibreria.com","url":"https:\/\/tzionlibreria.com\/","logo":{"@type":"ImageObject","inLanguage":"es-CO","@id":"https:\/\/tzionlibreria.com\/#\/schema\/logo\/image\/","url":"https:\/\/tzionlibreria.com\/wp-content\/uploads\/2023\/10\/cropped-Cuadricula-scaled-1.jpg","contentUrl":"https:\/\/tzionlibreria.com\/wp-content\/uploads\/2023\/10\/cropped-Cuadricula-scaled-1.jpg","width":2560,"height":2560,"caption":"tzionlibreria.com"},"image":{"@id":"https:\/\/tzionlibreria.com\/#\/schema\/logo\/image\/"}}]}},"jetpack_sharing_enabled":true,"_links":{"self":[{"href":"https:\/\/tzionlibreria.com\/index.php\/wp-json\/wp\/v2\/product\/1051","targetHints":{"allow":["GET"]}}],"collection":[{"href":"https:\/\/tzionlibreria.com\/index.php\/wp-json\/wp\/v2\/product"}],"about":[{"href":"https:\/\/tzionlibreria.com\/index.php\/wp-json\/wp\/v2\/types\/product"}],"replies":[{"embeddable":true,"href":"https:\/\/tzionlibreria.com\/index.php\/wp-json\/wp\/v2\/comments?post=1051"}],"wp:featuredmedia":[{"embeddable":true,"href":"https:\/\/tzionlibreria.com\/index.php\/wp-json\/wp\/v2\/media\/1052"}],"wp:attachment":[{"href":"https:\/\/tzionlibreria.com\/index.php\/wp-json\/wp\/v2\/media?parent=1051"}],"wp:term":[{"taxonomy":"product_brand","embeddable":true,"href":"https:\/\/tzionlibreria.com\/index.php\/wp-json\/wp\/v2\/product_brand?post=1051"},{"taxonomy":"product_cat","embeddable":true,"href":"https:\/\/tzionlibreria.com\/index.php\/wp-json\/wp\/v2\/product_cat?post=1051"},{"taxonomy":"product_tag","embeddable":true,"href":"https:\/\/tzionlibreria.com\/index.php\/wp-json\/wp\/v2\/product_tag?post=1051"}],"curies":[{"name":"wp","href":"https:\/\/api.w.org\/{rel}","templated":true}]}}