{"id":1059,"date":"2023-10-31T22:56:40","date_gmt":"2023-10-31T22:56:40","guid":{"rendered":"https:\/\/tzionlibreria.com\/?post_type=product&#038;p=1059"},"modified":"2024-02-29T17:10:54","modified_gmt":"2024-02-29T17:10:54","slug":"dios-tiene-un-proposito-contigo-robert-green","status":"publish","type":"product","link":"https:\/\/tzionlibreria.com\/index.php\/product\/dios-tiene-un-proposito-contigo-robert-green\/","title":{"rendered":"Dios Tiene un Prop\u00f3sito Contigo \u2013 Robert Green"},"content":{"rendered":"<div class=\"ast-oembed-container \" style=\"height: 100%;\"><iframe title=\"Dios Tiene un Prop\u00f3sito Contigo \u2013 Robert Green\" width=\"500\" height=\"281\" src=\"https:\/\/www.youtube.com\/embed\/SQwtrG1rCac?feature=oembed\" frameborder=\"0\" allow=\"accelerometer; autoplay; clipboard-write; encrypted-media; gyroscope; picture-in-picture; web-share\" referrerpolicy=\"strict-origin-when-cross-origin\" allowfullscreen><\/iframe><\/div>\n<p>&nbsp;<\/p>\n<p>Dios tiene un prop\u00f3sito contigo. Encontrar tu prop\u00f3sito en la vida es una de las tareas m\u00e1s dif\u00edciles de lograr si pretendes hacerlo solo. Pero al descubrir el amor de Padre, todo comienza a aclararse y con mayor facilidad comprendes el plan que ha dise\u00f1ado para cada temporada de tu vida hasta alcanzar el dise\u00f1o para el que fuiste llamado.<\/p>\n<p>En \u00abDIOS TIENE UN PROP\u00d3SITO CONTIGO\u00bb, el l\u00edder de adoraci\u00f3n y cantante de la agrupaci\u00f3n BARAK cambia brevemente el estudio de grabaci\u00f3n y las tarimas por el escritorio de su habitaci\u00f3n, para contarnos un viaje a trav\u00e9s de los sue\u00f1os y la realidad para encontrar el prop\u00f3sito de Dios para su vida.<\/p>\n<p>Adem\u00e1s de relatarnos las vicisitudes que enfrent\u00f3 antes y despu\u00e9s de los escenarios, nos ense\u00f1a la importancia de la intimidad, la restauraci\u00f3n y la comuni\u00f3n con el Esp\u00edritu Santo, as\u00ed como el deseo del Padre de cumplir su plan en nosotros d\u00e1ndonos dones, identidad y un sonido aut\u00e9ntico.<br \/>\nHa sido largo el camino que Robert Green emprendi\u00f3 para plasmar en letras lo que en carne propia experiment\u00f3 con Dios y c\u00f3mo despu\u00e9s de diferentes sucesos encontr\u00f3 el prop\u00f3sito para su vida.<\/p>\n<p><span class=\"a-list-item\"><span class=\"a-text-bold\"><strong>ISBN<\/strong>: \u200e\u00a0<\/span>9781513663418<\/span><\/p>\n","protected":false},"excerpt":{"rendered":"<p>&nbsp; Dios tiene un prop\u00f3sito contigo. Encontrar tu prop\u00f3sito en la vida es una de las tareas m\u00e1s dif\u00edciles de lograr si pretendes hacerlo solo. Pero al descubrir el amor de Padre, todo comienza a aclararse y con mayor facilidad comprendes el plan que ha dise\u00f1ado para cada temporada de tu vida hasta alcanzar el [&hellip;]<\/p>\n","protected":false},"featured_media":1060,"comment_status":"open","ping_status":"closed","template":"","meta":{"om_disable_all_campaigns":false,"_monsterinsights_skip_tracking":false,"_monsterinsights_sitenote_active":false,"_monsterinsights_sitenote_note":"","_monsterinsights_sitenote_category":0,"site-sidebar-layout":"default","site-content-layout":"","ast-site-content-layout":"default","site-content-style":"default","site-sidebar-style":"default","ast-global-header-display":"","ast-banner-title-visibility":"","ast-main-header-display":"","ast-hfb-above-header-display":"","ast-hfb-below-header-display":"","ast-hfb-mobile-header-display":"","site-post-title":"","ast-breadcrumbs-content":"","ast-featured-img":"","footer-sml-layout":"","ast-disable-related-posts":"","theme-transparent-header-meta":"default","adv-header-id-meta":"","stick-header-meta":"","header-above-stick-meta":"","header-main-stick-meta":"","header-below-stick-meta":"","astra-migrate-meta-layouts":"set","ast-page-background-enabled":"default","ast-page-background-meta":{"desktop":{"background-color":"var(--ast-global-color-4)","background-image":"","background-repeat":"repeat","background-position":"center center","background-size":"auto","background-attachment":"scroll","background-type":"","background-media":"","overlay-type":"","overlay-color":"","overlay-opacity":"","overlay-gradient":""},"tablet":{"background-color":"","background-image":"","background-repeat":"repeat","background-position":"center center","background-size":"auto","background-attachment":"scroll","background-type":"","background-media":"","overlay-type":"","overlay-color":"","overlay-opacity":"","overlay-gradient":""},"mobile":{"background-color":"","background-image":"","background-repeat":"repeat","background-position":"center center","background-size":"auto","background-attachment":"scroll","background-type":"","background-media":"","overlay-type":"","overlay-color":"","overlay-opacity":"","overlay-gradient":""}},"ast-content-background-meta":{"desktop":{"background-color":"var(--ast-global-color-5)","background-image":"","background-repeat":"repeat","background-position":"center center","background-size":"auto","background-attachment":"scroll","background-type":"","background-media":"","overlay-type":"","overlay-color":"","overlay-opacity":"","overlay-gradient":""},"tablet":{"background-color":"var(--ast-global-color-5)","background-image":"","background-repeat":"repeat","background-position":"center center","background-size":"auto","background-attachment":"scroll","background-type":"","background-media":"","overlay-type":"","overlay-color":"","overlay-opacity":"","overlay-gradient":""},"mobile":{"background-color":"var(--ast-global-color-5)","background-image":"","background-repeat":"repeat","background-position":"center center","background-size":"auto","background-attachment":"scroll","background-type":"","background-media":"","overlay-type":"","overlay-color":"","overlay-opacity":"","overlay-gradient":""}}},"product_brand":[],"product_cat":[23],"product_tag":[136],"class_list":{"0":"post-1059","1":"product","2":"type-product","3":"status-publish","4":"has-post-thumbnail","6":"product_cat-libros","7":"product_tag-robert-green","8":"desktop-align-left","9":"tablet-align-left","10":"mobile-align-left","12":"first","13":"instock","14":"shipping-taxable","15":"purchasable","16":"product-type-simple"},"yoast_head":"<!-- This site is optimized with the Yoast SEO plugin v27.5 - https:\/\/yoast.com\/product\/yoast-seo-wordpress\/ -->\n<title>Dios Tiene un Prop\u00f3sito Contigo \u2013 Robert Green - tzionlibreria.com<\/title>\n<meta name=\"robots\" content=\"index, follow, max-snippet:-1, max-image-preview:large, max-video-preview:-1\" \/>\n<link rel=\"canonical\" href=\"https:\/\/tzionlibreria.com\/index.php\/product\/dios-tiene-un-proposito-contigo-robert-green\/\" \/>\n<meta property=\"og:locale\" content=\"es_ES\" \/>\n<meta property=\"og:type\" content=\"article\" \/>\n<meta property=\"og:title\" content=\"Dios Tiene un Prop\u00f3sito Contigo \u2013 Robert Green - tzionlibreria.com\" \/>\n<meta property=\"og:description\" content=\"&nbsp; Dios tiene un prop\u00f3sito contigo. Encontrar tu prop\u00f3sito en la vida es una de las tareas m\u00e1s dif\u00edciles de lograr si pretendes hacerlo solo. Pero al descubrir el amor de Padre, todo comienza a aclararse y con mayor facilidad comprendes el plan que ha dise\u00f1ado para cada temporada de tu vida hasta alcanzar el [&hellip;]\" \/>\n<meta property=\"og:url\" content=\"https:\/\/tzionlibreria.com\/index.php\/product\/dios-tiene-un-proposito-contigo-robert-green\/\" \/>\n<meta property=\"og:site_name\" content=\"tzionlibreria.com\" \/>\n<meta property=\"article:modified_time\" content=\"2024-02-29T17:10:54+00:00\" \/>\n<meta property=\"og:image\" content=\"http:\/\/tzionlibreria.com\/wp-content\/uploads\/2023\/10\/Dios-tiene-un-proposito.jpg\" \/>\n\t<meta property=\"og:image:width\" content=\"1200\" \/>\n\t<meta property=\"og:image:height\" content=\"1200\" \/>\n\t<meta property=\"og:image:type\" content=\"image\/jpeg\" \/>\n<meta name=\"twitter:card\" content=\"summary_large_image\" \/>\n<meta name=\"twitter:label1\" content=\"Tiempo de lectura\" \/>\n\t<meta name=\"twitter:data1\" content=\"2 minutos\" \/>\n<script type=\"application\/ld+json\" class=\"yoast-schema-graph\">{\"@context\":\"https:\\\/\\\/schema.org\",\"@graph\":[{\"@type\":\"WebPage\",\"@id\":\"https:\\\/\\\/tzionlibreria.com\\\/index.php\\\/product\\\/dios-tiene-un-proposito-contigo-robert-green\\\/\",\"url\":\"https:\\\/\\\/tzionlibreria.com\\\/index.php\\\/product\\\/dios-tiene-un-proposito-contigo-robert-green\\\/\",\"name\":\"Dios Tiene un Prop\u00f3sito Contigo \u2013 Robert Green - tzionlibreria.com\",\"isPartOf\":{\"@id\":\"https:\\\/\\\/tzionlibreria.com\\\/#website\"},\"primaryImageOfPage\":{\"@id\":\"https:\\\/\\\/tzionlibreria.com\\\/index.php\\\/product\\\/dios-tiene-un-proposito-contigo-robert-green\\\/#primaryimage\"},\"image\":{\"@id\":\"https:\\\/\\\/tzionlibreria.com\\\/index.php\\\/product\\\/dios-tiene-un-proposito-contigo-robert-green\\\/#primaryimage\"},\"thumbnailUrl\":\"https:\\\/\\\/tzionlibreria.com\\\/wp-content\\\/uploads\\\/2023\\\/10\\\/Dios-tiene-un-proposito.jpg\",\"datePublished\":\"2023-10-31T22:56:40+00:00\",\"dateModified\":\"2024-02-29T17:10:54+00:00\",\"breadcrumb\":{\"@id\":\"https:\\\/\\\/tzionlibreria.com\\\/index.php\\\/product\\\/dios-tiene-un-proposito-contigo-robert-green\\\/#breadcrumb\"},\"inLanguage\":\"es-CO\",\"potentialAction\":[{\"@type\":\"ReadAction\",\"target\":[\"https:\\\/\\\/tzionlibreria.com\\\/index.php\\\/product\\\/dios-tiene-un-proposito-contigo-robert-green\\\/\"]}]},{\"@type\":\"ImageObject\",\"inLanguage\":\"es-CO\",\"@id\":\"https:\\\/\\\/tzionlibreria.com\\\/index.php\\\/product\\\/dios-tiene-un-proposito-contigo-robert-green\\\/#primaryimage\",\"url\":\"https:\\\/\\\/tzionlibreria.com\\\/wp-content\\\/uploads\\\/2023\\\/10\\\/Dios-tiene-un-proposito.jpg\",\"contentUrl\":\"https:\\\/\\\/tzionlibreria.com\\\/wp-content\\\/uploads\\\/2023\\\/10\\\/Dios-tiene-un-proposito.jpg\",\"width\":1200,\"height\":1200},{\"@type\":\"BreadcrumbList\",\"@id\":\"https:\\\/\\\/tzionlibreria.com\\\/index.php\\\/product\\\/dios-tiene-un-proposito-contigo-robert-green\\\/#breadcrumb\",\"itemListElement\":[{\"@type\":\"ListItem\",\"position\":1,\"name\":\"Inicio\",\"item\":\"https:\\\/\\\/tzionlibreria.com\\\/\"},{\"@type\":\"ListItem\",\"position\":2,\"name\":\"Shop\",\"item\":\"https:\\\/\\\/tzionlibreria.com\\\/index.php\\\/shop\\\/\"},{\"@type\":\"ListItem\",\"position\":3,\"name\":\"Dios Tiene un Prop\u00f3sito Contigo \u2013 Robert Green\"}]},{\"@type\":\"WebSite\",\"@id\":\"https:\\\/\\\/tzionlibreria.com\\\/#website\",\"url\":\"https:\\\/\\\/tzionlibreria.com\\\/\",\"name\":\"tzionlibreria.com\",\"description\":\"Libreria Cristiana Venezuela\",\"publisher\":{\"@id\":\"https:\\\/\\\/tzionlibreria.com\\\/#organization\"},\"potentialAction\":[{\"@type\":\"SearchAction\",\"target\":{\"@type\":\"EntryPoint\",\"urlTemplate\":\"https:\\\/\\\/tzionlibreria.com\\\/?s={search_term_string}\"},\"query-input\":{\"@type\":\"PropertyValueSpecification\",\"valueRequired\":true,\"valueName\":\"search_term_string\"}}],\"inLanguage\":\"es-CO\"},{\"@type\":\"Organization\",\"@id\":\"https:\\\/\\\/tzionlibreria.com\\\/#organization\",\"name\":\"tzionlibreria.com\",\"url\":\"https:\\\/\\\/tzionlibreria.com\\\/\",\"logo\":{\"@type\":\"ImageObject\",\"inLanguage\":\"es-CO\",\"@id\":\"https:\\\/\\\/tzionlibreria.com\\\/#\\\/schema\\\/logo\\\/image\\\/\",\"url\":\"https:\\\/\\\/tzionlibreria.com\\\/wp-content\\\/uploads\\\/2023\\\/10\\\/cropped-Cuadricula-scaled-1.jpg\",\"contentUrl\":\"https:\\\/\\\/tzionlibreria.com\\\/wp-content\\\/uploads\\\/2023\\\/10\\\/cropped-Cuadricula-scaled-1.jpg\",\"width\":2560,\"height\":2560,\"caption\":\"tzionlibreria.com\"},\"image\":{\"@id\":\"https:\\\/\\\/tzionlibreria.com\\\/#\\\/schema\\\/logo\\\/image\\\/\"}}]}<\/script>\n<!-- \/ Yoast SEO plugin. -->","yoast_head_json":{"title":"Dios Tiene un Prop\u00f3sito Contigo \u2013 Robert Green - tzionlibreria.com","robots":{"index":"index","follow":"follow","max-snippet":"max-snippet:-1","max-image-preview":"max-image-preview:large","max-video-preview":"max-video-preview:-1"},"canonical":"https:\/\/tzionlibreria.com\/index.php\/product\/dios-tiene-un-proposito-contigo-robert-green\/","og_locale":"es_ES","og_type":"article","og_title":"Dios Tiene un Prop\u00f3sito Contigo \u2013 Robert Green - tzionlibreria.com","og_description":"&nbsp; Dios tiene un prop\u00f3sito contigo. Encontrar tu prop\u00f3sito en la vida es una de las tareas m\u00e1s dif\u00edciles de lograr si pretendes hacerlo solo. Pero al descubrir el amor de Padre, todo comienza a aclararse y con mayor facilidad comprendes el plan que ha dise\u00f1ado para cada temporada de tu vida hasta alcanzar el [&hellip;]","og_url":"https:\/\/tzionlibreria.com\/index.php\/product\/dios-tiene-un-proposito-contigo-robert-green\/","og_site_name":"tzionlibreria.com","article_modified_time":"2024-02-29T17:10:54+00:00","og_image":[{"width":1200,"height":1200,"url":"http:\/\/tzionlibreria.com\/wp-content\/uploads\/2023\/10\/Dios-tiene-un-proposito.jpg","type":"image\/jpeg"}],"twitter_card":"summary_large_image","twitter_misc":{"Tiempo de lectura":"2 minutos"},"schema":{"@context":"https:\/\/schema.org","@graph":[{"@type":"WebPage","@id":"https:\/\/tzionlibreria.com\/index.php\/product\/dios-tiene-un-proposito-contigo-robert-green\/","url":"https:\/\/tzionlibreria.com\/index.php\/product\/dios-tiene-un-proposito-contigo-robert-green\/","name":"Dios Tiene un Prop\u00f3sito Contigo \u2013 Robert Green - tzionlibreria.com","isPartOf":{"@id":"https:\/\/tzionlibreria.com\/#website"},"primaryImageOfPage":{"@id":"https:\/\/tzionlibreria.com\/index.php\/product\/dios-tiene-un-proposito-contigo-robert-green\/#primaryimage"},"image":{"@id":"https:\/\/tzionlibreria.com\/index.php\/product\/dios-tiene-un-proposito-contigo-robert-green\/#primaryimage"},"thumbnailUrl":"https:\/\/tzionlibreria.com\/wp-content\/uploads\/2023\/10\/Dios-tiene-un-proposito.jpg","datePublished":"2023-10-31T22:56:40+00:00","dateModified":"2024-02-29T17:10:54+00:00","breadcrumb":{"@id":"https:\/\/tzionlibreria.com\/index.php\/product\/dios-tiene-un-proposito-contigo-robert-green\/#breadcrumb"},"inLanguage":"es-CO","potentialAction":[{"@type":"ReadAction","target":["https:\/\/tzionlibreria.com\/index.php\/product\/dios-tiene-un-proposito-contigo-robert-green\/"]}]},{"@type":"ImageObject","inLanguage":"es-CO","@id":"https:\/\/tzionlibreria.com\/index.php\/product\/dios-tiene-un-proposito-contigo-robert-green\/#primaryimage","url":"https:\/\/tzionlibreria.com\/wp-content\/uploads\/2023\/10\/Dios-tiene-un-proposito.jpg","contentUrl":"https:\/\/tzionlibreria.com\/wp-content\/uploads\/2023\/10\/Dios-tiene-un-proposito.jpg","width":1200,"height":1200},{"@type":"BreadcrumbList","@id":"https:\/\/tzionlibreria.com\/index.php\/product\/dios-tiene-un-proposito-contigo-robert-green\/#breadcrumb","itemListElement":[{"@type":"ListItem","position":1,"name":"Inicio","item":"https:\/\/tzionlibreria.com\/"},{"@type":"ListItem","position":2,"name":"Shop","item":"https:\/\/tzionlibreria.com\/index.php\/shop\/"},{"@type":"ListItem","position":3,"name":"Dios Tiene un Prop\u00f3sito Contigo \u2013 Robert Green"}]},{"@type":"WebSite","@id":"https:\/\/tzionlibreria.com\/#website","url":"https:\/\/tzionlibreria.com\/","name":"tzionlibreria.com","description":"Libreria Cristiana Venezuela","publisher":{"@id":"https:\/\/tzionlibreria.com\/#organization"},"potentialAction":[{"@type":"SearchAction","target":{"@type":"EntryPoint","urlTemplate":"https:\/\/tzionlibreria.com\/?s={search_term_string}"},"query-input":{"@type":"PropertyValueSpecification","valueRequired":true,"valueName":"search_term_string"}}],"inLanguage":"es-CO"},{"@type":"Organization","@id":"https:\/\/tzionlibreria.com\/#organization","name":"tzionlibreria.com","url":"https:\/\/tzionlibreria.com\/","logo":{"@type":"ImageObject","inLanguage":"es-CO","@id":"https:\/\/tzionlibreria.com\/#\/schema\/logo\/image\/","url":"https:\/\/tzionlibreria.com\/wp-content\/uploads\/2023\/10\/cropped-Cuadricula-scaled-1.jpg","contentUrl":"https:\/\/tzionlibreria.com\/wp-content\/uploads\/2023\/10\/cropped-Cuadricula-scaled-1.jpg","width":2560,"height":2560,"caption":"tzionlibreria.com"},"image":{"@id":"https:\/\/tzionlibreria.com\/#\/schema\/logo\/image\/"}}]}},"jetpack_sharing_enabled":true,"_links":{"self":[{"href":"https:\/\/tzionlibreria.com\/index.php\/wp-json\/wp\/v2\/product\/1059","targetHints":{"allow":["GET"]}}],"collection":[{"href":"https:\/\/tzionlibreria.com\/index.php\/wp-json\/wp\/v2\/product"}],"about":[{"href":"https:\/\/tzionlibreria.com\/index.php\/wp-json\/wp\/v2\/types\/product"}],"replies":[{"embeddable":true,"href":"https:\/\/tzionlibreria.com\/index.php\/wp-json\/wp\/v2\/comments?post=1059"}],"wp:featuredmedia":[{"embeddable":true,"href":"https:\/\/tzionlibreria.com\/index.php\/wp-json\/wp\/v2\/media\/1060"}],"wp:attachment":[{"href":"https:\/\/tzionlibreria.com\/index.php\/wp-json\/wp\/v2\/media?parent=1059"}],"wp:term":[{"taxonomy":"product_brand","embeddable":true,"href":"https:\/\/tzionlibreria.com\/index.php\/wp-json\/wp\/v2\/product_brand?post=1059"},{"taxonomy":"product_cat","embeddable":true,"href":"https:\/\/tzionlibreria.com\/index.php\/wp-json\/wp\/v2\/product_cat?post=1059"},{"taxonomy":"product_tag","embeddable":true,"href":"https:\/\/tzionlibreria.com\/index.php\/wp-json\/wp\/v2\/product_tag?post=1059"}],"curies":[{"name":"wp","href":"https:\/\/api.w.org\/{rel}","templated":true}]}}