{"id":1065,"date":"2023-10-31T23:24:25","date_gmt":"2023-10-31T23:24:25","guid":{"rendered":"https:\/\/tzionlibreria.com\/?post_type=product&#038;p=1065"},"modified":"2025-03-19T12:37:16","modified_gmt":"2025-03-19T12:37:16","slug":"el-secreto-de-salomon-edwin-castro","status":"publish","type":"product","link":"https:\/\/tzionlibreria.com\/index.php\/product\/el-secreto-de-salomon-edwin-castro\/","title":{"rendered":"El Secreto De Salom\u00f3n &#8211; Edwin Castro"},"content":{"rendered":"<div class=\"woocommerce-tabs wc-tabs-wrapper\">\n<div id=\"tab-description\" class=\"woocommerce-Tabs-panel woocommerce-Tabs-panel--description panel entry-content wc-tab\" role=\"tabpanel\" aria-labelledby=\"tab-title-description\">\n<h6 class=\"product-subtitle\">Si tuviese la oportunidad de sentarse a la mesa con el rey Salom\u00f3n, quien es conocido como el hombre m\u00e1s sabio y adinerado de la historia, \u00bfqu\u00e9 le preguntar\u00eda? El pastor Edwin Castro se hizo la misma pregunta y recopil\u00f3 las ense\u00f1anzas de la Biblia sobre c\u00f3mo este personaje hist\u00f3rico manej\u00f3 sus ense\u00f1anzas.<\/h6>\n<div class=\"ProductDetailGroup\">\n<div id=\"rateit\" class=\"rateit rateProduct rateit-bg\" data-rateit-max=\"5\" data-rateit-ispreset=\"true\" data-rateit-step=\"1\" data-pid=\"33284\" data-rateit-readonly=\"true\" data-uid=\"0\" data-rateit-value=\"0.0\" data-rateit-resetable=\"false\">\n<div id=\"rateit-range-2\" class=\"rateit-range\" tabindex=\"0\" role=\"slider\" aria-label=\"rating\" aria-owns=\"rateit-reset-2\" aria-valuemin=\"0\" aria-valuemax=\"5\" aria-valuenow=\"0\" aria-readonly=\"true\">\n<div class=\"rateit-hover\">\n<div><\/div>\n<div>En \u201cEl secreto de Salom\u00f3n\u201d Castro comparte principios que le ayudar\u00e1n a ser un mejor mayordomo de los recursos que tiene en sus manos.<\/div>\n<div><\/div>\n<div>Adem\u00e1s, aprender\u00e1:<\/div>\n<div>. C\u00f3mo implementar h\u00e1bitos saludables en sus finanzas.<\/div>\n<div>. El efecto que tiene su car\u00e1cter en el manejo del dinero.<\/div>\n<div>. A tomar decisiones que producir\u00e1n acciones.<\/div>\n<div>. \u00a1Y mucho m\u00e1s!<\/div>\n<div><\/div>\n<div>Transforme su futuro y genere un nuevo ADN financiero en usted y sus generaciones.<\/div>\n<div><\/div>\n<div><strong>ISBN<\/strong>: 9781629993416<br \/>\n<strong>Editorial<\/strong>: Casa Creaci\u00f3n<br \/>\n<strong>Dimensiones<\/strong>: 104 x 201 x 14 mm<br \/>\n<strong>Peso<\/strong>: 0,202kg<br \/>\n<strong>Cubierta<\/strong>: R\u00fastica<br \/>\n<strong>Idioma<\/strong>: Espa\u00f1ol<\/div>\n<\/div>\n<\/div>\n<\/div>\n<\/div>\n<\/div>\n<\/div>\n","protected":false},"excerpt":{"rendered":"<p>Si tuviese la oportunidad de sentarse a la mesa con el rey Salom\u00f3n, quien es conocido como el hombre m\u00e1s sabio y adinerado de la historia, \u00bfqu\u00e9 le preguntar\u00eda? El pastor Edwin Castro se hizo la misma pregunta y recopil\u00f3 las ense\u00f1anzas de la Biblia sobre c\u00f3mo este personaje hist\u00f3rico manej\u00f3 sus ense\u00f1anzas. En \u201cEl [&hellip;]<\/p>\n","protected":false},"featured_media":1024,"comment_status":"open","ping_status":"closed","template":"","meta":{"om_disable_all_campaigns":false,"_monsterinsights_skip_tracking":false,"_monsterinsights_sitenote_active":false,"_monsterinsights_sitenote_note":"","_monsterinsights_sitenote_category":0,"site-sidebar-layout":"default","site-content-layout":"","ast-site-content-layout":"default","site-content-style":"default","site-sidebar-style":"default","ast-global-header-display":"","ast-banner-title-visibility":"","ast-main-header-display":"","ast-hfb-above-header-display":"","ast-hfb-below-header-display":"","ast-hfb-mobile-header-display":"","site-post-title":"","ast-breadcrumbs-content":"","ast-featured-img":"","footer-sml-layout":"","ast-disable-related-posts":"","theme-transparent-header-meta":"default","adv-header-id-meta":"","stick-header-meta":"","header-above-stick-meta":"","header-main-stick-meta":"","header-below-stick-meta":"","astra-migrate-meta-layouts":"set","ast-page-background-enabled":"default","ast-page-background-meta":{"desktop":{"background-color":"var(--ast-global-color-4)","background-image":"","background-repeat":"repeat","background-position":"center center","background-size":"auto","background-attachment":"scroll","background-type":"","background-media":"","overlay-type":"","overlay-color":"","overlay-opacity":"","overlay-gradient":""},"tablet":{"background-color":"","background-image":"","background-repeat":"repeat","background-position":"center center","background-size":"auto","background-attachment":"scroll","background-type":"","background-media":"","overlay-type":"","overlay-color":"","overlay-opacity":"","overlay-gradient":""},"mobile":{"background-color":"","background-image":"","background-repeat":"repeat","background-position":"center center","background-size":"auto","background-attachment":"scroll","background-type":"","background-media":"","overlay-type":"","overlay-color":"","overlay-opacity":"","overlay-gradient":""}},"ast-content-background-meta":{"desktop":{"background-color":"var(--ast-global-color-5)","background-image":"","background-repeat":"repeat","background-position":"center center","background-size":"auto","background-attachment":"scroll","background-type":"","background-media":"","overlay-type":"","overlay-color":"","overlay-opacity":"","overlay-gradient":""},"tablet":{"background-color":"var(--ast-global-color-5)","background-image":"","background-repeat":"repeat","background-position":"center center","background-size":"auto","background-attachment":"scroll","background-type":"","background-media":"","overlay-type":"","overlay-color":"","overlay-opacity":"","overlay-gradient":""},"mobile":{"background-color":"var(--ast-global-color-5)","background-image":"","background-repeat":"repeat","background-position":"center center","background-size":"auto","background-attachment":"scroll","background-type":"","background-media":"","overlay-type":"","overlay-color":"","overlay-opacity":"","overlay-gradient":""}}},"product_brand":[],"product_cat":[23,175],"product_tag":[139,140],"class_list":{"0":"post-1065","1":"product","2":"type-product","3":"status-publish","4":"has-post-thumbnail","6":"product_cat-libros","7":"product_cat-liderazgo","8":"product_tag-edwin-castro","9":"product_tag-finanzas","10":"desktop-align-left","11":"tablet-align-left","12":"mobile-align-left","14":"first","15":"outofstock","16":"shipping-taxable","17":"purchasable","18":"product-type-simple"},"yoast_head":"<!-- This site is optimized with the Yoast SEO plugin v27.4 - https:\/\/yoast.com\/product\/yoast-seo-wordpress\/ -->\n<title>El Secreto De Salom\u00f3n - Edwin Castro - tzionlibreria.com<\/title>\n<meta name=\"description\" content=\"En \u201cEl secreto de Salom\u00f3n\u201d Castro comparte principios que le ayudar\u00e1n a ser un mejor mayordomo de los recursos que tiene en sus manos.\" \/>\n<meta name=\"robots\" content=\"index, follow, max-snippet:-1, max-image-preview:large, max-video-preview:-1\" \/>\n<link rel=\"canonical\" href=\"https:\/\/tzionlibreria.com\/index.php\/product\/el-secreto-de-salomon-edwin-castro\/\" \/>\n<meta property=\"og:locale\" content=\"es_ES\" \/>\n<meta property=\"og:type\" content=\"article\" \/>\n<meta property=\"og:title\" content=\"El Secreto De Salom\u00f3n - Edwin Castro - tzionlibreria.com\" \/>\n<meta property=\"og:description\" content=\"En \u201cEl secreto de Salom\u00f3n\u201d Castro comparte principios que le ayudar\u00e1n a ser un mejor mayordomo de los recursos que tiene en sus manos.\" \/>\n<meta property=\"og:url\" content=\"https:\/\/tzionlibreria.com\/index.php\/product\/el-secreto-de-salomon-edwin-castro\/\" \/>\n<meta property=\"og:site_name\" content=\"tzionlibreria.com\" \/>\n<meta property=\"article:modified_time\" content=\"2025-03-19T12:37:16+00:00\" \/>\n<meta property=\"og:image\" content=\"http:\/\/tzionlibreria.com\/wp-content\/uploads\/2023\/10\/50.png\" \/>\n\t<meta property=\"og:image:width\" content=\"1080\" \/>\n\t<meta property=\"og:image:height\" content=\"1080\" \/>\n\t<meta property=\"og:image:type\" content=\"image\/png\" \/>\n<meta name=\"twitter:card\" content=\"summary_large_image\" \/>\n<meta name=\"twitter:label1\" content=\"Tiempo de lectura\" \/>\n\t<meta name=\"twitter:data1\" content=\"1 minuto\" \/>\n<script type=\"application\/ld+json\" class=\"yoast-schema-graph\">{\"@context\":\"https:\\\/\\\/schema.org\",\"@graph\":[{\"@type\":\"WebPage\",\"@id\":\"https:\\\/\\\/tzionlibreria.com\\\/index.php\\\/product\\\/el-secreto-de-salomon-edwin-castro\\\/\",\"url\":\"https:\\\/\\\/tzionlibreria.com\\\/index.php\\\/product\\\/el-secreto-de-salomon-edwin-castro\\\/\",\"name\":\"El Secreto De Salom\u00f3n - Edwin Castro - tzionlibreria.com\",\"isPartOf\":{\"@id\":\"https:\\\/\\\/tzionlibreria.com\\\/#website\"},\"primaryImageOfPage\":{\"@id\":\"https:\\\/\\\/tzionlibreria.com\\\/index.php\\\/product\\\/el-secreto-de-salomon-edwin-castro\\\/#primaryimage\"},\"image\":{\"@id\":\"https:\\\/\\\/tzionlibreria.com\\\/index.php\\\/product\\\/el-secreto-de-salomon-edwin-castro\\\/#primaryimage\"},\"thumbnailUrl\":\"https:\\\/\\\/tzionlibreria.com\\\/wp-content\\\/uploads\\\/2023\\\/10\\\/50.png\",\"datePublished\":\"2023-10-31T23:24:25+00:00\",\"dateModified\":\"2025-03-19T12:37:16+00:00\",\"description\":\"En \u201cEl secreto de Salom\u00f3n\u201d Castro comparte principios que le ayudar\u00e1n a ser un mejor mayordomo de los recursos que tiene en sus manos.\",\"breadcrumb\":{\"@id\":\"https:\\\/\\\/tzionlibreria.com\\\/index.php\\\/product\\\/el-secreto-de-salomon-edwin-castro\\\/#breadcrumb\"},\"inLanguage\":\"es-CO\",\"potentialAction\":[{\"@type\":\"ReadAction\",\"target\":[\"https:\\\/\\\/tzionlibreria.com\\\/index.php\\\/product\\\/el-secreto-de-salomon-edwin-castro\\\/\"]}]},{\"@type\":\"ImageObject\",\"inLanguage\":\"es-CO\",\"@id\":\"https:\\\/\\\/tzionlibreria.com\\\/index.php\\\/product\\\/el-secreto-de-salomon-edwin-castro\\\/#primaryimage\",\"url\":\"https:\\\/\\\/tzionlibreria.com\\\/wp-content\\\/uploads\\\/2023\\\/10\\\/50.png\",\"contentUrl\":\"https:\\\/\\\/tzionlibreria.com\\\/wp-content\\\/uploads\\\/2023\\\/10\\\/50.png\",\"width\":1080,\"height\":1080},{\"@type\":\"BreadcrumbList\",\"@id\":\"https:\\\/\\\/tzionlibreria.com\\\/index.php\\\/product\\\/el-secreto-de-salomon-edwin-castro\\\/#breadcrumb\",\"itemListElement\":[{\"@type\":\"ListItem\",\"position\":1,\"name\":\"Inicio\",\"item\":\"https:\\\/\\\/tzionlibreria.com\\\/\"},{\"@type\":\"ListItem\",\"position\":2,\"name\":\"Shop\",\"item\":\"https:\\\/\\\/tzionlibreria.com\\\/index.php\\\/shop\\\/\"},{\"@type\":\"ListItem\",\"position\":3,\"name\":\"El Secreto De Salom\u00f3n &#8211; Edwin Castro\"}]},{\"@type\":\"WebSite\",\"@id\":\"https:\\\/\\\/tzionlibreria.com\\\/#website\",\"url\":\"https:\\\/\\\/tzionlibreria.com\\\/\",\"name\":\"tzionlibreria.com\",\"description\":\"Libreria Cristiana Venezuela\",\"publisher\":{\"@id\":\"https:\\\/\\\/tzionlibreria.com\\\/#organization\"},\"potentialAction\":[{\"@type\":\"SearchAction\",\"target\":{\"@type\":\"EntryPoint\",\"urlTemplate\":\"https:\\\/\\\/tzionlibreria.com\\\/?s={search_term_string}\"},\"query-input\":{\"@type\":\"PropertyValueSpecification\",\"valueRequired\":true,\"valueName\":\"search_term_string\"}}],\"inLanguage\":\"es-CO\"},{\"@type\":\"Organization\",\"@id\":\"https:\\\/\\\/tzionlibreria.com\\\/#organization\",\"name\":\"tzionlibreria.com\",\"url\":\"https:\\\/\\\/tzionlibreria.com\\\/\",\"logo\":{\"@type\":\"ImageObject\",\"inLanguage\":\"es-CO\",\"@id\":\"https:\\\/\\\/tzionlibreria.com\\\/#\\\/schema\\\/logo\\\/image\\\/\",\"url\":\"https:\\\/\\\/tzionlibreria.com\\\/wp-content\\\/uploads\\\/2023\\\/10\\\/cropped-Cuadricula-scaled-1.jpg\",\"contentUrl\":\"https:\\\/\\\/tzionlibreria.com\\\/wp-content\\\/uploads\\\/2023\\\/10\\\/cropped-Cuadricula-scaled-1.jpg\",\"width\":2560,\"height\":2560,\"caption\":\"tzionlibreria.com\"},\"image\":{\"@id\":\"https:\\\/\\\/tzionlibreria.com\\\/#\\\/schema\\\/logo\\\/image\\\/\"}}]}<\/script>\n<!-- \/ Yoast SEO plugin. -->","yoast_head_json":{"title":"El Secreto De Salom\u00f3n - Edwin Castro - tzionlibreria.com","description":"En \u201cEl secreto de Salom\u00f3n\u201d Castro comparte principios que le ayudar\u00e1n a ser un mejor mayordomo de los recursos que tiene en sus manos.","robots":{"index":"index","follow":"follow","max-snippet":"max-snippet:-1","max-image-preview":"max-image-preview:large","max-video-preview":"max-video-preview:-1"},"canonical":"https:\/\/tzionlibreria.com\/index.php\/product\/el-secreto-de-salomon-edwin-castro\/","og_locale":"es_ES","og_type":"article","og_title":"El Secreto De Salom\u00f3n - Edwin Castro - tzionlibreria.com","og_description":"En \u201cEl secreto de Salom\u00f3n\u201d Castro comparte principios que le ayudar\u00e1n a ser un mejor mayordomo de los recursos que tiene en sus manos.","og_url":"https:\/\/tzionlibreria.com\/index.php\/product\/el-secreto-de-salomon-edwin-castro\/","og_site_name":"tzionlibreria.com","article_modified_time":"2025-03-19T12:37:16+00:00","og_image":[{"width":1080,"height":1080,"url":"http:\/\/tzionlibreria.com\/wp-content\/uploads\/2023\/10\/50.png","type":"image\/png"}],"twitter_card":"summary_large_image","twitter_misc":{"Tiempo de lectura":"1 minuto"},"schema":{"@context":"https:\/\/schema.org","@graph":[{"@type":"WebPage","@id":"https:\/\/tzionlibreria.com\/index.php\/product\/el-secreto-de-salomon-edwin-castro\/","url":"https:\/\/tzionlibreria.com\/index.php\/product\/el-secreto-de-salomon-edwin-castro\/","name":"El Secreto De Salom\u00f3n - Edwin Castro - tzionlibreria.com","isPartOf":{"@id":"https:\/\/tzionlibreria.com\/#website"},"primaryImageOfPage":{"@id":"https:\/\/tzionlibreria.com\/index.php\/product\/el-secreto-de-salomon-edwin-castro\/#primaryimage"},"image":{"@id":"https:\/\/tzionlibreria.com\/index.php\/product\/el-secreto-de-salomon-edwin-castro\/#primaryimage"},"thumbnailUrl":"https:\/\/tzionlibreria.com\/wp-content\/uploads\/2023\/10\/50.png","datePublished":"2023-10-31T23:24:25+00:00","dateModified":"2025-03-19T12:37:16+00:00","description":"En \u201cEl secreto de Salom\u00f3n\u201d Castro comparte principios que le ayudar\u00e1n a ser un mejor mayordomo de los recursos que tiene en sus manos.","breadcrumb":{"@id":"https:\/\/tzionlibreria.com\/index.php\/product\/el-secreto-de-salomon-edwin-castro\/#breadcrumb"},"inLanguage":"es-CO","potentialAction":[{"@type":"ReadAction","target":["https:\/\/tzionlibreria.com\/index.php\/product\/el-secreto-de-salomon-edwin-castro\/"]}]},{"@type":"ImageObject","inLanguage":"es-CO","@id":"https:\/\/tzionlibreria.com\/index.php\/product\/el-secreto-de-salomon-edwin-castro\/#primaryimage","url":"https:\/\/tzionlibreria.com\/wp-content\/uploads\/2023\/10\/50.png","contentUrl":"https:\/\/tzionlibreria.com\/wp-content\/uploads\/2023\/10\/50.png","width":1080,"height":1080},{"@type":"BreadcrumbList","@id":"https:\/\/tzionlibreria.com\/index.php\/product\/el-secreto-de-salomon-edwin-castro\/#breadcrumb","itemListElement":[{"@type":"ListItem","position":1,"name":"Inicio","item":"https:\/\/tzionlibreria.com\/"},{"@type":"ListItem","position":2,"name":"Shop","item":"https:\/\/tzionlibreria.com\/index.php\/shop\/"},{"@type":"ListItem","position":3,"name":"El Secreto De Salom\u00f3n &#8211; Edwin Castro"}]},{"@type":"WebSite","@id":"https:\/\/tzionlibreria.com\/#website","url":"https:\/\/tzionlibreria.com\/","name":"tzionlibreria.com","description":"Libreria Cristiana Venezuela","publisher":{"@id":"https:\/\/tzionlibreria.com\/#organization"},"potentialAction":[{"@type":"SearchAction","target":{"@type":"EntryPoint","urlTemplate":"https:\/\/tzionlibreria.com\/?s={search_term_string}"},"query-input":{"@type":"PropertyValueSpecification","valueRequired":true,"valueName":"search_term_string"}}],"inLanguage":"es-CO"},{"@type":"Organization","@id":"https:\/\/tzionlibreria.com\/#organization","name":"tzionlibreria.com","url":"https:\/\/tzionlibreria.com\/","logo":{"@type":"ImageObject","inLanguage":"es-CO","@id":"https:\/\/tzionlibreria.com\/#\/schema\/logo\/image\/","url":"https:\/\/tzionlibreria.com\/wp-content\/uploads\/2023\/10\/cropped-Cuadricula-scaled-1.jpg","contentUrl":"https:\/\/tzionlibreria.com\/wp-content\/uploads\/2023\/10\/cropped-Cuadricula-scaled-1.jpg","width":2560,"height":2560,"caption":"tzionlibreria.com"},"image":{"@id":"https:\/\/tzionlibreria.com\/#\/schema\/logo\/image\/"}}]}},"jetpack_sharing_enabled":true,"_links":{"self":[{"href":"https:\/\/tzionlibreria.com\/index.php\/wp-json\/wp\/v2\/product\/1065","targetHints":{"allow":["GET"]}}],"collection":[{"href":"https:\/\/tzionlibreria.com\/index.php\/wp-json\/wp\/v2\/product"}],"about":[{"href":"https:\/\/tzionlibreria.com\/index.php\/wp-json\/wp\/v2\/types\/product"}],"replies":[{"embeddable":true,"href":"https:\/\/tzionlibreria.com\/index.php\/wp-json\/wp\/v2\/comments?post=1065"}],"wp:featuredmedia":[{"embeddable":true,"href":"https:\/\/tzionlibreria.com\/index.php\/wp-json\/wp\/v2\/media\/1024"}],"wp:attachment":[{"href":"https:\/\/tzionlibreria.com\/index.php\/wp-json\/wp\/v2\/media?parent=1065"}],"wp:term":[{"taxonomy":"product_brand","embeddable":true,"href":"https:\/\/tzionlibreria.com\/index.php\/wp-json\/wp\/v2\/product_brand?post=1065"},{"taxonomy":"product_cat","embeddable":true,"href":"https:\/\/tzionlibreria.com\/index.php\/wp-json\/wp\/v2\/product_cat?post=1065"},{"taxonomy":"product_tag","embeddable":true,"href":"https:\/\/tzionlibreria.com\/index.php\/wp-json\/wp\/v2\/product_tag?post=1065"}],"curies":[{"name":"wp","href":"https:\/\/api.w.org\/{rel}","templated":true}]}}