{"id":1076,"date":"2023-11-01T00:11:18","date_gmt":"2023-11-01T00:11:18","guid":{"rendered":"https:\/\/tzionlibreria.com\/?post_type=product&#038;p=1076"},"modified":"2025-02-15T01:11:58","modified_gmt":"2025-02-15T01:11:58","slug":"renueva-tu-mente-miguel-nunez","status":"publish","type":"product","link":"https:\/\/tzionlibreria.com\/index.php\/product\/renueva-tu-mente-miguel-nunez\/","title":{"rendered":"Renueva Tu Mente &#8211; Miguel N\u00fa\u00f1ez"},"content":{"rendered":"<h6 class=\"product-subtitle\">Una perspectiva b\u00edblica del mundo y de la vida<\/h6>\n<div><\/div>\n<div><strong>Como creyentes, queremos vivir lo que creemos, pero \u00bfqu\u00e9 se nos hace tan dif\u00edcil lograrlo? En Renueva tu mente, el pastor Miguel N\u00fa\u00f1ez nos da el secreto de vivir en medio de la voluntad de Dios y gozar de la plenitud de vida de la cual Cristo nos habl\u00f3.<\/strong><\/div>\n<div><\/div>\n<div>\u00bfPor qu\u00e9 existe la dicotom\u00eda entre lo que el cristiano profesa cuando est\u00e1 en la iglesia y la manera c\u00f3mo vive el resto de la semana? Porque en realidad, no es lo que profesamos lo que determina c\u00f3mo vivimos, sino es la manera en que pensamos lo que determina la manera en que vivimos. La pregunta que surge de inmediato es:<\/div>\n<div><strong>\u00a0<\/strong><\/div>\n<div><strong>\u00ab\u00bfC\u00f3mo lo hago?\u00bb,<\/strong><\/div>\n<div><strong>\u00ab\u00bfC\u00f3mo cambiar lo que pienso y vivir lo que creo?\u00bb<\/strong><\/div>\n<div><\/div>\n<div>En Renueva tu mente, el pastor Miguel N\u00fa\u00f1ez explica c\u00f3mo es posible renovar tu mente y lograr una perspectiva b\u00edblica del mundo y de la vida.Renueva tu mente empieza con conceptos fundamentales de la importancia de tener una propia cosmovisi\u00f3n y entendimiento b\u00e1sico de la apolog\u00e9tica o c\u00f3mo defender tu fe.<\/div>\n<div><\/div>\n<div>La segunda secci\u00f3n del libro nos presenta preguntas fundamentales que todo creyente debe saber responder:<\/div>\n<div>\n<ul>\n<li>\u00bfDe d\u00f3nde vengo?<\/li>\n<li>\u00bfPara qu\u00e9 estoy aqu\u00ed?<\/li>\n<li>\u00bfQui\u00e9n soy?<\/li>\n<li>\u00bfQu\u00e9 es bueno y qu\u00e9 es malo?<\/li>\n<li>\u00bfCre\u00f3 Dios el mal?<\/li>\n<li>\u00bfPara d\u00f3nde voy?<\/li>\n<\/ul>\n<p>El libro concluye con aplicaciones fundamentales de c\u00f3mo vivir para tener el m\u00e1ximo impacto en el mundo.<\/p>\n<\/div>\n<div><\/div>\n<div>El pastor Miguel N\u00fa\u00f1ez te invita a leer con atenci\u00f3n este libro, pero al mismo tiempo, quiere desafiarte a que te dejes examinar por las verdades b\u00edblicas que leer\u00e1s. Tambi\u00e9n te anima a que reemplaces, de una vez y para siempre, cada mentira que tengas asentada en tu coraz\u00f3n con la verdad correspondiente revelada por Dios en su Palabra.<\/div>\n<div><\/div>\n<div>El resultado ser\u00e1 la verificaci\u00f3n de la voluntad de Dios que es buena, aceptable y perfecta. Si al descubrir dicha voluntad decides vivirla, habr\u00e1s encontrado el secreto de la plenitud de vida de la cual habl\u00f3 Cristo.<\/div>\n<div><\/div>\n<div><\/div>\n<div><strong>ISBN<\/strong>: 9780829744507<br \/>\n<strong>Dimensiones<\/strong>: 133 x 209 x 19 mm<br \/>\n<strong>Peso<\/strong>: 0,267kg<br \/>\n<strong>Cubierta<\/strong>: R\u00fastica<br \/>\n<strong>N\u00famero de p\u00e1ginas<\/strong>: 224<br \/>\n<strong>Fecha de lanzamiento<\/strong>: 01.09.2020<br \/>\n<strong>Idioma<\/strong>: Espa\u00f1ol<\/div>\n","protected":false},"excerpt":{"rendered":"<p>Una perspectiva b\u00edblica del mundo y de la vida Como creyentes, queremos vivir lo que creemos, pero \u00bfqu\u00e9 se nos hace tan dif\u00edcil lograrlo? En Renueva tu mente, el pastor Miguel N\u00fa\u00f1ez nos da el secreto de vivir en medio de la voluntad de Dios y gozar de la plenitud de vida de la cual [&hellip;]<\/p>\n","protected":false},"featured_media":1077,"comment_status":"open","ping_status":"closed","template":"","meta":{"om_disable_all_campaigns":false,"_monsterinsights_skip_tracking":false,"_monsterinsights_sitenote_active":false,"_monsterinsights_sitenote_note":"","_monsterinsights_sitenote_category":0,"site-sidebar-layout":"default","site-content-layout":"","ast-site-content-layout":"default","site-content-style":"default","site-sidebar-style":"default","ast-global-header-display":"","ast-banner-title-visibility":"","ast-main-header-display":"","ast-hfb-above-header-display":"","ast-hfb-below-header-display":"","ast-hfb-mobile-header-display":"","site-post-title":"","ast-breadcrumbs-content":"","ast-featured-img":"","footer-sml-layout":"","ast-disable-related-posts":"","theme-transparent-header-meta":"default","adv-header-id-meta":"","stick-header-meta":"","header-above-stick-meta":"","header-main-stick-meta":"","header-below-stick-meta":"","astra-migrate-meta-layouts":"set","ast-page-background-enabled":"default","ast-page-background-meta":{"desktop":{"background-color":"var(--ast-global-color-4)","background-image":"","background-repeat":"repeat","background-position":"center center","background-size":"auto","background-attachment":"scroll","background-type":"","background-media":"","overlay-type":"","overlay-color":"","overlay-opacity":"","overlay-gradient":""},"tablet":{"background-color":"","background-image":"","background-repeat":"repeat","background-position":"center center","background-size":"auto","background-attachment":"scroll","background-type":"","background-media":"","overlay-type":"","overlay-color":"","overlay-opacity":"","overlay-gradient":""},"mobile":{"background-color":"","background-image":"","background-repeat":"repeat","background-position":"center center","background-size":"auto","background-attachment":"scroll","background-type":"","background-media":"","overlay-type":"","overlay-color":"","overlay-opacity":"","overlay-gradient":""}},"ast-content-background-meta":{"desktop":{"background-color":"var(--ast-global-color-5)","background-image":"","background-repeat":"repeat","background-position":"center center","background-size":"auto","background-attachment":"scroll","background-type":"","background-media":"","overlay-type":"","overlay-color":"","overlay-opacity":"","overlay-gradient":""},"tablet":{"background-color":"var(--ast-global-color-5)","background-image":"","background-repeat":"repeat","background-position":"center center","background-size":"auto","background-attachment":"scroll","background-type":"","background-media":"","overlay-type":"","overlay-color":"","overlay-opacity":"","overlay-gradient":""},"mobile":{"background-color":"var(--ast-global-color-5)","background-image":"","background-repeat":"repeat","background-position":"center center","background-size":"auto","background-attachment":"scroll","background-type":"","background-media":"","overlay-type":"","overlay-color":"","overlay-opacity":"","overlay-gradient":""}}},"product_brand":[],"product_cat":[23],"product_tag":[143,76],"class_list":{"0":"post-1076","1":"product","2":"type-product","3":"status-publish","4":"has-post-thumbnail","6":"product_cat-libros","7":"product_tag-mente","8":"product_tag-miguel-nunez","9":"desktop-align-left","10":"tablet-align-left","11":"mobile-align-left","13":"first","14":"outofstock","15":"shipping-taxable","16":"purchasable","17":"product-type-simple"},"yoast_head":"<!-- This site is optimized with the Yoast SEO plugin v27.4 - https:\/\/yoast.com\/product\/yoast-seo-wordpress\/ -->\n<title>Renueva Tu Mente - Miguel N\u00fa\u00f1ez - tzionlibreria.com<\/title>\n<meta name=\"robots\" content=\"index, follow, max-snippet:-1, max-image-preview:large, max-video-preview:-1\" \/>\n<link rel=\"canonical\" href=\"https:\/\/tzionlibreria.com\/index.php\/product\/renueva-tu-mente-miguel-nunez\/\" \/>\n<meta property=\"og:locale\" content=\"es_ES\" \/>\n<meta property=\"og:type\" content=\"article\" \/>\n<meta property=\"og:title\" content=\"Renueva Tu Mente - Miguel N\u00fa\u00f1ez - tzionlibreria.com\" \/>\n<meta property=\"og:description\" content=\"Una perspectiva b\u00edblica del mundo y de la vida Como creyentes, queremos vivir lo que creemos, pero \u00bfqu\u00e9 se nos hace tan dif\u00edcil lograrlo? En Renueva tu mente, el pastor Miguel N\u00fa\u00f1ez nos da el secreto de vivir en medio de la voluntad de Dios y gozar de la plenitud de vida de la cual [&hellip;]\" \/>\n<meta property=\"og:url\" content=\"https:\/\/tzionlibreria.com\/index.php\/product\/renueva-tu-mente-miguel-nunez\/\" \/>\n<meta property=\"og:site_name\" content=\"tzionlibreria.com\" \/>\n<meta property=\"article:modified_time\" content=\"2025-02-15T01:11:58+00:00\" \/>\n<meta property=\"og:image\" content=\"http:\/\/tzionlibreria.com\/wp-content\/uploads\/2023\/11\/Renueva-tu-mente.jpg\" \/>\n\t<meta property=\"og:image:width\" content=\"1200\" \/>\n\t<meta property=\"og:image:height\" content=\"1200\" \/>\n\t<meta property=\"og:image:type\" content=\"image\/jpeg\" \/>\n<meta name=\"twitter:card\" content=\"summary_large_image\" \/>\n<meta name=\"twitter:label1\" content=\"Tiempo de lectura\" \/>\n\t<meta name=\"twitter:data1\" content=\"2 minutos\" \/>\n<script type=\"application\/ld+json\" class=\"yoast-schema-graph\">{\"@context\":\"https:\\\/\\\/schema.org\",\"@graph\":[{\"@type\":\"WebPage\",\"@id\":\"https:\\\/\\\/tzionlibreria.com\\\/index.php\\\/product\\\/renueva-tu-mente-miguel-nunez\\\/\",\"url\":\"https:\\\/\\\/tzionlibreria.com\\\/index.php\\\/product\\\/renueva-tu-mente-miguel-nunez\\\/\",\"name\":\"Renueva Tu Mente - Miguel N\u00fa\u00f1ez - tzionlibreria.com\",\"isPartOf\":{\"@id\":\"https:\\\/\\\/tzionlibreria.com\\\/#website\"},\"primaryImageOfPage\":{\"@id\":\"https:\\\/\\\/tzionlibreria.com\\\/index.php\\\/product\\\/renueva-tu-mente-miguel-nunez\\\/#primaryimage\"},\"image\":{\"@id\":\"https:\\\/\\\/tzionlibreria.com\\\/index.php\\\/product\\\/renueva-tu-mente-miguel-nunez\\\/#primaryimage\"},\"thumbnailUrl\":\"https:\\\/\\\/tzionlibreria.com\\\/wp-content\\\/uploads\\\/2023\\\/11\\\/Renueva-tu-mente.jpg\",\"datePublished\":\"2023-11-01T00:11:18+00:00\",\"dateModified\":\"2025-02-15T01:11:58+00:00\",\"breadcrumb\":{\"@id\":\"https:\\\/\\\/tzionlibreria.com\\\/index.php\\\/product\\\/renueva-tu-mente-miguel-nunez\\\/#breadcrumb\"},\"inLanguage\":\"es-CO\",\"potentialAction\":[{\"@type\":\"ReadAction\",\"target\":[\"https:\\\/\\\/tzionlibreria.com\\\/index.php\\\/product\\\/renueva-tu-mente-miguel-nunez\\\/\"]}]},{\"@type\":\"ImageObject\",\"inLanguage\":\"es-CO\",\"@id\":\"https:\\\/\\\/tzionlibreria.com\\\/index.php\\\/product\\\/renueva-tu-mente-miguel-nunez\\\/#primaryimage\",\"url\":\"https:\\\/\\\/tzionlibreria.com\\\/wp-content\\\/uploads\\\/2023\\\/11\\\/Renueva-tu-mente.jpg\",\"contentUrl\":\"https:\\\/\\\/tzionlibreria.com\\\/wp-content\\\/uploads\\\/2023\\\/11\\\/Renueva-tu-mente.jpg\",\"width\":1200,\"height\":1200},{\"@type\":\"BreadcrumbList\",\"@id\":\"https:\\\/\\\/tzionlibreria.com\\\/index.php\\\/product\\\/renueva-tu-mente-miguel-nunez\\\/#breadcrumb\",\"itemListElement\":[{\"@type\":\"ListItem\",\"position\":1,\"name\":\"Inicio\",\"item\":\"https:\\\/\\\/tzionlibreria.com\\\/\"},{\"@type\":\"ListItem\",\"position\":2,\"name\":\"Shop\",\"item\":\"https:\\\/\\\/tzionlibreria.com\\\/index.php\\\/shop\\\/\"},{\"@type\":\"ListItem\",\"position\":3,\"name\":\"Renueva Tu Mente &#8211; Miguel N\u00fa\u00f1ez\"}]},{\"@type\":\"WebSite\",\"@id\":\"https:\\\/\\\/tzionlibreria.com\\\/#website\",\"url\":\"https:\\\/\\\/tzionlibreria.com\\\/\",\"name\":\"tzionlibreria.com\",\"description\":\"Libreria Cristiana Venezuela\",\"publisher\":{\"@id\":\"https:\\\/\\\/tzionlibreria.com\\\/#organization\"},\"potentialAction\":[{\"@type\":\"SearchAction\",\"target\":{\"@type\":\"EntryPoint\",\"urlTemplate\":\"https:\\\/\\\/tzionlibreria.com\\\/?s={search_term_string}\"},\"query-input\":{\"@type\":\"PropertyValueSpecification\",\"valueRequired\":true,\"valueName\":\"search_term_string\"}}],\"inLanguage\":\"es-CO\"},{\"@type\":\"Organization\",\"@id\":\"https:\\\/\\\/tzionlibreria.com\\\/#organization\",\"name\":\"tzionlibreria.com\",\"url\":\"https:\\\/\\\/tzionlibreria.com\\\/\",\"logo\":{\"@type\":\"ImageObject\",\"inLanguage\":\"es-CO\",\"@id\":\"https:\\\/\\\/tzionlibreria.com\\\/#\\\/schema\\\/logo\\\/image\\\/\",\"url\":\"https:\\\/\\\/tzionlibreria.com\\\/wp-content\\\/uploads\\\/2023\\\/10\\\/cropped-Cuadricula-scaled-1.jpg\",\"contentUrl\":\"https:\\\/\\\/tzionlibreria.com\\\/wp-content\\\/uploads\\\/2023\\\/10\\\/cropped-Cuadricula-scaled-1.jpg\",\"width\":2560,\"height\":2560,\"caption\":\"tzionlibreria.com\"},\"image\":{\"@id\":\"https:\\\/\\\/tzionlibreria.com\\\/#\\\/schema\\\/logo\\\/image\\\/\"}}]}<\/script>\n<!-- \/ Yoast SEO plugin. -->","yoast_head_json":{"title":"Renueva Tu Mente - Miguel N\u00fa\u00f1ez - tzionlibreria.com","robots":{"index":"index","follow":"follow","max-snippet":"max-snippet:-1","max-image-preview":"max-image-preview:large","max-video-preview":"max-video-preview:-1"},"canonical":"https:\/\/tzionlibreria.com\/index.php\/product\/renueva-tu-mente-miguel-nunez\/","og_locale":"es_ES","og_type":"article","og_title":"Renueva Tu Mente - Miguel N\u00fa\u00f1ez - tzionlibreria.com","og_description":"Una perspectiva b\u00edblica del mundo y de la vida Como creyentes, queremos vivir lo que creemos, pero \u00bfqu\u00e9 se nos hace tan dif\u00edcil lograrlo? En Renueva tu mente, el pastor Miguel N\u00fa\u00f1ez nos da el secreto de vivir en medio de la voluntad de Dios y gozar de la plenitud de vida de la cual [&hellip;]","og_url":"https:\/\/tzionlibreria.com\/index.php\/product\/renueva-tu-mente-miguel-nunez\/","og_site_name":"tzionlibreria.com","article_modified_time":"2025-02-15T01:11:58+00:00","og_image":[{"width":1200,"height":1200,"url":"http:\/\/tzionlibreria.com\/wp-content\/uploads\/2023\/11\/Renueva-tu-mente.jpg","type":"image\/jpeg"}],"twitter_card":"summary_large_image","twitter_misc":{"Tiempo de lectura":"2 minutos"},"schema":{"@context":"https:\/\/schema.org","@graph":[{"@type":"WebPage","@id":"https:\/\/tzionlibreria.com\/index.php\/product\/renueva-tu-mente-miguel-nunez\/","url":"https:\/\/tzionlibreria.com\/index.php\/product\/renueva-tu-mente-miguel-nunez\/","name":"Renueva Tu Mente - Miguel N\u00fa\u00f1ez - tzionlibreria.com","isPartOf":{"@id":"https:\/\/tzionlibreria.com\/#website"},"primaryImageOfPage":{"@id":"https:\/\/tzionlibreria.com\/index.php\/product\/renueva-tu-mente-miguel-nunez\/#primaryimage"},"image":{"@id":"https:\/\/tzionlibreria.com\/index.php\/product\/renueva-tu-mente-miguel-nunez\/#primaryimage"},"thumbnailUrl":"https:\/\/tzionlibreria.com\/wp-content\/uploads\/2023\/11\/Renueva-tu-mente.jpg","datePublished":"2023-11-01T00:11:18+00:00","dateModified":"2025-02-15T01:11:58+00:00","breadcrumb":{"@id":"https:\/\/tzionlibreria.com\/index.php\/product\/renueva-tu-mente-miguel-nunez\/#breadcrumb"},"inLanguage":"es-CO","potentialAction":[{"@type":"ReadAction","target":["https:\/\/tzionlibreria.com\/index.php\/product\/renueva-tu-mente-miguel-nunez\/"]}]},{"@type":"ImageObject","inLanguage":"es-CO","@id":"https:\/\/tzionlibreria.com\/index.php\/product\/renueva-tu-mente-miguel-nunez\/#primaryimage","url":"https:\/\/tzionlibreria.com\/wp-content\/uploads\/2023\/11\/Renueva-tu-mente.jpg","contentUrl":"https:\/\/tzionlibreria.com\/wp-content\/uploads\/2023\/11\/Renueva-tu-mente.jpg","width":1200,"height":1200},{"@type":"BreadcrumbList","@id":"https:\/\/tzionlibreria.com\/index.php\/product\/renueva-tu-mente-miguel-nunez\/#breadcrumb","itemListElement":[{"@type":"ListItem","position":1,"name":"Inicio","item":"https:\/\/tzionlibreria.com\/"},{"@type":"ListItem","position":2,"name":"Shop","item":"https:\/\/tzionlibreria.com\/index.php\/shop\/"},{"@type":"ListItem","position":3,"name":"Renueva Tu Mente &#8211; Miguel N\u00fa\u00f1ez"}]},{"@type":"WebSite","@id":"https:\/\/tzionlibreria.com\/#website","url":"https:\/\/tzionlibreria.com\/","name":"tzionlibreria.com","description":"Libreria Cristiana Venezuela","publisher":{"@id":"https:\/\/tzionlibreria.com\/#organization"},"potentialAction":[{"@type":"SearchAction","target":{"@type":"EntryPoint","urlTemplate":"https:\/\/tzionlibreria.com\/?s={search_term_string}"},"query-input":{"@type":"PropertyValueSpecification","valueRequired":true,"valueName":"search_term_string"}}],"inLanguage":"es-CO"},{"@type":"Organization","@id":"https:\/\/tzionlibreria.com\/#organization","name":"tzionlibreria.com","url":"https:\/\/tzionlibreria.com\/","logo":{"@type":"ImageObject","inLanguage":"es-CO","@id":"https:\/\/tzionlibreria.com\/#\/schema\/logo\/image\/","url":"https:\/\/tzionlibreria.com\/wp-content\/uploads\/2023\/10\/cropped-Cuadricula-scaled-1.jpg","contentUrl":"https:\/\/tzionlibreria.com\/wp-content\/uploads\/2023\/10\/cropped-Cuadricula-scaled-1.jpg","width":2560,"height":2560,"caption":"tzionlibreria.com"},"image":{"@id":"https:\/\/tzionlibreria.com\/#\/schema\/logo\/image\/"}}]}},"jetpack_sharing_enabled":true,"_links":{"self":[{"href":"https:\/\/tzionlibreria.com\/index.php\/wp-json\/wp\/v2\/product\/1076","targetHints":{"allow":["GET"]}}],"collection":[{"href":"https:\/\/tzionlibreria.com\/index.php\/wp-json\/wp\/v2\/product"}],"about":[{"href":"https:\/\/tzionlibreria.com\/index.php\/wp-json\/wp\/v2\/types\/product"}],"replies":[{"embeddable":true,"href":"https:\/\/tzionlibreria.com\/index.php\/wp-json\/wp\/v2\/comments?post=1076"}],"wp:featuredmedia":[{"embeddable":true,"href":"https:\/\/tzionlibreria.com\/index.php\/wp-json\/wp\/v2\/media\/1077"}],"wp:attachment":[{"href":"https:\/\/tzionlibreria.com\/index.php\/wp-json\/wp\/v2\/media?parent=1076"}],"wp:term":[{"taxonomy":"product_brand","embeddable":true,"href":"https:\/\/tzionlibreria.com\/index.php\/wp-json\/wp\/v2\/product_brand?post=1076"},{"taxonomy":"product_cat","embeddable":true,"href":"https:\/\/tzionlibreria.com\/index.php\/wp-json\/wp\/v2\/product_cat?post=1076"},{"taxonomy":"product_tag","embeddable":true,"href":"https:\/\/tzionlibreria.com\/index.php\/wp-json\/wp\/v2\/product_tag?post=1076"}],"curies":[{"name":"wp","href":"https:\/\/api.w.org\/{rel}","templated":true}]}}