{"id":1083,"date":"2023-11-01T18:55:22","date_gmt":"2023-11-01T18:55:22","guid":{"rendered":"https:\/\/tzionlibreria.com\/?post_type=product&#038;p=1083"},"modified":"2025-06-05T21:47:15","modified_gmt":"2025-06-05T21:47:15","slug":"biblia-heroes-nvi-tapa-dura","status":"publish","type":"product","link":"https:\/\/tzionlibreria.com\/index.php\/product\/biblia-heroes-nvi-tapa-dura\/","title":{"rendered":"Biblia H\u00e9roes para J\u00f3venes NVI Tapa Dura"},"content":{"rendered":"<h3 data-start=\"189\" data-end=\"245\">\ud83d\udee1\ufe0f <strong data-start=\"197\" data-end=\"243\">Biblia H\u00c9ROES \u2013 La batalla no termina aqu\u00ed<\/strong><\/h3>\n<p data-start=\"246\" data-end=\"360\"><strong data-start=\"246\" data-end=\"360\">\u00abSeremos los primeros en avanzar y los \u00faltimos en retirarnos del campo de batalla. Y todos regresar\u00e1n a casa\u00bb.<\/strong><\/p>\n<p data-start=\"362\" data-end=\"612\">No es una Biblia com\u00fan. Es un <strong data-start=\"392\" data-end=\"415\">llamado a la acci\u00f3n<\/strong>.<br data-start=\"416\" data-end=\"419\" \/>Creada para los <strong data-start=\"435\" data-end=\"456\">l\u00edderes valientes<\/strong> y para quienes est\u00e1n <strong data-start=\"478\" data-end=\"501\">listos para liderar<\/strong>, esta Biblia desaf\u00eda a una generaci\u00f3n a salir a conquistar territorios espirituales con coraje, fe y visi\u00f3n.<\/p>\n<p data-start=\"614\" data-end=\"844\">\ud83d\udcd6 Con potentes notas y art\u00edculos escritos por <strong data-start=\"661\" data-end=\"676\">Dante Gebel<\/strong>, el pastor de los j\u00f3venes, <strong data-start=\"704\" data-end=\"714\">H\u00c9ROES<\/strong> es una Biblia que <strong data-start=\"733\" data-end=\"760\">forma, inspira y equipa<\/strong> a quienes se atreven a ser pioneros en medio de la cr\u00edtica, el riesgo y la batalla.<\/p>\n<hr data-start=\"846\" data-end=\"849\" \/>\n<h3 data-start=\"851\" data-end=\"873\">\u2694\ufe0f <strong data-start=\"858\" data-end=\"873\">Ideal para:<\/strong><\/h3>\n<ul data-start=\"874\" data-end=\"1009\">\n<li data-start=\"874\" data-end=\"906\">\n<p data-start=\"876\" data-end=\"906\">J\u00f3venes apasionados por Dios<\/p>\n<\/li>\n<li data-start=\"907\" data-end=\"939\">\n<p data-start=\"909\" data-end=\"939\">L\u00edderes juveniles y mentores<\/p>\n<\/li>\n<li data-start=\"940\" data-end=\"968\">\n<p data-start=\"942\" data-end=\"968\">Ministerios en formaci\u00f3n<\/p>\n<\/li>\n<li data-start=\"969\" data-end=\"1009\">\n<p data-start=\"971\" data-end=\"1009\">Lectura personal con enfoque misionero<\/p>\n<\/li>\n<\/ul>\n<hr data-start=\"1011\" data-end=\"1014\" \/>\n<h3 data-start=\"1016\" data-end=\"1061\">\ud83d\udd25 <strong data-start=\"1023\" data-end=\"1061\">Lo que encontrar\u00e1s en esta Biblia:<\/strong><\/h3>\n<ul data-start=\"1062\" data-end=\"1295\">\n<li data-start=\"1062\" data-end=\"1108\">\n<p data-start=\"1064\" data-end=\"1108\">Reflexiones transformadoras de Dante Gebel<\/p>\n<\/li>\n<li data-start=\"1109\" data-end=\"1177\">\n<p data-start=\"1111\" data-end=\"1177\">Notas y art\u00edculos dise\u00f1ados para encender el fuego del liderazgo<\/p>\n<\/li>\n<li data-start=\"1178\" data-end=\"1224\">\n<p data-start=\"1180\" data-end=\"1224\">Un lenguaje directo, profundo y desafiante<\/p>\n<\/li>\n<li data-start=\"1225\" data-end=\"1295\">\n<p data-start=\"1227\" data-end=\"1295\">Una herramienta de guerra espiritual para el campo de batalla actual<\/p>\n<\/li>\n<\/ul>\n<hr data-start=\"1297\" data-end=\"1300\" \/>\n<p data-start=\"1302\" data-end=\"1331\">\ud83d\udcd8 <strong data-start=\"1305\" data-end=\"1331\">Detalles del producto:<\/strong><\/p>\n<ul data-start=\"1332\" data-end=\"1408\">\n<li data-start=\"1332\" data-end=\"1354\">\n<p data-start=\"1334\" data-end=\"1354\">\ud83d\udde3 Idioma: Espa\u00f1ol<\/p>\n<\/li>\n<li data-start=\"1355\" data-end=\"1381\">\n<p data-start=\"1357\" data-end=\"1381\">\ud83d\udcd7 Cubierta: Tapa Dura<\/p>\n<\/li>\n<li data-start=\"1382\" data-end=\"1408\">\n<p data-start=\"1384\" data-end=\"1408\">\ud83c\udd94 ISBN: 9780829752571<\/p>\n<\/li>\n<\/ul>\n<hr data-start=\"1410\" data-end=\"1413\" \/>\n<p data-start=\"1415\" data-end=\"1562\">\ud83d\udcac <em data-start=\"1418\" data-end=\"1500\">No todos est\u00e1n listos para esta batalla\u2026 pero si t\u00fa lo est\u00e1s, esta es tu Biblia.<\/em><\/p>\n","protected":false},"excerpt":{"rendered":"<p>\ud83d\udee1\ufe0f Biblia H\u00c9ROES \u2013 La batalla no termina aqu\u00ed \u00abSeremos los primeros en avanzar y los \u00faltimos en retirarnos del campo de batalla. Y todos regresar\u00e1n a casa\u00bb. No es una Biblia com\u00fan. Es un llamado a la acci\u00f3n.Creada para los l\u00edderes valientes y para quienes est\u00e1n listos para liderar, esta Biblia desaf\u00eda a una [&hellip;]<\/p>\n","protected":false},"featured_media":1085,"comment_status":"open","ping_status":"closed","template":"","meta":{"om_disable_all_campaigns":false,"_monsterinsights_skip_tracking":false,"_monsterinsights_sitenote_active":false,"_monsterinsights_sitenote_note":"","_monsterinsights_sitenote_category":0,"site-sidebar-layout":"default","site-content-layout":"","ast-site-content-layout":"default","site-content-style":"default","site-sidebar-style":"default","ast-global-header-display":"","ast-banner-title-visibility":"","ast-main-header-display":"","ast-hfb-above-header-display":"","ast-hfb-below-header-display":"","ast-hfb-mobile-header-display":"","site-post-title":"","ast-breadcrumbs-content":"","ast-featured-img":"","footer-sml-layout":"","ast-disable-related-posts":"","theme-transparent-header-meta":"default","adv-header-id-meta":"","stick-header-meta":"","header-above-stick-meta":"","header-main-stick-meta":"","header-below-stick-meta":"","astra-migrate-meta-layouts":"set","ast-page-background-enabled":"default","ast-page-background-meta":{"desktop":{"background-color":"var(--ast-global-color-4)","background-image":"","background-repeat":"repeat","background-position":"center center","background-size":"auto","background-attachment":"scroll","background-type":"","background-media":"","overlay-type":"","overlay-color":"","overlay-opacity":"","overlay-gradient":""},"tablet":{"background-color":"","background-image":"","background-repeat":"repeat","background-position":"center center","background-size":"auto","background-attachment":"scroll","background-type":"","background-media":"","overlay-type":"","overlay-color":"","overlay-opacity":"","overlay-gradient":""},"mobile":{"background-color":"","background-image":"","background-repeat":"repeat","background-position":"center center","background-size":"auto","background-attachment":"scroll","background-type":"","background-media":"","overlay-type":"","overlay-color":"","overlay-opacity":"","overlay-gradient":""}},"ast-content-background-meta":{"desktop":{"background-color":"var(--ast-global-color-5)","background-image":"","background-repeat":"repeat","background-position":"center center","background-size":"auto","background-attachment":"scroll","background-type":"","background-media":"","overlay-type":"","overlay-color":"","overlay-opacity":"","overlay-gradient":""},"tablet":{"background-color":"var(--ast-global-color-5)","background-image":"","background-repeat":"repeat","background-position":"center center","background-size":"auto","background-attachment":"scroll","background-type":"","background-media":"","overlay-type":"","overlay-color":"","overlay-opacity":"","overlay-gradient":""},"mobile":{"background-color":"var(--ast-global-color-5)","background-image":"","background-repeat":"repeat","background-position":"center center","background-size":"auto","background-attachment":"scroll","background-type":"","background-media":"","overlay-type":"","overlay-color":"","overlay-opacity":"","overlay-gradient":""}}},"product_brand":[],"product_cat":[304,22,32],"product_tag":[145],"class_list":{"0":"post-1083","1":"product","2":"type-product","3":"status-publish","4":"has-post-thumbnail","6":"product_cat-biblia-juvenil","7":"product_cat-biblias","8":"product_cat-biblias-nvi","9":"product_tag-jovenes","10":"desktop-align-left","11":"tablet-align-left","12":"mobile-align-left","14":"first","15":"instock","16":"shipping-taxable","17":"purchasable","18":"product-type-simple"},"yoast_head":"<!-- This site is optimized with the Yoast SEO plugin v27.4 - https:\/\/yoast.com\/product\/yoast-seo-wordpress\/ -->\n<title>Biblia H\u00e9roes para J\u00f3venes NVI Tapa Dura - tzionlibreria.com<\/title>\n<meta name=\"description\" content=\"Creada para los l\u00edderes valientes y para quienes est\u00e1n listos para liderar,una Biblia desaf\u00eda a una generaci\u00f3n a salir a conquistar territorios espirituales\" \/>\n<meta name=\"robots\" content=\"index, follow, max-snippet:-1, max-image-preview:large, max-video-preview:-1\" \/>\n<link rel=\"canonical\" href=\"https:\/\/tzionlibreria.com\/index.php\/product\/biblia-heroes-nvi-tapa-dura\/\" \/>\n<meta property=\"og:locale\" content=\"es_ES\" \/>\n<meta property=\"og:type\" content=\"article\" \/>\n<meta property=\"og:title\" content=\"Biblia H\u00e9roes para J\u00f3venes NVI Tapa Dura - tzionlibreria.com\" \/>\n<meta property=\"og:description\" content=\"Creada para los l\u00edderes valientes y para quienes est\u00e1n listos para liderar,una Biblia desaf\u00eda a una generaci\u00f3n a salir a conquistar territorios espirituales\" \/>\n<meta property=\"og:url\" content=\"https:\/\/tzionlibreria.com\/index.php\/product\/biblia-heroes-nvi-tapa-dura\/\" \/>\n<meta property=\"og:site_name\" content=\"tzionlibreria.com\" \/>\n<meta property=\"article:modified_time\" content=\"2025-06-05T21:47:15+00:00\" \/>\n<meta property=\"og:image\" content=\"http:\/\/tzionlibreria.com\/wp-content\/uploads\/2023\/11\/HEROES.jpg\" \/>\n\t<meta property=\"og:image:width\" content=\"1200\" \/>\n\t<meta property=\"og:image:height\" content=\"1200\" \/>\n\t<meta property=\"og:image:type\" content=\"image\/jpeg\" \/>\n<meta name=\"twitter:card\" content=\"summary_large_image\" \/>\n<meta name=\"twitter:label1\" content=\"Tiempo de lectura\" \/>\n\t<meta name=\"twitter:data1\" content=\"2 minutos\" \/>\n<script type=\"application\/ld+json\" class=\"yoast-schema-graph\">{\"@context\":\"https:\\\/\\\/schema.org\",\"@graph\":[{\"@type\":\"WebPage\",\"@id\":\"https:\\\/\\\/tzionlibreria.com\\\/index.php\\\/product\\\/biblia-heroes-nvi-tapa-dura\\\/\",\"url\":\"https:\\\/\\\/tzionlibreria.com\\\/index.php\\\/product\\\/biblia-heroes-nvi-tapa-dura\\\/\",\"name\":\"Biblia H\u00e9roes para J\u00f3venes NVI Tapa Dura - tzionlibreria.com\",\"isPartOf\":{\"@id\":\"https:\\\/\\\/tzionlibreria.com\\\/#website\"},\"primaryImageOfPage\":{\"@id\":\"https:\\\/\\\/tzionlibreria.com\\\/index.php\\\/product\\\/biblia-heroes-nvi-tapa-dura\\\/#primaryimage\"},\"image\":{\"@id\":\"https:\\\/\\\/tzionlibreria.com\\\/index.php\\\/product\\\/biblia-heroes-nvi-tapa-dura\\\/#primaryimage\"},\"thumbnailUrl\":\"https:\\\/\\\/tzionlibreria.com\\\/wp-content\\\/uploads\\\/2023\\\/11\\\/HEROES.jpg\",\"datePublished\":\"2023-11-01T18:55:22+00:00\",\"dateModified\":\"2025-06-05T21:47:15+00:00\",\"description\":\"Creada para los l\u00edderes valientes y para quienes est\u00e1n listos para liderar,una Biblia desaf\u00eda a una generaci\u00f3n a salir a conquistar territorios espirituales\",\"breadcrumb\":{\"@id\":\"https:\\\/\\\/tzionlibreria.com\\\/index.php\\\/product\\\/biblia-heroes-nvi-tapa-dura\\\/#breadcrumb\"},\"inLanguage\":\"es-CO\",\"potentialAction\":[{\"@type\":\"ReadAction\",\"target\":[\"https:\\\/\\\/tzionlibreria.com\\\/index.php\\\/product\\\/biblia-heroes-nvi-tapa-dura\\\/\"]}]},{\"@type\":\"ImageObject\",\"inLanguage\":\"es-CO\",\"@id\":\"https:\\\/\\\/tzionlibreria.com\\\/index.php\\\/product\\\/biblia-heroes-nvi-tapa-dura\\\/#primaryimage\",\"url\":\"https:\\\/\\\/tzionlibreria.com\\\/wp-content\\\/uploads\\\/2023\\\/11\\\/HEROES.jpg\",\"contentUrl\":\"https:\\\/\\\/tzionlibreria.com\\\/wp-content\\\/uploads\\\/2023\\\/11\\\/HEROES.jpg\",\"width\":1200,\"height\":1200},{\"@type\":\"BreadcrumbList\",\"@id\":\"https:\\\/\\\/tzionlibreria.com\\\/index.php\\\/product\\\/biblia-heroes-nvi-tapa-dura\\\/#breadcrumb\",\"itemListElement\":[{\"@type\":\"ListItem\",\"position\":1,\"name\":\"Inicio\",\"item\":\"https:\\\/\\\/tzionlibreria.com\\\/\"},{\"@type\":\"ListItem\",\"position\":2,\"name\":\"Shop\",\"item\":\"https:\\\/\\\/tzionlibreria.com\\\/index.php\\\/shop\\\/\"},{\"@type\":\"ListItem\",\"position\":3,\"name\":\"Biblia H\u00e9roes para J\u00f3venes NVI Tapa Dura\"}]},{\"@type\":\"WebSite\",\"@id\":\"https:\\\/\\\/tzionlibreria.com\\\/#website\",\"url\":\"https:\\\/\\\/tzionlibreria.com\\\/\",\"name\":\"tzionlibreria.com\",\"description\":\"Libreria Cristiana Venezuela\",\"publisher\":{\"@id\":\"https:\\\/\\\/tzionlibreria.com\\\/#organization\"},\"potentialAction\":[{\"@type\":\"SearchAction\",\"target\":{\"@type\":\"EntryPoint\",\"urlTemplate\":\"https:\\\/\\\/tzionlibreria.com\\\/?s={search_term_string}\"},\"query-input\":{\"@type\":\"PropertyValueSpecification\",\"valueRequired\":true,\"valueName\":\"search_term_string\"}}],\"inLanguage\":\"es-CO\"},{\"@type\":\"Organization\",\"@id\":\"https:\\\/\\\/tzionlibreria.com\\\/#organization\",\"name\":\"tzionlibreria.com\",\"url\":\"https:\\\/\\\/tzionlibreria.com\\\/\",\"logo\":{\"@type\":\"ImageObject\",\"inLanguage\":\"es-CO\",\"@id\":\"https:\\\/\\\/tzionlibreria.com\\\/#\\\/schema\\\/logo\\\/image\\\/\",\"url\":\"https:\\\/\\\/tzionlibreria.com\\\/wp-content\\\/uploads\\\/2023\\\/10\\\/cropped-Cuadricula-scaled-1.jpg\",\"contentUrl\":\"https:\\\/\\\/tzionlibreria.com\\\/wp-content\\\/uploads\\\/2023\\\/10\\\/cropped-Cuadricula-scaled-1.jpg\",\"width\":2560,\"height\":2560,\"caption\":\"tzionlibreria.com\"},\"image\":{\"@id\":\"https:\\\/\\\/tzionlibreria.com\\\/#\\\/schema\\\/logo\\\/image\\\/\"}}]}<\/script>\n<!-- \/ Yoast SEO plugin. -->","yoast_head_json":{"title":"Biblia H\u00e9roes para J\u00f3venes NVI Tapa Dura - tzionlibreria.com","description":"Creada para los l\u00edderes valientes y para quienes est\u00e1n listos para liderar,una Biblia desaf\u00eda a una generaci\u00f3n a salir a conquistar territorios espirituales","robots":{"index":"index","follow":"follow","max-snippet":"max-snippet:-1","max-image-preview":"max-image-preview:large","max-video-preview":"max-video-preview:-1"},"canonical":"https:\/\/tzionlibreria.com\/index.php\/product\/biblia-heroes-nvi-tapa-dura\/","og_locale":"es_ES","og_type":"article","og_title":"Biblia H\u00e9roes para J\u00f3venes NVI Tapa Dura - tzionlibreria.com","og_description":"Creada para los l\u00edderes valientes y para quienes est\u00e1n listos para liderar,una Biblia desaf\u00eda a una generaci\u00f3n a salir a conquistar territorios espirituales","og_url":"https:\/\/tzionlibreria.com\/index.php\/product\/biblia-heroes-nvi-tapa-dura\/","og_site_name":"tzionlibreria.com","article_modified_time":"2025-06-05T21:47:15+00:00","og_image":[{"width":1200,"height":1200,"url":"http:\/\/tzionlibreria.com\/wp-content\/uploads\/2023\/11\/HEROES.jpg","type":"image\/jpeg"}],"twitter_card":"summary_large_image","twitter_misc":{"Tiempo de lectura":"2 minutos"},"schema":{"@context":"https:\/\/schema.org","@graph":[{"@type":"WebPage","@id":"https:\/\/tzionlibreria.com\/index.php\/product\/biblia-heroes-nvi-tapa-dura\/","url":"https:\/\/tzionlibreria.com\/index.php\/product\/biblia-heroes-nvi-tapa-dura\/","name":"Biblia H\u00e9roes para J\u00f3venes NVI Tapa Dura - tzionlibreria.com","isPartOf":{"@id":"https:\/\/tzionlibreria.com\/#website"},"primaryImageOfPage":{"@id":"https:\/\/tzionlibreria.com\/index.php\/product\/biblia-heroes-nvi-tapa-dura\/#primaryimage"},"image":{"@id":"https:\/\/tzionlibreria.com\/index.php\/product\/biblia-heroes-nvi-tapa-dura\/#primaryimage"},"thumbnailUrl":"https:\/\/tzionlibreria.com\/wp-content\/uploads\/2023\/11\/HEROES.jpg","datePublished":"2023-11-01T18:55:22+00:00","dateModified":"2025-06-05T21:47:15+00:00","description":"Creada para los l\u00edderes valientes y para quienes est\u00e1n listos para liderar,una Biblia desaf\u00eda a una generaci\u00f3n a salir a conquistar territorios espirituales","breadcrumb":{"@id":"https:\/\/tzionlibreria.com\/index.php\/product\/biblia-heroes-nvi-tapa-dura\/#breadcrumb"},"inLanguage":"es-CO","potentialAction":[{"@type":"ReadAction","target":["https:\/\/tzionlibreria.com\/index.php\/product\/biblia-heroes-nvi-tapa-dura\/"]}]},{"@type":"ImageObject","inLanguage":"es-CO","@id":"https:\/\/tzionlibreria.com\/index.php\/product\/biblia-heroes-nvi-tapa-dura\/#primaryimage","url":"https:\/\/tzionlibreria.com\/wp-content\/uploads\/2023\/11\/HEROES.jpg","contentUrl":"https:\/\/tzionlibreria.com\/wp-content\/uploads\/2023\/11\/HEROES.jpg","width":1200,"height":1200},{"@type":"BreadcrumbList","@id":"https:\/\/tzionlibreria.com\/index.php\/product\/biblia-heroes-nvi-tapa-dura\/#breadcrumb","itemListElement":[{"@type":"ListItem","position":1,"name":"Inicio","item":"https:\/\/tzionlibreria.com\/"},{"@type":"ListItem","position":2,"name":"Shop","item":"https:\/\/tzionlibreria.com\/index.php\/shop\/"},{"@type":"ListItem","position":3,"name":"Biblia H\u00e9roes para J\u00f3venes NVI Tapa Dura"}]},{"@type":"WebSite","@id":"https:\/\/tzionlibreria.com\/#website","url":"https:\/\/tzionlibreria.com\/","name":"tzionlibreria.com","description":"Libreria Cristiana Venezuela","publisher":{"@id":"https:\/\/tzionlibreria.com\/#organization"},"potentialAction":[{"@type":"SearchAction","target":{"@type":"EntryPoint","urlTemplate":"https:\/\/tzionlibreria.com\/?s={search_term_string}"},"query-input":{"@type":"PropertyValueSpecification","valueRequired":true,"valueName":"search_term_string"}}],"inLanguage":"es-CO"},{"@type":"Organization","@id":"https:\/\/tzionlibreria.com\/#organization","name":"tzionlibreria.com","url":"https:\/\/tzionlibreria.com\/","logo":{"@type":"ImageObject","inLanguage":"es-CO","@id":"https:\/\/tzionlibreria.com\/#\/schema\/logo\/image\/","url":"https:\/\/tzionlibreria.com\/wp-content\/uploads\/2023\/10\/cropped-Cuadricula-scaled-1.jpg","contentUrl":"https:\/\/tzionlibreria.com\/wp-content\/uploads\/2023\/10\/cropped-Cuadricula-scaled-1.jpg","width":2560,"height":2560,"caption":"tzionlibreria.com"},"image":{"@id":"https:\/\/tzionlibreria.com\/#\/schema\/logo\/image\/"}}]}},"jetpack_sharing_enabled":true,"_links":{"self":[{"href":"https:\/\/tzionlibreria.com\/index.php\/wp-json\/wp\/v2\/product\/1083","targetHints":{"allow":["GET"]}}],"collection":[{"href":"https:\/\/tzionlibreria.com\/index.php\/wp-json\/wp\/v2\/product"}],"about":[{"href":"https:\/\/tzionlibreria.com\/index.php\/wp-json\/wp\/v2\/types\/product"}],"replies":[{"embeddable":true,"href":"https:\/\/tzionlibreria.com\/index.php\/wp-json\/wp\/v2\/comments?post=1083"}],"wp:featuredmedia":[{"embeddable":true,"href":"https:\/\/tzionlibreria.com\/index.php\/wp-json\/wp\/v2\/media\/1085"}],"wp:attachment":[{"href":"https:\/\/tzionlibreria.com\/index.php\/wp-json\/wp\/v2\/media?parent=1083"}],"wp:term":[{"taxonomy":"product_brand","embeddable":true,"href":"https:\/\/tzionlibreria.com\/index.php\/wp-json\/wp\/v2\/product_brand?post=1083"},{"taxonomy":"product_cat","embeddable":true,"href":"https:\/\/tzionlibreria.com\/index.php\/wp-json\/wp\/v2\/product_cat?post=1083"},{"taxonomy":"product_tag","embeddable":true,"href":"https:\/\/tzionlibreria.com\/index.php\/wp-json\/wp\/v2\/product_tag?post=1083"}],"curies":[{"name":"wp","href":"https:\/\/api.w.org\/{rel}","templated":true}]}}