{"id":1094,"date":"2023-11-05T22:34:39","date_gmt":"2023-11-05T22:34:39","guid":{"rendered":"https:\/\/tzionlibreria.com\/?post_type=product&#038;p=1094"},"modified":"2025-11-14T21:53:32","modified_gmt":"2025-11-14T21:53:32","slug":"un-dia-a-la-vez-devocinal","status":"publish","type":"product","link":"https:\/\/tzionlibreria.com\/index.php\/product\/un-dia-a-la-vez-devocinal\/","title":{"rendered":"Un d\u00eda a la vez \u2014 Devocional de 365 d\u00edas"},"content":{"rendered":"<div class=\"ast-oembed-container \" style=\"height: 100%;\"><iframe title=\"Un Dia A La Vez - Devocional\" width=\"500\" height=\"281\" src=\"https:\/\/www.youtube.com\/embed\/KQJ_fcU8AXs?feature=oembed\" frameborder=\"0\" allow=\"accelerometer; autoplay; clipboard-write; encrypted-media; gyroscope; picture-in-picture; web-share\" referrerpolicy=\"strict-origin-when-cross-origin\" allowfullscreen><\/iframe><\/div>\n<h3 data-start=\"124\" data-end=\"175\"><\/h3>\n<h3 data-start=\"124\" data-end=\"175\">\ud83d\udcd8 <em data-start=\"131\" data-end=\"148\">Un d\u00eda a la vez<\/em> \u2014 Devocional de 365 d\u00edas<\/h3>\n<p>&nbsp;<\/p>\n<p data-start=\"176\" data-end=\"239\"><strong data-start=\"176\" data-end=\"239\">Reflexiones diarias para caminar con Dios, un d\u00eda a la vez.<\/strong><\/p>\n<p data-start=\"241\" data-end=\"438\">Este hermoso libro devocional est\u00e1 dise\u00f1ado para acompa\u00f1arte todo el a\u00f1o con una reflexi\u00f3n por d\u00eda basada en vers\u00edculos b\u00edblicos, que te ayudar\u00e1n a aplicar la Palabra de Dios a tu vida cotidiana.<\/p>\n<p data-start=\"440\" data-end=\"596\">Cada p\u00e1gina incluye:<br data-start=\"460\" data-end=\"463\" \/>\u2728 Un vers\u00edculo b\u00edblico poderoso<br data-start=\"494\" data-end=\"497\" \/>\u2728 Una reflexi\u00f3n clara y pr\u00e1ctica<br data-start=\"529\" data-end=\"532\" \/>\u2728 Espacio para escribir tus pensamientos o aplicaci\u00f3n personal<\/p>\n<p data-start=\"598\" data-end=\"926\"><strong data-start=\"598\" data-end=\"631\">Caracter\u00edsticas del producto:<\/strong><br data-start=\"631\" data-end=\"634\" \/>\ud83d\udcd6 383 p\u00e1ginas impresas a una tinta<br data-start=\"669\" data-end=\"672\" \/>\ud83d\udcd0 Medidas: 12 x 17 cm, 2.5 cm de grosor<br data-start=\"712\" data-end=\"715\" \/>\ud83d\udce6 Empacado en una delicada bolsa de lienzo<br data-start=\"758\" data-end=\"761\" \/>\ud83d\udd8a Incluye un lapicero con dise\u00f1o a juego<br data-start=\"802\" data-end=\"805\" \/>\ud83d\udcd8 Tapa dura resistente<br data-start=\"828\" data-end=\"831\" \/>\ud83d\uddd3 Fecha de lanzamiento: 6 de diciembre de 2021<br data-start=\"878\" data-end=\"881\" \/>\ud83d\udd22 ISBN: 7707371010784<br data-start=\"903\" data-end=\"906\" \/>\ud83c\udf3f Idioma: Espa\u00f1ol<\/p>\n<p data-start=\"928\" data-end=\"1069\">Un regalo significativo para ti o alguien especial. Ideal para iniciar cada ma\u00f1ana con esperanza y prop\u00f3sito, confiando en la gu\u00eda de Dios.<\/p>\n","protected":false},"excerpt":{"rendered":"<p>\ud83d\udcd8 Un d\u00eda a la vez \u2014 Devocional de 365 d\u00edas &nbsp; Reflexiones diarias para caminar con Dios, un d\u00eda a la vez. Este hermoso libro devocional est\u00e1 dise\u00f1ado para acompa\u00f1arte todo el a\u00f1o con una reflexi\u00f3n por d\u00eda basada en vers\u00edculos b\u00edblicos, que te ayudar\u00e1n a aplicar la Palabra de Dios a tu vida [&hellip;]<\/p>\n","protected":false},"featured_media":1095,"comment_status":"open","ping_status":"closed","template":"","meta":{"om_disable_all_campaigns":false,"_monsterinsights_skip_tracking":false,"_monsterinsights_sitenote_active":false,"_monsterinsights_sitenote_note":"","_monsterinsights_sitenote_category":0,"site-sidebar-layout":"default","site-content-layout":"","ast-site-content-layout":"default","site-content-style":"default","site-sidebar-style":"default","ast-global-header-display":"","ast-banner-title-visibility":"","ast-main-header-display":"","ast-hfb-above-header-display":"","ast-hfb-below-header-display":"","ast-hfb-mobile-header-display":"","site-post-title":"","ast-breadcrumbs-content":"","ast-featured-img":"","footer-sml-layout":"","ast-disable-related-posts":"","theme-transparent-header-meta":"default","adv-header-id-meta":"","stick-header-meta":"","header-above-stick-meta":"","header-main-stick-meta":"","header-below-stick-meta":"","astra-migrate-meta-layouts":"set","ast-page-background-enabled":"default","ast-page-background-meta":{"desktop":{"background-color":"var(--ast-global-color-4)","background-image":"","background-repeat":"repeat","background-position":"center center","background-size":"auto","background-attachment":"scroll","background-type":"","background-media":"","overlay-type":"","overlay-color":"","overlay-opacity":"","overlay-gradient":""},"tablet":{"background-color":"","background-image":"","background-repeat":"repeat","background-position":"center center","background-size":"auto","background-attachment":"scroll","background-type":"","background-media":"","overlay-type":"","overlay-color":"","overlay-opacity":"","overlay-gradient":""},"mobile":{"background-color":"","background-image":"","background-repeat":"repeat","background-position":"center center","background-size":"auto","background-attachment":"scroll","background-type":"","background-media":"","overlay-type":"","overlay-color":"","overlay-opacity":"","overlay-gradient":""}},"ast-content-background-meta":{"desktop":{"background-color":"var(--ast-global-color-5)","background-image":"","background-repeat":"repeat","background-position":"center center","background-size":"auto","background-attachment":"scroll","background-type":"","background-media":"","overlay-type":"","overlay-color":"","overlay-opacity":"","overlay-gradient":""},"tablet":{"background-color":"var(--ast-global-color-5)","background-image":"","background-repeat":"repeat","background-position":"center center","background-size":"auto","background-attachment":"scroll","background-type":"","background-media":"","overlay-type":"","overlay-color":"","overlay-opacity":"","overlay-gradient":""},"mobile":{"background-color":"var(--ast-global-color-5)","background-image":"","background-repeat":"repeat","background-position":"center center","background-size":"auto","background-attachment":"scroll","background-type":"","background-media":"","overlay-type":"","overlay-color":"","overlay-opacity":"","overlay-gradient":""}}},"product_brand":[],"product_cat":[24],"product_tag":[147],"class_list":{"0":"post-1094","1":"product","2":"type-product","3":"status-publish","4":"has-post-thumbnail","6":"product_cat-devocionales","7":"product_tag-devocional","8":"desktop-align-left","9":"tablet-align-left","10":"mobile-align-left","12":"first","13":"instock","14":"shipping-taxable","15":"purchasable","16":"product-type-simple"},"yoast_head":"<!-- This site is optimized with the Yoast SEO plugin v27.4 - https:\/\/yoast.com\/product\/yoast-seo-wordpress\/ -->\n<title>Un d\u00eda a la vez \u2014 Devocional de 365 d\u00edas - tzionlibreria.com<\/title>\n<meta name=\"description\" content=\"Este hermoso devocional est\u00e1 dise\u00f1ado para acompa\u00f1arte todo el a\u00f1o con una reflexi\u00f3n por d\u00eda basada en vers\u00edculos b\u00edblicos, que te ayudar\u00e1n.\" \/>\n<meta name=\"robots\" content=\"index, follow, max-snippet:-1, max-image-preview:large, max-video-preview:-1\" \/>\n<link rel=\"canonical\" href=\"https:\/\/tzionlibreria.com\/index.php\/product\/un-dia-a-la-vez-devocinal\/\" \/>\n<meta property=\"og:locale\" content=\"es_ES\" \/>\n<meta property=\"og:type\" content=\"article\" \/>\n<meta property=\"og:title\" content=\"Un d\u00eda a la vez \u2014 Devocional de 365 d\u00edas - tzionlibreria.com\" \/>\n<meta property=\"og:description\" content=\"Este hermoso devocional est\u00e1 dise\u00f1ado para acompa\u00f1arte todo el a\u00f1o con una reflexi\u00f3n por d\u00eda basada en vers\u00edculos b\u00edblicos, que te ayudar\u00e1n.\" \/>\n<meta property=\"og:url\" content=\"https:\/\/tzionlibreria.com\/index.php\/product\/un-dia-a-la-vez-devocinal\/\" \/>\n<meta property=\"og:site_name\" content=\"tzionlibreria.com\" \/>\n<meta property=\"article:modified_time\" content=\"2025-11-14T21:53:32+00:00\" \/>\n<meta property=\"og:image\" content=\"http:\/\/tzionlibreria.com\/wp-content\/uploads\/2023\/11\/libro-de-reflexiones.jpg\" \/>\n\t<meta property=\"og:image:width\" content=\"883\" \/>\n\t<meta property=\"og:image:height\" content=\"1100\" \/>\n\t<meta property=\"og:image:type\" content=\"image\/jpeg\" \/>\n<meta name=\"twitter:card\" content=\"summary_large_image\" \/>\n<meta name=\"twitter:label1\" content=\"Tiempo de lectura\" \/>\n\t<meta name=\"twitter:data1\" content=\"1 minuto\" \/>\n<script type=\"application\/ld+json\" class=\"yoast-schema-graph\">{\"@context\":\"https:\\\/\\\/schema.org\",\"@graph\":[{\"@type\":\"WebPage\",\"@id\":\"https:\\\/\\\/tzionlibreria.com\\\/index.php\\\/product\\\/un-dia-a-la-vez-devocinal\\\/\",\"url\":\"https:\\\/\\\/tzionlibreria.com\\\/index.php\\\/product\\\/un-dia-a-la-vez-devocinal\\\/\",\"name\":\"Un d\u00eda a la vez \u2014 Devocional de 365 d\u00edas - tzionlibreria.com\",\"isPartOf\":{\"@id\":\"https:\\\/\\\/tzionlibreria.com\\\/#website\"},\"primaryImageOfPage\":{\"@id\":\"https:\\\/\\\/tzionlibreria.com\\\/index.php\\\/product\\\/un-dia-a-la-vez-devocinal\\\/#primaryimage\"},\"image\":{\"@id\":\"https:\\\/\\\/tzionlibreria.com\\\/index.php\\\/product\\\/un-dia-a-la-vez-devocinal\\\/#primaryimage\"},\"thumbnailUrl\":\"https:\\\/\\\/tzionlibreria.com\\\/wp-content\\\/uploads\\\/2023\\\/11\\\/libro-de-reflexiones.jpg\",\"datePublished\":\"2023-11-05T22:34:39+00:00\",\"dateModified\":\"2025-11-14T21:53:32+00:00\",\"description\":\"Este hermoso devocional est\u00e1 dise\u00f1ado para acompa\u00f1arte todo el a\u00f1o con una reflexi\u00f3n por d\u00eda basada en vers\u00edculos b\u00edblicos, que te ayudar\u00e1n.\",\"breadcrumb\":{\"@id\":\"https:\\\/\\\/tzionlibreria.com\\\/index.php\\\/product\\\/un-dia-a-la-vez-devocinal\\\/#breadcrumb\"},\"inLanguage\":\"es-CO\",\"potentialAction\":[{\"@type\":\"ReadAction\",\"target\":[\"https:\\\/\\\/tzionlibreria.com\\\/index.php\\\/product\\\/un-dia-a-la-vez-devocinal\\\/\"]}]},{\"@type\":\"ImageObject\",\"inLanguage\":\"es-CO\",\"@id\":\"https:\\\/\\\/tzionlibreria.com\\\/index.php\\\/product\\\/un-dia-a-la-vez-devocinal\\\/#primaryimage\",\"url\":\"https:\\\/\\\/tzionlibreria.com\\\/wp-content\\\/uploads\\\/2023\\\/11\\\/libro-de-reflexiones.jpg\",\"contentUrl\":\"https:\\\/\\\/tzionlibreria.com\\\/wp-content\\\/uploads\\\/2023\\\/11\\\/libro-de-reflexiones.jpg\",\"width\":883,\"height\":1100},{\"@type\":\"BreadcrumbList\",\"@id\":\"https:\\\/\\\/tzionlibreria.com\\\/index.php\\\/product\\\/un-dia-a-la-vez-devocinal\\\/#breadcrumb\",\"itemListElement\":[{\"@type\":\"ListItem\",\"position\":1,\"name\":\"Inicio\",\"item\":\"https:\\\/\\\/tzionlibreria.com\\\/\"},{\"@type\":\"ListItem\",\"position\":2,\"name\":\"Shop\",\"item\":\"https:\\\/\\\/tzionlibreria.com\\\/index.php\\\/shop\\\/\"},{\"@type\":\"ListItem\",\"position\":3,\"name\":\"Un d\u00eda a la vez \u2014 Devocional de 365 d\u00edas\"}]},{\"@type\":\"WebSite\",\"@id\":\"https:\\\/\\\/tzionlibreria.com\\\/#website\",\"url\":\"https:\\\/\\\/tzionlibreria.com\\\/\",\"name\":\"tzionlibreria.com\",\"description\":\"Libreria Cristiana Venezuela\",\"publisher\":{\"@id\":\"https:\\\/\\\/tzionlibreria.com\\\/#organization\"},\"potentialAction\":[{\"@type\":\"SearchAction\",\"target\":{\"@type\":\"EntryPoint\",\"urlTemplate\":\"https:\\\/\\\/tzionlibreria.com\\\/?s={search_term_string}\"},\"query-input\":{\"@type\":\"PropertyValueSpecification\",\"valueRequired\":true,\"valueName\":\"search_term_string\"}}],\"inLanguage\":\"es-CO\"},{\"@type\":\"Organization\",\"@id\":\"https:\\\/\\\/tzionlibreria.com\\\/#organization\",\"name\":\"tzionlibreria.com\",\"url\":\"https:\\\/\\\/tzionlibreria.com\\\/\",\"logo\":{\"@type\":\"ImageObject\",\"inLanguage\":\"es-CO\",\"@id\":\"https:\\\/\\\/tzionlibreria.com\\\/#\\\/schema\\\/logo\\\/image\\\/\",\"url\":\"https:\\\/\\\/tzionlibreria.com\\\/wp-content\\\/uploads\\\/2023\\\/10\\\/cropped-Cuadricula-scaled-1.jpg\",\"contentUrl\":\"https:\\\/\\\/tzionlibreria.com\\\/wp-content\\\/uploads\\\/2023\\\/10\\\/cropped-Cuadricula-scaled-1.jpg\",\"width\":2560,\"height\":2560,\"caption\":\"tzionlibreria.com\"},\"image\":{\"@id\":\"https:\\\/\\\/tzionlibreria.com\\\/#\\\/schema\\\/logo\\\/image\\\/\"}}]}<\/script>\n<!-- \/ Yoast SEO plugin. -->","yoast_head_json":{"title":"Un d\u00eda a la vez \u2014 Devocional de 365 d\u00edas - tzionlibreria.com","description":"Este hermoso devocional est\u00e1 dise\u00f1ado para acompa\u00f1arte todo el a\u00f1o con una reflexi\u00f3n por d\u00eda basada en vers\u00edculos b\u00edblicos, que te ayudar\u00e1n.","robots":{"index":"index","follow":"follow","max-snippet":"max-snippet:-1","max-image-preview":"max-image-preview:large","max-video-preview":"max-video-preview:-1"},"canonical":"https:\/\/tzionlibreria.com\/index.php\/product\/un-dia-a-la-vez-devocinal\/","og_locale":"es_ES","og_type":"article","og_title":"Un d\u00eda a la vez \u2014 Devocional de 365 d\u00edas - tzionlibreria.com","og_description":"Este hermoso devocional est\u00e1 dise\u00f1ado para acompa\u00f1arte todo el a\u00f1o con una reflexi\u00f3n por d\u00eda basada en vers\u00edculos b\u00edblicos, que te ayudar\u00e1n.","og_url":"https:\/\/tzionlibreria.com\/index.php\/product\/un-dia-a-la-vez-devocinal\/","og_site_name":"tzionlibreria.com","article_modified_time":"2025-11-14T21:53:32+00:00","og_image":[{"width":883,"height":1100,"url":"http:\/\/tzionlibreria.com\/wp-content\/uploads\/2023\/11\/libro-de-reflexiones.jpg","type":"image\/jpeg"}],"twitter_card":"summary_large_image","twitter_misc":{"Tiempo de lectura":"1 minuto"},"schema":{"@context":"https:\/\/schema.org","@graph":[{"@type":"WebPage","@id":"https:\/\/tzionlibreria.com\/index.php\/product\/un-dia-a-la-vez-devocinal\/","url":"https:\/\/tzionlibreria.com\/index.php\/product\/un-dia-a-la-vez-devocinal\/","name":"Un d\u00eda a la vez \u2014 Devocional de 365 d\u00edas - tzionlibreria.com","isPartOf":{"@id":"https:\/\/tzionlibreria.com\/#website"},"primaryImageOfPage":{"@id":"https:\/\/tzionlibreria.com\/index.php\/product\/un-dia-a-la-vez-devocinal\/#primaryimage"},"image":{"@id":"https:\/\/tzionlibreria.com\/index.php\/product\/un-dia-a-la-vez-devocinal\/#primaryimage"},"thumbnailUrl":"https:\/\/tzionlibreria.com\/wp-content\/uploads\/2023\/11\/libro-de-reflexiones.jpg","datePublished":"2023-11-05T22:34:39+00:00","dateModified":"2025-11-14T21:53:32+00:00","description":"Este hermoso devocional est\u00e1 dise\u00f1ado para acompa\u00f1arte todo el a\u00f1o con una reflexi\u00f3n por d\u00eda basada en vers\u00edculos b\u00edblicos, que te ayudar\u00e1n.","breadcrumb":{"@id":"https:\/\/tzionlibreria.com\/index.php\/product\/un-dia-a-la-vez-devocinal\/#breadcrumb"},"inLanguage":"es-CO","potentialAction":[{"@type":"ReadAction","target":["https:\/\/tzionlibreria.com\/index.php\/product\/un-dia-a-la-vez-devocinal\/"]}]},{"@type":"ImageObject","inLanguage":"es-CO","@id":"https:\/\/tzionlibreria.com\/index.php\/product\/un-dia-a-la-vez-devocinal\/#primaryimage","url":"https:\/\/tzionlibreria.com\/wp-content\/uploads\/2023\/11\/libro-de-reflexiones.jpg","contentUrl":"https:\/\/tzionlibreria.com\/wp-content\/uploads\/2023\/11\/libro-de-reflexiones.jpg","width":883,"height":1100},{"@type":"BreadcrumbList","@id":"https:\/\/tzionlibreria.com\/index.php\/product\/un-dia-a-la-vez-devocinal\/#breadcrumb","itemListElement":[{"@type":"ListItem","position":1,"name":"Inicio","item":"https:\/\/tzionlibreria.com\/"},{"@type":"ListItem","position":2,"name":"Shop","item":"https:\/\/tzionlibreria.com\/index.php\/shop\/"},{"@type":"ListItem","position":3,"name":"Un d\u00eda a la vez \u2014 Devocional de 365 d\u00edas"}]},{"@type":"WebSite","@id":"https:\/\/tzionlibreria.com\/#website","url":"https:\/\/tzionlibreria.com\/","name":"tzionlibreria.com","description":"Libreria Cristiana Venezuela","publisher":{"@id":"https:\/\/tzionlibreria.com\/#organization"},"potentialAction":[{"@type":"SearchAction","target":{"@type":"EntryPoint","urlTemplate":"https:\/\/tzionlibreria.com\/?s={search_term_string}"},"query-input":{"@type":"PropertyValueSpecification","valueRequired":true,"valueName":"search_term_string"}}],"inLanguage":"es-CO"},{"@type":"Organization","@id":"https:\/\/tzionlibreria.com\/#organization","name":"tzionlibreria.com","url":"https:\/\/tzionlibreria.com\/","logo":{"@type":"ImageObject","inLanguage":"es-CO","@id":"https:\/\/tzionlibreria.com\/#\/schema\/logo\/image\/","url":"https:\/\/tzionlibreria.com\/wp-content\/uploads\/2023\/10\/cropped-Cuadricula-scaled-1.jpg","contentUrl":"https:\/\/tzionlibreria.com\/wp-content\/uploads\/2023\/10\/cropped-Cuadricula-scaled-1.jpg","width":2560,"height":2560,"caption":"tzionlibreria.com"},"image":{"@id":"https:\/\/tzionlibreria.com\/#\/schema\/logo\/image\/"}}]}},"jetpack_sharing_enabled":true,"_links":{"self":[{"href":"https:\/\/tzionlibreria.com\/index.php\/wp-json\/wp\/v2\/product\/1094","targetHints":{"allow":["GET"]}}],"collection":[{"href":"https:\/\/tzionlibreria.com\/index.php\/wp-json\/wp\/v2\/product"}],"about":[{"href":"https:\/\/tzionlibreria.com\/index.php\/wp-json\/wp\/v2\/types\/product"}],"replies":[{"embeddable":true,"href":"https:\/\/tzionlibreria.com\/index.php\/wp-json\/wp\/v2\/comments?post=1094"}],"wp:featuredmedia":[{"embeddable":true,"href":"https:\/\/tzionlibreria.com\/index.php\/wp-json\/wp\/v2\/media\/1095"}],"wp:attachment":[{"href":"https:\/\/tzionlibreria.com\/index.php\/wp-json\/wp\/v2\/media?parent=1094"}],"wp:term":[{"taxonomy":"product_brand","embeddable":true,"href":"https:\/\/tzionlibreria.com\/index.php\/wp-json\/wp\/v2\/product_brand?post=1094"},{"taxonomy":"product_cat","embeddable":true,"href":"https:\/\/tzionlibreria.com\/index.php\/wp-json\/wp\/v2\/product_cat?post=1094"},{"taxonomy":"product_tag","embeddable":true,"href":"https:\/\/tzionlibreria.com\/index.php\/wp-json\/wp\/v2\/product_tag?post=1094"}],"curies":[{"name":"wp","href":"https:\/\/api.w.org\/{rel}","templated":true}]}}