{"id":1098,"date":"2023-11-06T20:30:24","date_gmt":"2023-11-06T20:30:24","guid":{"rendered":"https:\/\/tzionlibreria.com\/?post_type=product&#038;p=1098"},"modified":"2025-10-27T17:11:11","modified_gmt":"2025-10-27T17:11:11","slug":"estan-abolidos-los-mandamientos-o-la-ley-carlos-r-castaneda","status":"publish","type":"product","link":"https:\/\/tzionlibreria.com\/index.php\/product\/estan-abolidos-los-mandamientos-o-la-ley-carlos-r-castaneda\/","title":{"rendered":"Est\u00e1n Abolidos Los Mandamientos O La Ley \u2013 Carlos R. Casta\u00f1eda"},"content":{"rendered":"<p>&nbsp;<\/p>\n<div class=\"ast-oembed-container \" style=\"height: 100%;\"><iframe title=\"Est\u00e1n Abolidos Los Mandamientos O La Ley \u2013 Carlos R. Casta\u00f1e Barbosa\" width=\"500\" height=\"281\" src=\"https:\/\/www.youtube.com\/embed\/xhZabitvD_w?start=1&#038;feature=oembed\" frameborder=\"0\" allow=\"accelerometer; autoplay; clipboard-write; encrypted-media; gyroscope; picture-in-picture; web-share\" referrerpolicy=\"strict-origin-when-cross-origin\" allowfullscreen><\/iframe><\/div>\n<p>&nbsp;<\/p>\n<p>-En este importante documento encontramos lo indiscutible para el hombre cuando sabe que es Israel. Aqu\u00ed sabr\u00e1 que no hay forma de abolir lo Eterno, que milenariamente pareciera que el Ap\u00f3stol Pablo hubiera creado una religi\u00f3n alterna al juda\u00edsmo, desde su perspectiva. Lo importante de indagar y estudiar a fondo lo que pas\u00f3. Con ejemplos claros y una diluida prosa, el autor entrega descriptivamente los elementos b\u00e1sicos de la fe del pueblo de Elohim, Israel.<\/p>\n<p>-Adentrarse en el conocimiento como pueblo verdadero es diferente a creerse pueblo adherido. Usted sabr\u00e1 por qu\u00e9 Israel cay\u00f3 a la categor\u00eda de gentil y qu\u00e9 se necesita para recuperar sus derechos como pueblo, naci\u00f3n y novia.<\/p>\n<p>-Le invitamos a conocer su verdadera identidad y por qu\u00e9 dice la Escritura que tenemos una ciudadan\u00eda celestial viviendo en la tierra.<\/p>\n<p>Caracter\u00edsticas:<\/p>\n<p>Tipo de presentaci\u00f3n: Tapa blanda<br \/>\nISBN: 9789584681096<br \/>\nEdici\u00f3n: Primera<br \/>\nIdioma: Espa\u00f1ol<br \/>\nDimensiones: Alto: 210 mm \u2013 Ancho: 134 mm<br \/>\nPeso: 210 g<br \/>\nN\u00famero de cap\u00edtulos: 9<br \/>\nN\u00famero de p\u00e1ginas: 192<\/p>\n","protected":false},"excerpt":{"rendered":"<p>&nbsp; &nbsp; -En este importante documento encontramos lo indiscutible para el hombre cuando sabe que es Israel. Aqu\u00ed sabr\u00e1 que no hay forma de abolir lo Eterno, que milenariamente pareciera que el Ap\u00f3stol Pablo hubiera creado una religi\u00f3n alterna al juda\u00edsmo, desde su perspectiva. Lo importante de indagar y estudiar a fondo lo que pas\u00f3. [&hellip;]<\/p>\n","protected":false},"featured_media":1099,"comment_status":"open","ping_status":"closed","template":"","meta":{"om_disable_all_campaigns":false,"_monsterinsights_skip_tracking":false,"_monsterinsights_sitenote_active":false,"_monsterinsights_sitenote_note":"","_monsterinsights_sitenote_category":0,"site-sidebar-layout":"default","site-content-layout":"","ast-site-content-layout":"default","site-content-style":"default","site-sidebar-style":"default","ast-global-header-display":"","ast-banner-title-visibility":"","ast-main-header-display":"","ast-hfb-above-header-display":"","ast-hfb-below-header-display":"","ast-hfb-mobile-header-display":"","site-post-title":"","ast-breadcrumbs-content":"","ast-featured-img":"","footer-sml-layout":"","ast-disable-related-posts":"","theme-transparent-header-meta":"default","adv-header-id-meta":"","stick-header-meta":"","header-above-stick-meta":"","header-main-stick-meta":"","header-below-stick-meta":"","astra-migrate-meta-layouts":"set","ast-page-background-enabled":"default","ast-page-background-meta":{"desktop":{"background-color":"var(--ast-global-color-4)","background-image":"","background-repeat":"repeat","background-position":"center center","background-size":"auto","background-attachment":"scroll","background-type":"","background-media":"","overlay-type":"","overlay-color":"","overlay-opacity":"","overlay-gradient":""},"tablet":{"background-color":"","background-image":"","background-repeat":"repeat","background-position":"center center","background-size":"auto","background-attachment":"scroll","background-type":"","background-media":"","overlay-type":"","overlay-color":"","overlay-opacity":"","overlay-gradient":""},"mobile":{"background-color":"","background-image":"","background-repeat":"repeat","background-position":"center center","background-size":"auto","background-attachment":"scroll","background-type":"","background-media":"","overlay-type":"","overlay-color":"","overlay-opacity":"","overlay-gradient":""}},"ast-content-background-meta":{"desktop":{"background-color":"var(--ast-global-color-5)","background-image":"","background-repeat":"repeat","background-position":"center center","background-size":"auto","background-attachment":"scroll","background-type":"","background-media":"","overlay-type":"","overlay-color":"","overlay-opacity":"","overlay-gradient":""},"tablet":{"background-color":"var(--ast-global-color-5)","background-image":"","background-repeat":"repeat","background-position":"center center","background-size":"auto","background-attachment":"scroll","background-type":"","background-media":"","overlay-type":"","overlay-color":"","overlay-opacity":"","overlay-gradient":""},"mobile":{"background-color":"var(--ast-global-color-5)","background-image":"","background-repeat":"repeat","background-position":"center center","background-size":"auto","background-attachment":"scroll","background-type":"","background-media":"","overlay-type":"","overlay-color":"","overlay-opacity":"","overlay-gradient":""}}},"product_brand":[],"product_cat":[41],"product_tag":[],"class_list":{"0":"post-1098","1":"product","2":"type-product","3":"status-publish","4":"has-post-thumbnail","6":"product_cat-raices-hebreas","7":"desktop-align-left","8":"tablet-align-left","9":"mobile-align-left","11":"first","12":"instock","13":"shipping-taxable","14":"purchasable","15":"product-type-simple"},"yoast_head":"<!-- This site is optimized with the Yoast SEO plugin v27.4 - https:\/\/yoast.com\/product\/yoast-seo-wordpress\/ -->\n<title>Est\u00e1n Abolidos Los Mandamientos O La Ley \u2013 Carlos R. Casta\u00f1eda - tzionlibreria.com<\/title>\n<meta name=\"robots\" content=\"index, follow, max-snippet:-1, max-image-preview:large, max-video-preview:-1\" \/>\n<link rel=\"canonical\" href=\"https:\/\/tzionlibreria.com\/index.php\/product\/estan-abolidos-los-mandamientos-o-la-ley-carlos-r-castaneda\/\" \/>\n<meta property=\"og:locale\" content=\"es_ES\" \/>\n<meta property=\"og:type\" content=\"article\" \/>\n<meta property=\"og:title\" content=\"Est\u00e1n Abolidos Los Mandamientos O La Ley \u2013 Carlos R. Casta\u00f1eda - tzionlibreria.com\" \/>\n<meta property=\"og:description\" content=\"&nbsp; &nbsp; -En este importante documento encontramos lo indiscutible para el hombre cuando sabe que es Israel. Aqu\u00ed sabr\u00e1 que no hay forma de abolir lo Eterno, que milenariamente pareciera que el Ap\u00f3stol Pablo hubiera creado una religi\u00f3n alterna al juda\u00edsmo, desde su perspectiva. Lo importante de indagar y estudiar a fondo lo que pas\u00f3. [&hellip;]\" \/>\n<meta property=\"og:url\" content=\"https:\/\/tzionlibreria.com\/index.php\/product\/estan-abolidos-los-mandamientos-o-la-ley-carlos-r-castaneda\/\" \/>\n<meta property=\"og:site_name\" content=\"tzionlibreria.com\" \/>\n<meta property=\"article:modified_time\" content=\"2025-10-27T17:11:11+00:00\" \/>\n<meta property=\"og:image\" content=\"http:\/\/tzionlibreria.com\/wp-content\/uploads\/2023\/11\/abolidos-los-mandamientos.jpg\" \/>\n\t<meta property=\"og:image:width\" content=\"1200\" \/>\n\t<meta property=\"og:image:height\" content=\"1200\" \/>\n\t<meta property=\"og:image:type\" content=\"image\/jpeg\" \/>\n<meta name=\"twitter:card\" content=\"summary_large_image\" \/>\n<meta name=\"twitter:label1\" content=\"Tiempo de lectura\" \/>\n\t<meta name=\"twitter:data1\" content=\"1 minuto\" \/>\n<script type=\"application\/ld+json\" class=\"yoast-schema-graph\">{\"@context\":\"https:\\\/\\\/schema.org\",\"@graph\":[{\"@type\":\"WebPage\",\"@id\":\"https:\\\/\\\/tzionlibreria.com\\\/index.php\\\/product\\\/estan-abolidos-los-mandamientos-o-la-ley-carlos-r-castaneda\\\/\",\"url\":\"https:\\\/\\\/tzionlibreria.com\\\/index.php\\\/product\\\/estan-abolidos-los-mandamientos-o-la-ley-carlos-r-castaneda\\\/\",\"name\":\"Est\u00e1n Abolidos Los Mandamientos O La Ley \u2013 Carlos R. Casta\u00f1eda - tzionlibreria.com\",\"isPartOf\":{\"@id\":\"https:\\\/\\\/tzionlibreria.com\\\/#website\"},\"primaryImageOfPage\":{\"@id\":\"https:\\\/\\\/tzionlibreria.com\\\/index.php\\\/product\\\/estan-abolidos-los-mandamientos-o-la-ley-carlos-r-castaneda\\\/#primaryimage\"},\"image\":{\"@id\":\"https:\\\/\\\/tzionlibreria.com\\\/index.php\\\/product\\\/estan-abolidos-los-mandamientos-o-la-ley-carlos-r-castaneda\\\/#primaryimage\"},\"thumbnailUrl\":\"https:\\\/\\\/tzionlibreria.com\\\/wp-content\\\/uploads\\\/2023\\\/11\\\/abolidos-los-mandamientos.jpg\",\"datePublished\":\"2023-11-06T20:30:24+00:00\",\"dateModified\":\"2025-10-27T17:11:11+00:00\",\"breadcrumb\":{\"@id\":\"https:\\\/\\\/tzionlibreria.com\\\/index.php\\\/product\\\/estan-abolidos-los-mandamientos-o-la-ley-carlos-r-castaneda\\\/#breadcrumb\"},\"inLanguage\":\"es-CO\",\"potentialAction\":[{\"@type\":\"ReadAction\",\"target\":[\"https:\\\/\\\/tzionlibreria.com\\\/index.php\\\/product\\\/estan-abolidos-los-mandamientos-o-la-ley-carlos-r-castaneda\\\/\"]}]},{\"@type\":\"ImageObject\",\"inLanguage\":\"es-CO\",\"@id\":\"https:\\\/\\\/tzionlibreria.com\\\/index.php\\\/product\\\/estan-abolidos-los-mandamientos-o-la-ley-carlos-r-castaneda\\\/#primaryimage\",\"url\":\"https:\\\/\\\/tzionlibreria.com\\\/wp-content\\\/uploads\\\/2023\\\/11\\\/abolidos-los-mandamientos.jpg\",\"contentUrl\":\"https:\\\/\\\/tzionlibreria.com\\\/wp-content\\\/uploads\\\/2023\\\/11\\\/abolidos-los-mandamientos.jpg\",\"width\":1200,\"height\":1200},{\"@type\":\"BreadcrumbList\",\"@id\":\"https:\\\/\\\/tzionlibreria.com\\\/index.php\\\/product\\\/estan-abolidos-los-mandamientos-o-la-ley-carlos-r-castaneda\\\/#breadcrumb\",\"itemListElement\":[{\"@type\":\"ListItem\",\"position\":1,\"name\":\"Inicio\",\"item\":\"https:\\\/\\\/tzionlibreria.com\\\/\"},{\"@type\":\"ListItem\",\"position\":2,\"name\":\"Shop\",\"item\":\"https:\\\/\\\/tzionlibreria.com\\\/index.php\\\/shop\\\/\"},{\"@type\":\"ListItem\",\"position\":3,\"name\":\"Est\u00e1n Abolidos Los Mandamientos O La Ley \u2013 Carlos R. Casta\u00f1eda\"}]},{\"@type\":\"WebSite\",\"@id\":\"https:\\\/\\\/tzionlibreria.com\\\/#website\",\"url\":\"https:\\\/\\\/tzionlibreria.com\\\/\",\"name\":\"tzionlibreria.com\",\"description\":\"Libreria Cristiana Venezuela\",\"publisher\":{\"@id\":\"https:\\\/\\\/tzionlibreria.com\\\/#organization\"},\"potentialAction\":[{\"@type\":\"SearchAction\",\"target\":{\"@type\":\"EntryPoint\",\"urlTemplate\":\"https:\\\/\\\/tzionlibreria.com\\\/?s={search_term_string}\"},\"query-input\":{\"@type\":\"PropertyValueSpecification\",\"valueRequired\":true,\"valueName\":\"search_term_string\"}}],\"inLanguage\":\"es-CO\"},{\"@type\":\"Organization\",\"@id\":\"https:\\\/\\\/tzionlibreria.com\\\/#organization\",\"name\":\"tzionlibreria.com\",\"url\":\"https:\\\/\\\/tzionlibreria.com\\\/\",\"logo\":{\"@type\":\"ImageObject\",\"inLanguage\":\"es-CO\",\"@id\":\"https:\\\/\\\/tzionlibreria.com\\\/#\\\/schema\\\/logo\\\/image\\\/\",\"url\":\"https:\\\/\\\/tzionlibreria.com\\\/wp-content\\\/uploads\\\/2023\\\/10\\\/cropped-Cuadricula-scaled-1.jpg\",\"contentUrl\":\"https:\\\/\\\/tzionlibreria.com\\\/wp-content\\\/uploads\\\/2023\\\/10\\\/cropped-Cuadricula-scaled-1.jpg\",\"width\":2560,\"height\":2560,\"caption\":\"tzionlibreria.com\"},\"image\":{\"@id\":\"https:\\\/\\\/tzionlibreria.com\\\/#\\\/schema\\\/logo\\\/image\\\/\"}}]}<\/script>\n<!-- \/ Yoast SEO plugin. -->","yoast_head_json":{"title":"Est\u00e1n Abolidos Los Mandamientos O La Ley \u2013 Carlos R. Casta\u00f1eda - tzionlibreria.com","robots":{"index":"index","follow":"follow","max-snippet":"max-snippet:-1","max-image-preview":"max-image-preview:large","max-video-preview":"max-video-preview:-1"},"canonical":"https:\/\/tzionlibreria.com\/index.php\/product\/estan-abolidos-los-mandamientos-o-la-ley-carlos-r-castaneda\/","og_locale":"es_ES","og_type":"article","og_title":"Est\u00e1n Abolidos Los Mandamientos O La Ley \u2013 Carlos R. Casta\u00f1eda - tzionlibreria.com","og_description":"&nbsp; &nbsp; -En este importante documento encontramos lo indiscutible para el hombre cuando sabe que es Israel. Aqu\u00ed sabr\u00e1 que no hay forma de abolir lo Eterno, que milenariamente pareciera que el Ap\u00f3stol Pablo hubiera creado una religi\u00f3n alterna al juda\u00edsmo, desde su perspectiva. Lo importante de indagar y estudiar a fondo lo que pas\u00f3. [&hellip;]","og_url":"https:\/\/tzionlibreria.com\/index.php\/product\/estan-abolidos-los-mandamientos-o-la-ley-carlos-r-castaneda\/","og_site_name":"tzionlibreria.com","article_modified_time":"2025-10-27T17:11:11+00:00","og_image":[{"width":1200,"height":1200,"url":"http:\/\/tzionlibreria.com\/wp-content\/uploads\/2023\/11\/abolidos-los-mandamientos.jpg","type":"image\/jpeg"}],"twitter_card":"summary_large_image","twitter_misc":{"Tiempo de lectura":"1 minuto"},"schema":{"@context":"https:\/\/schema.org","@graph":[{"@type":"WebPage","@id":"https:\/\/tzionlibreria.com\/index.php\/product\/estan-abolidos-los-mandamientos-o-la-ley-carlos-r-castaneda\/","url":"https:\/\/tzionlibreria.com\/index.php\/product\/estan-abolidos-los-mandamientos-o-la-ley-carlos-r-castaneda\/","name":"Est\u00e1n Abolidos Los Mandamientos O La Ley \u2013 Carlos R. Casta\u00f1eda - tzionlibreria.com","isPartOf":{"@id":"https:\/\/tzionlibreria.com\/#website"},"primaryImageOfPage":{"@id":"https:\/\/tzionlibreria.com\/index.php\/product\/estan-abolidos-los-mandamientos-o-la-ley-carlos-r-castaneda\/#primaryimage"},"image":{"@id":"https:\/\/tzionlibreria.com\/index.php\/product\/estan-abolidos-los-mandamientos-o-la-ley-carlos-r-castaneda\/#primaryimage"},"thumbnailUrl":"https:\/\/tzionlibreria.com\/wp-content\/uploads\/2023\/11\/abolidos-los-mandamientos.jpg","datePublished":"2023-11-06T20:30:24+00:00","dateModified":"2025-10-27T17:11:11+00:00","breadcrumb":{"@id":"https:\/\/tzionlibreria.com\/index.php\/product\/estan-abolidos-los-mandamientos-o-la-ley-carlos-r-castaneda\/#breadcrumb"},"inLanguage":"es-CO","potentialAction":[{"@type":"ReadAction","target":["https:\/\/tzionlibreria.com\/index.php\/product\/estan-abolidos-los-mandamientos-o-la-ley-carlos-r-castaneda\/"]}]},{"@type":"ImageObject","inLanguage":"es-CO","@id":"https:\/\/tzionlibreria.com\/index.php\/product\/estan-abolidos-los-mandamientos-o-la-ley-carlos-r-castaneda\/#primaryimage","url":"https:\/\/tzionlibreria.com\/wp-content\/uploads\/2023\/11\/abolidos-los-mandamientos.jpg","contentUrl":"https:\/\/tzionlibreria.com\/wp-content\/uploads\/2023\/11\/abolidos-los-mandamientos.jpg","width":1200,"height":1200},{"@type":"BreadcrumbList","@id":"https:\/\/tzionlibreria.com\/index.php\/product\/estan-abolidos-los-mandamientos-o-la-ley-carlos-r-castaneda\/#breadcrumb","itemListElement":[{"@type":"ListItem","position":1,"name":"Inicio","item":"https:\/\/tzionlibreria.com\/"},{"@type":"ListItem","position":2,"name":"Shop","item":"https:\/\/tzionlibreria.com\/index.php\/shop\/"},{"@type":"ListItem","position":3,"name":"Est\u00e1n Abolidos Los Mandamientos O La Ley \u2013 Carlos R. Casta\u00f1eda"}]},{"@type":"WebSite","@id":"https:\/\/tzionlibreria.com\/#website","url":"https:\/\/tzionlibreria.com\/","name":"tzionlibreria.com","description":"Libreria Cristiana Venezuela","publisher":{"@id":"https:\/\/tzionlibreria.com\/#organization"},"potentialAction":[{"@type":"SearchAction","target":{"@type":"EntryPoint","urlTemplate":"https:\/\/tzionlibreria.com\/?s={search_term_string}"},"query-input":{"@type":"PropertyValueSpecification","valueRequired":true,"valueName":"search_term_string"}}],"inLanguage":"es-CO"},{"@type":"Organization","@id":"https:\/\/tzionlibreria.com\/#organization","name":"tzionlibreria.com","url":"https:\/\/tzionlibreria.com\/","logo":{"@type":"ImageObject","inLanguage":"es-CO","@id":"https:\/\/tzionlibreria.com\/#\/schema\/logo\/image\/","url":"https:\/\/tzionlibreria.com\/wp-content\/uploads\/2023\/10\/cropped-Cuadricula-scaled-1.jpg","contentUrl":"https:\/\/tzionlibreria.com\/wp-content\/uploads\/2023\/10\/cropped-Cuadricula-scaled-1.jpg","width":2560,"height":2560,"caption":"tzionlibreria.com"},"image":{"@id":"https:\/\/tzionlibreria.com\/#\/schema\/logo\/image\/"}}]}},"jetpack_sharing_enabled":true,"_links":{"self":[{"href":"https:\/\/tzionlibreria.com\/index.php\/wp-json\/wp\/v2\/product\/1098","targetHints":{"allow":["GET"]}}],"collection":[{"href":"https:\/\/tzionlibreria.com\/index.php\/wp-json\/wp\/v2\/product"}],"about":[{"href":"https:\/\/tzionlibreria.com\/index.php\/wp-json\/wp\/v2\/types\/product"}],"replies":[{"embeddable":true,"href":"https:\/\/tzionlibreria.com\/index.php\/wp-json\/wp\/v2\/comments?post=1098"}],"wp:featuredmedia":[{"embeddable":true,"href":"https:\/\/tzionlibreria.com\/index.php\/wp-json\/wp\/v2\/media\/1099"}],"wp:attachment":[{"href":"https:\/\/tzionlibreria.com\/index.php\/wp-json\/wp\/v2\/media?parent=1098"}],"wp:term":[{"taxonomy":"product_brand","embeddable":true,"href":"https:\/\/tzionlibreria.com\/index.php\/wp-json\/wp\/v2\/product_brand?post=1098"},{"taxonomy":"product_cat","embeddable":true,"href":"https:\/\/tzionlibreria.com\/index.php\/wp-json\/wp\/v2\/product_cat?post=1098"},{"taxonomy":"product_tag","embeddable":true,"href":"https:\/\/tzionlibreria.com\/index.php\/wp-json\/wp\/v2\/product_tag?post=1098"}],"curies":[{"name":"wp","href":"https:\/\/api.w.org\/{rel}","templated":true}]}}