{"id":1106,"date":"2023-11-06T20:49:03","date_gmt":"2023-11-06T20:49:03","guid":{"rendered":"https:\/\/tzionlibreria.com\/?post_type=product&#038;p=1106"},"modified":"2025-10-27T17:13:06","modified_gmt":"2025-10-27T17:13:06","slug":"la-fragancia-del-mesias-carlos-r-castane-barbosa","status":"publish","type":"product","link":"https:\/\/tzionlibreria.com\/index.php\/product\/la-fragancia-del-mesias-carlos-r-castane-barbosa\/","title":{"rendered":"La Fragancia Del Mes\u00edas \u2013 Carlos R. Casta\u00f1e Barbosa"},"content":{"rendered":"<div class=\"ast-oembed-container \" style=\"height: 100%;\"><iframe title=\"La Fragancia Del Mes\u00edas \u2013 Carlos R. Casta\u00f1e Barbosa\" width=\"500\" height=\"281\" src=\"https:\/\/www.youtube.com\/embed\/JUkeEIjvr0A?feature=oembed\" frameborder=\"0\" allow=\"accelerometer; autoplay; clipboard-write; encrypted-media; gyroscope; picture-in-picture; web-share\" referrerpolicy=\"strict-origin-when-cross-origin\" allowfullscreen><\/iframe><\/div>\n<p>&nbsp;<\/p>\n<p>&#8211; La fragancia del Mes\u00edas nos muestra que s\u00ed tuvimos que ver con el mover de Adam; con el mover y obediencia de nuestros Padres antes de Abraham, con la Palabra escrita y decretada para un pueblo sobre la tierra: Israel. Como dice el Salmo 105:8-11. Todo esto para que estuvi\u00e9ramos presentes en el Mes\u00edas que fue al Calvario y por qu\u00e9, invit\u00e1ndonos a pasar del otro lado de la cruz o madero.<\/p>\n<p>-A partir de la cruz o madero se inici\u00f3 nuestro Camino de regreso al Padre. Nuestra vida nueva. En la cruz o madero pas\u00f3 algo m\u00e1s de lo que sabemos. Hemos perdido de vista lo que pas\u00f3 ese d\u00eda, a esa hora; hemos extraviado el beneficio eterno para un solo pueblo al que se unir\u00e1n todas las naciones. A partir de la cruz o madero es nuestra Pesaj o Pascua. \u00bfSabemos lo que nos dijeron? \u00bfSe nos dijo la verdad? El Creador s\u00ed nos tuvo en cuenta desde siempre. El Amor de nuestra Eternidad se llama Yeshua. Es urgente que pasemos del otro lado del Calvario. No podemos seguir contemplando lo que pas\u00f3; es para tomarlo hoy, para aplicarlo hoy y consumarlo ya.<\/p>\n<p>-Nosotros no tenemos la victoria de Yeshua HaMashiaj, nosotros somos su Victoria. Nosotros somos su propia sustancia. Somos el pueblo que sali\u00f3 rescatado de la cruz o madero con olor a vestido de Lino Fino.<\/p>\n<p>-La Sangre de Mashiaj (El Mes\u00edas) a\u00fan sigue hablando mejor que la de Abel. La Sangre de Mashiaj es la que da testimonio de nuestra aceptaci\u00f3n de lo que sucedi\u00f3 en la cruz o madero:<\/p>\n<p><strong>NUESTRA REDENCI\u00d3N COMO PUEBLO, NOVIA Y NACI\u00d3N.<\/strong> \u00c9l s\u00f3lo tiene una Novia. Una Naci\u00f3n.<\/p>\n<p>Tipo de presentaci\u00f3n: Tapa blanda<br \/>\nISBN: 9789584651204<br \/>\nEdici\u00f3n: Primera<br \/>\nIdioma: Espa\u00f1ol<br \/>\nDimensiones: Alto: 209 mm \u2013 Ancho: 136 mm<br \/>\nPeso: 260 g<br \/>\nN\u00famero de cap\u00edtulos: 16<br \/>\nN\u00famero de p\u00e1ginas: 211<\/p>\n","protected":false},"excerpt":{"rendered":"<p>&nbsp; &#8211; La fragancia del Mes\u00edas nos muestra que s\u00ed tuvimos que ver con el mover de Adam; con el mover y obediencia de nuestros Padres antes de Abraham, con la Palabra escrita y decretada para un pueblo sobre la tierra: Israel. Como dice el Salmo 105:8-11. Todo esto para que estuvi\u00e9ramos presentes en el [&hellip;]<\/p>\n","protected":false},"featured_media":1107,"comment_status":"open","ping_status":"closed","template":"","meta":{"om_disable_all_campaigns":false,"_monsterinsights_skip_tracking":false,"_monsterinsights_sitenote_active":false,"_monsterinsights_sitenote_note":"","_monsterinsights_sitenote_category":0,"site-sidebar-layout":"default","site-content-layout":"","ast-site-content-layout":"default","site-content-style":"default","site-sidebar-style":"default","ast-global-header-display":"","ast-banner-title-visibility":"","ast-main-header-display":"","ast-hfb-above-header-display":"","ast-hfb-below-header-display":"","ast-hfb-mobile-header-display":"","site-post-title":"","ast-breadcrumbs-content":"","ast-featured-img":"","footer-sml-layout":"","ast-disable-related-posts":"","theme-transparent-header-meta":"default","adv-header-id-meta":"","stick-header-meta":"","header-above-stick-meta":"","header-main-stick-meta":"","header-below-stick-meta":"","astra-migrate-meta-layouts":"set","ast-page-background-enabled":"default","ast-page-background-meta":{"desktop":{"background-color":"var(--ast-global-color-4)","background-image":"","background-repeat":"repeat","background-position":"center center","background-size":"auto","background-attachment":"scroll","background-type":"","background-media":"","overlay-type":"","overlay-color":"","overlay-opacity":"","overlay-gradient":""},"tablet":{"background-color":"","background-image":"","background-repeat":"repeat","background-position":"center center","background-size":"auto","background-attachment":"scroll","background-type":"","background-media":"","overlay-type":"","overlay-color":"","overlay-opacity":"","overlay-gradient":""},"mobile":{"background-color":"","background-image":"","background-repeat":"repeat","background-position":"center center","background-size":"auto","background-attachment":"scroll","background-type":"","background-media":"","overlay-type":"","overlay-color":"","overlay-opacity":"","overlay-gradient":""}},"ast-content-background-meta":{"desktop":{"background-color":"var(--ast-global-color-5)","background-image":"","background-repeat":"repeat","background-position":"center center","background-size":"auto","background-attachment":"scroll","background-type":"","background-media":"","overlay-type":"","overlay-color":"","overlay-opacity":"","overlay-gradient":""},"tablet":{"background-color":"var(--ast-global-color-5)","background-image":"","background-repeat":"repeat","background-position":"center center","background-size":"auto","background-attachment":"scroll","background-type":"","background-media":"","overlay-type":"","overlay-color":"","overlay-opacity":"","overlay-gradient":""},"mobile":{"background-color":"var(--ast-global-color-5)","background-image":"","background-repeat":"repeat","background-position":"center center","background-size":"auto","background-attachment":"scroll","background-type":"","background-media":"","overlay-type":"","overlay-color":"","overlay-opacity":"","overlay-gradient":""}}},"product_brand":[],"product_cat":[41],"product_tag":[],"class_list":{"0":"post-1106","1":"product","2":"type-product","3":"status-publish","4":"has-post-thumbnail","6":"product_cat-raices-hebreas","7":"desktop-align-left","8":"tablet-align-left","9":"mobile-align-left","11":"first","12":"instock","13":"shipping-taxable","14":"purchasable","15":"product-type-simple"},"yoast_head":"<!-- This site is optimized with the Yoast SEO plugin v27.4 - https:\/\/yoast.com\/product\/yoast-seo-wordpress\/ -->\n<title>La Fragancia Del Mes\u00edas \u2013 Carlos R. Casta\u00f1e Barbosa - tzionlibreria.com<\/title>\n<meta name=\"robots\" content=\"index, follow, max-snippet:-1, max-image-preview:large, max-video-preview:-1\" \/>\n<link rel=\"canonical\" href=\"https:\/\/tzionlibreria.com\/index.php\/product\/la-fragancia-del-mesias-carlos-r-castane-barbosa\/\" \/>\n<meta property=\"og:locale\" content=\"es_ES\" \/>\n<meta property=\"og:type\" content=\"article\" \/>\n<meta property=\"og:title\" content=\"La Fragancia Del Mes\u00edas \u2013 Carlos R. Casta\u00f1e Barbosa - tzionlibreria.com\" \/>\n<meta property=\"og:description\" content=\"&nbsp; &#8211; La fragancia del Mes\u00edas nos muestra que s\u00ed tuvimos que ver con el mover de Adam; con el mover y obediencia de nuestros Padres antes de Abraham, con la Palabra escrita y decretada para un pueblo sobre la tierra: Israel. Como dice el Salmo 105:8-11. Todo esto para que estuvi\u00e9ramos presentes en el [&hellip;]\" \/>\n<meta property=\"og:url\" content=\"https:\/\/tzionlibreria.com\/index.php\/product\/la-fragancia-del-mesias-carlos-r-castane-barbosa\/\" \/>\n<meta property=\"og:site_name\" content=\"tzionlibreria.com\" \/>\n<meta property=\"article:modified_time\" content=\"2025-10-27T17:13:06+00:00\" \/>\n<meta property=\"og:image\" content=\"http:\/\/tzionlibreria.com\/wp-content\/uploads\/2023\/11\/La.-fragancia-del-Mesias.jpg\" \/>\n\t<meta property=\"og:image:width\" content=\"1200\" \/>\n\t<meta property=\"og:image:height\" content=\"1200\" \/>\n\t<meta property=\"og:image:type\" content=\"image\/jpeg\" \/>\n<meta name=\"twitter:card\" content=\"summary_large_image\" \/>\n<meta name=\"twitter:label1\" content=\"Tiempo de lectura\" \/>\n\t<meta name=\"twitter:data1\" content=\"2 minutos\" \/>\n<script type=\"application\/ld+json\" class=\"yoast-schema-graph\">{\"@context\":\"https:\\\/\\\/schema.org\",\"@graph\":[{\"@type\":\"WebPage\",\"@id\":\"https:\\\/\\\/tzionlibreria.com\\\/index.php\\\/product\\\/la-fragancia-del-mesias-carlos-r-castane-barbosa\\\/\",\"url\":\"https:\\\/\\\/tzionlibreria.com\\\/index.php\\\/product\\\/la-fragancia-del-mesias-carlos-r-castane-barbosa\\\/\",\"name\":\"La Fragancia Del Mes\u00edas \u2013 Carlos R. Casta\u00f1e Barbosa - tzionlibreria.com\",\"isPartOf\":{\"@id\":\"https:\\\/\\\/tzionlibreria.com\\\/#website\"},\"primaryImageOfPage\":{\"@id\":\"https:\\\/\\\/tzionlibreria.com\\\/index.php\\\/product\\\/la-fragancia-del-mesias-carlos-r-castane-barbosa\\\/#primaryimage\"},\"image\":{\"@id\":\"https:\\\/\\\/tzionlibreria.com\\\/index.php\\\/product\\\/la-fragancia-del-mesias-carlos-r-castane-barbosa\\\/#primaryimage\"},\"thumbnailUrl\":\"https:\\\/\\\/tzionlibreria.com\\\/wp-content\\\/uploads\\\/2023\\\/11\\\/La.-fragancia-del-Mesias.jpg\",\"datePublished\":\"2023-11-06T20:49:03+00:00\",\"dateModified\":\"2025-10-27T17:13:06+00:00\",\"breadcrumb\":{\"@id\":\"https:\\\/\\\/tzionlibreria.com\\\/index.php\\\/product\\\/la-fragancia-del-mesias-carlos-r-castane-barbosa\\\/#breadcrumb\"},\"inLanguage\":\"es-CO\",\"potentialAction\":[{\"@type\":\"ReadAction\",\"target\":[\"https:\\\/\\\/tzionlibreria.com\\\/index.php\\\/product\\\/la-fragancia-del-mesias-carlos-r-castane-barbosa\\\/\"]}]},{\"@type\":\"ImageObject\",\"inLanguage\":\"es-CO\",\"@id\":\"https:\\\/\\\/tzionlibreria.com\\\/index.php\\\/product\\\/la-fragancia-del-mesias-carlos-r-castane-barbosa\\\/#primaryimage\",\"url\":\"https:\\\/\\\/tzionlibreria.com\\\/wp-content\\\/uploads\\\/2023\\\/11\\\/La.-fragancia-del-Mesias.jpg\",\"contentUrl\":\"https:\\\/\\\/tzionlibreria.com\\\/wp-content\\\/uploads\\\/2023\\\/11\\\/La.-fragancia-del-Mesias.jpg\",\"width\":1200,\"height\":1200},{\"@type\":\"BreadcrumbList\",\"@id\":\"https:\\\/\\\/tzionlibreria.com\\\/index.php\\\/product\\\/la-fragancia-del-mesias-carlos-r-castane-barbosa\\\/#breadcrumb\",\"itemListElement\":[{\"@type\":\"ListItem\",\"position\":1,\"name\":\"Inicio\",\"item\":\"https:\\\/\\\/tzionlibreria.com\\\/\"},{\"@type\":\"ListItem\",\"position\":2,\"name\":\"Shop\",\"item\":\"https:\\\/\\\/tzionlibreria.com\\\/index.php\\\/shop\\\/\"},{\"@type\":\"ListItem\",\"position\":3,\"name\":\"La Fragancia Del Mes\u00edas \u2013 Carlos R. Casta\u00f1e Barbosa\"}]},{\"@type\":\"WebSite\",\"@id\":\"https:\\\/\\\/tzionlibreria.com\\\/#website\",\"url\":\"https:\\\/\\\/tzionlibreria.com\\\/\",\"name\":\"tzionlibreria.com\",\"description\":\"Libreria Cristiana Venezuela\",\"publisher\":{\"@id\":\"https:\\\/\\\/tzionlibreria.com\\\/#organization\"},\"potentialAction\":[{\"@type\":\"SearchAction\",\"target\":{\"@type\":\"EntryPoint\",\"urlTemplate\":\"https:\\\/\\\/tzionlibreria.com\\\/?s={search_term_string}\"},\"query-input\":{\"@type\":\"PropertyValueSpecification\",\"valueRequired\":true,\"valueName\":\"search_term_string\"}}],\"inLanguage\":\"es-CO\"},{\"@type\":\"Organization\",\"@id\":\"https:\\\/\\\/tzionlibreria.com\\\/#organization\",\"name\":\"tzionlibreria.com\",\"url\":\"https:\\\/\\\/tzionlibreria.com\\\/\",\"logo\":{\"@type\":\"ImageObject\",\"inLanguage\":\"es-CO\",\"@id\":\"https:\\\/\\\/tzionlibreria.com\\\/#\\\/schema\\\/logo\\\/image\\\/\",\"url\":\"https:\\\/\\\/tzionlibreria.com\\\/wp-content\\\/uploads\\\/2023\\\/10\\\/cropped-Cuadricula-scaled-1.jpg\",\"contentUrl\":\"https:\\\/\\\/tzionlibreria.com\\\/wp-content\\\/uploads\\\/2023\\\/10\\\/cropped-Cuadricula-scaled-1.jpg\",\"width\":2560,\"height\":2560,\"caption\":\"tzionlibreria.com\"},\"image\":{\"@id\":\"https:\\\/\\\/tzionlibreria.com\\\/#\\\/schema\\\/logo\\\/image\\\/\"}}]}<\/script>\n<!-- \/ Yoast SEO plugin. -->","yoast_head_json":{"title":"La Fragancia Del Mes\u00edas \u2013 Carlos R. Casta\u00f1e Barbosa - tzionlibreria.com","robots":{"index":"index","follow":"follow","max-snippet":"max-snippet:-1","max-image-preview":"max-image-preview:large","max-video-preview":"max-video-preview:-1"},"canonical":"https:\/\/tzionlibreria.com\/index.php\/product\/la-fragancia-del-mesias-carlos-r-castane-barbosa\/","og_locale":"es_ES","og_type":"article","og_title":"La Fragancia Del Mes\u00edas \u2013 Carlos R. Casta\u00f1e Barbosa - tzionlibreria.com","og_description":"&nbsp; &#8211; La fragancia del Mes\u00edas nos muestra que s\u00ed tuvimos que ver con el mover de Adam; con el mover y obediencia de nuestros Padres antes de Abraham, con la Palabra escrita y decretada para un pueblo sobre la tierra: Israel. Como dice el Salmo 105:8-11. Todo esto para que estuvi\u00e9ramos presentes en el [&hellip;]","og_url":"https:\/\/tzionlibreria.com\/index.php\/product\/la-fragancia-del-mesias-carlos-r-castane-barbosa\/","og_site_name":"tzionlibreria.com","article_modified_time":"2025-10-27T17:13:06+00:00","og_image":[{"width":1200,"height":1200,"url":"http:\/\/tzionlibreria.com\/wp-content\/uploads\/2023\/11\/La.-fragancia-del-Mesias.jpg","type":"image\/jpeg"}],"twitter_card":"summary_large_image","twitter_misc":{"Tiempo de lectura":"2 minutos"},"schema":{"@context":"https:\/\/schema.org","@graph":[{"@type":"WebPage","@id":"https:\/\/tzionlibreria.com\/index.php\/product\/la-fragancia-del-mesias-carlos-r-castane-barbosa\/","url":"https:\/\/tzionlibreria.com\/index.php\/product\/la-fragancia-del-mesias-carlos-r-castane-barbosa\/","name":"La Fragancia Del Mes\u00edas \u2013 Carlos R. Casta\u00f1e Barbosa - tzionlibreria.com","isPartOf":{"@id":"https:\/\/tzionlibreria.com\/#website"},"primaryImageOfPage":{"@id":"https:\/\/tzionlibreria.com\/index.php\/product\/la-fragancia-del-mesias-carlos-r-castane-barbosa\/#primaryimage"},"image":{"@id":"https:\/\/tzionlibreria.com\/index.php\/product\/la-fragancia-del-mesias-carlos-r-castane-barbosa\/#primaryimage"},"thumbnailUrl":"https:\/\/tzionlibreria.com\/wp-content\/uploads\/2023\/11\/La.-fragancia-del-Mesias.jpg","datePublished":"2023-11-06T20:49:03+00:00","dateModified":"2025-10-27T17:13:06+00:00","breadcrumb":{"@id":"https:\/\/tzionlibreria.com\/index.php\/product\/la-fragancia-del-mesias-carlos-r-castane-barbosa\/#breadcrumb"},"inLanguage":"es-CO","potentialAction":[{"@type":"ReadAction","target":["https:\/\/tzionlibreria.com\/index.php\/product\/la-fragancia-del-mesias-carlos-r-castane-barbosa\/"]}]},{"@type":"ImageObject","inLanguage":"es-CO","@id":"https:\/\/tzionlibreria.com\/index.php\/product\/la-fragancia-del-mesias-carlos-r-castane-barbosa\/#primaryimage","url":"https:\/\/tzionlibreria.com\/wp-content\/uploads\/2023\/11\/La.-fragancia-del-Mesias.jpg","contentUrl":"https:\/\/tzionlibreria.com\/wp-content\/uploads\/2023\/11\/La.-fragancia-del-Mesias.jpg","width":1200,"height":1200},{"@type":"BreadcrumbList","@id":"https:\/\/tzionlibreria.com\/index.php\/product\/la-fragancia-del-mesias-carlos-r-castane-barbosa\/#breadcrumb","itemListElement":[{"@type":"ListItem","position":1,"name":"Inicio","item":"https:\/\/tzionlibreria.com\/"},{"@type":"ListItem","position":2,"name":"Shop","item":"https:\/\/tzionlibreria.com\/index.php\/shop\/"},{"@type":"ListItem","position":3,"name":"La Fragancia Del Mes\u00edas \u2013 Carlos R. Casta\u00f1e Barbosa"}]},{"@type":"WebSite","@id":"https:\/\/tzionlibreria.com\/#website","url":"https:\/\/tzionlibreria.com\/","name":"tzionlibreria.com","description":"Libreria Cristiana Venezuela","publisher":{"@id":"https:\/\/tzionlibreria.com\/#organization"},"potentialAction":[{"@type":"SearchAction","target":{"@type":"EntryPoint","urlTemplate":"https:\/\/tzionlibreria.com\/?s={search_term_string}"},"query-input":{"@type":"PropertyValueSpecification","valueRequired":true,"valueName":"search_term_string"}}],"inLanguage":"es-CO"},{"@type":"Organization","@id":"https:\/\/tzionlibreria.com\/#organization","name":"tzionlibreria.com","url":"https:\/\/tzionlibreria.com\/","logo":{"@type":"ImageObject","inLanguage":"es-CO","@id":"https:\/\/tzionlibreria.com\/#\/schema\/logo\/image\/","url":"https:\/\/tzionlibreria.com\/wp-content\/uploads\/2023\/10\/cropped-Cuadricula-scaled-1.jpg","contentUrl":"https:\/\/tzionlibreria.com\/wp-content\/uploads\/2023\/10\/cropped-Cuadricula-scaled-1.jpg","width":2560,"height":2560,"caption":"tzionlibreria.com"},"image":{"@id":"https:\/\/tzionlibreria.com\/#\/schema\/logo\/image\/"}}]}},"jetpack_sharing_enabled":true,"_links":{"self":[{"href":"https:\/\/tzionlibreria.com\/index.php\/wp-json\/wp\/v2\/product\/1106","targetHints":{"allow":["GET"]}}],"collection":[{"href":"https:\/\/tzionlibreria.com\/index.php\/wp-json\/wp\/v2\/product"}],"about":[{"href":"https:\/\/tzionlibreria.com\/index.php\/wp-json\/wp\/v2\/types\/product"}],"replies":[{"embeddable":true,"href":"https:\/\/tzionlibreria.com\/index.php\/wp-json\/wp\/v2\/comments?post=1106"}],"wp:featuredmedia":[{"embeddable":true,"href":"https:\/\/tzionlibreria.com\/index.php\/wp-json\/wp\/v2\/media\/1107"}],"wp:attachment":[{"href":"https:\/\/tzionlibreria.com\/index.php\/wp-json\/wp\/v2\/media?parent=1106"}],"wp:term":[{"taxonomy":"product_brand","embeddable":true,"href":"https:\/\/tzionlibreria.com\/index.php\/wp-json\/wp\/v2\/product_brand?post=1106"},{"taxonomy":"product_cat","embeddable":true,"href":"https:\/\/tzionlibreria.com\/index.php\/wp-json\/wp\/v2\/product_cat?post=1106"},{"taxonomy":"product_tag","embeddable":true,"href":"https:\/\/tzionlibreria.com\/index.php\/wp-json\/wp\/v2\/product_tag?post=1106"}],"curies":[{"name":"wp","href":"https:\/\/api.w.org\/{rel}","templated":true}]}}