{"id":1143,"date":"2023-11-13T16:16:36","date_gmt":"2023-11-13T16:16:36","guid":{"rendered":"https:\/\/tzionlibreria.com\/?post_type=product&#038;p=1143"},"modified":"2025-09-29T23:39:58","modified_gmt":"2025-09-29T23:39:58","slug":"biblia-jesus-para-todos-edicion-promesa-rvr-1960-economica","status":"publish","type":"product","link":"https:\/\/tzionlibreria.com\/index.php\/product\/biblia-jesus-para-todos-edicion-promesa-rvr-1960-economica\/","title":{"rendered":"Biblia Jes\u00fas para todos Edici\u00f3n Promesa RVR 1960 (Econ\u00f3mica)"},"content":{"rendered":"<div>\n<div class=\"ast-oembed-container \" style=\"height: 100%;\"><iframe title=\"Biblia Jes\u00fas para Todos Edici\u00f3n Promesa RVR 1960 (Econ\u00f3mica)\" width=\"500\" height=\"281\" src=\"https:\/\/www.youtube.com\/embed\/qV4Mo6ZUPXk?feature=oembed\" frameborder=\"0\" allow=\"accelerometer; autoplay; clipboard-write; encrypted-media; gyroscope; picture-in-picture; web-share\" referrerpolicy=\"strict-origin-when-cross-origin\" allowfullscreen><\/iframe><\/div>\n<\/div>\n<div><\/div>\n<div>\n<div id=\"ctl00_ucPDTabs_ctl03_fs\" class=\"ProductDetailGroup\">\n<p data-start=\"191\" data-end=\"554\">La <strong data-start=\"194\" data-end=\"233\">Biblia de Promesas Jes\u00fas para Todos<\/strong> en su <strong data-start=\"240\" data-end=\"261\">versi\u00f3n econ\u00f3mica<\/strong> es un recurso poderoso para redescubrir las riquezas de la Palabra de Dios. Presenta el texto cl\u00e1sico de la <strong data-start=\"370\" data-end=\"391\">Reina Valera 1960<\/strong> con m\u00e1s de <strong data-start=\"403\" data-end=\"443\">1,800 promesas marcadas en tono gris<\/strong>, lo que facilita al lector identificar r\u00e1pidamente la gu\u00eda y direcci\u00f3n de Dios para cada aspecto de su vida.<\/p>\n<p data-start=\"556\" data-end=\"872\">Con un <strong data-start=\"563\" data-end=\"591\">dise\u00f1o compacto y manual<\/strong>, tapa r\u00fastica en color azul y canto beige, es pr\u00e1ctica para llevar a todas partes. Adem\u00e1s, incluye el <strong data-start=\"694\" data-end=\"715\">Plan de Salvaci\u00f3n<\/strong> y una <strong data-start=\"722\" data-end=\"755\">secci\u00f3n de promesas por temas<\/strong>, convirti\u00e9ndola en una herramienta perfecta para el estudio personal, la evangelizaci\u00f3n o como un regalo especial.<\/p>\n<hr data-start=\"874\" data-end=\"877\" \/>\n<h3 data-start=\"879\" data-end=\"898\">\ud83c\udf1f Beneficios<\/h3>\n<ul data-start=\"899\" data-end=\"1369\">\n<li data-start=\"899\" data-end=\"986\">\n<p data-start=\"901\" data-end=\"986\"><strong data-start=\"901\" data-end=\"925\">Accesible y completa<\/strong>: edici\u00f3n econ\u00f3mica con todo el texto de la Biblia RVR1960.<\/p>\n<\/li>\n<li data-start=\"987\" data-end=\"1081\">\n<p data-start=\"989\" data-end=\"1081\"><strong data-start=\"989\" data-end=\"1014\">M\u00e1s de 1,800 promesas<\/strong> resaltadas en tono gris para una lectura pr\u00e1ctica e inspiradora.<\/p>\n<\/li>\n<li data-start=\"1082\" data-end=\"1180\">\n<p data-start=\"1084\" data-end=\"1180\"><strong data-start=\"1084\" data-end=\"1103\">Gu\u00eda espiritual<\/strong>: incluye el Plan de Salvaci\u00f3n y secci\u00f3n de promesas organizadas por temas.<\/p>\n<\/li>\n<li data-start=\"1181\" data-end=\"1269\">\n<p data-start=\"1183\" data-end=\"1269\"><strong data-start=\"1183\" data-end=\"1213\">Dise\u00f1o pr\u00e1ctico y portable<\/strong>: tama\u00f1o manual (13 x 19 cm) y peso ligero (0,465 kg).<\/p>\n<\/li>\n<li data-start=\"1270\" data-end=\"1369\">\n<p data-start=\"1272\" data-end=\"1369\"><strong data-start=\"1272\" data-end=\"1296\">Regalo transformador<\/strong>: una excelente opci\u00f3n para evangelizar y compartir la Palabra de Dios.<\/p>\n<\/li>\n<\/ul>\n<hr data-start=\"1371\" data-end=\"1374\" \/>\n<h3 data-start=\"1376\" data-end=\"1409\">\ud83c\udfaf \u00bfPara qui\u00e9n va dirigida?<\/h3>\n<ul data-start=\"1410\" data-end=\"1780\">\n<li data-start=\"1410\" data-end=\"1498\">\n<p data-start=\"1412\" data-end=\"1498\">Personas que desean <strong data-start=\"1432\" data-end=\"1477\">comprender y aplicar las promesas de Dios<\/strong> en su vida diaria.<\/p>\n<\/li>\n<li data-start=\"1499\" data-end=\"1612\">\n<p data-start=\"1501\" data-end=\"1612\">Iglesias y ministerios que buscan una Biblia econ\u00f3mica y pr\u00e1ctica para regalar en campa\u00f1as de evangelizaci\u00f3n.<\/p>\n<\/li>\n<li data-start=\"1613\" data-end=\"1687\">\n<p data-start=\"1615\" data-end=\"1687\">Creyentes que desean una edici\u00f3n <strong data-start=\"1648\" data-end=\"1684\">manual, ligera y f\u00e1cil de llevar<\/strong>.<\/p>\n<\/li>\n<li data-start=\"1688\" data-end=\"1780\">\n<p data-start=\"1690\" data-end=\"1780\">Un regalo ideal para amigos, familiares o nuevos creyentes que inician su caminar de fe.<\/p>\n<\/li>\n<\/ul>\n<hr data-start=\"1782\" data-end=\"1785\" \/>\n<p data-start=\"1787\" data-end=\"1809\">\ud83d\udccc <strong data-start=\"1790\" data-end=\"1807\">Ficha t\u00e9cnica<\/strong><\/p>\n<ul data-start=\"1810\" data-end=\"2171\">\n<li data-start=\"1810\" data-end=\"1833\">\n<p data-start=\"1812\" data-end=\"1833\">\u270d\ufe0f Versi\u00f3n: RVR1960<\/p>\n<\/li>\n<li data-start=\"1834\" data-end=\"1853\">\n<p data-start=\"1836\" data-end=\"1853\">\ud83d\udcda P\u00e1ginas: 981<\/p>\n<\/li>\n<li data-start=\"1854\" data-end=\"1880\">\n<p data-start=\"1856\" data-end=\"1880\">\ud83d\udcd6 ISBN: 9780789924674<\/p>\n<\/li>\n<li data-start=\"1881\" data-end=\"1905\">\n<p data-start=\"1883\" data-end=\"1905\">\ud83d\udcd1 Editorial: Unilit<\/p>\n<\/li>\n<li data-start=\"1906\" data-end=\"1940\">\n<p data-start=\"1908\" data-end=\"1940\">\ud83d\udcd0 Dimensiones: 13 x 19 x 3 cm<\/p>\n<\/li>\n<li data-start=\"1941\" data-end=\"1962\">\n<p data-start=\"1943\" data-end=\"1962\">\u2696\ufe0f Peso: 0,465 kg<\/p>\n<\/li>\n<li data-start=\"1963\" data-end=\"2013\">\n<p data-start=\"1965\" data-end=\"2013\">\ud83d\udcd5 Cubierta: R\u00fastica (color azul, canto beige)<\/p>\n<\/li>\n<li data-start=\"2014\" data-end=\"2043\">\n<p data-start=\"2016\" data-end=\"2043\">\ud83d\udd20 Tama\u00f1o de letra: 8 pts<\/p>\n<\/li>\n<li data-start=\"2044\" data-end=\"2066\">\n<p data-start=\"2046\" data-end=\"2066\">\ud83c\udf0e Idioma: Espa\u00f1ol<\/p>\n<\/li>\n<li data-start=\"2067\" data-end=\"2171\">\n<p data-start=\"2069\" data-end=\"2171\">\u2b50 Caracter\u00edsticas: 1,800 promesas marcadas en gris, secci\u00f3n de promesas por temas, plan de salvaci\u00f3n<\/p>\n<\/li>\n<\/ul>\n<hr data-start=\"2173\" data-end=\"2176\" \/>\n<p data-start=\"2178\" data-end=\"2314\">\ud83d\udc49 La <strong data-start=\"2184\" data-end=\"2243\">Biblia de Promesas Jes\u00fas para Todos \u2013 Edici\u00f3n econ\u00f3mica<\/strong> es m\u00e1s que un libro: es un regalo de esperanza, fe y transformaci\u00f3n.<\/p>\n<\/div>\n<\/div>\n","protected":false},"excerpt":{"rendered":"<p>La Biblia de Promesas Jes\u00fas para Todos en su versi\u00f3n econ\u00f3mica es un recurso poderoso para redescubrir las riquezas de la Palabra de Dios. Presenta el texto cl\u00e1sico de la Reina Valera 1960 con m\u00e1s de 1,800 promesas marcadas en tono gris, lo que facilita al lector identificar r\u00e1pidamente la gu\u00eda y direcci\u00f3n de Dios [&hellip;]<\/p>\n","protected":false},"featured_media":1144,"comment_status":"open","ping_status":"closed","template":"","meta":{"om_disable_all_campaigns":false,"_monsterinsights_skip_tracking":false,"_monsterinsights_sitenote_active":false,"_monsterinsights_sitenote_note":"","_monsterinsights_sitenote_category":0,"site-sidebar-layout":"default","site-content-layout":"","ast-site-content-layout":"default","site-content-style":"default","site-sidebar-style":"default","ast-global-header-display":"","ast-banner-title-visibility":"","ast-main-header-display":"","ast-hfb-above-header-display":"","ast-hfb-below-header-display":"","ast-hfb-mobile-header-display":"","site-post-title":"","ast-breadcrumbs-content":"","ast-featured-img":"","footer-sml-layout":"","ast-disable-related-posts":"","theme-transparent-header-meta":"default","adv-header-id-meta":"","stick-header-meta":"","header-above-stick-meta":"","header-main-stick-meta":"","header-below-stick-meta":"","astra-migrate-meta-layouts":"set","ast-page-background-enabled":"default","ast-page-background-meta":{"desktop":{"background-color":"var(--ast-global-color-4)","background-image":"","background-repeat":"repeat","background-position":"center center","background-size":"auto","background-attachment":"scroll","background-type":"","background-media":"","overlay-type":"","overlay-color":"","overlay-opacity":"","overlay-gradient":""},"tablet":{"background-color":"","background-image":"","background-repeat":"repeat","background-position":"center center","background-size":"auto","background-attachment":"scroll","background-type":"","background-media":"","overlay-type":"","overlay-color":"","overlay-opacity":"","overlay-gradient":""},"mobile":{"background-color":"","background-image":"","background-repeat":"repeat","background-position":"center center","background-size":"auto","background-attachment":"scroll","background-type":"","background-media":"","overlay-type":"","overlay-color":"","overlay-opacity":"","overlay-gradient":""}},"ast-content-background-meta":{"desktop":{"background-color":"var(--ast-global-color-5)","background-image":"","background-repeat":"repeat","background-position":"center center","background-size":"auto","background-attachment":"scroll","background-type":"","background-media":"","overlay-type":"","overlay-color":"","overlay-opacity":"","overlay-gradient":""},"tablet":{"background-color":"var(--ast-global-color-5)","background-image":"","background-repeat":"repeat","background-position":"center center","background-size":"auto","background-attachment":"scroll","background-type":"","background-media":"","overlay-type":"","overlay-color":"","overlay-opacity":"","overlay-gradient":""},"mobile":{"background-color":"var(--ast-global-color-5)","background-image":"","background-repeat":"repeat","background-position":"center center","background-size":"auto","background-attachment":"scroll","background-type":"","background-media":"","overlay-type":"","overlay-color":"","overlay-opacity":"","overlay-gradient":""}}},"product_brand":[],"product_cat":[312,22,42],"product_tag":[],"class_list":{"0":"post-1143","1":"product","2":"type-product","3":"status-publish","4":"has-post-thumbnail","6":"product_cat-biblia-de-promesas","7":"product_cat-biblias","8":"product_cat-biblias-reina-valera","9":"desktop-align-left","10":"tablet-align-left","11":"mobile-align-left","13":"first","14":"instock","15":"shipping-taxable","16":"purchasable","17":"product-type-simple"},"yoast_head":"<!-- This site is optimized with the Yoast SEO plugin v27.4 - https:\/\/yoast.com\/product\/yoast-seo-wordpress\/ -->\n<title>Biblia Jes\u00fas para todos Edici\u00f3n Promesa RVR 1960 (Econ\u00f3mica) - tzionlibreria.com<\/title>\n<meta name=\"description\" content=\"La Biblia de Promesas Jes\u00fas para Todos \u2013 Edici\u00f3n econ\u00f3mica es m\u00e1s que un libro: es un regalo de esperanza, fe y transformaci\u00f3n.\" \/>\n<meta name=\"robots\" content=\"index, follow, max-snippet:-1, max-image-preview:large, max-video-preview:-1\" \/>\n<link rel=\"canonical\" href=\"https:\/\/tzionlibreria.com\/index.php\/product\/biblia-jesus-para-todos-edicion-promesa-rvr-1960-economica\/\" \/>\n<meta property=\"og:locale\" content=\"es_ES\" \/>\n<meta property=\"og:type\" content=\"article\" \/>\n<meta property=\"og:title\" content=\"Biblia Jes\u00fas para todos Edici\u00f3n Promesa RVR 1960 (Econ\u00f3mica) - tzionlibreria.com\" \/>\n<meta property=\"og:description\" content=\"La Biblia de Promesas Jes\u00fas para Todos \u2013 Edici\u00f3n econ\u00f3mica es m\u00e1s que un libro: es un regalo de esperanza, fe y transformaci\u00f3n.\" \/>\n<meta property=\"og:url\" content=\"https:\/\/tzionlibreria.com\/index.php\/product\/biblia-jesus-para-todos-edicion-promesa-rvr-1960-economica\/\" \/>\n<meta property=\"og:site_name\" content=\"tzionlibreria.com\" \/>\n<meta property=\"article:modified_time\" content=\"2025-09-29T23:39:58+00:00\" \/>\n<meta property=\"og:image\" content=\"http:\/\/tzionlibreria.com\/wp-content\/uploads\/2023\/11\/jesus-1.jpg\" \/>\n\t<meta property=\"og:image:width\" content=\"1200\" \/>\n\t<meta property=\"og:image:height\" content=\"1200\" \/>\n\t<meta property=\"og:image:type\" content=\"image\/jpeg\" \/>\n<meta name=\"twitter:card\" content=\"summary_large_image\" \/>\n<meta name=\"twitter:label1\" content=\"Tiempo de lectura\" \/>\n\t<meta name=\"twitter:data1\" content=\"2 minutos\" \/>\n<script type=\"application\/ld+json\" class=\"yoast-schema-graph\">{\"@context\":\"https:\\\/\\\/schema.org\",\"@graph\":[{\"@type\":\"WebPage\",\"@id\":\"https:\\\/\\\/tzionlibreria.com\\\/index.php\\\/product\\\/biblia-jesus-para-todos-edicion-promesa-rvr-1960-economica\\\/\",\"url\":\"https:\\\/\\\/tzionlibreria.com\\\/index.php\\\/product\\\/biblia-jesus-para-todos-edicion-promesa-rvr-1960-economica\\\/\",\"name\":\"Biblia Jes\u00fas para todos Edici\u00f3n Promesa RVR 1960 (Econ\u00f3mica) - tzionlibreria.com\",\"isPartOf\":{\"@id\":\"https:\\\/\\\/tzionlibreria.com\\\/#website\"},\"primaryImageOfPage\":{\"@id\":\"https:\\\/\\\/tzionlibreria.com\\\/index.php\\\/product\\\/biblia-jesus-para-todos-edicion-promesa-rvr-1960-economica\\\/#primaryimage\"},\"image\":{\"@id\":\"https:\\\/\\\/tzionlibreria.com\\\/index.php\\\/product\\\/biblia-jesus-para-todos-edicion-promesa-rvr-1960-economica\\\/#primaryimage\"},\"thumbnailUrl\":\"https:\\\/\\\/tzionlibreria.com\\\/wp-content\\\/uploads\\\/2023\\\/11\\\/jesus-1.jpg\",\"datePublished\":\"2023-11-13T16:16:36+00:00\",\"dateModified\":\"2025-09-29T23:39:58+00:00\",\"description\":\"La Biblia de Promesas Jes\u00fas para Todos \u2013 Edici\u00f3n econ\u00f3mica es m\u00e1s que un libro: es un regalo de esperanza, fe y transformaci\u00f3n.\",\"breadcrumb\":{\"@id\":\"https:\\\/\\\/tzionlibreria.com\\\/index.php\\\/product\\\/biblia-jesus-para-todos-edicion-promesa-rvr-1960-economica\\\/#breadcrumb\"},\"inLanguage\":\"es-CO\",\"potentialAction\":[{\"@type\":\"ReadAction\",\"target\":[\"https:\\\/\\\/tzionlibreria.com\\\/index.php\\\/product\\\/biblia-jesus-para-todos-edicion-promesa-rvr-1960-economica\\\/\"]}]},{\"@type\":\"ImageObject\",\"inLanguage\":\"es-CO\",\"@id\":\"https:\\\/\\\/tzionlibreria.com\\\/index.php\\\/product\\\/biblia-jesus-para-todos-edicion-promesa-rvr-1960-economica\\\/#primaryimage\",\"url\":\"https:\\\/\\\/tzionlibreria.com\\\/wp-content\\\/uploads\\\/2023\\\/11\\\/jesus-1.jpg\",\"contentUrl\":\"https:\\\/\\\/tzionlibreria.com\\\/wp-content\\\/uploads\\\/2023\\\/11\\\/jesus-1.jpg\",\"width\":1200,\"height\":1200},{\"@type\":\"BreadcrumbList\",\"@id\":\"https:\\\/\\\/tzionlibreria.com\\\/index.php\\\/product\\\/biblia-jesus-para-todos-edicion-promesa-rvr-1960-economica\\\/#breadcrumb\",\"itemListElement\":[{\"@type\":\"ListItem\",\"position\":1,\"name\":\"Inicio\",\"item\":\"https:\\\/\\\/tzionlibreria.com\\\/\"},{\"@type\":\"ListItem\",\"position\":2,\"name\":\"Shop\",\"item\":\"https:\\\/\\\/tzionlibreria.com\\\/index.php\\\/shop\\\/\"},{\"@type\":\"ListItem\",\"position\":3,\"name\":\"Biblia Jes\u00fas para todos Edici\u00f3n Promesa RVR 1960 (Econ\u00f3mica)\"}]},{\"@type\":\"WebSite\",\"@id\":\"https:\\\/\\\/tzionlibreria.com\\\/#website\",\"url\":\"https:\\\/\\\/tzionlibreria.com\\\/\",\"name\":\"tzionlibreria.com\",\"description\":\"Libreria Cristiana Venezuela\",\"publisher\":{\"@id\":\"https:\\\/\\\/tzionlibreria.com\\\/#organization\"},\"potentialAction\":[{\"@type\":\"SearchAction\",\"target\":{\"@type\":\"EntryPoint\",\"urlTemplate\":\"https:\\\/\\\/tzionlibreria.com\\\/?s={search_term_string}\"},\"query-input\":{\"@type\":\"PropertyValueSpecification\",\"valueRequired\":true,\"valueName\":\"search_term_string\"}}],\"inLanguage\":\"es-CO\"},{\"@type\":\"Organization\",\"@id\":\"https:\\\/\\\/tzionlibreria.com\\\/#organization\",\"name\":\"tzionlibreria.com\",\"url\":\"https:\\\/\\\/tzionlibreria.com\\\/\",\"logo\":{\"@type\":\"ImageObject\",\"inLanguage\":\"es-CO\",\"@id\":\"https:\\\/\\\/tzionlibreria.com\\\/#\\\/schema\\\/logo\\\/image\\\/\",\"url\":\"https:\\\/\\\/tzionlibreria.com\\\/wp-content\\\/uploads\\\/2023\\\/10\\\/cropped-Cuadricula-scaled-1.jpg\",\"contentUrl\":\"https:\\\/\\\/tzionlibreria.com\\\/wp-content\\\/uploads\\\/2023\\\/10\\\/cropped-Cuadricula-scaled-1.jpg\",\"width\":2560,\"height\":2560,\"caption\":\"tzionlibreria.com\"},\"image\":{\"@id\":\"https:\\\/\\\/tzionlibreria.com\\\/#\\\/schema\\\/logo\\\/image\\\/\"}}]}<\/script>\n<!-- \/ Yoast SEO plugin. -->","yoast_head_json":{"title":"Biblia Jes\u00fas para todos Edici\u00f3n Promesa RVR 1960 (Econ\u00f3mica) - tzionlibreria.com","description":"La Biblia de Promesas Jes\u00fas para Todos \u2013 Edici\u00f3n econ\u00f3mica es m\u00e1s que un libro: es un regalo de esperanza, fe y transformaci\u00f3n.","robots":{"index":"index","follow":"follow","max-snippet":"max-snippet:-1","max-image-preview":"max-image-preview:large","max-video-preview":"max-video-preview:-1"},"canonical":"https:\/\/tzionlibreria.com\/index.php\/product\/biblia-jesus-para-todos-edicion-promesa-rvr-1960-economica\/","og_locale":"es_ES","og_type":"article","og_title":"Biblia Jes\u00fas para todos Edici\u00f3n Promesa RVR 1960 (Econ\u00f3mica) - tzionlibreria.com","og_description":"La Biblia de Promesas Jes\u00fas para Todos \u2013 Edici\u00f3n econ\u00f3mica es m\u00e1s que un libro: es un regalo de esperanza, fe y transformaci\u00f3n.","og_url":"https:\/\/tzionlibreria.com\/index.php\/product\/biblia-jesus-para-todos-edicion-promesa-rvr-1960-economica\/","og_site_name":"tzionlibreria.com","article_modified_time":"2025-09-29T23:39:58+00:00","og_image":[{"width":1200,"height":1200,"url":"http:\/\/tzionlibreria.com\/wp-content\/uploads\/2023\/11\/jesus-1.jpg","type":"image\/jpeg"}],"twitter_card":"summary_large_image","twitter_misc":{"Tiempo de lectura":"2 minutos"},"schema":{"@context":"https:\/\/schema.org","@graph":[{"@type":"WebPage","@id":"https:\/\/tzionlibreria.com\/index.php\/product\/biblia-jesus-para-todos-edicion-promesa-rvr-1960-economica\/","url":"https:\/\/tzionlibreria.com\/index.php\/product\/biblia-jesus-para-todos-edicion-promesa-rvr-1960-economica\/","name":"Biblia Jes\u00fas para todos Edici\u00f3n Promesa RVR 1960 (Econ\u00f3mica) - tzionlibreria.com","isPartOf":{"@id":"https:\/\/tzionlibreria.com\/#website"},"primaryImageOfPage":{"@id":"https:\/\/tzionlibreria.com\/index.php\/product\/biblia-jesus-para-todos-edicion-promesa-rvr-1960-economica\/#primaryimage"},"image":{"@id":"https:\/\/tzionlibreria.com\/index.php\/product\/biblia-jesus-para-todos-edicion-promesa-rvr-1960-economica\/#primaryimage"},"thumbnailUrl":"https:\/\/tzionlibreria.com\/wp-content\/uploads\/2023\/11\/jesus-1.jpg","datePublished":"2023-11-13T16:16:36+00:00","dateModified":"2025-09-29T23:39:58+00:00","description":"La Biblia de Promesas Jes\u00fas para Todos \u2013 Edici\u00f3n econ\u00f3mica es m\u00e1s que un libro: es un regalo de esperanza, fe y transformaci\u00f3n.","breadcrumb":{"@id":"https:\/\/tzionlibreria.com\/index.php\/product\/biblia-jesus-para-todos-edicion-promesa-rvr-1960-economica\/#breadcrumb"},"inLanguage":"es-CO","potentialAction":[{"@type":"ReadAction","target":["https:\/\/tzionlibreria.com\/index.php\/product\/biblia-jesus-para-todos-edicion-promesa-rvr-1960-economica\/"]}]},{"@type":"ImageObject","inLanguage":"es-CO","@id":"https:\/\/tzionlibreria.com\/index.php\/product\/biblia-jesus-para-todos-edicion-promesa-rvr-1960-economica\/#primaryimage","url":"https:\/\/tzionlibreria.com\/wp-content\/uploads\/2023\/11\/jesus-1.jpg","contentUrl":"https:\/\/tzionlibreria.com\/wp-content\/uploads\/2023\/11\/jesus-1.jpg","width":1200,"height":1200},{"@type":"BreadcrumbList","@id":"https:\/\/tzionlibreria.com\/index.php\/product\/biblia-jesus-para-todos-edicion-promesa-rvr-1960-economica\/#breadcrumb","itemListElement":[{"@type":"ListItem","position":1,"name":"Inicio","item":"https:\/\/tzionlibreria.com\/"},{"@type":"ListItem","position":2,"name":"Shop","item":"https:\/\/tzionlibreria.com\/index.php\/shop\/"},{"@type":"ListItem","position":3,"name":"Biblia Jes\u00fas para todos Edici\u00f3n Promesa RVR 1960 (Econ\u00f3mica)"}]},{"@type":"WebSite","@id":"https:\/\/tzionlibreria.com\/#website","url":"https:\/\/tzionlibreria.com\/","name":"tzionlibreria.com","description":"Libreria Cristiana Venezuela","publisher":{"@id":"https:\/\/tzionlibreria.com\/#organization"},"potentialAction":[{"@type":"SearchAction","target":{"@type":"EntryPoint","urlTemplate":"https:\/\/tzionlibreria.com\/?s={search_term_string}"},"query-input":{"@type":"PropertyValueSpecification","valueRequired":true,"valueName":"search_term_string"}}],"inLanguage":"es-CO"},{"@type":"Organization","@id":"https:\/\/tzionlibreria.com\/#organization","name":"tzionlibreria.com","url":"https:\/\/tzionlibreria.com\/","logo":{"@type":"ImageObject","inLanguage":"es-CO","@id":"https:\/\/tzionlibreria.com\/#\/schema\/logo\/image\/","url":"https:\/\/tzionlibreria.com\/wp-content\/uploads\/2023\/10\/cropped-Cuadricula-scaled-1.jpg","contentUrl":"https:\/\/tzionlibreria.com\/wp-content\/uploads\/2023\/10\/cropped-Cuadricula-scaled-1.jpg","width":2560,"height":2560,"caption":"tzionlibreria.com"},"image":{"@id":"https:\/\/tzionlibreria.com\/#\/schema\/logo\/image\/"}}]}},"jetpack_sharing_enabled":true,"_links":{"self":[{"href":"https:\/\/tzionlibreria.com\/index.php\/wp-json\/wp\/v2\/product\/1143","targetHints":{"allow":["GET"]}}],"collection":[{"href":"https:\/\/tzionlibreria.com\/index.php\/wp-json\/wp\/v2\/product"}],"about":[{"href":"https:\/\/tzionlibreria.com\/index.php\/wp-json\/wp\/v2\/types\/product"}],"replies":[{"embeddable":true,"href":"https:\/\/tzionlibreria.com\/index.php\/wp-json\/wp\/v2\/comments?post=1143"}],"wp:featuredmedia":[{"embeddable":true,"href":"https:\/\/tzionlibreria.com\/index.php\/wp-json\/wp\/v2\/media\/1144"}],"wp:attachment":[{"href":"https:\/\/tzionlibreria.com\/index.php\/wp-json\/wp\/v2\/media?parent=1143"}],"wp:term":[{"taxonomy":"product_brand","embeddable":true,"href":"https:\/\/tzionlibreria.com\/index.php\/wp-json\/wp\/v2\/product_brand?post=1143"},{"taxonomy":"product_cat","embeddable":true,"href":"https:\/\/tzionlibreria.com\/index.php\/wp-json\/wp\/v2\/product_cat?post=1143"},{"taxonomy":"product_tag","embeddable":true,"href":"https:\/\/tzionlibreria.com\/index.php\/wp-json\/wp\/v2\/product_tag?post=1143"}],"curies":[{"name":"wp","href":"https:\/\/api.w.org\/{rel}","templated":true}]}}