{"id":1156,"date":"2023-11-13T16:38:05","date_gmt":"2023-11-13T16:38:05","guid":{"rendered":"https:\/\/tzionlibreria.com\/?post_type=product&#038;p=1156"},"modified":"2024-11-02T21:12:03","modified_gmt":"2024-11-02T21:12:03","slug":"biblia-devocional-para-la-mujer-nvi","status":"publish","type":"product","link":"https:\/\/tzionlibreria.com\/index.php\/product\/biblia-devocional-para-la-mujer-nvi\/","title":{"rendered":"Biblia Devocional para la Mujer NVI"},"content":{"rendered":"<p><strong>Para Mujeres<\/strong><\/p>\n<p>Si es una madre joven o una abuela, soltera o casada, le encantar\u00e1 la oportuna y atractiva &#8216;Biblia Devocional de la Mujer&#8217;. Cada d\u00eda de la semana, de lunes a viernes, podr\u00e1 leer un pasaje de las Escrituras junto con un mensaje devocional que contribuir\u00e1 a su crecimiento espiritual. Los fines de semana hallar\u00e1 poemas, pensamientos notables y curiosidades, junto con sugerencias para la lectura b\u00edblica, que la alentaran en su andar con Dios.<\/p>\n<p><strong>Por Mujeres<\/strong><\/p>\n<p>Casi todos los devocionales los escribieron mujeres hispanas reconocidas en sus respectivos pa\u00edses por su buen testimonio y su fiel servicio al Se\u00f1or. Al igual que usted, se levantan cada ma\u00f1ana para enfrentar un d\u00eda lleno de actividades y oportunidades de crecimiento y servicio. Saben que la mujer necesita aliento, consuelo y palabras de esperanza. Y eso es lo que han expresado en las meditaciones contenidas en esta Biblia.<\/p>\n<p><strong>Acerca de Mujeres<\/strong><\/p>\n<p>El amor, el hogar, los hijos, el trabajo, la iglesia, las amistades, la comunidad, se entretejen en el mudo de la mujer. Por eso, la &#8216;Biblia Devocional de la Mujer&#8217; nos muestra una l\u00facida perspectiva de la Palabra de Dios en los diversos asuntos que enfrentan las mujeres hoy. En sus devocionales, que van de lo alentador a lo conmovedor, encontrar\u00e1 fuerza, inspiraci\u00f3n y comprensi\u00f3n para los problemas de la vida.<\/p>\n<p>Adem\u00e1s, la &#8216;Biblia Devocional de la Mujer&#8217; cuenta con un plan de lecturas que le ayudar\u00e1 a leer la Biblia, de principio a fin, en un a\u00f1o. El texto b\u00edblico se tom\u00f3 de la Nueva Versi\u00f3n Internacional, una traducci\u00f3n de las Sagradas Escrituras contempor\u00e1nea y de f\u00e1cil lectura.<\/p>\n<p>&nbsp;<\/p>\n<div id=\"ctl00_ucPDTabs_ctl02_fs\" class=\"ProductDetailGroup system-properties\"><strong>ISBN<\/strong>: 9780829723939<br \/>\n<strong>Editorial<\/strong>:\u00a0Vida<br \/>\n<strong>Dimensiones<\/strong>: 15 x 22 x 3 cm<br \/>\n<strong>Peso<\/strong>: 0,950kg<br \/>\n<strong>Cubierta<\/strong>: Piel elaborada<br \/>\n<strong>N\u00famero de p\u00e1ginas<\/strong>: 1780<br \/>\n<strong>Idioma<\/strong>: Espa\u00f1ol<\/div>\n<div id=\"ctl00_ucPDTabs_ctl03_fs\" class=\"ProductDetailGroup\"><strong>Versi\u00f3n:<\/strong>\u00a0NVI<br \/>\n<strong>Color:<\/strong>\u00a0Rosado<br \/>\n<strong>Canto:<\/strong>\u00a0Blanco<br \/>\n<strong>Tama\u00f1o:<\/strong>\u00a0Manual<br \/>\n<strong>Audiencia:<\/strong>\u00a0Mujeres<br \/>\n<strong>Caracter\u00edsticas Adicionales:<\/strong> \u00cdndice de temas de las meditaciones devocionales, Concordancia, Tabla de Pesos y Medidas, Glosario.<\/div>\n","protected":false},"excerpt":{"rendered":"<p>Para Mujeres Si es una madre joven o una abuela, soltera o casada, le encantar\u00e1 la oportuna y atractiva &#8216;Biblia Devocional de la Mujer&#8217;. Cada d\u00eda de la semana, de lunes a viernes, podr\u00e1 leer un pasaje de las Escrituras junto con un mensaje devocional que contribuir\u00e1 a su crecimiento espiritual. Los fines de semana [&hellip;]<\/p>\n","protected":false},"featured_media":1157,"comment_status":"open","ping_status":"closed","template":"","meta":{"om_disable_all_campaigns":false,"_monsterinsights_skip_tracking":false,"_monsterinsights_sitenote_active":false,"_monsterinsights_sitenote_note":"","_monsterinsights_sitenote_category":0,"site-sidebar-layout":"default","site-content-layout":"","ast-site-content-layout":"default","site-content-style":"default","site-sidebar-style":"default","ast-global-header-display":"","ast-banner-title-visibility":"","ast-main-header-display":"","ast-hfb-above-header-display":"","ast-hfb-below-header-display":"","ast-hfb-mobile-header-display":"","site-post-title":"","ast-breadcrumbs-content":"","ast-featured-img":"","footer-sml-layout":"","ast-disable-related-posts":"","theme-transparent-header-meta":"default","adv-header-id-meta":"","stick-header-meta":"","header-above-stick-meta":"","header-main-stick-meta":"","header-below-stick-meta":"","astra-migrate-meta-layouts":"set","ast-page-background-enabled":"default","ast-page-background-meta":{"desktop":{"background-color":"var(--ast-global-color-4)","background-image":"","background-repeat":"repeat","background-position":"center center","background-size":"auto","background-attachment":"scroll","background-type":"","background-media":"","overlay-type":"","overlay-color":"","overlay-opacity":"","overlay-gradient":""},"tablet":{"background-color":"","background-image":"","background-repeat":"repeat","background-position":"center center","background-size":"auto","background-attachment":"scroll","background-type":"","background-media":"","overlay-type":"","overlay-color":"","overlay-opacity":"","overlay-gradient":""},"mobile":{"background-color":"","background-image":"","background-repeat":"repeat","background-position":"center center","background-size":"auto","background-attachment":"scroll","background-type":"","background-media":"","overlay-type":"","overlay-color":"","overlay-opacity":"","overlay-gradient":""}},"ast-content-background-meta":{"desktop":{"background-color":"var(--ast-global-color-5)","background-image":"","background-repeat":"repeat","background-position":"center center","background-size":"auto","background-attachment":"scroll","background-type":"","background-media":"","overlay-type":"","overlay-color":"","overlay-opacity":"","overlay-gradient":""},"tablet":{"background-color":"var(--ast-global-color-5)","background-image":"","background-repeat":"repeat","background-position":"center center","background-size":"auto","background-attachment":"scroll","background-type":"","background-media":"","overlay-type":"","overlay-color":"","overlay-opacity":"","overlay-gradient":""},"mobile":{"background-color":"var(--ast-global-color-5)","background-image":"","background-repeat":"repeat","background-position":"center center","background-size":"auto","background-attachment":"scroll","background-type":"","background-media":"","overlay-type":"","overlay-color":"","overlay-opacity":"","overlay-gradient":""}}},"product_brand":[],"product_cat":[22,34,32],"product_tag":[242],"class_list":{"0":"post-1156","1":"product","2":"type-product","3":"status-publish","4":"has-post-thumbnail","6":"product_cat-biblias","7":"product_cat-biblias-devocionales","8":"product_cat-biblias-nvi","9":"product_tag-mujer","10":"desktop-align-left","11":"tablet-align-left","12":"mobile-align-left","14":"first","15":"instock","16":"shipping-taxable","17":"purchasable","18":"product-type-simple"},"yoast_head":"<!-- This site is optimized with the Yoast SEO plugin v27.4 - https:\/\/yoast.com\/product\/yoast-seo-wordpress\/ -->\n<title>Biblia Devocional para la Mujer NVI - tzionlibreria.com<\/title>\n<meta name=\"robots\" content=\"index, follow, max-snippet:-1, max-image-preview:large, max-video-preview:-1\" \/>\n<link rel=\"canonical\" href=\"https:\/\/tzionlibreria.com\/index.php\/product\/biblia-devocional-para-la-mujer-nvi\/\" \/>\n<meta property=\"og:locale\" content=\"es_ES\" \/>\n<meta property=\"og:type\" content=\"article\" \/>\n<meta property=\"og:title\" content=\"Biblia Devocional para la Mujer NVI - tzionlibreria.com\" \/>\n<meta property=\"og:description\" content=\"Para Mujeres Si es una madre joven o una abuela, soltera o casada, le encantar\u00e1 la oportuna y atractiva &#8216;Biblia Devocional de la Mujer&#8217;. Cada d\u00eda de la semana, de lunes a viernes, podr\u00e1 leer un pasaje de las Escrituras junto con un mensaje devocional que contribuir\u00e1 a su crecimiento espiritual. Los fines de semana [&hellip;]\" \/>\n<meta property=\"og:url\" content=\"https:\/\/tzionlibreria.com\/index.php\/product\/biblia-devocional-para-la-mujer-nvi\/\" \/>\n<meta property=\"og:site_name\" content=\"tzionlibreria.com\" \/>\n<meta property=\"article:modified_time\" content=\"2024-11-02T21:12:03+00:00\" \/>\n<meta property=\"og:image\" content=\"http:\/\/tzionlibreria.com\/wp-content\/uploads\/2023\/11\/nvi.jpg\" \/>\n\t<meta property=\"og:image:width\" content=\"1200\" \/>\n\t<meta property=\"og:image:height\" content=\"1200\" \/>\n\t<meta property=\"og:image:type\" content=\"image\/jpeg\" \/>\n<meta name=\"twitter:card\" content=\"summary_large_image\" \/>\n<meta name=\"twitter:label1\" content=\"Tiempo de lectura\" \/>\n\t<meta name=\"twitter:data1\" content=\"2 minutos\" \/>\n<script type=\"application\/ld+json\" class=\"yoast-schema-graph\">{\"@context\":\"https:\\\/\\\/schema.org\",\"@graph\":[{\"@type\":\"WebPage\",\"@id\":\"https:\\\/\\\/tzionlibreria.com\\\/index.php\\\/product\\\/biblia-devocional-para-la-mujer-nvi\\\/\",\"url\":\"https:\\\/\\\/tzionlibreria.com\\\/index.php\\\/product\\\/biblia-devocional-para-la-mujer-nvi\\\/\",\"name\":\"Biblia Devocional para la Mujer NVI - tzionlibreria.com\",\"isPartOf\":{\"@id\":\"https:\\\/\\\/tzionlibreria.com\\\/#website\"},\"primaryImageOfPage\":{\"@id\":\"https:\\\/\\\/tzionlibreria.com\\\/index.php\\\/product\\\/biblia-devocional-para-la-mujer-nvi\\\/#primaryimage\"},\"image\":{\"@id\":\"https:\\\/\\\/tzionlibreria.com\\\/index.php\\\/product\\\/biblia-devocional-para-la-mujer-nvi\\\/#primaryimage\"},\"thumbnailUrl\":\"https:\\\/\\\/tzionlibreria.com\\\/wp-content\\\/uploads\\\/2023\\\/11\\\/nvi.jpg\",\"datePublished\":\"2023-11-13T16:38:05+00:00\",\"dateModified\":\"2024-11-02T21:12:03+00:00\",\"breadcrumb\":{\"@id\":\"https:\\\/\\\/tzionlibreria.com\\\/index.php\\\/product\\\/biblia-devocional-para-la-mujer-nvi\\\/#breadcrumb\"},\"inLanguage\":\"es-CO\",\"potentialAction\":[{\"@type\":\"ReadAction\",\"target\":[\"https:\\\/\\\/tzionlibreria.com\\\/index.php\\\/product\\\/biblia-devocional-para-la-mujer-nvi\\\/\"]}]},{\"@type\":\"ImageObject\",\"inLanguage\":\"es-CO\",\"@id\":\"https:\\\/\\\/tzionlibreria.com\\\/index.php\\\/product\\\/biblia-devocional-para-la-mujer-nvi\\\/#primaryimage\",\"url\":\"https:\\\/\\\/tzionlibreria.com\\\/wp-content\\\/uploads\\\/2023\\\/11\\\/nvi.jpg\",\"contentUrl\":\"https:\\\/\\\/tzionlibreria.com\\\/wp-content\\\/uploads\\\/2023\\\/11\\\/nvi.jpg\",\"width\":1200,\"height\":1200},{\"@type\":\"BreadcrumbList\",\"@id\":\"https:\\\/\\\/tzionlibreria.com\\\/index.php\\\/product\\\/biblia-devocional-para-la-mujer-nvi\\\/#breadcrumb\",\"itemListElement\":[{\"@type\":\"ListItem\",\"position\":1,\"name\":\"Inicio\",\"item\":\"https:\\\/\\\/tzionlibreria.com\\\/\"},{\"@type\":\"ListItem\",\"position\":2,\"name\":\"Shop\",\"item\":\"https:\\\/\\\/tzionlibreria.com\\\/index.php\\\/shop\\\/\"},{\"@type\":\"ListItem\",\"position\":3,\"name\":\"Biblia Devocional para la Mujer NVI\"}]},{\"@type\":\"WebSite\",\"@id\":\"https:\\\/\\\/tzionlibreria.com\\\/#website\",\"url\":\"https:\\\/\\\/tzionlibreria.com\\\/\",\"name\":\"tzionlibreria.com\",\"description\":\"Libreria Cristiana Venezuela\",\"publisher\":{\"@id\":\"https:\\\/\\\/tzionlibreria.com\\\/#organization\"},\"potentialAction\":[{\"@type\":\"SearchAction\",\"target\":{\"@type\":\"EntryPoint\",\"urlTemplate\":\"https:\\\/\\\/tzionlibreria.com\\\/?s={search_term_string}\"},\"query-input\":{\"@type\":\"PropertyValueSpecification\",\"valueRequired\":true,\"valueName\":\"search_term_string\"}}],\"inLanguage\":\"es-CO\"},{\"@type\":\"Organization\",\"@id\":\"https:\\\/\\\/tzionlibreria.com\\\/#organization\",\"name\":\"tzionlibreria.com\",\"url\":\"https:\\\/\\\/tzionlibreria.com\\\/\",\"logo\":{\"@type\":\"ImageObject\",\"inLanguage\":\"es-CO\",\"@id\":\"https:\\\/\\\/tzionlibreria.com\\\/#\\\/schema\\\/logo\\\/image\\\/\",\"url\":\"https:\\\/\\\/tzionlibreria.com\\\/wp-content\\\/uploads\\\/2023\\\/10\\\/cropped-Cuadricula-scaled-1.jpg\",\"contentUrl\":\"https:\\\/\\\/tzionlibreria.com\\\/wp-content\\\/uploads\\\/2023\\\/10\\\/cropped-Cuadricula-scaled-1.jpg\",\"width\":2560,\"height\":2560,\"caption\":\"tzionlibreria.com\"},\"image\":{\"@id\":\"https:\\\/\\\/tzionlibreria.com\\\/#\\\/schema\\\/logo\\\/image\\\/\"}}]}<\/script>\n<!-- \/ Yoast SEO plugin. -->","yoast_head_json":{"title":"Biblia Devocional para la Mujer NVI - tzionlibreria.com","robots":{"index":"index","follow":"follow","max-snippet":"max-snippet:-1","max-image-preview":"max-image-preview:large","max-video-preview":"max-video-preview:-1"},"canonical":"https:\/\/tzionlibreria.com\/index.php\/product\/biblia-devocional-para-la-mujer-nvi\/","og_locale":"es_ES","og_type":"article","og_title":"Biblia Devocional para la Mujer NVI - tzionlibreria.com","og_description":"Para Mujeres Si es una madre joven o una abuela, soltera o casada, le encantar\u00e1 la oportuna y atractiva &#8216;Biblia Devocional de la Mujer&#8217;. Cada d\u00eda de la semana, de lunes a viernes, podr\u00e1 leer un pasaje de las Escrituras junto con un mensaje devocional que contribuir\u00e1 a su crecimiento espiritual. Los fines de semana [&hellip;]","og_url":"https:\/\/tzionlibreria.com\/index.php\/product\/biblia-devocional-para-la-mujer-nvi\/","og_site_name":"tzionlibreria.com","article_modified_time":"2024-11-02T21:12:03+00:00","og_image":[{"width":1200,"height":1200,"url":"http:\/\/tzionlibreria.com\/wp-content\/uploads\/2023\/11\/nvi.jpg","type":"image\/jpeg"}],"twitter_card":"summary_large_image","twitter_misc":{"Tiempo de lectura":"2 minutos"},"schema":{"@context":"https:\/\/schema.org","@graph":[{"@type":"WebPage","@id":"https:\/\/tzionlibreria.com\/index.php\/product\/biblia-devocional-para-la-mujer-nvi\/","url":"https:\/\/tzionlibreria.com\/index.php\/product\/biblia-devocional-para-la-mujer-nvi\/","name":"Biblia Devocional para la Mujer NVI - tzionlibreria.com","isPartOf":{"@id":"https:\/\/tzionlibreria.com\/#website"},"primaryImageOfPage":{"@id":"https:\/\/tzionlibreria.com\/index.php\/product\/biblia-devocional-para-la-mujer-nvi\/#primaryimage"},"image":{"@id":"https:\/\/tzionlibreria.com\/index.php\/product\/biblia-devocional-para-la-mujer-nvi\/#primaryimage"},"thumbnailUrl":"https:\/\/tzionlibreria.com\/wp-content\/uploads\/2023\/11\/nvi.jpg","datePublished":"2023-11-13T16:38:05+00:00","dateModified":"2024-11-02T21:12:03+00:00","breadcrumb":{"@id":"https:\/\/tzionlibreria.com\/index.php\/product\/biblia-devocional-para-la-mujer-nvi\/#breadcrumb"},"inLanguage":"es-CO","potentialAction":[{"@type":"ReadAction","target":["https:\/\/tzionlibreria.com\/index.php\/product\/biblia-devocional-para-la-mujer-nvi\/"]}]},{"@type":"ImageObject","inLanguage":"es-CO","@id":"https:\/\/tzionlibreria.com\/index.php\/product\/biblia-devocional-para-la-mujer-nvi\/#primaryimage","url":"https:\/\/tzionlibreria.com\/wp-content\/uploads\/2023\/11\/nvi.jpg","contentUrl":"https:\/\/tzionlibreria.com\/wp-content\/uploads\/2023\/11\/nvi.jpg","width":1200,"height":1200},{"@type":"BreadcrumbList","@id":"https:\/\/tzionlibreria.com\/index.php\/product\/biblia-devocional-para-la-mujer-nvi\/#breadcrumb","itemListElement":[{"@type":"ListItem","position":1,"name":"Inicio","item":"https:\/\/tzionlibreria.com\/"},{"@type":"ListItem","position":2,"name":"Shop","item":"https:\/\/tzionlibreria.com\/index.php\/shop\/"},{"@type":"ListItem","position":3,"name":"Biblia Devocional para la Mujer NVI"}]},{"@type":"WebSite","@id":"https:\/\/tzionlibreria.com\/#website","url":"https:\/\/tzionlibreria.com\/","name":"tzionlibreria.com","description":"Libreria Cristiana Venezuela","publisher":{"@id":"https:\/\/tzionlibreria.com\/#organization"},"potentialAction":[{"@type":"SearchAction","target":{"@type":"EntryPoint","urlTemplate":"https:\/\/tzionlibreria.com\/?s={search_term_string}"},"query-input":{"@type":"PropertyValueSpecification","valueRequired":true,"valueName":"search_term_string"}}],"inLanguage":"es-CO"},{"@type":"Organization","@id":"https:\/\/tzionlibreria.com\/#organization","name":"tzionlibreria.com","url":"https:\/\/tzionlibreria.com\/","logo":{"@type":"ImageObject","inLanguage":"es-CO","@id":"https:\/\/tzionlibreria.com\/#\/schema\/logo\/image\/","url":"https:\/\/tzionlibreria.com\/wp-content\/uploads\/2023\/10\/cropped-Cuadricula-scaled-1.jpg","contentUrl":"https:\/\/tzionlibreria.com\/wp-content\/uploads\/2023\/10\/cropped-Cuadricula-scaled-1.jpg","width":2560,"height":2560,"caption":"tzionlibreria.com"},"image":{"@id":"https:\/\/tzionlibreria.com\/#\/schema\/logo\/image\/"}}]}},"jetpack_sharing_enabled":true,"_links":{"self":[{"href":"https:\/\/tzionlibreria.com\/index.php\/wp-json\/wp\/v2\/product\/1156","targetHints":{"allow":["GET"]}}],"collection":[{"href":"https:\/\/tzionlibreria.com\/index.php\/wp-json\/wp\/v2\/product"}],"about":[{"href":"https:\/\/tzionlibreria.com\/index.php\/wp-json\/wp\/v2\/types\/product"}],"replies":[{"embeddable":true,"href":"https:\/\/tzionlibreria.com\/index.php\/wp-json\/wp\/v2\/comments?post=1156"}],"wp:featuredmedia":[{"embeddable":true,"href":"https:\/\/tzionlibreria.com\/index.php\/wp-json\/wp\/v2\/media\/1157"}],"wp:attachment":[{"href":"https:\/\/tzionlibreria.com\/index.php\/wp-json\/wp\/v2\/media?parent=1156"}],"wp:term":[{"taxonomy":"product_brand","embeddable":true,"href":"https:\/\/tzionlibreria.com\/index.php\/wp-json\/wp\/v2\/product_brand?post=1156"},{"taxonomy":"product_cat","embeddable":true,"href":"https:\/\/tzionlibreria.com\/index.php\/wp-json\/wp\/v2\/product_cat?post=1156"},{"taxonomy":"product_tag","embeddable":true,"href":"https:\/\/tzionlibreria.com\/index.php\/wp-json\/wp\/v2\/product_tag?post=1156"}],"curies":[{"name":"wp","href":"https:\/\/api.w.org\/{rel}","templated":true}]}}