{"id":1241,"date":"2023-11-13T17:11:44","date_gmt":"2023-11-13T17:11:44","guid":{"rendered":"https:\/\/tzionlibreria.com\/?post_type=product&#038;p=1241"},"modified":"2025-06-03T22:08:26","modified_gmt":"2025-06-03T22:08:26","slug":"biblia-de-estudio-de-la-profecia-tapa-dura-rvr-1960-2","status":"publish","type":"product","link":"https:\/\/tzionlibreria.com\/index.php\/product\/biblia-de-estudio-de-la-profecia-tapa-dura-rvr-1960-2\/","title":{"rendered":"Biblia De Estudio De La Profecia Tapa Dura Rvr 1960"},"content":{"rendered":"<div id=\"ctl00_ucPDTabs_ctl00_fs\" class=\"ProductDetailGroup\">\n<div class=\"ast-oembed-container \" style=\"height: 100%;\"><iframe title=\"Biblia De Estudio De La Profecia Tapa Dura Reina Valera 1960\" width=\"500\" height=\"281\" src=\"https:\/\/www.youtube.com\/embed\/EQnTIctQfpY?feature=oembed\" frameborder=\"0\" allow=\"accelerometer; autoplay; clipboard-write; encrypted-media; gyroscope; picture-in-picture; web-share\" referrerpolicy=\"strict-origin-when-cross-origin\" allowfullscreen><\/iframe><\/div>\n<p>&nbsp;<\/p>\n<p>El Dr. LaHaye ha contado con los significativos aportes de m\u00e1s de 48 acad\u00e9micos para esta obra, culminaci\u00f3n de toda una vida. Juntos, todos ellos han creado las Biblias de estudio indispensables para pastores, maestros y estudiantes, y todo el que tenga inter\u00e9s por descubrir los hechos y datos reales tras la ficci\u00f3n, sobre lo que la Biblia nos dice en cuanto a la profec\u00eda de los \u00faltimos tiempos.<\/p>\n<p>La Biblia de Estudio de la Profec\u00eda, de Tim LaHaye, es una verdadera Biblia de estudio porque es integral, completa.<\/p>\n<p>Contiene:<\/p>\n<ul>\n<li>Cuadros a todo color<\/li>\n<li>Cronolog\u00eda gr\u00e1fica de eventos b\u00edblicos<\/li>\n<li>Referencias en columna central<\/li>\n<li>Gr\u00e1ficos panor\u00e1micos a todo color<\/li>\n<li>L\u00ednea de tiempo de sucesos b\u00edblicos<\/li>\n<li>M\u00e1s de 70 art\u00edculos relacionados con la profec\u00eda b\u00edblica<\/li>\n<li>Introducciones a los libros<\/li>\n<li>84 Cuadros y tablas<\/li>\n<li>Concordancia de la Biblia<\/li>\n<li>Notas explicativas de pasajes clave relacionados con la profec\u00eda b\u00edblica<\/li>\n<li>Letras de Jes\u00fas en rojo<\/li>\n<li>Y mucho, mucho m\u00e1s&#8230;<\/li>\n<\/ul>\n<p><strong>ISBN<\/strong>: 9781941538678<br \/>\n<strong>Editorial<\/strong>:\u00a0Nivel Uno<br \/>\n<strong>Dimensiones<\/strong>: 15 x 23 x 4 cm<br \/>\n<strong>Peso<\/strong>: 1,050kg<br \/>\n<strong>Cubierta<\/strong>: Tapa Dura<br \/>\n<strong>N\u00famero de p\u00e1ginas<\/strong>: 1336<br \/>\n<strong>Idioma<\/strong>: Espa\u00f1ol<\/p>\n<\/div>\n<div id=\"ctl00_ucPDTabs_ctl01_fs\" class=\"ProductDetailGroup\"><\/div>\n","protected":false},"excerpt":{"rendered":"<p>&nbsp; El Dr. LaHaye ha contado con los significativos aportes de m\u00e1s de 48 acad\u00e9micos para esta obra, culminaci\u00f3n de toda una vida. Juntos, todos ellos han creado las Biblias de estudio indispensables para pastores, maestros y estudiantes, y todo el que tenga inter\u00e9s por descubrir los hechos y datos reales tras la ficci\u00f3n, sobre [&hellip;]<\/p>\n","protected":false},"featured_media":587,"comment_status":"open","ping_status":"closed","template":"","meta":{"om_disable_all_campaigns":false,"_monsterinsights_skip_tracking":false,"_monsterinsights_sitenote_active":false,"_monsterinsights_sitenote_note":"","_monsterinsights_sitenote_category":0,"site-sidebar-layout":"default","site-content-layout":"","ast-site-content-layout":"default","site-content-style":"default","site-sidebar-style":"default","ast-global-header-display":"","ast-banner-title-visibility":"","ast-main-header-display":"","ast-hfb-above-header-display":"","ast-hfb-below-header-display":"","ast-hfb-mobile-header-display":"","site-post-title":"","ast-breadcrumbs-content":"","ast-featured-img":"","footer-sml-layout":"","ast-disable-related-posts":"","theme-transparent-header-meta":"default","adv-header-id-meta":"","stick-header-meta":"","header-above-stick-meta":"","header-main-stick-meta":"","header-below-stick-meta":"","astra-migrate-meta-layouts":"set","ast-page-background-enabled":"default","ast-page-background-meta":{"desktop":{"background-color":"var(--ast-global-color-4)","background-image":"","background-repeat":"repeat","background-position":"center center","background-size":"auto","background-attachment":"scroll","background-type":"","background-media":"","overlay-type":"","overlay-color":"","overlay-opacity":"","overlay-gradient":""},"tablet":{"background-color":"","background-image":"","background-repeat":"repeat","background-position":"center center","background-size":"auto","background-attachment":"scroll","background-type":"","background-media":"","overlay-type":"","overlay-color":"","overlay-opacity":"","overlay-gradient":""},"mobile":{"background-color":"","background-image":"","background-repeat":"repeat","background-position":"center center","background-size":"auto","background-attachment":"scroll","background-type":"","background-media":"","overlay-type":"","overlay-color":"","overlay-opacity":"","overlay-gradient":""}},"ast-content-background-meta":{"desktop":{"background-color":"var(--ast-global-color-5)","background-image":"","background-repeat":"repeat","background-position":"center center","background-size":"auto","background-attachment":"scroll","background-type":"","background-media":"","overlay-type":"","overlay-color":"","overlay-opacity":"","overlay-gradient":""},"tablet":{"background-color":"var(--ast-global-color-5)","background-image":"","background-repeat":"repeat","background-position":"center center","background-size":"auto","background-attachment":"scroll","background-type":"","background-media":"","overlay-type":"","overlay-color":"","overlay-opacity":"","overlay-gradient":""},"mobile":{"background-color":"var(--ast-global-color-5)","background-image":"","background-repeat":"repeat","background-position":"center center","background-size":"auto","background-attachment":"scroll","background-type":"","background-media":"","overlay-type":"","overlay-color":"","overlay-opacity":"","overlay-gradient":""}}},"product_brand":[],"product_cat":[22,30],"product_tag":[],"class_list":{"0":"post-1241","1":"product","2":"type-product","3":"status-publish","4":"has-post-thumbnail","6":"product_cat-biblias","7":"product_cat-biblia-de-estudio","8":"desktop-align-left","9":"tablet-align-left","10":"mobile-align-left","12":"first","13":"outofstock","14":"shipping-taxable","15":"purchasable","16":"product-type-simple"},"yoast_head":"<!-- This site is optimized with the Yoast SEO plugin v27.4 - https:\/\/yoast.com\/product\/yoast-seo-wordpress\/ -->\n<title>Biblia De Estudio De La Profecia Tapa Dura Rvr 1960 - tzionlibreria.com<\/title>\n<meta name=\"robots\" content=\"index, follow, max-snippet:-1, max-image-preview:large, max-video-preview:-1\" \/>\n<link rel=\"canonical\" href=\"https:\/\/tzionlibreria.com\/index.php\/product\/biblia-de-estudio-de-la-profecia-tapa-dura-rvr-1960-2\/\" \/>\n<meta property=\"og:locale\" content=\"es_ES\" \/>\n<meta property=\"og:type\" content=\"article\" \/>\n<meta property=\"og:title\" content=\"Biblia De Estudio De La Profecia Tapa Dura Rvr 1960 - tzionlibreria.com\" \/>\n<meta property=\"og:description\" content=\"&nbsp; El Dr. LaHaye ha contado con los significativos aportes de m\u00e1s de 48 acad\u00e9micos para esta obra, culminaci\u00f3n de toda una vida. Juntos, todos ellos han creado las Biblias de estudio indispensables para pastores, maestros y estudiantes, y todo el que tenga inter\u00e9s por descubrir los hechos y datos reales tras la ficci\u00f3n, sobre [&hellip;]\" \/>\n<meta property=\"og:url\" content=\"https:\/\/tzionlibreria.com\/index.php\/product\/biblia-de-estudio-de-la-profecia-tapa-dura-rvr-1960-2\/\" \/>\n<meta property=\"og:site_name\" content=\"tzionlibreria.com\" \/>\n<meta property=\"article:modified_time\" content=\"2025-06-03T22:08:26+00:00\" \/>\n<meta property=\"og:image\" content=\"http:\/\/tzionlibreria.com\/wp-content\/uploads\/2023\/10\/D_NQ_NP_2X_983286-MLV54244296520_032023-F.webp\" \/>\n\t<meta property=\"og:image:width\" content=\"1200\" \/>\n\t<meta property=\"og:image:height\" content=\"1118\" \/>\n\t<meta property=\"og:image:type\" content=\"image\/webp\" \/>\n<meta name=\"twitter:card\" content=\"summary_large_image\" \/>\n<meta name=\"twitter:label1\" content=\"Tiempo de lectura\" \/>\n\t<meta name=\"twitter:data1\" content=\"2 minutos\" \/>\n<script type=\"application\/ld+json\" class=\"yoast-schema-graph\">{\"@context\":\"https:\\\/\\\/schema.org\",\"@graph\":[{\"@type\":\"WebPage\",\"@id\":\"https:\\\/\\\/tzionlibreria.com\\\/index.php\\\/product\\\/biblia-de-estudio-de-la-profecia-tapa-dura-rvr-1960-2\\\/\",\"url\":\"https:\\\/\\\/tzionlibreria.com\\\/index.php\\\/product\\\/biblia-de-estudio-de-la-profecia-tapa-dura-rvr-1960-2\\\/\",\"name\":\"Biblia De Estudio De La Profecia Tapa Dura Rvr 1960 - tzionlibreria.com\",\"isPartOf\":{\"@id\":\"https:\\\/\\\/tzionlibreria.com\\\/#website\"},\"primaryImageOfPage\":{\"@id\":\"https:\\\/\\\/tzionlibreria.com\\\/index.php\\\/product\\\/biblia-de-estudio-de-la-profecia-tapa-dura-rvr-1960-2\\\/#primaryimage\"},\"image\":{\"@id\":\"https:\\\/\\\/tzionlibreria.com\\\/index.php\\\/product\\\/biblia-de-estudio-de-la-profecia-tapa-dura-rvr-1960-2\\\/#primaryimage\"},\"thumbnailUrl\":\"https:\\\/\\\/tzionlibreria.com\\\/wp-content\\\/uploads\\\/2023\\\/10\\\/D_NQ_NP_2X_983286-MLV54244296520_032023-F.webp\",\"datePublished\":\"2023-11-13T17:11:44+00:00\",\"dateModified\":\"2025-06-03T22:08:26+00:00\",\"breadcrumb\":{\"@id\":\"https:\\\/\\\/tzionlibreria.com\\\/index.php\\\/product\\\/biblia-de-estudio-de-la-profecia-tapa-dura-rvr-1960-2\\\/#breadcrumb\"},\"inLanguage\":\"es-CO\",\"potentialAction\":[{\"@type\":\"ReadAction\",\"target\":[\"https:\\\/\\\/tzionlibreria.com\\\/index.php\\\/product\\\/biblia-de-estudio-de-la-profecia-tapa-dura-rvr-1960-2\\\/\"]}]},{\"@type\":\"ImageObject\",\"inLanguage\":\"es-CO\",\"@id\":\"https:\\\/\\\/tzionlibreria.com\\\/index.php\\\/product\\\/biblia-de-estudio-de-la-profecia-tapa-dura-rvr-1960-2\\\/#primaryimage\",\"url\":\"https:\\\/\\\/tzionlibreria.com\\\/wp-content\\\/uploads\\\/2023\\\/10\\\/D_NQ_NP_2X_983286-MLV54244296520_032023-F.webp\",\"contentUrl\":\"https:\\\/\\\/tzionlibreria.com\\\/wp-content\\\/uploads\\\/2023\\\/10\\\/D_NQ_NP_2X_983286-MLV54244296520_032023-F.webp\",\"width\":1200,\"height\":1118},{\"@type\":\"BreadcrumbList\",\"@id\":\"https:\\\/\\\/tzionlibreria.com\\\/index.php\\\/product\\\/biblia-de-estudio-de-la-profecia-tapa-dura-rvr-1960-2\\\/#breadcrumb\",\"itemListElement\":[{\"@type\":\"ListItem\",\"position\":1,\"name\":\"Inicio\",\"item\":\"https:\\\/\\\/tzionlibreria.com\\\/\"},{\"@type\":\"ListItem\",\"position\":2,\"name\":\"Shop\",\"item\":\"https:\\\/\\\/tzionlibreria.com\\\/index.php\\\/shop\\\/\"},{\"@type\":\"ListItem\",\"position\":3,\"name\":\"Biblia De Estudio De La Profecia Tapa Dura Rvr 1960\"}]},{\"@type\":\"WebSite\",\"@id\":\"https:\\\/\\\/tzionlibreria.com\\\/#website\",\"url\":\"https:\\\/\\\/tzionlibreria.com\\\/\",\"name\":\"tzionlibreria.com\",\"description\":\"Libreria Cristiana Venezuela\",\"publisher\":{\"@id\":\"https:\\\/\\\/tzionlibreria.com\\\/#organization\"},\"potentialAction\":[{\"@type\":\"SearchAction\",\"target\":{\"@type\":\"EntryPoint\",\"urlTemplate\":\"https:\\\/\\\/tzionlibreria.com\\\/?s={search_term_string}\"},\"query-input\":{\"@type\":\"PropertyValueSpecification\",\"valueRequired\":true,\"valueName\":\"search_term_string\"}}],\"inLanguage\":\"es-CO\"},{\"@type\":\"Organization\",\"@id\":\"https:\\\/\\\/tzionlibreria.com\\\/#organization\",\"name\":\"tzionlibreria.com\",\"url\":\"https:\\\/\\\/tzionlibreria.com\\\/\",\"logo\":{\"@type\":\"ImageObject\",\"inLanguage\":\"es-CO\",\"@id\":\"https:\\\/\\\/tzionlibreria.com\\\/#\\\/schema\\\/logo\\\/image\\\/\",\"url\":\"https:\\\/\\\/tzionlibreria.com\\\/wp-content\\\/uploads\\\/2023\\\/10\\\/cropped-Cuadricula-scaled-1.jpg\",\"contentUrl\":\"https:\\\/\\\/tzionlibreria.com\\\/wp-content\\\/uploads\\\/2023\\\/10\\\/cropped-Cuadricula-scaled-1.jpg\",\"width\":2560,\"height\":2560,\"caption\":\"tzionlibreria.com\"},\"image\":{\"@id\":\"https:\\\/\\\/tzionlibreria.com\\\/#\\\/schema\\\/logo\\\/image\\\/\"}}]}<\/script>\n<!-- \/ Yoast SEO plugin. -->","yoast_head_json":{"title":"Biblia De Estudio De La Profecia Tapa Dura Rvr 1960 - tzionlibreria.com","robots":{"index":"index","follow":"follow","max-snippet":"max-snippet:-1","max-image-preview":"max-image-preview:large","max-video-preview":"max-video-preview:-1"},"canonical":"https:\/\/tzionlibreria.com\/index.php\/product\/biblia-de-estudio-de-la-profecia-tapa-dura-rvr-1960-2\/","og_locale":"es_ES","og_type":"article","og_title":"Biblia De Estudio De La Profecia Tapa Dura Rvr 1960 - tzionlibreria.com","og_description":"&nbsp; El Dr. LaHaye ha contado con los significativos aportes de m\u00e1s de 48 acad\u00e9micos para esta obra, culminaci\u00f3n de toda una vida. Juntos, todos ellos han creado las Biblias de estudio indispensables para pastores, maestros y estudiantes, y todo el que tenga inter\u00e9s por descubrir los hechos y datos reales tras la ficci\u00f3n, sobre [&hellip;]","og_url":"https:\/\/tzionlibreria.com\/index.php\/product\/biblia-de-estudio-de-la-profecia-tapa-dura-rvr-1960-2\/","og_site_name":"tzionlibreria.com","article_modified_time":"2025-06-03T22:08:26+00:00","og_image":[{"width":1200,"height":1118,"url":"http:\/\/tzionlibreria.com\/wp-content\/uploads\/2023\/10\/D_NQ_NP_2X_983286-MLV54244296520_032023-F.webp","type":"image\/webp"}],"twitter_card":"summary_large_image","twitter_misc":{"Tiempo de lectura":"2 minutos"},"schema":{"@context":"https:\/\/schema.org","@graph":[{"@type":"WebPage","@id":"https:\/\/tzionlibreria.com\/index.php\/product\/biblia-de-estudio-de-la-profecia-tapa-dura-rvr-1960-2\/","url":"https:\/\/tzionlibreria.com\/index.php\/product\/biblia-de-estudio-de-la-profecia-tapa-dura-rvr-1960-2\/","name":"Biblia De Estudio De La Profecia Tapa Dura Rvr 1960 - tzionlibreria.com","isPartOf":{"@id":"https:\/\/tzionlibreria.com\/#website"},"primaryImageOfPage":{"@id":"https:\/\/tzionlibreria.com\/index.php\/product\/biblia-de-estudio-de-la-profecia-tapa-dura-rvr-1960-2\/#primaryimage"},"image":{"@id":"https:\/\/tzionlibreria.com\/index.php\/product\/biblia-de-estudio-de-la-profecia-tapa-dura-rvr-1960-2\/#primaryimage"},"thumbnailUrl":"https:\/\/tzionlibreria.com\/wp-content\/uploads\/2023\/10\/D_NQ_NP_2X_983286-MLV54244296520_032023-F.webp","datePublished":"2023-11-13T17:11:44+00:00","dateModified":"2025-06-03T22:08:26+00:00","breadcrumb":{"@id":"https:\/\/tzionlibreria.com\/index.php\/product\/biblia-de-estudio-de-la-profecia-tapa-dura-rvr-1960-2\/#breadcrumb"},"inLanguage":"es-CO","potentialAction":[{"@type":"ReadAction","target":["https:\/\/tzionlibreria.com\/index.php\/product\/biblia-de-estudio-de-la-profecia-tapa-dura-rvr-1960-2\/"]}]},{"@type":"ImageObject","inLanguage":"es-CO","@id":"https:\/\/tzionlibreria.com\/index.php\/product\/biblia-de-estudio-de-la-profecia-tapa-dura-rvr-1960-2\/#primaryimage","url":"https:\/\/tzionlibreria.com\/wp-content\/uploads\/2023\/10\/D_NQ_NP_2X_983286-MLV54244296520_032023-F.webp","contentUrl":"https:\/\/tzionlibreria.com\/wp-content\/uploads\/2023\/10\/D_NQ_NP_2X_983286-MLV54244296520_032023-F.webp","width":1200,"height":1118},{"@type":"BreadcrumbList","@id":"https:\/\/tzionlibreria.com\/index.php\/product\/biblia-de-estudio-de-la-profecia-tapa-dura-rvr-1960-2\/#breadcrumb","itemListElement":[{"@type":"ListItem","position":1,"name":"Inicio","item":"https:\/\/tzionlibreria.com\/"},{"@type":"ListItem","position":2,"name":"Shop","item":"https:\/\/tzionlibreria.com\/index.php\/shop\/"},{"@type":"ListItem","position":3,"name":"Biblia De Estudio De La Profecia Tapa Dura Rvr 1960"}]},{"@type":"WebSite","@id":"https:\/\/tzionlibreria.com\/#website","url":"https:\/\/tzionlibreria.com\/","name":"tzionlibreria.com","description":"Libreria Cristiana Venezuela","publisher":{"@id":"https:\/\/tzionlibreria.com\/#organization"},"potentialAction":[{"@type":"SearchAction","target":{"@type":"EntryPoint","urlTemplate":"https:\/\/tzionlibreria.com\/?s={search_term_string}"},"query-input":{"@type":"PropertyValueSpecification","valueRequired":true,"valueName":"search_term_string"}}],"inLanguage":"es-CO"},{"@type":"Organization","@id":"https:\/\/tzionlibreria.com\/#organization","name":"tzionlibreria.com","url":"https:\/\/tzionlibreria.com\/","logo":{"@type":"ImageObject","inLanguage":"es-CO","@id":"https:\/\/tzionlibreria.com\/#\/schema\/logo\/image\/","url":"https:\/\/tzionlibreria.com\/wp-content\/uploads\/2023\/10\/cropped-Cuadricula-scaled-1.jpg","contentUrl":"https:\/\/tzionlibreria.com\/wp-content\/uploads\/2023\/10\/cropped-Cuadricula-scaled-1.jpg","width":2560,"height":2560,"caption":"tzionlibreria.com"},"image":{"@id":"https:\/\/tzionlibreria.com\/#\/schema\/logo\/image\/"}}]}},"jetpack_sharing_enabled":true,"_links":{"self":[{"href":"https:\/\/tzionlibreria.com\/index.php\/wp-json\/wp\/v2\/product\/1241","targetHints":{"allow":["GET"]}}],"collection":[{"href":"https:\/\/tzionlibreria.com\/index.php\/wp-json\/wp\/v2\/product"}],"about":[{"href":"https:\/\/tzionlibreria.com\/index.php\/wp-json\/wp\/v2\/types\/product"}],"replies":[{"embeddable":true,"href":"https:\/\/tzionlibreria.com\/index.php\/wp-json\/wp\/v2\/comments?post=1241"}],"wp:featuredmedia":[{"embeddable":true,"href":"https:\/\/tzionlibreria.com\/index.php\/wp-json\/wp\/v2\/media\/587"}],"wp:attachment":[{"href":"https:\/\/tzionlibreria.com\/index.php\/wp-json\/wp\/v2\/media?parent=1241"}],"wp:term":[{"taxonomy":"product_brand","embeddable":true,"href":"https:\/\/tzionlibreria.com\/index.php\/wp-json\/wp\/v2\/product_brand?post=1241"},{"taxonomy":"product_cat","embeddable":true,"href":"https:\/\/tzionlibreria.com\/index.php\/wp-json\/wp\/v2\/product_cat?post=1241"},{"taxonomy":"product_tag","embeddable":true,"href":"https:\/\/tzionlibreria.com\/index.php\/wp-json\/wp\/v2\/product_tag?post=1241"}],"curies":[{"name":"wp","href":"https:\/\/api.w.org\/{rel}","templated":true}]}}