{"id":1264,"date":"2023-11-13T17:23:29","date_gmt":"2023-11-13T17:23:29","guid":{"rendered":"https:\/\/tzionlibreria.com\/?post_type=product&#038;p=1264"},"modified":"2024-08-28T16:15:22","modified_gmt":"2024-08-28T16:15:22","slug":"biblia-ama-a-dios-grandemente-nbla-2","status":"publish","type":"product","link":"https:\/\/tzionlibreria.com\/index.php\/product\/biblia-ama-a-dios-grandemente-nbla-2\/","title":{"rendered":"Biblia Ama A Dios Grandemente NBLA"},"content":{"rendered":"<p>Creada por mujeres, y para mujeres, la Biblia\u00a0Ama a Dios Grandemente\u00a0ofrece ideas que te animar\u00e1n y equipar\u00e1n para encontrarte con Dios en las p\u00e1ginas de las Escrituras y comprometerte m\u00e1s profundamente a trav\u00e9s de la memoria de la Escritura, la oraci\u00f3n y la reflexi\u00f3n diaria.<\/p>\n<p>Esta Biblia anima y equipa a las mujeres para que se encuentren con Dios en las p\u00e1ginas de las Escrituras. Cada elemento de esta Biblia est\u00e1 bellamente dise\u00f1ado para ayudarte a comprometerte con la Palabra de Dios para que puedas conocer el amor permanente de un Dios fiel.<\/p>\n<p>Incluye una extensa introducci\u00f3n para dar el contexto, seguido de un plan de lectura que utiliza un marco simple y probado \u2014Escritura, Observaci\u00f3n, Aplicaci\u00f3n y Oraci\u00f3n\u2014 para guiarte a trav\u00e9s del texto. Adicionalmente se ofrecen preguntas de reflexi\u00f3n y desaf\u00edo para profundizar en determinados pasajes, y se proporcionan amplios m\u00e1rgenes para tomar notas.<\/p>\n<p>Caracter\u00edsticas:<\/p>\n<ul>\n<li>Texto completo de la NBLA<\/li>\n<li>M\u00e1s de 60 perfiles de pa\u00edses con gu\u00edas de oraci\u00f3n espec\u00edficas para cada naci\u00f3n, adem\u00e1s de vers\u00edculos que destacan las promesas de Dios a las naciones<\/li>\n<li>Testimonios de mujeres de todo el mundo cuyas vidas han cambiado al comprometerse con las Escrituras<\/li>\n<li>M\u00e1s de 150 devocionales y una lista de vers\u00edculos de memoria<\/li>\n<li>50 planes de lectura para guiarte a trav\u00e9s de los diferentes libros de la Biblia<\/li>\n<li>Las introducciones a los libros de la Biblia proporcionan una visi\u00f3n concisa del trasfondo y el contexto hist\u00f3rico del libro que se va a leer<\/li>\n<li>Plan de lectura b\u00edblica de 365 d\u00edas que te guiar\u00e1 a trav\u00e9s de toda la Biblia en un a\u00f1o<\/li>\n<li>\u00cdndice tem\u00e1tico y mapas originales a todo color en el texto<\/li>\n<li>Preguntas de reflexi\u00f3n y desaf\u00edo incluidas en cada libro de la Biblia<\/li>\n<li>Arte de la palabra original para cada libro de la Biblia<\/li>\n<\/ul>\n<div id=\"ctl00_ucPDTabs_ctl02_fs\" class=\"ProductDetailGroup system-properties\"><strong>ISBN<\/strong>: 9780829730678<br \/>\n<strong>Editorial<\/strong>:\u00a0Vida<br \/>\n<strong>Dimensiones<\/strong>: 17 x 24 x 5 cm<br \/>\n<strong>Cubierta<\/strong>: Tapa Dura<br \/>\n<strong>N\u00famero de p\u00e1ginas<\/strong>: 2304<br \/>\n<strong>Idioma<\/strong>: Espa\u00f1ol<\/div>\n<div id=\"ctl00_ucPDTabs_ctl03_fs\" class=\"ProductDetailGroup\"><strong>Versi\u00f3n:<\/strong>\u00a0NBLA<br \/>\n<strong>Especialidad:<\/strong>\u00a0Devocional<br \/>\n<strong>Tama\u00f1o de Letra:<\/strong>\u00a08 pts<br \/>\n<strong>Tipo de Impresi\u00f3n:<\/strong>\u00a0Comfort Print<br \/>\n<strong>Color:<\/strong>\u00a0Rosado<br \/>\n<strong>Canto:<\/strong>\u00a0Blanco<br \/>\n<strong>Audiencia:<\/strong>\u00a0Mujeres<br \/>\n<strong>Caracter\u00edsticas Adicionales:<\/strong> Mapas, Concordancia, \u00cdndice de t\u00f3picos, Introducciones breves a cada libro, M\u00e9todo de Estudio, \u00a0Plan de Lectura, Perfil de pa\u00edses, Testimonios, Preguntas para Reflexionar, \u00a0Desaf\u00edos, \u00a0Vers\u00edculos para las Naciones, Vers\u00edculos para Memorizar.<\/div>\n","protected":false},"excerpt":{"rendered":"<p>Creada por mujeres, y para mujeres, la Biblia\u00a0Ama a Dios Grandemente\u00a0ofrece ideas que te animar\u00e1n y equipar\u00e1n para encontrarte con Dios en las p\u00e1ginas de las Escrituras y comprometerte m\u00e1s profundamente a trav\u00e9s de la memoria de la Escritura, la oraci\u00f3n y la reflexi\u00f3n diaria. Esta Biblia anima y equipa a las mujeres para que [&hellip;]<\/p>\n","protected":false},"featured_media":1265,"comment_status":"open","ping_status":"closed","template":"","meta":{"om_disable_all_campaigns":false,"_monsterinsights_skip_tracking":false,"_monsterinsights_sitenote_active":false,"_monsterinsights_sitenote_note":"","_monsterinsights_sitenote_category":0,"site-sidebar-layout":"default","site-content-layout":"","ast-site-content-layout":"default","site-content-style":"default","site-sidebar-style":"default","ast-global-header-display":"","ast-banner-title-visibility":"","ast-main-header-display":"","ast-hfb-above-header-display":"","ast-hfb-below-header-display":"","ast-hfb-mobile-header-display":"","site-post-title":"","ast-breadcrumbs-content":"","ast-featured-img":"","footer-sml-layout":"","ast-disable-related-posts":"","theme-transparent-header-meta":"default","adv-header-id-meta":"","stick-header-meta":"","header-above-stick-meta":"","header-main-stick-meta":"","header-below-stick-meta":"","astra-migrate-meta-layouts":"set","ast-page-background-enabled":"default","ast-page-background-meta":{"desktop":{"background-color":"var(--ast-global-color-4)","background-image":"","background-repeat":"repeat","background-position":"center center","background-size":"auto","background-attachment":"scroll","background-type":"","background-media":"","overlay-type":"","overlay-color":"","overlay-opacity":"","overlay-gradient":""},"tablet":{"background-color":"","background-image":"","background-repeat":"repeat","background-position":"center center","background-size":"auto","background-attachment":"scroll","background-type":"","background-media":"","overlay-type":"","overlay-color":"","overlay-opacity":"","overlay-gradient":""},"mobile":{"background-color":"","background-image":"","background-repeat":"repeat","background-position":"center center","background-size":"auto","background-attachment":"scroll","background-type":"","background-media":"","overlay-type":"","overlay-color":"","overlay-opacity":"","overlay-gradient":""}},"ast-content-background-meta":{"desktop":{"background-color":"var(--ast-global-color-5)","background-image":"","background-repeat":"repeat","background-position":"center center","background-size":"auto","background-attachment":"scroll","background-type":"","background-media":"","overlay-type":"","overlay-color":"","overlay-opacity":"","overlay-gradient":""},"tablet":{"background-color":"var(--ast-global-color-5)","background-image":"","background-repeat":"repeat","background-position":"center center","background-size":"auto","background-attachment":"scroll","background-type":"","background-media":"","overlay-type":"","overlay-color":"","overlay-opacity":"","overlay-gradient":""},"mobile":{"background-color":"var(--ast-global-color-5)","background-image":"","background-repeat":"repeat","background-position":"center center","background-size":"auto","background-attachment":"scroll","background-type":"","background-media":"","overlay-type":"","overlay-color":"","overlay-opacity":"","overlay-gradient":""}}},"product_brand":[],"product_cat":[22],"product_tag":[219],"class_list":{"0":"post-1264","1":"product","2":"type-product","3":"status-publish","4":"has-post-thumbnail","6":"product_cat-biblias","7":"product_tag-nbla","8":"desktop-align-left","9":"tablet-align-left","10":"mobile-align-left","12":"first","13":"outofstock","14":"shipping-taxable","15":"purchasable","16":"product-type-simple"},"yoast_head":"<!-- This site is optimized with the Yoast SEO plugin v27.4 - https:\/\/yoast.com\/product\/yoast-seo-wordpress\/ -->\n<title>Biblia Ama A Dios Grandemente NBLA - tzionlibreria.com<\/title>\n<meta name=\"description\" content=\"Creada por mujeres, y para mujeres, la Biblia\u00a0Ama a Dios Grandemente\u00a0 te equipar\u00e1n para encontrarte con Dios en las p\u00e1ginas de las Escrituras, Crecer en fe.\" \/>\n<meta name=\"robots\" content=\"index, follow, max-snippet:-1, max-image-preview:large, max-video-preview:-1\" \/>\n<link rel=\"canonical\" href=\"https:\/\/tzionlibreria.com\/index.php\/product\/biblia-ama-a-dios-grandemente-nbla-2\/\" \/>\n<meta property=\"og:locale\" content=\"es_ES\" \/>\n<meta property=\"og:type\" content=\"article\" \/>\n<meta property=\"og:title\" content=\"Biblia Ama A Dios Grandemente NBLA - tzionlibreria.com\" \/>\n<meta property=\"og:description\" content=\"Creada por mujeres, y para mujeres, la Biblia\u00a0Ama a Dios Grandemente\u00a0 te equipar\u00e1n para encontrarte con Dios en las p\u00e1ginas de las Escrituras, Crecer en fe.\" \/>\n<meta property=\"og:url\" content=\"https:\/\/tzionlibreria.com\/index.php\/product\/biblia-ama-a-dios-grandemente-nbla-2\/\" \/>\n<meta property=\"og:site_name\" content=\"tzionlibreria.com\" \/>\n<meta property=\"article:modified_time\" content=\"2024-08-28T16:15:22+00:00\" \/>\n<meta property=\"og:image\" content=\"http:\/\/tzionlibreria.com\/wp-content\/uploads\/2023\/11\/ama-sd.jpg\" \/>\n\t<meta property=\"og:image:width\" content=\"1200\" \/>\n\t<meta property=\"og:image:height\" content=\"1200\" \/>\n\t<meta property=\"og:image:type\" content=\"image\/jpeg\" \/>\n<meta name=\"twitter:card\" content=\"summary_large_image\" \/>\n<meta name=\"twitter:label1\" content=\"Tiempo de lectura\" \/>\n\t<meta name=\"twitter:data1\" content=\"2 minutos\" \/>\n<script type=\"application\/ld+json\" class=\"yoast-schema-graph\">{\"@context\":\"https:\\\/\\\/schema.org\",\"@graph\":[{\"@type\":\"WebPage\",\"@id\":\"https:\\\/\\\/tzionlibreria.com\\\/index.php\\\/product\\\/biblia-ama-a-dios-grandemente-nbla-2\\\/\",\"url\":\"https:\\\/\\\/tzionlibreria.com\\\/index.php\\\/product\\\/biblia-ama-a-dios-grandemente-nbla-2\\\/\",\"name\":\"Biblia Ama A Dios Grandemente NBLA - tzionlibreria.com\",\"isPartOf\":{\"@id\":\"https:\\\/\\\/tzionlibreria.com\\\/#website\"},\"primaryImageOfPage\":{\"@id\":\"https:\\\/\\\/tzionlibreria.com\\\/index.php\\\/product\\\/biblia-ama-a-dios-grandemente-nbla-2\\\/#primaryimage\"},\"image\":{\"@id\":\"https:\\\/\\\/tzionlibreria.com\\\/index.php\\\/product\\\/biblia-ama-a-dios-grandemente-nbla-2\\\/#primaryimage\"},\"thumbnailUrl\":\"https:\\\/\\\/tzionlibreria.com\\\/wp-content\\\/uploads\\\/2023\\\/11\\\/ama-sd.jpg\",\"datePublished\":\"2023-11-13T17:23:29+00:00\",\"dateModified\":\"2024-08-28T16:15:22+00:00\",\"description\":\"Creada por mujeres, y para mujeres, la Biblia\u00a0Ama a Dios Grandemente\u00a0 te equipar\u00e1n para encontrarte con Dios en las p\u00e1ginas de las Escrituras, Crecer en fe.\",\"breadcrumb\":{\"@id\":\"https:\\\/\\\/tzionlibreria.com\\\/index.php\\\/product\\\/biblia-ama-a-dios-grandemente-nbla-2\\\/#breadcrumb\"},\"inLanguage\":\"es-CO\",\"potentialAction\":[{\"@type\":\"ReadAction\",\"target\":[\"https:\\\/\\\/tzionlibreria.com\\\/index.php\\\/product\\\/biblia-ama-a-dios-grandemente-nbla-2\\\/\"]}]},{\"@type\":\"ImageObject\",\"inLanguage\":\"es-CO\",\"@id\":\"https:\\\/\\\/tzionlibreria.com\\\/index.php\\\/product\\\/biblia-ama-a-dios-grandemente-nbla-2\\\/#primaryimage\",\"url\":\"https:\\\/\\\/tzionlibreria.com\\\/wp-content\\\/uploads\\\/2023\\\/11\\\/ama-sd.jpg\",\"contentUrl\":\"https:\\\/\\\/tzionlibreria.com\\\/wp-content\\\/uploads\\\/2023\\\/11\\\/ama-sd.jpg\",\"width\":1200,\"height\":1200},{\"@type\":\"BreadcrumbList\",\"@id\":\"https:\\\/\\\/tzionlibreria.com\\\/index.php\\\/product\\\/biblia-ama-a-dios-grandemente-nbla-2\\\/#breadcrumb\",\"itemListElement\":[{\"@type\":\"ListItem\",\"position\":1,\"name\":\"Inicio\",\"item\":\"https:\\\/\\\/tzionlibreria.com\\\/\"},{\"@type\":\"ListItem\",\"position\":2,\"name\":\"Shop\",\"item\":\"https:\\\/\\\/tzionlibreria.com\\\/index.php\\\/shop\\\/\"},{\"@type\":\"ListItem\",\"position\":3,\"name\":\"Biblia Ama A Dios Grandemente NBLA\"}]},{\"@type\":\"WebSite\",\"@id\":\"https:\\\/\\\/tzionlibreria.com\\\/#website\",\"url\":\"https:\\\/\\\/tzionlibreria.com\\\/\",\"name\":\"tzionlibreria.com\",\"description\":\"Libreria Cristiana Venezuela\",\"publisher\":{\"@id\":\"https:\\\/\\\/tzionlibreria.com\\\/#organization\"},\"potentialAction\":[{\"@type\":\"SearchAction\",\"target\":{\"@type\":\"EntryPoint\",\"urlTemplate\":\"https:\\\/\\\/tzionlibreria.com\\\/?s={search_term_string}\"},\"query-input\":{\"@type\":\"PropertyValueSpecification\",\"valueRequired\":true,\"valueName\":\"search_term_string\"}}],\"inLanguage\":\"es-CO\"},{\"@type\":\"Organization\",\"@id\":\"https:\\\/\\\/tzionlibreria.com\\\/#organization\",\"name\":\"tzionlibreria.com\",\"url\":\"https:\\\/\\\/tzionlibreria.com\\\/\",\"logo\":{\"@type\":\"ImageObject\",\"inLanguage\":\"es-CO\",\"@id\":\"https:\\\/\\\/tzionlibreria.com\\\/#\\\/schema\\\/logo\\\/image\\\/\",\"url\":\"https:\\\/\\\/tzionlibreria.com\\\/wp-content\\\/uploads\\\/2023\\\/10\\\/cropped-Cuadricula-scaled-1.jpg\",\"contentUrl\":\"https:\\\/\\\/tzionlibreria.com\\\/wp-content\\\/uploads\\\/2023\\\/10\\\/cropped-Cuadricula-scaled-1.jpg\",\"width\":2560,\"height\":2560,\"caption\":\"tzionlibreria.com\"},\"image\":{\"@id\":\"https:\\\/\\\/tzionlibreria.com\\\/#\\\/schema\\\/logo\\\/image\\\/\"}}]}<\/script>\n<!-- \/ Yoast SEO plugin. -->","yoast_head_json":{"title":"Biblia Ama A Dios Grandemente NBLA - tzionlibreria.com","description":"Creada por mujeres, y para mujeres, la Biblia\u00a0Ama a Dios Grandemente\u00a0 te equipar\u00e1n para encontrarte con Dios en las p\u00e1ginas de las Escrituras, Crecer en fe.","robots":{"index":"index","follow":"follow","max-snippet":"max-snippet:-1","max-image-preview":"max-image-preview:large","max-video-preview":"max-video-preview:-1"},"canonical":"https:\/\/tzionlibreria.com\/index.php\/product\/biblia-ama-a-dios-grandemente-nbla-2\/","og_locale":"es_ES","og_type":"article","og_title":"Biblia Ama A Dios Grandemente NBLA - tzionlibreria.com","og_description":"Creada por mujeres, y para mujeres, la Biblia\u00a0Ama a Dios Grandemente\u00a0 te equipar\u00e1n para encontrarte con Dios en las p\u00e1ginas de las Escrituras, Crecer en fe.","og_url":"https:\/\/tzionlibreria.com\/index.php\/product\/biblia-ama-a-dios-grandemente-nbla-2\/","og_site_name":"tzionlibreria.com","article_modified_time":"2024-08-28T16:15:22+00:00","og_image":[{"width":1200,"height":1200,"url":"http:\/\/tzionlibreria.com\/wp-content\/uploads\/2023\/11\/ama-sd.jpg","type":"image\/jpeg"}],"twitter_card":"summary_large_image","twitter_misc":{"Tiempo de lectura":"2 minutos"},"schema":{"@context":"https:\/\/schema.org","@graph":[{"@type":"WebPage","@id":"https:\/\/tzionlibreria.com\/index.php\/product\/biblia-ama-a-dios-grandemente-nbla-2\/","url":"https:\/\/tzionlibreria.com\/index.php\/product\/biblia-ama-a-dios-grandemente-nbla-2\/","name":"Biblia Ama A Dios Grandemente NBLA - tzionlibreria.com","isPartOf":{"@id":"https:\/\/tzionlibreria.com\/#website"},"primaryImageOfPage":{"@id":"https:\/\/tzionlibreria.com\/index.php\/product\/biblia-ama-a-dios-grandemente-nbla-2\/#primaryimage"},"image":{"@id":"https:\/\/tzionlibreria.com\/index.php\/product\/biblia-ama-a-dios-grandemente-nbla-2\/#primaryimage"},"thumbnailUrl":"https:\/\/tzionlibreria.com\/wp-content\/uploads\/2023\/11\/ama-sd.jpg","datePublished":"2023-11-13T17:23:29+00:00","dateModified":"2024-08-28T16:15:22+00:00","description":"Creada por mujeres, y para mujeres, la Biblia\u00a0Ama a Dios Grandemente\u00a0 te equipar\u00e1n para encontrarte con Dios en las p\u00e1ginas de las Escrituras, Crecer en fe.","breadcrumb":{"@id":"https:\/\/tzionlibreria.com\/index.php\/product\/biblia-ama-a-dios-grandemente-nbla-2\/#breadcrumb"},"inLanguage":"es-CO","potentialAction":[{"@type":"ReadAction","target":["https:\/\/tzionlibreria.com\/index.php\/product\/biblia-ama-a-dios-grandemente-nbla-2\/"]}]},{"@type":"ImageObject","inLanguage":"es-CO","@id":"https:\/\/tzionlibreria.com\/index.php\/product\/biblia-ama-a-dios-grandemente-nbla-2\/#primaryimage","url":"https:\/\/tzionlibreria.com\/wp-content\/uploads\/2023\/11\/ama-sd.jpg","contentUrl":"https:\/\/tzionlibreria.com\/wp-content\/uploads\/2023\/11\/ama-sd.jpg","width":1200,"height":1200},{"@type":"BreadcrumbList","@id":"https:\/\/tzionlibreria.com\/index.php\/product\/biblia-ama-a-dios-grandemente-nbla-2\/#breadcrumb","itemListElement":[{"@type":"ListItem","position":1,"name":"Inicio","item":"https:\/\/tzionlibreria.com\/"},{"@type":"ListItem","position":2,"name":"Shop","item":"https:\/\/tzionlibreria.com\/index.php\/shop\/"},{"@type":"ListItem","position":3,"name":"Biblia Ama A Dios Grandemente NBLA"}]},{"@type":"WebSite","@id":"https:\/\/tzionlibreria.com\/#website","url":"https:\/\/tzionlibreria.com\/","name":"tzionlibreria.com","description":"Libreria Cristiana Venezuela","publisher":{"@id":"https:\/\/tzionlibreria.com\/#organization"},"potentialAction":[{"@type":"SearchAction","target":{"@type":"EntryPoint","urlTemplate":"https:\/\/tzionlibreria.com\/?s={search_term_string}"},"query-input":{"@type":"PropertyValueSpecification","valueRequired":true,"valueName":"search_term_string"}}],"inLanguage":"es-CO"},{"@type":"Organization","@id":"https:\/\/tzionlibreria.com\/#organization","name":"tzionlibreria.com","url":"https:\/\/tzionlibreria.com\/","logo":{"@type":"ImageObject","inLanguage":"es-CO","@id":"https:\/\/tzionlibreria.com\/#\/schema\/logo\/image\/","url":"https:\/\/tzionlibreria.com\/wp-content\/uploads\/2023\/10\/cropped-Cuadricula-scaled-1.jpg","contentUrl":"https:\/\/tzionlibreria.com\/wp-content\/uploads\/2023\/10\/cropped-Cuadricula-scaled-1.jpg","width":2560,"height":2560,"caption":"tzionlibreria.com"},"image":{"@id":"https:\/\/tzionlibreria.com\/#\/schema\/logo\/image\/"}}]}},"jetpack_sharing_enabled":true,"_links":{"self":[{"href":"https:\/\/tzionlibreria.com\/index.php\/wp-json\/wp\/v2\/product\/1264","targetHints":{"allow":["GET"]}}],"collection":[{"href":"https:\/\/tzionlibreria.com\/index.php\/wp-json\/wp\/v2\/product"}],"about":[{"href":"https:\/\/tzionlibreria.com\/index.php\/wp-json\/wp\/v2\/types\/product"}],"replies":[{"embeddable":true,"href":"https:\/\/tzionlibreria.com\/index.php\/wp-json\/wp\/v2\/comments?post=1264"}],"wp:featuredmedia":[{"embeddable":true,"href":"https:\/\/tzionlibreria.com\/index.php\/wp-json\/wp\/v2\/media\/1265"}],"wp:attachment":[{"href":"https:\/\/tzionlibreria.com\/index.php\/wp-json\/wp\/v2\/media?parent=1264"}],"wp:term":[{"taxonomy":"product_brand","embeddable":true,"href":"https:\/\/tzionlibreria.com\/index.php\/wp-json\/wp\/v2\/product_brand?post=1264"},{"taxonomy":"product_cat","embeddable":true,"href":"https:\/\/tzionlibreria.com\/index.php\/wp-json\/wp\/v2\/product_cat?post=1264"},{"taxonomy":"product_tag","embeddable":true,"href":"https:\/\/tzionlibreria.com\/index.php\/wp-json\/wp\/v2\/product_tag?post=1264"}],"curies":[{"name":"wp","href":"https:\/\/api.w.org\/{rel}","templated":true}]}}