{"id":1267,"date":"2023-11-13T17:31:42","date_gmt":"2023-11-13T17:31:42","guid":{"rendered":"https:\/\/tzionlibreria.com\/?post_type=product&#038;p=1267"},"modified":"2025-12-01T22:47:03","modified_gmt":"2025-12-01T22:47:03","slug":"biblia-de-oraciones-letra-grande-rosado-gris-reina-valera-1960","status":"publish","type":"product","link":"https:\/\/tzionlibreria.com\/index.php\/product\/biblia-de-oraciones-letra-grande-rosado-gris-reina-valera-1960\/","title":{"rendered":"Biblia de Oraciones- Letra Grande Rosado Gris Reina Valera 1960"},"content":{"rendered":"<div class=\"ast-oembed-container \" style=\"height: 100%;\"><iframe title=\"Biblia De Oraciones con Cierre - Caf\u00e9 - Rvr 1960\" width=\"500\" height=\"281\" src=\"https:\/\/www.youtube.com\/embed\/xhAP1k-RzlA?feature=oembed\" frameborder=\"0\" allow=\"accelerometer; autoplay; clipboard-write; encrypted-media; gyroscope; picture-in-picture; web-share\" referrerpolicy=\"strict-origin-when-cross-origin\" allowfullscreen><\/iframe><\/div>\n<p>&nbsp;<\/p>\n<p><strong>Biblia de Oraciones Reina Valera.<\/strong><\/p>\n<p>Es \u00fanica en su g\u00e9nero y ha llegado a ser una traducci\u00f3n cl\u00e1sica que se ha convertido en el texto b\u00edblico preferido de cientos de miles de lectores.<\/p>\n<p>La Reina Valera en una hermosa presentaci\u00f3n pensada totalmente en hombres y mujeres de hoy, materiales flexibles y resistentes, dise\u00f1os de colores llamativos.<\/p>\n<p>En un tama\u00f1o f\u00e1cil de llevar a cualquier lugar. Con excelentes herramientas para aprender m\u00e1s del estudio de la Palabra.<\/p>\n<p><strong>Contiene :<\/strong><\/p>\n<p>-Con cierre<br \/>\n-Cuenta con un nuevo dise\u00f1o y nueva tipograf\u00eda con mejor legibilidad<br \/>\n-Todo el contenido y dise\u00f1o va a dos colores<br \/>\n-Canto plateado<br \/>\n-Mapas<br \/>\n-Ayudas QR<br \/>\n-Concordancia<\/p>\n<p><strong>C\u00f3mo est\u00e1 formada la Biblia:<\/strong><\/p>\n<p>-C\u00f3mo leer la Biblia<br \/>\n-La Biblia en un a\u00f1o<br \/>\n-Pasajes famosos de la Biblia<br \/>\n-Lo que dice la Biblia acerca del Perd\u00f3n de Dios<br \/>\n-Concordancia<br \/>\n-Mapas<br \/>\n-Cubierta imitaci\u00f3n piel, flexible, repujada<br \/>\n-Con cremallera. Cinta separadora<br \/>\n-Canto plateado.<br \/>\n-Papel Biblia 28 g<br \/>\n-Palabras de Jes\u00fas en rojo<br \/>\n-Resumen de cada libro<br \/>\n-Concordancia.<\/p>\n<p><strong>Contenido:<\/strong><\/p>\n<p>-La oraci\u00f3n<br \/>\n-\u00bfPor qu\u00e9 orar?<br \/>\n-\u00bfC\u00f3mo orar?<br \/>\n-Bendiciones de la oraci\u00f3n<br \/>\n-Oraci\u00f3n en todo tiempo y lugar<br \/>\n-\u00bfQui\u00e9n nos ense\u00f1a a orar?<br \/>\n-Al\u00e1bale al se\u00f1or por la oraci\u00f3n respondidas favorablemente<br \/>\n-\u00bfY si las oraciones no son respondidas como pedimos?<br \/>\n-Oraciones para toda ocasi\u00f3n<\/p>\n<p><strong>Ayudas especiales para el lector<\/strong><\/p>\n<p>-QR CON VIDEOS EXPLICATIVOS: Que es la Biblia. Estructura de la biblia. Buscar un pasaje en la biblia. Mensaje principal en la biblia. Idiotas en que se escribi\u00f3 la biblia. Formaci\u00f3n de la biblia. Beneficios de leerla. Interpretaci\u00f3n que Jes\u00fas hacia de las escrituras.<\/p>\n<p>-QR PARA PROFUNDIZAR EN LAS ESCRITURAS: Introducci\u00f3n al AT y el pentateuco. Introducci\u00f3n al NT y los evangelios. Introducci\u00f3n a cada libro de la biblia. panorama general de los libros de la biblia. Divisi\u00f3n del d\u00eda. calendarios hebreos incluidos fiestas. Tabla de pesas medidas y monedas.<\/p>\n<p>C\u00f3mo encontrar ayuda en la biblia por temas.<\/p>\n<p>&nbsp;<\/p>\n<ul>\n<li><strong>Cubierta:<\/strong>\u00a0Imitaci\u00f3n Piel<\/li>\n<li><strong>Idioma<\/strong>: Espa\u00f1ol<\/li>\n<li><strong>ISBN<\/strong>: 9789587456936<\/li>\n<li><strong>Editorial<\/strong>: Sociedad B\u00edblica<\/li>\n<\/ul>\n","protected":false},"excerpt":{"rendered":"<p>&nbsp; Biblia de Oraciones Reina Valera. Es \u00fanica en su g\u00e9nero y ha llegado a ser una traducci\u00f3n cl\u00e1sica que se ha convertido en el texto b\u00edblico preferido de cientos de miles de lectores. La Reina Valera en una hermosa presentaci\u00f3n pensada totalmente en hombres y mujeres de hoy, materiales flexibles y resistentes, dise\u00f1os de [&hellip;]<\/p>\n","protected":false},"featured_media":1268,"comment_status":"open","ping_status":"closed","template":"","meta":{"om_disable_all_campaigns":false,"_monsterinsights_skip_tracking":false,"_monsterinsights_sitenote_active":false,"_monsterinsights_sitenote_note":"","_monsterinsights_sitenote_category":0,"site-sidebar-layout":"default","site-content-layout":"","ast-site-content-layout":"default","site-content-style":"default","site-sidebar-style":"default","ast-global-header-display":"","ast-banner-title-visibility":"","ast-main-header-display":"","ast-hfb-above-header-display":"","ast-hfb-below-header-display":"","ast-hfb-mobile-header-display":"","site-post-title":"","ast-breadcrumbs-content":"","ast-featured-img":"","footer-sml-layout":"","ast-disable-related-posts":"","theme-transparent-header-meta":"default","adv-header-id-meta":"","stick-header-meta":"","header-above-stick-meta":"","header-main-stick-meta":"","header-below-stick-meta":"","astra-migrate-meta-layouts":"set","ast-page-background-enabled":"default","ast-page-background-meta":{"desktop":{"background-color":"var(--ast-global-color-4)","background-image":"","background-repeat":"repeat","background-position":"center center","background-size":"auto","background-attachment":"scroll","background-type":"","background-media":"","overlay-type":"","overlay-color":"","overlay-opacity":"","overlay-gradient":""},"tablet":{"background-color":"","background-image":"","background-repeat":"repeat","background-position":"center center","background-size":"auto","background-attachment":"scroll","background-type":"","background-media":"","overlay-type":"","overlay-color":"","overlay-opacity":"","overlay-gradient":""},"mobile":{"background-color":"","background-image":"","background-repeat":"repeat","background-position":"center center","background-size":"auto","background-attachment":"scroll","background-type":"","background-media":"","overlay-type":"","overlay-color":"","overlay-opacity":"","overlay-gradient":""}},"ast-content-background-meta":{"desktop":{"background-color":"var(--ast-global-color-5)","background-image":"","background-repeat":"repeat","background-position":"center center","background-size":"auto","background-attachment":"scroll","background-type":"","background-media":"","overlay-type":"","overlay-color":"","overlay-opacity":"","overlay-gradient":""},"tablet":{"background-color":"var(--ast-global-color-5)","background-image":"","background-repeat":"repeat","background-position":"center center","background-size":"auto","background-attachment":"scroll","background-type":"","background-media":"","overlay-type":"","overlay-color":"","overlay-opacity":"","overlay-gradient":""},"mobile":{"background-color":"var(--ast-global-color-5)","background-image":"","background-repeat":"repeat","background-position":"center center","background-size":"auto","background-attachment":"scroll","background-type":"","background-media":"","overlay-type":"","overlay-color":"","overlay-opacity":"","overlay-gradient":""}}},"product_brand":[],"product_cat":[22,42,177],"product_tag":[],"class_list":{"0":"post-1267","1":"product","2":"type-product","3":"status-publish","4":"has-post-thumbnail","6":"product_cat-biblias","7":"product_cat-biblias-reina-valera","8":"product_cat-letra-grande-rvr","9":"desktop-align-left","10":"tablet-align-left","11":"mobile-align-left","13":"first","14":"instock","15":"shipping-taxable","16":"purchasable","17":"product-type-simple"},"yoast_head":"<!-- This site is optimized with the Yoast SEO plugin v27.4 - https:\/\/yoast.com\/product\/yoast-seo-wordpress\/ -->\n<title>Biblia de Oraciones- Letra Grande Rosado Gris Reina Valera 1960 - tzionlibreria.com<\/title>\n<meta name=\"robots\" content=\"index, follow, max-snippet:-1, max-image-preview:large, max-video-preview:-1\" \/>\n<link rel=\"canonical\" href=\"https:\/\/tzionlibreria.com\/index.php\/product\/biblia-de-oraciones-letra-grande-rosado-gris-reina-valera-1960\/\" \/>\n<meta property=\"og:locale\" content=\"es_ES\" \/>\n<meta property=\"og:type\" content=\"article\" \/>\n<meta property=\"og:title\" content=\"Biblia de Oraciones- Letra Grande Rosado Gris Reina Valera 1960 - tzionlibreria.com\" \/>\n<meta property=\"og:description\" content=\"&nbsp; Biblia de Oraciones Reina Valera. Es \u00fanica en su g\u00e9nero y ha llegado a ser una traducci\u00f3n cl\u00e1sica que se ha convertido en el texto b\u00edblico preferido de cientos de miles de lectores. La Reina Valera en una hermosa presentaci\u00f3n pensada totalmente en hombres y mujeres de hoy, materiales flexibles y resistentes, dise\u00f1os de [&hellip;]\" \/>\n<meta property=\"og:url\" content=\"https:\/\/tzionlibreria.com\/index.php\/product\/biblia-de-oraciones-letra-grande-rosado-gris-reina-valera-1960\/\" \/>\n<meta property=\"og:site_name\" content=\"tzionlibreria.com\" \/>\n<meta property=\"article:modified_time\" content=\"2025-12-01T22:47:03+00:00\" \/>\n<meta property=\"og:image\" content=\"http:\/\/tzionlibreria.com\/wp-content\/uploads\/2023\/11\/Biblia-de-oraciones.png\" \/>\n\t<meta property=\"og:image:width\" content=\"1200\" \/>\n\t<meta property=\"og:image:height\" content=\"1200\" \/>\n\t<meta property=\"og:image:type\" content=\"image\/png\" \/>\n<meta name=\"twitter:card\" content=\"summary_large_image\" \/>\n<meta name=\"twitter:label1\" content=\"Tiempo de lectura\" \/>\n\t<meta name=\"twitter:data1\" content=\"2 minutos\" \/>\n<script type=\"application\/ld+json\" class=\"yoast-schema-graph\">{\"@context\":\"https:\\\/\\\/schema.org\",\"@graph\":[{\"@type\":\"WebPage\",\"@id\":\"https:\\\/\\\/tzionlibreria.com\\\/index.php\\\/product\\\/biblia-de-oraciones-letra-grande-rosado-gris-reina-valera-1960\\\/\",\"url\":\"https:\\\/\\\/tzionlibreria.com\\\/index.php\\\/product\\\/biblia-de-oraciones-letra-grande-rosado-gris-reina-valera-1960\\\/\",\"name\":\"Biblia de Oraciones- Letra Grande Rosado Gris Reina Valera 1960 - tzionlibreria.com\",\"isPartOf\":{\"@id\":\"https:\\\/\\\/tzionlibreria.com\\\/#website\"},\"primaryImageOfPage\":{\"@id\":\"https:\\\/\\\/tzionlibreria.com\\\/index.php\\\/product\\\/biblia-de-oraciones-letra-grande-rosado-gris-reina-valera-1960\\\/#primaryimage\"},\"image\":{\"@id\":\"https:\\\/\\\/tzionlibreria.com\\\/index.php\\\/product\\\/biblia-de-oraciones-letra-grande-rosado-gris-reina-valera-1960\\\/#primaryimage\"},\"thumbnailUrl\":\"https:\\\/\\\/tzionlibreria.com\\\/wp-content\\\/uploads\\\/2023\\\/11\\\/Biblia-de-oraciones.png\",\"datePublished\":\"2023-11-13T17:31:42+00:00\",\"dateModified\":\"2025-12-01T22:47:03+00:00\",\"breadcrumb\":{\"@id\":\"https:\\\/\\\/tzionlibreria.com\\\/index.php\\\/product\\\/biblia-de-oraciones-letra-grande-rosado-gris-reina-valera-1960\\\/#breadcrumb\"},\"inLanguage\":\"es-CO\",\"potentialAction\":[{\"@type\":\"ReadAction\",\"target\":[\"https:\\\/\\\/tzionlibreria.com\\\/index.php\\\/product\\\/biblia-de-oraciones-letra-grande-rosado-gris-reina-valera-1960\\\/\"]}]},{\"@type\":\"ImageObject\",\"inLanguage\":\"es-CO\",\"@id\":\"https:\\\/\\\/tzionlibreria.com\\\/index.php\\\/product\\\/biblia-de-oraciones-letra-grande-rosado-gris-reina-valera-1960\\\/#primaryimage\",\"url\":\"https:\\\/\\\/tzionlibreria.com\\\/wp-content\\\/uploads\\\/2023\\\/11\\\/Biblia-de-oraciones.png\",\"contentUrl\":\"https:\\\/\\\/tzionlibreria.com\\\/wp-content\\\/uploads\\\/2023\\\/11\\\/Biblia-de-oraciones.png\",\"width\":1200,\"height\":1200},{\"@type\":\"BreadcrumbList\",\"@id\":\"https:\\\/\\\/tzionlibreria.com\\\/index.php\\\/product\\\/biblia-de-oraciones-letra-grande-rosado-gris-reina-valera-1960\\\/#breadcrumb\",\"itemListElement\":[{\"@type\":\"ListItem\",\"position\":1,\"name\":\"Inicio\",\"item\":\"https:\\\/\\\/tzionlibreria.com\\\/\"},{\"@type\":\"ListItem\",\"position\":2,\"name\":\"Shop\",\"item\":\"https:\\\/\\\/tzionlibreria.com\\\/index.php\\\/shop\\\/\"},{\"@type\":\"ListItem\",\"position\":3,\"name\":\"Biblia de Oraciones- Letra Grande Rosado Gris Reina Valera 1960\"}]},{\"@type\":\"WebSite\",\"@id\":\"https:\\\/\\\/tzionlibreria.com\\\/#website\",\"url\":\"https:\\\/\\\/tzionlibreria.com\\\/\",\"name\":\"tzionlibreria.com\",\"description\":\"Libreria Cristiana Venezuela\",\"publisher\":{\"@id\":\"https:\\\/\\\/tzionlibreria.com\\\/#organization\"},\"potentialAction\":[{\"@type\":\"SearchAction\",\"target\":{\"@type\":\"EntryPoint\",\"urlTemplate\":\"https:\\\/\\\/tzionlibreria.com\\\/?s={search_term_string}\"},\"query-input\":{\"@type\":\"PropertyValueSpecification\",\"valueRequired\":true,\"valueName\":\"search_term_string\"}}],\"inLanguage\":\"es-CO\"},{\"@type\":\"Organization\",\"@id\":\"https:\\\/\\\/tzionlibreria.com\\\/#organization\",\"name\":\"tzionlibreria.com\",\"url\":\"https:\\\/\\\/tzionlibreria.com\\\/\",\"logo\":{\"@type\":\"ImageObject\",\"inLanguage\":\"es-CO\",\"@id\":\"https:\\\/\\\/tzionlibreria.com\\\/#\\\/schema\\\/logo\\\/image\\\/\",\"url\":\"https:\\\/\\\/tzionlibreria.com\\\/wp-content\\\/uploads\\\/2023\\\/10\\\/cropped-Cuadricula-scaled-1.jpg\",\"contentUrl\":\"https:\\\/\\\/tzionlibreria.com\\\/wp-content\\\/uploads\\\/2023\\\/10\\\/cropped-Cuadricula-scaled-1.jpg\",\"width\":2560,\"height\":2560,\"caption\":\"tzionlibreria.com\"},\"image\":{\"@id\":\"https:\\\/\\\/tzionlibreria.com\\\/#\\\/schema\\\/logo\\\/image\\\/\"}}]}<\/script>\n<!-- \/ Yoast SEO plugin. -->","yoast_head_json":{"title":"Biblia de Oraciones- Letra Grande Rosado Gris Reina Valera 1960 - tzionlibreria.com","robots":{"index":"index","follow":"follow","max-snippet":"max-snippet:-1","max-image-preview":"max-image-preview:large","max-video-preview":"max-video-preview:-1"},"canonical":"https:\/\/tzionlibreria.com\/index.php\/product\/biblia-de-oraciones-letra-grande-rosado-gris-reina-valera-1960\/","og_locale":"es_ES","og_type":"article","og_title":"Biblia de Oraciones- Letra Grande Rosado Gris Reina Valera 1960 - tzionlibreria.com","og_description":"&nbsp; Biblia de Oraciones Reina Valera. Es \u00fanica en su g\u00e9nero y ha llegado a ser una traducci\u00f3n cl\u00e1sica que se ha convertido en el texto b\u00edblico preferido de cientos de miles de lectores. La Reina Valera en una hermosa presentaci\u00f3n pensada totalmente en hombres y mujeres de hoy, materiales flexibles y resistentes, dise\u00f1os de [&hellip;]","og_url":"https:\/\/tzionlibreria.com\/index.php\/product\/biblia-de-oraciones-letra-grande-rosado-gris-reina-valera-1960\/","og_site_name":"tzionlibreria.com","article_modified_time":"2025-12-01T22:47:03+00:00","og_image":[{"width":1200,"height":1200,"url":"http:\/\/tzionlibreria.com\/wp-content\/uploads\/2023\/11\/Biblia-de-oraciones.png","type":"image\/png"}],"twitter_card":"summary_large_image","twitter_misc":{"Tiempo de lectura":"2 minutos"},"schema":{"@context":"https:\/\/schema.org","@graph":[{"@type":"WebPage","@id":"https:\/\/tzionlibreria.com\/index.php\/product\/biblia-de-oraciones-letra-grande-rosado-gris-reina-valera-1960\/","url":"https:\/\/tzionlibreria.com\/index.php\/product\/biblia-de-oraciones-letra-grande-rosado-gris-reina-valera-1960\/","name":"Biblia de Oraciones- Letra Grande Rosado Gris Reina Valera 1960 - tzionlibreria.com","isPartOf":{"@id":"https:\/\/tzionlibreria.com\/#website"},"primaryImageOfPage":{"@id":"https:\/\/tzionlibreria.com\/index.php\/product\/biblia-de-oraciones-letra-grande-rosado-gris-reina-valera-1960\/#primaryimage"},"image":{"@id":"https:\/\/tzionlibreria.com\/index.php\/product\/biblia-de-oraciones-letra-grande-rosado-gris-reina-valera-1960\/#primaryimage"},"thumbnailUrl":"https:\/\/tzionlibreria.com\/wp-content\/uploads\/2023\/11\/Biblia-de-oraciones.png","datePublished":"2023-11-13T17:31:42+00:00","dateModified":"2025-12-01T22:47:03+00:00","breadcrumb":{"@id":"https:\/\/tzionlibreria.com\/index.php\/product\/biblia-de-oraciones-letra-grande-rosado-gris-reina-valera-1960\/#breadcrumb"},"inLanguage":"es-CO","potentialAction":[{"@type":"ReadAction","target":["https:\/\/tzionlibreria.com\/index.php\/product\/biblia-de-oraciones-letra-grande-rosado-gris-reina-valera-1960\/"]}]},{"@type":"ImageObject","inLanguage":"es-CO","@id":"https:\/\/tzionlibreria.com\/index.php\/product\/biblia-de-oraciones-letra-grande-rosado-gris-reina-valera-1960\/#primaryimage","url":"https:\/\/tzionlibreria.com\/wp-content\/uploads\/2023\/11\/Biblia-de-oraciones.png","contentUrl":"https:\/\/tzionlibreria.com\/wp-content\/uploads\/2023\/11\/Biblia-de-oraciones.png","width":1200,"height":1200},{"@type":"BreadcrumbList","@id":"https:\/\/tzionlibreria.com\/index.php\/product\/biblia-de-oraciones-letra-grande-rosado-gris-reina-valera-1960\/#breadcrumb","itemListElement":[{"@type":"ListItem","position":1,"name":"Inicio","item":"https:\/\/tzionlibreria.com\/"},{"@type":"ListItem","position":2,"name":"Shop","item":"https:\/\/tzionlibreria.com\/index.php\/shop\/"},{"@type":"ListItem","position":3,"name":"Biblia de Oraciones- Letra Grande Rosado Gris Reina Valera 1960"}]},{"@type":"WebSite","@id":"https:\/\/tzionlibreria.com\/#website","url":"https:\/\/tzionlibreria.com\/","name":"tzionlibreria.com","description":"Libreria Cristiana Venezuela","publisher":{"@id":"https:\/\/tzionlibreria.com\/#organization"},"potentialAction":[{"@type":"SearchAction","target":{"@type":"EntryPoint","urlTemplate":"https:\/\/tzionlibreria.com\/?s={search_term_string}"},"query-input":{"@type":"PropertyValueSpecification","valueRequired":true,"valueName":"search_term_string"}}],"inLanguage":"es-CO"},{"@type":"Organization","@id":"https:\/\/tzionlibreria.com\/#organization","name":"tzionlibreria.com","url":"https:\/\/tzionlibreria.com\/","logo":{"@type":"ImageObject","inLanguage":"es-CO","@id":"https:\/\/tzionlibreria.com\/#\/schema\/logo\/image\/","url":"https:\/\/tzionlibreria.com\/wp-content\/uploads\/2023\/10\/cropped-Cuadricula-scaled-1.jpg","contentUrl":"https:\/\/tzionlibreria.com\/wp-content\/uploads\/2023\/10\/cropped-Cuadricula-scaled-1.jpg","width":2560,"height":2560,"caption":"tzionlibreria.com"},"image":{"@id":"https:\/\/tzionlibreria.com\/#\/schema\/logo\/image\/"}}]}},"jetpack_sharing_enabled":true,"_links":{"self":[{"href":"https:\/\/tzionlibreria.com\/index.php\/wp-json\/wp\/v2\/product\/1267","targetHints":{"allow":["GET"]}}],"collection":[{"href":"https:\/\/tzionlibreria.com\/index.php\/wp-json\/wp\/v2\/product"}],"about":[{"href":"https:\/\/tzionlibreria.com\/index.php\/wp-json\/wp\/v2\/types\/product"}],"replies":[{"embeddable":true,"href":"https:\/\/tzionlibreria.com\/index.php\/wp-json\/wp\/v2\/comments?post=1267"}],"wp:featuredmedia":[{"embeddable":true,"href":"https:\/\/tzionlibreria.com\/index.php\/wp-json\/wp\/v2\/media\/1268"}],"wp:attachment":[{"href":"https:\/\/tzionlibreria.com\/index.php\/wp-json\/wp\/v2\/media?parent=1267"}],"wp:term":[{"taxonomy":"product_brand","embeddable":true,"href":"https:\/\/tzionlibreria.com\/index.php\/wp-json\/wp\/v2\/product_brand?post=1267"},{"taxonomy":"product_cat","embeddable":true,"href":"https:\/\/tzionlibreria.com\/index.php\/wp-json\/wp\/v2\/product_cat?post=1267"},{"taxonomy":"product_tag","embeddable":true,"href":"https:\/\/tzionlibreria.com\/index.php\/wp-json\/wp\/v2\/product_tag?post=1267"}],"curies":[{"name":"wp","href":"https:\/\/api.w.org\/{rel}","templated":true}]}}