{"id":1361,"date":"2023-11-13T18:01:14","date_gmt":"2023-11-13T18:01:14","guid":{"rendered":"https:\/\/tzionlibreria.com\/?post_type=product&#038;p=1361"},"modified":"2025-05-27T23:23:01","modified_gmt":"2025-05-27T23:23:01","slug":"santa-biblia-nbla-economica","status":"publish","type":"product","link":"https:\/\/tzionlibreria.com\/index.php\/product\/santa-biblia-nbla-economica\/","title":{"rendered":"Biblia Nueva Biblia de las Am\u00e9ricas NBLA (Econ\u00f3mica)"},"content":{"rendered":"<p>La NBLA es la palabra de Dios escrita en el lenguaje de tu coraz\u00f3n.<\/p>\n<p>\u00a1Descubre por qu\u00e9 la Biblia es el libro m\u00e1s vendido en la historia del mundo! El Texto de la NBLA es la forma perfecta de explorar la mayor obra literaria jam\u00e1s escrita en una presentaci\u00f3n econ\u00f3mica ideal para evangelismo o regalar a aquella persona que necesita conocer el plan de salvaci\u00f3n.<\/p>\n<p>El texto de la Nueva Biblia de las Am\u00e9ricas retiene de manera precisa el significado de los idiomas originales, al mismo tiempo que provee claridad y legibilidad \u00fanicas. Respetando el mismo vocabulario, la gram\u00e1tica y la estructura de los originales, la Nueva Biblia de las Am\u00e9ricas es la traducci\u00f3n moderna m\u00e1s literal disponible en espa\u00f1ol latinoamericano.<\/p>\n<p>Esta Biblia incluye:<\/p>\n<ul>\n<li>El texto completo de la NBLA<\/li>\n<li>Notas de la traducci\u00f3n<\/li>\n<li>Plan de salvaci\u00f3n<\/li>\n<li>Letra exclusiva f\u00e1cil de leer Comfort Print\u00ae 6.5<\/li>\n<li>Formato a dos columnas para mejor lectura.<\/li>\n<\/ul>\n<div id=\"ctl00_ucPDTabs_ctl02_fs\" class=\"ProductDetailGroup system-properties\"><strong>ISBN<\/strong>: 9780829769692<br \/>\n<strong>Editorial<\/strong>:\u00a0Vida<br \/>\n<strong>Dimensiones<\/strong>: 14 x 24 x 2 cm<br \/>\n<strong>Peso<\/strong>: 0,360kg<br \/>\n<strong>Cubierta<\/strong>: R\u00fastica<br \/>\n<strong>N\u00famero de p\u00e1ginas<\/strong>: 581<br \/>\n<strong>Idioma<\/strong>: Espa\u00f1ol<\/div>\n<div id=\"ctl00_ucPDTabs_ctl03_fs\" class=\"ProductDetailGroup\"><strong>Versi\u00f3n:<\/strong>\u00a0NBLA<br \/>\n<strong>Canto:<\/strong>\u00a0Beige<br \/>\n<strong>Color:<\/strong>\u00a0Gris<br \/>\n<strong>Tama\u00f1o:<\/strong>\u00a0Manual<br \/>\n<strong>Caracter\u00edsticas Adicionales:<\/strong>\u00a0Plan de salvaci\u00f3n<br \/>\n<strong>Caracter\u00edsticas Adicionales:<\/strong>\u00a0Plan de Lectura<\/div>\n","protected":false},"excerpt":{"rendered":"<p>La NBLA es la palabra de Dios escrita en el lenguaje de tu coraz\u00f3n. \u00a1Descubre por qu\u00e9 la Biblia es el libro m\u00e1s vendido en la historia del mundo! El Texto de la NBLA es la forma perfecta de explorar la mayor obra literaria jam\u00e1s escrita en una presentaci\u00f3n econ\u00f3mica ideal para evangelismo o regalar [&hellip;]<\/p>\n","protected":false},"featured_media":1362,"comment_status":"open","ping_status":"closed","template":"","meta":{"om_disable_all_campaigns":false,"_monsterinsights_skip_tracking":false,"_monsterinsights_sitenote_active":false,"_monsterinsights_sitenote_note":"","_monsterinsights_sitenote_category":0,"site-sidebar-layout":"default","site-content-layout":"","ast-site-content-layout":"default","site-content-style":"default","site-sidebar-style":"default","ast-global-header-display":"","ast-banner-title-visibility":"","ast-main-header-display":"","ast-hfb-above-header-display":"","ast-hfb-below-header-display":"","ast-hfb-mobile-header-display":"","site-post-title":"","ast-breadcrumbs-content":"","ast-featured-img":"","footer-sml-layout":"","ast-disable-related-posts":"","theme-transparent-header-meta":"default","adv-header-id-meta":"","stick-header-meta":"","header-above-stick-meta":"","header-main-stick-meta":"","header-below-stick-meta":"","astra-migrate-meta-layouts":"set","ast-page-background-enabled":"default","ast-page-background-meta":{"desktop":{"background-color":"var(--ast-global-color-4)","background-image":"","background-repeat":"repeat","background-position":"center center","background-size":"auto","background-attachment":"scroll","background-type":"","background-media":"","overlay-type":"","overlay-color":"","overlay-opacity":"","overlay-gradient":""},"tablet":{"background-color":"","background-image":"","background-repeat":"repeat","background-position":"center center","background-size":"auto","background-attachment":"scroll","background-type":"","background-media":"","overlay-type":"","overlay-color":"","overlay-opacity":"","overlay-gradient":""},"mobile":{"background-color":"","background-image":"","background-repeat":"repeat","background-position":"center center","background-size":"auto","background-attachment":"scroll","background-type":"","background-media":"","overlay-type":"","overlay-color":"","overlay-opacity":"","overlay-gradient":""}},"ast-content-background-meta":{"desktop":{"background-color":"var(--ast-global-color-5)","background-image":"","background-repeat":"repeat","background-position":"center center","background-size":"auto","background-attachment":"scroll","background-type":"","background-media":"","overlay-type":"","overlay-color":"","overlay-opacity":"","overlay-gradient":""},"tablet":{"background-color":"var(--ast-global-color-5)","background-image":"","background-repeat":"repeat","background-position":"center center","background-size":"auto","background-attachment":"scroll","background-type":"","background-media":"","overlay-type":"","overlay-color":"","overlay-opacity":"","overlay-gradient":""},"mobile":{"background-color":"var(--ast-global-color-5)","background-image":"","background-repeat":"repeat","background-position":"center center","background-size":"auto","background-attachment":"scroll","background-type":"","background-media":"","overlay-type":"","overlay-color":"","overlay-opacity":"","overlay-gradient":""}}},"product_brand":[],"product_cat":[22,303],"product_tag":[],"class_list":{"0":"post-1361","1":"product","2":"type-product","3":"status-publish","4":"has-post-thumbnail","6":"product_cat-biblias","7":"product_cat-ofertas-economicas","8":"desktop-align-left","9":"tablet-align-left","10":"mobile-align-left","12":"first","13":"instock","14":"shipping-taxable","15":"purchasable","16":"product-type-simple"},"yoast_head":"<!-- This site is optimized with the Yoast SEO plugin v27.4 - https:\/\/yoast.com\/product\/yoast-seo-wordpress\/ -->\n<title>Biblia Nueva Biblia de las Am\u00e9ricas NBLA (Econ\u00f3mica) - tzionlibreria.com<\/title>\n<meta name=\"description\" content=\"Biblia NBLA es la forma perfecta en una presentaci\u00f3n econ\u00f3mica ideal para evangelismo o regalar a aquella persona que necesita conocer el plan de salvaci\u00f3n.\" \/>\n<meta name=\"robots\" content=\"index, follow, max-snippet:-1, max-image-preview:large, max-video-preview:-1\" \/>\n<link rel=\"canonical\" href=\"https:\/\/tzionlibreria.com\/index.php\/product\/santa-biblia-nbla-economica\/\" \/>\n<meta property=\"og:locale\" content=\"es_ES\" \/>\n<meta property=\"og:type\" content=\"article\" \/>\n<meta property=\"og:title\" content=\"Biblia Nueva Biblia de las Am\u00e9ricas NBLA (Econ\u00f3mica) - tzionlibreria.com\" \/>\n<meta property=\"og:description\" content=\"Biblia NBLA es la forma perfecta en una presentaci\u00f3n econ\u00f3mica ideal para evangelismo o regalar a aquella persona que necesita conocer el plan de salvaci\u00f3n.\" \/>\n<meta property=\"og:url\" content=\"https:\/\/tzionlibreria.com\/index.php\/product\/santa-biblia-nbla-economica\/\" \/>\n<meta property=\"og:site_name\" content=\"tzionlibreria.com\" \/>\n<meta property=\"article:modified_time\" content=\"2025-05-27T23:23:01+00:00\" \/>\n<meta property=\"og:image\" content=\"http:\/\/tzionlibreria.com\/wp-content\/uploads\/2023\/11\/nbla.jpg\" \/>\n\t<meta property=\"og:image:width\" content=\"1200\" \/>\n\t<meta property=\"og:image:height\" content=\"1200\" \/>\n\t<meta property=\"og:image:type\" content=\"image\/jpeg\" \/>\n<meta name=\"twitter:card\" content=\"summary_large_image\" \/>\n<meta name=\"twitter:label1\" content=\"Tiempo de lectura\" \/>\n\t<meta name=\"twitter:data1\" content=\"2 minutos\" \/>\n<script type=\"application\/ld+json\" class=\"yoast-schema-graph\">{\"@context\":\"https:\\\/\\\/schema.org\",\"@graph\":[{\"@type\":\"WebPage\",\"@id\":\"https:\\\/\\\/tzionlibreria.com\\\/index.php\\\/product\\\/santa-biblia-nbla-economica\\\/\",\"url\":\"https:\\\/\\\/tzionlibreria.com\\\/index.php\\\/product\\\/santa-biblia-nbla-economica\\\/\",\"name\":\"Biblia Nueva Biblia de las Am\u00e9ricas NBLA (Econ\u00f3mica) - tzionlibreria.com\",\"isPartOf\":{\"@id\":\"https:\\\/\\\/tzionlibreria.com\\\/#website\"},\"primaryImageOfPage\":{\"@id\":\"https:\\\/\\\/tzionlibreria.com\\\/index.php\\\/product\\\/santa-biblia-nbla-economica\\\/#primaryimage\"},\"image\":{\"@id\":\"https:\\\/\\\/tzionlibreria.com\\\/index.php\\\/product\\\/santa-biblia-nbla-economica\\\/#primaryimage\"},\"thumbnailUrl\":\"https:\\\/\\\/tzionlibreria.com\\\/wp-content\\\/uploads\\\/2023\\\/11\\\/nbla.jpg\",\"datePublished\":\"2023-11-13T18:01:14+00:00\",\"dateModified\":\"2025-05-27T23:23:01+00:00\",\"description\":\"Biblia NBLA es la forma perfecta en una presentaci\u00f3n econ\u00f3mica ideal para evangelismo o regalar a aquella persona que necesita conocer el plan de salvaci\u00f3n.\",\"breadcrumb\":{\"@id\":\"https:\\\/\\\/tzionlibreria.com\\\/index.php\\\/product\\\/santa-biblia-nbla-economica\\\/#breadcrumb\"},\"inLanguage\":\"es-CO\",\"potentialAction\":[{\"@type\":\"ReadAction\",\"target\":[\"https:\\\/\\\/tzionlibreria.com\\\/index.php\\\/product\\\/santa-biblia-nbla-economica\\\/\"]}]},{\"@type\":\"ImageObject\",\"inLanguage\":\"es-CO\",\"@id\":\"https:\\\/\\\/tzionlibreria.com\\\/index.php\\\/product\\\/santa-biblia-nbla-economica\\\/#primaryimage\",\"url\":\"https:\\\/\\\/tzionlibreria.com\\\/wp-content\\\/uploads\\\/2023\\\/11\\\/nbla.jpg\",\"contentUrl\":\"https:\\\/\\\/tzionlibreria.com\\\/wp-content\\\/uploads\\\/2023\\\/11\\\/nbla.jpg\",\"width\":1200,\"height\":1200},{\"@type\":\"BreadcrumbList\",\"@id\":\"https:\\\/\\\/tzionlibreria.com\\\/index.php\\\/product\\\/santa-biblia-nbla-economica\\\/#breadcrumb\",\"itemListElement\":[{\"@type\":\"ListItem\",\"position\":1,\"name\":\"Inicio\",\"item\":\"https:\\\/\\\/tzionlibreria.com\\\/\"},{\"@type\":\"ListItem\",\"position\":2,\"name\":\"Shop\",\"item\":\"https:\\\/\\\/tzionlibreria.com\\\/index.php\\\/shop\\\/\"},{\"@type\":\"ListItem\",\"position\":3,\"name\":\"Biblia Nueva Biblia de las Am\u00e9ricas NBLA (Econ\u00f3mica)\"}]},{\"@type\":\"WebSite\",\"@id\":\"https:\\\/\\\/tzionlibreria.com\\\/#website\",\"url\":\"https:\\\/\\\/tzionlibreria.com\\\/\",\"name\":\"tzionlibreria.com\",\"description\":\"Libreria Cristiana Venezuela\",\"publisher\":{\"@id\":\"https:\\\/\\\/tzionlibreria.com\\\/#organization\"},\"potentialAction\":[{\"@type\":\"SearchAction\",\"target\":{\"@type\":\"EntryPoint\",\"urlTemplate\":\"https:\\\/\\\/tzionlibreria.com\\\/?s={search_term_string}\"},\"query-input\":{\"@type\":\"PropertyValueSpecification\",\"valueRequired\":true,\"valueName\":\"search_term_string\"}}],\"inLanguage\":\"es-CO\"},{\"@type\":\"Organization\",\"@id\":\"https:\\\/\\\/tzionlibreria.com\\\/#organization\",\"name\":\"tzionlibreria.com\",\"url\":\"https:\\\/\\\/tzionlibreria.com\\\/\",\"logo\":{\"@type\":\"ImageObject\",\"inLanguage\":\"es-CO\",\"@id\":\"https:\\\/\\\/tzionlibreria.com\\\/#\\\/schema\\\/logo\\\/image\\\/\",\"url\":\"https:\\\/\\\/tzionlibreria.com\\\/wp-content\\\/uploads\\\/2023\\\/10\\\/cropped-Cuadricula-scaled-1.jpg\",\"contentUrl\":\"https:\\\/\\\/tzionlibreria.com\\\/wp-content\\\/uploads\\\/2023\\\/10\\\/cropped-Cuadricula-scaled-1.jpg\",\"width\":2560,\"height\":2560,\"caption\":\"tzionlibreria.com\"},\"image\":{\"@id\":\"https:\\\/\\\/tzionlibreria.com\\\/#\\\/schema\\\/logo\\\/image\\\/\"}}]}<\/script>\n<!-- \/ Yoast SEO plugin. -->","yoast_head_json":{"title":"Biblia Nueva Biblia de las Am\u00e9ricas NBLA (Econ\u00f3mica) - tzionlibreria.com","description":"Biblia NBLA es la forma perfecta en una presentaci\u00f3n econ\u00f3mica ideal para evangelismo o regalar a aquella persona que necesita conocer el plan de salvaci\u00f3n.","robots":{"index":"index","follow":"follow","max-snippet":"max-snippet:-1","max-image-preview":"max-image-preview:large","max-video-preview":"max-video-preview:-1"},"canonical":"https:\/\/tzionlibreria.com\/index.php\/product\/santa-biblia-nbla-economica\/","og_locale":"es_ES","og_type":"article","og_title":"Biblia Nueva Biblia de las Am\u00e9ricas NBLA (Econ\u00f3mica) - tzionlibreria.com","og_description":"Biblia NBLA es la forma perfecta en una presentaci\u00f3n econ\u00f3mica ideal para evangelismo o regalar a aquella persona que necesita conocer el plan de salvaci\u00f3n.","og_url":"https:\/\/tzionlibreria.com\/index.php\/product\/santa-biblia-nbla-economica\/","og_site_name":"tzionlibreria.com","article_modified_time":"2025-05-27T23:23:01+00:00","og_image":[{"width":1200,"height":1200,"url":"http:\/\/tzionlibreria.com\/wp-content\/uploads\/2023\/11\/nbla.jpg","type":"image\/jpeg"}],"twitter_card":"summary_large_image","twitter_misc":{"Tiempo de lectura":"2 minutos"},"schema":{"@context":"https:\/\/schema.org","@graph":[{"@type":"WebPage","@id":"https:\/\/tzionlibreria.com\/index.php\/product\/santa-biblia-nbla-economica\/","url":"https:\/\/tzionlibreria.com\/index.php\/product\/santa-biblia-nbla-economica\/","name":"Biblia Nueva Biblia de las Am\u00e9ricas NBLA (Econ\u00f3mica) - tzionlibreria.com","isPartOf":{"@id":"https:\/\/tzionlibreria.com\/#website"},"primaryImageOfPage":{"@id":"https:\/\/tzionlibreria.com\/index.php\/product\/santa-biblia-nbla-economica\/#primaryimage"},"image":{"@id":"https:\/\/tzionlibreria.com\/index.php\/product\/santa-biblia-nbla-economica\/#primaryimage"},"thumbnailUrl":"https:\/\/tzionlibreria.com\/wp-content\/uploads\/2023\/11\/nbla.jpg","datePublished":"2023-11-13T18:01:14+00:00","dateModified":"2025-05-27T23:23:01+00:00","description":"Biblia NBLA es la forma perfecta en una presentaci\u00f3n econ\u00f3mica ideal para evangelismo o regalar a aquella persona que necesita conocer el plan de salvaci\u00f3n.","breadcrumb":{"@id":"https:\/\/tzionlibreria.com\/index.php\/product\/santa-biblia-nbla-economica\/#breadcrumb"},"inLanguage":"es-CO","potentialAction":[{"@type":"ReadAction","target":["https:\/\/tzionlibreria.com\/index.php\/product\/santa-biblia-nbla-economica\/"]}]},{"@type":"ImageObject","inLanguage":"es-CO","@id":"https:\/\/tzionlibreria.com\/index.php\/product\/santa-biblia-nbla-economica\/#primaryimage","url":"https:\/\/tzionlibreria.com\/wp-content\/uploads\/2023\/11\/nbla.jpg","contentUrl":"https:\/\/tzionlibreria.com\/wp-content\/uploads\/2023\/11\/nbla.jpg","width":1200,"height":1200},{"@type":"BreadcrumbList","@id":"https:\/\/tzionlibreria.com\/index.php\/product\/santa-biblia-nbla-economica\/#breadcrumb","itemListElement":[{"@type":"ListItem","position":1,"name":"Inicio","item":"https:\/\/tzionlibreria.com\/"},{"@type":"ListItem","position":2,"name":"Shop","item":"https:\/\/tzionlibreria.com\/index.php\/shop\/"},{"@type":"ListItem","position":3,"name":"Biblia Nueva Biblia de las Am\u00e9ricas NBLA (Econ\u00f3mica)"}]},{"@type":"WebSite","@id":"https:\/\/tzionlibreria.com\/#website","url":"https:\/\/tzionlibreria.com\/","name":"tzionlibreria.com","description":"Libreria Cristiana Venezuela","publisher":{"@id":"https:\/\/tzionlibreria.com\/#organization"},"potentialAction":[{"@type":"SearchAction","target":{"@type":"EntryPoint","urlTemplate":"https:\/\/tzionlibreria.com\/?s={search_term_string}"},"query-input":{"@type":"PropertyValueSpecification","valueRequired":true,"valueName":"search_term_string"}}],"inLanguage":"es-CO"},{"@type":"Organization","@id":"https:\/\/tzionlibreria.com\/#organization","name":"tzionlibreria.com","url":"https:\/\/tzionlibreria.com\/","logo":{"@type":"ImageObject","inLanguage":"es-CO","@id":"https:\/\/tzionlibreria.com\/#\/schema\/logo\/image\/","url":"https:\/\/tzionlibreria.com\/wp-content\/uploads\/2023\/10\/cropped-Cuadricula-scaled-1.jpg","contentUrl":"https:\/\/tzionlibreria.com\/wp-content\/uploads\/2023\/10\/cropped-Cuadricula-scaled-1.jpg","width":2560,"height":2560,"caption":"tzionlibreria.com"},"image":{"@id":"https:\/\/tzionlibreria.com\/#\/schema\/logo\/image\/"}}]}},"jetpack_sharing_enabled":true,"_links":{"self":[{"href":"https:\/\/tzionlibreria.com\/index.php\/wp-json\/wp\/v2\/product\/1361","targetHints":{"allow":["GET"]}}],"collection":[{"href":"https:\/\/tzionlibreria.com\/index.php\/wp-json\/wp\/v2\/product"}],"about":[{"href":"https:\/\/tzionlibreria.com\/index.php\/wp-json\/wp\/v2\/types\/product"}],"replies":[{"embeddable":true,"href":"https:\/\/tzionlibreria.com\/index.php\/wp-json\/wp\/v2\/comments?post=1361"}],"wp:featuredmedia":[{"embeddable":true,"href":"https:\/\/tzionlibreria.com\/index.php\/wp-json\/wp\/v2\/media\/1362"}],"wp:attachment":[{"href":"https:\/\/tzionlibreria.com\/index.php\/wp-json\/wp\/v2\/media?parent=1361"}],"wp:term":[{"taxonomy":"product_brand","embeddable":true,"href":"https:\/\/tzionlibreria.com\/index.php\/wp-json\/wp\/v2\/product_brand?post=1361"},{"taxonomy":"product_cat","embeddable":true,"href":"https:\/\/tzionlibreria.com\/index.php\/wp-json\/wp\/v2\/product_cat?post=1361"},{"taxonomy":"product_tag","embeddable":true,"href":"https:\/\/tzionlibreria.com\/index.php\/wp-json\/wp\/v2\/product_tag?post=1361"}],"curies":[{"name":"wp","href":"https:\/\/api.w.org\/{rel}","templated":true}]}}