{"id":1433,"date":"2023-11-14T12:51:26","date_gmt":"2023-11-14T12:51:26","guid":{"rendered":"https:\/\/tzionlibreria.com\/?post_type=product&#038;p=1433"},"modified":"2025-06-05T22:00:48","modified_gmt":"2025-06-05T22:00:48","slug":"biblia-g3-de-crecimiento-juvenil-nvi","status":"publish","type":"product","link":"https:\/\/tzionlibreria.com\/index.php\/product\/biblia-g3-de-crecimiento-juvenil-nvi\/","title":{"rendered":"Biblia G3 de Crecimiento Juvenil NVI"},"content":{"rendered":"<h3 data-start=\"158\" data-end=\"226\">\ud83d\udcd8 <strong data-start=\"165\" data-end=\"224\">Biblia Juvenil de Estudio | Edici\u00f3n Piel Italiana | NVI<\/strong><\/h3>\n<p data-start=\"227\" data-end=\"308\"><strong data-start=\"227\" data-end=\"308\">Una Biblia con respuestas reales para los desaf\u00edos reales de esta generaci\u00f3n.<\/strong><\/p>\n<p data-start=\"310\" data-end=\"479\">Esta no es cualquier Biblia. Es una herramienta dise\u00f1ada especialmente para los j\u00f3venes del tercer milenio que enfrentan preguntas, decisiones y batallas todos los d\u00edas.<\/p>\n<p data-start=\"481\" data-end=\"703\">\ud83d\udcda Con notas y comentarios de m\u00e1s de <strong data-start=\"518\" data-end=\"542\">20 l\u00edderes juveniles<\/strong> reconocidos como <strong data-start=\"560\" data-end=\"622\">Lucas Leys, Dante Gebel, Funky, Emmanuel Espinosa, Julissa<\/strong> y muchos m\u00e1s, esta Biblia te habla con un lenguaje directo, claro y entretenido.<\/p>\n<p data-start=\"705\" data-end=\"743\">\ud83d\udcac Responde inquietudes reales como:<\/p>\n<ul data-start=\"744\" data-end=\"891\">\n<li data-start=\"744\" data-end=\"766\">\n<p data-start=\"746\" data-end=\"766\">\u00ab\u00bfY qu\u00e9 del sexo?\u00bb<\/p>\n<\/li>\n<li data-start=\"767\" data-end=\"808\">\n<p data-start=\"769\" data-end=\"808\">\u00ab\u00bfPor qu\u00e9 tengo que ir a la iglesia?\u00bb<\/p>\n<\/li>\n<li data-start=\"809\" data-end=\"853\">\n<p data-start=\"811\" data-end=\"853\">\u00ab\u00bfC\u00f3mo puedo saber qu\u00e9 est\u00e1 bien o mal?\u00bb<\/p>\n<\/li>\n<li data-start=\"854\" data-end=\"891\">\n<p data-start=\"856\" data-end=\"891\">\u00ab\u00bfDebo alejarme de ciertos amigos?\u00bb<\/p>\n<\/li>\n<\/ul>\n<p data-start=\"893\" data-end=\"1010\">Ideal para j\u00f3venes, adolescentes, l\u00edderes juveniles, y cualquiera que quiera <strong data-start=\"970\" data-end=\"1009\">una fe vibrante, honesta y profunda<\/strong>.<\/p>\n<hr data-start=\"1012\" data-end=\"1015\" \/>\n<h3 data-start=\"1017\" data-end=\"1051\">\ud83d\udee0\ufe0f <strong data-start=\"1025\" data-end=\"1051\">Caracter\u00edsticas clave:<\/strong><\/h3>\n<ul data-start=\"1052\" data-end=\"1391\">\n<li data-start=\"1052\" data-end=\"1133\">\n<p data-start=\"1054\" data-end=\"1133\"><strong data-start=\"1054\" data-end=\"1099\">Versi\u00f3n NVI (Nueva Versi\u00f3n Internacional)<\/strong> \u2013 Lenguaje actual, fiel y claro<\/p>\n<\/li>\n<li data-start=\"1134\" data-end=\"1175\">\n<p data-start=\"1136\" data-end=\"1175\"><strong data-start=\"1136\" data-end=\"1153\">Piel italiana<\/strong> elegante y duradera<\/p>\n<\/li>\n<li data-start=\"1176\" data-end=\"1222\">\n<p data-start=\"1178\" data-end=\"1222\">1596 p\u00e1ginas llenas de contenido relevante<\/p>\n<\/li>\n<li data-start=\"1223\" data-end=\"1282\">\n<p data-start=\"1225\" data-end=\"1282\"><strong data-start=\"1225\" data-end=\"1280\">Notas, reflexiones y art\u00edculos de l\u00edderes juveniles<\/strong><\/p>\n<\/li>\n<li data-start=\"1283\" data-end=\"1338\">\n<p data-start=\"1285\" data-end=\"1338\"><strong data-start=\"1285\" data-end=\"1336\">Respuestas a temas actuales con enfoque b\u00edblico<\/strong><\/p>\n<\/li>\n<li data-start=\"1339\" data-end=\"1374\">\n<p data-start=\"1341\" data-end=\"1374\">Tama\u00f1o pr\u00e1ctico: 16 x 24 x 3 cm<\/p>\n<\/li>\n<li data-start=\"1375\" data-end=\"1391\">\n<p data-start=\"1377\" data-end=\"1391\">Peso: 1.150 kg<\/p>\n<\/li>\n<\/ul>\n<hr data-start=\"1393\" data-end=\"1396\" \/>\n<h3 data-start=\"1398\" data-end=\"1419\">\ud83e\uddd1\u200d\ud83c\udf93 Dirigida a:<\/h3>\n<ul data-start=\"1420\" data-end=\"1618\">\n<li data-start=\"1420\" data-end=\"1467\">\n<p data-start=\"1422\" data-end=\"1467\">J\u00f3venes y adolescentes con preguntas reales<\/p>\n<\/li>\n<li data-start=\"1468\" data-end=\"1504\">\n<p data-start=\"1470\" data-end=\"1504\">L\u00edderes juveniles que discipulan<\/p>\n<\/li>\n<li data-start=\"1505\" data-end=\"1559\">\n<p data-start=\"1507\" data-end=\"1559\">Padres que buscan una Biblia actual para sus hijos<\/p>\n<\/li>\n<li data-start=\"1560\" data-end=\"1618\">\n<p data-start=\"1562\" data-end=\"1618\">Regalos de graduaci\u00f3n, confirmaci\u00f3n o eventos especiales<\/p>\n<\/li>\n<\/ul>\n<p data-start=\"2072\" data-end=\"2134\">\n","protected":false},"excerpt":{"rendered":"<p>\ud83d\udcd8 Biblia Juvenil de Estudio | Edici\u00f3n Piel Italiana | NVI Una Biblia con respuestas reales para los desaf\u00edos reales de esta generaci\u00f3n. Esta no es cualquier Biblia. Es una herramienta dise\u00f1ada especialmente para los j\u00f3venes del tercer milenio que enfrentan preguntas, decisiones y batallas todos los d\u00edas. \ud83d\udcda Con notas y comentarios de m\u00e1s [&hellip;]<\/p>\n","protected":false},"featured_media":1434,"comment_status":"open","ping_status":"closed","template":"","meta":{"om_disable_all_campaigns":false,"_monsterinsights_skip_tracking":false,"_monsterinsights_sitenote_active":false,"_monsterinsights_sitenote_note":"","_monsterinsights_sitenote_category":0,"site-sidebar-layout":"default","site-content-layout":"","ast-site-content-layout":"default","site-content-style":"default","site-sidebar-style":"default","ast-global-header-display":"","ast-banner-title-visibility":"","ast-main-header-display":"","ast-hfb-above-header-display":"","ast-hfb-below-header-display":"","ast-hfb-mobile-header-display":"","site-post-title":"","ast-breadcrumbs-content":"","ast-featured-img":"","footer-sml-layout":"","ast-disable-related-posts":"","theme-transparent-header-meta":"default","adv-header-id-meta":"","stick-header-meta":"","header-above-stick-meta":"","header-main-stick-meta":"","header-below-stick-meta":"","astra-migrate-meta-layouts":"set","ast-page-background-enabled":"default","ast-page-background-meta":{"desktop":{"background-color":"var(--ast-global-color-4)","background-image":"","background-repeat":"repeat","background-position":"center center","background-size":"auto","background-attachment":"scroll","background-type":"","background-media":"","overlay-type":"","overlay-color":"","overlay-opacity":"","overlay-gradient":""},"tablet":{"background-color":"","background-image":"","background-repeat":"repeat","background-position":"center center","background-size":"auto","background-attachment":"scroll","background-type":"","background-media":"","overlay-type":"","overlay-color":"","overlay-opacity":"","overlay-gradient":""},"mobile":{"background-color":"","background-image":"","background-repeat":"repeat","background-position":"center center","background-size":"auto","background-attachment":"scroll","background-type":"","background-media":"","overlay-type":"","overlay-color":"","overlay-opacity":"","overlay-gradient":""}},"ast-content-background-meta":{"desktop":{"background-color":"var(--ast-global-color-5)","background-image":"","background-repeat":"repeat","background-position":"center center","background-size":"auto","background-attachment":"scroll","background-type":"","background-media":"","overlay-type":"","overlay-color":"","overlay-opacity":"","overlay-gradient":""},"tablet":{"background-color":"var(--ast-global-color-5)","background-image":"","background-repeat":"repeat","background-position":"center center","background-size":"auto","background-attachment":"scroll","background-type":"","background-media":"","overlay-type":"","overlay-color":"","overlay-opacity":"","overlay-gradient":""},"mobile":{"background-color":"var(--ast-global-color-5)","background-image":"","background-repeat":"repeat","background-position":"center center","background-size":"auto","background-attachment":"scroll","background-type":"","background-media":"","overlay-type":"","overlay-color":"","overlay-opacity":"","overlay-gradient":""}}},"product_brand":[],"product_cat":[304,22,32],"product_tag":[],"class_list":{"0":"post-1433","1":"product","2":"type-product","3":"status-publish","4":"has-post-thumbnail","6":"product_cat-biblia-juvenil","7":"product_cat-biblias","8":"product_cat-biblias-nvi","9":"desktop-align-left","10":"tablet-align-left","11":"mobile-align-left","13":"first","14":"instock","15":"shipping-taxable","16":"purchasable","17":"product-type-simple"},"yoast_head":"<!-- This site is optimized with the Yoast SEO plugin v27.4 - https:\/\/yoast.com\/product\/yoast-seo-wordpress\/ -->\n<title>Biblia G3 de Crecimiento Juvenil NVI - tzionlibreria.com<\/title>\n<meta name=\"description\" content=\"Ideal para j\u00f3venes, adolescentes, l\u00edderes juveniles, y cualquiera que quiera una fe vibrante, honesta y profunda. Biblia hecha por j\u00f3venes para j\u00f3venes.\" \/>\n<meta name=\"robots\" content=\"index, follow, max-snippet:-1, max-image-preview:large, max-video-preview:-1\" \/>\n<link rel=\"canonical\" href=\"https:\/\/tzionlibreria.com\/index.php\/product\/biblia-g3-de-crecimiento-juvenil-nvi\/\" \/>\n<meta property=\"og:locale\" content=\"es_ES\" \/>\n<meta property=\"og:type\" content=\"article\" \/>\n<meta property=\"og:title\" content=\"Biblia G3 de Crecimiento Juvenil NVI - tzionlibreria.com\" \/>\n<meta property=\"og:description\" content=\"Ideal para j\u00f3venes, adolescentes, l\u00edderes juveniles, y cualquiera que quiera una fe vibrante, honesta y profunda. Biblia hecha por j\u00f3venes para j\u00f3venes.\" \/>\n<meta property=\"og:url\" content=\"https:\/\/tzionlibreria.com\/index.php\/product\/biblia-g3-de-crecimiento-juvenil-nvi\/\" \/>\n<meta property=\"og:site_name\" content=\"tzionlibreria.com\" \/>\n<meta property=\"article:modified_time\" content=\"2025-06-05T22:00:48+00:00\" \/>\n<meta property=\"og:image\" content=\"http:\/\/tzionlibreria.com\/wp-content\/uploads\/2023\/11\/g31.jpg\" \/>\n\t<meta property=\"og:image:width\" content=\"1200\" \/>\n\t<meta property=\"og:image:height\" content=\"1200\" \/>\n\t<meta property=\"og:image:type\" content=\"image\/jpeg\" \/>\n<meta name=\"twitter:card\" content=\"summary_large_image\" \/>\n<meta name=\"twitter:label1\" content=\"Tiempo de lectura\" \/>\n\t<meta name=\"twitter:data1\" content=\"2 minutos\" \/>\n<script type=\"application\/ld+json\" class=\"yoast-schema-graph\">{\"@context\":\"https:\\\/\\\/schema.org\",\"@graph\":[{\"@type\":\"WebPage\",\"@id\":\"https:\\\/\\\/tzionlibreria.com\\\/index.php\\\/product\\\/biblia-g3-de-crecimiento-juvenil-nvi\\\/\",\"url\":\"https:\\\/\\\/tzionlibreria.com\\\/index.php\\\/product\\\/biblia-g3-de-crecimiento-juvenil-nvi\\\/\",\"name\":\"Biblia G3 de Crecimiento Juvenil NVI - tzionlibreria.com\",\"isPartOf\":{\"@id\":\"https:\\\/\\\/tzionlibreria.com\\\/#website\"},\"primaryImageOfPage\":{\"@id\":\"https:\\\/\\\/tzionlibreria.com\\\/index.php\\\/product\\\/biblia-g3-de-crecimiento-juvenil-nvi\\\/#primaryimage\"},\"image\":{\"@id\":\"https:\\\/\\\/tzionlibreria.com\\\/index.php\\\/product\\\/biblia-g3-de-crecimiento-juvenil-nvi\\\/#primaryimage\"},\"thumbnailUrl\":\"https:\\\/\\\/tzionlibreria.com\\\/wp-content\\\/uploads\\\/2023\\\/11\\\/g31.jpg\",\"datePublished\":\"2023-11-14T12:51:26+00:00\",\"dateModified\":\"2025-06-05T22:00:48+00:00\",\"description\":\"Ideal para j\u00f3venes, adolescentes, l\u00edderes juveniles, y cualquiera que quiera una fe vibrante, honesta y profunda. Biblia hecha por j\u00f3venes para j\u00f3venes.\",\"breadcrumb\":{\"@id\":\"https:\\\/\\\/tzionlibreria.com\\\/index.php\\\/product\\\/biblia-g3-de-crecimiento-juvenil-nvi\\\/#breadcrumb\"},\"inLanguage\":\"es-CO\",\"potentialAction\":[{\"@type\":\"ReadAction\",\"target\":[\"https:\\\/\\\/tzionlibreria.com\\\/index.php\\\/product\\\/biblia-g3-de-crecimiento-juvenil-nvi\\\/\"]}]},{\"@type\":\"ImageObject\",\"inLanguage\":\"es-CO\",\"@id\":\"https:\\\/\\\/tzionlibreria.com\\\/index.php\\\/product\\\/biblia-g3-de-crecimiento-juvenil-nvi\\\/#primaryimage\",\"url\":\"https:\\\/\\\/tzionlibreria.com\\\/wp-content\\\/uploads\\\/2023\\\/11\\\/g31.jpg\",\"contentUrl\":\"https:\\\/\\\/tzionlibreria.com\\\/wp-content\\\/uploads\\\/2023\\\/11\\\/g31.jpg\",\"width\":1200,\"height\":1200},{\"@type\":\"BreadcrumbList\",\"@id\":\"https:\\\/\\\/tzionlibreria.com\\\/index.php\\\/product\\\/biblia-g3-de-crecimiento-juvenil-nvi\\\/#breadcrumb\",\"itemListElement\":[{\"@type\":\"ListItem\",\"position\":1,\"name\":\"Inicio\",\"item\":\"https:\\\/\\\/tzionlibreria.com\\\/\"},{\"@type\":\"ListItem\",\"position\":2,\"name\":\"Shop\",\"item\":\"https:\\\/\\\/tzionlibreria.com\\\/index.php\\\/shop\\\/\"},{\"@type\":\"ListItem\",\"position\":3,\"name\":\"Biblia G3 de Crecimiento Juvenil NVI\"}]},{\"@type\":\"WebSite\",\"@id\":\"https:\\\/\\\/tzionlibreria.com\\\/#website\",\"url\":\"https:\\\/\\\/tzionlibreria.com\\\/\",\"name\":\"tzionlibreria.com\",\"description\":\"Libreria Cristiana Venezuela\",\"publisher\":{\"@id\":\"https:\\\/\\\/tzionlibreria.com\\\/#organization\"},\"potentialAction\":[{\"@type\":\"SearchAction\",\"target\":{\"@type\":\"EntryPoint\",\"urlTemplate\":\"https:\\\/\\\/tzionlibreria.com\\\/?s={search_term_string}\"},\"query-input\":{\"@type\":\"PropertyValueSpecification\",\"valueRequired\":true,\"valueName\":\"search_term_string\"}}],\"inLanguage\":\"es-CO\"},{\"@type\":\"Organization\",\"@id\":\"https:\\\/\\\/tzionlibreria.com\\\/#organization\",\"name\":\"tzionlibreria.com\",\"url\":\"https:\\\/\\\/tzionlibreria.com\\\/\",\"logo\":{\"@type\":\"ImageObject\",\"inLanguage\":\"es-CO\",\"@id\":\"https:\\\/\\\/tzionlibreria.com\\\/#\\\/schema\\\/logo\\\/image\\\/\",\"url\":\"https:\\\/\\\/tzionlibreria.com\\\/wp-content\\\/uploads\\\/2023\\\/10\\\/cropped-Cuadricula-scaled-1.jpg\",\"contentUrl\":\"https:\\\/\\\/tzionlibreria.com\\\/wp-content\\\/uploads\\\/2023\\\/10\\\/cropped-Cuadricula-scaled-1.jpg\",\"width\":2560,\"height\":2560,\"caption\":\"tzionlibreria.com\"},\"image\":{\"@id\":\"https:\\\/\\\/tzionlibreria.com\\\/#\\\/schema\\\/logo\\\/image\\\/\"}}]}<\/script>\n<!-- \/ Yoast SEO plugin. -->","yoast_head_json":{"title":"Biblia G3 de Crecimiento Juvenil NVI - tzionlibreria.com","description":"Ideal para j\u00f3venes, adolescentes, l\u00edderes juveniles, y cualquiera que quiera una fe vibrante, honesta y profunda. Biblia hecha por j\u00f3venes para j\u00f3venes.","robots":{"index":"index","follow":"follow","max-snippet":"max-snippet:-1","max-image-preview":"max-image-preview:large","max-video-preview":"max-video-preview:-1"},"canonical":"https:\/\/tzionlibreria.com\/index.php\/product\/biblia-g3-de-crecimiento-juvenil-nvi\/","og_locale":"es_ES","og_type":"article","og_title":"Biblia G3 de Crecimiento Juvenil NVI - tzionlibreria.com","og_description":"Ideal para j\u00f3venes, adolescentes, l\u00edderes juveniles, y cualquiera que quiera una fe vibrante, honesta y profunda. Biblia hecha por j\u00f3venes para j\u00f3venes.","og_url":"https:\/\/tzionlibreria.com\/index.php\/product\/biblia-g3-de-crecimiento-juvenil-nvi\/","og_site_name":"tzionlibreria.com","article_modified_time":"2025-06-05T22:00:48+00:00","og_image":[{"width":1200,"height":1200,"url":"http:\/\/tzionlibreria.com\/wp-content\/uploads\/2023\/11\/g31.jpg","type":"image\/jpeg"}],"twitter_card":"summary_large_image","twitter_misc":{"Tiempo de lectura":"2 minutos"},"schema":{"@context":"https:\/\/schema.org","@graph":[{"@type":"WebPage","@id":"https:\/\/tzionlibreria.com\/index.php\/product\/biblia-g3-de-crecimiento-juvenil-nvi\/","url":"https:\/\/tzionlibreria.com\/index.php\/product\/biblia-g3-de-crecimiento-juvenil-nvi\/","name":"Biblia G3 de Crecimiento Juvenil NVI - tzionlibreria.com","isPartOf":{"@id":"https:\/\/tzionlibreria.com\/#website"},"primaryImageOfPage":{"@id":"https:\/\/tzionlibreria.com\/index.php\/product\/biblia-g3-de-crecimiento-juvenil-nvi\/#primaryimage"},"image":{"@id":"https:\/\/tzionlibreria.com\/index.php\/product\/biblia-g3-de-crecimiento-juvenil-nvi\/#primaryimage"},"thumbnailUrl":"https:\/\/tzionlibreria.com\/wp-content\/uploads\/2023\/11\/g31.jpg","datePublished":"2023-11-14T12:51:26+00:00","dateModified":"2025-06-05T22:00:48+00:00","description":"Ideal para j\u00f3venes, adolescentes, l\u00edderes juveniles, y cualquiera que quiera una fe vibrante, honesta y profunda. Biblia hecha por j\u00f3venes para j\u00f3venes.","breadcrumb":{"@id":"https:\/\/tzionlibreria.com\/index.php\/product\/biblia-g3-de-crecimiento-juvenil-nvi\/#breadcrumb"},"inLanguage":"es-CO","potentialAction":[{"@type":"ReadAction","target":["https:\/\/tzionlibreria.com\/index.php\/product\/biblia-g3-de-crecimiento-juvenil-nvi\/"]}]},{"@type":"ImageObject","inLanguage":"es-CO","@id":"https:\/\/tzionlibreria.com\/index.php\/product\/biblia-g3-de-crecimiento-juvenil-nvi\/#primaryimage","url":"https:\/\/tzionlibreria.com\/wp-content\/uploads\/2023\/11\/g31.jpg","contentUrl":"https:\/\/tzionlibreria.com\/wp-content\/uploads\/2023\/11\/g31.jpg","width":1200,"height":1200},{"@type":"BreadcrumbList","@id":"https:\/\/tzionlibreria.com\/index.php\/product\/biblia-g3-de-crecimiento-juvenil-nvi\/#breadcrumb","itemListElement":[{"@type":"ListItem","position":1,"name":"Inicio","item":"https:\/\/tzionlibreria.com\/"},{"@type":"ListItem","position":2,"name":"Shop","item":"https:\/\/tzionlibreria.com\/index.php\/shop\/"},{"@type":"ListItem","position":3,"name":"Biblia G3 de Crecimiento Juvenil NVI"}]},{"@type":"WebSite","@id":"https:\/\/tzionlibreria.com\/#website","url":"https:\/\/tzionlibreria.com\/","name":"tzionlibreria.com","description":"Libreria Cristiana Venezuela","publisher":{"@id":"https:\/\/tzionlibreria.com\/#organization"},"potentialAction":[{"@type":"SearchAction","target":{"@type":"EntryPoint","urlTemplate":"https:\/\/tzionlibreria.com\/?s={search_term_string}"},"query-input":{"@type":"PropertyValueSpecification","valueRequired":true,"valueName":"search_term_string"}}],"inLanguage":"es-CO"},{"@type":"Organization","@id":"https:\/\/tzionlibreria.com\/#organization","name":"tzionlibreria.com","url":"https:\/\/tzionlibreria.com\/","logo":{"@type":"ImageObject","inLanguage":"es-CO","@id":"https:\/\/tzionlibreria.com\/#\/schema\/logo\/image\/","url":"https:\/\/tzionlibreria.com\/wp-content\/uploads\/2023\/10\/cropped-Cuadricula-scaled-1.jpg","contentUrl":"https:\/\/tzionlibreria.com\/wp-content\/uploads\/2023\/10\/cropped-Cuadricula-scaled-1.jpg","width":2560,"height":2560,"caption":"tzionlibreria.com"},"image":{"@id":"https:\/\/tzionlibreria.com\/#\/schema\/logo\/image\/"}}]}},"jetpack_sharing_enabled":true,"_links":{"self":[{"href":"https:\/\/tzionlibreria.com\/index.php\/wp-json\/wp\/v2\/product\/1433","targetHints":{"allow":["GET"]}}],"collection":[{"href":"https:\/\/tzionlibreria.com\/index.php\/wp-json\/wp\/v2\/product"}],"about":[{"href":"https:\/\/tzionlibreria.com\/index.php\/wp-json\/wp\/v2\/types\/product"}],"replies":[{"embeddable":true,"href":"https:\/\/tzionlibreria.com\/index.php\/wp-json\/wp\/v2\/comments?post=1433"}],"wp:featuredmedia":[{"embeddable":true,"href":"https:\/\/tzionlibreria.com\/index.php\/wp-json\/wp\/v2\/media\/1434"}],"wp:attachment":[{"href":"https:\/\/tzionlibreria.com\/index.php\/wp-json\/wp\/v2\/media?parent=1433"}],"wp:term":[{"taxonomy":"product_brand","embeddable":true,"href":"https:\/\/tzionlibreria.com\/index.php\/wp-json\/wp\/v2\/product_brand?post=1433"},{"taxonomy":"product_cat","embeddable":true,"href":"https:\/\/tzionlibreria.com\/index.php\/wp-json\/wp\/v2\/product_cat?post=1433"},{"taxonomy":"product_tag","embeddable":true,"href":"https:\/\/tzionlibreria.com\/index.php\/wp-json\/wp\/v2\/product_tag?post=1433"}],"curies":[{"name":"wp","href":"https:\/\/api.w.org\/{rel}","templated":true}]}}