{"id":1440,"date":"2023-11-14T12:53:43","date_gmt":"2023-11-14T12:53:43","guid":{"rendered":"https:\/\/tzionlibreria.com\/?post_type=product&#038;p=1440"},"modified":"2025-06-05T21:58:17","modified_gmt":"2025-06-05T21:58:17","slug":"biblia-g3-de-crecimiento-juvenil-nvi-2","status":"publish","type":"product","link":"https:\/\/tzionlibreria.com\/index.php\/product\/biblia-g3-de-crecimiento-juvenil-nvi-2\/","title":{"rendered":"Biblia G3 de Crecimiento Juvenil NVI"},"content":{"rendered":"<h3 data-start=\"174\" data-end=\"242\">\ud83d\udcd8 <strong data-start=\"181\" data-end=\"240\">Biblia Juvenil de Estudio \u2013 NVI | Edici\u00f3n Piel Italiana<\/strong><\/h3>\n<p>&nbsp;<\/p>\n<p data-start=\"243\" data-end=\"314\"><strong data-start=\"243\" data-end=\"314\">Una Biblia hecha por y para j\u00f3venes. Real, directa y con prop\u00f3sito.<\/strong><\/p>\n<p data-start=\"316\" data-end=\"440\">\u00bfTe has preguntado alguna vez:<br data-start=\"346\" data-end=\"349\" \/>\u2753 \u00bfY qu\u00e9 del sexo?<br data-start=\"367\" data-end=\"370\" \/>\u2753 \u00bfDebo salir con esos amigos?<br data-start=\"400\" data-end=\"403\" \/>\u2753 \u00bfPor qu\u00e9 tengo que ir a la iglesia?<\/p>\n<p data-start=\"442\" data-end=\"717\">Esta Biblia fue escrita pensando en TI. M\u00e1s de 20 l\u00edderes juveniles reconocidos de Latinoam\u00e9rica como <strong data-start=\"544\" data-end=\"619\">Lucas Leys, Dante Gebel, Funky, Emmanuel Espinosa, Julissa y muchos m\u00e1s<\/strong> se unieron para responder a las preguntas m\u00e1s intensas y reales que enfrenta la nueva generaci\u00f3n.<\/p>\n<p data-start=\"719\" data-end=\"924\">Con <strong data-start=\"723\" data-end=\"794\">notas de estudio, reflexiones personales, lenguaje fresco y directo<\/strong>, esta Biblia es una herramienta poderosa para <strong data-start=\"841\" data-end=\"923\">formar valores s\u00f3lidos, profundizar tu fe y vivir una espiritualidad aut\u00e9ntica<\/strong>.<\/p>\n<hr data-start=\"926\" data-end=\"929\" \/>\n<h3 data-start=\"931\" data-end=\"952\">\u2728 <strong data-start=\"937\" data-end=\"952\">Ideal para:<\/strong><\/h3>\n<ul data-start=\"953\" data-end=\"1105\">\n<li data-start=\"953\" data-end=\"985\">\n<p data-start=\"955\" data-end=\"985\">Adolescentes y j\u00f3venes adultos<\/p>\n<\/li>\n<li data-start=\"986\" data-end=\"1033\">\n<p data-start=\"988\" data-end=\"1033\">Mentores, pastores juveniles y discipuladores<\/p>\n<\/li>\n<li data-start=\"1034\" data-end=\"1105\">\n<p data-start=\"1036\" data-end=\"1105\">Regalo para confirmaci\u00f3n, cumplea\u00f1os, campamentos o grupos de j\u00f3venes<\/p>\n<\/li>\n<\/ul>\n<hr data-start=\"1107\" data-end=\"1110\" \/>\n<h3 data-start=\"1112\" data-end=\"1151\">\ud83d\udee0\ufe0f <strong data-start=\"1120\" data-end=\"1151\">Caracter\u00edsticas destacadas:<\/strong><\/h3>\n<ul data-start=\"1152\" data-end=\"1524\">\n<li data-start=\"1152\" data-end=\"1223\">\n<p data-start=\"1154\" data-end=\"1223\">M\u00e1s de <strong data-start=\"1161\" data-end=\"1191\">20 colaboradores juveniles<\/strong> con visi\u00f3n b\u00edblica y cultural<\/p>\n<\/li>\n<li data-start=\"1224\" data-end=\"1291\">\n<p data-start=\"1226\" data-end=\"1291\"><strong data-start=\"1226\" data-end=\"1252\">Reflexiones personales<\/strong> para aplicar la Palabra al d\u00eda a d\u00eda<\/p>\n<\/li>\n<li data-start=\"1292\" data-end=\"1339\">\n<p data-start=\"1294\" data-end=\"1339\">Comentarios directos, claros y entretenidos<\/p>\n<\/li>\n<li data-start=\"1340\" data-end=\"1395\">\n<p data-start=\"1342\" data-end=\"1395\">Cubierta de <strong data-start=\"1354\" data-end=\"1371\">piel italiana<\/strong> elegante y resistente<\/p>\n<\/li>\n<li data-start=\"1396\" data-end=\"1462\">\n<p data-start=\"1398\" data-end=\"1462\">Versi\u00f3n NVI (Nueva Versi\u00f3n Internacional), con lenguaje actual<\/p>\n<\/li>\n<li data-start=\"1463\" data-end=\"1524\">\n<p data-start=\"1465\" data-end=\"1524\">Dise\u00f1o a todo color, ideal para el estudio y la inspiraci\u00f3n<\/p>\n<\/li>\n<\/ul>\n<hr data-start=\"1526\" data-end=\"1529\" \/>\n<p data-start=\"1531\" data-end=\"1552\">\ud83d\udce6 <strong data-start=\"1534\" data-end=\"1552\">Ficha t\u00e9cnica:<\/strong><\/p>\n<ul data-start=\"1553\" data-end=\"1714\">\n<li data-start=\"1553\" data-end=\"1576\">\n<p data-start=\"1555\" data-end=\"1576\">ISBN: 9780829744804<\/p>\n<\/li>\n<li data-start=\"1577\" data-end=\"1596\">\n<p data-start=\"1579\" data-end=\"1596\">Editorial: Vida<\/p>\n<\/li>\n<li data-start=\"1597\" data-end=\"1616\">\n<p data-start=\"1599\" data-end=\"1616\">Idioma: Espa\u00f1ol<\/p>\n<\/li>\n<li data-start=\"1617\" data-end=\"1643\">\n<p data-start=\"1619\" data-end=\"1643\">Tama\u00f1o: 17 x 24 x 3 cm<\/p>\n<\/li>\n<li data-start=\"1644\" data-end=\"1660\">\n<p data-start=\"1646\" data-end=\"1660\">Peso: 1.2 kg<\/p>\n<\/li>\n<li data-start=\"1661\" data-end=\"1677\">\n<p data-start=\"1663\" data-end=\"1677\">1596 p\u00e1ginas<\/p>\n<\/li>\n<li data-start=\"1678\" data-end=\"1714\">\n<p data-start=\"1680\" data-end=\"1714\">Formato: Manual juvenil de estudio<\/p>\n<\/li>\n<\/ul>\n<hr data-start=\"1716\" data-end=\"1719\" \/>\n<p data-start=\"1721\" data-end=\"1853\">\ud83d\udd25 <em data-start=\"1724\" data-end=\"1853\">Perfecta para los que est\u00e1n comenzando el tercer milenio con una fe vibrante y preguntas honestas. \u00a1Una Biblia que te entiende!<\/em><\/p>\n","protected":false},"excerpt":{"rendered":"<p>\ud83d\udcd8 Biblia Juvenil de Estudio \u2013 NVI | Edici\u00f3n Piel Italiana &nbsp; Una Biblia hecha por y para j\u00f3venes. Real, directa y con prop\u00f3sito. \u00bfTe has preguntado alguna vez:\u2753 \u00bfY qu\u00e9 del sexo?\u2753 \u00bfDebo salir con esos amigos?\u2753 \u00bfPor qu\u00e9 tengo que ir a la iglesia? Esta Biblia fue escrita pensando en TI. M\u00e1s de [&hellip;]<\/p>\n","protected":false},"featured_media":1441,"comment_status":"open","ping_status":"closed","template":"","meta":{"om_disable_all_campaigns":false,"_monsterinsights_skip_tracking":false,"_monsterinsights_sitenote_active":false,"_monsterinsights_sitenote_note":"","_monsterinsights_sitenote_category":0,"site-sidebar-layout":"default","site-content-layout":"","ast-site-content-layout":"default","site-content-style":"default","site-sidebar-style":"default","ast-global-header-display":"","ast-banner-title-visibility":"","ast-main-header-display":"","ast-hfb-above-header-display":"","ast-hfb-below-header-display":"","ast-hfb-mobile-header-display":"","site-post-title":"","ast-breadcrumbs-content":"","ast-featured-img":"","footer-sml-layout":"","ast-disable-related-posts":"","theme-transparent-header-meta":"default","adv-header-id-meta":"","stick-header-meta":"","header-above-stick-meta":"","header-main-stick-meta":"","header-below-stick-meta":"","astra-migrate-meta-layouts":"set","ast-page-background-enabled":"default","ast-page-background-meta":{"desktop":{"background-color":"var(--ast-global-color-4)","background-image":"","background-repeat":"repeat","background-position":"center center","background-size":"auto","background-attachment":"scroll","background-type":"","background-media":"","overlay-type":"","overlay-color":"","overlay-opacity":"","overlay-gradient":""},"tablet":{"background-color":"","background-image":"","background-repeat":"repeat","background-position":"center center","background-size":"auto","background-attachment":"scroll","background-type":"","background-media":"","overlay-type":"","overlay-color":"","overlay-opacity":"","overlay-gradient":""},"mobile":{"background-color":"","background-image":"","background-repeat":"repeat","background-position":"center center","background-size":"auto","background-attachment":"scroll","background-type":"","background-media":"","overlay-type":"","overlay-color":"","overlay-opacity":"","overlay-gradient":""}},"ast-content-background-meta":{"desktop":{"background-color":"var(--ast-global-color-5)","background-image":"","background-repeat":"repeat","background-position":"center center","background-size":"auto","background-attachment":"scroll","background-type":"","background-media":"","overlay-type":"","overlay-color":"","overlay-opacity":"","overlay-gradient":""},"tablet":{"background-color":"var(--ast-global-color-5)","background-image":"","background-repeat":"repeat","background-position":"center center","background-size":"auto","background-attachment":"scroll","background-type":"","background-media":"","overlay-type":"","overlay-color":"","overlay-opacity":"","overlay-gradient":""},"mobile":{"background-color":"var(--ast-global-color-5)","background-image":"","background-repeat":"repeat","background-position":"center center","background-size":"auto","background-attachment":"scroll","background-type":"","background-media":"","overlay-type":"","overlay-color":"","overlay-opacity":"","overlay-gradient":""}}},"product_brand":[],"product_cat":[304,22,32],"product_tag":[],"class_list":{"0":"post-1440","1":"product","2":"type-product","3":"status-publish","4":"has-post-thumbnail","6":"product_cat-biblia-juvenil","7":"product_cat-biblias","8":"product_cat-biblias-nvi","9":"desktop-align-left","10":"tablet-align-left","11":"mobile-align-left","13":"first","14":"instock","15":"shipping-taxable","16":"purchasable","17":"product-type-simple"},"yoast_head":"<!-- This site is optimized with the Yoast SEO plugin v27.4 - https:\/\/yoast.com\/product\/yoast-seo-wordpress\/ -->\n<title>Biblia G3 de Crecimiento Juvenil NVI - tzionlibreria.com<\/title>\n<meta name=\"description\" content=\"Una Biblia hecha por y para j\u00f3venes. Real, directa y con prop\u00f3sito. Con notas de estudio, reflexiones personales, lenguaje fresco y directo.\" \/>\n<meta name=\"robots\" content=\"index, follow, max-snippet:-1, max-image-preview:large, max-video-preview:-1\" \/>\n<link rel=\"canonical\" href=\"https:\/\/tzionlibreria.com\/index.php\/product\/biblia-g3-de-crecimiento-juvenil-nvi-2\/\" \/>\n<meta property=\"og:locale\" content=\"es_ES\" \/>\n<meta property=\"og:type\" content=\"article\" \/>\n<meta property=\"og:title\" content=\"Biblia G3 de Crecimiento Juvenil NVI - tzionlibreria.com\" \/>\n<meta property=\"og:description\" content=\"Una Biblia hecha por y para j\u00f3venes. Real, directa y con prop\u00f3sito. Con notas de estudio, reflexiones personales, lenguaje fresco y directo.\" \/>\n<meta property=\"og:url\" content=\"https:\/\/tzionlibreria.com\/index.php\/product\/biblia-g3-de-crecimiento-juvenil-nvi-2\/\" \/>\n<meta property=\"og:site_name\" content=\"tzionlibreria.com\" \/>\n<meta property=\"article:modified_time\" content=\"2025-06-05T21:58:17+00:00\" \/>\n<meta property=\"og:image\" content=\"http:\/\/tzionlibreria.com\/wp-content\/uploads\/2023\/11\/g3-nina.jpg\" \/>\n\t<meta property=\"og:image:width\" content=\"1200\" \/>\n\t<meta property=\"og:image:height\" content=\"1200\" \/>\n\t<meta property=\"og:image:type\" content=\"image\/jpeg\" \/>\n<meta name=\"twitter:card\" content=\"summary_large_image\" \/>\n<meta name=\"twitter:label1\" content=\"Tiempo de lectura\" \/>\n\t<meta name=\"twitter:data1\" content=\"2 minutos\" \/>\n<script type=\"application\/ld+json\" class=\"yoast-schema-graph\">{\"@context\":\"https:\\\/\\\/schema.org\",\"@graph\":[{\"@type\":\"WebPage\",\"@id\":\"https:\\\/\\\/tzionlibreria.com\\\/index.php\\\/product\\\/biblia-g3-de-crecimiento-juvenil-nvi-2\\\/\",\"url\":\"https:\\\/\\\/tzionlibreria.com\\\/index.php\\\/product\\\/biblia-g3-de-crecimiento-juvenil-nvi-2\\\/\",\"name\":\"Biblia G3 de Crecimiento Juvenil NVI - tzionlibreria.com\",\"isPartOf\":{\"@id\":\"https:\\\/\\\/tzionlibreria.com\\\/#website\"},\"primaryImageOfPage\":{\"@id\":\"https:\\\/\\\/tzionlibreria.com\\\/index.php\\\/product\\\/biblia-g3-de-crecimiento-juvenil-nvi-2\\\/#primaryimage\"},\"image\":{\"@id\":\"https:\\\/\\\/tzionlibreria.com\\\/index.php\\\/product\\\/biblia-g3-de-crecimiento-juvenil-nvi-2\\\/#primaryimage\"},\"thumbnailUrl\":\"https:\\\/\\\/tzionlibreria.com\\\/wp-content\\\/uploads\\\/2023\\\/11\\\/g3-nina.jpg\",\"datePublished\":\"2023-11-14T12:53:43+00:00\",\"dateModified\":\"2025-06-05T21:58:17+00:00\",\"description\":\"Una Biblia hecha por y para j\u00f3venes. Real, directa y con prop\u00f3sito. Con notas de estudio, reflexiones personales, lenguaje fresco y directo.\",\"breadcrumb\":{\"@id\":\"https:\\\/\\\/tzionlibreria.com\\\/index.php\\\/product\\\/biblia-g3-de-crecimiento-juvenil-nvi-2\\\/#breadcrumb\"},\"inLanguage\":\"es-CO\",\"potentialAction\":[{\"@type\":\"ReadAction\",\"target\":[\"https:\\\/\\\/tzionlibreria.com\\\/index.php\\\/product\\\/biblia-g3-de-crecimiento-juvenil-nvi-2\\\/\"]}]},{\"@type\":\"ImageObject\",\"inLanguage\":\"es-CO\",\"@id\":\"https:\\\/\\\/tzionlibreria.com\\\/index.php\\\/product\\\/biblia-g3-de-crecimiento-juvenil-nvi-2\\\/#primaryimage\",\"url\":\"https:\\\/\\\/tzionlibreria.com\\\/wp-content\\\/uploads\\\/2023\\\/11\\\/g3-nina.jpg\",\"contentUrl\":\"https:\\\/\\\/tzionlibreria.com\\\/wp-content\\\/uploads\\\/2023\\\/11\\\/g3-nina.jpg\",\"width\":1200,\"height\":1200},{\"@type\":\"BreadcrumbList\",\"@id\":\"https:\\\/\\\/tzionlibreria.com\\\/index.php\\\/product\\\/biblia-g3-de-crecimiento-juvenil-nvi-2\\\/#breadcrumb\",\"itemListElement\":[{\"@type\":\"ListItem\",\"position\":1,\"name\":\"Inicio\",\"item\":\"https:\\\/\\\/tzionlibreria.com\\\/\"},{\"@type\":\"ListItem\",\"position\":2,\"name\":\"Shop\",\"item\":\"https:\\\/\\\/tzionlibreria.com\\\/index.php\\\/shop\\\/\"},{\"@type\":\"ListItem\",\"position\":3,\"name\":\"Biblia G3 de Crecimiento Juvenil NVI\"}]},{\"@type\":\"WebSite\",\"@id\":\"https:\\\/\\\/tzionlibreria.com\\\/#website\",\"url\":\"https:\\\/\\\/tzionlibreria.com\\\/\",\"name\":\"tzionlibreria.com\",\"description\":\"Libreria Cristiana Venezuela\",\"publisher\":{\"@id\":\"https:\\\/\\\/tzionlibreria.com\\\/#organization\"},\"potentialAction\":[{\"@type\":\"SearchAction\",\"target\":{\"@type\":\"EntryPoint\",\"urlTemplate\":\"https:\\\/\\\/tzionlibreria.com\\\/?s={search_term_string}\"},\"query-input\":{\"@type\":\"PropertyValueSpecification\",\"valueRequired\":true,\"valueName\":\"search_term_string\"}}],\"inLanguage\":\"es-CO\"},{\"@type\":\"Organization\",\"@id\":\"https:\\\/\\\/tzionlibreria.com\\\/#organization\",\"name\":\"tzionlibreria.com\",\"url\":\"https:\\\/\\\/tzionlibreria.com\\\/\",\"logo\":{\"@type\":\"ImageObject\",\"inLanguage\":\"es-CO\",\"@id\":\"https:\\\/\\\/tzionlibreria.com\\\/#\\\/schema\\\/logo\\\/image\\\/\",\"url\":\"https:\\\/\\\/tzionlibreria.com\\\/wp-content\\\/uploads\\\/2023\\\/10\\\/cropped-Cuadricula-scaled-1.jpg\",\"contentUrl\":\"https:\\\/\\\/tzionlibreria.com\\\/wp-content\\\/uploads\\\/2023\\\/10\\\/cropped-Cuadricula-scaled-1.jpg\",\"width\":2560,\"height\":2560,\"caption\":\"tzionlibreria.com\"},\"image\":{\"@id\":\"https:\\\/\\\/tzionlibreria.com\\\/#\\\/schema\\\/logo\\\/image\\\/\"}}]}<\/script>\n<!-- \/ Yoast SEO plugin. -->","yoast_head_json":{"title":"Biblia G3 de Crecimiento Juvenil NVI - tzionlibreria.com","description":"Una Biblia hecha por y para j\u00f3venes. Real, directa y con prop\u00f3sito. Con notas de estudio, reflexiones personales, lenguaje fresco y directo.","robots":{"index":"index","follow":"follow","max-snippet":"max-snippet:-1","max-image-preview":"max-image-preview:large","max-video-preview":"max-video-preview:-1"},"canonical":"https:\/\/tzionlibreria.com\/index.php\/product\/biblia-g3-de-crecimiento-juvenil-nvi-2\/","og_locale":"es_ES","og_type":"article","og_title":"Biblia G3 de Crecimiento Juvenil NVI - tzionlibreria.com","og_description":"Una Biblia hecha por y para j\u00f3venes. Real, directa y con prop\u00f3sito. Con notas de estudio, reflexiones personales, lenguaje fresco y directo.","og_url":"https:\/\/tzionlibreria.com\/index.php\/product\/biblia-g3-de-crecimiento-juvenil-nvi-2\/","og_site_name":"tzionlibreria.com","article_modified_time":"2025-06-05T21:58:17+00:00","og_image":[{"width":1200,"height":1200,"url":"http:\/\/tzionlibreria.com\/wp-content\/uploads\/2023\/11\/g3-nina.jpg","type":"image\/jpeg"}],"twitter_card":"summary_large_image","twitter_misc":{"Tiempo de lectura":"2 minutos"},"schema":{"@context":"https:\/\/schema.org","@graph":[{"@type":"WebPage","@id":"https:\/\/tzionlibreria.com\/index.php\/product\/biblia-g3-de-crecimiento-juvenil-nvi-2\/","url":"https:\/\/tzionlibreria.com\/index.php\/product\/biblia-g3-de-crecimiento-juvenil-nvi-2\/","name":"Biblia G3 de Crecimiento Juvenil NVI - tzionlibreria.com","isPartOf":{"@id":"https:\/\/tzionlibreria.com\/#website"},"primaryImageOfPage":{"@id":"https:\/\/tzionlibreria.com\/index.php\/product\/biblia-g3-de-crecimiento-juvenil-nvi-2\/#primaryimage"},"image":{"@id":"https:\/\/tzionlibreria.com\/index.php\/product\/biblia-g3-de-crecimiento-juvenil-nvi-2\/#primaryimage"},"thumbnailUrl":"https:\/\/tzionlibreria.com\/wp-content\/uploads\/2023\/11\/g3-nina.jpg","datePublished":"2023-11-14T12:53:43+00:00","dateModified":"2025-06-05T21:58:17+00:00","description":"Una Biblia hecha por y para j\u00f3venes. Real, directa y con prop\u00f3sito. Con notas de estudio, reflexiones personales, lenguaje fresco y directo.","breadcrumb":{"@id":"https:\/\/tzionlibreria.com\/index.php\/product\/biblia-g3-de-crecimiento-juvenil-nvi-2\/#breadcrumb"},"inLanguage":"es-CO","potentialAction":[{"@type":"ReadAction","target":["https:\/\/tzionlibreria.com\/index.php\/product\/biblia-g3-de-crecimiento-juvenil-nvi-2\/"]}]},{"@type":"ImageObject","inLanguage":"es-CO","@id":"https:\/\/tzionlibreria.com\/index.php\/product\/biblia-g3-de-crecimiento-juvenil-nvi-2\/#primaryimage","url":"https:\/\/tzionlibreria.com\/wp-content\/uploads\/2023\/11\/g3-nina.jpg","contentUrl":"https:\/\/tzionlibreria.com\/wp-content\/uploads\/2023\/11\/g3-nina.jpg","width":1200,"height":1200},{"@type":"BreadcrumbList","@id":"https:\/\/tzionlibreria.com\/index.php\/product\/biblia-g3-de-crecimiento-juvenil-nvi-2\/#breadcrumb","itemListElement":[{"@type":"ListItem","position":1,"name":"Inicio","item":"https:\/\/tzionlibreria.com\/"},{"@type":"ListItem","position":2,"name":"Shop","item":"https:\/\/tzionlibreria.com\/index.php\/shop\/"},{"@type":"ListItem","position":3,"name":"Biblia G3 de Crecimiento Juvenil NVI"}]},{"@type":"WebSite","@id":"https:\/\/tzionlibreria.com\/#website","url":"https:\/\/tzionlibreria.com\/","name":"tzionlibreria.com","description":"Libreria Cristiana Venezuela","publisher":{"@id":"https:\/\/tzionlibreria.com\/#organization"},"potentialAction":[{"@type":"SearchAction","target":{"@type":"EntryPoint","urlTemplate":"https:\/\/tzionlibreria.com\/?s={search_term_string}"},"query-input":{"@type":"PropertyValueSpecification","valueRequired":true,"valueName":"search_term_string"}}],"inLanguage":"es-CO"},{"@type":"Organization","@id":"https:\/\/tzionlibreria.com\/#organization","name":"tzionlibreria.com","url":"https:\/\/tzionlibreria.com\/","logo":{"@type":"ImageObject","inLanguage":"es-CO","@id":"https:\/\/tzionlibreria.com\/#\/schema\/logo\/image\/","url":"https:\/\/tzionlibreria.com\/wp-content\/uploads\/2023\/10\/cropped-Cuadricula-scaled-1.jpg","contentUrl":"https:\/\/tzionlibreria.com\/wp-content\/uploads\/2023\/10\/cropped-Cuadricula-scaled-1.jpg","width":2560,"height":2560,"caption":"tzionlibreria.com"},"image":{"@id":"https:\/\/tzionlibreria.com\/#\/schema\/logo\/image\/"}}]}},"jetpack_sharing_enabled":true,"_links":{"self":[{"href":"https:\/\/tzionlibreria.com\/index.php\/wp-json\/wp\/v2\/product\/1440","targetHints":{"allow":["GET"]}}],"collection":[{"href":"https:\/\/tzionlibreria.com\/index.php\/wp-json\/wp\/v2\/product"}],"about":[{"href":"https:\/\/tzionlibreria.com\/index.php\/wp-json\/wp\/v2\/types\/product"}],"replies":[{"embeddable":true,"href":"https:\/\/tzionlibreria.com\/index.php\/wp-json\/wp\/v2\/comments?post=1440"}],"wp:featuredmedia":[{"embeddable":true,"href":"https:\/\/tzionlibreria.com\/index.php\/wp-json\/wp\/v2\/media\/1441"}],"wp:attachment":[{"href":"https:\/\/tzionlibreria.com\/index.php\/wp-json\/wp\/v2\/media?parent=1440"}],"wp:term":[{"taxonomy":"product_brand","embeddable":true,"href":"https:\/\/tzionlibreria.com\/index.php\/wp-json\/wp\/v2\/product_brand?post=1440"},{"taxonomy":"product_cat","embeddable":true,"href":"https:\/\/tzionlibreria.com\/index.php\/wp-json\/wp\/v2\/product_cat?post=1440"},{"taxonomy":"product_tag","embeddable":true,"href":"https:\/\/tzionlibreria.com\/index.php\/wp-json\/wp\/v2\/product_tag?post=1440"}],"curies":[{"name":"wp","href":"https:\/\/api.w.org\/{rel}","templated":true}]}}