{"id":1511,"date":"2023-11-14T13:27:35","date_gmt":"2023-11-14T13:27:35","guid":{"rendered":"https:\/\/tzionlibreria.com\/?post_type=product&#038;p=1511"},"modified":"2026-03-02T19:11:14","modified_gmt":"2026-03-02T19:11:14","slug":"biblia-de-liderazgo-de-maxwell-nvi-john-c-maxwell","status":"publish","type":"product","link":"https:\/\/tzionlibreria.com\/index.php\/product\/biblia-de-liderazgo-de-maxwell-nvi-john-c-maxwell\/","title":{"rendered":"Biblia De Liderazgo de Maxwell NVI &#8211; Piel- John C. Maxwell"},"content":{"rendered":"<div>John Maxwell es un experto en el tema de liderazgo que goza de respeto a nivel nacional. Esta Biblia proporciona un vistazo profundo a las leyes de Dios para los l\u00edderes y el liderazgo. Ahora, puedes disfrutar de La Biblia del liderazgo de Maxwell en la Nueva Versi\u00f3n Internacional.En esta Biblia, doctor Maxwell explica lo que conlleva ser un l\u00edder piadoso, y c\u00f3mo Dios es glorificado cuando t\u00fa aceptas el papel al cual has sido llamado. Incluye excelentes art\u00edculos y conceptos que la har\u00e1n un recurso invaluable en tu biblioteca sobre el tema del liderazgo. Encontrar\u00e1s las 21 leyes irrefutables del liderazgo, y las 21 cualidades indispensables de un l\u00edder, con lecciones sobre personajes b\u00edblicos. M\u00e1s de cien perfiles biogr\u00e1ficos presentan historias en las cuales se nos muestra la verdad de Dios acerca del liderazgo.John C. Maxwell, autor best seller del New York Times y conferencista, es considerado \u00abLa autoridad #1 de Estados Unidos en el tema del liderazgo\u00bb. Hasta la fecha, se han vendido veinticinco millones de sus libros.<\/div>\n<div><\/div>\n<div>En el a\u00f1o 2014, recibi\u00f3 el Premio Madre Teresa para la Paz Mundial y el Liderazgo, otorgado por la Red de Liderazgo Luminary, y fue nombrado como el experto en liderazgo m\u00e1s influyente del mundo por Inc. y Business Insider. Sus organizaciones, The John Maxwell Company, The John Maxwell Team y EQUIP, han entrenado a m\u00e1s de cinco millones de l\u00edderes en ciento ochenta y ocho pa\u00edses.<\/div>\n<div><\/div>\n<div>Esta edici\u00f3n contiene nuevas herramientas inspiradoras y fortalecedoras que te preparar\u00e1n para que seas un l\u00edder mejor a\u00fan: El texto completo de la Biblia NVI, con las notas de los traductores<\/div>\n<div><\/div>\n<ul>\n<li>Introducciones a los libros<\/li>\n<li>\u00a0Art\u00edculos en los cuales se describen las 21 leyes irrefutables de liderazgo y las 21 cualidades indispensables de un l\u00edder<\/li>\n<li>Notas a lo largo de toda la Biblia, que est\u00e1n conectadas con las leyes y las cualidades<\/li>\n<li>\u00cdndices de las 21 leyes irrefutables de liderazgo y las 21 cualidades indispensables de un l\u00edder La Biblia del liderazgo de Maxwell NVI te ofrece unos principios del liderazgo que causar\u00e1n un gran impacto en la forma en que vas a guiar a los dem\u00e1s.<\/li>\n<\/ul>\n<div><\/div>\n<div>Esta Biblia ofrece informaci\u00f3n suplementaria sobre los siguientes temas: leyes de liderazgo, servicio, habilidad de ense\u00f1ar, visi\u00f3n, control, convicciones, correcci\u00f3n, credibilidad, cr\u00edtica, toma de decisiones, delegaci\u00f3n, disciplina, \u00e1nimo, capacitaci\u00f3n, \u00e9tica, planificaci\u00f3n, poder, practicidad, orgullo, prioridades, prop\u00f3sito, responsabilidad, restauraci\u00f3n, espiritualidad, normas, mayordom\u00eda, obediencia, trabajo en equipo, tolerancia, confianza, valores, sabidur\u00eda.<\/div>\n<div><\/div>\n<div>\n<div id=\"ctl00_ucPDTabs_ctl02_fs\" class=\"ProductDetailGroup system-properties\"><strong>ISBN<\/strong>: 9780718092535<br \/>\n<strong>Editorial<\/strong>:\u00a0Grupo Nelson<br \/>\n<strong>Peso<\/strong>: 1,182kg<br \/>\n<strong>Cubierta<\/strong>: Piel Suave<br \/>\n<strong>N\u00famero de p\u00e1ginas<\/strong>: 1696<br \/>\n<strong>Idioma<\/strong>: Espa\u00f1ol<\/div>\n<div id=\"ctl00_ucPDTabs_ctl03_fs\" class=\"ProductDetailGroup\"><strong>Versi\u00f3n:<\/strong>\u00a0NVI<br \/>\n<strong>Color:<\/strong>\u00a0Marr\u00f3n<br \/>\n<strong>Canto:<\/strong>\u00a0Dorado<br \/>\n<strong>Tama\u00f1o:<\/strong>\u00a0Personal<br \/>\n<strong>Especialidad:<\/strong>\u00a0Liderazgo<br \/>\n<strong>Audiencia:<\/strong>\u00a0L\u00edderes<br \/>\n<strong>Caracter\u00edsticas Adicionales:<\/strong>\u00a0Cinta Marcadora<br \/>\n<strong>Caracter\u00edsticas Adicionales:<\/strong>\u00a0Introducciones breves a cada libro<br \/>\n<strong>Caracter\u00edsticas Adicionales:<\/strong>\u00a0Las 21 Leyes Irrefutables del Liderazgo<br \/>\n<strong>Caracter\u00edsticas Adicionales:<\/strong>\u00a0Las 21 Cualidades Indispensables de un L\u00edder<br \/>\n<strong>Caracter\u00edsticas Adicionales:<\/strong>\u00a0M\u00e1s de 100 Perfiles Biogr\u00e1ficos<br \/>\n<strong>Caracter\u00edsticas Adicionales:<\/strong>\u00a0\u00cdndice Tem\u00e1tico<br \/>\n<strong>Caracter\u00edsticas Adicionales:<\/strong>\u00a0Art\u00edculos Cortos y Notas Pr\u00e1cticas Sobre la Influencia y C\u00f3mo ser Mentor<br \/>\n<strong>Caracter\u00edsticas Adicionales:<\/strong>\u00a0Asuntos de Liderazgo<br \/>\n<strong>Caracter\u00edsticas Adicionales:<\/strong>\u00a0Perfiles de Liderazgo<br \/>\n<strong>Caracter\u00edsticas Adicionales:<\/strong>\u00a0C\u00f3mo Ganarse a la Gente<br \/>\n<strong>Caracter\u00edsticas Adicionales:<\/strong>\u00a025 Maneras de Ganarse a la Gente<br \/>\n<strong>Caracter\u00edsticas Adicionales:<\/strong>\u00a0El Talento Nunca es Suficiente<br \/>\n<strong>Caracter\u00edsticas Adicionales:<\/strong>\u00a0L\u00edder de 360\u00b0<br \/>\n<strong>Caracter\u00edsticas Adicionales:<\/strong>\u00a0Lo que Marca la Diferencia<br \/>\n<strong>Caracter\u00edsticas Adicionales:<\/strong>\u00a0\u00c9tica 101<br \/>\n<strong>Caracter\u00edsticas Adicionales:<\/strong>\u00a0Piensa, para Obtener un Cambio<br \/>\n<strong>Caracter\u00edsticas Adicionales:<\/strong>\u00a0Hoy es Importante<\/div>\n<\/div>\n","protected":false},"excerpt":{"rendered":"<p>John Maxwell es un experto en el tema de liderazgo que goza de respeto a nivel nacional. Esta Biblia proporciona un vistazo profundo a las leyes de Dios para los l\u00edderes y el liderazgo. Ahora, puedes disfrutar de La Biblia del liderazgo de Maxwell en la Nueva Versi\u00f3n Internacional.En esta Biblia, doctor Maxwell explica lo [&hellip;]<\/p>\n","protected":false},"featured_media":1512,"comment_status":"open","ping_status":"closed","template":"","meta":{"om_disable_all_campaigns":false,"_monsterinsights_skip_tracking":false,"_monsterinsights_sitenote_active":false,"_monsterinsights_sitenote_note":"","_monsterinsights_sitenote_category":0,"site-sidebar-layout":"default","site-content-layout":"","ast-site-content-layout":"default","site-content-style":"default","site-sidebar-style":"default","ast-global-header-display":"","ast-banner-title-visibility":"","ast-main-header-display":"","ast-hfb-above-header-display":"","ast-hfb-below-header-display":"","ast-hfb-mobile-header-display":"","site-post-title":"","ast-breadcrumbs-content":"","ast-featured-img":"","footer-sml-layout":"","ast-disable-related-posts":"","theme-transparent-header-meta":"default","adv-header-id-meta":"","stick-header-meta":"","header-above-stick-meta":"","header-main-stick-meta":"","header-below-stick-meta":"","astra-migrate-meta-layouts":"set","ast-page-background-enabled":"default","ast-page-background-meta":{"desktop":{"background-color":"var(--ast-global-color-4)","background-image":"","background-repeat":"repeat","background-position":"center center","background-size":"auto","background-attachment":"scroll","background-type":"","background-media":"","overlay-type":"","overlay-color":"","overlay-opacity":"","overlay-gradient":""},"tablet":{"background-color":"","background-image":"","background-repeat":"repeat","background-position":"center center","background-size":"auto","background-attachment":"scroll","background-type":"","background-media":"","overlay-type":"","overlay-color":"","overlay-opacity":"","overlay-gradient":""},"mobile":{"background-color":"","background-image":"","background-repeat":"repeat","background-position":"center center","background-size":"auto","background-attachment":"scroll","background-type":"","background-media":"","overlay-type":"","overlay-color":"","overlay-opacity":"","overlay-gradient":""}},"ast-content-background-meta":{"desktop":{"background-color":"var(--ast-global-color-5)","background-image":"","background-repeat":"repeat","background-position":"center center","background-size":"auto","background-attachment":"scroll","background-type":"","background-media":"","overlay-type":"","overlay-color":"","overlay-opacity":"","overlay-gradient":""},"tablet":{"background-color":"var(--ast-global-color-5)","background-image":"","background-repeat":"repeat","background-position":"center center","background-size":"auto","background-attachment":"scroll","background-type":"","background-media":"","overlay-type":"","overlay-color":"","overlay-opacity":"","overlay-gradient":""},"mobile":{"background-color":"var(--ast-global-color-5)","background-image":"","background-repeat":"repeat","background-position":"center center","background-size":"auto","background-attachment":"scroll","background-type":"","background-media":"","overlay-type":"","overlay-color":"","overlay-opacity":"","overlay-gradient":""}}},"product_brand":[],"product_cat":[163,22,32],"product_tag":[],"class_list":{"0":"post-1511","1":"product","2":"type-product","3":"status-publish","4":"has-post-thumbnail","6":"product_cat-biblia-de-liderazgo","7":"product_cat-biblias","8":"product_cat-biblias-nvi","9":"desktop-align-left","10":"tablet-align-left","11":"mobile-align-left","13":"first","14":"outofstock","15":"shipping-taxable","16":"purchasable","17":"product-type-simple"},"yoast_head":"<!-- This site is optimized with the Yoast SEO plugin v27.4 - https:\/\/yoast.com\/product\/yoast-seo-wordpress\/ -->\n<title>Biblia De Liderazgo de Maxwell NVI - Piel- John C. Maxwell - tzionlibreria.com<\/title>\n<meta name=\"robots\" content=\"index, follow, max-snippet:-1, max-image-preview:large, max-video-preview:-1\" \/>\n<link rel=\"canonical\" href=\"https:\/\/tzionlibreria.com\/index.php\/product\/biblia-de-liderazgo-de-maxwell-nvi-john-c-maxwell\/\" \/>\n<meta property=\"og:locale\" content=\"es_ES\" \/>\n<meta property=\"og:type\" content=\"article\" \/>\n<meta property=\"og:title\" content=\"Biblia De Liderazgo de Maxwell NVI - Piel- John C. Maxwell - tzionlibreria.com\" \/>\n<meta property=\"og:description\" content=\"John Maxwell es un experto en el tema de liderazgo que goza de respeto a nivel nacional. Esta Biblia proporciona un vistazo profundo a las leyes de Dios para los l\u00edderes y el liderazgo. Ahora, puedes disfrutar de La Biblia del liderazgo de Maxwell en la Nueva Versi\u00f3n Internacional.En esta Biblia, doctor Maxwell explica lo [&hellip;]\" \/>\n<meta property=\"og:url\" content=\"https:\/\/tzionlibreria.com\/index.php\/product\/biblia-de-liderazgo-de-maxwell-nvi-john-c-maxwell\/\" \/>\n<meta property=\"og:site_name\" content=\"tzionlibreria.com\" \/>\n<meta property=\"article:modified_time\" content=\"2026-03-02T19:11:14+00:00\" \/>\n<meta property=\"og:image\" content=\"https:\/\/tzionlibreria.com\/wp-content\/uploads\/2023\/11\/rojo.jpg\" \/>\n\t<meta property=\"og:image:width\" content=\"1200\" \/>\n\t<meta property=\"og:image:height\" content=\"1200\" \/>\n\t<meta property=\"og:image:type\" content=\"image\/jpeg\" \/>\n<meta name=\"twitter:card\" content=\"summary_large_image\" \/>\n<meta name=\"twitter:label1\" content=\"Tiempo de lectura\" \/>\n\t<meta name=\"twitter:data1\" content=\"3 minutos\" \/>\n<script type=\"application\/ld+json\" class=\"yoast-schema-graph\">{\"@context\":\"https:\\\/\\\/schema.org\",\"@graph\":[{\"@type\":\"WebPage\",\"@id\":\"https:\\\/\\\/tzionlibreria.com\\\/index.php\\\/product\\\/biblia-de-liderazgo-de-maxwell-nvi-john-c-maxwell\\\/\",\"url\":\"https:\\\/\\\/tzionlibreria.com\\\/index.php\\\/product\\\/biblia-de-liderazgo-de-maxwell-nvi-john-c-maxwell\\\/\",\"name\":\"Biblia De Liderazgo de Maxwell NVI - Piel- John C. Maxwell - tzionlibreria.com\",\"isPartOf\":{\"@id\":\"https:\\\/\\\/tzionlibreria.com\\\/#website\"},\"primaryImageOfPage\":{\"@id\":\"https:\\\/\\\/tzionlibreria.com\\\/index.php\\\/product\\\/biblia-de-liderazgo-de-maxwell-nvi-john-c-maxwell\\\/#primaryimage\"},\"image\":{\"@id\":\"https:\\\/\\\/tzionlibreria.com\\\/index.php\\\/product\\\/biblia-de-liderazgo-de-maxwell-nvi-john-c-maxwell\\\/#primaryimage\"},\"thumbnailUrl\":\"https:\\\/\\\/tzionlibreria.com\\\/wp-content\\\/uploads\\\/2023\\\/11\\\/rojo.jpg\",\"datePublished\":\"2023-11-14T13:27:35+00:00\",\"dateModified\":\"2026-03-02T19:11:14+00:00\",\"breadcrumb\":{\"@id\":\"https:\\\/\\\/tzionlibreria.com\\\/index.php\\\/product\\\/biblia-de-liderazgo-de-maxwell-nvi-john-c-maxwell\\\/#breadcrumb\"},\"inLanguage\":\"es-CO\",\"potentialAction\":[{\"@type\":\"ReadAction\",\"target\":[\"https:\\\/\\\/tzionlibreria.com\\\/index.php\\\/product\\\/biblia-de-liderazgo-de-maxwell-nvi-john-c-maxwell\\\/\"]}]},{\"@type\":\"ImageObject\",\"inLanguage\":\"es-CO\",\"@id\":\"https:\\\/\\\/tzionlibreria.com\\\/index.php\\\/product\\\/biblia-de-liderazgo-de-maxwell-nvi-john-c-maxwell\\\/#primaryimage\",\"url\":\"https:\\\/\\\/tzionlibreria.com\\\/wp-content\\\/uploads\\\/2023\\\/11\\\/rojo.jpg\",\"contentUrl\":\"https:\\\/\\\/tzionlibreria.com\\\/wp-content\\\/uploads\\\/2023\\\/11\\\/rojo.jpg\",\"width\":1200,\"height\":1200},{\"@type\":\"BreadcrumbList\",\"@id\":\"https:\\\/\\\/tzionlibreria.com\\\/index.php\\\/product\\\/biblia-de-liderazgo-de-maxwell-nvi-john-c-maxwell\\\/#breadcrumb\",\"itemListElement\":[{\"@type\":\"ListItem\",\"position\":1,\"name\":\"Inicio\",\"item\":\"https:\\\/\\\/tzionlibreria.com\\\/\"},{\"@type\":\"ListItem\",\"position\":2,\"name\":\"Shop\",\"item\":\"https:\\\/\\\/tzionlibreria.com\\\/index.php\\\/shop\\\/\"},{\"@type\":\"ListItem\",\"position\":3,\"name\":\"Biblia De Liderazgo de Maxwell NVI &#8211; Piel- John C. Maxwell\"}]},{\"@type\":\"WebSite\",\"@id\":\"https:\\\/\\\/tzionlibreria.com\\\/#website\",\"url\":\"https:\\\/\\\/tzionlibreria.com\\\/\",\"name\":\"tzionlibreria.com\",\"description\":\"Libreria Cristiana Venezuela\",\"publisher\":{\"@id\":\"https:\\\/\\\/tzionlibreria.com\\\/#organization\"},\"potentialAction\":[{\"@type\":\"SearchAction\",\"target\":{\"@type\":\"EntryPoint\",\"urlTemplate\":\"https:\\\/\\\/tzionlibreria.com\\\/?s={search_term_string}\"},\"query-input\":{\"@type\":\"PropertyValueSpecification\",\"valueRequired\":true,\"valueName\":\"search_term_string\"}}],\"inLanguage\":\"es-CO\"},{\"@type\":\"Organization\",\"@id\":\"https:\\\/\\\/tzionlibreria.com\\\/#organization\",\"name\":\"tzionlibreria.com\",\"url\":\"https:\\\/\\\/tzionlibreria.com\\\/\",\"logo\":{\"@type\":\"ImageObject\",\"inLanguage\":\"es-CO\",\"@id\":\"https:\\\/\\\/tzionlibreria.com\\\/#\\\/schema\\\/logo\\\/image\\\/\",\"url\":\"https:\\\/\\\/tzionlibreria.com\\\/wp-content\\\/uploads\\\/2023\\\/10\\\/cropped-Cuadricula-scaled-1.jpg\",\"contentUrl\":\"https:\\\/\\\/tzionlibreria.com\\\/wp-content\\\/uploads\\\/2023\\\/10\\\/cropped-Cuadricula-scaled-1.jpg\",\"width\":2560,\"height\":2560,\"caption\":\"tzionlibreria.com\"},\"image\":{\"@id\":\"https:\\\/\\\/tzionlibreria.com\\\/#\\\/schema\\\/logo\\\/image\\\/\"}}]}<\/script>\n<!-- \/ Yoast SEO plugin. -->","yoast_head_json":{"title":"Biblia De Liderazgo de Maxwell NVI - Piel- John C. Maxwell - tzionlibreria.com","robots":{"index":"index","follow":"follow","max-snippet":"max-snippet:-1","max-image-preview":"max-image-preview:large","max-video-preview":"max-video-preview:-1"},"canonical":"https:\/\/tzionlibreria.com\/index.php\/product\/biblia-de-liderazgo-de-maxwell-nvi-john-c-maxwell\/","og_locale":"es_ES","og_type":"article","og_title":"Biblia De Liderazgo de Maxwell NVI - Piel- John C. Maxwell - tzionlibreria.com","og_description":"John Maxwell es un experto en el tema de liderazgo que goza de respeto a nivel nacional. Esta Biblia proporciona un vistazo profundo a las leyes de Dios para los l\u00edderes y el liderazgo. Ahora, puedes disfrutar de La Biblia del liderazgo de Maxwell en la Nueva Versi\u00f3n Internacional.En esta Biblia, doctor Maxwell explica lo [&hellip;]","og_url":"https:\/\/tzionlibreria.com\/index.php\/product\/biblia-de-liderazgo-de-maxwell-nvi-john-c-maxwell\/","og_site_name":"tzionlibreria.com","article_modified_time":"2026-03-02T19:11:14+00:00","og_image":[{"width":1200,"height":1200,"url":"https:\/\/tzionlibreria.com\/wp-content\/uploads\/2023\/11\/rojo.jpg","type":"image\/jpeg"}],"twitter_card":"summary_large_image","twitter_misc":{"Tiempo de lectura":"3 minutos"},"schema":{"@context":"https:\/\/schema.org","@graph":[{"@type":"WebPage","@id":"https:\/\/tzionlibreria.com\/index.php\/product\/biblia-de-liderazgo-de-maxwell-nvi-john-c-maxwell\/","url":"https:\/\/tzionlibreria.com\/index.php\/product\/biblia-de-liderazgo-de-maxwell-nvi-john-c-maxwell\/","name":"Biblia De Liderazgo de Maxwell NVI - Piel- John C. Maxwell - tzionlibreria.com","isPartOf":{"@id":"https:\/\/tzionlibreria.com\/#website"},"primaryImageOfPage":{"@id":"https:\/\/tzionlibreria.com\/index.php\/product\/biblia-de-liderazgo-de-maxwell-nvi-john-c-maxwell\/#primaryimage"},"image":{"@id":"https:\/\/tzionlibreria.com\/index.php\/product\/biblia-de-liderazgo-de-maxwell-nvi-john-c-maxwell\/#primaryimage"},"thumbnailUrl":"https:\/\/tzionlibreria.com\/wp-content\/uploads\/2023\/11\/rojo.jpg","datePublished":"2023-11-14T13:27:35+00:00","dateModified":"2026-03-02T19:11:14+00:00","breadcrumb":{"@id":"https:\/\/tzionlibreria.com\/index.php\/product\/biblia-de-liderazgo-de-maxwell-nvi-john-c-maxwell\/#breadcrumb"},"inLanguage":"es-CO","potentialAction":[{"@type":"ReadAction","target":["https:\/\/tzionlibreria.com\/index.php\/product\/biblia-de-liderazgo-de-maxwell-nvi-john-c-maxwell\/"]}]},{"@type":"ImageObject","inLanguage":"es-CO","@id":"https:\/\/tzionlibreria.com\/index.php\/product\/biblia-de-liderazgo-de-maxwell-nvi-john-c-maxwell\/#primaryimage","url":"https:\/\/tzionlibreria.com\/wp-content\/uploads\/2023\/11\/rojo.jpg","contentUrl":"https:\/\/tzionlibreria.com\/wp-content\/uploads\/2023\/11\/rojo.jpg","width":1200,"height":1200},{"@type":"BreadcrumbList","@id":"https:\/\/tzionlibreria.com\/index.php\/product\/biblia-de-liderazgo-de-maxwell-nvi-john-c-maxwell\/#breadcrumb","itemListElement":[{"@type":"ListItem","position":1,"name":"Inicio","item":"https:\/\/tzionlibreria.com\/"},{"@type":"ListItem","position":2,"name":"Shop","item":"https:\/\/tzionlibreria.com\/index.php\/shop\/"},{"@type":"ListItem","position":3,"name":"Biblia De Liderazgo de Maxwell NVI &#8211; Piel- John C. Maxwell"}]},{"@type":"WebSite","@id":"https:\/\/tzionlibreria.com\/#website","url":"https:\/\/tzionlibreria.com\/","name":"tzionlibreria.com","description":"Libreria Cristiana Venezuela","publisher":{"@id":"https:\/\/tzionlibreria.com\/#organization"},"potentialAction":[{"@type":"SearchAction","target":{"@type":"EntryPoint","urlTemplate":"https:\/\/tzionlibreria.com\/?s={search_term_string}"},"query-input":{"@type":"PropertyValueSpecification","valueRequired":true,"valueName":"search_term_string"}}],"inLanguage":"es-CO"},{"@type":"Organization","@id":"https:\/\/tzionlibreria.com\/#organization","name":"tzionlibreria.com","url":"https:\/\/tzionlibreria.com\/","logo":{"@type":"ImageObject","inLanguage":"es-CO","@id":"https:\/\/tzionlibreria.com\/#\/schema\/logo\/image\/","url":"https:\/\/tzionlibreria.com\/wp-content\/uploads\/2023\/10\/cropped-Cuadricula-scaled-1.jpg","contentUrl":"https:\/\/tzionlibreria.com\/wp-content\/uploads\/2023\/10\/cropped-Cuadricula-scaled-1.jpg","width":2560,"height":2560,"caption":"tzionlibreria.com"},"image":{"@id":"https:\/\/tzionlibreria.com\/#\/schema\/logo\/image\/"}}]}},"jetpack_sharing_enabled":true,"_links":{"self":[{"href":"https:\/\/tzionlibreria.com\/index.php\/wp-json\/wp\/v2\/product\/1511","targetHints":{"allow":["GET"]}}],"collection":[{"href":"https:\/\/tzionlibreria.com\/index.php\/wp-json\/wp\/v2\/product"}],"about":[{"href":"https:\/\/tzionlibreria.com\/index.php\/wp-json\/wp\/v2\/types\/product"}],"replies":[{"embeddable":true,"href":"https:\/\/tzionlibreria.com\/index.php\/wp-json\/wp\/v2\/comments?post=1511"}],"wp:featuredmedia":[{"embeddable":true,"href":"https:\/\/tzionlibreria.com\/index.php\/wp-json\/wp\/v2\/media\/1512"}],"wp:attachment":[{"href":"https:\/\/tzionlibreria.com\/index.php\/wp-json\/wp\/v2\/media?parent=1511"}],"wp:term":[{"taxonomy":"product_brand","embeddable":true,"href":"https:\/\/tzionlibreria.com\/index.php\/wp-json\/wp\/v2\/product_brand?post=1511"},{"taxonomy":"product_cat","embeddable":true,"href":"https:\/\/tzionlibreria.com\/index.php\/wp-json\/wp\/v2\/product_cat?post=1511"},{"taxonomy":"product_tag","embeddable":true,"href":"https:\/\/tzionlibreria.com\/index.php\/wp-json\/wp\/v2\/product_tag?post=1511"}],"curies":[{"name":"wp","href":"https:\/\/api.w.org\/{rel}","templated":true}]}}