{"id":1604,"date":"2023-11-16T01:17:43","date_gmt":"2023-11-16T01:17:43","guid":{"rendered":"https:\/\/tzionlibreria.com\/?post_type=product&#038;p=1604"},"modified":"2024-02-29T16:38:30","modified_gmt":"2024-02-29T16:38:30","slug":"creciendo-a-traves-del-conflicto-erwin-lutzer","status":"publish","type":"product","link":"https:\/\/tzionlibreria.com\/index.php\/product\/creciendo-a-traves-del-conflicto-erwin-lutzer\/","title":{"rendered":"Creciendo a traves del conflicto &#8211; Erwin Lutzer"},"content":{"rendered":"<p>A\u00a0trav\u00e9s de la historia del Rey David, el autor nos muestra la visi\u00f3n de Dios ante\u00a0los conflictos, mediante la lectura vamos comprendiendo que todo conflicto se origina de acuerdo a las decisiones que vamos tomando en nuestra vida.<br \/>\nDavid un joven pastor de ovejas, mantiene una relaci\u00f3n muy cercana con Dios, un adorador apasionado y defensor de sus ovejas decide entregar su vida\u00a0a la voluntad de Dios recordando\u00a0siempre que el Se\u00f1or es su Rey y es \u00e9l quien lo protege.<\/p>\n<p>David a muy temprana edad es ungido Rey, por voluntad de Dios, esto despierta la envidia de muchos incluso la de sus hermanos, raz\u00f3n por la cual siempre se vio perseguido por distintos conflictos, la vida del hombre por lo general esta muy lejana de los prop\u00f3sitos de Dios, lo que hace que las personas hoy en d\u00eda caigan en conflictos y no sepan como salir, buscando m\u00e9todos propios, las personas se envuelven en una serie de acciones contrarias\u00a0 a lo que Dios nos indica, nos alejamos del camino de Dios y perdemos el rumbo, sin saber como regresar o como dar soluci\u00f3n a nuestros problemas.<\/p>\n<p>Es hermoso ver como a trav\u00e9s de este libro podemos encontrar el camino correcto para dirigir nuestras vidas, sin olvidar los principios de la humildad, la paciencia y el amor, que Dios se encarga de fortalecer en nosotros. La debilidad del hombre y temor son vistos desde la perspectiva de Dios, y logramos comprender que la \u00fanica forma de enfrentar nuestros conflictos y temores es confiando en Dios.<\/p>\n<p>&nbsp;<\/p>\n<p><strong>ISBN<\/strong>: 9789588217383<br \/>\n<strong>Editorial<\/strong>:\u00a0CLC<br \/>\n<strong>Dimensiones<\/strong>: 11 x 17 cm<br \/>\n<strong>Peso<\/strong>: 0,130kg<br \/>\n<strong>Cubierta<\/strong>: R\u00fastica<br \/>\n<strong>N\u00famero de p\u00e1ginas<\/strong>: 176<br \/>\n<strong>Idioma<\/strong>: Espa\u00f1ol<\/p>\n","protected":false},"excerpt":{"rendered":"<p>A\u00a0trav\u00e9s de la historia del Rey David, el autor nos muestra la visi\u00f3n de Dios ante\u00a0los conflictos, mediante la lectura vamos comprendiendo que todo conflicto se origina de acuerdo a las decisiones que vamos tomando en nuestra vida. David un joven pastor de ovejas, mantiene una relaci\u00f3n muy cercana con Dios, un adorador apasionado y [&hellip;]<\/p>\n","protected":false},"featured_media":1605,"comment_status":"open","ping_status":"closed","template":"","meta":{"om_disable_all_campaigns":false,"_monsterinsights_skip_tracking":false,"_monsterinsights_sitenote_active":false,"_monsterinsights_sitenote_note":"","_monsterinsights_sitenote_category":0,"site-sidebar-layout":"default","site-content-layout":"","ast-site-content-layout":"default","site-content-style":"default","site-sidebar-style":"default","ast-global-header-display":"","ast-banner-title-visibility":"","ast-main-header-display":"","ast-hfb-above-header-display":"","ast-hfb-below-header-display":"","ast-hfb-mobile-header-display":"","site-post-title":"","ast-breadcrumbs-content":"","ast-featured-img":"","footer-sml-layout":"","ast-disable-related-posts":"","theme-transparent-header-meta":"default","adv-header-id-meta":"","stick-header-meta":"","header-above-stick-meta":"","header-main-stick-meta":"","header-below-stick-meta":"","astra-migrate-meta-layouts":"set","ast-page-background-enabled":"default","ast-page-background-meta":{"desktop":{"background-color":"var(--ast-global-color-4)","background-image":"","background-repeat":"repeat","background-position":"center center","background-size":"auto","background-attachment":"scroll","background-type":"","background-media":"","overlay-type":"","overlay-color":"","overlay-opacity":"","overlay-gradient":""},"tablet":{"background-color":"","background-image":"","background-repeat":"repeat","background-position":"center center","background-size":"auto","background-attachment":"scroll","background-type":"","background-media":"","overlay-type":"","overlay-color":"","overlay-opacity":"","overlay-gradient":""},"mobile":{"background-color":"","background-image":"","background-repeat":"repeat","background-position":"center center","background-size":"auto","background-attachment":"scroll","background-type":"","background-media":"","overlay-type":"","overlay-color":"","overlay-opacity":"","overlay-gradient":""}},"ast-content-background-meta":{"desktop":{"background-color":"var(--ast-global-color-5)","background-image":"","background-repeat":"repeat","background-position":"center center","background-size":"auto","background-attachment":"scroll","background-type":"","background-media":"","overlay-type":"","overlay-color":"","overlay-opacity":"","overlay-gradient":""},"tablet":{"background-color":"var(--ast-global-color-5)","background-image":"","background-repeat":"repeat","background-position":"center center","background-size":"auto","background-attachment":"scroll","background-type":"","background-media":"","overlay-type":"","overlay-color":"","overlay-opacity":"","overlay-gradient":""},"mobile":{"background-color":"var(--ast-global-color-5)","background-image":"","background-repeat":"repeat","background-position":"center center","background-size":"auto","background-attachment":"scroll","background-type":"","background-media":"","overlay-type":"","overlay-color":"","overlay-opacity":"","overlay-gradient":""}}},"product_brand":[],"product_cat":[23],"product_tag":[158],"class_list":{"0":"post-1604","1":"product","2":"type-product","3":"status-publish","4":"has-post-thumbnail","6":"product_cat-libros","7":"product_tag-erwin-lutzer","8":"desktop-align-left","9":"tablet-align-left","10":"mobile-align-left","12":"first","13":"instock","14":"shipping-taxable","15":"purchasable","16":"product-type-simple"},"yoast_head":"<!-- This site is optimized with the Yoast SEO plugin v27.4 - https:\/\/yoast.com\/product\/yoast-seo-wordpress\/ -->\n<title>Creciendo a traves del conflicto - Erwin Lutzer - tzionlibreria.com<\/title>\n<meta name=\"robots\" content=\"index, follow, max-snippet:-1, max-image-preview:large, max-video-preview:-1\" \/>\n<link rel=\"canonical\" href=\"https:\/\/tzionlibreria.com\/index.php\/product\/creciendo-a-traves-del-conflicto-erwin-lutzer\/\" \/>\n<meta property=\"og:locale\" content=\"es_ES\" \/>\n<meta property=\"og:type\" content=\"article\" \/>\n<meta property=\"og:title\" content=\"Creciendo a traves del conflicto - Erwin Lutzer - tzionlibreria.com\" \/>\n<meta property=\"og:description\" content=\"A\u00a0trav\u00e9s de la historia del Rey David, el autor nos muestra la visi\u00f3n de Dios ante\u00a0los conflictos, mediante la lectura vamos comprendiendo que todo conflicto se origina de acuerdo a las decisiones que vamos tomando en nuestra vida. David un joven pastor de ovejas, mantiene una relaci\u00f3n muy cercana con Dios, un adorador apasionado y [&hellip;]\" \/>\n<meta property=\"og:url\" content=\"https:\/\/tzionlibreria.com\/index.php\/product\/creciendo-a-traves-del-conflicto-erwin-lutzer\/\" \/>\n<meta property=\"og:site_name\" content=\"tzionlibreria.com\" \/>\n<meta property=\"article:modified_time\" content=\"2024-02-29T16:38:30+00:00\" \/>\n<meta property=\"og:image\" content=\"http:\/\/tzionlibreria.com\/wp-content\/uploads\/2023\/11\/conlictos.jpg\" \/>\n\t<meta property=\"og:image:width\" content=\"1200\" \/>\n\t<meta property=\"og:image:height\" content=\"1200\" \/>\n\t<meta property=\"og:image:type\" content=\"image\/jpeg\" \/>\n<meta name=\"twitter:card\" content=\"summary_large_image\" \/>\n<meta name=\"twitter:label1\" content=\"Tiempo de lectura\" \/>\n\t<meta name=\"twitter:data1\" content=\"2 minutos\" \/>\n<script type=\"application\/ld+json\" class=\"yoast-schema-graph\">{\"@context\":\"https:\\\/\\\/schema.org\",\"@graph\":[{\"@type\":\"WebPage\",\"@id\":\"https:\\\/\\\/tzionlibreria.com\\\/index.php\\\/product\\\/creciendo-a-traves-del-conflicto-erwin-lutzer\\\/\",\"url\":\"https:\\\/\\\/tzionlibreria.com\\\/index.php\\\/product\\\/creciendo-a-traves-del-conflicto-erwin-lutzer\\\/\",\"name\":\"Creciendo a traves del conflicto - Erwin Lutzer - tzionlibreria.com\",\"isPartOf\":{\"@id\":\"https:\\\/\\\/tzionlibreria.com\\\/#website\"},\"primaryImageOfPage\":{\"@id\":\"https:\\\/\\\/tzionlibreria.com\\\/index.php\\\/product\\\/creciendo-a-traves-del-conflicto-erwin-lutzer\\\/#primaryimage\"},\"image\":{\"@id\":\"https:\\\/\\\/tzionlibreria.com\\\/index.php\\\/product\\\/creciendo-a-traves-del-conflicto-erwin-lutzer\\\/#primaryimage\"},\"thumbnailUrl\":\"https:\\\/\\\/tzionlibreria.com\\\/wp-content\\\/uploads\\\/2023\\\/11\\\/conlictos.jpg\",\"datePublished\":\"2023-11-16T01:17:43+00:00\",\"dateModified\":\"2024-02-29T16:38:30+00:00\",\"breadcrumb\":{\"@id\":\"https:\\\/\\\/tzionlibreria.com\\\/index.php\\\/product\\\/creciendo-a-traves-del-conflicto-erwin-lutzer\\\/#breadcrumb\"},\"inLanguage\":\"es-CO\",\"potentialAction\":[{\"@type\":\"ReadAction\",\"target\":[\"https:\\\/\\\/tzionlibreria.com\\\/index.php\\\/product\\\/creciendo-a-traves-del-conflicto-erwin-lutzer\\\/\"]}]},{\"@type\":\"ImageObject\",\"inLanguage\":\"es-CO\",\"@id\":\"https:\\\/\\\/tzionlibreria.com\\\/index.php\\\/product\\\/creciendo-a-traves-del-conflicto-erwin-lutzer\\\/#primaryimage\",\"url\":\"https:\\\/\\\/tzionlibreria.com\\\/wp-content\\\/uploads\\\/2023\\\/11\\\/conlictos.jpg\",\"contentUrl\":\"https:\\\/\\\/tzionlibreria.com\\\/wp-content\\\/uploads\\\/2023\\\/11\\\/conlictos.jpg\",\"width\":1200,\"height\":1200},{\"@type\":\"BreadcrumbList\",\"@id\":\"https:\\\/\\\/tzionlibreria.com\\\/index.php\\\/product\\\/creciendo-a-traves-del-conflicto-erwin-lutzer\\\/#breadcrumb\",\"itemListElement\":[{\"@type\":\"ListItem\",\"position\":1,\"name\":\"Inicio\",\"item\":\"https:\\\/\\\/tzionlibreria.com\\\/\"},{\"@type\":\"ListItem\",\"position\":2,\"name\":\"Shop\",\"item\":\"https:\\\/\\\/tzionlibreria.com\\\/index.php\\\/shop\\\/\"},{\"@type\":\"ListItem\",\"position\":3,\"name\":\"Creciendo a traves del conflicto &#8211; Erwin Lutzer\"}]},{\"@type\":\"WebSite\",\"@id\":\"https:\\\/\\\/tzionlibreria.com\\\/#website\",\"url\":\"https:\\\/\\\/tzionlibreria.com\\\/\",\"name\":\"tzionlibreria.com\",\"description\":\"Libreria Cristiana Venezuela\",\"publisher\":{\"@id\":\"https:\\\/\\\/tzionlibreria.com\\\/#organization\"},\"potentialAction\":[{\"@type\":\"SearchAction\",\"target\":{\"@type\":\"EntryPoint\",\"urlTemplate\":\"https:\\\/\\\/tzionlibreria.com\\\/?s={search_term_string}\"},\"query-input\":{\"@type\":\"PropertyValueSpecification\",\"valueRequired\":true,\"valueName\":\"search_term_string\"}}],\"inLanguage\":\"es-CO\"},{\"@type\":\"Organization\",\"@id\":\"https:\\\/\\\/tzionlibreria.com\\\/#organization\",\"name\":\"tzionlibreria.com\",\"url\":\"https:\\\/\\\/tzionlibreria.com\\\/\",\"logo\":{\"@type\":\"ImageObject\",\"inLanguage\":\"es-CO\",\"@id\":\"https:\\\/\\\/tzionlibreria.com\\\/#\\\/schema\\\/logo\\\/image\\\/\",\"url\":\"https:\\\/\\\/tzionlibreria.com\\\/wp-content\\\/uploads\\\/2023\\\/10\\\/cropped-Cuadricula-scaled-1.jpg\",\"contentUrl\":\"https:\\\/\\\/tzionlibreria.com\\\/wp-content\\\/uploads\\\/2023\\\/10\\\/cropped-Cuadricula-scaled-1.jpg\",\"width\":2560,\"height\":2560,\"caption\":\"tzionlibreria.com\"},\"image\":{\"@id\":\"https:\\\/\\\/tzionlibreria.com\\\/#\\\/schema\\\/logo\\\/image\\\/\"}}]}<\/script>\n<!-- \/ Yoast SEO plugin. -->","yoast_head_json":{"title":"Creciendo a traves del conflicto - Erwin Lutzer - tzionlibreria.com","robots":{"index":"index","follow":"follow","max-snippet":"max-snippet:-1","max-image-preview":"max-image-preview:large","max-video-preview":"max-video-preview:-1"},"canonical":"https:\/\/tzionlibreria.com\/index.php\/product\/creciendo-a-traves-del-conflicto-erwin-lutzer\/","og_locale":"es_ES","og_type":"article","og_title":"Creciendo a traves del conflicto - Erwin Lutzer - tzionlibreria.com","og_description":"A\u00a0trav\u00e9s de la historia del Rey David, el autor nos muestra la visi\u00f3n de Dios ante\u00a0los conflictos, mediante la lectura vamos comprendiendo que todo conflicto se origina de acuerdo a las decisiones que vamos tomando en nuestra vida. David un joven pastor de ovejas, mantiene una relaci\u00f3n muy cercana con Dios, un adorador apasionado y [&hellip;]","og_url":"https:\/\/tzionlibreria.com\/index.php\/product\/creciendo-a-traves-del-conflicto-erwin-lutzer\/","og_site_name":"tzionlibreria.com","article_modified_time":"2024-02-29T16:38:30+00:00","og_image":[{"width":1200,"height":1200,"url":"http:\/\/tzionlibreria.com\/wp-content\/uploads\/2023\/11\/conlictos.jpg","type":"image\/jpeg"}],"twitter_card":"summary_large_image","twitter_misc":{"Tiempo de lectura":"2 minutos"},"schema":{"@context":"https:\/\/schema.org","@graph":[{"@type":"WebPage","@id":"https:\/\/tzionlibreria.com\/index.php\/product\/creciendo-a-traves-del-conflicto-erwin-lutzer\/","url":"https:\/\/tzionlibreria.com\/index.php\/product\/creciendo-a-traves-del-conflicto-erwin-lutzer\/","name":"Creciendo a traves del conflicto - Erwin Lutzer - tzionlibreria.com","isPartOf":{"@id":"https:\/\/tzionlibreria.com\/#website"},"primaryImageOfPage":{"@id":"https:\/\/tzionlibreria.com\/index.php\/product\/creciendo-a-traves-del-conflicto-erwin-lutzer\/#primaryimage"},"image":{"@id":"https:\/\/tzionlibreria.com\/index.php\/product\/creciendo-a-traves-del-conflicto-erwin-lutzer\/#primaryimage"},"thumbnailUrl":"https:\/\/tzionlibreria.com\/wp-content\/uploads\/2023\/11\/conlictos.jpg","datePublished":"2023-11-16T01:17:43+00:00","dateModified":"2024-02-29T16:38:30+00:00","breadcrumb":{"@id":"https:\/\/tzionlibreria.com\/index.php\/product\/creciendo-a-traves-del-conflicto-erwin-lutzer\/#breadcrumb"},"inLanguage":"es-CO","potentialAction":[{"@type":"ReadAction","target":["https:\/\/tzionlibreria.com\/index.php\/product\/creciendo-a-traves-del-conflicto-erwin-lutzer\/"]}]},{"@type":"ImageObject","inLanguage":"es-CO","@id":"https:\/\/tzionlibreria.com\/index.php\/product\/creciendo-a-traves-del-conflicto-erwin-lutzer\/#primaryimage","url":"https:\/\/tzionlibreria.com\/wp-content\/uploads\/2023\/11\/conlictos.jpg","contentUrl":"https:\/\/tzionlibreria.com\/wp-content\/uploads\/2023\/11\/conlictos.jpg","width":1200,"height":1200},{"@type":"BreadcrumbList","@id":"https:\/\/tzionlibreria.com\/index.php\/product\/creciendo-a-traves-del-conflicto-erwin-lutzer\/#breadcrumb","itemListElement":[{"@type":"ListItem","position":1,"name":"Inicio","item":"https:\/\/tzionlibreria.com\/"},{"@type":"ListItem","position":2,"name":"Shop","item":"https:\/\/tzionlibreria.com\/index.php\/shop\/"},{"@type":"ListItem","position":3,"name":"Creciendo a traves del conflicto &#8211; Erwin Lutzer"}]},{"@type":"WebSite","@id":"https:\/\/tzionlibreria.com\/#website","url":"https:\/\/tzionlibreria.com\/","name":"tzionlibreria.com","description":"Libreria Cristiana Venezuela","publisher":{"@id":"https:\/\/tzionlibreria.com\/#organization"},"potentialAction":[{"@type":"SearchAction","target":{"@type":"EntryPoint","urlTemplate":"https:\/\/tzionlibreria.com\/?s={search_term_string}"},"query-input":{"@type":"PropertyValueSpecification","valueRequired":true,"valueName":"search_term_string"}}],"inLanguage":"es-CO"},{"@type":"Organization","@id":"https:\/\/tzionlibreria.com\/#organization","name":"tzionlibreria.com","url":"https:\/\/tzionlibreria.com\/","logo":{"@type":"ImageObject","inLanguage":"es-CO","@id":"https:\/\/tzionlibreria.com\/#\/schema\/logo\/image\/","url":"https:\/\/tzionlibreria.com\/wp-content\/uploads\/2023\/10\/cropped-Cuadricula-scaled-1.jpg","contentUrl":"https:\/\/tzionlibreria.com\/wp-content\/uploads\/2023\/10\/cropped-Cuadricula-scaled-1.jpg","width":2560,"height":2560,"caption":"tzionlibreria.com"},"image":{"@id":"https:\/\/tzionlibreria.com\/#\/schema\/logo\/image\/"}}]}},"jetpack_sharing_enabled":true,"_links":{"self":[{"href":"https:\/\/tzionlibreria.com\/index.php\/wp-json\/wp\/v2\/product\/1604","targetHints":{"allow":["GET"]}}],"collection":[{"href":"https:\/\/tzionlibreria.com\/index.php\/wp-json\/wp\/v2\/product"}],"about":[{"href":"https:\/\/tzionlibreria.com\/index.php\/wp-json\/wp\/v2\/types\/product"}],"replies":[{"embeddable":true,"href":"https:\/\/tzionlibreria.com\/index.php\/wp-json\/wp\/v2\/comments?post=1604"}],"wp:featuredmedia":[{"embeddable":true,"href":"https:\/\/tzionlibreria.com\/index.php\/wp-json\/wp\/v2\/media\/1605"}],"wp:attachment":[{"href":"https:\/\/tzionlibreria.com\/index.php\/wp-json\/wp\/v2\/media?parent=1604"}],"wp:term":[{"taxonomy":"product_brand","embeddable":true,"href":"https:\/\/tzionlibreria.com\/index.php\/wp-json\/wp\/v2\/product_brand?post=1604"},{"taxonomy":"product_cat","embeddable":true,"href":"https:\/\/tzionlibreria.com\/index.php\/wp-json\/wp\/v2\/product_cat?post=1604"},{"taxonomy":"product_tag","embeddable":true,"href":"https:\/\/tzionlibreria.com\/index.php\/wp-json\/wp\/v2\/product_tag?post=1604"}],"curies":[{"name":"wp","href":"https:\/\/api.w.org\/{rel}","templated":true}]}}