{"id":1614,"date":"2023-11-16T01:26:06","date_gmt":"2023-11-16T01:26:06","guid":{"rendered":"https:\/\/tzionlibreria.com\/?post_type=product&#038;p=1614"},"modified":"2026-01-30T22:27:32","modified_gmt":"2026-01-30T22:27:32","slug":"de-princesa-a-princesa-su-herencia-como-hija-del-rey","status":"publish","type":"product","link":"https:\/\/tzionlibreria.com\/index.php\/product\/de-princesa-a-princesa-su-herencia-como-hija-del-rey\/","title":{"rendered":"De Princesa a Princesa &#8211; Su herencia como hija del Rey"},"content":{"rendered":"<p>\u00a1Mujer de Dios, prep\u00e1rese para disfrutar su herencia!<\/p>\n<div>\n<div>\u00bfEs usted una princesa que, con frecuencia, vive como pordiosera en su propio reino?<\/div>\n<div><\/div>\n<div>Apr\u00f3piese de su llamado como hija del Rey. Su posici\u00f3n &#8220;en Cristo&#8221; debe llevarla a vivir una vida abundante. Sin duda alguna conocer\u00e1 a trav\u00e9s de este libro, que usted es amada incondicionalmente por su Padre el Rey, y tiene una herencia incalculable: Fortaleza, justificaci\u00f3n,\u00a0 \u00a0 valor, protecci\u00f3n y seguridad. En &#8220;De princesa a Princesa&#8221;, la autora abrir\u00e1 sus ojos a su llamado celestial y le dar\u00e1 a conocer su herencia a trav\u00e9s de historias de mujeres como usted, mujeres del mundo de hoy, y de aquellas famosas que encontramos en la Biblia.<\/div>\n<div><\/div>\n<div><\/div>\n<div>En este libro usted encontrar\u00e1 historias de mujeres fuertes que descubrieron su herencia como hijas del Rey, pese a sus luchas. Kathy describe 8 caracter\u00edsticas que fueron fundamentales para cumplir el prop\u00f3sito que ten\u00eda Dios en las vidas de ellas. Adem\u00e1s, hace una comparaci\u00f3n entre historias de mujeres de la Biblia y mujeres de la vida diaria, y por medio de \u00e9sta encontraremos cu\u00e1l ha sido el prop\u00f3sito del Se\u00f1or al transformar a la mujer en una verdadera &#8220;princesa&#8221; para su gloria.<\/div>\n<div><\/div>\n<\/div>\n<div><strong>Editorial<\/strong>: CLC<br \/>\n<strong>Idioma<\/strong>: Espa\u00f1ol<br \/>\n<strong>ISBN<\/strong>: 9789588217710<br \/>\n<strong>Dimensiones<\/strong>: 110 x 170 x 10 mm<br \/>\n<strong>Peso<\/strong>: 0,155kg<br \/>\n<strong>Cubierta<\/strong>: R\u00fastica<br \/>\n<strong>N\u00famero de p\u00e1ginas<\/strong>: 224<\/div>\n","protected":false},"excerpt":{"rendered":"<p>\u00a1Mujer de Dios, prep\u00e1rese para disfrutar su herencia! \u00bfEs usted una princesa que, con frecuencia, vive como pordiosera en su propio reino? Apr\u00f3piese de su llamado como hija del Rey. Su posici\u00f3n &#8220;en Cristo&#8221; debe llevarla a vivir una vida abundante. Sin duda alguna conocer\u00e1 a trav\u00e9s de este libro, que usted es amada incondicionalmente [&hellip;]<\/p>\n","protected":false},"featured_media":1615,"comment_status":"open","ping_status":"closed","template":"","meta":{"om_disable_all_campaigns":false,"_monsterinsights_skip_tracking":false,"_monsterinsights_sitenote_active":false,"_monsterinsights_sitenote_note":"","_monsterinsights_sitenote_category":0,"site-sidebar-layout":"default","site-content-layout":"","ast-site-content-layout":"default","site-content-style":"default","site-sidebar-style":"default","ast-global-header-display":"","ast-banner-title-visibility":"","ast-main-header-display":"","ast-hfb-above-header-display":"","ast-hfb-below-header-display":"","ast-hfb-mobile-header-display":"","site-post-title":"","ast-breadcrumbs-content":"","ast-featured-img":"","footer-sml-layout":"","ast-disable-related-posts":"","theme-transparent-header-meta":"default","adv-header-id-meta":"","stick-header-meta":"","header-above-stick-meta":"","header-main-stick-meta":"","header-below-stick-meta":"","astra-migrate-meta-layouts":"set","ast-page-background-enabled":"default","ast-page-background-meta":{"desktop":{"background-color":"var(--ast-global-color-4)","background-image":"","background-repeat":"repeat","background-position":"center center","background-size":"auto","background-attachment":"scroll","background-type":"","background-media":"","overlay-type":"","overlay-color":"","overlay-opacity":"","overlay-gradient":""},"tablet":{"background-color":"","background-image":"","background-repeat":"repeat","background-position":"center center","background-size":"auto","background-attachment":"scroll","background-type":"","background-media":"","overlay-type":"","overlay-color":"","overlay-opacity":"","overlay-gradient":""},"mobile":{"background-color":"","background-image":"","background-repeat":"repeat","background-position":"center center","background-size":"auto","background-attachment":"scroll","background-type":"","background-media":"","overlay-type":"","overlay-color":"","overlay-opacity":"","overlay-gradient":""}},"ast-content-background-meta":{"desktop":{"background-color":"var(--ast-global-color-5)","background-image":"","background-repeat":"repeat","background-position":"center center","background-size":"auto","background-attachment":"scroll","background-type":"","background-media":"","overlay-type":"","overlay-color":"","overlay-opacity":"","overlay-gradient":""},"tablet":{"background-color":"var(--ast-global-color-5)","background-image":"","background-repeat":"repeat","background-position":"center center","background-size":"auto","background-attachment":"scroll","background-type":"","background-media":"","overlay-type":"","overlay-color":"","overlay-opacity":"","overlay-gradient":""},"mobile":{"background-color":"var(--ast-global-color-5)","background-image":"","background-repeat":"repeat","background-position":"center center","background-size":"auto","background-attachment":"scroll","background-type":"","background-media":"","overlay-type":"","overlay-color":"","overlay-opacity":"","overlay-gradient":""}}},"product_brand":[],"product_cat":[23],"product_tag":[328],"class_list":{"0":"post-1614","1":"product","2":"type-product","3":"status-publish","4":"has-post-thumbnail","6":"product_cat-libros","7":"product_tag-black-friday-2025","8":"desktop-align-left","9":"tablet-align-left","10":"mobile-align-left","12":"first","13":"instock","14":"shipping-taxable","15":"purchasable","16":"product-type-simple"},"yoast_head":"<!-- This site is optimized with the Yoast SEO plugin v27.4 - https:\/\/yoast.com\/product\/yoast-seo-wordpress\/ -->\n<title>De Princesa a Princesa - Su herencia como hija del Rey - tzionlibreria.com<\/title>\n<meta name=\"robots\" content=\"index, follow, max-snippet:-1, max-image-preview:large, max-video-preview:-1\" \/>\n<link rel=\"canonical\" href=\"https:\/\/tzionlibreria.com\/index.php\/product\/de-princesa-a-princesa-su-herencia-como-hija-del-rey\/\" \/>\n<meta property=\"og:locale\" content=\"es_ES\" \/>\n<meta property=\"og:type\" content=\"article\" \/>\n<meta property=\"og:title\" content=\"De Princesa a Princesa - Su herencia como hija del Rey - tzionlibreria.com\" \/>\n<meta property=\"og:description\" content=\"\u00a1Mujer de Dios, prep\u00e1rese para disfrutar su herencia! \u00bfEs usted una princesa que, con frecuencia, vive como pordiosera en su propio reino? Apr\u00f3piese de su llamado como hija del Rey. Su posici\u00f3n &#8220;en Cristo&#8221; debe llevarla a vivir una vida abundante. Sin duda alguna conocer\u00e1 a trav\u00e9s de este libro, que usted es amada incondicionalmente [&hellip;]\" \/>\n<meta property=\"og:url\" content=\"https:\/\/tzionlibreria.com\/index.php\/product\/de-princesa-a-princesa-su-herencia-como-hija-del-rey\/\" \/>\n<meta property=\"og:site_name\" content=\"tzionlibreria.com\" \/>\n<meta property=\"article:modified_time\" content=\"2026-01-30T22:27:32+00:00\" \/>\n<meta property=\"og:image\" content=\"http:\/\/tzionlibreria.com\/wp-content\/uploads\/2023\/11\/princesa.jpg\" \/>\n\t<meta property=\"og:image:width\" content=\"1200\" \/>\n\t<meta property=\"og:image:height\" content=\"1200\" \/>\n\t<meta property=\"og:image:type\" content=\"image\/jpeg\" \/>\n<meta name=\"twitter:card\" content=\"summary_large_image\" \/>\n<meta name=\"twitter:label1\" content=\"Tiempo de lectura\" \/>\n\t<meta name=\"twitter:data1\" content=\"2 minutos\" \/>\n<script type=\"application\/ld+json\" class=\"yoast-schema-graph\">{\"@context\":\"https:\\\/\\\/schema.org\",\"@graph\":[{\"@type\":\"WebPage\",\"@id\":\"https:\\\/\\\/tzionlibreria.com\\\/index.php\\\/product\\\/de-princesa-a-princesa-su-herencia-como-hija-del-rey\\\/\",\"url\":\"https:\\\/\\\/tzionlibreria.com\\\/index.php\\\/product\\\/de-princesa-a-princesa-su-herencia-como-hija-del-rey\\\/\",\"name\":\"De Princesa a Princesa - Su herencia como hija del Rey - tzionlibreria.com\",\"isPartOf\":{\"@id\":\"https:\\\/\\\/tzionlibreria.com\\\/#website\"},\"primaryImageOfPage\":{\"@id\":\"https:\\\/\\\/tzionlibreria.com\\\/index.php\\\/product\\\/de-princesa-a-princesa-su-herencia-como-hija-del-rey\\\/#primaryimage\"},\"image\":{\"@id\":\"https:\\\/\\\/tzionlibreria.com\\\/index.php\\\/product\\\/de-princesa-a-princesa-su-herencia-como-hija-del-rey\\\/#primaryimage\"},\"thumbnailUrl\":\"https:\\\/\\\/tzionlibreria.com\\\/wp-content\\\/uploads\\\/2023\\\/11\\\/princesa.jpg\",\"datePublished\":\"2023-11-16T01:26:06+00:00\",\"dateModified\":\"2026-01-30T22:27:32+00:00\",\"breadcrumb\":{\"@id\":\"https:\\\/\\\/tzionlibreria.com\\\/index.php\\\/product\\\/de-princesa-a-princesa-su-herencia-como-hija-del-rey\\\/#breadcrumb\"},\"inLanguage\":\"es-CO\",\"potentialAction\":[{\"@type\":\"ReadAction\",\"target\":[\"https:\\\/\\\/tzionlibreria.com\\\/index.php\\\/product\\\/de-princesa-a-princesa-su-herencia-como-hija-del-rey\\\/\"]}]},{\"@type\":\"ImageObject\",\"inLanguage\":\"es-CO\",\"@id\":\"https:\\\/\\\/tzionlibreria.com\\\/index.php\\\/product\\\/de-princesa-a-princesa-su-herencia-como-hija-del-rey\\\/#primaryimage\",\"url\":\"https:\\\/\\\/tzionlibreria.com\\\/wp-content\\\/uploads\\\/2023\\\/11\\\/princesa.jpg\",\"contentUrl\":\"https:\\\/\\\/tzionlibreria.com\\\/wp-content\\\/uploads\\\/2023\\\/11\\\/princesa.jpg\",\"width\":1200,\"height\":1200},{\"@type\":\"BreadcrumbList\",\"@id\":\"https:\\\/\\\/tzionlibreria.com\\\/index.php\\\/product\\\/de-princesa-a-princesa-su-herencia-como-hija-del-rey\\\/#breadcrumb\",\"itemListElement\":[{\"@type\":\"ListItem\",\"position\":1,\"name\":\"Inicio\",\"item\":\"https:\\\/\\\/tzionlibreria.com\\\/\"},{\"@type\":\"ListItem\",\"position\":2,\"name\":\"Shop\",\"item\":\"https:\\\/\\\/tzionlibreria.com\\\/index.php\\\/shop\\\/\"},{\"@type\":\"ListItem\",\"position\":3,\"name\":\"De Princesa a Princesa &#8211; Su herencia como hija del Rey\"}]},{\"@type\":\"WebSite\",\"@id\":\"https:\\\/\\\/tzionlibreria.com\\\/#website\",\"url\":\"https:\\\/\\\/tzionlibreria.com\\\/\",\"name\":\"tzionlibreria.com\",\"description\":\"Libreria Cristiana Venezuela\",\"publisher\":{\"@id\":\"https:\\\/\\\/tzionlibreria.com\\\/#organization\"},\"potentialAction\":[{\"@type\":\"SearchAction\",\"target\":{\"@type\":\"EntryPoint\",\"urlTemplate\":\"https:\\\/\\\/tzionlibreria.com\\\/?s={search_term_string}\"},\"query-input\":{\"@type\":\"PropertyValueSpecification\",\"valueRequired\":true,\"valueName\":\"search_term_string\"}}],\"inLanguage\":\"es-CO\"},{\"@type\":\"Organization\",\"@id\":\"https:\\\/\\\/tzionlibreria.com\\\/#organization\",\"name\":\"tzionlibreria.com\",\"url\":\"https:\\\/\\\/tzionlibreria.com\\\/\",\"logo\":{\"@type\":\"ImageObject\",\"inLanguage\":\"es-CO\",\"@id\":\"https:\\\/\\\/tzionlibreria.com\\\/#\\\/schema\\\/logo\\\/image\\\/\",\"url\":\"https:\\\/\\\/tzionlibreria.com\\\/wp-content\\\/uploads\\\/2023\\\/10\\\/cropped-Cuadricula-scaled-1.jpg\",\"contentUrl\":\"https:\\\/\\\/tzionlibreria.com\\\/wp-content\\\/uploads\\\/2023\\\/10\\\/cropped-Cuadricula-scaled-1.jpg\",\"width\":2560,\"height\":2560,\"caption\":\"tzionlibreria.com\"},\"image\":{\"@id\":\"https:\\\/\\\/tzionlibreria.com\\\/#\\\/schema\\\/logo\\\/image\\\/\"}}]}<\/script>\n<!-- \/ Yoast SEO plugin. -->","yoast_head_json":{"title":"De Princesa a Princesa - Su herencia como hija del Rey - tzionlibreria.com","robots":{"index":"index","follow":"follow","max-snippet":"max-snippet:-1","max-image-preview":"max-image-preview:large","max-video-preview":"max-video-preview:-1"},"canonical":"https:\/\/tzionlibreria.com\/index.php\/product\/de-princesa-a-princesa-su-herencia-como-hija-del-rey\/","og_locale":"es_ES","og_type":"article","og_title":"De Princesa a Princesa - Su herencia como hija del Rey - tzionlibreria.com","og_description":"\u00a1Mujer de Dios, prep\u00e1rese para disfrutar su herencia! \u00bfEs usted una princesa que, con frecuencia, vive como pordiosera en su propio reino? Apr\u00f3piese de su llamado como hija del Rey. Su posici\u00f3n &#8220;en Cristo&#8221; debe llevarla a vivir una vida abundante. Sin duda alguna conocer\u00e1 a trav\u00e9s de este libro, que usted es amada incondicionalmente [&hellip;]","og_url":"https:\/\/tzionlibreria.com\/index.php\/product\/de-princesa-a-princesa-su-herencia-como-hija-del-rey\/","og_site_name":"tzionlibreria.com","article_modified_time":"2026-01-30T22:27:32+00:00","og_image":[{"width":1200,"height":1200,"url":"http:\/\/tzionlibreria.com\/wp-content\/uploads\/2023\/11\/princesa.jpg","type":"image\/jpeg"}],"twitter_card":"summary_large_image","twitter_misc":{"Tiempo de lectura":"2 minutos"},"schema":{"@context":"https:\/\/schema.org","@graph":[{"@type":"WebPage","@id":"https:\/\/tzionlibreria.com\/index.php\/product\/de-princesa-a-princesa-su-herencia-como-hija-del-rey\/","url":"https:\/\/tzionlibreria.com\/index.php\/product\/de-princesa-a-princesa-su-herencia-como-hija-del-rey\/","name":"De Princesa a Princesa - Su herencia como hija del Rey - tzionlibreria.com","isPartOf":{"@id":"https:\/\/tzionlibreria.com\/#website"},"primaryImageOfPage":{"@id":"https:\/\/tzionlibreria.com\/index.php\/product\/de-princesa-a-princesa-su-herencia-como-hija-del-rey\/#primaryimage"},"image":{"@id":"https:\/\/tzionlibreria.com\/index.php\/product\/de-princesa-a-princesa-su-herencia-como-hija-del-rey\/#primaryimage"},"thumbnailUrl":"https:\/\/tzionlibreria.com\/wp-content\/uploads\/2023\/11\/princesa.jpg","datePublished":"2023-11-16T01:26:06+00:00","dateModified":"2026-01-30T22:27:32+00:00","breadcrumb":{"@id":"https:\/\/tzionlibreria.com\/index.php\/product\/de-princesa-a-princesa-su-herencia-como-hija-del-rey\/#breadcrumb"},"inLanguage":"es-CO","potentialAction":[{"@type":"ReadAction","target":["https:\/\/tzionlibreria.com\/index.php\/product\/de-princesa-a-princesa-su-herencia-como-hija-del-rey\/"]}]},{"@type":"ImageObject","inLanguage":"es-CO","@id":"https:\/\/tzionlibreria.com\/index.php\/product\/de-princesa-a-princesa-su-herencia-como-hija-del-rey\/#primaryimage","url":"https:\/\/tzionlibreria.com\/wp-content\/uploads\/2023\/11\/princesa.jpg","contentUrl":"https:\/\/tzionlibreria.com\/wp-content\/uploads\/2023\/11\/princesa.jpg","width":1200,"height":1200},{"@type":"BreadcrumbList","@id":"https:\/\/tzionlibreria.com\/index.php\/product\/de-princesa-a-princesa-su-herencia-como-hija-del-rey\/#breadcrumb","itemListElement":[{"@type":"ListItem","position":1,"name":"Inicio","item":"https:\/\/tzionlibreria.com\/"},{"@type":"ListItem","position":2,"name":"Shop","item":"https:\/\/tzionlibreria.com\/index.php\/shop\/"},{"@type":"ListItem","position":3,"name":"De Princesa a Princesa &#8211; Su herencia como hija del Rey"}]},{"@type":"WebSite","@id":"https:\/\/tzionlibreria.com\/#website","url":"https:\/\/tzionlibreria.com\/","name":"tzionlibreria.com","description":"Libreria Cristiana Venezuela","publisher":{"@id":"https:\/\/tzionlibreria.com\/#organization"},"potentialAction":[{"@type":"SearchAction","target":{"@type":"EntryPoint","urlTemplate":"https:\/\/tzionlibreria.com\/?s={search_term_string}"},"query-input":{"@type":"PropertyValueSpecification","valueRequired":true,"valueName":"search_term_string"}}],"inLanguage":"es-CO"},{"@type":"Organization","@id":"https:\/\/tzionlibreria.com\/#organization","name":"tzionlibreria.com","url":"https:\/\/tzionlibreria.com\/","logo":{"@type":"ImageObject","inLanguage":"es-CO","@id":"https:\/\/tzionlibreria.com\/#\/schema\/logo\/image\/","url":"https:\/\/tzionlibreria.com\/wp-content\/uploads\/2023\/10\/cropped-Cuadricula-scaled-1.jpg","contentUrl":"https:\/\/tzionlibreria.com\/wp-content\/uploads\/2023\/10\/cropped-Cuadricula-scaled-1.jpg","width":2560,"height":2560,"caption":"tzionlibreria.com"},"image":{"@id":"https:\/\/tzionlibreria.com\/#\/schema\/logo\/image\/"}}]}},"jetpack_sharing_enabled":true,"_links":{"self":[{"href":"https:\/\/tzionlibreria.com\/index.php\/wp-json\/wp\/v2\/product\/1614","targetHints":{"allow":["GET"]}}],"collection":[{"href":"https:\/\/tzionlibreria.com\/index.php\/wp-json\/wp\/v2\/product"}],"about":[{"href":"https:\/\/tzionlibreria.com\/index.php\/wp-json\/wp\/v2\/types\/product"}],"replies":[{"embeddable":true,"href":"https:\/\/tzionlibreria.com\/index.php\/wp-json\/wp\/v2\/comments?post=1614"}],"wp:featuredmedia":[{"embeddable":true,"href":"https:\/\/tzionlibreria.com\/index.php\/wp-json\/wp\/v2\/media\/1615"}],"wp:attachment":[{"href":"https:\/\/tzionlibreria.com\/index.php\/wp-json\/wp\/v2\/media?parent=1614"}],"wp:term":[{"taxonomy":"product_brand","embeddable":true,"href":"https:\/\/tzionlibreria.com\/index.php\/wp-json\/wp\/v2\/product_brand?post=1614"},{"taxonomy":"product_cat","embeddable":true,"href":"https:\/\/tzionlibreria.com\/index.php\/wp-json\/wp\/v2\/product_cat?post=1614"},{"taxonomy":"product_tag","embeddable":true,"href":"https:\/\/tzionlibreria.com\/index.php\/wp-json\/wp\/v2\/product_tag?post=1614"}],"curies":[{"name":"wp","href":"https:\/\/api.w.org\/{rel}","templated":true}]}}