{"id":1629,"date":"2023-11-19T22:14:29","date_gmt":"2023-11-19T22:14:29","guid":{"rendered":"https:\/\/tzionlibreria.com\/?post_type=product&#038;p=1629"},"modified":"2024-02-29T16:35:22","modified_gmt":"2024-02-29T16:35:22","slug":"guerra-espiritual-en-la-vida-del-creyente-charles-spurgeon","status":"publish","type":"product","link":"https:\/\/tzionlibreria.com\/index.php\/product\/guerra-espiritual-en-la-vida-del-creyente-charles-spurgeon\/","title":{"rendered":"Guerra Espiritual En La Vida Del Creyente \u2013 Charles Spurgeon"},"content":{"rendered":"<p>-Mucho antes de que existiesen las mega-iglesias, casi 6.000 personas abarrotaban cada servicio religioso para escuchar a Charles Spurgeon. Descubra por qu\u00e9 sus predicaciones magistrales asombraron a su tiempo.<\/p>\n<p>-Durante los notables treinta y ocho a\u00f1os de ministerio que despleg\u00f3 Charles Spurgeon en la ciudad de Londres, en el siglo XIX, ning\u00fan edificio parec\u00eda lo suficientemente espacioso para acoger a los que deseaban o\u00edrle predicar.<\/p>\n<p>-Spurgeon destac\u00f3 como apasionado expositor b\u00edblico del evangelio que hablaba la lengua del pueblo llano y apelaba a sus necesidades m\u00e1s profundas. Spurgeon fue un veterano experimentado en confrontar a Satan\u00e1s en cada esquina y derrotarlo con el poder del evangelio. Pero aun manteniendo su estilo pr\u00e1ctico, el enfoque de Spurgeon no tiene nada de abstracto, et\u00e9reo o m\u00edstico en su ense\u00f1anza.<\/p>\n<p>-\u00c9l pon\u00eda su mira donde ve\u00eda que Satan\u00e1s estaba actuando en la vida de la gente esclaviz\u00e1ndola en el pecado, apart\u00e1ndola de la influencia plena del evangelio, obstaculizando su desarrollo espiritual, causando des\u00e1nimo, depresi\u00f3n y fracaso moral.<\/p>\n<p>-Los creyentes no tienen que preocuparse de los principados y potestades sat\u00e1nicos ni de c\u00f3mo han de confrontarlos en batalla. Estos mensajes transformadores de Spurgeon le servir\u00e1n donde usted se encuentre y le ayudar\u00e1n a ser m\u00e1s que vencedor en el conflicto espiritual.<\/p>\n<p>&nbsp;<\/p>\n<p><strong>ISBN<\/strong>: 9781576588604<br \/>\n<strong>Editorial<\/strong>:\u00a0JUCUM<br \/>\n<strong>Cubierta<\/strong>: R\u00fastica<br \/>\n<strong>N\u00famero de p\u00e1ginas<\/strong>: 180<br \/>\n<strong>Idioma<\/strong>: Espa\u00f1ol<\/p>\n","protected":false},"excerpt":{"rendered":"<p>-Mucho antes de que existiesen las mega-iglesias, casi 6.000 personas abarrotaban cada servicio religioso para escuchar a Charles Spurgeon. Descubra por qu\u00e9 sus predicaciones magistrales asombraron a su tiempo. -Durante los notables treinta y ocho a\u00f1os de ministerio que despleg\u00f3 Charles Spurgeon en la ciudad de Londres, en el siglo XIX, ning\u00fan edificio parec\u00eda lo [&hellip;]<\/p>\n","protected":false},"featured_media":1630,"comment_status":"open","ping_status":"closed","template":"","meta":{"om_disable_all_campaigns":false,"_monsterinsights_skip_tracking":false,"_monsterinsights_sitenote_active":false,"_monsterinsights_sitenote_note":"","_monsterinsights_sitenote_category":0,"site-sidebar-layout":"default","site-content-layout":"","ast-site-content-layout":"default","site-content-style":"default","site-sidebar-style":"default","ast-global-header-display":"","ast-banner-title-visibility":"","ast-main-header-display":"","ast-hfb-above-header-display":"","ast-hfb-below-header-display":"","ast-hfb-mobile-header-display":"","site-post-title":"","ast-breadcrumbs-content":"","ast-featured-img":"","footer-sml-layout":"","ast-disable-related-posts":"","theme-transparent-header-meta":"default","adv-header-id-meta":"","stick-header-meta":"","header-above-stick-meta":"","header-main-stick-meta":"","header-below-stick-meta":"","astra-migrate-meta-layouts":"set","ast-page-background-enabled":"default","ast-page-background-meta":{"desktop":{"background-color":"var(--ast-global-color-4)","background-image":"","background-repeat":"repeat","background-position":"center center","background-size":"auto","background-attachment":"scroll","background-type":"","background-media":"","overlay-type":"","overlay-color":"","overlay-opacity":"","overlay-gradient":""},"tablet":{"background-color":"","background-image":"","background-repeat":"repeat","background-position":"center center","background-size":"auto","background-attachment":"scroll","background-type":"","background-media":"","overlay-type":"","overlay-color":"","overlay-opacity":"","overlay-gradient":""},"mobile":{"background-color":"","background-image":"","background-repeat":"repeat","background-position":"center center","background-size":"auto","background-attachment":"scroll","background-type":"","background-media":"","overlay-type":"","overlay-color":"","overlay-opacity":"","overlay-gradient":""}},"ast-content-background-meta":{"desktop":{"background-color":"var(--ast-global-color-5)","background-image":"","background-repeat":"repeat","background-position":"center center","background-size":"auto","background-attachment":"scroll","background-type":"","background-media":"","overlay-type":"","overlay-color":"","overlay-opacity":"","overlay-gradient":""},"tablet":{"background-color":"var(--ast-global-color-5)","background-image":"","background-repeat":"repeat","background-position":"center center","background-size":"auto","background-attachment":"scroll","background-type":"","background-media":"","overlay-type":"","overlay-color":"","overlay-opacity":"","overlay-gradient":""},"mobile":{"background-color":"var(--ast-global-color-5)","background-image":"","background-repeat":"repeat","background-position":"center center","background-size":"auto","background-attachment":"scroll","background-type":"","background-media":"","overlay-type":"","overlay-color":"","overlay-opacity":"","overlay-gradient":""}}},"product_brand":[],"product_cat":[23],"product_tag":[161,114],"class_list":{"0":"post-1629","1":"product","2":"type-product","3":"status-publish","4":"has-post-thumbnail","6":"product_cat-libros","7":"product_tag-charles-spurgeon","8":"product_tag-guerra-espiritual","9":"desktop-align-left","10":"tablet-align-left","11":"mobile-align-left","13":"first","14":"instock","15":"shipping-taxable","16":"purchasable","17":"product-type-simple"},"yoast_head":"<!-- This site is optimized with the Yoast SEO plugin v27.4 - https:\/\/yoast.com\/product\/yoast-seo-wordpress\/ -->\n<title>Guerra Espiritual En La Vida Del Creyente \u2013 Charles Spurgeon - tzionlibreria.com<\/title>\n<meta name=\"robots\" content=\"index, follow, max-snippet:-1, max-image-preview:large, max-video-preview:-1\" \/>\n<link rel=\"canonical\" href=\"https:\/\/tzionlibreria.com\/index.php\/product\/guerra-espiritual-en-la-vida-del-creyente-charles-spurgeon\/\" \/>\n<meta property=\"og:locale\" content=\"es_ES\" \/>\n<meta property=\"og:type\" content=\"article\" \/>\n<meta property=\"og:title\" content=\"Guerra Espiritual En La Vida Del Creyente \u2013 Charles Spurgeon - tzionlibreria.com\" \/>\n<meta property=\"og:description\" content=\"-Mucho antes de que existiesen las mega-iglesias, casi 6.000 personas abarrotaban cada servicio religioso para escuchar a Charles Spurgeon. Descubra por qu\u00e9 sus predicaciones magistrales asombraron a su tiempo. -Durante los notables treinta y ocho a\u00f1os de ministerio que despleg\u00f3 Charles Spurgeon en la ciudad de Londres, en el siglo XIX, ning\u00fan edificio parec\u00eda lo [&hellip;]\" \/>\n<meta property=\"og:url\" content=\"https:\/\/tzionlibreria.com\/index.php\/product\/guerra-espiritual-en-la-vida-del-creyente-charles-spurgeon\/\" \/>\n<meta property=\"og:site_name\" content=\"tzionlibreria.com\" \/>\n<meta property=\"article:modified_time\" content=\"2024-02-29T16:35:22+00:00\" \/>\n<meta property=\"og:image\" content=\"http:\/\/tzionlibreria.com\/wp-content\/uploads\/2023\/11\/Guerra-Espiritual-del-Creyente.jpg\" \/>\n\t<meta property=\"og:image:width\" content=\"1200\" \/>\n\t<meta property=\"og:image:height\" content=\"1200\" \/>\n\t<meta property=\"og:image:type\" content=\"image\/jpeg\" \/>\n<meta name=\"twitter:card\" content=\"summary_large_image\" \/>\n<meta name=\"twitter:label1\" content=\"Tiempo de lectura\" \/>\n\t<meta name=\"twitter:data1\" content=\"2 minutos\" \/>\n<script type=\"application\/ld+json\" class=\"yoast-schema-graph\">{\"@context\":\"https:\\\/\\\/schema.org\",\"@graph\":[{\"@type\":\"WebPage\",\"@id\":\"https:\\\/\\\/tzionlibreria.com\\\/index.php\\\/product\\\/guerra-espiritual-en-la-vida-del-creyente-charles-spurgeon\\\/\",\"url\":\"https:\\\/\\\/tzionlibreria.com\\\/index.php\\\/product\\\/guerra-espiritual-en-la-vida-del-creyente-charles-spurgeon\\\/\",\"name\":\"Guerra Espiritual En La Vida Del Creyente \u2013 Charles Spurgeon - tzionlibreria.com\",\"isPartOf\":{\"@id\":\"https:\\\/\\\/tzionlibreria.com\\\/#website\"},\"primaryImageOfPage\":{\"@id\":\"https:\\\/\\\/tzionlibreria.com\\\/index.php\\\/product\\\/guerra-espiritual-en-la-vida-del-creyente-charles-spurgeon\\\/#primaryimage\"},\"image\":{\"@id\":\"https:\\\/\\\/tzionlibreria.com\\\/index.php\\\/product\\\/guerra-espiritual-en-la-vida-del-creyente-charles-spurgeon\\\/#primaryimage\"},\"thumbnailUrl\":\"https:\\\/\\\/tzionlibreria.com\\\/wp-content\\\/uploads\\\/2023\\\/11\\\/Guerra-Espiritual-del-Creyente.jpg\",\"datePublished\":\"2023-11-19T22:14:29+00:00\",\"dateModified\":\"2024-02-29T16:35:22+00:00\",\"breadcrumb\":{\"@id\":\"https:\\\/\\\/tzionlibreria.com\\\/index.php\\\/product\\\/guerra-espiritual-en-la-vida-del-creyente-charles-spurgeon\\\/#breadcrumb\"},\"inLanguage\":\"es-CO\",\"potentialAction\":[{\"@type\":\"ReadAction\",\"target\":[\"https:\\\/\\\/tzionlibreria.com\\\/index.php\\\/product\\\/guerra-espiritual-en-la-vida-del-creyente-charles-spurgeon\\\/\"]}]},{\"@type\":\"ImageObject\",\"inLanguage\":\"es-CO\",\"@id\":\"https:\\\/\\\/tzionlibreria.com\\\/index.php\\\/product\\\/guerra-espiritual-en-la-vida-del-creyente-charles-spurgeon\\\/#primaryimage\",\"url\":\"https:\\\/\\\/tzionlibreria.com\\\/wp-content\\\/uploads\\\/2023\\\/11\\\/Guerra-Espiritual-del-Creyente.jpg\",\"contentUrl\":\"https:\\\/\\\/tzionlibreria.com\\\/wp-content\\\/uploads\\\/2023\\\/11\\\/Guerra-Espiritual-del-Creyente.jpg\",\"width\":1200,\"height\":1200},{\"@type\":\"BreadcrumbList\",\"@id\":\"https:\\\/\\\/tzionlibreria.com\\\/index.php\\\/product\\\/guerra-espiritual-en-la-vida-del-creyente-charles-spurgeon\\\/#breadcrumb\",\"itemListElement\":[{\"@type\":\"ListItem\",\"position\":1,\"name\":\"Inicio\",\"item\":\"https:\\\/\\\/tzionlibreria.com\\\/\"},{\"@type\":\"ListItem\",\"position\":2,\"name\":\"Shop\",\"item\":\"https:\\\/\\\/tzionlibreria.com\\\/index.php\\\/shop\\\/\"},{\"@type\":\"ListItem\",\"position\":3,\"name\":\"Guerra Espiritual En La Vida Del Creyente \u2013 Charles Spurgeon\"}]},{\"@type\":\"WebSite\",\"@id\":\"https:\\\/\\\/tzionlibreria.com\\\/#website\",\"url\":\"https:\\\/\\\/tzionlibreria.com\\\/\",\"name\":\"tzionlibreria.com\",\"description\":\"Libreria Cristiana Venezuela\",\"publisher\":{\"@id\":\"https:\\\/\\\/tzionlibreria.com\\\/#organization\"},\"potentialAction\":[{\"@type\":\"SearchAction\",\"target\":{\"@type\":\"EntryPoint\",\"urlTemplate\":\"https:\\\/\\\/tzionlibreria.com\\\/?s={search_term_string}\"},\"query-input\":{\"@type\":\"PropertyValueSpecification\",\"valueRequired\":true,\"valueName\":\"search_term_string\"}}],\"inLanguage\":\"es-CO\"},{\"@type\":\"Organization\",\"@id\":\"https:\\\/\\\/tzionlibreria.com\\\/#organization\",\"name\":\"tzionlibreria.com\",\"url\":\"https:\\\/\\\/tzionlibreria.com\\\/\",\"logo\":{\"@type\":\"ImageObject\",\"inLanguage\":\"es-CO\",\"@id\":\"https:\\\/\\\/tzionlibreria.com\\\/#\\\/schema\\\/logo\\\/image\\\/\",\"url\":\"https:\\\/\\\/tzionlibreria.com\\\/wp-content\\\/uploads\\\/2023\\\/10\\\/cropped-Cuadricula-scaled-1.jpg\",\"contentUrl\":\"https:\\\/\\\/tzionlibreria.com\\\/wp-content\\\/uploads\\\/2023\\\/10\\\/cropped-Cuadricula-scaled-1.jpg\",\"width\":2560,\"height\":2560,\"caption\":\"tzionlibreria.com\"},\"image\":{\"@id\":\"https:\\\/\\\/tzionlibreria.com\\\/#\\\/schema\\\/logo\\\/image\\\/\"}}]}<\/script>\n<!-- \/ Yoast SEO plugin. -->","yoast_head_json":{"title":"Guerra Espiritual En La Vida Del Creyente \u2013 Charles Spurgeon - tzionlibreria.com","robots":{"index":"index","follow":"follow","max-snippet":"max-snippet:-1","max-image-preview":"max-image-preview:large","max-video-preview":"max-video-preview:-1"},"canonical":"https:\/\/tzionlibreria.com\/index.php\/product\/guerra-espiritual-en-la-vida-del-creyente-charles-spurgeon\/","og_locale":"es_ES","og_type":"article","og_title":"Guerra Espiritual En La Vida Del Creyente \u2013 Charles Spurgeon - tzionlibreria.com","og_description":"-Mucho antes de que existiesen las mega-iglesias, casi 6.000 personas abarrotaban cada servicio religioso para escuchar a Charles Spurgeon. Descubra por qu\u00e9 sus predicaciones magistrales asombraron a su tiempo. -Durante los notables treinta y ocho a\u00f1os de ministerio que despleg\u00f3 Charles Spurgeon en la ciudad de Londres, en el siglo XIX, ning\u00fan edificio parec\u00eda lo [&hellip;]","og_url":"https:\/\/tzionlibreria.com\/index.php\/product\/guerra-espiritual-en-la-vida-del-creyente-charles-spurgeon\/","og_site_name":"tzionlibreria.com","article_modified_time":"2024-02-29T16:35:22+00:00","og_image":[{"width":1200,"height":1200,"url":"http:\/\/tzionlibreria.com\/wp-content\/uploads\/2023\/11\/Guerra-Espiritual-del-Creyente.jpg","type":"image\/jpeg"}],"twitter_card":"summary_large_image","twitter_misc":{"Tiempo de lectura":"2 minutos"},"schema":{"@context":"https:\/\/schema.org","@graph":[{"@type":"WebPage","@id":"https:\/\/tzionlibreria.com\/index.php\/product\/guerra-espiritual-en-la-vida-del-creyente-charles-spurgeon\/","url":"https:\/\/tzionlibreria.com\/index.php\/product\/guerra-espiritual-en-la-vida-del-creyente-charles-spurgeon\/","name":"Guerra Espiritual En La Vida Del Creyente \u2013 Charles Spurgeon - tzionlibreria.com","isPartOf":{"@id":"https:\/\/tzionlibreria.com\/#website"},"primaryImageOfPage":{"@id":"https:\/\/tzionlibreria.com\/index.php\/product\/guerra-espiritual-en-la-vida-del-creyente-charles-spurgeon\/#primaryimage"},"image":{"@id":"https:\/\/tzionlibreria.com\/index.php\/product\/guerra-espiritual-en-la-vida-del-creyente-charles-spurgeon\/#primaryimage"},"thumbnailUrl":"https:\/\/tzionlibreria.com\/wp-content\/uploads\/2023\/11\/Guerra-Espiritual-del-Creyente.jpg","datePublished":"2023-11-19T22:14:29+00:00","dateModified":"2024-02-29T16:35:22+00:00","breadcrumb":{"@id":"https:\/\/tzionlibreria.com\/index.php\/product\/guerra-espiritual-en-la-vida-del-creyente-charles-spurgeon\/#breadcrumb"},"inLanguage":"es-CO","potentialAction":[{"@type":"ReadAction","target":["https:\/\/tzionlibreria.com\/index.php\/product\/guerra-espiritual-en-la-vida-del-creyente-charles-spurgeon\/"]}]},{"@type":"ImageObject","inLanguage":"es-CO","@id":"https:\/\/tzionlibreria.com\/index.php\/product\/guerra-espiritual-en-la-vida-del-creyente-charles-spurgeon\/#primaryimage","url":"https:\/\/tzionlibreria.com\/wp-content\/uploads\/2023\/11\/Guerra-Espiritual-del-Creyente.jpg","contentUrl":"https:\/\/tzionlibreria.com\/wp-content\/uploads\/2023\/11\/Guerra-Espiritual-del-Creyente.jpg","width":1200,"height":1200},{"@type":"BreadcrumbList","@id":"https:\/\/tzionlibreria.com\/index.php\/product\/guerra-espiritual-en-la-vida-del-creyente-charles-spurgeon\/#breadcrumb","itemListElement":[{"@type":"ListItem","position":1,"name":"Inicio","item":"https:\/\/tzionlibreria.com\/"},{"@type":"ListItem","position":2,"name":"Shop","item":"https:\/\/tzionlibreria.com\/index.php\/shop\/"},{"@type":"ListItem","position":3,"name":"Guerra Espiritual En La Vida Del Creyente \u2013 Charles Spurgeon"}]},{"@type":"WebSite","@id":"https:\/\/tzionlibreria.com\/#website","url":"https:\/\/tzionlibreria.com\/","name":"tzionlibreria.com","description":"Libreria Cristiana Venezuela","publisher":{"@id":"https:\/\/tzionlibreria.com\/#organization"},"potentialAction":[{"@type":"SearchAction","target":{"@type":"EntryPoint","urlTemplate":"https:\/\/tzionlibreria.com\/?s={search_term_string}"},"query-input":{"@type":"PropertyValueSpecification","valueRequired":true,"valueName":"search_term_string"}}],"inLanguage":"es-CO"},{"@type":"Organization","@id":"https:\/\/tzionlibreria.com\/#organization","name":"tzionlibreria.com","url":"https:\/\/tzionlibreria.com\/","logo":{"@type":"ImageObject","inLanguage":"es-CO","@id":"https:\/\/tzionlibreria.com\/#\/schema\/logo\/image\/","url":"https:\/\/tzionlibreria.com\/wp-content\/uploads\/2023\/10\/cropped-Cuadricula-scaled-1.jpg","contentUrl":"https:\/\/tzionlibreria.com\/wp-content\/uploads\/2023\/10\/cropped-Cuadricula-scaled-1.jpg","width":2560,"height":2560,"caption":"tzionlibreria.com"},"image":{"@id":"https:\/\/tzionlibreria.com\/#\/schema\/logo\/image\/"}}]}},"jetpack_sharing_enabled":true,"_links":{"self":[{"href":"https:\/\/tzionlibreria.com\/index.php\/wp-json\/wp\/v2\/product\/1629","targetHints":{"allow":["GET"]}}],"collection":[{"href":"https:\/\/tzionlibreria.com\/index.php\/wp-json\/wp\/v2\/product"}],"about":[{"href":"https:\/\/tzionlibreria.com\/index.php\/wp-json\/wp\/v2\/types\/product"}],"replies":[{"embeddable":true,"href":"https:\/\/tzionlibreria.com\/index.php\/wp-json\/wp\/v2\/comments?post=1629"}],"wp:featuredmedia":[{"embeddable":true,"href":"https:\/\/tzionlibreria.com\/index.php\/wp-json\/wp\/v2\/media\/1630"}],"wp:attachment":[{"href":"https:\/\/tzionlibreria.com\/index.php\/wp-json\/wp\/v2\/media?parent=1629"}],"wp:term":[{"taxonomy":"product_brand","embeddable":true,"href":"https:\/\/tzionlibreria.com\/index.php\/wp-json\/wp\/v2\/product_brand?post=1629"},{"taxonomy":"product_cat","embeddable":true,"href":"https:\/\/tzionlibreria.com\/index.php\/wp-json\/wp\/v2\/product_cat?post=1629"},{"taxonomy":"product_tag","embeddable":true,"href":"https:\/\/tzionlibreria.com\/index.php\/wp-json\/wp\/v2\/product_tag?post=1629"}],"curies":[{"name":"wp","href":"https:\/\/api.w.org\/{rel}","templated":true}]}}