{"id":1640,"date":"2023-11-21T16:07:15","date_gmt":"2023-11-21T16:07:15","guid":{"rendered":"https:\/\/tzionlibreria.com\/?post_type=product&#038;p=1640"},"modified":"2024-02-29T16:34:02","modified_gmt":"2024-02-29T16:34:02","slug":"diccionario-de-bolsillo-de-denominaciones-norteamericanas","status":"publish","type":"product","link":"https:\/\/tzionlibreria.com\/index.php\/product\/diccionario-de-bolsillo-de-denominaciones-norteamericanas\/","title":{"rendered":"Diccionario de Bolsillo de Denominaciones Norteamericanas"},"content":{"rendered":"<p>Tal parece que las denominaciones no tienen fin o as\u00ed parece en Norteam\u00e9rica. Bautistas, luteranos, metodistas y presbiterianos, \u00bfc\u00f3mo uno est\u00e1 al tanto de todos ellos? \u00bfCu\u00e1les son sus diferencias? \u00bfHay similitudes? \u00bfD\u00f3nde est\u00e1n en el \u00e1rbol geneal\u00f3gico cristiano? El Diccionario de Bolsillo de Denominaciones Norteamericanas est\u00e1 dise\u00f1ado como una gu\u00eda de referencia r\u00e1pida a los grupos eclesiales ortodoxos y no tan ortodoxos en los Estados Unidos y el Canad\u00e1.<\/p>\n<p>&nbsp;<\/p>\n<p><strong>ISBN<\/strong>: 9780789914941<br \/>\n<strong>Dimensiones<\/strong>: 11 x 18 cm<br \/>\n<strong>Peso<\/strong>: 0,150kg<br \/>\n<strong>Cubierta<\/strong>: R\u00fastica<br \/>\n<strong>N\u00famero de p\u00e1ginas<\/strong>: 192<br \/>\n<strong>Idioma<\/strong>: Espa\u00f1ol<\/p>\n","protected":false},"excerpt":{"rendered":"<p>Tal parece que las denominaciones no tienen fin o as\u00ed parece en Norteam\u00e9rica. Bautistas, luteranos, metodistas y presbiterianos, \u00bfc\u00f3mo uno est\u00e1 al tanto de todos ellos? \u00bfCu\u00e1les son sus diferencias? \u00bfHay similitudes? \u00bfD\u00f3nde est\u00e1n en el \u00e1rbol geneal\u00f3gico cristiano? El Diccionario de Bolsillo de Denominaciones Norteamericanas est\u00e1 dise\u00f1ado como una gu\u00eda de referencia r\u00e1pida a [&hellip;]<\/p>\n","protected":false},"featured_media":1641,"comment_status":"open","ping_status":"closed","template":"","meta":{"om_disable_all_campaigns":false,"_monsterinsights_skip_tracking":false,"_monsterinsights_sitenote_active":false,"_monsterinsights_sitenote_note":"","_monsterinsights_sitenote_category":0,"site-sidebar-layout":"default","site-content-layout":"","ast-site-content-layout":"default","site-content-style":"default","site-sidebar-style":"default","ast-global-header-display":"","ast-banner-title-visibility":"","ast-main-header-display":"","ast-hfb-above-header-display":"","ast-hfb-below-header-display":"","ast-hfb-mobile-header-display":"","site-post-title":"","ast-breadcrumbs-content":"","ast-featured-img":"","footer-sml-layout":"","ast-disable-related-posts":"","theme-transparent-header-meta":"default","adv-header-id-meta":"","stick-header-meta":"","header-above-stick-meta":"","header-main-stick-meta":"","header-below-stick-meta":"","astra-migrate-meta-layouts":"set","ast-page-background-enabled":"default","ast-page-background-meta":{"desktop":{"background-color":"var(--ast-global-color-4)","background-image":"","background-repeat":"repeat","background-position":"center center","background-size":"auto","background-attachment":"scroll","background-type":"","background-media":"","overlay-type":"","overlay-color":"","overlay-opacity":"","overlay-gradient":""},"tablet":{"background-color":"","background-image":"","background-repeat":"repeat","background-position":"center center","background-size":"auto","background-attachment":"scroll","background-type":"","background-media":"","overlay-type":"","overlay-color":"","overlay-opacity":"","overlay-gradient":""},"mobile":{"background-color":"","background-image":"","background-repeat":"repeat","background-position":"center center","background-size":"auto","background-attachment":"scroll","background-type":"","background-media":"","overlay-type":"","overlay-color":"","overlay-opacity":"","overlay-gradient":""}},"ast-content-background-meta":{"desktop":{"background-color":"var(--ast-global-color-5)","background-image":"","background-repeat":"repeat","background-position":"center center","background-size":"auto","background-attachment":"scroll","background-type":"","background-media":"","overlay-type":"","overlay-color":"","overlay-opacity":"","overlay-gradient":""},"tablet":{"background-color":"var(--ast-global-color-5)","background-image":"","background-repeat":"repeat","background-position":"center center","background-size":"auto","background-attachment":"scroll","background-type":"","background-media":"","overlay-type":"","overlay-color":"","overlay-opacity":"","overlay-gradient":""},"mobile":{"background-color":"var(--ast-global-color-5)","background-image":"","background-repeat":"repeat","background-position":"center center","background-size":"auto","background-attachment":"scroll","background-type":"","background-media":"","overlay-type":"","overlay-color":"","overlay-opacity":"","overlay-gradient":""}}},"product_brand":[],"product_cat":[40,26],"product_tag":[],"class_list":{"0":"post-1640","1":"product","2":"type-product","3":"status-publish","4":"has-post-thumbnail","6":"product_cat-diccionarios","7":"product_cat-teologia","8":"desktop-align-left","9":"tablet-align-left","10":"mobile-align-left","12":"first","13":"instock","14":"shipping-taxable","15":"purchasable","16":"product-type-simple"},"yoast_head":"<!-- This site is optimized with the Yoast SEO plugin v27.4 - https:\/\/yoast.com\/product\/yoast-seo-wordpress\/ -->\n<title>Diccionario de Bolsillo de Denominaciones Norteamericanas - tzionlibreria.com<\/title>\n<meta name=\"robots\" content=\"index, follow, max-snippet:-1, max-image-preview:large, max-video-preview:-1\" \/>\n<link rel=\"canonical\" href=\"https:\/\/tzionlibreria.com\/index.php\/product\/diccionario-de-bolsillo-de-denominaciones-norteamericanas\/\" \/>\n<meta property=\"og:locale\" content=\"es_ES\" \/>\n<meta property=\"og:type\" content=\"article\" \/>\n<meta property=\"og:title\" content=\"Diccionario de Bolsillo de Denominaciones Norteamericanas - tzionlibreria.com\" \/>\n<meta property=\"og:description\" content=\"Tal parece que las denominaciones no tienen fin o as\u00ed parece en Norteam\u00e9rica. Bautistas, luteranos, metodistas y presbiterianos, \u00bfc\u00f3mo uno est\u00e1 al tanto de todos ellos? \u00bfCu\u00e1les son sus diferencias? \u00bfHay similitudes? \u00bfD\u00f3nde est\u00e1n en el \u00e1rbol geneal\u00f3gico cristiano? El Diccionario de Bolsillo de Denominaciones Norteamericanas est\u00e1 dise\u00f1ado como una gu\u00eda de referencia r\u00e1pida a [&hellip;]\" \/>\n<meta property=\"og:url\" content=\"https:\/\/tzionlibreria.com\/index.php\/product\/diccionario-de-bolsillo-de-denominaciones-norteamericanas\/\" \/>\n<meta property=\"og:site_name\" content=\"tzionlibreria.com\" \/>\n<meta property=\"article:modified_time\" content=\"2024-02-29T16:34:02+00:00\" \/>\n<meta property=\"og:image\" content=\"http:\/\/tzionlibreria.com\/wp-content\/uploads\/2023\/11\/bolsillo.jpg\" \/>\n\t<meta property=\"og:image:width\" content=\"1200\" \/>\n\t<meta property=\"og:image:height\" content=\"1200\" \/>\n\t<meta property=\"og:image:type\" content=\"image\/jpeg\" \/>\n<meta name=\"twitter:card\" content=\"summary_large_image\" \/>\n<meta name=\"twitter:label1\" content=\"Tiempo de lectura\" \/>\n\t<meta name=\"twitter:data1\" content=\"1 minuto\" \/>\n<script type=\"application\/ld+json\" class=\"yoast-schema-graph\">{\"@context\":\"https:\\\/\\\/schema.org\",\"@graph\":[{\"@type\":\"WebPage\",\"@id\":\"https:\\\/\\\/tzionlibreria.com\\\/index.php\\\/product\\\/diccionario-de-bolsillo-de-denominaciones-norteamericanas\\\/\",\"url\":\"https:\\\/\\\/tzionlibreria.com\\\/index.php\\\/product\\\/diccionario-de-bolsillo-de-denominaciones-norteamericanas\\\/\",\"name\":\"Diccionario de Bolsillo de Denominaciones Norteamericanas - tzionlibreria.com\",\"isPartOf\":{\"@id\":\"https:\\\/\\\/tzionlibreria.com\\\/#website\"},\"primaryImageOfPage\":{\"@id\":\"https:\\\/\\\/tzionlibreria.com\\\/index.php\\\/product\\\/diccionario-de-bolsillo-de-denominaciones-norteamericanas\\\/#primaryimage\"},\"image\":{\"@id\":\"https:\\\/\\\/tzionlibreria.com\\\/index.php\\\/product\\\/diccionario-de-bolsillo-de-denominaciones-norteamericanas\\\/#primaryimage\"},\"thumbnailUrl\":\"https:\\\/\\\/tzionlibreria.com\\\/wp-content\\\/uploads\\\/2023\\\/11\\\/bolsillo.jpg\",\"datePublished\":\"2023-11-21T16:07:15+00:00\",\"dateModified\":\"2024-02-29T16:34:02+00:00\",\"breadcrumb\":{\"@id\":\"https:\\\/\\\/tzionlibreria.com\\\/index.php\\\/product\\\/diccionario-de-bolsillo-de-denominaciones-norteamericanas\\\/#breadcrumb\"},\"inLanguage\":\"es-CO\",\"potentialAction\":[{\"@type\":\"ReadAction\",\"target\":[\"https:\\\/\\\/tzionlibreria.com\\\/index.php\\\/product\\\/diccionario-de-bolsillo-de-denominaciones-norteamericanas\\\/\"]}]},{\"@type\":\"ImageObject\",\"inLanguage\":\"es-CO\",\"@id\":\"https:\\\/\\\/tzionlibreria.com\\\/index.php\\\/product\\\/diccionario-de-bolsillo-de-denominaciones-norteamericanas\\\/#primaryimage\",\"url\":\"https:\\\/\\\/tzionlibreria.com\\\/wp-content\\\/uploads\\\/2023\\\/11\\\/bolsillo.jpg\",\"contentUrl\":\"https:\\\/\\\/tzionlibreria.com\\\/wp-content\\\/uploads\\\/2023\\\/11\\\/bolsillo.jpg\",\"width\":1200,\"height\":1200},{\"@type\":\"BreadcrumbList\",\"@id\":\"https:\\\/\\\/tzionlibreria.com\\\/index.php\\\/product\\\/diccionario-de-bolsillo-de-denominaciones-norteamericanas\\\/#breadcrumb\",\"itemListElement\":[{\"@type\":\"ListItem\",\"position\":1,\"name\":\"Inicio\",\"item\":\"https:\\\/\\\/tzionlibreria.com\\\/\"},{\"@type\":\"ListItem\",\"position\":2,\"name\":\"Shop\",\"item\":\"https:\\\/\\\/tzionlibreria.com\\\/index.php\\\/shop\\\/\"},{\"@type\":\"ListItem\",\"position\":3,\"name\":\"Diccionario de Bolsillo de Denominaciones Norteamericanas\"}]},{\"@type\":\"WebSite\",\"@id\":\"https:\\\/\\\/tzionlibreria.com\\\/#website\",\"url\":\"https:\\\/\\\/tzionlibreria.com\\\/\",\"name\":\"tzionlibreria.com\",\"description\":\"Libreria Cristiana Venezuela\",\"publisher\":{\"@id\":\"https:\\\/\\\/tzionlibreria.com\\\/#organization\"},\"potentialAction\":[{\"@type\":\"SearchAction\",\"target\":{\"@type\":\"EntryPoint\",\"urlTemplate\":\"https:\\\/\\\/tzionlibreria.com\\\/?s={search_term_string}\"},\"query-input\":{\"@type\":\"PropertyValueSpecification\",\"valueRequired\":true,\"valueName\":\"search_term_string\"}}],\"inLanguage\":\"es-CO\"},{\"@type\":\"Organization\",\"@id\":\"https:\\\/\\\/tzionlibreria.com\\\/#organization\",\"name\":\"tzionlibreria.com\",\"url\":\"https:\\\/\\\/tzionlibreria.com\\\/\",\"logo\":{\"@type\":\"ImageObject\",\"inLanguage\":\"es-CO\",\"@id\":\"https:\\\/\\\/tzionlibreria.com\\\/#\\\/schema\\\/logo\\\/image\\\/\",\"url\":\"https:\\\/\\\/tzionlibreria.com\\\/wp-content\\\/uploads\\\/2023\\\/10\\\/cropped-Cuadricula-scaled-1.jpg\",\"contentUrl\":\"https:\\\/\\\/tzionlibreria.com\\\/wp-content\\\/uploads\\\/2023\\\/10\\\/cropped-Cuadricula-scaled-1.jpg\",\"width\":2560,\"height\":2560,\"caption\":\"tzionlibreria.com\"},\"image\":{\"@id\":\"https:\\\/\\\/tzionlibreria.com\\\/#\\\/schema\\\/logo\\\/image\\\/\"}}]}<\/script>\n<!-- \/ Yoast SEO plugin. -->","yoast_head_json":{"title":"Diccionario de Bolsillo de Denominaciones Norteamericanas - tzionlibreria.com","robots":{"index":"index","follow":"follow","max-snippet":"max-snippet:-1","max-image-preview":"max-image-preview:large","max-video-preview":"max-video-preview:-1"},"canonical":"https:\/\/tzionlibreria.com\/index.php\/product\/diccionario-de-bolsillo-de-denominaciones-norteamericanas\/","og_locale":"es_ES","og_type":"article","og_title":"Diccionario de Bolsillo de Denominaciones Norteamericanas - tzionlibreria.com","og_description":"Tal parece que las denominaciones no tienen fin o as\u00ed parece en Norteam\u00e9rica. Bautistas, luteranos, metodistas y presbiterianos, \u00bfc\u00f3mo uno est\u00e1 al tanto de todos ellos? \u00bfCu\u00e1les son sus diferencias? \u00bfHay similitudes? \u00bfD\u00f3nde est\u00e1n en el \u00e1rbol geneal\u00f3gico cristiano? El Diccionario de Bolsillo de Denominaciones Norteamericanas est\u00e1 dise\u00f1ado como una gu\u00eda de referencia r\u00e1pida a [&hellip;]","og_url":"https:\/\/tzionlibreria.com\/index.php\/product\/diccionario-de-bolsillo-de-denominaciones-norteamericanas\/","og_site_name":"tzionlibreria.com","article_modified_time":"2024-02-29T16:34:02+00:00","og_image":[{"width":1200,"height":1200,"url":"http:\/\/tzionlibreria.com\/wp-content\/uploads\/2023\/11\/bolsillo.jpg","type":"image\/jpeg"}],"twitter_card":"summary_large_image","twitter_misc":{"Tiempo de lectura":"1 minuto"},"schema":{"@context":"https:\/\/schema.org","@graph":[{"@type":"WebPage","@id":"https:\/\/tzionlibreria.com\/index.php\/product\/diccionario-de-bolsillo-de-denominaciones-norteamericanas\/","url":"https:\/\/tzionlibreria.com\/index.php\/product\/diccionario-de-bolsillo-de-denominaciones-norteamericanas\/","name":"Diccionario de Bolsillo de Denominaciones Norteamericanas - tzionlibreria.com","isPartOf":{"@id":"https:\/\/tzionlibreria.com\/#website"},"primaryImageOfPage":{"@id":"https:\/\/tzionlibreria.com\/index.php\/product\/diccionario-de-bolsillo-de-denominaciones-norteamericanas\/#primaryimage"},"image":{"@id":"https:\/\/tzionlibreria.com\/index.php\/product\/diccionario-de-bolsillo-de-denominaciones-norteamericanas\/#primaryimage"},"thumbnailUrl":"https:\/\/tzionlibreria.com\/wp-content\/uploads\/2023\/11\/bolsillo.jpg","datePublished":"2023-11-21T16:07:15+00:00","dateModified":"2024-02-29T16:34:02+00:00","breadcrumb":{"@id":"https:\/\/tzionlibreria.com\/index.php\/product\/diccionario-de-bolsillo-de-denominaciones-norteamericanas\/#breadcrumb"},"inLanguage":"es-CO","potentialAction":[{"@type":"ReadAction","target":["https:\/\/tzionlibreria.com\/index.php\/product\/diccionario-de-bolsillo-de-denominaciones-norteamericanas\/"]}]},{"@type":"ImageObject","inLanguage":"es-CO","@id":"https:\/\/tzionlibreria.com\/index.php\/product\/diccionario-de-bolsillo-de-denominaciones-norteamericanas\/#primaryimage","url":"https:\/\/tzionlibreria.com\/wp-content\/uploads\/2023\/11\/bolsillo.jpg","contentUrl":"https:\/\/tzionlibreria.com\/wp-content\/uploads\/2023\/11\/bolsillo.jpg","width":1200,"height":1200},{"@type":"BreadcrumbList","@id":"https:\/\/tzionlibreria.com\/index.php\/product\/diccionario-de-bolsillo-de-denominaciones-norteamericanas\/#breadcrumb","itemListElement":[{"@type":"ListItem","position":1,"name":"Inicio","item":"https:\/\/tzionlibreria.com\/"},{"@type":"ListItem","position":2,"name":"Shop","item":"https:\/\/tzionlibreria.com\/index.php\/shop\/"},{"@type":"ListItem","position":3,"name":"Diccionario de Bolsillo de Denominaciones Norteamericanas"}]},{"@type":"WebSite","@id":"https:\/\/tzionlibreria.com\/#website","url":"https:\/\/tzionlibreria.com\/","name":"tzionlibreria.com","description":"Libreria Cristiana Venezuela","publisher":{"@id":"https:\/\/tzionlibreria.com\/#organization"},"potentialAction":[{"@type":"SearchAction","target":{"@type":"EntryPoint","urlTemplate":"https:\/\/tzionlibreria.com\/?s={search_term_string}"},"query-input":{"@type":"PropertyValueSpecification","valueRequired":true,"valueName":"search_term_string"}}],"inLanguage":"es-CO"},{"@type":"Organization","@id":"https:\/\/tzionlibreria.com\/#organization","name":"tzionlibreria.com","url":"https:\/\/tzionlibreria.com\/","logo":{"@type":"ImageObject","inLanguage":"es-CO","@id":"https:\/\/tzionlibreria.com\/#\/schema\/logo\/image\/","url":"https:\/\/tzionlibreria.com\/wp-content\/uploads\/2023\/10\/cropped-Cuadricula-scaled-1.jpg","contentUrl":"https:\/\/tzionlibreria.com\/wp-content\/uploads\/2023\/10\/cropped-Cuadricula-scaled-1.jpg","width":2560,"height":2560,"caption":"tzionlibreria.com"},"image":{"@id":"https:\/\/tzionlibreria.com\/#\/schema\/logo\/image\/"}}]}},"jetpack_sharing_enabled":true,"_links":{"self":[{"href":"https:\/\/tzionlibreria.com\/index.php\/wp-json\/wp\/v2\/product\/1640","targetHints":{"allow":["GET"]}}],"collection":[{"href":"https:\/\/tzionlibreria.com\/index.php\/wp-json\/wp\/v2\/product"}],"about":[{"href":"https:\/\/tzionlibreria.com\/index.php\/wp-json\/wp\/v2\/types\/product"}],"replies":[{"embeddable":true,"href":"https:\/\/tzionlibreria.com\/index.php\/wp-json\/wp\/v2\/comments?post=1640"}],"wp:featuredmedia":[{"embeddable":true,"href":"https:\/\/tzionlibreria.com\/index.php\/wp-json\/wp\/v2\/media\/1641"}],"wp:attachment":[{"href":"https:\/\/tzionlibreria.com\/index.php\/wp-json\/wp\/v2\/media?parent=1640"}],"wp:term":[{"taxonomy":"product_brand","embeddable":true,"href":"https:\/\/tzionlibreria.com\/index.php\/wp-json\/wp\/v2\/product_brand?post=1640"},{"taxonomy":"product_cat","embeddable":true,"href":"https:\/\/tzionlibreria.com\/index.php\/wp-json\/wp\/v2\/product_cat?post=1640"},{"taxonomy":"product_tag","embeddable":true,"href":"https:\/\/tzionlibreria.com\/index.php\/wp-json\/wp\/v2\/product_tag?post=1640"}],"curies":[{"name":"wp","href":"https:\/\/api.w.org\/{rel}","templated":true}]}}