{"id":1642,"date":"2023-11-21T16:08:29","date_gmt":"2023-11-21T16:08:29","guid":{"rendered":"https:\/\/tzionlibreria.com\/?post_type=product&#038;p=1642"},"modified":"2024-02-29T16:33:54","modified_gmt":"2024-02-29T16:33:54","slug":"diccionario-ilustrado-de-interpretes-de-la-fe-justo-gonzalez","status":"publish","type":"product","link":"https:\/\/tzionlibreria.com\/index.php\/product\/diccionario-ilustrado-de-interpretes-de-la-fe-justo-gonzalez\/","title":{"rendered":"Diccionario ilustrado de int\u00e9rpretes de la fe &#8211; Justo Gonzalez"},"content":{"rendered":"<p>Diccionario escrito para ser utilizado en todos los niveles del estudio de la teolog\u00eda. El Editor General Dr. Justo Gonz\u00e1lez, junto con un equipo de 6 Editores Asociados, ha trabajado con m\u00e1s de 60 profesores de teolog\u00eda de las escuelas de teolog\u00eda m\u00e1s conocidas de Am\u00e9rica.<\/p>\n<div><\/div>\n<div>Si bien no es exhaustivo, saca a la luz la vida, el pensamiento y la obra de cerca de 2000 personas que han contribuido al desarrollo del pensamiento teol\u00f3gico de una forma u otra. Cubre a los representantes asi\u00e1ticos, africanos y latinoamericanos, as\u00ed como a los hispanos que residen en los Estados Unidos.<\/div>\n<div><\/div>\n<div><strong>ISBN<\/strong>: 9788482673742<br \/>\n<strong>Dimensiones<\/strong>: 15 x 23 cm<br \/>\n<strong>Cubierta<\/strong>: Tapa Dura<br \/>\n<strong>N\u00famero de p\u00e1ginas<\/strong>: 496<br \/>\n<strong>Fecha de lanzamiento<\/strong>: 28.04.2004<br \/>\n<strong>Idioma<\/strong>: Espa\u00f1ol<\/div>\n","protected":false},"excerpt":{"rendered":"<p>Diccionario escrito para ser utilizado en todos los niveles del estudio de la teolog\u00eda. El Editor General Dr. Justo Gonz\u00e1lez, junto con un equipo de 6 Editores Asociados, ha trabajado con m\u00e1s de 60 profesores de teolog\u00eda de las escuelas de teolog\u00eda m\u00e1s conocidas de Am\u00e9rica. Si bien no es exhaustivo, saca a la luz [&hellip;]<\/p>\n","protected":false},"featured_media":1643,"comment_status":"open","ping_status":"closed","template":"","meta":{"om_disable_all_campaigns":false,"_monsterinsights_skip_tracking":false,"_monsterinsights_sitenote_active":false,"_monsterinsights_sitenote_note":"","_monsterinsights_sitenote_category":0,"site-sidebar-layout":"default","site-content-layout":"","ast-site-content-layout":"default","site-content-style":"default","site-sidebar-style":"default","ast-global-header-display":"","ast-banner-title-visibility":"","ast-main-header-display":"","ast-hfb-above-header-display":"","ast-hfb-below-header-display":"","ast-hfb-mobile-header-display":"","site-post-title":"","ast-breadcrumbs-content":"","ast-featured-img":"","footer-sml-layout":"","ast-disable-related-posts":"","theme-transparent-header-meta":"default","adv-header-id-meta":"","stick-header-meta":"","header-above-stick-meta":"","header-main-stick-meta":"","header-below-stick-meta":"","astra-migrate-meta-layouts":"set","ast-page-background-enabled":"default","ast-page-background-meta":{"desktop":{"background-color":"var(--ast-global-color-4)","background-image":"","background-repeat":"repeat","background-position":"center center","background-size":"auto","background-attachment":"scroll","background-type":"","background-media":"","overlay-type":"","overlay-color":"","overlay-opacity":"","overlay-gradient":""},"tablet":{"background-color":"","background-image":"","background-repeat":"repeat","background-position":"center center","background-size":"auto","background-attachment":"scroll","background-type":"","background-media":"","overlay-type":"","overlay-color":"","overlay-opacity":"","overlay-gradient":""},"mobile":{"background-color":"","background-image":"","background-repeat":"repeat","background-position":"center center","background-size":"auto","background-attachment":"scroll","background-type":"","background-media":"","overlay-type":"","overlay-color":"","overlay-opacity":"","overlay-gradient":""}},"ast-content-background-meta":{"desktop":{"background-color":"var(--ast-global-color-5)","background-image":"","background-repeat":"repeat","background-position":"center center","background-size":"auto","background-attachment":"scroll","background-type":"","background-media":"","overlay-type":"","overlay-color":"","overlay-opacity":"","overlay-gradient":""},"tablet":{"background-color":"var(--ast-global-color-5)","background-image":"","background-repeat":"repeat","background-position":"center center","background-size":"auto","background-attachment":"scroll","background-type":"","background-media":"","overlay-type":"","overlay-color":"","overlay-opacity":"","overlay-gradient":""},"mobile":{"background-color":"var(--ast-global-color-5)","background-image":"","background-repeat":"repeat","background-position":"center center","background-size":"auto","background-attachment":"scroll","background-type":"","background-media":"","overlay-type":"","overlay-color":"","overlay-opacity":"","overlay-gradient":""}}},"product_brand":[],"product_cat":[40,26],"product_tag":[],"class_list":{"0":"post-1642","1":"product","2":"type-product","3":"status-publish","4":"has-post-thumbnail","6":"product_cat-diccionarios","7":"product_cat-teologia","8":"desktop-align-left","9":"tablet-align-left","10":"mobile-align-left","12":"first","13":"instock","14":"shipping-taxable","15":"purchasable","16":"product-type-simple"},"yoast_head":"<!-- This site is optimized with the Yoast SEO plugin v27.4 - https:\/\/yoast.com\/product\/yoast-seo-wordpress\/ -->\n<title>Diccionario ilustrado de int\u00e9rpretes de la fe - Justo Gonzalez - tzionlibreria.com<\/title>\n<meta name=\"robots\" content=\"index, follow, max-snippet:-1, max-image-preview:large, max-video-preview:-1\" \/>\n<link rel=\"canonical\" href=\"https:\/\/tzionlibreria.com\/index.php\/product\/diccionario-ilustrado-de-interpretes-de-la-fe-justo-gonzalez\/\" \/>\n<meta property=\"og:locale\" content=\"es_ES\" \/>\n<meta property=\"og:type\" content=\"article\" \/>\n<meta property=\"og:title\" content=\"Diccionario ilustrado de int\u00e9rpretes de la fe - Justo Gonzalez - tzionlibreria.com\" \/>\n<meta property=\"og:description\" content=\"Diccionario escrito para ser utilizado en todos los niveles del estudio de la teolog\u00eda. El Editor General Dr. Justo Gonz\u00e1lez, junto con un equipo de 6 Editores Asociados, ha trabajado con m\u00e1s de 60 profesores de teolog\u00eda de las escuelas de teolog\u00eda m\u00e1s conocidas de Am\u00e9rica. Si bien no es exhaustivo, saca a la luz [&hellip;]\" \/>\n<meta property=\"og:url\" content=\"https:\/\/tzionlibreria.com\/index.php\/product\/diccionario-ilustrado-de-interpretes-de-la-fe-justo-gonzalez\/\" \/>\n<meta property=\"og:site_name\" content=\"tzionlibreria.com\" \/>\n<meta property=\"article:modified_time\" content=\"2024-02-29T16:33:54+00:00\" \/>\n<meta property=\"og:image\" content=\"http:\/\/tzionlibreria.com\/wp-content\/uploads\/2023\/11\/ilusrtad.jpg\" \/>\n\t<meta property=\"og:image:width\" content=\"1200\" \/>\n\t<meta property=\"og:image:height\" content=\"1200\" \/>\n\t<meta property=\"og:image:type\" content=\"image\/jpeg\" \/>\n<meta name=\"twitter:card\" content=\"summary_large_image\" \/>\n<meta name=\"twitter:label1\" content=\"Tiempo de lectura\" \/>\n\t<meta name=\"twitter:data1\" content=\"1 minuto\" \/>\n<script type=\"application\/ld+json\" class=\"yoast-schema-graph\">{\"@context\":\"https:\\\/\\\/schema.org\",\"@graph\":[{\"@type\":\"WebPage\",\"@id\":\"https:\\\/\\\/tzionlibreria.com\\\/index.php\\\/product\\\/diccionario-ilustrado-de-interpretes-de-la-fe-justo-gonzalez\\\/\",\"url\":\"https:\\\/\\\/tzionlibreria.com\\\/index.php\\\/product\\\/diccionario-ilustrado-de-interpretes-de-la-fe-justo-gonzalez\\\/\",\"name\":\"Diccionario ilustrado de int\u00e9rpretes de la fe - Justo Gonzalez - tzionlibreria.com\",\"isPartOf\":{\"@id\":\"https:\\\/\\\/tzionlibreria.com\\\/#website\"},\"primaryImageOfPage\":{\"@id\":\"https:\\\/\\\/tzionlibreria.com\\\/index.php\\\/product\\\/diccionario-ilustrado-de-interpretes-de-la-fe-justo-gonzalez\\\/#primaryimage\"},\"image\":{\"@id\":\"https:\\\/\\\/tzionlibreria.com\\\/index.php\\\/product\\\/diccionario-ilustrado-de-interpretes-de-la-fe-justo-gonzalez\\\/#primaryimage\"},\"thumbnailUrl\":\"https:\\\/\\\/tzionlibreria.com\\\/wp-content\\\/uploads\\\/2023\\\/11\\\/ilusrtad.jpg\",\"datePublished\":\"2023-11-21T16:08:29+00:00\",\"dateModified\":\"2024-02-29T16:33:54+00:00\",\"breadcrumb\":{\"@id\":\"https:\\\/\\\/tzionlibreria.com\\\/index.php\\\/product\\\/diccionario-ilustrado-de-interpretes-de-la-fe-justo-gonzalez\\\/#breadcrumb\"},\"inLanguage\":\"es-CO\",\"potentialAction\":[{\"@type\":\"ReadAction\",\"target\":[\"https:\\\/\\\/tzionlibreria.com\\\/index.php\\\/product\\\/diccionario-ilustrado-de-interpretes-de-la-fe-justo-gonzalez\\\/\"]}]},{\"@type\":\"ImageObject\",\"inLanguage\":\"es-CO\",\"@id\":\"https:\\\/\\\/tzionlibreria.com\\\/index.php\\\/product\\\/diccionario-ilustrado-de-interpretes-de-la-fe-justo-gonzalez\\\/#primaryimage\",\"url\":\"https:\\\/\\\/tzionlibreria.com\\\/wp-content\\\/uploads\\\/2023\\\/11\\\/ilusrtad.jpg\",\"contentUrl\":\"https:\\\/\\\/tzionlibreria.com\\\/wp-content\\\/uploads\\\/2023\\\/11\\\/ilusrtad.jpg\",\"width\":1200,\"height\":1200},{\"@type\":\"BreadcrumbList\",\"@id\":\"https:\\\/\\\/tzionlibreria.com\\\/index.php\\\/product\\\/diccionario-ilustrado-de-interpretes-de-la-fe-justo-gonzalez\\\/#breadcrumb\",\"itemListElement\":[{\"@type\":\"ListItem\",\"position\":1,\"name\":\"Inicio\",\"item\":\"https:\\\/\\\/tzionlibreria.com\\\/\"},{\"@type\":\"ListItem\",\"position\":2,\"name\":\"Shop\",\"item\":\"https:\\\/\\\/tzionlibreria.com\\\/index.php\\\/shop\\\/\"},{\"@type\":\"ListItem\",\"position\":3,\"name\":\"Diccionario ilustrado de int\u00e9rpretes de la fe &#8211; Justo Gonzalez\"}]},{\"@type\":\"WebSite\",\"@id\":\"https:\\\/\\\/tzionlibreria.com\\\/#website\",\"url\":\"https:\\\/\\\/tzionlibreria.com\\\/\",\"name\":\"tzionlibreria.com\",\"description\":\"Libreria Cristiana Venezuela\",\"publisher\":{\"@id\":\"https:\\\/\\\/tzionlibreria.com\\\/#organization\"},\"potentialAction\":[{\"@type\":\"SearchAction\",\"target\":{\"@type\":\"EntryPoint\",\"urlTemplate\":\"https:\\\/\\\/tzionlibreria.com\\\/?s={search_term_string}\"},\"query-input\":{\"@type\":\"PropertyValueSpecification\",\"valueRequired\":true,\"valueName\":\"search_term_string\"}}],\"inLanguage\":\"es-CO\"},{\"@type\":\"Organization\",\"@id\":\"https:\\\/\\\/tzionlibreria.com\\\/#organization\",\"name\":\"tzionlibreria.com\",\"url\":\"https:\\\/\\\/tzionlibreria.com\\\/\",\"logo\":{\"@type\":\"ImageObject\",\"inLanguage\":\"es-CO\",\"@id\":\"https:\\\/\\\/tzionlibreria.com\\\/#\\\/schema\\\/logo\\\/image\\\/\",\"url\":\"https:\\\/\\\/tzionlibreria.com\\\/wp-content\\\/uploads\\\/2023\\\/10\\\/cropped-Cuadricula-scaled-1.jpg\",\"contentUrl\":\"https:\\\/\\\/tzionlibreria.com\\\/wp-content\\\/uploads\\\/2023\\\/10\\\/cropped-Cuadricula-scaled-1.jpg\",\"width\":2560,\"height\":2560,\"caption\":\"tzionlibreria.com\"},\"image\":{\"@id\":\"https:\\\/\\\/tzionlibreria.com\\\/#\\\/schema\\\/logo\\\/image\\\/\"}}]}<\/script>\n<!-- \/ Yoast SEO plugin. -->","yoast_head_json":{"title":"Diccionario ilustrado de int\u00e9rpretes de la fe - Justo Gonzalez - tzionlibreria.com","robots":{"index":"index","follow":"follow","max-snippet":"max-snippet:-1","max-image-preview":"max-image-preview:large","max-video-preview":"max-video-preview:-1"},"canonical":"https:\/\/tzionlibreria.com\/index.php\/product\/diccionario-ilustrado-de-interpretes-de-la-fe-justo-gonzalez\/","og_locale":"es_ES","og_type":"article","og_title":"Diccionario ilustrado de int\u00e9rpretes de la fe - Justo Gonzalez - tzionlibreria.com","og_description":"Diccionario escrito para ser utilizado en todos los niveles del estudio de la teolog\u00eda. El Editor General Dr. Justo Gonz\u00e1lez, junto con un equipo de 6 Editores Asociados, ha trabajado con m\u00e1s de 60 profesores de teolog\u00eda de las escuelas de teolog\u00eda m\u00e1s conocidas de Am\u00e9rica. Si bien no es exhaustivo, saca a la luz [&hellip;]","og_url":"https:\/\/tzionlibreria.com\/index.php\/product\/diccionario-ilustrado-de-interpretes-de-la-fe-justo-gonzalez\/","og_site_name":"tzionlibreria.com","article_modified_time":"2024-02-29T16:33:54+00:00","og_image":[{"width":1200,"height":1200,"url":"http:\/\/tzionlibreria.com\/wp-content\/uploads\/2023\/11\/ilusrtad.jpg","type":"image\/jpeg"}],"twitter_card":"summary_large_image","twitter_misc":{"Tiempo de lectura":"1 minuto"},"schema":{"@context":"https:\/\/schema.org","@graph":[{"@type":"WebPage","@id":"https:\/\/tzionlibreria.com\/index.php\/product\/diccionario-ilustrado-de-interpretes-de-la-fe-justo-gonzalez\/","url":"https:\/\/tzionlibreria.com\/index.php\/product\/diccionario-ilustrado-de-interpretes-de-la-fe-justo-gonzalez\/","name":"Diccionario ilustrado de int\u00e9rpretes de la fe - Justo Gonzalez - tzionlibreria.com","isPartOf":{"@id":"https:\/\/tzionlibreria.com\/#website"},"primaryImageOfPage":{"@id":"https:\/\/tzionlibreria.com\/index.php\/product\/diccionario-ilustrado-de-interpretes-de-la-fe-justo-gonzalez\/#primaryimage"},"image":{"@id":"https:\/\/tzionlibreria.com\/index.php\/product\/diccionario-ilustrado-de-interpretes-de-la-fe-justo-gonzalez\/#primaryimage"},"thumbnailUrl":"https:\/\/tzionlibreria.com\/wp-content\/uploads\/2023\/11\/ilusrtad.jpg","datePublished":"2023-11-21T16:08:29+00:00","dateModified":"2024-02-29T16:33:54+00:00","breadcrumb":{"@id":"https:\/\/tzionlibreria.com\/index.php\/product\/diccionario-ilustrado-de-interpretes-de-la-fe-justo-gonzalez\/#breadcrumb"},"inLanguage":"es-CO","potentialAction":[{"@type":"ReadAction","target":["https:\/\/tzionlibreria.com\/index.php\/product\/diccionario-ilustrado-de-interpretes-de-la-fe-justo-gonzalez\/"]}]},{"@type":"ImageObject","inLanguage":"es-CO","@id":"https:\/\/tzionlibreria.com\/index.php\/product\/diccionario-ilustrado-de-interpretes-de-la-fe-justo-gonzalez\/#primaryimage","url":"https:\/\/tzionlibreria.com\/wp-content\/uploads\/2023\/11\/ilusrtad.jpg","contentUrl":"https:\/\/tzionlibreria.com\/wp-content\/uploads\/2023\/11\/ilusrtad.jpg","width":1200,"height":1200},{"@type":"BreadcrumbList","@id":"https:\/\/tzionlibreria.com\/index.php\/product\/diccionario-ilustrado-de-interpretes-de-la-fe-justo-gonzalez\/#breadcrumb","itemListElement":[{"@type":"ListItem","position":1,"name":"Inicio","item":"https:\/\/tzionlibreria.com\/"},{"@type":"ListItem","position":2,"name":"Shop","item":"https:\/\/tzionlibreria.com\/index.php\/shop\/"},{"@type":"ListItem","position":3,"name":"Diccionario ilustrado de int\u00e9rpretes de la fe &#8211; Justo Gonzalez"}]},{"@type":"WebSite","@id":"https:\/\/tzionlibreria.com\/#website","url":"https:\/\/tzionlibreria.com\/","name":"tzionlibreria.com","description":"Libreria Cristiana Venezuela","publisher":{"@id":"https:\/\/tzionlibreria.com\/#organization"},"potentialAction":[{"@type":"SearchAction","target":{"@type":"EntryPoint","urlTemplate":"https:\/\/tzionlibreria.com\/?s={search_term_string}"},"query-input":{"@type":"PropertyValueSpecification","valueRequired":true,"valueName":"search_term_string"}}],"inLanguage":"es-CO"},{"@type":"Organization","@id":"https:\/\/tzionlibreria.com\/#organization","name":"tzionlibreria.com","url":"https:\/\/tzionlibreria.com\/","logo":{"@type":"ImageObject","inLanguage":"es-CO","@id":"https:\/\/tzionlibreria.com\/#\/schema\/logo\/image\/","url":"https:\/\/tzionlibreria.com\/wp-content\/uploads\/2023\/10\/cropped-Cuadricula-scaled-1.jpg","contentUrl":"https:\/\/tzionlibreria.com\/wp-content\/uploads\/2023\/10\/cropped-Cuadricula-scaled-1.jpg","width":2560,"height":2560,"caption":"tzionlibreria.com"},"image":{"@id":"https:\/\/tzionlibreria.com\/#\/schema\/logo\/image\/"}}]}},"jetpack_sharing_enabled":true,"_links":{"self":[{"href":"https:\/\/tzionlibreria.com\/index.php\/wp-json\/wp\/v2\/product\/1642","targetHints":{"allow":["GET"]}}],"collection":[{"href":"https:\/\/tzionlibreria.com\/index.php\/wp-json\/wp\/v2\/product"}],"about":[{"href":"https:\/\/tzionlibreria.com\/index.php\/wp-json\/wp\/v2\/types\/product"}],"replies":[{"embeddable":true,"href":"https:\/\/tzionlibreria.com\/index.php\/wp-json\/wp\/v2\/comments?post=1642"}],"wp:featuredmedia":[{"embeddable":true,"href":"https:\/\/tzionlibreria.com\/index.php\/wp-json\/wp\/v2\/media\/1643"}],"wp:attachment":[{"href":"https:\/\/tzionlibreria.com\/index.php\/wp-json\/wp\/v2\/media?parent=1642"}],"wp:term":[{"taxonomy":"product_brand","embeddable":true,"href":"https:\/\/tzionlibreria.com\/index.php\/wp-json\/wp\/v2\/product_brand?post=1642"},{"taxonomy":"product_cat","embeddable":true,"href":"https:\/\/tzionlibreria.com\/index.php\/wp-json\/wp\/v2\/product_cat?post=1642"},{"taxonomy":"product_tag","embeddable":true,"href":"https:\/\/tzionlibreria.com\/index.php\/wp-json\/wp\/v2\/product_tag?post=1642"}],"curies":[{"name":"wp","href":"https:\/\/api.w.org\/{rel}","templated":true}]}}