{"id":1647,"date":"2023-11-21T16:10:58","date_gmt":"2023-11-21T16:10:58","guid":{"rendered":"https:\/\/tzionlibreria.com\/?post_type=product&#038;p=1647"},"modified":"2024-02-29T16:33:44","modified_gmt":"2024-02-29T16:33:44","slug":"diccionario-del-antiguo-testamento-pentateuco","status":"publish","type":"product","link":"https:\/\/tzionlibreria.com\/index.php\/product\/diccionario-del-antiguo-testamento-pentateuco\/","title":{"rendered":"Diccionario del Antiguo Testamento &#8211; Pentateuco"},"content":{"rendered":"<p>El Diccionario del Antiguo Testamento: Pentateuco es el primero de una serie de cuatro vol\u00famenes que abarcan el texto del Antiguo Testamento y sus temas, su entorno y su trasfondo. Es un diccionario enciclop\u00e9dico que se caracteriza por la especial atenci\u00f3n a los debates que se est\u00e1n produciendo en el seno de las ciencias b\u00edblicas contempor\u00e1neas.<\/p>\n<p>Explora los principales temas y cuestiones, e informa y plantea desaf\u00edos a sus lectores con sus perspectivas generales autorizadas, ex\u00e1menes detallados y nuevas percepciones procedentes del mundo del antiguo Oriente Pr\u00f3ximo; ofreciendo tanto panor\u00e1micas apreciativas como valoraciones detalladas de estos desarrollos y sus m\u00e9todos.<\/p>\n<p>Recomendado por los \u00a0especialistas del Antiguo Testamento para el estudio e investigaci\u00f3n del Pentateuco, estos son algunos de sus comentarios:<br \/>\n&#8220;Contiene un aut\u00e9ntico tesoro de importante informaci\u00f3n. Est\u00e1 escrito por especialistas destacados en su campo, y no solo es informativo, sino tambi\u00e9n ameno&#8221;.<\/p>\n<p>Los primeros cinco libros del Antiguo Testamento sientan las bases sobre las que se sostiene todo el resto de la Escritura. Sus grandes temas, acontecimientos hist\u00f3ricos y destacados personajes, establecen los vectores sobre los que se desarrolla la historia b\u00edblica. La estructura misma del Antiguo Testamento se vendr\u00eda abajo si se eliminara el Pentateuco, y todo el pensamiento neotestamentario apenas resultar\u00eda comprensible sin \u00e9l.<\/p>\n<p>Pero detr\u00e1s de la grandiosidad del Pentateuco se esconden cuestiones de historicidad que han intrigado a los eruditos y han sido objeto de acalorados debates durante mucho tiempo. Y mientras que a mediados del siglo XX muchos especialistas anglosajones se mostraban confiados en el respaldo arqueol\u00f3gico a los relatos patriarcales, el clima actual ha cambiado. En los casos m\u00e1s extremos, algunos expertos contempor\u00e1neos han cuestionado radicalmente la antig\u00fcedad de las historias ancestrales, defendiendo que su composici\u00f3n final no se produjo hasta la \u00e9poca helenista. Circula el rumor de que la hip\u00f3tesis documentaria, el consenso cr\u00edtico imperante a\u00f1os atr\u00e1s, agoniza en la UVI, y se desconoce una alternativa. Uno de los prop\u00f3sitos de este diccionario es analizar y sospesar debidamente estas cuestiones hist\u00f3ricas, planteando posibles soluciones; ofrece una evaluaci\u00f3n de los interrogantes que rodean estos asuntos y considera algunas de las posibles v\u00edas de avance para las ciencias b\u00edblicas evang\u00e9licas.<\/p>\n<p>Estructurado alfab\u00e9ticamente en forma de diccionario, como su nombre indica, cubre mediante unos doscientos art\u00edculos, todos los t\u00f3picos principales relacionados con el Pentateuco y susceptibles de debate, de la A a la Z, desde Aaron hasta Zoolog\u00eda, debatiendo cada uno de ellos exhaustivamente.<\/p>\n<p>Aunque por el t\u00edtulo cabr\u00eda pensar que estamos ante un diccionario b\u00edblico, nada m\u00e1s lejos de la realidad. En todo caso m\u00e1s bien ante un comentario en forma de diccionario. Pero tampoco es eso. Su enfoque es radicalmente distinto y se aleja de ambas cosas. Su objetivo no es \u201cexplicar\u201d los diferentes nombres que podamos encontrar en la lectura de los cinco libros que conforman el Pentateuco, ni analizar el texto exeg\u00e9ticamente vers\u00edculo a vers\u00edculo, sino centrarse en aquellos t\u00f3picos, personajes y asuntos que son motivo de debate hermen\u00e9utico y teol\u00f3gico:<\/p>\n<p>Creaci\u00f3n, cronolog\u00eda, cosmolog\u00eda, dec\u00e1logo, diluvio; personajes importantes: Aar\u00f3n, Abraham, Ca\u00edn, Isaac, Jacob, Jos\u00e9, Mois\u00e9s, No\u00e9; asuntos y lugares de especial inter\u00e9s: Adivinaci\u00f3n, Arqueolog\u00eda, Babel, hijos de Dios\/hijas de los hombres, relaciones familiares, se\u00f1ales y milagros, sue\u00f1os; teol\u00f3gicos: arrepentimiento, fe, gracia, ley mal, pacto, santidad; sin olvidar los especialmente conflictivos como: criticismo hist\u00f3rico, criticismo de formas, criticismo literario, aproximaci\u00f3n cient\u00edfica; ni los art\u00edculos generales como: Lenguaje del Pentateuco, Teolog\u00eda del Pentateuco, Predicando sobre el Pentateuco, etc.; y as\u00ed hasta cerca de doscientos, distribu\u00eddos alfab\u00e9ticamente a dos columnas en m\u00e1s de mil p\u00e1ginas de texto impreso.<\/p>\n<p>Todos ellos son verdaderos trabajos magistrales de investigaci\u00f3n b\u00edblica. Aunque algunos en particular, como es el caso de \u201cCronolog\u00eda del \u00c9xodo\u201d por John H. Walton o \u201cRuta del \u00c9xodo e itinerario por el desierto\u201d de Peter Enns son particularmente impresionantes. El trabajo de B. T. Arnold sobre \u201cHistoria del criticismo del Pentateuco\u201d es probablemente lo mejor que se haya escrito sobre el tema. Y el de \u201cPredicando sobre el Pentateuco\u201d, defendiendo la importancia y necesidad de predicar sobre el A.T., analizando los principios fundamentales de la predicaci\u00f3n cristiana basada en el mismo y facilitando las claves para sermones sobre el Pentateuco, es una verdadera joya para todos los predicadores.<\/p>\n<p>Incluye un sofisticado sistema de referencias cruzadas entre los distintos art\u00edculos a cinco niveles, que permite y facilita el estudio completo de cualquier tema, enlazandolo no tan s\u00f3lo con otros art\u00edculos dentro del propio texto del diccionario sino tambi\u00e9n con los dem\u00e1s art\u00edculos relacionados en otros diccionarios de la colecci\u00f3n, lo cual, una vez completada esta, permitir\u00e1 un an\u00e1lisis y estudio exhaustivo del tema a trav\u00e9s de toda la Biblia. Y cada art\u00edculo incluye una extensa bibliograf\u00eda de obras seleccionadas por el autor sobre el tema tratado para los que deseen ahondar en el estudio del mismo.<\/p>\n<p>Y por supuesto, en una obra de este calibre no pod\u00eda faltar una completa bater\u00eda de \u00edndices, mapas, gr\u00e1ficos y diagramas, que incluyen un \u00edndice de textos y pasajes b\u00edblicos citados, miles de referencias, y que permite analizar en profundidad cualquier texto del Pentateuco partiendo simplemente de la cita b\u00edblica. Sin menospreciar el complet\u00edsimo \u00edndice tem\u00e1tico, con centenares de entradas y referencias cruzadas que facilita el estudio de todos aquellos t\u00f3picos no tratados directamente.<\/p>\n<p>Con ello suma el valor de un diccionario y un comentario en una misma obra. \u00bfNecesitamos informaci\u00f3n sobre cualquier nombre o t\u00e9rmino en particular como har\u00edamos en un diccionario b\u00edblico? El \u00edndice tem\u00e1tico nos da las claves para obtener toda la informaci\u00f3n necesaria y m\u00e1s. \u00bfQueremos estudiar un texto o un pasaje en concreto como har\u00edamos en un comentario b\u00edblico? El \u00edndice de textos y pasajes nos da las referencias necesarias para hacerlo con una facilidad asombrosa.<\/p>\n<p>A todo ello se a\u00f1ade una importante y \u00fatil introducci\u00f3n sobre como utilizar y sacar el mayor partido posible de todas esas m\u00faltiples posibilidades que aporta la obra.<\/p>\n<p>Se trata, pues, de uno de los mejores recursos disponibles para el estudioso de la Biblia, una herramienta valiosa, de la m\u00e1xima calidad y m\u00e1s alto nivel, destinada a convertirse en referente del estudio e investigaci\u00f3n de las Sagradas Escrituras por muchos a\u00f1os. Como lo anticipan las comentarios sobre el mismo por parte de algunos de los m\u00e1s prestigiosos profesores y eruditos b\u00edblicos, como es el caso de Robert. P Gordon, profesor de la Universidad de Cambridge que dice sobre el mismo:<\/p>\n<p>\u00abMe agrada la idea de centrarse en los temas principales, es acertada. Aporta una gran cantidad de an\u00e1lisis y provechosos debates. Deber\u00eda suponer una nueva manera de acceder al estudio del Pentateuco para muchos lectores, y yo le doy al proyecto la m\u00e1s c\u00e1lida de las bienvenidas.<\/p>\n<p>&nbsp;<\/p>\n<p><strong>ISBN<\/strong>: 9788482676999<br \/>\n<strong>Editorial<\/strong>: CLIE<br \/>\n<strong>Dimensiones<\/strong>: 18 x 25 x 4 cm<br \/>\n<strong>Peso<\/strong>: 2,000kg<br \/>\n<strong>Cubierta<\/strong>: Tapa Dura<br \/>\n<strong>N\u00famero de p\u00e1ginas<\/strong>: 944<br \/>\n<strong>Idioma<\/strong>: Espa\u00f1ol<\/p>\n","protected":false},"excerpt":{"rendered":"<p>El Diccionario del Antiguo Testamento: Pentateuco es el primero de una serie de cuatro vol\u00famenes que abarcan el texto del Antiguo Testamento y sus temas, su entorno y su trasfondo. Es un diccionario enciclop\u00e9dico que se caracteriza por la especial atenci\u00f3n a los debates que se est\u00e1n produciendo en el seno de las ciencias b\u00edblicas [&hellip;]<\/p>\n","protected":false},"featured_media":1648,"comment_status":"open","ping_status":"closed","template":"","meta":{"om_disable_all_campaigns":false,"_monsterinsights_skip_tracking":false,"_monsterinsights_sitenote_active":false,"_monsterinsights_sitenote_note":"","_monsterinsights_sitenote_category":0,"site-sidebar-layout":"default","site-content-layout":"","ast-site-content-layout":"default","site-content-style":"default","site-sidebar-style":"default","ast-global-header-display":"","ast-banner-title-visibility":"","ast-main-header-display":"","ast-hfb-above-header-display":"","ast-hfb-below-header-display":"","ast-hfb-mobile-header-display":"","site-post-title":"","ast-breadcrumbs-content":"","ast-featured-img":"","footer-sml-layout":"","ast-disable-related-posts":"","theme-transparent-header-meta":"default","adv-header-id-meta":"","stick-header-meta":"","header-above-stick-meta":"","header-main-stick-meta":"","header-below-stick-meta":"","astra-migrate-meta-layouts":"set","ast-page-background-enabled":"default","ast-page-background-meta":{"desktop":{"background-color":"var(--ast-global-color-4)","background-image":"","background-repeat":"repeat","background-position":"center center","background-size":"auto","background-attachment":"scroll","background-type":"","background-media":"","overlay-type":"","overlay-color":"","overlay-opacity":"","overlay-gradient":""},"tablet":{"background-color":"","background-image":"","background-repeat":"repeat","background-position":"center center","background-size":"auto","background-attachment":"scroll","background-type":"","background-media":"","overlay-type":"","overlay-color":"","overlay-opacity":"","overlay-gradient":""},"mobile":{"background-color":"","background-image":"","background-repeat":"repeat","background-position":"center center","background-size":"auto","background-attachment":"scroll","background-type":"","background-media":"","overlay-type":"","overlay-color":"","overlay-opacity":"","overlay-gradient":""}},"ast-content-background-meta":{"desktop":{"background-color":"var(--ast-global-color-5)","background-image":"","background-repeat":"repeat","background-position":"center center","background-size":"auto","background-attachment":"scroll","background-type":"","background-media":"","overlay-type":"","overlay-color":"","overlay-opacity":"","overlay-gradient":""},"tablet":{"background-color":"var(--ast-global-color-5)","background-image":"","background-repeat":"repeat","background-position":"center center","background-size":"auto","background-attachment":"scroll","background-type":"","background-media":"","overlay-type":"","overlay-color":"","overlay-opacity":"","overlay-gradient":""},"mobile":{"background-color":"var(--ast-global-color-5)","background-image":"","background-repeat":"repeat","background-position":"center center","background-size":"auto","background-attachment":"scroll","background-type":"","background-media":"","overlay-type":"","overlay-color":"","overlay-opacity":"","overlay-gradient":""}}},"product_brand":[],"product_cat":[40,26],"product_tag":[],"class_list":{"0":"post-1647","1":"product","2":"type-product","3":"status-publish","4":"has-post-thumbnail","6":"product_cat-diccionarios","7":"product_cat-teologia","8":"desktop-align-left","9":"tablet-align-left","10":"mobile-align-left","12":"first","13":"instock","14":"shipping-taxable","15":"purchasable","16":"product-type-simple"},"yoast_head":"<!-- This site is optimized with the Yoast SEO plugin v27.4 - https:\/\/yoast.com\/product\/yoast-seo-wordpress\/ -->\n<title>Diccionario del Antiguo Testamento - Pentateuco - tzionlibreria.com<\/title>\n<meta name=\"robots\" content=\"index, follow, max-snippet:-1, max-image-preview:large, max-video-preview:-1\" \/>\n<link rel=\"canonical\" href=\"https:\/\/tzionlibreria.com\/index.php\/product\/diccionario-del-antiguo-testamento-pentateuco\/\" \/>\n<meta property=\"og:locale\" content=\"es_ES\" \/>\n<meta property=\"og:type\" content=\"article\" \/>\n<meta property=\"og:title\" content=\"Diccionario del Antiguo Testamento - Pentateuco - tzionlibreria.com\" \/>\n<meta property=\"og:description\" content=\"El Diccionario del Antiguo Testamento: Pentateuco es el primero de una serie de cuatro vol\u00famenes que abarcan el texto del Antiguo Testamento y sus temas, su entorno y su trasfondo. Es un diccionario enciclop\u00e9dico que se caracteriza por la especial atenci\u00f3n a los debates que se est\u00e1n produciendo en el seno de las ciencias b\u00edblicas [&hellip;]\" \/>\n<meta property=\"og:url\" content=\"https:\/\/tzionlibreria.com\/index.php\/product\/diccionario-del-antiguo-testamento-pentateuco\/\" \/>\n<meta property=\"og:site_name\" content=\"tzionlibreria.com\" \/>\n<meta property=\"article:modified_time\" content=\"2024-02-29T16:33:44+00:00\" \/>\n<meta property=\"og:image\" content=\"http:\/\/tzionlibreria.com\/wp-content\/uploads\/2023\/11\/penta.jpg\" \/>\n\t<meta property=\"og:image:width\" content=\"1200\" \/>\n\t<meta property=\"og:image:height\" content=\"1200\" \/>\n\t<meta property=\"og:image:type\" content=\"image\/jpeg\" \/>\n<meta name=\"twitter:card\" content=\"summary_large_image\" \/>\n<meta name=\"twitter:label1\" content=\"Tiempo de lectura\" \/>\n\t<meta name=\"twitter:data1\" content=\"6 minutos\" \/>\n<script type=\"application\/ld+json\" class=\"yoast-schema-graph\">{\"@context\":\"https:\\\/\\\/schema.org\",\"@graph\":[{\"@type\":\"WebPage\",\"@id\":\"https:\\\/\\\/tzionlibreria.com\\\/index.php\\\/product\\\/diccionario-del-antiguo-testamento-pentateuco\\\/\",\"url\":\"https:\\\/\\\/tzionlibreria.com\\\/index.php\\\/product\\\/diccionario-del-antiguo-testamento-pentateuco\\\/\",\"name\":\"Diccionario del Antiguo Testamento - Pentateuco - tzionlibreria.com\",\"isPartOf\":{\"@id\":\"https:\\\/\\\/tzionlibreria.com\\\/#website\"},\"primaryImageOfPage\":{\"@id\":\"https:\\\/\\\/tzionlibreria.com\\\/index.php\\\/product\\\/diccionario-del-antiguo-testamento-pentateuco\\\/#primaryimage\"},\"image\":{\"@id\":\"https:\\\/\\\/tzionlibreria.com\\\/index.php\\\/product\\\/diccionario-del-antiguo-testamento-pentateuco\\\/#primaryimage\"},\"thumbnailUrl\":\"https:\\\/\\\/tzionlibreria.com\\\/wp-content\\\/uploads\\\/2023\\\/11\\\/penta.jpg\",\"datePublished\":\"2023-11-21T16:10:58+00:00\",\"dateModified\":\"2024-02-29T16:33:44+00:00\",\"breadcrumb\":{\"@id\":\"https:\\\/\\\/tzionlibreria.com\\\/index.php\\\/product\\\/diccionario-del-antiguo-testamento-pentateuco\\\/#breadcrumb\"},\"inLanguage\":\"es-CO\",\"potentialAction\":[{\"@type\":\"ReadAction\",\"target\":[\"https:\\\/\\\/tzionlibreria.com\\\/index.php\\\/product\\\/diccionario-del-antiguo-testamento-pentateuco\\\/\"]}]},{\"@type\":\"ImageObject\",\"inLanguage\":\"es-CO\",\"@id\":\"https:\\\/\\\/tzionlibreria.com\\\/index.php\\\/product\\\/diccionario-del-antiguo-testamento-pentateuco\\\/#primaryimage\",\"url\":\"https:\\\/\\\/tzionlibreria.com\\\/wp-content\\\/uploads\\\/2023\\\/11\\\/penta.jpg\",\"contentUrl\":\"https:\\\/\\\/tzionlibreria.com\\\/wp-content\\\/uploads\\\/2023\\\/11\\\/penta.jpg\",\"width\":1200,\"height\":1200},{\"@type\":\"BreadcrumbList\",\"@id\":\"https:\\\/\\\/tzionlibreria.com\\\/index.php\\\/product\\\/diccionario-del-antiguo-testamento-pentateuco\\\/#breadcrumb\",\"itemListElement\":[{\"@type\":\"ListItem\",\"position\":1,\"name\":\"Inicio\",\"item\":\"https:\\\/\\\/tzionlibreria.com\\\/\"},{\"@type\":\"ListItem\",\"position\":2,\"name\":\"Shop\",\"item\":\"https:\\\/\\\/tzionlibreria.com\\\/index.php\\\/shop\\\/\"},{\"@type\":\"ListItem\",\"position\":3,\"name\":\"Diccionario del Antiguo Testamento &#8211; Pentateuco\"}]},{\"@type\":\"WebSite\",\"@id\":\"https:\\\/\\\/tzionlibreria.com\\\/#website\",\"url\":\"https:\\\/\\\/tzionlibreria.com\\\/\",\"name\":\"tzionlibreria.com\",\"description\":\"Libreria Cristiana Venezuela\",\"publisher\":{\"@id\":\"https:\\\/\\\/tzionlibreria.com\\\/#organization\"},\"potentialAction\":[{\"@type\":\"SearchAction\",\"target\":{\"@type\":\"EntryPoint\",\"urlTemplate\":\"https:\\\/\\\/tzionlibreria.com\\\/?s={search_term_string}\"},\"query-input\":{\"@type\":\"PropertyValueSpecification\",\"valueRequired\":true,\"valueName\":\"search_term_string\"}}],\"inLanguage\":\"es-CO\"},{\"@type\":\"Organization\",\"@id\":\"https:\\\/\\\/tzionlibreria.com\\\/#organization\",\"name\":\"tzionlibreria.com\",\"url\":\"https:\\\/\\\/tzionlibreria.com\\\/\",\"logo\":{\"@type\":\"ImageObject\",\"inLanguage\":\"es-CO\",\"@id\":\"https:\\\/\\\/tzionlibreria.com\\\/#\\\/schema\\\/logo\\\/image\\\/\",\"url\":\"https:\\\/\\\/tzionlibreria.com\\\/wp-content\\\/uploads\\\/2023\\\/10\\\/cropped-Cuadricula-scaled-1.jpg\",\"contentUrl\":\"https:\\\/\\\/tzionlibreria.com\\\/wp-content\\\/uploads\\\/2023\\\/10\\\/cropped-Cuadricula-scaled-1.jpg\",\"width\":2560,\"height\":2560,\"caption\":\"tzionlibreria.com\"},\"image\":{\"@id\":\"https:\\\/\\\/tzionlibreria.com\\\/#\\\/schema\\\/logo\\\/image\\\/\"}}]}<\/script>\n<!-- \/ Yoast SEO plugin. -->","yoast_head_json":{"title":"Diccionario del Antiguo Testamento - Pentateuco - tzionlibreria.com","robots":{"index":"index","follow":"follow","max-snippet":"max-snippet:-1","max-image-preview":"max-image-preview:large","max-video-preview":"max-video-preview:-1"},"canonical":"https:\/\/tzionlibreria.com\/index.php\/product\/diccionario-del-antiguo-testamento-pentateuco\/","og_locale":"es_ES","og_type":"article","og_title":"Diccionario del Antiguo Testamento - Pentateuco - tzionlibreria.com","og_description":"El Diccionario del Antiguo Testamento: Pentateuco es el primero de una serie de cuatro vol\u00famenes que abarcan el texto del Antiguo Testamento y sus temas, su entorno y su trasfondo. Es un diccionario enciclop\u00e9dico que se caracteriza por la especial atenci\u00f3n a los debates que se est\u00e1n produciendo en el seno de las ciencias b\u00edblicas [&hellip;]","og_url":"https:\/\/tzionlibreria.com\/index.php\/product\/diccionario-del-antiguo-testamento-pentateuco\/","og_site_name":"tzionlibreria.com","article_modified_time":"2024-02-29T16:33:44+00:00","og_image":[{"width":1200,"height":1200,"url":"http:\/\/tzionlibreria.com\/wp-content\/uploads\/2023\/11\/penta.jpg","type":"image\/jpeg"}],"twitter_card":"summary_large_image","twitter_misc":{"Tiempo de lectura":"6 minutos"},"schema":{"@context":"https:\/\/schema.org","@graph":[{"@type":"WebPage","@id":"https:\/\/tzionlibreria.com\/index.php\/product\/diccionario-del-antiguo-testamento-pentateuco\/","url":"https:\/\/tzionlibreria.com\/index.php\/product\/diccionario-del-antiguo-testamento-pentateuco\/","name":"Diccionario del Antiguo Testamento - Pentateuco - tzionlibreria.com","isPartOf":{"@id":"https:\/\/tzionlibreria.com\/#website"},"primaryImageOfPage":{"@id":"https:\/\/tzionlibreria.com\/index.php\/product\/diccionario-del-antiguo-testamento-pentateuco\/#primaryimage"},"image":{"@id":"https:\/\/tzionlibreria.com\/index.php\/product\/diccionario-del-antiguo-testamento-pentateuco\/#primaryimage"},"thumbnailUrl":"https:\/\/tzionlibreria.com\/wp-content\/uploads\/2023\/11\/penta.jpg","datePublished":"2023-11-21T16:10:58+00:00","dateModified":"2024-02-29T16:33:44+00:00","breadcrumb":{"@id":"https:\/\/tzionlibreria.com\/index.php\/product\/diccionario-del-antiguo-testamento-pentateuco\/#breadcrumb"},"inLanguage":"es-CO","potentialAction":[{"@type":"ReadAction","target":["https:\/\/tzionlibreria.com\/index.php\/product\/diccionario-del-antiguo-testamento-pentateuco\/"]}]},{"@type":"ImageObject","inLanguage":"es-CO","@id":"https:\/\/tzionlibreria.com\/index.php\/product\/diccionario-del-antiguo-testamento-pentateuco\/#primaryimage","url":"https:\/\/tzionlibreria.com\/wp-content\/uploads\/2023\/11\/penta.jpg","contentUrl":"https:\/\/tzionlibreria.com\/wp-content\/uploads\/2023\/11\/penta.jpg","width":1200,"height":1200},{"@type":"BreadcrumbList","@id":"https:\/\/tzionlibreria.com\/index.php\/product\/diccionario-del-antiguo-testamento-pentateuco\/#breadcrumb","itemListElement":[{"@type":"ListItem","position":1,"name":"Inicio","item":"https:\/\/tzionlibreria.com\/"},{"@type":"ListItem","position":2,"name":"Shop","item":"https:\/\/tzionlibreria.com\/index.php\/shop\/"},{"@type":"ListItem","position":3,"name":"Diccionario del Antiguo Testamento &#8211; Pentateuco"}]},{"@type":"WebSite","@id":"https:\/\/tzionlibreria.com\/#website","url":"https:\/\/tzionlibreria.com\/","name":"tzionlibreria.com","description":"Libreria Cristiana Venezuela","publisher":{"@id":"https:\/\/tzionlibreria.com\/#organization"},"potentialAction":[{"@type":"SearchAction","target":{"@type":"EntryPoint","urlTemplate":"https:\/\/tzionlibreria.com\/?s={search_term_string}"},"query-input":{"@type":"PropertyValueSpecification","valueRequired":true,"valueName":"search_term_string"}}],"inLanguage":"es-CO"},{"@type":"Organization","@id":"https:\/\/tzionlibreria.com\/#organization","name":"tzionlibreria.com","url":"https:\/\/tzionlibreria.com\/","logo":{"@type":"ImageObject","inLanguage":"es-CO","@id":"https:\/\/tzionlibreria.com\/#\/schema\/logo\/image\/","url":"https:\/\/tzionlibreria.com\/wp-content\/uploads\/2023\/10\/cropped-Cuadricula-scaled-1.jpg","contentUrl":"https:\/\/tzionlibreria.com\/wp-content\/uploads\/2023\/10\/cropped-Cuadricula-scaled-1.jpg","width":2560,"height":2560,"caption":"tzionlibreria.com"},"image":{"@id":"https:\/\/tzionlibreria.com\/#\/schema\/logo\/image\/"}}]}},"jetpack_sharing_enabled":true,"_links":{"self":[{"href":"https:\/\/tzionlibreria.com\/index.php\/wp-json\/wp\/v2\/product\/1647","targetHints":{"allow":["GET"]}}],"collection":[{"href":"https:\/\/tzionlibreria.com\/index.php\/wp-json\/wp\/v2\/product"}],"about":[{"href":"https:\/\/tzionlibreria.com\/index.php\/wp-json\/wp\/v2\/types\/product"}],"replies":[{"embeddable":true,"href":"https:\/\/tzionlibreria.com\/index.php\/wp-json\/wp\/v2\/comments?post=1647"}],"wp:featuredmedia":[{"embeddable":true,"href":"https:\/\/tzionlibreria.com\/index.php\/wp-json\/wp\/v2\/media\/1648"}],"wp:attachment":[{"href":"https:\/\/tzionlibreria.com\/index.php\/wp-json\/wp\/v2\/media?parent=1647"}],"wp:term":[{"taxonomy":"product_brand","embeddable":true,"href":"https:\/\/tzionlibreria.com\/index.php\/wp-json\/wp\/v2\/product_brand?post=1647"},{"taxonomy":"product_cat","embeddable":true,"href":"https:\/\/tzionlibreria.com\/index.php\/wp-json\/wp\/v2\/product_cat?post=1647"},{"taxonomy":"product_tag","embeddable":true,"href":"https:\/\/tzionlibreria.com\/index.php\/wp-json\/wp\/v2\/product_tag?post=1647"}],"curies":[{"name":"wp","href":"https:\/\/api.w.org\/{rel}","templated":true}]}}