{"id":1653,"date":"2023-11-21T16:15:02","date_gmt":"2023-11-21T16:15:02","guid":{"rendered":"https:\/\/tzionlibreria.com\/?post_type=product&#038;p=1653"},"modified":"2024-02-29T16:33:08","modified_gmt":"2024-02-29T16:33:08","slug":"comentario-biblico-historico-ilustrado-alfred-edersheim","status":"publish","type":"product","link":"https:\/\/tzionlibreria.com\/index.php\/product\/comentario-biblico-historico-ilustrado-alfred-edersheim\/","title":{"rendered":"Comentario B\u00edblico Hist\u00f3rico Ilustrado &#8211; Alfred Edersheim"},"content":{"rendered":"<p>Edersheim ha sido mundialmente reconocido y apreciado, como el hombre que mejor ha sabido analizar y explicar al mundo cristiano el contexto de usos y costumbres judaicas que forman el contexto hist\u00f3rico del Antiguo Testamento y Nuevo Testamento. Sus dos obras fundamentales y mundialmente conocidas:<\/p>\n<ul>\n<li>Comentario Hist\u00f3rico al Antiguo Testamento<\/li>\n<\/ul>\n<ul>\n<li>La vida y los tiempos de Jes\u00fas el Mesias<\/li>\n<\/ul>\n<p>Entre ambas forman una herramienta exeg\u00e9tica erudita no igualada hasta la fecha para el estudio de la Biblia. Su profunda erudici\u00f3n y la profundidad con que trata todos y cada uno de los temas expuestos, la situan entre la literatura cristiana evang\u00e9lica de m\u00e1s alto nivel intelectual. Las citas a los escritos rab\u00ednicos en hebreo de las que indica la procedencia exacta, incluso la l\u00ednea citada, son constantes.<\/p>\n<p>El presente volumen contiene el texto completo de ambas obras, dispuesto en formato de comentario b\u00edblico, con completas cabeceras indicando el tema, los libros, cap\u00edtulos y vers\u00edculos b\u00edblicos comentados en cada p\u00e1gina, lo que permite una rapida localizaci\u00f3n del pasaje o texto b\u00edblico sobre el que deseamos informaci\u00f3n hist\u00f3rica. Adem\u00e1s, se enriquece con cientos de imagenes arqueol\u00f3gicas y de arte, que se relacionan con los hechos comentados al objeto de ilustrarlos visualmente.<\/p>\n<p>Incluyen, diecinueve extensos ap\u00e9ndices que tratan otros temas y costumbres de la \u00e9poca, no citadas directamente en el texto b\u00edblico, pero que el autor considera importante incluir para una mayor comprensi\u00f3n de los hechos narrados en el mismo.<\/p>\n<p>Se completa con un \u00edndice anal\u00edtico general y un \u00edndice de autores citados en la obra.<\/p>\n<p>&nbsp;<\/p>\n<p><strong>ISBN<\/strong>: 9788482674629<br \/>\n<strong>Editorial<\/strong>:\u00a0CLIE<br \/>\n<strong>Dimensiones<\/strong>: 21 x 29 x 4 cm<br \/>\n<strong>Peso<\/strong>: 1,900kg<br \/>\n<strong>Cubierta<\/strong>: Tapa Dura<br \/>\n<strong>N\u00famero de p\u00e1ginas<\/strong>: 1417<br \/>\n<strong>Idioma<\/strong>: Espa\u00f1ol<\/p>\n","protected":false},"excerpt":{"rendered":"<p>Edersheim ha sido mundialmente reconocido y apreciado, como el hombre que mejor ha sabido analizar y explicar al mundo cristiano el contexto de usos y costumbres judaicas que forman el contexto hist\u00f3rico del Antiguo Testamento y Nuevo Testamento. Sus dos obras fundamentales y mundialmente conocidas: Comentario Hist\u00f3rico al Antiguo Testamento La vida y los tiempos [&hellip;]<\/p>\n","protected":false},"featured_media":1654,"comment_status":"open","ping_status":"closed","template":"","meta":{"om_disable_all_campaigns":false,"_monsterinsights_skip_tracking":false,"_monsterinsights_sitenote_active":false,"_monsterinsights_sitenote_note":"","_monsterinsights_sitenote_category":0,"site-sidebar-layout":"default","site-content-layout":"","ast-site-content-layout":"default","site-content-style":"default","site-sidebar-style":"default","ast-global-header-display":"","ast-banner-title-visibility":"","ast-main-header-display":"","ast-hfb-above-header-display":"","ast-hfb-below-header-display":"","ast-hfb-mobile-header-display":"","site-post-title":"","ast-breadcrumbs-content":"","ast-featured-img":"","footer-sml-layout":"","ast-disable-related-posts":"","theme-transparent-header-meta":"default","adv-header-id-meta":"","stick-header-meta":"","header-above-stick-meta":"","header-main-stick-meta":"","header-below-stick-meta":"","astra-migrate-meta-layouts":"set","ast-page-background-enabled":"default","ast-page-background-meta":{"desktop":{"background-color":"var(--ast-global-color-4)","background-image":"","background-repeat":"repeat","background-position":"center center","background-size":"auto","background-attachment":"scroll","background-type":"","background-media":"","overlay-type":"","overlay-color":"","overlay-opacity":"","overlay-gradient":""},"tablet":{"background-color":"","background-image":"","background-repeat":"repeat","background-position":"center center","background-size":"auto","background-attachment":"scroll","background-type":"","background-media":"","overlay-type":"","overlay-color":"","overlay-opacity":"","overlay-gradient":""},"mobile":{"background-color":"","background-image":"","background-repeat":"repeat","background-position":"center center","background-size":"auto","background-attachment":"scroll","background-type":"","background-media":"","overlay-type":"","overlay-color":"","overlay-opacity":"","overlay-gradient":""}},"ast-content-background-meta":{"desktop":{"background-color":"var(--ast-global-color-5)","background-image":"","background-repeat":"repeat","background-position":"center center","background-size":"auto","background-attachment":"scroll","background-type":"","background-media":"","overlay-type":"","overlay-color":"","overlay-opacity":"","overlay-gradient":""},"tablet":{"background-color":"var(--ast-global-color-5)","background-image":"","background-repeat":"repeat","background-position":"center center","background-size":"auto","background-attachment":"scroll","background-type":"","background-media":"","overlay-type":"","overlay-color":"","overlay-opacity":"","overlay-gradient":""},"mobile":{"background-color":"var(--ast-global-color-5)","background-image":"","background-repeat":"repeat","background-position":"center center","background-size":"auto","background-attachment":"scroll","background-type":"","background-media":"","overlay-type":"","overlay-color":"","overlay-opacity":"","overlay-gradient":""}}},"product_brand":[],"product_cat":[53,26],"product_tag":[],"class_list":{"0":"post-1653","1":"product","2":"type-product","3":"status-publish","4":"has-post-thumbnail","6":"product_cat-comentarios-biblicos","7":"product_cat-teologia","8":"desktop-align-left","9":"tablet-align-left","10":"mobile-align-left","12":"first","13":"instock","14":"shipping-taxable","15":"purchasable","16":"product-type-simple"},"yoast_head":"<!-- This site is optimized with the Yoast SEO plugin v27.4 - https:\/\/yoast.com\/product\/yoast-seo-wordpress\/ -->\n<title>Comentario B\u00edblico Hist\u00f3rico Ilustrado - Alfred Edersheim - tzionlibreria.com<\/title>\n<meta name=\"robots\" content=\"index, follow, max-snippet:-1, max-image-preview:large, max-video-preview:-1\" \/>\n<link rel=\"canonical\" href=\"https:\/\/tzionlibreria.com\/index.php\/product\/comentario-biblico-historico-ilustrado-alfred-edersheim\/\" \/>\n<meta property=\"og:locale\" content=\"es_ES\" \/>\n<meta property=\"og:type\" content=\"article\" \/>\n<meta property=\"og:title\" content=\"Comentario B\u00edblico Hist\u00f3rico Ilustrado - Alfred Edersheim - tzionlibreria.com\" \/>\n<meta property=\"og:description\" content=\"Edersheim ha sido mundialmente reconocido y apreciado, como el hombre que mejor ha sabido analizar y explicar al mundo cristiano el contexto de usos y costumbres judaicas que forman el contexto hist\u00f3rico del Antiguo Testamento y Nuevo Testamento. Sus dos obras fundamentales y mundialmente conocidas: Comentario Hist\u00f3rico al Antiguo Testamento La vida y los tiempos [&hellip;]\" \/>\n<meta property=\"og:url\" content=\"https:\/\/tzionlibreria.com\/index.php\/product\/comentario-biblico-historico-ilustrado-alfred-edersheim\/\" \/>\n<meta property=\"og:site_name\" content=\"tzionlibreria.com\" \/>\n<meta property=\"article:modified_time\" content=\"2024-02-29T16:33:08+00:00\" \/>\n<meta property=\"og:image\" content=\"http:\/\/tzionlibreria.com\/wp-content\/uploads\/2023\/11\/historia.jpg\" \/>\n\t<meta property=\"og:image:width\" content=\"1200\" \/>\n\t<meta property=\"og:image:height\" content=\"1200\" \/>\n\t<meta property=\"og:image:type\" content=\"image\/jpeg\" \/>\n<meta name=\"twitter:card\" content=\"summary_large_image\" \/>\n<meta name=\"twitter:label1\" content=\"Tiempo de lectura\" \/>\n\t<meta name=\"twitter:data1\" content=\"2 minutos\" \/>\n<script type=\"application\/ld+json\" class=\"yoast-schema-graph\">{\"@context\":\"https:\\\/\\\/schema.org\",\"@graph\":[{\"@type\":\"WebPage\",\"@id\":\"https:\\\/\\\/tzionlibreria.com\\\/index.php\\\/product\\\/comentario-biblico-historico-ilustrado-alfred-edersheim\\\/\",\"url\":\"https:\\\/\\\/tzionlibreria.com\\\/index.php\\\/product\\\/comentario-biblico-historico-ilustrado-alfred-edersheim\\\/\",\"name\":\"Comentario B\u00edblico Hist\u00f3rico Ilustrado - Alfred Edersheim - tzionlibreria.com\",\"isPartOf\":{\"@id\":\"https:\\\/\\\/tzionlibreria.com\\\/#website\"},\"primaryImageOfPage\":{\"@id\":\"https:\\\/\\\/tzionlibreria.com\\\/index.php\\\/product\\\/comentario-biblico-historico-ilustrado-alfred-edersheim\\\/#primaryimage\"},\"image\":{\"@id\":\"https:\\\/\\\/tzionlibreria.com\\\/index.php\\\/product\\\/comentario-biblico-historico-ilustrado-alfred-edersheim\\\/#primaryimage\"},\"thumbnailUrl\":\"https:\\\/\\\/tzionlibreria.com\\\/wp-content\\\/uploads\\\/2023\\\/11\\\/historia.jpg\",\"datePublished\":\"2023-11-21T16:15:02+00:00\",\"dateModified\":\"2024-02-29T16:33:08+00:00\",\"breadcrumb\":{\"@id\":\"https:\\\/\\\/tzionlibreria.com\\\/index.php\\\/product\\\/comentario-biblico-historico-ilustrado-alfred-edersheim\\\/#breadcrumb\"},\"inLanguage\":\"es-CO\",\"potentialAction\":[{\"@type\":\"ReadAction\",\"target\":[\"https:\\\/\\\/tzionlibreria.com\\\/index.php\\\/product\\\/comentario-biblico-historico-ilustrado-alfred-edersheim\\\/\"]}]},{\"@type\":\"ImageObject\",\"inLanguage\":\"es-CO\",\"@id\":\"https:\\\/\\\/tzionlibreria.com\\\/index.php\\\/product\\\/comentario-biblico-historico-ilustrado-alfred-edersheim\\\/#primaryimage\",\"url\":\"https:\\\/\\\/tzionlibreria.com\\\/wp-content\\\/uploads\\\/2023\\\/11\\\/historia.jpg\",\"contentUrl\":\"https:\\\/\\\/tzionlibreria.com\\\/wp-content\\\/uploads\\\/2023\\\/11\\\/historia.jpg\",\"width\":1200,\"height\":1200},{\"@type\":\"BreadcrumbList\",\"@id\":\"https:\\\/\\\/tzionlibreria.com\\\/index.php\\\/product\\\/comentario-biblico-historico-ilustrado-alfred-edersheim\\\/#breadcrumb\",\"itemListElement\":[{\"@type\":\"ListItem\",\"position\":1,\"name\":\"Inicio\",\"item\":\"https:\\\/\\\/tzionlibreria.com\\\/\"},{\"@type\":\"ListItem\",\"position\":2,\"name\":\"Shop\",\"item\":\"https:\\\/\\\/tzionlibreria.com\\\/index.php\\\/shop\\\/\"},{\"@type\":\"ListItem\",\"position\":3,\"name\":\"Comentario B\u00edblico Hist\u00f3rico Ilustrado &#8211; Alfred Edersheim\"}]},{\"@type\":\"WebSite\",\"@id\":\"https:\\\/\\\/tzionlibreria.com\\\/#website\",\"url\":\"https:\\\/\\\/tzionlibreria.com\\\/\",\"name\":\"tzionlibreria.com\",\"description\":\"Libreria Cristiana Venezuela\",\"publisher\":{\"@id\":\"https:\\\/\\\/tzionlibreria.com\\\/#organization\"},\"potentialAction\":[{\"@type\":\"SearchAction\",\"target\":{\"@type\":\"EntryPoint\",\"urlTemplate\":\"https:\\\/\\\/tzionlibreria.com\\\/?s={search_term_string}\"},\"query-input\":{\"@type\":\"PropertyValueSpecification\",\"valueRequired\":true,\"valueName\":\"search_term_string\"}}],\"inLanguage\":\"es-CO\"},{\"@type\":\"Organization\",\"@id\":\"https:\\\/\\\/tzionlibreria.com\\\/#organization\",\"name\":\"tzionlibreria.com\",\"url\":\"https:\\\/\\\/tzionlibreria.com\\\/\",\"logo\":{\"@type\":\"ImageObject\",\"inLanguage\":\"es-CO\",\"@id\":\"https:\\\/\\\/tzionlibreria.com\\\/#\\\/schema\\\/logo\\\/image\\\/\",\"url\":\"https:\\\/\\\/tzionlibreria.com\\\/wp-content\\\/uploads\\\/2023\\\/10\\\/cropped-Cuadricula-scaled-1.jpg\",\"contentUrl\":\"https:\\\/\\\/tzionlibreria.com\\\/wp-content\\\/uploads\\\/2023\\\/10\\\/cropped-Cuadricula-scaled-1.jpg\",\"width\":2560,\"height\":2560,\"caption\":\"tzionlibreria.com\"},\"image\":{\"@id\":\"https:\\\/\\\/tzionlibreria.com\\\/#\\\/schema\\\/logo\\\/image\\\/\"}}]}<\/script>\n<!-- \/ Yoast SEO plugin. -->","yoast_head_json":{"title":"Comentario B\u00edblico Hist\u00f3rico Ilustrado - Alfred Edersheim - tzionlibreria.com","robots":{"index":"index","follow":"follow","max-snippet":"max-snippet:-1","max-image-preview":"max-image-preview:large","max-video-preview":"max-video-preview:-1"},"canonical":"https:\/\/tzionlibreria.com\/index.php\/product\/comentario-biblico-historico-ilustrado-alfred-edersheim\/","og_locale":"es_ES","og_type":"article","og_title":"Comentario B\u00edblico Hist\u00f3rico Ilustrado - Alfred Edersheim - tzionlibreria.com","og_description":"Edersheim ha sido mundialmente reconocido y apreciado, como el hombre que mejor ha sabido analizar y explicar al mundo cristiano el contexto de usos y costumbres judaicas que forman el contexto hist\u00f3rico del Antiguo Testamento y Nuevo Testamento. Sus dos obras fundamentales y mundialmente conocidas: Comentario Hist\u00f3rico al Antiguo Testamento La vida y los tiempos [&hellip;]","og_url":"https:\/\/tzionlibreria.com\/index.php\/product\/comentario-biblico-historico-ilustrado-alfred-edersheim\/","og_site_name":"tzionlibreria.com","article_modified_time":"2024-02-29T16:33:08+00:00","og_image":[{"width":1200,"height":1200,"url":"http:\/\/tzionlibreria.com\/wp-content\/uploads\/2023\/11\/historia.jpg","type":"image\/jpeg"}],"twitter_card":"summary_large_image","twitter_misc":{"Tiempo de lectura":"2 minutos"},"schema":{"@context":"https:\/\/schema.org","@graph":[{"@type":"WebPage","@id":"https:\/\/tzionlibreria.com\/index.php\/product\/comentario-biblico-historico-ilustrado-alfred-edersheim\/","url":"https:\/\/tzionlibreria.com\/index.php\/product\/comentario-biblico-historico-ilustrado-alfred-edersheim\/","name":"Comentario B\u00edblico Hist\u00f3rico Ilustrado - Alfred Edersheim - tzionlibreria.com","isPartOf":{"@id":"https:\/\/tzionlibreria.com\/#website"},"primaryImageOfPage":{"@id":"https:\/\/tzionlibreria.com\/index.php\/product\/comentario-biblico-historico-ilustrado-alfred-edersheim\/#primaryimage"},"image":{"@id":"https:\/\/tzionlibreria.com\/index.php\/product\/comentario-biblico-historico-ilustrado-alfred-edersheim\/#primaryimage"},"thumbnailUrl":"https:\/\/tzionlibreria.com\/wp-content\/uploads\/2023\/11\/historia.jpg","datePublished":"2023-11-21T16:15:02+00:00","dateModified":"2024-02-29T16:33:08+00:00","breadcrumb":{"@id":"https:\/\/tzionlibreria.com\/index.php\/product\/comentario-biblico-historico-ilustrado-alfred-edersheim\/#breadcrumb"},"inLanguage":"es-CO","potentialAction":[{"@type":"ReadAction","target":["https:\/\/tzionlibreria.com\/index.php\/product\/comentario-biblico-historico-ilustrado-alfred-edersheim\/"]}]},{"@type":"ImageObject","inLanguage":"es-CO","@id":"https:\/\/tzionlibreria.com\/index.php\/product\/comentario-biblico-historico-ilustrado-alfred-edersheim\/#primaryimage","url":"https:\/\/tzionlibreria.com\/wp-content\/uploads\/2023\/11\/historia.jpg","contentUrl":"https:\/\/tzionlibreria.com\/wp-content\/uploads\/2023\/11\/historia.jpg","width":1200,"height":1200},{"@type":"BreadcrumbList","@id":"https:\/\/tzionlibreria.com\/index.php\/product\/comentario-biblico-historico-ilustrado-alfred-edersheim\/#breadcrumb","itemListElement":[{"@type":"ListItem","position":1,"name":"Inicio","item":"https:\/\/tzionlibreria.com\/"},{"@type":"ListItem","position":2,"name":"Shop","item":"https:\/\/tzionlibreria.com\/index.php\/shop\/"},{"@type":"ListItem","position":3,"name":"Comentario B\u00edblico Hist\u00f3rico Ilustrado &#8211; Alfred Edersheim"}]},{"@type":"WebSite","@id":"https:\/\/tzionlibreria.com\/#website","url":"https:\/\/tzionlibreria.com\/","name":"tzionlibreria.com","description":"Libreria Cristiana Venezuela","publisher":{"@id":"https:\/\/tzionlibreria.com\/#organization"},"potentialAction":[{"@type":"SearchAction","target":{"@type":"EntryPoint","urlTemplate":"https:\/\/tzionlibreria.com\/?s={search_term_string}"},"query-input":{"@type":"PropertyValueSpecification","valueRequired":true,"valueName":"search_term_string"}}],"inLanguage":"es-CO"},{"@type":"Organization","@id":"https:\/\/tzionlibreria.com\/#organization","name":"tzionlibreria.com","url":"https:\/\/tzionlibreria.com\/","logo":{"@type":"ImageObject","inLanguage":"es-CO","@id":"https:\/\/tzionlibreria.com\/#\/schema\/logo\/image\/","url":"https:\/\/tzionlibreria.com\/wp-content\/uploads\/2023\/10\/cropped-Cuadricula-scaled-1.jpg","contentUrl":"https:\/\/tzionlibreria.com\/wp-content\/uploads\/2023\/10\/cropped-Cuadricula-scaled-1.jpg","width":2560,"height":2560,"caption":"tzionlibreria.com"},"image":{"@id":"https:\/\/tzionlibreria.com\/#\/schema\/logo\/image\/"}}]}},"jetpack_sharing_enabled":true,"_links":{"self":[{"href":"https:\/\/tzionlibreria.com\/index.php\/wp-json\/wp\/v2\/product\/1653","targetHints":{"allow":["GET"]}}],"collection":[{"href":"https:\/\/tzionlibreria.com\/index.php\/wp-json\/wp\/v2\/product"}],"about":[{"href":"https:\/\/tzionlibreria.com\/index.php\/wp-json\/wp\/v2\/types\/product"}],"replies":[{"embeddable":true,"href":"https:\/\/tzionlibreria.com\/index.php\/wp-json\/wp\/v2\/comments?post=1653"}],"wp:featuredmedia":[{"embeddable":true,"href":"https:\/\/tzionlibreria.com\/index.php\/wp-json\/wp\/v2\/media\/1654"}],"wp:attachment":[{"href":"https:\/\/tzionlibreria.com\/index.php\/wp-json\/wp\/v2\/media?parent=1653"}],"wp:term":[{"taxonomy":"product_brand","embeddable":true,"href":"https:\/\/tzionlibreria.com\/index.php\/wp-json\/wp\/v2\/product_brand?post=1653"},{"taxonomy":"product_cat","embeddable":true,"href":"https:\/\/tzionlibreria.com\/index.php\/wp-json\/wp\/v2\/product_cat?post=1653"},{"taxonomy":"product_tag","embeddable":true,"href":"https:\/\/tzionlibreria.com\/index.php\/wp-json\/wp\/v2\/product_tag?post=1653"}],"curies":[{"name":"wp","href":"https:\/\/api.w.org\/{rel}","templated":true}]}}