{"id":1670,"date":"2023-11-21T16:24:28","date_gmt":"2023-11-21T16:24:28","guid":{"rendered":"https:\/\/tzionlibreria.com\/?post_type=product&#038;p=1670"},"modified":"2024-02-29T16:32:12","modified_gmt":"2024-02-29T16:32:12","slug":"juan-comentario-biblico-con-aplicacion-nvi-gary-m-burge","status":"publish","type":"product","link":"https:\/\/tzionlibreria.com\/index.php\/product\/juan-comentario-biblico-con-aplicacion-nvi-gary-m-burge\/","title":{"rendered":"Juan &#8211; Comentario B\u00edblico con Aplicaci\u00f3n (NVI) &#8211; Gary M. Burge"},"content":{"rendered":"<div>JUAN Del texto b\u00edblico una aplicaci\u00f3n contempor\u00e1nea LA MAYOR\u00cdA DE LOS COMENTARIOS B\u00cdBLICOS solo son un viaje de ida: nos llevan del siglo veintiuno al siglo primero. Pero nos dejan all\u00ed, dando por sentado que de alg\u00fan modo sabernos regresar por nosotros mismos. Dicho de otro modo, se centran en el significado original del pasaje, sin embargo, no se adentran en su aplicaci\u00f3n a la vida contempor\u00e1nea.<\/div>\n<div><\/div>\n<div>La informaci\u00f3n que ofrecen es muy valiosa, pero resulta tan solo una ayuda a medias. LOS COMENTARIOS B\u00cdBLICOS CON APLICACI\u00d3N NVI nos ayudan con las dos partes de la tarea interpretativa, es decir, tambi\u00e9n nos ayudan a aplicar un mensaje de otra \u00e9poca a nuestro contexto actual. Esta serie no solo nos explica lo que signific\u00f3 para los lectores originales, sino que nos demuestra que tambi\u00e9n hay un mensaje poderoso para la iglesia de hoy. Para lograrlo analiza cada pasaje entres partes:<\/div>\n<div>\n<ol>\n<li>Sentido original.<\/li>\n<li>Construyendo puentes entre los contextos del autor b\u00edblico y el nuestro.<\/li>\n<li>Significado contempor\u00e1neo.<\/li>\n<\/ol>\n<\/div>\n<div><\/div>\n<div>En Servoluci\u00f3n, Dino Rizzo relata la historia de su implacable af\u00e1n en buscar formas de bendecir a los afligidos en el nombre de Jes\u00fas. Te asombrar\u00e1 e inspirar\u00e1 conocer c\u00f3mo Dios ha utilizado a la Iglesia Centro de Sanidades para satisfacer las necesidades de miles de personas. Cada cap\u00edtulo incluye sugerencias pr\u00e1cticas y recursos para el beneficio de cualquier iglesia. Encuentra est\u00edmulo en el testimonio de c\u00f3mo el Esp\u00edritu de Dios puede facultar y bendecir t\u00fa ministerio a trav\u00e9s de la sencilla pasi\u00f3n de servir a otros. Dondequiera que est\u00e9s y cualesquiera que sean tus dones, t\u00fa puedes jugar un papel fundamental en esta revoluci\u00f3n a trav\u00e9s del servicio.<\/div>\n<div><\/div>\n<div><strong>ISBN<\/strong>: 9780829750010<br \/>\n<strong>Editorial<\/strong>:\u00a0Vida<br \/>\n<strong>Dimensiones<\/strong>: 16 x 24 x 5 cm<br \/>\n<strong>Peso<\/strong>: 1,000kg<br \/>\n<strong>Cubierta<\/strong>: Tapa Dura<br \/>\n<strong>N\u00famero de p\u00e1ginas<\/strong>: 624<br \/>\n<strong>Idioma<\/strong>: Espa\u00f1ol<\/div>\n","protected":false},"excerpt":{"rendered":"<p>JUAN Del texto b\u00edblico una aplicaci\u00f3n contempor\u00e1nea LA MAYOR\u00cdA DE LOS COMENTARIOS B\u00cdBLICOS solo son un viaje de ida: nos llevan del siglo veintiuno al siglo primero. Pero nos dejan all\u00ed, dando por sentado que de alg\u00fan modo sabernos regresar por nosotros mismos. Dicho de otro modo, se centran en el significado original del pasaje, [&hellip;]<\/p>\n","protected":false},"featured_media":1671,"comment_status":"open","ping_status":"closed","template":"","meta":{"om_disable_all_campaigns":false,"_monsterinsights_skip_tracking":false,"_monsterinsights_sitenote_active":false,"_monsterinsights_sitenote_note":"","_monsterinsights_sitenote_category":0,"site-sidebar-layout":"default","site-content-layout":"","ast-site-content-layout":"default","site-content-style":"default","site-sidebar-style":"default","ast-global-header-display":"","ast-banner-title-visibility":"","ast-main-header-display":"","ast-hfb-above-header-display":"","ast-hfb-below-header-display":"","ast-hfb-mobile-header-display":"","site-post-title":"","ast-breadcrumbs-content":"","ast-featured-img":"","footer-sml-layout":"","ast-disable-related-posts":"","theme-transparent-header-meta":"default","adv-header-id-meta":"","stick-header-meta":"","header-above-stick-meta":"","header-main-stick-meta":"","header-below-stick-meta":"","astra-migrate-meta-layouts":"set","ast-page-background-enabled":"default","ast-page-background-meta":{"desktop":{"background-color":"var(--ast-global-color-4)","background-image":"","background-repeat":"repeat","background-position":"center center","background-size":"auto","background-attachment":"scroll","background-type":"","background-media":"","overlay-type":"","overlay-color":"","overlay-opacity":"","overlay-gradient":""},"tablet":{"background-color":"","background-image":"","background-repeat":"repeat","background-position":"center center","background-size":"auto","background-attachment":"scroll","background-type":"","background-media":"","overlay-type":"","overlay-color":"","overlay-opacity":"","overlay-gradient":""},"mobile":{"background-color":"","background-image":"","background-repeat":"repeat","background-position":"center center","background-size":"auto","background-attachment":"scroll","background-type":"","background-media":"","overlay-type":"","overlay-color":"","overlay-opacity":"","overlay-gradient":""}},"ast-content-background-meta":{"desktop":{"background-color":"var(--ast-global-color-5)","background-image":"","background-repeat":"repeat","background-position":"center center","background-size":"auto","background-attachment":"scroll","background-type":"","background-media":"","overlay-type":"","overlay-color":"","overlay-opacity":"","overlay-gradient":""},"tablet":{"background-color":"var(--ast-global-color-5)","background-image":"","background-repeat":"repeat","background-position":"center center","background-size":"auto","background-attachment":"scroll","background-type":"","background-media":"","overlay-type":"","overlay-color":"","overlay-opacity":"","overlay-gradient":""},"mobile":{"background-color":"var(--ast-global-color-5)","background-image":"","background-repeat":"repeat","background-position":"center center","background-size":"auto","background-attachment":"scroll","background-type":"","background-media":"","overlay-type":"","overlay-color":"","overlay-opacity":"","overlay-gradient":""}}},"product_brand":[],"product_cat":[53,26],"product_tag":[],"class_list":{"0":"post-1670","1":"product","2":"type-product","3":"status-publish","4":"has-post-thumbnail","6":"product_cat-comentarios-biblicos","7":"product_cat-teologia","8":"desktop-align-left","9":"tablet-align-left","10":"mobile-align-left","12":"first","13":"instock","14":"shipping-taxable","15":"purchasable","16":"product-type-simple"},"yoast_head":"<!-- This site is optimized with the Yoast SEO plugin v27.4 - https:\/\/yoast.com\/product\/yoast-seo-wordpress\/ -->\n<title>Juan - Comentario B\u00edblico con Aplicaci\u00f3n (NVI) - Gary M. Burge - tzionlibreria.com<\/title>\n<meta name=\"robots\" content=\"index, follow, max-snippet:-1, max-image-preview:large, max-video-preview:-1\" \/>\n<link rel=\"canonical\" href=\"https:\/\/tzionlibreria.com\/index.php\/product\/juan-comentario-biblico-con-aplicacion-nvi-gary-m-burge\/\" \/>\n<meta property=\"og:locale\" content=\"es_ES\" \/>\n<meta property=\"og:type\" content=\"article\" \/>\n<meta property=\"og:title\" content=\"Juan - Comentario B\u00edblico con Aplicaci\u00f3n (NVI) - Gary M. Burge - tzionlibreria.com\" \/>\n<meta property=\"og:description\" content=\"JUAN Del texto b\u00edblico una aplicaci\u00f3n contempor\u00e1nea LA MAYOR\u00cdA DE LOS COMENTARIOS B\u00cdBLICOS solo son un viaje de ida: nos llevan del siglo veintiuno al siglo primero. Pero nos dejan all\u00ed, dando por sentado que de alg\u00fan modo sabernos regresar por nosotros mismos. Dicho de otro modo, se centran en el significado original del pasaje, [&hellip;]\" \/>\n<meta property=\"og:url\" content=\"https:\/\/tzionlibreria.com\/index.php\/product\/juan-comentario-biblico-con-aplicacion-nvi-gary-m-burge\/\" \/>\n<meta property=\"og:site_name\" content=\"tzionlibreria.com\" \/>\n<meta property=\"article:modified_time\" content=\"2024-02-29T16:32:12+00:00\" \/>\n<meta property=\"og:image\" content=\"http:\/\/tzionlibreria.com\/wp-content\/uploads\/2023\/11\/juan.jpg\" \/>\n\t<meta property=\"og:image:width\" content=\"1200\" \/>\n\t<meta property=\"og:image:height\" content=\"1200\" \/>\n\t<meta property=\"og:image:type\" content=\"image\/jpeg\" \/>\n<meta name=\"twitter:card\" content=\"summary_large_image\" \/>\n<meta name=\"twitter:label1\" content=\"Tiempo de lectura\" \/>\n\t<meta name=\"twitter:data1\" content=\"2 minutos\" \/>\n<script type=\"application\/ld+json\" class=\"yoast-schema-graph\">{\"@context\":\"https:\\\/\\\/schema.org\",\"@graph\":[{\"@type\":\"WebPage\",\"@id\":\"https:\\\/\\\/tzionlibreria.com\\\/index.php\\\/product\\\/juan-comentario-biblico-con-aplicacion-nvi-gary-m-burge\\\/\",\"url\":\"https:\\\/\\\/tzionlibreria.com\\\/index.php\\\/product\\\/juan-comentario-biblico-con-aplicacion-nvi-gary-m-burge\\\/\",\"name\":\"Juan - Comentario B\u00edblico con Aplicaci\u00f3n (NVI) - Gary M. Burge - tzionlibreria.com\",\"isPartOf\":{\"@id\":\"https:\\\/\\\/tzionlibreria.com\\\/#website\"},\"primaryImageOfPage\":{\"@id\":\"https:\\\/\\\/tzionlibreria.com\\\/index.php\\\/product\\\/juan-comentario-biblico-con-aplicacion-nvi-gary-m-burge\\\/#primaryimage\"},\"image\":{\"@id\":\"https:\\\/\\\/tzionlibreria.com\\\/index.php\\\/product\\\/juan-comentario-biblico-con-aplicacion-nvi-gary-m-burge\\\/#primaryimage\"},\"thumbnailUrl\":\"https:\\\/\\\/tzionlibreria.com\\\/wp-content\\\/uploads\\\/2023\\\/11\\\/juan.jpg\",\"datePublished\":\"2023-11-21T16:24:28+00:00\",\"dateModified\":\"2024-02-29T16:32:12+00:00\",\"breadcrumb\":{\"@id\":\"https:\\\/\\\/tzionlibreria.com\\\/index.php\\\/product\\\/juan-comentario-biblico-con-aplicacion-nvi-gary-m-burge\\\/#breadcrumb\"},\"inLanguage\":\"es-CO\",\"potentialAction\":[{\"@type\":\"ReadAction\",\"target\":[\"https:\\\/\\\/tzionlibreria.com\\\/index.php\\\/product\\\/juan-comentario-biblico-con-aplicacion-nvi-gary-m-burge\\\/\"]}]},{\"@type\":\"ImageObject\",\"inLanguage\":\"es-CO\",\"@id\":\"https:\\\/\\\/tzionlibreria.com\\\/index.php\\\/product\\\/juan-comentario-biblico-con-aplicacion-nvi-gary-m-burge\\\/#primaryimage\",\"url\":\"https:\\\/\\\/tzionlibreria.com\\\/wp-content\\\/uploads\\\/2023\\\/11\\\/juan.jpg\",\"contentUrl\":\"https:\\\/\\\/tzionlibreria.com\\\/wp-content\\\/uploads\\\/2023\\\/11\\\/juan.jpg\",\"width\":1200,\"height\":1200},{\"@type\":\"BreadcrumbList\",\"@id\":\"https:\\\/\\\/tzionlibreria.com\\\/index.php\\\/product\\\/juan-comentario-biblico-con-aplicacion-nvi-gary-m-burge\\\/#breadcrumb\",\"itemListElement\":[{\"@type\":\"ListItem\",\"position\":1,\"name\":\"Inicio\",\"item\":\"https:\\\/\\\/tzionlibreria.com\\\/\"},{\"@type\":\"ListItem\",\"position\":2,\"name\":\"Shop\",\"item\":\"https:\\\/\\\/tzionlibreria.com\\\/index.php\\\/shop\\\/\"},{\"@type\":\"ListItem\",\"position\":3,\"name\":\"Juan &#8211; Comentario B\u00edblico con Aplicaci\u00f3n (NVI) &#8211; Gary M. Burge\"}]},{\"@type\":\"WebSite\",\"@id\":\"https:\\\/\\\/tzionlibreria.com\\\/#website\",\"url\":\"https:\\\/\\\/tzionlibreria.com\\\/\",\"name\":\"tzionlibreria.com\",\"description\":\"Libreria Cristiana Venezuela\",\"publisher\":{\"@id\":\"https:\\\/\\\/tzionlibreria.com\\\/#organization\"},\"potentialAction\":[{\"@type\":\"SearchAction\",\"target\":{\"@type\":\"EntryPoint\",\"urlTemplate\":\"https:\\\/\\\/tzionlibreria.com\\\/?s={search_term_string}\"},\"query-input\":{\"@type\":\"PropertyValueSpecification\",\"valueRequired\":true,\"valueName\":\"search_term_string\"}}],\"inLanguage\":\"es-CO\"},{\"@type\":\"Organization\",\"@id\":\"https:\\\/\\\/tzionlibreria.com\\\/#organization\",\"name\":\"tzionlibreria.com\",\"url\":\"https:\\\/\\\/tzionlibreria.com\\\/\",\"logo\":{\"@type\":\"ImageObject\",\"inLanguage\":\"es-CO\",\"@id\":\"https:\\\/\\\/tzionlibreria.com\\\/#\\\/schema\\\/logo\\\/image\\\/\",\"url\":\"https:\\\/\\\/tzionlibreria.com\\\/wp-content\\\/uploads\\\/2023\\\/10\\\/cropped-Cuadricula-scaled-1.jpg\",\"contentUrl\":\"https:\\\/\\\/tzionlibreria.com\\\/wp-content\\\/uploads\\\/2023\\\/10\\\/cropped-Cuadricula-scaled-1.jpg\",\"width\":2560,\"height\":2560,\"caption\":\"tzionlibreria.com\"},\"image\":{\"@id\":\"https:\\\/\\\/tzionlibreria.com\\\/#\\\/schema\\\/logo\\\/image\\\/\"}}]}<\/script>\n<!-- \/ Yoast SEO plugin. -->","yoast_head_json":{"title":"Juan - Comentario B\u00edblico con Aplicaci\u00f3n (NVI) - Gary M. Burge - tzionlibreria.com","robots":{"index":"index","follow":"follow","max-snippet":"max-snippet:-1","max-image-preview":"max-image-preview:large","max-video-preview":"max-video-preview:-1"},"canonical":"https:\/\/tzionlibreria.com\/index.php\/product\/juan-comentario-biblico-con-aplicacion-nvi-gary-m-burge\/","og_locale":"es_ES","og_type":"article","og_title":"Juan - Comentario B\u00edblico con Aplicaci\u00f3n (NVI) - Gary M. Burge - tzionlibreria.com","og_description":"JUAN Del texto b\u00edblico una aplicaci\u00f3n contempor\u00e1nea LA MAYOR\u00cdA DE LOS COMENTARIOS B\u00cdBLICOS solo son un viaje de ida: nos llevan del siglo veintiuno al siglo primero. Pero nos dejan all\u00ed, dando por sentado que de alg\u00fan modo sabernos regresar por nosotros mismos. Dicho de otro modo, se centran en el significado original del pasaje, [&hellip;]","og_url":"https:\/\/tzionlibreria.com\/index.php\/product\/juan-comentario-biblico-con-aplicacion-nvi-gary-m-burge\/","og_site_name":"tzionlibreria.com","article_modified_time":"2024-02-29T16:32:12+00:00","og_image":[{"width":1200,"height":1200,"url":"http:\/\/tzionlibreria.com\/wp-content\/uploads\/2023\/11\/juan.jpg","type":"image\/jpeg"}],"twitter_card":"summary_large_image","twitter_misc":{"Tiempo de lectura":"2 minutos"},"schema":{"@context":"https:\/\/schema.org","@graph":[{"@type":"WebPage","@id":"https:\/\/tzionlibreria.com\/index.php\/product\/juan-comentario-biblico-con-aplicacion-nvi-gary-m-burge\/","url":"https:\/\/tzionlibreria.com\/index.php\/product\/juan-comentario-biblico-con-aplicacion-nvi-gary-m-burge\/","name":"Juan - Comentario B\u00edblico con Aplicaci\u00f3n (NVI) - Gary M. Burge - tzionlibreria.com","isPartOf":{"@id":"https:\/\/tzionlibreria.com\/#website"},"primaryImageOfPage":{"@id":"https:\/\/tzionlibreria.com\/index.php\/product\/juan-comentario-biblico-con-aplicacion-nvi-gary-m-burge\/#primaryimage"},"image":{"@id":"https:\/\/tzionlibreria.com\/index.php\/product\/juan-comentario-biblico-con-aplicacion-nvi-gary-m-burge\/#primaryimage"},"thumbnailUrl":"https:\/\/tzionlibreria.com\/wp-content\/uploads\/2023\/11\/juan.jpg","datePublished":"2023-11-21T16:24:28+00:00","dateModified":"2024-02-29T16:32:12+00:00","breadcrumb":{"@id":"https:\/\/tzionlibreria.com\/index.php\/product\/juan-comentario-biblico-con-aplicacion-nvi-gary-m-burge\/#breadcrumb"},"inLanguage":"es-CO","potentialAction":[{"@type":"ReadAction","target":["https:\/\/tzionlibreria.com\/index.php\/product\/juan-comentario-biblico-con-aplicacion-nvi-gary-m-burge\/"]}]},{"@type":"ImageObject","inLanguage":"es-CO","@id":"https:\/\/tzionlibreria.com\/index.php\/product\/juan-comentario-biblico-con-aplicacion-nvi-gary-m-burge\/#primaryimage","url":"https:\/\/tzionlibreria.com\/wp-content\/uploads\/2023\/11\/juan.jpg","contentUrl":"https:\/\/tzionlibreria.com\/wp-content\/uploads\/2023\/11\/juan.jpg","width":1200,"height":1200},{"@type":"BreadcrumbList","@id":"https:\/\/tzionlibreria.com\/index.php\/product\/juan-comentario-biblico-con-aplicacion-nvi-gary-m-burge\/#breadcrumb","itemListElement":[{"@type":"ListItem","position":1,"name":"Inicio","item":"https:\/\/tzionlibreria.com\/"},{"@type":"ListItem","position":2,"name":"Shop","item":"https:\/\/tzionlibreria.com\/index.php\/shop\/"},{"@type":"ListItem","position":3,"name":"Juan &#8211; Comentario B\u00edblico con Aplicaci\u00f3n (NVI) &#8211; Gary M. Burge"}]},{"@type":"WebSite","@id":"https:\/\/tzionlibreria.com\/#website","url":"https:\/\/tzionlibreria.com\/","name":"tzionlibreria.com","description":"Libreria Cristiana Venezuela","publisher":{"@id":"https:\/\/tzionlibreria.com\/#organization"},"potentialAction":[{"@type":"SearchAction","target":{"@type":"EntryPoint","urlTemplate":"https:\/\/tzionlibreria.com\/?s={search_term_string}"},"query-input":{"@type":"PropertyValueSpecification","valueRequired":true,"valueName":"search_term_string"}}],"inLanguage":"es-CO"},{"@type":"Organization","@id":"https:\/\/tzionlibreria.com\/#organization","name":"tzionlibreria.com","url":"https:\/\/tzionlibreria.com\/","logo":{"@type":"ImageObject","inLanguage":"es-CO","@id":"https:\/\/tzionlibreria.com\/#\/schema\/logo\/image\/","url":"https:\/\/tzionlibreria.com\/wp-content\/uploads\/2023\/10\/cropped-Cuadricula-scaled-1.jpg","contentUrl":"https:\/\/tzionlibreria.com\/wp-content\/uploads\/2023\/10\/cropped-Cuadricula-scaled-1.jpg","width":2560,"height":2560,"caption":"tzionlibreria.com"},"image":{"@id":"https:\/\/tzionlibreria.com\/#\/schema\/logo\/image\/"}}]}},"jetpack_sharing_enabled":true,"_links":{"self":[{"href":"https:\/\/tzionlibreria.com\/index.php\/wp-json\/wp\/v2\/product\/1670","targetHints":{"allow":["GET"]}}],"collection":[{"href":"https:\/\/tzionlibreria.com\/index.php\/wp-json\/wp\/v2\/product"}],"about":[{"href":"https:\/\/tzionlibreria.com\/index.php\/wp-json\/wp\/v2\/types\/product"}],"replies":[{"embeddable":true,"href":"https:\/\/tzionlibreria.com\/index.php\/wp-json\/wp\/v2\/comments?post=1670"}],"wp:featuredmedia":[{"embeddable":true,"href":"https:\/\/tzionlibreria.com\/index.php\/wp-json\/wp\/v2\/media\/1671"}],"wp:attachment":[{"href":"https:\/\/tzionlibreria.com\/index.php\/wp-json\/wp\/v2\/media?parent=1670"}],"wp:term":[{"taxonomy":"product_brand","embeddable":true,"href":"https:\/\/tzionlibreria.com\/index.php\/wp-json\/wp\/v2\/product_brand?post=1670"},{"taxonomy":"product_cat","embeddable":true,"href":"https:\/\/tzionlibreria.com\/index.php\/wp-json\/wp\/v2\/product_cat?post=1670"},{"taxonomy":"product_tag","embeddable":true,"href":"https:\/\/tzionlibreria.com\/index.php\/wp-json\/wp\/v2\/product_tag?post=1670"}],"curies":[{"name":"wp","href":"https:\/\/api.w.org\/{rel}","templated":true}]}}