{"id":1674,"date":"2023-11-21T16:27:54","date_gmt":"2023-11-21T16:27:54","guid":{"rendered":"https:\/\/tzionlibreria.com\/?post_type=product&#038;p=1674"},"modified":"2024-02-29T16:32:01","modified_gmt":"2024-02-29T16:32:01","slug":"comentario-biblico-de-william-macdonald-antiguo-testamento-y-nuevo-testamento","status":"publish","type":"product","link":"https:\/\/tzionlibreria.com\/index.php\/product\/comentario-biblico-de-william-macdonald-antiguo-testamento-y-nuevo-testamento\/","title":{"rendered":"Comentario B\u00edblico de William MacDonald &#8211; Antiguo Testamento y Nuevo Testamento"},"content":{"rendered":"<p>El Comentario B\u00edblico de William MacDonald es la culminaci\u00f3n de cuatro d\u00e9cadas de trabajo, estudio paciente y dedicaci\u00f3n constante por parte de uno de los m\u00e1s reconocidos y admirados ex\u00e9getas del siglo XXI; meta que se impuso a la edad de treinta a\u00f1os. El resultado de su esfuerzo ha sido un \u00e9xito editorial y una bendici\u00f3n para cientos de miles de pastores y estudiantes. Su trabajo ha sido valorado por los cr\u00edticos como una de las mejores exposiciones que existen sobre el texto b\u00edblico.<\/p>\n<p>Su punto fuerte radica en la combinaci\u00f3n perfecta de la ex\u00e9gesis anal\u00edtica con los pensamientos devocionales. Sus principales cualidades son:<\/p>\n<ul>\n<li>Su Claridad- Desarrolla y deshilvana de manera erudita los temas m\u00e1s complicados y los conceptos teol\u00f3gicos m\u00e1s dif\u00edciles, haci\u00e9ndolos claros y comprensibles a cualquier lector.<\/li>\n<li>Su Apertura- A pesar de haber sido escrito por un autor conservador y desde una perspectiva conservadora-cuyos puntos de vista propone y defiende con magistral eficacia-, presenta tambi\u00e9n posiciones teol\u00f3gicas distintas u opuestas con una ecuanimidad verdaderamente loable.<\/li>\n<li>Sus Aplicaciones Pr\u00e1cticas- una vez analizado el pasaje y extra\u00edda su ense\u00f1anza, desarrolla la aplicaci\u00f3n pr\u00e1ctica de la misma a los problemas comunes de la sociedad actual y de la iglesia de hoy.<\/li>\n<\/ul>\n<p>El cuerpo del comentario lo desarrolla vers\u00edculo a vers\u00edculo, pero presenta todo el material expositivo organizado a modo de bosquejo, mediante t\u00edtulos y subt\u00edtulos- lo que resulta de inmensa ayuda al predicador-, intercalando, seg\u00fan el caso, excursos tem\u00e1ticos o t\u00f3picos. Cuando el tema es suficientemente importante, incluye un estudio completo sobre el mismo, con independencia del comentario. Adem\u00e1s, permite no solo un estudio exeg\u00e9tico vers\u00edculo a vers\u00edculo y pasaje a pasaje-seg\u00fan los objetivos de la consulta-, sino tambi\u00e9n el estudio t\u00f3pico o tem\u00e1tico a trav\u00e9s de toda la Biblia partiendo del propio pasaje o texto b\u00edblico donde se plantea el tema o surge la ense\u00f1anza correspondiente.<\/p>\n<p>Con todo, su mayor virtud es la coherencia. Ne elude los pasajes dif\u00edciles, antes por el contrario los trata con maestr\u00eda. En los aspectos controversiales adopta una posici\u00f3n propia y definida pese a que admite y comenta otras interpretaciones y puntos de vista de otros comentaristas. La exposici\u00f3n, ya de por s\u00ed s\u00f3lida y documentada, viene enriquecida con otras opiniones y citas referentes al pasaje tratado procedentes de un amplio espectro de los mejores escritores cristianos de todos los tiempos, como Agust\u00edn de Hipona, Mart\u00edn Lutero, Juan Calvino, Carlos Wesley, J.N. Darby, J.C. Ryle, C.H. Spurgeon, Gidet, Lang, Meyer, Ironside, Robertson y muchos m\u00e1s.<\/p>\n<p>Se completa con numerosos mapas de las tierras b\u00edblicas para mostrar d\u00f3nde se ubican los pasajes comentados, diagramas de personajes y sucesos, as\u00ed como abundantes fotograf\u00edas y dibujos destinados a ilustrar los principales lugares y objetos.<\/p>\n<p>Se trata, pues, de un comentario b\u00edblico excepcional, que va mucho m\u00e1s all\u00e1 en los enfoques exeg\u00e9ticos y ofrece mucho m\u00e1s de lo que ofrecen los dem\u00e1s comentarios. En definitiva, una herramienta indispensable para todo pastor, predicador, maestro y estudiante de la Biblia en el mundo hispano.<\/p>\n<p>&nbsp;<\/p>\n<p><strong>ISBN<\/strong>: 9788482674100<br \/>\n<strong>Editorial<\/strong>:\u00a0CLIE<br \/>\n<strong>Dimensiones<\/strong>: 21 x 28 x 5 cm<br \/>\n<strong>Peso<\/strong>: 2,506kg<br \/>\n<strong>Cubierta<\/strong>: Tapa Dura<br \/>\n<strong>Idioma<\/strong>: Espa\u00f1ol<\/p>\n","protected":false},"excerpt":{"rendered":"<p>El Comentario B\u00edblico de William MacDonald es la culminaci\u00f3n de cuatro d\u00e9cadas de trabajo, estudio paciente y dedicaci\u00f3n constante por parte de uno de los m\u00e1s reconocidos y admirados ex\u00e9getas del siglo XXI; meta que se impuso a la edad de treinta a\u00f1os. El resultado de su esfuerzo ha sido un \u00e9xito editorial y una [&hellip;]<\/p>\n","protected":false},"featured_media":1675,"comment_status":"open","ping_status":"closed","template":"","meta":{"om_disable_all_campaigns":false,"_monsterinsights_skip_tracking":false,"_monsterinsights_sitenote_active":false,"_monsterinsights_sitenote_note":"","_monsterinsights_sitenote_category":0,"site-sidebar-layout":"default","site-content-layout":"","ast-site-content-layout":"default","site-content-style":"default","site-sidebar-style":"default","ast-global-header-display":"","ast-banner-title-visibility":"","ast-main-header-display":"","ast-hfb-above-header-display":"","ast-hfb-below-header-display":"","ast-hfb-mobile-header-display":"","site-post-title":"","ast-breadcrumbs-content":"","ast-featured-img":"","footer-sml-layout":"","ast-disable-related-posts":"","theme-transparent-header-meta":"default","adv-header-id-meta":"","stick-header-meta":"","header-above-stick-meta":"","header-main-stick-meta":"","header-below-stick-meta":"","astra-migrate-meta-layouts":"set","ast-page-background-enabled":"default","ast-page-background-meta":{"desktop":{"background-color":"var(--ast-global-color-4)","background-image":"","background-repeat":"repeat","background-position":"center center","background-size":"auto","background-attachment":"scroll","background-type":"","background-media":"","overlay-type":"","overlay-color":"","overlay-opacity":"","overlay-gradient":""},"tablet":{"background-color":"","background-image":"","background-repeat":"repeat","background-position":"center center","background-size":"auto","background-attachment":"scroll","background-type":"","background-media":"","overlay-type":"","overlay-color":"","overlay-opacity":"","overlay-gradient":""},"mobile":{"background-color":"","background-image":"","background-repeat":"repeat","background-position":"center center","background-size":"auto","background-attachment":"scroll","background-type":"","background-media":"","overlay-type":"","overlay-color":"","overlay-opacity":"","overlay-gradient":""}},"ast-content-background-meta":{"desktop":{"background-color":"var(--ast-global-color-5)","background-image":"","background-repeat":"repeat","background-position":"center center","background-size":"auto","background-attachment":"scroll","background-type":"","background-media":"","overlay-type":"","overlay-color":"","overlay-opacity":"","overlay-gradient":""},"tablet":{"background-color":"var(--ast-global-color-5)","background-image":"","background-repeat":"repeat","background-position":"center center","background-size":"auto","background-attachment":"scroll","background-type":"","background-media":"","overlay-type":"","overlay-color":"","overlay-opacity":"","overlay-gradient":""},"mobile":{"background-color":"var(--ast-global-color-5)","background-image":"","background-repeat":"repeat","background-position":"center center","background-size":"auto","background-attachment":"scroll","background-type":"","background-media":"","overlay-type":"","overlay-color":"","overlay-opacity":"","overlay-gradient":""}}},"product_brand":[],"product_cat":[53,26],"product_tag":[],"class_list":{"0":"post-1674","1":"product","2":"type-product","3":"status-publish","4":"has-post-thumbnail","6":"product_cat-comentarios-biblicos","7":"product_cat-teologia","8":"desktop-align-left","9":"tablet-align-left","10":"mobile-align-left","12":"first","13":"instock","14":"shipping-taxable","15":"purchasable","16":"product-type-simple"},"yoast_head":"<!-- This site is optimized with the Yoast SEO plugin v27.4 - https:\/\/yoast.com\/product\/yoast-seo-wordpress\/ -->\n<title>Comentario B\u00edblico de William MacDonald - Antiguo Testamento y Nuevo Testamento - tzionlibreria.com<\/title>\n<meta name=\"robots\" content=\"index, follow, max-snippet:-1, max-image-preview:large, max-video-preview:-1\" \/>\n<link rel=\"canonical\" href=\"https:\/\/tzionlibreria.com\/index.php\/product\/comentario-biblico-de-william-macdonald-antiguo-testamento-y-nuevo-testamento\/\" \/>\n<meta property=\"og:locale\" content=\"es_ES\" \/>\n<meta property=\"og:type\" content=\"article\" \/>\n<meta property=\"og:title\" content=\"Comentario B\u00edblico de William MacDonald - Antiguo Testamento y Nuevo Testamento - tzionlibreria.com\" \/>\n<meta property=\"og:description\" content=\"El Comentario B\u00edblico de William MacDonald es la culminaci\u00f3n de cuatro d\u00e9cadas de trabajo, estudio paciente y dedicaci\u00f3n constante por parte de uno de los m\u00e1s reconocidos y admirados ex\u00e9getas del siglo XXI; meta que se impuso a la edad de treinta a\u00f1os. El resultado de su esfuerzo ha sido un \u00e9xito editorial y una [&hellip;]\" \/>\n<meta property=\"og:url\" content=\"https:\/\/tzionlibreria.com\/index.php\/product\/comentario-biblico-de-william-macdonald-antiguo-testamento-y-nuevo-testamento\/\" \/>\n<meta property=\"og:site_name\" content=\"tzionlibreria.com\" \/>\n<meta property=\"article:modified_time\" content=\"2024-02-29T16:32:01+00:00\" \/>\n<meta property=\"og:image\" content=\"http:\/\/tzionlibreria.com\/wp-content\/uploads\/2023\/11\/mac.jpg\" \/>\n\t<meta property=\"og:image:width\" content=\"1200\" \/>\n\t<meta property=\"og:image:height\" content=\"1200\" \/>\n\t<meta property=\"og:image:type\" content=\"image\/jpeg\" \/>\n<meta name=\"twitter:card\" content=\"summary_large_image\" \/>\n<meta name=\"twitter:label1\" content=\"Tiempo de lectura\" \/>\n\t<meta name=\"twitter:data1\" content=\"3 minutos\" \/>\n<script type=\"application\/ld+json\" class=\"yoast-schema-graph\">{\"@context\":\"https:\\\/\\\/schema.org\",\"@graph\":[{\"@type\":\"WebPage\",\"@id\":\"https:\\\/\\\/tzionlibreria.com\\\/index.php\\\/product\\\/comentario-biblico-de-william-macdonald-antiguo-testamento-y-nuevo-testamento\\\/\",\"url\":\"https:\\\/\\\/tzionlibreria.com\\\/index.php\\\/product\\\/comentario-biblico-de-william-macdonald-antiguo-testamento-y-nuevo-testamento\\\/\",\"name\":\"Comentario B\u00edblico de William MacDonald - Antiguo Testamento y Nuevo Testamento - tzionlibreria.com\",\"isPartOf\":{\"@id\":\"https:\\\/\\\/tzionlibreria.com\\\/#website\"},\"primaryImageOfPage\":{\"@id\":\"https:\\\/\\\/tzionlibreria.com\\\/index.php\\\/product\\\/comentario-biblico-de-william-macdonald-antiguo-testamento-y-nuevo-testamento\\\/#primaryimage\"},\"image\":{\"@id\":\"https:\\\/\\\/tzionlibreria.com\\\/index.php\\\/product\\\/comentario-biblico-de-william-macdonald-antiguo-testamento-y-nuevo-testamento\\\/#primaryimage\"},\"thumbnailUrl\":\"https:\\\/\\\/tzionlibreria.com\\\/wp-content\\\/uploads\\\/2023\\\/11\\\/mac.jpg\",\"datePublished\":\"2023-11-21T16:27:54+00:00\",\"dateModified\":\"2024-02-29T16:32:01+00:00\",\"breadcrumb\":{\"@id\":\"https:\\\/\\\/tzionlibreria.com\\\/index.php\\\/product\\\/comentario-biblico-de-william-macdonald-antiguo-testamento-y-nuevo-testamento\\\/#breadcrumb\"},\"inLanguage\":\"es-CO\",\"potentialAction\":[{\"@type\":\"ReadAction\",\"target\":[\"https:\\\/\\\/tzionlibreria.com\\\/index.php\\\/product\\\/comentario-biblico-de-william-macdonald-antiguo-testamento-y-nuevo-testamento\\\/\"]}]},{\"@type\":\"ImageObject\",\"inLanguage\":\"es-CO\",\"@id\":\"https:\\\/\\\/tzionlibreria.com\\\/index.php\\\/product\\\/comentario-biblico-de-william-macdonald-antiguo-testamento-y-nuevo-testamento\\\/#primaryimage\",\"url\":\"https:\\\/\\\/tzionlibreria.com\\\/wp-content\\\/uploads\\\/2023\\\/11\\\/mac.jpg\",\"contentUrl\":\"https:\\\/\\\/tzionlibreria.com\\\/wp-content\\\/uploads\\\/2023\\\/11\\\/mac.jpg\",\"width\":1200,\"height\":1200},{\"@type\":\"BreadcrumbList\",\"@id\":\"https:\\\/\\\/tzionlibreria.com\\\/index.php\\\/product\\\/comentario-biblico-de-william-macdonald-antiguo-testamento-y-nuevo-testamento\\\/#breadcrumb\",\"itemListElement\":[{\"@type\":\"ListItem\",\"position\":1,\"name\":\"Inicio\",\"item\":\"https:\\\/\\\/tzionlibreria.com\\\/\"},{\"@type\":\"ListItem\",\"position\":2,\"name\":\"Shop\",\"item\":\"https:\\\/\\\/tzionlibreria.com\\\/index.php\\\/shop\\\/\"},{\"@type\":\"ListItem\",\"position\":3,\"name\":\"Comentario B\u00edblico de William MacDonald &#8211; Antiguo Testamento y Nuevo Testamento\"}]},{\"@type\":\"WebSite\",\"@id\":\"https:\\\/\\\/tzionlibreria.com\\\/#website\",\"url\":\"https:\\\/\\\/tzionlibreria.com\\\/\",\"name\":\"tzionlibreria.com\",\"description\":\"Libreria Cristiana Venezuela\",\"publisher\":{\"@id\":\"https:\\\/\\\/tzionlibreria.com\\\/#organization\"},\"potentialAction\":[{\"@type\":\"SearchAction\",\"target\":{\"@type\":\"EntryPoint\",\"urlTemplate\":\"https:\\\/\\\/tzionlibreria.com\\\/?s={search_term_string}\"},\"query-input\":{\"@type\":\"PropertyValueSpecification\",\"valueRequired\":true,\"valueName\":\"search_term_string\"}}],\"inLanguage\":\"es-CO\"},{\"@type\":\"Organization\",\"@id\":\"https:\\\/\\\/tzionlibreria.com\\\/#organization\",\"name\":\"tzionlibreria.com\",\"url\":\"https:\\\/\\\/tzionlibreria.com\\\/\",\"logo\":{\"@type\":\"ImageObject\",\"inLanguage\":\"es-CO\",\"@id\":\"https:\\\/\\\/tzionlibreria.com\\\/#\\\/schema\\\/logo\\\/image\\\/\",\"url\":\"https:\\\/\\\/tzionlibreria.com\\\/wp-content\\\/uploads\\\/2023\\\/10\\\/cropped-Cuadricula-scaled-1.jpg\",\"contentUrl\":\"https:\\\/\\\/tzionlibreria.com\\\/wp-content\\\/uploads\\\/2023\\\/10\\\/cropped-Cuadricula-scaled-1.jpg\",\"width\":2560,\"height\":2560,\"caption\":\"tzionlibreria.com\"},\"image\":{\"@id\":\"https:\\\/\\\/tzionlibreria.com\\\/#\\\/schema\\\/logo\\\/image\\\/\"}}]}<\/script>\n<!-- \/ Yoast SEO plugin. -->","yoast_head_json":{"title":"Comentario B\u00edblico de William MacDonald - Antiguo Testamento y Nuevo Testamento - tzionlibreria.com","robots":{"index":"index","follow":"follow","max-snippet":"max-snippet:-1","max-image-preview":"max-image-preview:large","max-video-preview":"max-video-preview:-1"},"canonical":"https:\/\/tzionlibreria.com\/index.php\/product\/comentario-biblico-de-william-macdonald-antiguo-testamento-y-nuevo-testamento\/","og_locale":"es_ES","og_type":"article","og_title":"Comentario B\u00edblico de William MacDonald - Antiguo Testamento y Nuevo Testamento - tzionlibreria.com","og_description":"El Comentario B\u00edblico de William MacDonald es la culminaci\u00f3n de cuatro d\u00e9cadas de trabajo, estudio paciente y dedicaci\u00f3n constante por parte de uno de los m\u00e1s reconocidos y admirados ex\u00e9getas del siglo XXI; meta que se impuso a la edad de treinta a\u00f1os. El resultado de su esfuerzo ha sido un \u00e9xito editorial y una [&hellip;]","og_url":"https:\/\/tzionlibreria.com\/index.php\/product\/comentario-biblico-de-william-macdonald-antiguo-testamento-y-nuevo-testamento\/","og_site_name":"tzionlibreria.com","article_modified_time":"2024-02-29T16:32:01+00:00","og_image":[{"width":1200,"height":1200,"url":"http:\/\/tzionlibreria.com\/wp-content\/uploads\/2023\/11\/mac.jpg","type":"image\/jpeg"}],"twitter_card":"summary_large_image","twitter_misc":{"Tiempo de lectura":"3 minutos"},"schema":{"@context":"https:\/\/schema.org","@graph":[{"@type":"WebPage","@id":"https:\/\/tzionlibreria.com\/index.php\/product\/comentario-biblico-de-william-macdonald-antiguo-testamento-y-nuevo-testamento\/","url":"https:\/\/tzionlibreria.com\/index.php\/product\/comentario-biblico-de-william-macdonald-antiguo-testamento-y-nuevo-testamento\/","name":"Comentario B\u00edblico de William MacDonald - Antiguo Testamento y Nuevo Testamento - tzionlibreria.com","isPartOf":{"@id":"https:\/\/tzionlibreria.com\/#website"},"primaryImageOfPage":{"@id":"https:\/\/tzionlibreria.com\/index.php\/product\/comentario-biblico-de-william-macdonald-antiguo-testamento-y-nuevo-testamento\/#primaryimage"},"image":{"@id":"https:\/\/tzionlibreria.com\/index.php\/product\/comentario-biblico-de-william-macdonald-antiguo-testamento-y-nuevo-testamento\/#primaryimage"},"thumbnailUrl":"https:\/\/tzionlibreria.com\/wp-content\/uploads\/2023\/11\/mac.jpg","datePublished":"2023-11-21T16:27:54+00:00","dateModified":"2024-02-29T16:32:01+00:00","breadcrumb":{"@id":"https:\/\/tzionlibreria.com\/index.php\/product\/comentario-biblico-de-william-macdonald-antiguo-testamento-y-nuevo-testamento\/#breadcrumb"},"inLanguage":"es-CO","potentialAction":[{"@type":"ReadAction","target":["https:\/\/tzionlibreria.com\/index.php\/product\/comentario-biblico-de-william-macdonald-antiguo-testamento-y-nuevo-testamento\/"]}]},{"@type":"ImageObject","inLanguage":"es-CO","@id":"https:\/\/tzionlibreria.com\/index.php\/product\/comentario-biblico-de-william-macdonald-antiguo-testamento-y-nuevo-testamento\/#primaryimage","url":"https:\/\/tzionlibreria.com\/wp-content\/uploads\/2023\/11\/mac.jpg","contentUrl":"https:\/\/tzionlibreria.com\/wp-content\/uploads\/2023\/11\/mac.jpg","width":1200,"height":1200},{"@type":"BreadcrumbList","@id":"https:\/\/tzionlibreria.com\/index.php\/product\/comentario-biblico-de-william-macdonald-antiguo-testamento-y-nuevo-testamento\/#breadcrumb","itemListElement":[{"@type":"ListItem","position":1,"name":"Inicio","item":"https:\/\/tzionlibreria.com\/"},{"@type":"ListItem","position":2,"name":"Shop","item":"https:\/\/tzionlibreria.com\/index.php\/shop\/"},{"@type":"ListItem","position":3,"name":"Comentario B\u00edblico de William MacDonald &#8211; Antiguo Testamento y Nuevo Testamento"}]},{"@type":"WebSite","@id":"https:\/\/tzionlibreria.com\/#website","url":"https:\/\/tzionlibreria.com\/","name":"tzionlibreria.com","description":"Libreria Cristiana Venezuela","publisher":{"@id":"https:\/\/tzionlibreria.com\/#organization"},"potentialAction":[{"@type":"SearchAction","target":{"@type":"EntryPoint","urlTemplate":"https:\/\/tzionlibreria.com\/?s={search_term_string}"},"query-input":{"@type":"PropertyValueSpecification","valueRequired":true,"valueName":"search_term_string"}}],"inLanguage":"es-CO"},{"@type":"Organization","@id":"https:\/\/tzionlibreria.com\/#organization","name":"tzionlibreria.com","url":"https:\/\/tzionlibreria.com\/","logo":{"@type":"ImageObject","inLanguage":"es-CO","@id":"https:\/\/tzionlibreria.com\/#\/schema\/logo\/image\/","url":"https:\/\/tzionlibreria.com\/wp-content\/uploads\/2023\/10\/cropped-Cuadricula-scaled-1.jpg","contentUrl":"https:\/\/tzionlibreria.com\/wp-content\/uploads\/2023\/10\/cropped-Cuadricula-scaled-1.jpg","width":2560,"height":2560,"caption":"tzionlibreria.com"},"image":{"@id":"https:\/\/tzionlibreria.com\/#\/schema\/logo\/image\/"}}]}},"jetpack_sharing_enabled":true,"_links":{"self":[{"href":"https:\/\/tzionlibreria.com\/index.php\/wp-json\/wp\/v2\/product\/1674","targetHints":{"allow":["GET"]}}],"collection":[{"href":"https:\/\/tzionlibreria.com\/index.php\/wp-json\/wp\/v2\/product"}],"about":[{"href":"https:\/\/tzionlibreria.com\/index.php\/wp-json\/wp\/v2\/types\/product"}],"replies":[{"embeddable":true,"href":"https:\/\/tzionlibreria.com\/index.php\/wp-json\/wp\/v2\/comments?post=1674"}],"wp:featuredmedia":[{"embeddable":true,"href":"https:\/\/tzionlibreria.com\/index.php\/wp-json\/wp\/v2\/media\/1675"}],"wp:attachment":[{"href":"https:\/\/tzionlibreria.com\/index.php\/wp-json\/wp\/v2\/media?parent=1674"}],"wp:term":[{"taxonomy":"product_brand","embeddable":true,"href":"https:\/\/tzionlibreria.com\/index.php\/wp-json\/wp\/v2\/product_brand?post=1674"},{"taxonomy":"product_cat","embeddable":true,"href":"https:\/\/tzionlibreria.com\/index.php\/wp-json\/wp\/v2\/product_cat?post=1674"},{"taxonomy":"product_tag","embeddable":true,"href":"https:\/\/tzionlibreria.com\/index.php\/wp-json\/wp\/v2\/product_tag?post=1674"}],"curies":[{"name":"wp","href":"https:\/\/api.w.org\/{rel}","templated":true}]}}