{"id":1694,"date":"2023-11-21T16:39:26","date_gmt":"2023-11-21T16:39:26","guid":{"rendered":"https:\/\/tzionlibreria.com\/?post_type=product&#038;p=1694"},"modified":"2024-02-29T16:30:16","modified_gmt":"2024-02-29T16:30:16","slug":"comentario-de-barclay-al-nuevo-testamento-17-tomos-en-1-william-barclay","status":"publish","type":"product","link":"https:\/\/tzionlibreria.com\/index.php\/product\/comentario-de-barclay-al-nuevo-testamento-17-tomos-en-1-william-barclay\/","title":{"rendered":"Comentario de Barclay al Nuevo Testamento 17 tomos en 1 &#8211; William Barclay"},"content":{"rendered":"<p>Dice al respecto disc\u00edpulo de Barclay y traductor adaptador al espa\u00f1ol Alberto Araujo:<\/p>\n<p>William Barclay (1907-1978), pastor de la Iglesia de Escocia y profesor de Nuevo Testamento en la Universidad de Glasgow y reconocido especialista en el griego, es internacionalmente conocido y apreciado como maestro en el arte de la exposici\u00f3n de la Palabra de Dios. Entre sus m\u00e1s de sesenta obras, la que ha alcanzado mayor difusi\u00f3n en muchos pa\u00edses y lenguas es, sin duda, su Comentario al Nuevo Testamento que presentamos en su nueva edici\u00f3n espa\u00f1ola.<\/p>\n<p>Todo empez\u00f3 con la publicaci\u00f3n improvisada y aislada de un comentario a los Hechos de los Ap\u00f3stoles; pero aquel librito manejable y econ\u00f3mico tuvo un \u00e9xito tan inesperado y extraordinario que se convirti\u00f3 en el primero de los diecisiete vol\u00famenes del Comentario al Nuevo Testamento que ahora presentamos en un solo tomo y que William Barclay complet\u00f3 en seis a\u00f1os, r\u00e9cord no superado por editoriales con muchos m\u00e1s medios y colaboradores. Est\u00e1 destinado a los muchos que, en las iglesias o fuera de ellas, leen o quisieran leer la Biblia, pero les resulta dif\u00edcil entenderla y aprovechar de su lectura tanto como quisieran.<\/p>\n<p>La estructura del comentario a cada libro del Nuevo Testamento es sencilla. William Barclay nos ofrece al principio una introducci\u00f3n con informaci\u00f3n interesante acerca del autor, los destinatarios, las circunstancias en que se escribi\u00f3 y la ense\u00f1anza de cada libro; introducci\u00f3n que ya despeja muchas inc\u00f3gnitas y revela muchos detalles. A continuaci\u00f3n, bajo un ep\u00edgrafe que nos introduce el tema, encontramos correlativamente pasajes de longitud variable en traducci\u00f3n del mismo William Barclay, seguidos de una exposici\u00f3n breve pero suficiente en la que aclara las palabras, explica las circunstancias, introduce los personajes y propone la ense\u00f1anza para nuestra vida. Es un comentario informativo, edificante y relevante.<\/p>\n<p>William Barclay sol\u00eda decir que su prop\u00f3sito era poner los resultados de la investigaci\u00f3n b\u00edblica al alcance de lectores que no tienen estudios teol\u00f3gicos, y mostrar que la perenne actualidad de la ense\u00f1anza del Nuevo Testamento la hace pertinente y aplicable a todos los aspectos de nuestra vida. Y, sobre todo, como repite una y otra vez en todos sus libros, que Jesucristo no es meramente alguien que vivi\u00f3 y muri\u00f3 hace mucho tiempo y cuya vida y ense\u00f1anzas podemos estudiar como hacemos con otros personajes hist\u00f3ricos; sino Alguien con Quien podemos tener un encuentro y de cuya compa\u00f1\u00eda y amistad podemos disfrutar. Sirva, pues, este Comentario al Nuevo Testamento, como se dice en una antigua oraci\u00f3n inglesa que Barclay coloca como lema en muchos de sus libros, para ayudarnos \u00aba conocer a Jesucristo m\u00e1s \u00edntimamente, amarle m\u00e1s entra\u00f1ablemente y seguirle m\u00e1s fielmente\u00bb. El lo escribi\u00f3, \u00aby muerto, a\u00fan habla por ellos\u00bb.<\/p>\n<p>Adem\u00e1s de las citas abundantes de los cl\u00e1sicos griegos y latinos y universales a las que nos tiene acostumbrados, y de sus referencias a escoceses famosos como Sir James Y. Simpson, el descubridor del cloroformo, y Sir James Barrie, el de Peter Pan, y a los libros de actualidad en su tiempo, William Barclay nos introduce repetidas veces en la literatura rab\u00ednica tradicional sirvi\u00e9ndonos ejemplos abundantes en los que se muestra la encarnadura de Jes\u00fas en la cultura jud\u00eda, dichos de los rabinos y sabios jud\u00edos a los que presenta tan positiva como negativamente a los escribas y fariseos, con vi\u00f1etas tomadas de fuentes jud\u00edas.<\/p>\n<p>Para nosotros, estudiantes de la Palabra de Dios, este comentario nos abre los secretos del evangelio que presenta m\u00e1s sistem\u00e1ticamente la ense\u00f1anza de Jesucristo, al haber sido escrito por alguien que posey\u00f3 el don de la ense\u00f1anza aun por encima de otros.<\/p>\n<p>El traducir estos tomos ha sido para m\u00ed una experiencia renovadora que no puedo por menos de desear compartir con todos vosotros, mis condisc\u00edpulos.<\/p>\n<p>Esta edici\u00f3n incluye:<\/p>\n<ul>\n<li>\u00cdndice anal\u00edtico de conceptos y personajes.<\/li>\n<li>\u00cdndice de patr\u00edstica, literatura judaica, apocal\u00edptica, textos ap\u00f3crifos y c\u00f3dices.<\/li>\n<li>\u00cdndice de palabras hebreas, griegas y latinas.<\/li>\n<li>Bibliograf\u00eda.<\/li>\n<\/ul>\n<p><strong>Medidas:\u00a0<\/strong>\u00a028 x 20,5 x 3,5<\/p>\n<p>&nbsp;<\/p>\n<p><strong>ISBN<\/strong>: 9788482674575<br \/>\n<strong>Editorial<\/strong>: CLIE<br \/>\n<strong>Dimensiones<\/strong>: 21 x 31 cm<br \/>\n<strong>Peso<\/strong>: 1,750kg<br \/>\n<strong>Cubierta<\/strong>: Tapa Dura<br \/>\n<strong>N\u00famero de p\u00e1ginas<\/strong>: 1257<br \/>\n<strong>Fecha de lanzamiento<\/strong>: 19.05.2006<br \/>\n<strong>Idioma<\/strong>: Espa\u00f1ol<\/p>\n","protected":false},"excerpt":{"rendered":"<p>Dice al respecto disc\u00edpulo de Barclay y traductor adaptador al espa\u00f1ol Alberto Araujo: William Barclay (1907-1978), pastor de la Iglesia de Escocia y profesor de Nuevo Testamento en la Universidad de Glasgow y reconocido especialista en el griego, es internacionalmente conocido y apreciado como maestro en el arte de la exposici\u00f3n de la Palabra de [&hellip;]<\/p>\n","protected":false},"featured_media":1695,"comment_status":"open","ping_status":"closed","template":"","meta":{"om_disable_all_campaigns":false,"_monsterinsights_skip_tracking":false,"_monsterinsights_sitenote_active":false,"_monsterinsights_sitenote_note":"","_monsterinsights_sitenote_category":0,"site-sidebar-layout":"default","site-content-layout":"","ast-site-content-layout":"default","site-content-style":"default","site-sidebar-style":"default","ast-global-header-display":"","ast-banner-title-visibility":"","ast-main-header-display":"","ast-hfb-above-header-display":"","ast-hfb-below-header-display":"","ast-hfb-mobile-header-display":"","site-post-title":"","ast-breadcrumbs-content":"","ast-featured-img":"","footer-sml-layout":"","ast-disable-related-posts":"","theme-transparent-header-meta":"default","adv-header-id-meta":"","stick-header-meta":"","header-above-stick-meta":"","header-main-stick-meta":"","header-below-stick-meta":"","astra-migrate-meta-layouts":"set","ast-page-background-enabled":"default","ast-page-background-meta":{"desktop":{"background-color":"var(--ast-global-color-4)","background-image":"","background-repeat":"repeat","background-position":"center center","background-size":"auto","background-attachment":"scroll","background-type":"","background-media":"","overlay-type":"","overlay-color":"","overlay-opacity":"","overlay-gradient":""},"tablet":{"background-color":"","background-image":"","background-repeat":"repeat","background-position":"center center","background-size":"auto","background-attachment":"scroll","background-type":"","background-media":"","overlay-type":"","overlay-color":"","overlay-opacity":"","overlay-gradient":""},"mobile":{"background-color":"","background-image":"","background-repeat":"repeat","background-position":"center center","background-size":"auto","background-attachment":"scroll","background-type":"","background-media":"","overlay-type":"","overlay-color":"","overlay-opacity":"","overlay-gradient":""}},"ast-content-background-meta":{"desktop":{"background-color":"var(--ast-global-color-5)","background-image":"","background-repeat":"repeat","background-position":"center center","background-size":"auto","background-attachment":"scroll","background-type":"","background-media":"","overlay-type":"","overlay-color":"","overlay-opacity":"","overlay-gradient":""},"tablet":{"background-color":"var(--ast-global-color-5)","background-image":"","background-repeat":"repeat","background-position":"center center","background-size":"auto","background-attachment":"scroll","background-type":"","background-media":"","overlay-type":"","overlay-color":"","overlay-opacity":"","overlay-gradient":""},"mobile":{"background-color":"var(--ast-global-color-5)","background-image":"","background-repeat":"repeat","background-position":"center center","background-size":"auto","background-attachment":"scroll","background-type":"","background-media":"","overlay-type":"","overlay-color":"","overlay-opacity":"","overlay-gradient":""}}},"product_brand":[],"product_cat":[53,26],"product_tag":[],"class_list":{"0":"post-1694","1":"product","2":"type-product","3":"status-publish","4":"has-post-thumbnail","6":"product_cat-comentarios-biblicos","7":"product_cat-teologia","8":"desktop-align-left","9":"tablet-align-left","10":"mobile-align-left","12":"first","13":"instock","14":"shipping-taxable","15":"purchasable","16":"product-type-simple"},"yoast_head":"<!-- This site is optimized with the Yoast SEO plugin v27.4 - https:\/\/yoast.com\/product\/yoast-seo-wordpress\/ -->\n<title>Comentario de Barclay al Nuevo Testamento 17 tomos en 1 - William Barclay - tzionlibreria.com<\/title>\n<meta name=\"robots\" content=\"index, follow, max-snippet:-1, max-image-preview:large, max-video-preview:-1\" \/>\n<link rel=\"canonical\" href=\"https:\/\/tzionlibreria.com\/index.php\/product\/comentario-de-barclay-al-nuevo-testamento-17-tomos-en-1-william-barclay\/\" \/>\n<meta property=\"og:locale\" content=\"es_ES\" \/>\n<meta property=\"og:type\" content=\"article\" \/>\n<meta property=\"og:title\" content=\"Comentario de Barclay al Nuevo Testamento 17 tomos en 1 - William Barclay - tzionlibreria.com\" \/>\n<meta property=\"og:description\" content=\"Dice al respecto disc\u00edpulo de Barclay y traductor adaptador al espa\u00f1ol Alberto Araujo: William Barclay (1907-1978), pastor de la Iglesia de Escocia y profesor de Nuevo Testamento en la Universidad de Glasgow y reconocido especialista en el griego, es internacionalmente conocido y apreciado como maestro en el arte de la exposici\u00f3n de la Palabra de [&hellip;]\" \/>\n<meta property=\"og:url\" content=\"https:\/\/tzionlibreria.com\/index.php\/product\/comentario-de-barclay-al-nuevo-testamento-17-tomos-en-1-william-barclay\/\" \/>\n<meta property=\"og:site_name\" content=\"tzionlibreria.com\" \/>\n<meta property=\"article:modified_time\" content=\"2024-02-29T16:30:16+00:00\" \/>\n<meta property=\"og:image\" content=\"http:\/\/tzionlibreria.com\/wp-content\/uploads\/2023\/11\/NT.jpg\" \/>\n\t<meta property=\"og:image:width\" content=\"1200\" \/>\n\t<meta property=\"og:image:height\" content=\"1200\" \/>\n\t<meta property=\"og:image:type\" content=\"image\/jpeg\" \/>\n<meta name=\"twitter:card\" content=\"summary_large_image\" \/>\n<meta name=\"twitter:label1\" content=\"Tiempo de lectura\" \/>\n\t<meta name=\"twitter:data1\" content=\"4 minutos\" \/>\n<script type=\"application\/ld+json\" class=\"yoast-schema-graph\">{\"@context\":\"https:\\\/\\\/schema.org\",\"@graph\":[{\"@type\":\"WebPage\",\"@id\":\"https:\\\/\\\/tzionlibreria.com\\\/index.php\\\/product\\\/comentario-de-barclay-al-nuevo-testamento-17-tomos-en-1-william-barclay\\\/\",\"url\":\"https:\\\/\\\/tzionlibreria.com\\\/index.php\\\/product\\\/comentario-de-barclay-al-nuevo-testamento-17-tomos-en-1-william-barclay\\\/\",\"name\":\"Comentario de Barclay al Nuevo Testamento 17 tomos en 1 - William Barclay - tzionlibreria.com\",\"isPartOf\":{\"@id\":\"https:\\\/\\\/tzionlibreria.com\\\/#website\"},\"primaryImageOfPage\":{\"@id\":\"https:\\\/\\\/tzionlibreria.com\\\/index.php\\\/product\\\/comentario-de-barclay-al-nuevo-testamento-17-tomos-en-1-william-barclay\\\/#primaryimage\"},\"image\":{\"@id\":\"https:\\\/\\\/tzionlibreria.com\\\/index.php\\\/product\\\/comentario-de-barclay-al-nuevo-testamento-17-tomos-en-1-william-barclay\\\/#primaryimage\"},\"thumbnailUrl\":\"https:\\\/\\\/tzionlibreria.com\\\/wp-content\\\/uploads\\\/2023\\\/11\\\/NT.jpg\",\"datePublished\":\"2023-11-21T16:39:26+00:00\",\"dateModified\":\"2024-02-29T16:30:16+00:00\",\"breadcrumb\":{\"@id\":\"https:\\\/\\\/tzionlibreria.com\\\/index.php\\\/product\\\/comentario-de-barclay-al-nuevo-testamento-17-tomos-en-1-william-barclay\\\/#breadcrumb\"},\"inLanguage\":\"es-CO\",\"potentialAction\":[{\"@type\":\"ReadAction\",\"target\":[\"https:\\\/\\\/tzionlibreria.com\\\/index.php\\\/product\\\/comentario-de-barclay-al-nuevo-testamento-17-tomos-en-1-william-barclay\\\/\"]}]},{\"@type\":\"ImageObject\",\"inLanguage\":\"es-CO\",\"@id\":\"https:\\\/\\\/tzionlibreria.com\\\/index.php\\\/product\\\/comentario-de-barclay-al-nuevo-testamento-17-tomos-en-1-william-barclay\\\/#primaryimage\",\"url\":\"https:\\\/\\\/tzionlibreria.com\\\/wp-content\\\/uploads\\\/2023\\\/11\\\/NT.jpg\",\"contentUrl\":\"https:\\\/\\\/tzionlibreria.com\\\/wp-content\\\/uploads\\\/2023\\\/11\\\/NT.jpg\",\"width\":1200,\"height\":1200},{\"@type\":\"BreadcrumbList\",\"@id\":\"https:\\\/\\\/tzionlibreria.com\\\/index.php\\\/product\\\/comentario-de-barclay-al-nuevo-testamento-17-tomos-en-1-william-barclay\\\/#breadcrumb\",\"itemListElement\":[{\"@type\":\"ListItem\",\"position\":1,\"name\":\"Inicio\",\"item\":\"https:\\\/\\\/tzionlibreria.com\\\/\"},{\"@type\":\"ListItem\",\"position\":2,\"name\":\"Shop\",\"item\":\"https:\\\/\\\/tzionlibreria.com\\\/index.php\\\/shop\\\/\"},{\"@type\":\"ListItem\",\"position\":3,\"name\":\"Comentario de Barclay al Nuevo Testamento 17 tomos en 1 &#8211; William Barclay\"}]},{\"@type\":\"WebSite\",\"@id\":\"https:\\\/\\\/tzionlibreria.com\\\/#website\",\"url\":\"https:\\\/\\\/tzionlibreria.com\\\/\",\"name\":\"tzionlibreria.com\",\"description\":\"Libreria Cristiana Venezuela\",\"publisher\":{\"@id\":\"https:\\\/\\\/tzionlibreria.com\\\/#organization\"},\"potentialAction\":[{\"@type\":\"SearchAction\",\"target\":{\"@type\":\"EntryPoint\",\"urlTemplate\":\"https:\\\/\\\/tzionlibreria.com\\\/?s={search_term_string}\"},\"query-input\":{\"@type\":\"PropertyValueSpecification\",\"valueRequired\":true,\"valueName\":\"search_term_string\"}}],\"inLanguage\":\"es-CO\"},{\"@type\":\"Organization\",\"@id\":\"https:\\\/\\\/tzionlibreria.com\\\/#organization\",\"name\":\"tzionlibreria.com\",\"url\":\"https:\\\/\\\/tzionlibreria.com\\\/\",\"logo\":{\"@type\":\"ImageObject\",\"inLanguage\":\"es-CO\",\"@id\":\"https:\\\/\\\/tzionlibreria.com\\\/#\\\/schema\\\/logo\\\/image\\\/\",\"url\":\"https:\\\/\\\/tzionlibreria.com\\\/wp-content\\\/uploads\\\/2023\\\/10\\\/cropped-Cuadricula-scaled-1.jpg\",\"contentUrl\":\"https:\\\/\\\/tzionlibreria.com\\\/wp-content\\\/uploads\\\/2023\\\/10\\\/cropped-Cuadricula-scaled-1.jpg\",\"width\":2560,\"height\":2560,\"caption\":\"tzionlibreria.com\"},\"image\":{\"@id\":\"https:\\\/\\\/tzionlibreria.com\\\/#\\\/schema\\\/logo\\\/image\\\/\"}}]}<\/script>\n<!-- \/ Yoast SEO plugin. -->","yoast_head_json":{"title":"Comentario de Barclay al Nuevo Testamento 17 tomos en 1 - William Barclay - tzionlibreria.com","robots":{"index":"index","follow":"follow","max-snippet":"max-snippet:-1","max-image-preview":"max-image-preview:large","max-video-preview":"max-video-preview:-1"},"canonical":"https:\/\/tzionlibreria.com\/index.php\/product\/comentario-de-barclay-al-nuevo-testamento-17-tomos-en-1-william-barclay\/","og_locale":"es_ES","og_type":"article","og_title":"Comentario de Barclay al Nuevo Testamento 17 tomos en 1 - William Barclay - tzionlibreria.com","og_description":"Dice al respecto disc\u00edpulo de Barclay y traductor adaptador al espa\u00f1ol Alberto Araujo: William Barclay (1907-1978), pastor de la Iglesia de Escocia y profesor de Nuevo Testamento en la Universidad de Glasgow y reconocido especialista en el griego, es internacionalmente conocido y apreciado como maestro en el arte de la exposici\u00f3n de la Palabra de [&hellip;]","og_url":"https:\/\/tzionlibreria.com\/index.php\/product\/comentario-de-barclay-al-nuevo-testamento-17-tomos-en-1-william-barclay\/","og_site_name":"tzionlibreria.com","article_modified_time":"2024-02-29T16:30:16+00:00","og_image":[{"width":1200,"height":1200,"url":"http:\/\/tzionlibreria.com\/wp-content\/uploads\/2023\/11\/NT.jpg","type":"image\/jpeg"}],"twitter_card":"summary_large_image","twitter_misc":{"Tiempo de lectura":"4 minutos"},"schema":{"@context":"https:\/\/schema.org","@graph":[{"@type":"WebPage","@id":"https:\/\/tzionlibreria.com\/index.php\/product\/comentario-de-barclay-al-nuevo-testamento-17-tomos-en-1-william-barclay\/","url":"https:\/\/tzionlibreria.com\/index.php\/product\/comentario-de-barclay-al-nuevo-testamento-17-tomos-en-1-william-barclay\/","name":"Comentario de Barclay al Nuevo Testamento 17 tomos en 1 - William Barclay - tzionlibreria.com","isPartOf":{"@id":"https:\/\/tzionlibreria.com\/#website"},"primaryImageOfPage":{"@id":"https:\/\/tzionlibreria.com\/index.php\/product\/comentario-de-barclay-al-nuevo-testamento-17-tomos-en-1-william-barclay\/#primaryimage"},"image":{"@id":"https:\/\/tzionlibreria.com\/index.php\/product\/comentario-de-barclay-al-nuevo-testamento-17-tomos-en-1-william-barclay\/#primaryimage"},"thumbnailUrl":"https:\/\/tzionlibreria.com\/wp-content\/uploads\/2023\/11\/NT.jpg","datePublished":"2023-11-21T16:39:26+00:00","dateModified":"2024-02-29T16:30:16+00:00","breadcrumb":{"@id":"https:\/\/tzionlibreria.com\/index.php\/product\/comentario-de-barclay-al-nuevo-testamento-17-tomos-en-1-william-barclay\/#breadcrumb"},"inLanguage":"es-CO","potentialAction":[{"@type":"ReadAction","target":["https:\/\/tzionlibreria.com\/index.php\/product\/comentario-de-barclay-al-nuevo-testamento-17-tomos-en-1-william-barclay\/"]}]},{"@type":"ImageObject","inLanguage":"es-CO","@id":"https:\/\/tzionlibreria.com\/index.php\/product\/comentario-de-barclay-al-nuevo-testamento-17-tomos-en-1-william-barclay\/#primaryimage","url":"https:\/\/tzionlibreria.com\/wp-content\/uploads\/2023\/11\/NT.jpg","contentUrl":"https:\/\/tzionlibreria.com\/wp-content\/uploads\/2023\/11\/NT.jpg","width":1200,"height":1200},{"@type":"BreadcrumbList","@id":"https:\/\/tzionlibreria.com\/index.php\/product\/comentario-de-barclay-al-nuevo-testamento-17-tomos-en-1-william-barclay\/#breadcrumb","itemListElement":[{"@type":"ListItem","position":1,"name":"Inicio","item":"https:\/\/tzionlibreria.com\/"},{"@type":"ListItem","position":2,"name":"Shop","item":"https:\/\/tzionlibreria.com\/index.php\/shop\/"},{"@type":"ListItem","position":3,"name":"Comentario de Barclay al Nuevo Testamento 17 tomos en 1 &#8211; William Barclay"}]},{"@type":"WebSite","@id":"https:\/\/tzionlibreria.com\/#website","url":"https:\/\/tzionlibreria.com\/","name":"tzionlibreria.com","description":"Libreria Cristiana Venezuela","publisher":{"@id":"https:\/\/tzionlibreria.com\/#organization"},"potentialAction":[{"@type":"SearchAction","target":{"@type":"EntryPoint","urlTemplate":"https:\/\/tzionlibreria.com\/?s={search_term_string}"},"query-input":{"@type":"PropertyValueSpecification","valueRequired":true,"valueName":"search_term_string"}}],"inLanguage":"es-CO"},{"@type":"Organization","@id":"https:\/\/tzionlibreria.com\/#organization","name":"tzionlibreria.com","url":"https:\/\/tzionlibreria.com\/","logo":{"@type":"ImageObject","inLanguage":"es-CO","@id":"https:\/\/tzionlibreria.com\/#\/schema\/logo\/image\/","url":"https:\/\/tzionlibreria.com\/wp-content\/uploads\/2023\/10\/cropped-Cuadricula-scaled-1.jpg","contentUrl":"https:\/\/tzionlibreria.com\/wp-content\/uploads\/2023\/10\/cropped-Cuadricula-scaled-1.jpg","width":2560,"height":2560,"caption":"tzionlibreria.com"},"image":{"@id":"https:\/\/tzionlibreria.com\/#\/schema\/logo\/image\/"}}]}},"jetpack_sharing_enabled":true,"_links":{"self":[{"href":"https:\/\/tzionlibreria.com\/index.php\/wp-json\/wp\/v2\/product\/1694","targetHints":{"allow":["GET"]}}],"collection":[{"href":"https:\/\/tzionlibreria.com\/index.php\/wp-json\/wp\/v2\/product"}],"about":[{"href":"https:\/\/tzionlibreria.com\/index.php\/wp-json\/wp\/v2\/types\/product"}],"replies":[{"embeddable":true,"href":"https:\/\/tzionlibreria.com\/index.php\/wp-json\/wp\/v2\/comments?post=1694"}],"wp:featuredmedia":[{"embeddable":true,"href":"https:\/\/tzionlibreria.com\/index.php\/wp-json\/wp\/v2\/media\/1695"}],"wp:attachment":[{"href":"https:\/\/tzionlibreria.com\/index.php\/wp-json\/wp\/v2\/media?parent=1694"}],"wp:term":[{"taxonomy":"product_brand","embeddable":true,"href":"https:\/\/tzionlibreria.com\/index.php\/wp-json\/wp\/v2\/product_brand?post=1694"},{"taxonomy":"product_cat","embeddable":true,"href":"https:\/\/tzionlibreria.com\/index.php\/wp-json\/wp\/v2\/product_cat?post=1694"},{"taxonomy":"product_tag","embeddable":true,"href":"https:\/\/tzionlibreria.com\/index.php\/wp-json\/wp\/v2\/product_tag?post=1694"}],"curies":[{"name":"wp","href":"https:\/\/api.w.org\/{rel}","templated":true}]}}