{"id":1696,"date":"2023-11-21T16:41:49","date_gmt":"2023-11-21T16:41:49","guid":{"rendered":"https:\/\/tzionlibreria.com\/?post_type=product&#038;p=1696"},"modified":"2024-02-29T16:30:06","modified_gmt":"2024-02-29T16:30:06","slug":"comentario-al-texto-hebreo-del-antiguo-testamento-tomo-1-pentateuco-e-historicos-keil-delitzsch","status":"publish","type":"product","link":"https:\/\/tzionlibreria.com\/index.php\/product\/comentario-al-texto-hebreo-del-antiguo-testamento-tomo-1-pentateuco-e-historicos-keil-delitzsch\/","title":{"rendered":"Comentario al Texto Hebreo del Antiguo Testamento &#8211; Tomo 1 &#8211; Pentateuco e Hist\u00f3ricos &#8211;  Keil &#038; Delitzsch"},"content":{"rendered":"<p>Considerado el comentario por excelencia entre todos los comentarios del A.T., citado constantemente por todos los dem\u00e1s comentaristas, ling\u00fcistas y estudiosos de la Biblia, el Biblischer Commentar \u00fcber das Alte Testament, trabajo magistral de investigaci\u00f3n filol\u00f3gica realizado por Johann Friedrich Carl Keil y Franz Julius Delitzsch, es reconocido universalmente como la obra m\u00e1s completa, seria y erudita que se ha escrito sobre el Antiguo Testamento. Y la mejor v\u00eda de aproximaci\u00f3n a la complejidad del sentido original de las palabras utilizadas en el texto hebreo.<\/p>\n<p>Ha mantenido su liderato entre los comentarios y su prestigio como obra indispensable para el estudio y la investigaci\u00f3n b\u00edblica, desde su aparici\u00f3n en Alemania en 1872. Traducido al ingl\u00e9s pocos a\u00f1os despu\u00e9s, ha sido reeditado constantemente hasta el d\u00eda de hoy, y esta presente, no tan solo en la biblioteca de todos los seminarios e instituciones teol\u00f3gicas del mundo anglosaj\u00f3n, sino tambi\u00e9n sobre la mesa de estudio de la mayor\u00eda de cl\u00e9rigos, pastores y estudiosos de la Biblia.<\/p>\n<p>Su principal virtud consiste en llevar a cabo un profundo an\u00e1lisis filol\u00f3gico de cada palabra importante en cada texto importante del Antiguo Testamento, dentro de su contexto, y de una manera asequible para quienes no dominan o incluso no tienen conocimiento alguno del hebreo.<\/p>\n<p>Para ello, Keil y Delitzsch basan su ex\u00e9gesis en una traducci\u00f3n directa del hebreo de cada pasaje a comentar, buscando luego su apoyo textual en las traducciones antiguas, como la Septuaginta y la Vulgata. Luego, analizan ese texto a la luz del uso y sentido dado a esa palabra hebrea en otros pasajes de la Biblia. Despu\u00e9s, incluyen en sus investigaci\u00f3n los descubrimientos al respecto en \u00e1reas documentales cient\u00edficas cercanas a la ex\u00e9gesis del Antiguo Testamento, como la historia y la arqueolog\u00eda. Y completan su comentario, en muchos casos, presentando la interpretaci\u00f3n que de ese texto o palabra hicieron los Padres de la Iglesia y los Reformadores.<\/p>\n<p>La presente edici\u00f3n espa\u00f1ola, por tratarse de una traducci\u00f3n directa del original alem\u00e1n en su tercera edici\u00f3n, aporta importantes ventajas con respecto a las distintas ediciones en ingl\u00e9s, basadas en la segunda. Adem\u00e1s de incluir valiosas revisiones y ampliaciones de los autores, incluye tambi\u00e9n la traducci\u00f3n al espa\u00f1ol de las numerosas citas en lat\u00edn, tanto de los Padres de la Iglesia y Reformadores como de otros textos antiguos, algo que no se tuvo en cuenta ni en las ediciones alemanas ni en las sucesivas ediciones en ingl\u00e9s, y que, lamentablemente, excluye a todos aquellos que no dominan esa lengua de acceder a la riqueza completa del comentario.<\/p>\n<p>La publicaci\u00f3n en espa\u00f1ol del COMENTARIO LING\u00dc\u00cdSTICO AL TEXTO HEBREO DEL A.T. un trabajo monumental esperado con ansia por muchos a\u00f1os, al dar libre acceso en nuestro idioma a uno de los mejores comentarios exeg\u00e9ticos del Antiguo Testamento de todos los tiempos. marca un hito en la historia de la literatura cristiana en el mundo de habla hispana.<\/p>\n<p>&nbsp;<\/p>\n<p><strong>ISBN<\/strong>: 9788482674612<br \/>\n<strong>Editorial<\/strong>:\u00a0CLIE<br \/>\n<strong>Dimensiones<\/strong>: 21 x 28 x 4 cm<br \/>\n<strong>Peso<\/strong>: 1,900kg<br \/>\n<strong>Cubierta<\/strong>: Tapa Dura<br \/>\n<strong>N\u00famero de p\u00e1ginas<\/strong>: 1402<br \/>\n<strong>Idioma<\/strong>: Espa\u00f1ol<\/p>\n","protected":false},"excerpt":{"rendered":"<p>Considerado el comentario por excelencia entre todos los comentarios del A.T., citado constantemente por todos los dem\u00e1s comentaristas, ling\u00fcistas y estudiosos de la Biblia, el Biblischer Commentar \u00fcber das Alte Testament, trabajo magistral de investigaci\u00f3n filol\u00f3gica realizado por Johann Friedrich Carl Keil y Franz Julius Delitzsch, es reconocido universalmente como la obra m\u00e1s completa, seria [&hellip;]<\/p>\n","protected":false},"featured_media":1697,"comment_status":"open","ping_status":"closed","template":"","meta":{"om_disable_all_campaigns":false,"_monsterinsights_skip_tracking":false,"_monsterinsights_sitenote_active":false,"_monsterinsights_sitenote_note":"","_monsterinsights_sitenote_category":0,"site-sidebar-layout":"default","site-content-layout":"","ast-site-content-layout":"default","site-content-style":"default","site-sidebar-style":"default","ast-global-header-display":"","ast-banner-title-visibility":"","ast-main-header-display":"","ast-hfb-above-header-display":"","ast-hfb-below-header-display":"","ast-hfb-mobile-header-display":"","site-post-title":"","ast-breadcrumbs-content":"","ast-featured-img":"","footer-sml-layout":"","ast-disable-related-posts":"","theme-transparent-header-meta":"default","adv-header-id-meta":"","stick-header-meta":"","header-above-stick-meta":"","header-main-stick-meta":"","header-below-stick-meta":"","astra-migrate-meta-layouts":"set","ast-page-background-enabled":"default","ast-page-background-meta":{"desktop":{"background-color":"var(--ast-global-color-4)","background-image":"","background-repeat":"repeat","background-position":"center center","background-size":"auto","background-attachment":"scroll","background-type":"","background-media":"","overlay-type":"","overlay-color":"","overlay-opacity":"","overlay-gradient":""},"tablet":{"background-color":"","background-image":"","background-repeat":"repeat","background-position":"center center","background-size":"auto","background-attachment":"scroll","background-type":"","background-media":"","overlay-type":"","overlay-color":"","overlay-opacity":"","overlay-gradient":""},"mobile":{"background-color":"","background-image":"","background-repeat":"repeat","background-position":"center center","background-size":"auto","background-attachment":"scroll","background-type":"","background-media":"","overlay-type":"","overlay-color":"","overlay-opacity":"","overlay-gradient":""}},"ast-content-background-meta":{"desktop":{"background-color":"var(--ast-global-color-5)","background-image":"","background-repeat":"repeat","background-position":"center center","background-size":"auto","background-attachment":"scroll","background-type":"","background-media":"","overlay-type":"","overlay-color":"","overlay-opacity":"","overlay-gradient":""},"tablet":{"background-color":"var(--ast-global-color-5)","background-image":"","background-repeat":"repeat","background-position":"center center","background-size":"auto","background-attachment":"scroll","background-type":"","background-media":"","overlay-type":"","overlay-color":"","overlay-opacity":"","overlay-gradient":""},"mobile":{"background-color":"var(--ast-global-color-5)","background-image":"","background-repeat":"repeat","background-position":"center center","background-size":"auto","background-attachment":"scroll","background-type":"","background-media":"","overlay-type":"","overlay-color":"","overlay-opacity":"","overlay-gradient":""}}},"product_brand":[],"product_cat":[53,26],"product_tag":[],"class_list":{"0":"post-1696","1":"product","2":"type-product","3":"status-publish","4":"has-post-thumbnail","6":"product_cat-comentarios-biblicos","7":"product_cat-teologia","8":"desktop-align-left","9":"tablet-align-left","10":"mobile-align-left","12":"first","13":"instock","14":"shipping-taxable","15":"purchasable","16":"product-type-simple"},"yoast_head":"<!-- This site is optimized with the Yoast SEO plugin v27.4 - https:\/\/yoast.com\/product\/yoast-seo-wordpress\/ -->\n<title>Comentario al Texto Hebreo del Antiguo Testamento - Tomo 1 - Pentateuco e Hist\u00f3ricos - Keil &amp; Delitzsch - tzionlibreria.com<\/title>\n<meta name=\"robots\" content=\"index, follow, max-snippet:-1, max-image-preview:large, max-video-preview:-1\" \/>\n<link rel=\"canonical\" href=\"https:\/\/tzionlibreria.com\/index.php\/product\/comentario-al-texto-hebreo-del-antiguo-testamento-tomo-1-pentateuco-e-historicos-keil-delitzsch\/\" \/>\n<meta property=\"og:locale\" content=\"es_ES\" \/>\n<meta property=\"og:type\" content=\"article\" \/>\n<meta property=\"og:title\" content=\"Comentario al Texto Hebreo del Antiguo Testamento - Tomo 1 - Pentateuco e Hist\u00f3ricos - Keil &amp; Delitzsch - tzionlibreria.com\" \/>\n<meta property=\"og:description\" content=\"Considerado el comentario por excelencia entre todos los comentarios del A.T., citado constantemente por todos los dem\u00e1s comentaristas, ling\u00fcistas y estudiosos de la Biblia, el Biblischer Commentar \u00fcber das Alte Testament, trabajo magistral de investigaci\u00f3n filol\u00f3gica realizado por Johann Friedrich Carl Keil y Franz Julius Delitzsch, es reconocido universalmente como la obra m\u00e1s completa, seria [&hellip;]\" \/>\n<meta property=\"og:url\" content=\"https:\/\/tzionlibreria.com\/index.php\/product\/comentario-al-texto-hebreo-del-antiguo-testamento-tomo-1-pentateuco-e-historicos-keil-delitzsch\/\" \/>\n<meta property=\"og:site_name\" content=\"tzionlibreria.com\" \/>\n<meta property=\"article:modified_time\" content=\"2024-02-29T16:30:06+00:00\" \/>\n<meta property=\"og:image\" content=\"http:\/\/tzionlibreria.com\/wp-content\/uploads\/2023\/11\/texto.jpg\" \/>\n\t<meta property=\"og:image:width\" content=\"1200\" \/>\n\t<meta property=\"og:image:height\" content=\"1200\" \/>\n\t<meta property=\"og:image:type\" content=\"image\/jpeg\" \/>\n<meta name=\"twitter:card\" content=\"summary_large_image\" \/>\n<meta name=\"twitter:label1\" content=\"Tiempo de lectura\" \/>\n\t<meta name=\"twitter:data1\" content=\"3 minutos\" \/>\n<script type=\"application\/ld+json\" class=\"yoast-schema-graph\">{\"@context\":\"https:\\\/\\\/schema.org\",\"@graph\":[{\"@type\":\"WebPage\",\"@id\":\"https:\\\/\\\/tzionlibreria.com\\\/index.php\\\/product\\\/comentario-al-texto-hebreo-del-antiguo-testamento-tomo-1-pentateuco-e-historicos-keil-delitzsch\\\/\",\"url\":\"https:\\\/\\\/tzionlibreria.com\\\/index.php\\\/product\\\/comentario-al-texto-hebreo-del-antiguo-testamento-tomo-1-pentateuco-e-historicos-keil-delitzsch\\\/\",\"name\":\"Comentario al Texto Hebreo del Antiguo Testamento - Tomo 1 - Pentateuco e Hist\u00f3ricos - Keil & Delitzsch - tzionlibreria.com\",\"isPartOf\":{\"@id\":\"https:\\\/\\\/tzionlibreria.com\\\/#website\"},\"primaryImageOfPage\":{\"@id\":\"https:\\\/\\\/tzionlibreria.com\\\/index.php\\\/product\\\/comentario-al-texto-hebreo-del-antiguo-testamento-tomo-1-pentateuco-e-historicos-keil-delitzsch\\\/#primaryimage\"},\"image\":{\"@id\":\"https:\\\/\\\/tzionlibreria.com\\\/index.php\\\/product\\\/comentario-al-texto-hebreo-del-antiguo-testamento-tomo-1-pentateuco-e-historicos-keil-delitzsch\\\/#primaryimage\"},\"thumbnailUrl\":\"https:\\\/\\\/tzionlibreria.com\\\/wp-content\\\/uploads\\\/2023\\\/11\\\/texto.jpg\",\"datePublished\":\"2023-11-21T16:41:49+00:00\",\"dateModified\":\"2024-02-29T16:30:06+00:00\",\"breadcrumb\":{\"@id\":\"https:\\\/\\\/tzionlibreria.com\\\/index.php\\\/product\\\/comentario-al-texto-hebreo-del-antiguo-testamento-tomo-1-pentateuco-e-historicos-keil-delitzsch\\\/#breadcrumb\"},\"inLanguage\":\"es-CO\",\"potentialAction\":[{\"@type\":\"ReadAction\",\"target\":[\"https:\\\/\\\/tzionlibreria.com\\\/index.php\\\/product\\\/comentario-al-texto-hebreo-del-antiguo-testamento-tomo-1-pentateuco-e-historicos-keil-delitzsch\\\/\"]}]},{\"@type\":\"ImageObject\",\"inLanguage\":\"es-CO\",\"@id\":\"https:\\\/\\\/tzionlibreria.com\\\/index.php\\\/product\\\/comentario-al-texto-hebreo-del-antiguo-testamento-tomo-1-pentateuco-e-historicos-keil-delitzsch\\\/#primaryimage\",\"url\":\"https:\\\/\\\/tzionlibreria.com\\\/wp-content\\\/uploads\\\/2023\\\/11\\\/texto.jpg\",\"contentUrl\":\"https:\\\/\\\/tzionlibreria.com\\\/wp-content\\\/uploads\\\/2023\\\/11\\\/texto.jpg\",\"width\":1200,\"height\":1200},{\"@type\":\"BreadcrumbList\",\"@id\":\"https:\\\/\\\/tzionlibreria.com\\\/index.php\\\/product\\\/comentario-al-texto-hebreo-del-antiguo-testamento-tomo-1-pentateuco-e-historicos-keil-delitzsch\\\/#breadcrumb\",\"itemListElement\":[{\"@type\":\"ListItem\",\"position\":1,\"name\":\"Inicio\",\"item\":\"https:\\\/\\\/tzionlibreria.com\\\/\"},{\"@type\":\"ListItem\",\"position\":2,\"name\":\"Shop\",\"item\":\"https:\\\/\\\/tzionlibreria.com\\\/index.php\\\/shop\\\/\"},{\"@type\":\"ListItem\",\"position\":3,\"name\":\"Comentario al Texto Hebreo del Antiguo Testamento &#8211; Tomo 1 &#8211; Pentateuco e Hist\u00f3ricos &#8211; Keil &#038; Delitzsch\"}]},{\"@type\":\"WebSite\",\"@id\":\"https:\\\/\\\/tzionlibreria.com\\\/#website\",\"url\":\"https:\\\/\\\/tzionlibreria.com\\\/\",\"name\":\"tzionlibreria.com\",\"description\":\"Libreria Cristiana Venezuela\",\"publisher\":{\"@id\":\"https:\\\/\\\/tzionlibreria.com\\\/#organization\"},\"potentialAction\":[{\"@type\":\"SearchAction\",\"target\":{\"@type\":\"EntryPoint\",\"urlTemplate\":\"https:\\\/\\\/tzionlibreria.com\\\/?s={search_term_string}\"},\"query-input\":{\"@type\":\"PropertyValueSpecification\",\"valueRequired\":true,\"valueName\":\"search_term_string\"}}],\"inLanguage\":\"es-CO\"},{\"@type\":\"Organization\",\"@id\":\"https:\\\/\\\/tzionlibreria.com\\\/#organization\",\"name\":\"tzionlibreria.com\",\"url\":\"https:\\\/\\\/tzionlibreria.com\\\/\",\"logo\":{\"@type\":\"ImageObject\",\"inLanguage\":\"es-CO\",\"@id\":\"https:\\\/\\\/tzionlibreria.com\\\/#\\\/schema\\\/logo\\\/image\\\/\",\"url\":\"https:\\\/\\\/tzionlibreria.com\\\/wp-content\\\/uploads\\\/2023\\\/10\\\/cropped-Cuadricula-scaled-1.jpg\",\"contentUrl\":\"https:\\\/\\\/tzionlibreria.com\\\/wp-content\\\/uploads\\\/2023\\\/10\\\/cropped-Cuadricula-scaled-1.jpg\",\"width\":2560,\"height\":2560,\"caption\":\"tzionlibreria.com\"},\"image\":{\"@id\":\"https:\\\/\\\/tzionlibreria.com\\\/#\\\/schema\\\/logo\\\/image\\\/\"}}]}<\/script>\n<!-- \/ Yoast SEO plugin. -->","yoast_head_json":{"title":"Comentario al Texto Hebreo del Antiguo Testamento - Tomo 1 - Pentateuco e Hist\u00f3ricos - Keil & Delitzsch - tzionlibreria.com","robots":{"index":"index","follow":"follow","max-snippet":"max-snippet:-1","max-image-preview":"max-image-preview:large","max-video-preview":"max-video-preview:-1"},"canonical":"https:\/\/tzionlibreria.com\/index.php\/product\/comentario-al-texto-hebreo-del-antiguo-testamento-tomo-1-pentateuco-e-historicos-keil-delitzsch\/","og_locale":"es_ES","og_type":"article","og_title":"Comentario al Texto Hebreo del Antiguo Testamento - Tomo 1 - Pentateuco e Hist\u00f3ricos - Keil & Delitzsch - tzionlibreria.com","og_description":"Considerado el comentario por excelencia entre todos los comentarios del A.T., citado constantemente por todos los dem\u00e1s comentaristas, ling\u00fcistas y estudiosos de la Biblia, el Biblischer Commentar \u00fcber das Alte Testament, trabajo magistral de investigaci\u00f3n filol\u00f3gica realizado por Johann Friedrich Carl Keil y Franz Julius Delitzsch, es reconocido universalmente como la obra m\u00e1s completa, seria [&hellip;]","og_url":"https:\/\/tzionlibreria.com\/index.php\/product\/comentario-al-texto-hebreo-del-antiguo-testamento-tomo-1-pentateuco-e-historicos-keil-delitzsch\/","og_site_name":"tzionlibreria.com","article_modified_time":"2024-02-29T16:30:06+00:00","og_image":[{"width":1200,"height":1200,"url":"http:\/\/tzionlibreria.com\/wp-content\/uploads\/2023\/11\/texto.jpg","type":"image\/jpeg"}],"twitter_card":"summary_large_image","twitter_misc":{"Tiempo de lectura":"3 minutos"},"schema":{"@context":"https:\/\/schema.org","@graph":[{"@type":"WebPage","@id":"https:\/\/tzionlibreria.com\/index.php\/product\/comentario-al-texto-hebreo-del-antiguo-testamento-tomo-1-pentateuco-e-historicos-keil-delitzsch\/","url":"https:\/\/tzionlibreria.com\/index.php\/product\/comentario-al-texto-hebreo-del-antiguo-testamento-tomo-1-pentateuco-e-historicos-keil-delitzsch\/","name":"Comentario al Texto Hebreo del Antiguo Testamento - Tomo 1 - Pentateuco e Hist\u00f3ricos - Keil & Delitzsch - tzionlibreria.com","isPartOf":{"@id":"https:\/\/tzionlibreria.com\/#website"},"primaryImageOfPage":{"@id":"https:\/\/tzionlibreria.com\/index.php\/product\/comentario-al-texto-hebreo-del-antiguo-testamento-tomo-1-pentateuco-e-historicos-keil-delitzsch\/#primaryimage"},"image":{"@id":"https:\/\/tzionlibreria.com\/index.php\/product\/comentario-al-texto-hebreo-del-antiguo-testamento-tomo-1-pentateuco-e-historicos-keil-delitzsch\/#primaryimage"},"thumbnailUrl":"https:\/\/tzionlibreria.com\/wp-content\/uploads\/2023\/11\/texto.jpg","datePublished":"2023-11-21T16:41:49+00:00","dateModified":"2024-02-29T16:30:06+00:00","breadcrumb":{"@id":"https:\/\/tzionlibreria.com\/index.php\/product\/comentario-al-texto-hebreo-del-antiguo-testamento-tomo-1-pentateuco-e-historicos-keil-delitzsch\/#breadcrumb"},"inLanguage":"es-CO","potentialAction":[{"@type":"ReadAction","target":["https:\/\/tzionlibreria.com\/index.php\/product\/comentario-al-texto-hebreo-del-antiguo-testamento-tomo-1-pentateuco-e-historicos-keil-delitzsch\/"]}]},{"@type":"ImageObject","inLanguage":"es-CO","@id":"https:\/\/tzionlibreria.com\/index.php\/product\/comentario-al-texto-hebreo-del-antiguo-testamento-tomo-1-pentateuco-e-historicos-keil-delitzsch\/#primaryimage","url":"https:\/\/tzionlibreria.com\/wp-content\/uploads\/2023\/11\/texto.jpg","contentUrl":"https:\/\/tzionlibreria.com\/wp-content\/uploads\/2023\/11\/texto.jpg","width":1200,"height":1200},{"@type":"BreadcrumbList","@id":"https:\/\/tzionlibreria.com\/index.php\/product\/comentario-al-texto-hebreo-del-antiguo-testamento-tomo-1-pentateuco-e-historicos-keil-delitzsch\/#breadcrumb","itemListElement":[{"@type":"ListItem","position":1,"name":"Inicio","item":"https:\/\/tzionlibreria.com\/"},{"@type":"ListItem","position":2,"name":"Shop","item":"https:\/\/tzionlibreria.com\/index.php\/shop\/"},{"@type":"ListItem","position":3,"name":"Comentario al Texto Hebreo del Antiguo Testamento &#8211; Tomo 1 &#8211; Pentateuco e Hist\u00f3ricos &#8211; Keil &#038; Delitzsch"}]},{"@type":"WebSite","@id":"https:\/\/tzionlibreria.com\/#website","url":"https:\/\/tzionlibreria.com\/","name":"tzionlibreria.com","description":"Libreria Cristiana Venezuela","publisher":{"@id":"https:\/\/tzionlibreria.com\/#organization"},"potentialAction":[{"@type":"SearchAction","target":{"@type":"EntryPoint","urlTemplate":"https:\/\/tzionlibreria.com\/?s={search_term_string}"},"query-input":{"@type":"PropertyValueSpecification","valueRequired":true,"valueName":"search_term_string"}}],"inLanguage":"es-CO"},{"@type":"Organization","@id":"https:\/\/tzionlibreria.com\/#organization","name":"tzionlibreria.com","url":"https:\/\/tzionlibreria.com\/","logo":{"@type":"ImageObject","inLanguage":"es-CO","@id":"https:\/\/tzionlibreria.com\/#\/schema\/logo\/image\/","url":"https:\/\/tzionlibreria.com\/wp-content\/uploads\/2023\/10\/cropped-Cuadricula-scaled-1.jpg","contentUrl":"https:\/\/tzionlibreria.com\/wp-content\/uploads\/2023\/10\/cropped-Cuadricula-scaled-1.jpg","width":2560,"height":2560,"caption":"tzionlibreria.com"},"image":{"@id":"https:\/\/tzionlibreria.com\/#\/schema\/logo\/image\/"}}]}},"jetpack_sharing_enabled":true,"_links":{"self":[{"href":"https:\/\/tzionlibreria.com\/index.php\/wp-json\/wp\/v2\/product\/1696","targetHints":{"allow":["GET"]}}],"collection":[{"href":"https:\/\/tzionlibreria.com\/index.php\/wp-json\/wp\/v2\/product"}],"about":[{"href":"https:\/\/tzionlibreria.com\/index.php\/wp-json\/wp\/v2\/types\/product"}],"replies":[{"embeddable":true,"href":"https:\/\/tzionlibreria.com\/index.php\/wp-json\/wp\/v2\/comments?post=1696"}],"wp:featuredmedia":[{"embeddable":true,"href":"https:\/\/tzionlibreria.com\/index.php\/wp-json\/wp\/v2\/media\/1697"}],"wp:attachment":[{"href":"https:\/\/tzionlibreria.com\/index.php\/wp-json\/wp\/v2\/media?parent=1696"}],"wp:term":[{"taxonomy":"product_brand","embeddable":true,"href":"https:\/\/tzionlibreria.com\/index.php\/wp-json\/wp\/v2\/product_brand?post=1696"},{"taxonomy":"product_cat","embeddable":true,"href":"https:\/\/tzionlibreria.com\/index.php\/wp-json\/wp\/v2\/product_cat?post=1696"},{"taxonomy":"product_tag","embeddable":true,"href":"https:\/\/tzionlibreria.com\/index.php\/wp-json\/wp\/v2\/product_tag?post=1696"}],"curies":[{"name":"wp","href":"https:\/\/api.w.org\/{rel}","templated":true}]}}