{"id":1719,"date":"2023-11-23T13:28:13","date_gmt":"2023-11-23T13:28:13","guid":{"rendered":"https:\/\/tzionlibreria.com\/?post_type=product&#038;p=1719"},"modified":"2024-02-29T16:28:25","modified_gmt":"2024-02-29T16:28:25","slug":"yo-soy-el-que-soy-samuel-pagan","status":"publish","type":"product","link":"https:\/\/tzionlibreria.com\/index.php\/product\/yo-soy-el-que-soy-samuel-pagan\/","title":{"rendered":"Yo Soy El Que Soy \u2013 Samuel Pag\u00e1n"},"content":{"rendered":"<p><em><strong>Un revelador estudio a trav\u00e9s de los nombres de Dios<\/strong><\/em><\/p>\n<p>Los nombres de Dios han representado un papel protag\u00f3nico desde las primeras narraciones b\u00edblicas. M\u00e1s que una designaci\u00f3n para la identificaci\u00f3n de Dios, son maneras de presentar la naturaleza divina, revelar el car\u00e1cter del Se\u00f1or y presentar relatos que ponen de manifiesto la esencia misma del Eterno. El Dios que se revela en la Biblia no est\u00e1 escondido ni es evasivo. Est\u00e1 muy interesado en revel\u00e1rsele a la humanidad, a fin de afirmar su naturaleza santa, transmitir su voluntad y manifestar sus caracter\u00edsticas esenciales.<\/p>\n<p><strong>El objetivo primordial de este libro<\/strong>,\u00a0<strong>Yo soy el que soy<\/strong>, es identificar y estudiar los diversos nombres de Dios de acuerdo con los relatos que se incluyen en las Sagradas Escrituras. Adem\u00e1s, tiene como finalidad explorar los or\u00edgenes de esos nombres y descripciones divinas, as\u00ed como analizar sus diversos contextos hist\u00f3ricos, teol\u00f3gicos y ling\u00fc\u00edsticos. Con toda esta importante informaci\u00f3n, deseamos identificar las implicaciones teol\u00f3gicas, pedag\u00f3gicas y espirituales que se desprenden de los nombres divinos que m\u00e1s se utilizan en la Biblia.<\/p>\n<p>&nbsp;<\/p>\n<p><strong>ISBN<\/strong>: 9780789926098<br \/>\n<strong>Dimensiones<\/strong>: 140 x 215 x 10 mm<br \/>\n<strong>Peso<\/strong>: 0,200kg<br \/>\n<strong>Cubierta<\/strong>: R\u00fastica<br \/>\n<strong>N\u00famero de p\u00e1ginas<\/strong>: 192<br \/>\n<strong>Fecha de lanzamiento<\/strong>: 02.02.2022<br \/>\n<strong>Idioma<\/strong>: Espa\u00f1ol<\/p>\n","protected":false},"excerpt":{"rendered":"<p>Un revelador estudio a trav\u00e9s de los nombres de Dios Los nombres de Dios han representado un papel protag\u00f3nico desde las primeras narraciones b\u00edblicas. M\u00e1s que una designaci\u00f3n para la identificaci\u00f3n de Dios, son maneras de presentar la naturaleza divina, revelar el car\u00e1cter del Se\u00f1or y presentar relatos que ponen de manifiesto la esencia misma [&hellip;]<\/p>\n","protected":false},"featured_media":1720,"comment_status":"open","ping_status":"closed","template":"","meta":{"om_disable_all_campaigns":false,"_monsterinsights_skip_tracking":false,"_monsterinsights_sitenote_active":false,"_monsterinsights_sitenote_note":"","_monsterinsights_sitenote_category":0,"site-sidebar-layout":"default","site-content-layout":"","ast-site-content-layout":"default","site-content-style":"default","site-sidebar-style":"default","ast-global-header-display":"","ast-banner-title-visibility":"","ast-main-header-display":"","ast-hfb-above-header-display":"","ast-hfb-below-header-display":"","ast-hfb-mobile-header-display":"","site-post-title":"","ast-breadcrumbs-content":"","ast-featured-img":"","footer-sml-layout":"","ast-disable-related-posts":"","theme-transparent-header-meta":"default","adv-header-id-meta":"","stick-header-meta":"","header-above-stick-meta":"","header-main-stick-meta":"","header-below-stick-meta":"","astra-migrate-meta-layouts":"set","ast-page-background-enabled":"default","ast-page-background-meta":{"desktop":{"background-color":"var(--ast-global-color-4)","background-image":"","background-repeat":"repeat","background-position":"center center","background-size":"auto","background-attachment":"scroll","background-type":"","background-media":"","overlay-type":"","overlay-color":"","overlay-opacity":"","overlay-gradient":""},"tablet":{"background-color":"","background-image":"","background-repeat":"repeat","background-position":"center center","background-size":"auto","background-attachment":"scroll","background-type":"","background-media":"","overlay-type":"","overlay-color":"","overlay-opacity":"","overlay-gradient":""},"mobile":{"background-color":"","background-image":"","background-repeat":"repeat","background-position":"center center","background-size":"auto","background-attachment":"scroll","background-type":"","background-media":"","overlay-type":"","overlay-color":"","overlay-opacity":"","overlay-gradient":""}},"ast-content-background-meta":{"desktop":{"background-color":"var(--ast-global-color-5)","background-image":"","background-repeat":"repeat","background-position":"center center","background-size":"auto","background-attachment":"scroll","background-type":"","background-media":"","overlay-type":"","overlay-color":"","overlay-opacity":"","overlay-gradient":""},"tablet":{"background-color":"var(--ast-global-color-5)","background-image":"","background-repeat":"repeat","background-position":"center center","background-size":"auto","background-attachment":"scroll","background-type":"","background-media":"","overlay-type":"","overlay-color":"","overlay-opacity":"","overlay-gradient":""},"mobile":{"background-color":"var(--ast-global-color-5)","background-image":"","background-repeat":"repeat","background-position":"center center","background-size":"auto","background-attachment":"scroll","background-type":"","background-media":"","overlay-type":"","overlay-color":"","overlay-opacity":"","overlay-gradient":""}}},"product_brand":[],"product_cat":[23],"product_tag":[],"class_list":{"0":"post-1719","1":"product","2":"type-product","3":"status-publish","4":"has-post-thumbnail","6":"product_cat-libros","7":"desktop-align-left","8":"tablet-align-left","9":"mobile-align-left","11":"first","12":"instock","13":"shipping-taxable","14":"purchasable","15":"product-type-simple"},"yoast_head":"<!-- This site is optimized with the Yoast SEO plugin v27.4 - https:\/\/yoast.com\/product\/yoast-seo-wordpress\/ -->\n<title>Yo Soy El Que Soy \u2013 Samuel Pag\u00e1n - tzionlibreria.com<\/title>\n<meta name=\"robots\" content=\"index, follow, max-snippet:-1, max-image-preview:large, max-video-preview:-1\" \/>\n<link rel=\"canonical\" href=\"https:\/\/tzionlibreria.com\/index.php\/product\/yo-soy-el-que-soy-samuel-pagan\/\" \/>\n<meta property=\"og:locale\" content=\"es_ES\" \/>\n<meta property=\"og:type\" content=\"article\" \/>\n<meta property=\"og:title\" content=\"Yo Soy El Que Soy \u2013 Samuel Pag\u00e1n - tzionlibreria.com\" \/>\n<meta property=\"og:description\" content=\"Un revelador estudio a trav\u00e9s de los nombres de Dios Los nombres de Dios han representado un papel protag\u00f3nico desde las primeras narraciones b\u00edblicas. M\u00e1s que una designaci\u00f3n para la identificaci\u00f3n de Dios, son maneras de presentar la naturaleza divina, revelar el car\u00e1cter del Se\u00f1or y presentar relatos que ponen de manifiesto la esencia misma [&hellip;]\" \/>\n<meta property=\"og:url\" content=\"https:\/\/tzionlibreria.com\/index.php\/product\/yo-soy-el-que-soy-samuel-pagan\/\" \/>\n<meta property=\"og:site_name\" content=\"tzionlibreria.com\" \/>\n<meta property=\"article:modified_time\" content=\"2024-02-29T16:28:25+00:00\" \/>\n<meta property=\"og:image\" content=\"http:\/\/tzionlibreria.com\/wp-content\/uploads\/2023\/11\/Yo-soy-el-que-soy.jpg\" \/>\n\t<meta property=\"og:image:width\" content=\"1200\" \/>\n\t<meta property=\"og:image:height\" content=\"1200\" \/>\n\t<meta property=\"og:image:type\" content=\"image\/jpeg\" \/>\n<meta name=\"twitter:card\" content=\"summary_large_image\" \/>\n<meta name=\"twitter:label1\" content=\"Tiempo de lectura\" \/>\n\t<meta name=\"twitter:data1\" content=\"2 minutos\" \/>\n<script type=\"application\/ld+json\" class=\"yoast-schema-graph\">{\"@context\":\"https:\\\/\\\/schema.org\",\"@graph\":[{\"@type\":\"WebPage\",\"@id\":\"https:\\\/\\\/tzionlibreria.com\\\/index.php\\\/product\\\/yo-soy-el-que-soy-samuel-pagan\\\/\",\"url\":\"https:\\\/\\\/tzionlibreria.com\\\/index.php\\\/product\\\/yo-soy-el-que-soy-samuel-pagan\\\/\",\"name\":\"Yo Soy El Que Soy \u2013 Samuel Pag\u00e1n - tzionlibreria.com\",\"isPartOf\":{\"@id\":\"https:\\\/\\\/tzionlibreria.com\\\/#website\"},\"primaryImageOfPage\":{\"@id\":\"https:\\\/\\\/tzionlibreria.com\\\/index.php\\\/product\\\/yo-soy-el-que-soy-samuel-pagan\\\/#primaryimage\"},\"image\":{\"@id\":\"https:\\\/\\\/tzionlibreria.com\\\/index.php\\\/product\\\/yo-soy-el-que-soy-samuel-pagan\\\/#primaryimage\"},\"thumbnailUrl\":\"https:\\\/\\\/tzionlibreria.com\\\/wp-content\\\/uploads\\\/2023\\\/11\\\/Yo-soy-el-que-soy.jpg\",\"datePublished\":\"2023-11-23T13:28:13+00:00\",\"dateModified\":\"2024-02-29T16:28:25+00:00\",\"breadcrumb\":{\"@id\":\"https:\\\/\\\/tzionlibreria.com\\\/index.php\\\/product\\\/yo-soy-el-que-soy-samuel-pagan\\\/#breadcrumb\"},\"inLanguage\":\"es-CO\",\"potentialAction\":[{\"@type\":\"ReadAction\",\"target\":[\"https:\\\/\\\/tzionlibreria.com\\\/index.php\\\/product\\\/yo-soy-el-que-soy-samuel-pagan\\\/\"]}]},{\"@type\":\"ImageObject\",\"inLanguage\":\"es-CO\",\"@id\":\"https:\\\/\\\/tzionlibreria.com\\\/index.php\\\/product\\\/yo-soy-el-que-soy-samuel-pagan\\\/#primaryimage\",\"url\":\"https:\\\/\\\/tzionlibreria.com\\\/wp-content\\\/uploads\\\/2023\\\/11\\\/Yo-soy-el-que-soy.jpg\",\"contentUrl\":\"https:\\\/\\\/tzionlibreria.com\\\/wp-content\\\/uploads\\\/2023\\\/11\\\/Yo-soy-el-que-soy.jpg\",\"width\":1200,\"height\":1200},{\"@type\":\"BreadcrumbList\",\"@id\":\"https:\\\/\\\/tzionlibreria.com\\\/index.php\\\/product\\\/yo-soy-el-que-soy-samuel-pagan\\\/#breadcrumb\",\"itemListElement\":[{\"@type\":\"ListItem\",\"position\":1,\"name\":\"Inicio\",\"item\":\"https:\\\/\\\/tzionlibreria.com\\\/\"},{\"@type\":\"ListItem\",\"position\":2,\"name\":\"Shop\",\"item\":\"https:\\\/\\\/tzionlibreria.com\\\/index.php\\\/shop\\\/\"},{\"@type\":\"ListItem\",\"position\":3,\"name\":\"Yo Soy El Que Soy \u2013 Samuel Pag\u00e1n\"}]},{\"@type\":\"WebSite\",\"@id\":\"https:\\\/\\\/tzionlibreria.com\\\/#website\",\"url\":\"https:\\\/\\\/tzionlibreria.com\\\/\",\"name\":\"tzionlibreria.com\",\"description\":\"Libreria Cristiana Venezuela\",\"publisher\":{\"@id\":\"https:\\\/\\\/tzionlibreria.com\\\/#organization\"},\"potentialAction\":[{\"@type\":\"SearchAction\",\"target\":{\"@type\":\"EntryPoint\",\"urlTemplate\":\"https:\\\/\\\/tzionlibreria.com\\\/?s={search_term_string}\"},\"query-input\":{\"@type\":\"PropertyValueSpecification\",\"valueRequired\":true,\"valueName\":\"search_term_string\"}}],\"inLanguage\":\"es-CO\"},{\"@type\":\"Organization\",\"@id\":\"https:\\\/\\\/tzionlibreria.com\\\/#organization\",\"name\":\"tzionlibreria.com\",\"url\":\"https:\\\/\\\/tzionlibreria.com\\\/\",\"logo\":{\"@type\":\"ImageObject\",\"inLanguage\":\"es-CO\",\"@id\":\"https:\\\/\\\/tzionlibreria.com\\\/#\\\/schema\\\/logo\\\/image\\\/\",\"url\":\"https:\\\/\\\/tzionlibreria.com\\\/wp-content\\\/uploads\\\/2023\\\/10\\\/cropped-Cuadricula-scaled-1.jpg\",\"contentUrl\":\"https:\\\/\\\/tzionlibreria.com\\\/wp-content\\\/uploads\\\/2023\\\/10\\\/cropped-Cuadricula-scaled-1.jpg\",\"width\":2560,\"height\":2560,\"caption\":\"tzionlibreria.com\"},\"image\":{\"@id\":\"https:\\\/\\\/tzionlibreria.com\\\/#\\\/schema\\\/logo\\\/image\\\/\"}}]}<\/script>\n<!-- \/ Yoast SEO plugin. -->","yoast_head_json":{"title":"Yo Soy El Que Soy \u2013 Samuel Pag\u00e1n - tzionlibreria.com","robots":{"index":"index","follow":"follow","max-snippet":"max-snippet:-1","max-image-preview":"max-image-preview:large","max-video-preview":"max-video-preview:-1"},"canonical":"https:\/\/tzionlibreria.com\/index.php\/product\/yo-soy-el-que-soy-samuel-pagan\/","og_locale":"es_ES","og_type":"article","og_title":"Yo Soy El Que Soy \u2013 Samuel Pag\u00e1n - tzionlibreria.com","og_description":"Un revelador estudio a trav\u00e9s de los nombres de Dios Los nombres de Dios han representado un papel protag\u00f3nico desde las primeras narraciones b\u00edblicas. M\u00e1s que una designaci\u00f3n para la identificaci\u00f3n de Dios, son maneras de presentar la naturaleza divina, revelar el car\u00e1cter del Se\u00f1or y presentar relatos que ponen de manifiesto la esencia misma [&hellip;]","og_url":"https:\/\/tzionlibreria.com\/index.php\/product\/yo-soy-el-que-soy-samuel-pagan\/","og_site_name":"tzionlibreria.com","article_modified_time":"2024-02-29T16:28:25+00:00","og_image":[{"width":1200,"height":1200,"url":"http:\/\/tzionlibreria.com\/wp-content\/uploads\/2023\/11\/Yo-soy-el-que-soy.jpg","type":"image\/jpeg"}],"twitter_card":"summary_large_image","twitter_misc":{"Tiempo de lectura":"2 minutos"},"schema":{"@context":"https:\/\/schema.org","@graph":[{"@type":"WebPage","@id":"https:\/\/tzionlibreria.com\/index.php\/product\/yo-soy-el-que-soy-samuel-pagan\/","url":"https:\/\/tzionlibreria.com\/index.php\/product\/yo-soy-el-que-soy-samuel-pagan\/","name":"Yo Soy El Que Soy \u2013 Samuel Pag\u00e1n - tzionlibreria.com","isPartOf":{"@id":"https:\/\/tzionlibreria.com\/#website"},"primaryImageOfPage":{"@id":"https:\/\/tzionlibreria.com\/index.php\/product\/yo-soy-el-que-soy-samuel-pagan\/#primaryimage"},"image":{"@id":"https:\/\/tzionlibreria.com\/index.php\/product\/yo-soy-el-que-soy-samuel-pagan\/#primaryimage"},"thumbnailUrl":"https:\/\/tzionlibreria.com\/wp-content\/uploads\/2023\/11\/Yo-soy-el-que-soy.jpg","datePublished":"2023-11-23T13:28:13+00:00","dateModified":"2024-02-29T16:28:25+00:00","breadcrumb":{"@id":"https:\/\/tzionlibreria.com\/index.php\/product\/yo-soy-el-que-soy-samuel-pagan\/#breadcrumb"},"inLanguage":"es-CO","potentialAction":[{"@type":"ReadAction","target":["https:\/\/tzionlibreria.com\/index.php\/product\/yo-soy-el-que-soy-samuel-pagan\/"]}]},{"@type":"ImageObject","inLanguage":"es-CO","@id":"https:\/\/tzionlibreria.com\/index.php\/product\/yo-soy-el-que-soy-samuel-pagan\/#primaryimage","url":"https:\/\/tzionlibreria.com\/wp-content\/uploads\/2023\/11\/Yo-soy-el-que-soy.jpg","contentUrl":"https:\/\/tzionlibreria.com\/wp-content\/uploads\/2023\/11\/Yo-soy-el-que-soy.jpg","width":1200,"height":1200},{"@type":"BreadcrumbList","@id":"https:\/\/tzionlibreria.com\/index.php\/product\/yo-soy-el-que-soy-samuel-pagan\/#breadcrumb","itemListElement":[{"@type":"ListItem","position":1,"name":"Inicio","item":"https:\/\/tzionlibreria.com\/"},{"@type":"ListItem","position":2,"name":"Shop","item":"https:\/\/tzionlibreria.com\/index.php\/shop\/"},{"@type":"ListItem","position":3,"name":"Yo Soy El Que Soy \u2013 Samuel Pag\u00e1n"}]},{"@type":"WebSite","@id":"https:\/\/tzionlibreria.com\/#website","url":"https:\/\/tzionlibreria.com\/","name":"tzionlibreria.com","description":"Libreria Cristiana Venezuela","publisher":{"@id":"https:\/\/tzionlibreria.com\/#organization"},"potentialAction":[{"@type":"SearchAction","target":{"@type":"EntryPoint","urlTemplate":"https:\/\/tzionlibreria.com\/?s={search_term_string}"},"query-input":{"@type":"PropertyValueSpecification","valueRequired":true,"valueName":"search_term_string"}}],"inLanguage":"es-CO"},{"@type":"Organization","@id":"https:\/\/tzionlibreria.com\/#organization","name":"tzionlibreria.com","url":"https:\/\/tzionlibreria.com\/","logo":{"@type":"ImageObject","inLanguage":"es-CO","@id":"https:\/\/tzionlibreria.com\/#\/schema\/logo\/image\/","url":"https:\/\/tzionlibreria.com\/wp-content\/uploads\/2023\/10\/cropped-Cuadricula-scaled-1.jpg","contentUrl":"https:\/\/tzionlibreria.com\/wp-content\/uploads\/2023\/10\/cropped-Cuadricula-scaled-1.jpg","width":2560,"height":2560,"caption":"tzionlibreria.com"},"image":{"@id":"https:\/\/tzionlibreria.com\/#\/schema\/logo\/image\/"}}]}},"jetpack_sharing_enabled":true,"_links":{"self":[{"href":"https:\/\/tzionlibreria.com\/index.php\/wp-json\/wp\/v2\/product\/1719","targetHints":{"allow":["GET"]}}],"collection":[{"href":"https:\/\/tzionlibreria.com\/index.php\/wp-json\/wp\/v2\/product"}],"about":[{"href":"https:\/\/tzionlibreria.com\/index.php\/wp-json\/wp\/v2\/types\/product"}],"replies":[{"embeddable":true,"href":"https:\/\/tzionlibreria.com\/index.php\/wp-json\/wp\/v2\/comments?post=1719"}],"wp:featuredmedia":[{"embeddable":true,"href":"https:\/\/tzionlibreria.com\/index.php\/wp-json\/wp\/v2\/media\/1720"}],"wp:attachment":[{"href":"https:\/\/tzionlibreria.com\/index.php\/wp-json\/wp\/v2\/media?parent=1719"}],"wp:term":[{"taxonomy":"product_brand","embeddable":true,"href":"https:\/\/tzionlibreria.com\/index.php\/wp-json\/wp\/v2\/product_brand?post=1719"},{"taxonomy":"product_cat","embeddable":true,"href":"https:\/\/tzionlibreria.com\/index.php\/wp-json\/wp\/v2\/product_cat?post=1719"},{"taxonomy":"product_tag","embeddable":true,"href":"https:\/\/tzionlibreria.com\/index.php\/wp-json\/wp\/v2\/product_tag?post=1719"}],"curies":[{"name":"wp","href":"https:\/\/api.w.org\/{rel}","templated":true}]}}