{"id":1806,"date":"2023-11-26T00:26:21","date_gmt":"2023-11-26T00:26:21","guid":{"rendered":"https:\/\/tzionlibreria.com\/?post_type=product&#038;p=1806"},"modified":"2024-02-29T16:24:31","modified_gmt":"2024-02-29T16:24:31","slug":"limites-como-establecerlos-como-mantenerlos-june-hunt","status":"publish","type":"product","link":"https:\/\/tzionlibreria.com\/index.php\/product\/limites-como-establecerlos-como-mantenerlos-june-hunt\/","title":{"rendered":"Limites &#8211; C\u00f3mo establecerlos, c\u00f3mo mantenerlos &#8211; June Hunt"},"content":{"rendered":"<p>Un l\u00edmite es una frontera establecida, una l\u00ednea que no debe cruzarse. En algunos casos, es una l\u00ednea que los humanos no pueden cruzar, como muchos de los l\u00edmites que Dios estableci\u00f3 en la Creaci\u00f3n. Algunos l\u00edmites fijados se consideran &#8220;leyes&#8221;.<\/p>\n<div><\/div>\n<div>&#8220;Y le dio este mandato: &#8220;Puedes comer de todos los \u00e1rboles del jard\u00edn, pero del \u00e1rbol del conocimiento y del mal no deber\u00e1s comer. El d\u00eda que de \u00e9l comas, ciertamente morir\u00e1s&#8221;<\/div>\n<div>(G\u00e9nesis 2:16-17)<\/div>\n<div><\/div>\n<div>Cuando se rechaza un l\u00edmite, el resultado es una repercusi\u00f3n. Cuando se cruz\u00f3 la l\u00ednea lim\u00edtrofe que Dios puso en el Ed\u00e9n, el pecado entr\u00f3 al mundo y esto tuvo una repercusi\u00f3n que les impidi\u00f3 a Ad\u00e1n y Eva permanecer dentro de los l\u00edmites del jard\u00edn.<\/div>\n<div><\/div>\n<div>Los l\u00edmites personales son l\u00edneas que separan a una persona de otra. Son el resultado saludable de darse cuenta de que estamos separados de forma \u00fanica unos de otros y que somos responsables a nivel personal de nuestras propias actitudes y acciones.<\/div>\n<div><\/div>\n<div>Cuando usted comunica un l\u00edmite claro, leg\u00edtimo, con una recompensa y una repercusi\u00f3n, \u00a0y alguien viola ese l\u00edmite, la aplicaci\u00f3n de la repercusi\u00f3n deber\u00eda ser inevitable y en ocasiones, instant\u00e1nea. El transgresor no solo escogi\u00f3 violar el l\u00edmite, sino que tambi\u00e9n eligi\u00f3 la repercusi\u00f3n que ven\u00eda adjunta.<\/div>\n<div><\/div>\n<div><strong>ISBN<\/strong>: 9789588867250<br \/>\n<strong>Editorial<\/strong>:\u00a0CLC<br \/>\n<strong>Dimensiones<\/strong>: 11 x 17 x 1 cm<br \/>\n<strong>Peso<\/strong>: 0,150kg<br \/>\n<strong>Cubierta<\/strong>: R\u00fastica<br \/>\n<strong>Idioma<\/strong>: Espa\u00f1ol<\/div>\n","protected":false},"excerpt":{"rendered":"<p>Un l\u00edmite es una frontera establecida, una l\u00ednea que no debe cruzarse. En algunos casos, es una l\u00ednea que los humanos no pueden cruzar, como muchos de los l\u00edmites que Dios estableci\u00f3 en la Creaci\u00f3n. Algunos l\u00edmites fijados se consideran &#8220;leyes&#8221;. &#8220;Y le dio este mandato: &#8220;Puedes comer de todos los \u00e1rboles del jard\u00edn, pero [&hellip;]<\/p>\n","protected":false},"featured_media":1807,"comment_status":"open","ping_status":"closed","template":"","meta":{"om_disable_all_campaigns":false,"_monsterinsights_skip_tracking":false,"_monsterinsights_sitenote_active":false,"_monsterinsights_sitenote_note":"","_monsterinsights_sitenote_category":0,"site-sidebar-layout":"default","site-content-layout":"","ast-site-content-layout":"default","site-content-style":"default","site-sidebar-style":"default","ast-global-header-display":"","ast-banner-title-visibility":"","ast-main-header-display":"","ast-hfb-above-header-display":"","ast-hfb-below-header-display":"","ast-hfb-mobile-header-display":"","site-post-title":"","ast-breadcrumbs-content":"","ast-featured-img":"","footer-sml-layout":"","ast-disable-related-posts":"","theme-transparent-header-meta":"default","adv-header-id-meta":"","stick-header-meta":"","header-above-stick-meta":"","header-main-stick-meta":"","header-below-stick-meta":"","astra-migrate-meta-layouts":"set","ast-page-background-enabled":"default","ast-page-background-meta":{"desktop":{"background-color":"var(--ast-global-color-4)","background-image":"","background-repeat":"repeat","background-position":"center center","background-size":"auto","background-attachment":"scroll","background-type":"","background-media":"","overlay-type":"","overlay-color":"","overlay-opacity":"","overlay-gradient":""},"tablet":{"background-color":"","background-image":"","background-repeat":"repeat","background-position":"center center","background-size":"auto","background-attachment":"scroll","background-type":"","background-media":"","overlay-type":"","overlay-color":"","overlay-opacity":"","overlay-gradient":""},"mobile":{"background-color":"","background-image":"","background-repeat":"repeat","background-position":"center center","background-size":"auto","background-attachment":"scroll","background-type":"","background-media":"","overlay-type":"","overlay-color":"","overlay-opacity":"","overlay-gradient":""}},"ast-content-background-meta":{"desktop":{"background-color":"var(--ast-global-color-5)","background-image":"","background-repeat":"repeat","background-position":"center center","background-size":"auto","background-attachment":"scroll","background-type":"","background-media":"","overlay-type":"","overlay-color":"","overlay-opacity":"","overlay-gradient":""},"tablet":{"background-color":"var(--ast-global-color-5)","background-image":"","background-repeat":"repeat","background-position":"center center","background-size":"auto","background-attachment":"scroll","background-type":"","background-media":"","overlay-type":"","overlay-color":"","overlay-opacity":"","overlay-gradient":""},"mobile":{"background-color":"var(--ast-global-color-5)","background-image":"","background-repeat":"repeat","background-position":"center center","background-size":"auto","background-attachment":"scroll","background-type":"","background-media":"","overlay-type":"","overlay-color":"","overlay-opacity":"","overlay-gradient":""}}},"product_brand":[],"product_cat":[23],"product_tag":[],"class_list":{"0":"post-1806","1":"product","2":"type-product","3":"status-publish","4":"has-post-thumbnail","6":"product_cat-libros","7":"desktop-align-left","8":"tablet-align-left","9":"mobile-align-left","11":"first","12":"instock","13":"shipping-taxable","14":"purchasable","15":"product-type-simple"},"yoast_head":"<!-- This site is optimized with the Yoast SEO plugin v27.4 - https:\/\/yoast.com\/product\/yoast-seo-wordpress\/ -->\n<title>Limites - C\u00f3mo establecerlos, c\u00f3mo mantenerlos - June Hunt - tzionlibreria.com<\/title>\n<meta name=\"robots\" content=\"index, follow, max-snippet:-1, max-image-preview:large, max-video-preview:-1\" \/>\n<link rel=\"canonical\" href=\"https:\/\/tzionlibreria.com\/index.php\/product\/limites-como-establecerlos-como-mantenerlos-june-hunt\/\" \/>\n<meta property=\"og:locale\" content=\"es_ES\" \/>\n<meta property=\"og:type\" content=\"article\" \/>\n<meta property=\"og:title\" content=\"Limites - C\u00f3mo establecerlos, c\u00f3mo mantenerlos - June Hunt - tzionlibreria.com\" \/>\n<meta property=\"og:description\" content=\"Un l\u00edmite es una frontera establecida, una l\u00ednea que no debe cruzarse. En algunos casos, es una l\u00ednea que los humanos no pueden cruzar, como muchos de los l\u00edmites que Dios estableci\u00f3 en la Creaci\u00f3n. Algunos l\u00edmites fijados se consideran &#8220;leyes&#8221;. &#8220;Y le dio este mandato: &#8220;Puedes comer de todos los \u00e1rboles del jard\u00edn, pero [&hellip;]\" \/>\n<meta property=\"og:url\" content=\"https:\/\/tzionlibreria.com\/index.php\/product\/limites-como-establecerlos-como-mantenerlos-june-hunt\/\" \/>\n<meta property=\"og:site_name\" content=\"tzionlibreria.com\" \/>\n<meta property=\"article:modified_time\" content=\"2024-02-29T16:24:31+00:00\" \/>\n<meta property=\"og:image\" content=\"http:\/\/tzionlibreria.com\/wp-content\/uploads\/2023\/11\/limites.jpg\" \/>\n\t<meta property=\"og:image:width\" content=\"1200\" \/>\n\t<meta property=\"og:image:height\" content=\"1200\" \/>\n\t<meta property=\"og:image:type\" content=\"image\/jpeg\" \/>\n<meta name=\"twitter:card\" content=\"summary_large_image\" \/>\n<meta name=\"twitter:label1\" content=\"Tiempo de lectura\" \/>\n\t<meta name=\"twitter:data1\" content=\"2 minutos\" \/>\n<script type=\"application\/ld+json\" class=\"yoast-schema-graph\">{\"@context\":\"https:\\\/\\\/schema.org\",\"@graph\":[{\"@type\":\"WebPage\",\"@id\":\"https:\\\/\\\/tzionlibreria.com\\\/index.php\\\/product\\\/limites-como-establecerlos-como-mantenerlos-june-hunt\\\/\",\"url\":\"https:\\\/\\\/tzionlibreria.com\\\/index.php\\\/product\\\/limites-como-establecerlos-como-mantenerlos-june-hunt\\\/\",\"name\":\"Limites - C\u00f3mo establecerlos, c\u00f3mo mantenerlos - June Hunt - tzionlibreria.com\",\"isPartOf\":{\"@id\":\"https:\\\/\\\/tzionlibreria.com\\\/#website\"},\"primaryImageOfPage\":{\"@id\":\"https:\\\/\\\/tzionlibreria.com\\\/index.php\\\/product\\\/limites-como-establecerlos-como-mantenerlos-june-hunt\\\/#primaryimage\"},\"image\":{\"@id\":\"https:\\\/\\\/tzionlibreria.com\\\/index.php\\\/product\\\/limites-como-establecerlos-como-mantenerlos-june-hunt\\\/#primaryimage\"},\"thumbnailUrl\":\"https:\\\/\\\/tzionlibreria.com\\\/wp-content\\\/uploads\\\/2023\\\/11\\\/limites.jpg\",\"datePublished\":\"2023-11-26T00:26:21+00:00\",\"dateModified\":\"2024-02-29T16:24:31+00:00\",\"breadcrumb\":{\"@id\":\"https:\\\/\\\/tzionlibreria.com\\\/index.php\\\/product\\\/limites-como-establecerlos-como-mantenerlos-june-hunt\\\/#breadcrumb\"},\"inLanguage\":\"es-CO\",\"potentialAction\":[{\"@type\":\"ReadAction\",\"target\":[\"https:\\\/\\\/tzionlibreria.com\\\/index.php\\\/product\\\/limites-como-establecerlos-como-mantenerlos-june-hunt\\\/\"]}]},{\"@type\":\"ImageObject\",\"inLanguage\":\"es-CO\",\"@id\":\"https:\\\/\\\/tzionlibreria.com\\\/index.php\\\/product\\\/limites-como-establecerlos-como-mantenerlos-june-hunt\\\/#primaryimage\",\"url\":\"https:\\\/\\\/tzionlibreria.com\\\/wp-content\\\/uploads\\\/2023\\\/11\\\/limites.jpg\",\"contentUrl\":\"https:\\\/\\\/tzionlibreria.com\\\/wp-content\\\/uploads\\\/2023\\\/11\\\/limites.jpg\",\"width\":1200,\"height\":1200},{\"@type\":\"BreadcrumbList\",\"@id\":\"https:\\\/\\\/tzionlibreria.com\\\/index.php\\\/product\\\/limites-como-establecerlos-como-mantenerlos-june-hunt\\\/#breadcrumb\",\"itemListElement\":[{\"@type\":\"ListItem\",\"position\":1,\"name\":\"Inicio\",\"item\":\"https:\\\/\\\/tzionlibreria.com\\\/\"},{\"@type\":\"ListItem\",\"position\":2,\"name\":\"Shop\",\"item\":\"https:\\\/\\\/tzionlibreria.com\\\/index.php\\\/shop\\\/\"},{\"@type\":\"ListItem\",\"position\":3,\"name\":\"Limites &#8211; C\u00f3mo establecerlos, c\u00f3mo mantenerlos &#8211; June Hunt\"}]},{\"@type\":\"WebSite\",\"@id\":\"https:\\\/\\\/tzionlibreria.com\\\/#website\",\"url\":\"https:\\\/\\\/tzionlibreria.com\\\/\",\"name\":\"tzionlibreria.com\",\"description\":\"Libreria Cristiana Venezuela\",\"publisher\":{\"@id\":\"https:\\\/\\\/tzionlibreria.com\\\/#organization\"},\"potentialAction\":[{\"@type\":\"SearchAction\",\"target\":{\"@type\":\"EntryPoint\",\"urlTemplate\":\"https:\\\/\\\/tzionlibreria.com\\\/?s={search_term_string}\"},\"query-input\":{\"@type\":\"PropertyValueSpecification\",\"valueRequired\":true,\"valueName\":\"search_term_string\"}}],\"inLanguage\":\"es-CO\"},{\"@type\":\"Organization\",\"@id\":\"https:\\\/\\\/tzionlibreria.com\\\/#organization\",\"name\":\"tzionlibreria.com\",\"url\":\"https:\\\/\\\/tzionlibreria.com\\\/\",\"logo\":{\"@type\":\"ImageObject\",\"inLanguage\":\"es-CO\",\"@id\":\"https:\\\/\\\/tzionlibreria.com\\\/#\\\/schema\\\/logo\\\/image\\\/\",\"url\":\"https:\\\/\\\/tzionlibreria.com\\\/wp-content\\\/uploads\\\/2023\\\/10\\\/cropped-Cuadricula-scaled-1.jpg\",\"contentUrl\":\"https:\\\/\\\/tzionlibreria.com\\\/wp-content\\\/uploads\\\/2023\\\/10\\\/cropped-Cuadricula-scaled-1.jpg\",\"width\":2560,\"height\":2560,\"caption\":\"tzionlibreria.com\"},\"image\":{\"@id\":\"https:\\\/\\\/tzionlibreria.com\\\/#\\\/schema\\\/logo\\\/image\\\/\"}}]}<\/script>\n<!-- \/ Yoast SEO plugin. -->","yoast_head_json":{"title":"Limites - C\u00f3mo establecerlos, c\u00f3mo mantenerlos - June Hunt - tzionlibreria.com","robots":{"index":"index","follow":"follow","max-snippet":"max-snippet:-1","max-image-preview":"max-image-preview:large","max-video-preview":"max-video-preview:-1"},"canonical":"https:\/\/tzionlibreria.com\/index.php\/product\/limites-como-establecerlos-como-mantenerlos-june-hunt\/","og_locale":"es_ES","og_type":"article","og_title":"Limites - C\u00f3mo establecerlos, c\u00f3mo mantenerlos - June Hunt - tzionlibreria.com","og_description":"Un l\u00edmite es una frontera establecida, una l\u00ednea que no debe cruzarse. En algunos casos, es una l\u00ednea que los humanos no pueden cruzar, como muchos de los l\u00edmites que Dios estableci\u00f3 en la Creaci\u00f3n. Algunos l\u00edmites fijados se consideran &#8220;leyes&#8221;. &#8220;Y le dio este mandato: &#8220;Puedes comer de todos los \u00e1rboles del jard\u00edn, pero [&hellip;]","og_url":"https:\/\/tzionlibreria.com\/index.php\/product\/limites-como-establecerlos-como-mantenerlos-june-hunt\/","og_site_name":"tzionlibreria.com","article_modified_time":"2024-02-29T16:24:31+00:00","og_image":[{"width":1200,"height":1200,"url":"http:\/\/tzionlibreria.com\/wp-content\/uploads\/2023\/11\/limites.jpg","type":"image\/jpeg"}],"twitter_card":"summary_large_image","twitter_misc":{"Tiempo de lectura":"2 minutos"},"schema":{"@context":"https:\/\/schema.org","@graph":[{"@type":"WebPage","@id":"https:\/\/tzionlibreria.com\/index.php\/product\/limites-como-establecerlos-como-mantenerlos-june-hunt\/","url":"https:\/\/tzionlibreria.com\/index.php\/product\/limites-como-establecerlos-como-mantenerlos-june-hunt\/","name":"Limites - C\u00f3mo establecerlos, c\u00f3mo mantenerlos - June Hunt - tzionlibreria.com","isPartOf":{"@id":"https:\/\/tzionlibreria.com\/#website"},"primaryImageOfPage":{"@id":"https:\/\/tzionlibreria.com\/index.php\/product\/limites-como-establecerlos-como-mantenerlos-june-hunt\/#primaryimage"},"image":{"@id":"https:\/\/tzionlibreria.com\/index.php\/product\/limites-como-establecerlos-como-mantenerlos-june-hunt\/#primaryimage"},"thumbnailUrl":"https:\/\/tzionlibreria.com\/wp-content\/uploads\/2023\/11\/limites.jpg","datePublished":"2023-11-26T00:26:21+00:00","dateModified":"2024-02-29T16:24:31+00:00","breadcrumb":{"@id":"https:\/\/tzionlibreria.com\/index.php\/product\/limites-como-establecerlos-como-mantenerlos-june-hunt\/#breadcrumb"},"inLanguage":"es-CO","potentialAction":[{"@type":"ReadAction","target":["https:\/\/tzionlibreria.com\/index.php\/product\/limites-como-establecerlos-como-mantenerlos-june-hunt\/"]}]},{"@type":"ImageObject","inLanguage":"es-CO","@id":"https:\/\/tzionlibreria.com\/index.php\/product\/limites-como-establecerlos-como-mantenerlos-june-hunt\/#primaryimage","url":"https:\/\/tzionlibreria.com\/wp-content\/uploads\/2023\/11\/limites.jpg","contentUrl":"https:\/\/tzionlibreria.com\/wp-content\/uploads\/2023\/11\/limites.jpg","width":1200,"height":1200},{"@type":"BreadcrumbList","@id":"https:\/\/tzionlibreria.com\/index.php\/product\/limites-como-establecerlos-como-mantenerlos-june-hunt\/#breadcrumb","itemListElement":[{"@type":"ListItem","position":1,"name":"Inicio","item":"https:\/\/tzionlibreria.com\/"},{"@type":"ListItem","position":2,"name":"Shop","item":"https:\/\/tzionlibreria.com\/index.php\/shop\/"},{"@type":"ListItem","position":3,"name":"Limites &#8211; C\u00f3mo establecerlos, c\u00f3mo mantenerlos &#8211; June Hunt"}]},{"@type":"WebSite","@id":"https:\/\/tzionlibreria.com\/#website","url":"https:\/\/tzionlibreria.com\/","name":"tzionlibreria.com","description":"Libreria Cristiana Venezuela","publisher":{"@id":"https:\/\/tzionlibreria.com\/#organization"},"potentialAction":[{"@type":"SearchAction","target":{"@type":"EntryPoint","urlTemplate":"https:\/\/tzionlibreria.com\/?s={search_term_string}"},"query-input":{"@type":"PropertyValueSpecification","valueRequired":true,"valueName":"search_term_string"}}],"inLanguage":"es-CO"},{"@type":"Organization","@id":"https:\/\/tzionlibreria.com\/#organization","name":"tzionlibreria.com","url":"https:\/\/tzionlibreria.com\/","logo":{"@type":"ImageObject","inLanguage":"es-CO","@id":"https:\/\/tzionlibreria.com\/#\/schema\/logo\/image\/","url":"https:\/\/tzionlibreria.com\/wp-content\/uploads\/2023\/10\/cropped-Cuadricula-scaled-1.jpg","contentUrl":"https:\/\/tzionlibreria.com\/wp-content\/uploads\/2023\/10\/cropped-Cuadricula-scaled-1.jpg","width":2560,"height":2560,"caption":"tzionlibreria.com"},"image":{"@id":"https:\/\/tzionlibreria.com\/#\/schema\/logo\/image\/"}}]}},"jetpack_sharing_enabled":true,"_links":{"self":[{"href":"https:\/\/tzionlibreria.com\/index.php\/wp-json\/wp\/v2\/product\/1806","targetHints":{"allow":["GET"]}}],"collection":[{"href":"https:\/\/tzionlibreria.com\/index.php\/wp-json\/wp\/v2\/product"}],"about":[{"href":"https:\/\/tzionlibreria.com\/index.php\/wp-json\/wp\/v2\/types\/product"}],"replies":[{"embeddable":true,"href":"https:\/\/tzionlibreria.com\/index.php\/wp-json\/wp\/v2\/comments?post=1806"}],"wp:featuredmedia":[{"embeddable":true,"href":"https:\/\/tzionlibreria.com\/index.php\/wp-json\/wp\/v2\/media\/1807"}],"wp:attachment":[{"href":"https:\/\/tzionlibreria.com\/index.php\/wp-json\/wp\/v2\/media?parent=1806"}],"wp:term":[{"taxonomy":"product_brand","embeddable":true,"href":"https:\/\/tzionlibreria.com\/index.php\/wp-json\/wp\/v2\/product_brand?post=1806"},{"taxonomy":"product_cat","embeddable":true,"href":"https:\/\/tzionlibreria.com\/index.php\/wp-json\/wp\/v2\/product_cat?post=1806"},{"taxonomy":"product_tag","embeddable":true,"href":"https:\/\/tzionlibreria.com\/index.php\/wp-json\/wp\/v2\/product_tag?post=1806"}],"curies":[{"name":"wp","href":"https:\/\/api.w.org\/{rel}","templated":true}]}}