{"id":1813,"date":"2023-11-26T00:32:31","date_gmt":"2023-11-26T00:32:31","guid":{"rendered":"https:\/\/tzionlibreria.com\/?post_type=product&#038;p=1813"},"modified":"2024-02-29T16:24:07","modified_gmt":"2024-02-29T16:24:07","slug":"el-ser-que-quiero-ser-john-ortberg","status":"publish","type":"product","link":"https:\/\/tzionlibreria.com\/index.php\/product\/el-ser-que-quiero-ser-john-ortberg\/","title":{"rendered":"El Ser que quiero Ser &#8211; John Ortberg"},"content":{"rendered":"<p>El Ser que Quiero Ser de John Ortberg \u2013 autor de mayor venta de Cuando el Juego Termina Todo Regresa a la Caja, Dios Est\u00e1 m\u00e1s Cerca de lo que Crees; y La Vida que Siempre Quiso \u2013 le ayudar\u00e1 a descubrir una energ\u00eda espiritual que jam\u00e1s ha conocido a medida que aprende a \u00abvivir en el flujo del Esp\u00edritu\u00bb.<\/p>\n<p>Pero, \u00bfsi Dios tiene una visi\u00f3n perfecta para su vida, por qu\u00e9 resulta tan dif\u00edcil crecer espiritualmente?<\/p>\n<p>John Ortberg da intrigantes respuestas a esa pregunta y organiza sus pensamientos y la Palabra de Dios en una gu\u00eda sencilla y oportuna para que disfrute de su mejor vida en El Ser que Quiero Ser.<\/p>\n<p>Este libro le mostrar\u00e1 que la visi\u00f3n perfecta de Dios para usted comienza con un compromiso convincente.<\/p>\n<p>Todo aquel que conf\u00eda en Dios \u00abser\u00e1 como un \u00e1rbol plantado junto al agua, que extiende sus ra\u00edces hacia la corriente; no teme que llegue el calor, y sus hojas est\u00e1n siempre verdes. En \u00e9poca de sequ\u00eda no se angustia,<\/p>\n<p>y nunca deja de dar fruto\u00bb (Jerem\u00edas 17:7-8).<\/p>\n<p>Ortberg le recomienda que reconozca su quebrantamiento, entienda que Dios es su gerente de proyecto, y que siga Sus instrucciones.<\/p>\n<p>El autor primeramente le ayuda a evaluar su salud espiritual y a medir la diferencia desde donde se encuentra actualmente hasta donde Dios quiere que est\u00e9.<\/p>\n<p>Seguidamente le proporciona tareas y ejercicios en detalle para que pueda vivir en el flujo del Esp\u00edritu, salvando barreras reales \u2013 dolor y tristeza, tentaciones, desconfianza de si mismo, pecado \u2013 para incluso prosperar en un mundo decadente y tenebroso.<\/p>\n<p>A medida que comienza a vivir en el flujo del Esp\u00edritu, usted sentir\u00e1:<\/p>\n<p>&#8211; una relaci\u00f3n con Dios m\u00e1s profunda; una mayor sensaci\u00f3n de gozo; un sincero reconocimiento de su quebrantamiento; menos temor, m\u00e1s confianza; una mayor sensaci\u00f3n de estar \u00abarraigado en amor\u201d; un sentido del prop\u00f3sito m\u00e1s profundo.<\/p>\n<p>Dios le invita a acompa\u00f1arle para crear una vida abundante y llena de gozo.<\/p>\n<p>El Ser que Quiero Ser le muestra c\u00f3mo aceptar graciosamente Su invitaci\u00f3n.<\/p>\n<p>&nbsp;<\/p>\n<p><strong>ISBN<\/strong>: 9780829757309<br \/>\n<strong>Editorial<\/strong>:\u00a0Vida<br \/>\n<strong>Dimensiones<\/strong>: 14 x 21 cm<br \/>\n<strong>Peso<\/strong>: 0,300kg<br \/>\n<strong>Cubierta<\/strong>: R\u00fastica<br \/>\n<strong>N\u00famero de p\u00e1ginas<\/strong>: 224<br \/>\n<strong>Idioma<\/strong>: Espa\u00f1ol<\/p>\n","protected":false},"excerpt":{"rendered":"<p>El Ser que Quiero Ser de John Ortberg \u2013 autor de mayor venta de Cuando el Juego Termina Todo Regresa a la Caja, Dios Est\u00e1 m\u00e1s Cerca de lo que Crees; y La Vida que Siempre Quiso \u2013 le ayudar\u00e1 a descubrir una energ\u00eda espiritual que jam\u00e1s ha conocido a medida que aprende a \u00abvivir [&hellip;]<\/p>\n","protected":false},"featured_media":1815,"comment_status":"open","ping_status":"closed","template":"","meta":{"om_disable_all_campaigns":false,"_monsterinsights_skip_tracking":false,"_monsterinsights_sitenote_active":false,"_monsterinsights_sitenote_note":"","_monsterinsights_sitenote_category":0,"site-sidebar-layout":"default","site-content-layout":"","ast-site-content-layout":"default","site-content-style":"default","site-sidebar-style":"default","ast-global-header-display":"","ast-banner-title-visibility":"","ast-main-header-display":"","ast-hfb-above-header-display":"","ast-hfb-below-header-display":"","ast-hfb-mobile-header-display":"","site-post-title":"","ast-breadcrumbs-content":"","ast-featured-img":"","footer-sml-layout":"","ast-disable-related-posts":"","theme-transparent-header-meta":"default","adv-header-id-meta":"","stick-header-meta":"","header-above-stick-meta":"","header-main-stick-meta":"","header-below-stick-meta":"","astra-migrate-meta-layouts":"set","ast-page-background-enabled":"default","ast-page-background-meta":{"desktop":{"background-color":"var(--ast-global-color-4)","background-image":"","background-repeat":"repeat","background-position":"center center","background-size":"auto","background-attachment":"scroll","background-type":"","background-media":"","overlay-type":"","overlay-color":"","overlay-opacity":"","overlay-gradient":""},"tablet":{"background-color":"","background-image":"","background-repeat":"repeat","background-position":"center center","background-size":"auto","background-attachment":"scroll","background-type":"","background-media":"","overlay-type":"","overlay-color":"","overlay-opacity":"","overlay-gradient":""},"mobile":{"background-color":"","background-image":"","background-repeat":"repeat","background-position":"center center","background-size":"auto","background-attachment":"scroll","background-type":"","background-media":"","overlay-type":"","overlay-color":"","overlay-opacity":"","overlay-gradient":""}},"ast-content-background-meta":{"desktop":{"background-color":"var(--ast-global-color-5)","background-image":"","background-repeat":"repeat","background-position":"center center","background-size":"auto","background-attachment":"scroll","background-type":"","background-media":"","overlay-type":"","overlay-color":"","overlay-opacity":"","overlay-gradient":""},"tablet":{"background-color":"var(--ast-global-color-5)","background-image":"","background-repeat":"repeat","background-position":"center center","background-size":"auto","background-attachment":"scroll","background-type":"","background-media":"","overlay-type":"","overlay-color":"","overlay-opacity":"","overlay-gradient":""},"mobile":{"background-color":"var(--ast-global-color-5)","background-image":"","background-repeat":"repeat","background-position":"center center","background-size":"auto","background-attachment":"scroll","background-type":"","background-media":"","overlay-type":"","overlay-color":"","overlay-opacity":"","overlay-gradient":""}}},"product_brand":[],"product_cat":[23],"product_tag":[],"class_list":{"0":"post-1813","1":"product","2":"type-product","3":"status-publish","4":"has-post-thumbnail","6":"product_cat-libros","7":"desktop-align-left","8":"tablet-align-left","9":"mobile-align-left","11":"first","12":"instock","13":"shipping-taxable","14":"purchasable","15":"product-type-simple"},"yoast_head":"<!-- This site is optimized with the Yoast SEO plugin v27.4 - https:\/\/yoast.com\/product\/yoast-seo-wordpress\/ -->\n<title>El Ser que quiero Ser - John Ortberg - tzionlibreria.com<\/title>\n<meta name=\"robots\" content=\"index, follow, max-snippet:-1, max-image-preview:large, max-video-preview:-1\" \/>\n<link rel=\"canonical\" href=\"https:\/\/tzionlibreria.com\/index.php\/product\/el-ser-que-quiero-ser-john-ortberg\/\" \/>\n<meta property=\"og:locale\" content=\"es_ES\" \/>\n<meta property=\"og:type\" content=\"article\" \/>\n<meta property=\"og:title\" content=\"El Ser que quiero Ser - John Ortberg - tzionlibreria.com\" \/>\n<meta property=\"og:description\" content=\"El Ser que Quiero Ser de John Ortberg \u2013 autor de mayor venta de Cuando el Juego Termina Todo Regresa a la Caja, Dios Est\u00e1 m\u00e1s Cerca de lo que Crees; y La Vida que Siempre Quiso \u2013 le ayudar\u00e1 a descubrir una energ\u00eda espiritual que jam\u00e1s ha conocido a medida que aprende a \u00abvivir [&hellip;]\" \/>\n<meta property=\"og:url\" content=\"https:\/\/tzionlibreria.com\/index.php\/product\/el-ser-que-quiero-ser-john-ortberg\/\" \/>\n<meta property=\"og:site_name\" content=\"tzionlibreria.com\" \/>\n<meta property=\"article:modified_time\" content=\"2024-02-29T16:24:07+00:00\" \/>\n<meta property=\"og:image\" content=\"http:\/\/tzionlibreria.com\/wp-content\/uploads\/2023\/11\/ser.jpg\" \/>\n\t<meta property=\"og:image:width\" content=\"1200\" \/>\n\t<meta property=\"og:image:height\" content=\"1200\" \/>\n\t<meta property=\"og:image:type\" content=\"image\/jpeg\" \/>\n<meta name=\"twitter:card\" content=\"summary_large_image\" \/>\n<meta name=\"twitter:label1\" content=\"Tiempo de lectura\" \/>\n\t<meta name=\"twitter:data1\" content=\"2 minutos\" \/>\n<script type=\"application\/ld+json\" class=\"yoast-schema-graph\">{\"@context\":\"https:\\\/\\\/schema.org\",\"@graph\":[{\"@type\":\"WebPage\",\"@id\":\"https:\\\/\\\/tzionlibreria.com\\\/index.php\\\/product\\\/el-ser-que-quiero-ser-john-ortberg\\\/\",\"url\":\"https:\\\/\\\/tzionlibreria.com\\\/index.php\\\/product\\\/el-ser-que-quiero-ser-john-ortberg\\\/\",\"name\":\"El Ser que quiero Ser - John Ortberg - tzionlibreria.com\",\"isPartOf\":{\"@id\":\"https:\\\/\\\/tzionlibreria.com\\\/#website\"},\"primaryImageOfPage\":{\"@id\":\"https:\\\/\\\/tzionlibreria.com\\\/index.php\\\/product\\\/el-ser-que-quiero-ser-john-ortberg\\\/#primaryimage\"},\"image\":{\"@id\":\"https:\\\/\\\/tzionlibreria.com\\\/index.php\\\/product\\\/el-ser-que-quiero-ser-john-ortberg\\\/#primaryimage\"},\"thumbnailUrl\":\"https:\\\/\\\/tzionlibreria.com\\\/wp-content\\\/uploads\\\/2023\\\/11\\\/ser.jpg\",\"datePublished\":\"2023-11-26T00:32:31+00:00\",\"dateModified\":\"2024-02-29T16:24:07+00:00\",\"breadcrumb\":{\"@id\":\"https:\\\/\\\/tzionlibreria.com\\\/index.php\\\/product\\\/el-ser-que-quiero-ser-john-ortberg\\\/#breadcrumb\"},\"inLanguage\":\"es-CO\",\"potentialAction\":[{\"@type\":\"ReadAction\",\"target\":[\"https:\\\/\\\/tzionlibreria.com\\\/index.php\\\/product\\\/el-ser-que-quiero-ser-john-ortberg\\\/\"]}]},{\"@type\":\"ImageObject\",\"inLanguage\":\"es-CO\",\"@id\":\"https:\\\/\\\/tzionlibreria.com\\\/index.php\\\/product\\\/el-ser-que-quiero-ser-john-ortberg\\\/#primaryimage\",\"url\":\"https:\\\/\\\/tzionlibreria.com\\\/wp-content\\\/uploads\\\/2023\\\/11\\\/ser.jpg\",\"contentUrl\":\"https:\\\/\\\/tzionlibreria.com\\\/wp-content\\\/uploads\\\/2023\\\/11\\\/ser.jpg\",\"width\":1200,\"height\":1200},{\"@type\":\"BreadcrumbList\",\"@id\":\"https:\\\/\\\/tzionlibreria.com\\\/index.php\\\/product\\\/el-ser-que-quiero-ser-john-ortberg\\\/#breadcrumb\",\"itemListElement\":[{\"@type\":\"ListItem\",\"position\":1,\"name\":\"Inicio\",\"item\":\"https:\\\/\\\/tzionlibreria.com\\\/\"},{\"@type\":\"ListItem\",\"position\":2,\"name\":\"Shop\",\"item\":\"https:\\\/\\\/tzionlibreria.com\\\/index.php\\\/shop\\\/\"},{\"@type\":\"ListItem\",\"position\":3,\"name\":\"El Ser que quiero Ser &#8211; John Ortberg\"}]},{\"@type\":\"WebSite\",\"@id\":\"https:\\\/\\\/tzionlibreria.com\\\/#website\",\"url\":\"https:\\\/\\\/tzionlibreria.com\\\/\",\"name\":\"tzionlibreria.com\",\"description\":\"Libreria Cristiana Venezuela\",\"publisher\":{\"@id\":\"https:\\\/\\\/tzionlibreria.com\\\/#organization\"},\"potentialAction\":[{\"@type\":\"SearchAction\",\"target\":{\"@type\":\"EntryPoint\",\"urlTemplate\":\"https:\\\/\\\/tzionlibreria.com\\\/?s={search_term_string}\"},\"query-input\":{\"@type\":\"PropertyValueSpecification\",\"valueRequired\":true,\"valueName\":\"search_term_string\"}}],\"inLanguage\":\"es-CO\"},{\"@type\":\"Organization\",\"@id\":\"https:\\\/\\\/tzionlibreria.com\\\/#organization\",\"name\":\"tzionlibreria.com\",\"url\":\"https:\\\/\\\/tzionlibreria.com\\\/\",\"logo\":{\"@type\":\"ImageObject\",\"inLanguage\":\"es-CO\",\"@id\":\"https:\\\/\\\/tzionlibreria.com\\\/#\\\/schema\\\/logo\\\/image\\\/\",\"url\":\"https:\\\/\\\/tzionlibreria.com\\\/wp-content\\\/uploads\\\/2023\\\/10\\\/cropped-Cuadricula-scaled-1.jpg\",\"contentUrl\":\"https:\\\/\\\/tzionlibreria.com\\\/wp-content\\\/uploads\\\/2023\\\/10\\\/cropped-Cuadricula-scaled-1.jpg\",\"width\":2560,\"height\":2560,\"caption\":\"tzionlibreria.com\"},\"image\":{\"@id\":\"https:\\\/\\\/tzionlibreria.com\\\/#\\\/schema\\\/logo\\\/image\\\/\"}}]}<\/script>\n<!-- \/ Yoast SEO plugin. -->","yoast_head_json":{"title":"El Ser que quiero Ser - John Ortberg - tzionlibreria.com","robots":{"index":"index","follow":"follow","max-snippet":"max-snippet:-1","max-image-preview":"max-image-preview:large","max-video-preview":"max-video-preview:-1"},"canonical":"https:\/\/tzionlibreria.com\/index.php\/product\/el-ser-que-quiero-ser-john-ortberg\/","og_locale":"es_ES","og_type":"article","og_title":"El Ser que quiero Ser - John Ortberg - tzionlibreria.com","og_description":"El Ser que Quiero Ser de John Ortberg \u2013 autor de mayor venta de Cuando el Juego Termina Todo Regresa a la Caja, Dios Est\u00e1 m\u00e1s Cerca de lo que Crees; y La Vida que Siempre Quiso \u2013 le ayudar\u00e1 a descubrir una energ\u00eda espiritual que jam\u00e1s ha conocido a medida que aprende a \u00abvivir [&hellip;]","og_url":"https:\/\/tzionlibreria.com\/index.php\/product\/el-ser-que-quiero-ser-john-ortberg\/","og_site_name":"tzionlibreria.com","article_modified_time":"2024-02-29T16:24:07+00:00","og_image":[{"width":1200,"height":1200,"url":"http:\/\/tzionlibreria.com\/wp-content\/uploads\/2023\/11\/ser.jpg","type":"image\/jpeg"}],"twitter_card":"summary_large_image","twitter_misc":{"Tiempo de lectura":"2 minutos"},"schema":{"@context":"https:\/\/schema.org","@graph":[{"@type":"WebPage","@id":"https:\/\/tzionlibreria.com\/index.php\/product\/el-ser-que-quiero-ser-john-ortberg\/","url":"https:\/\/tzionlibreria.com\/index.php\/product\/el-ser-que-quiero-ser-john-ortberg\/","name":"El Ser que quiero Ser - John Ortberg - tzionlibreria.com","isPartOf":{"@id":"https:\/\/tzionlibreria.com\/#website"},"primaryImageOfPage":{"@id":"https:\/\/tzionlibreria.com\/index.php\/product\/el-ser-que-quiero-ser-john-ortberg\/#primaryimage"},"image":{"@id":"https:\/\/tzionlibreria.com\/index.php\/product\/el-ser-que-quiero-ser-john-ortberg\/#primaryimage"},"thumbnailUrl":"https:\/\/tzionlibreria.com\/wp-content\/uploads\/2023\/11\/ser.jpg","datePublished":"2023-11-26T00:32:31+00:00","dateModified":"2024-02-29T16:24:07+00:00","breadcrumb":{"@id":"https:\/\/tzionlibreria.com\/index.php\/product\/el-ser-que-quiero-ser-john-ortberg\/#breadcrumb"},"inLanguage":"es-CO","potentialAction":[{"@type":"ReadAction","target":["https:\/\/tzionlibreria.com\/index.php\/product\/el-ser-que-quiero-ser-john-ortberg\/"]}]},{"@type":"ImageObject","inLanguage":"es-CO","@id":"https:\/\/tzionlibreria.com\/index.php\/product\/el-ser-que-quiero-ser-john-ortberg\/#primaryimage","url":"https:\/\/tzionlibreria.com\/wp-content\/uploads\/2023\/11\/ser.jpg","contentUrl":"https:\/\/tzionlibreria.com\/wp-content\/uploads\/2023\/11\/ser.jpg","width":1200,"height":1200},{"@type":"BreadcrumbList","@id":"https:\/\/tzionlibreria.com\/index.php\/product\/el-ser-que-quiero-ser-john-ortberg\/#breadcrumb","itemListElement":[{"@type":"ListItem","position":1,"name":"Inicio","item":"https:\/\/tzionlibreria.com\/"},{"@type":"ListItem","position":2,"name":"Shop","item":"https:\/\/tzionlibreria.com\/index.php\/shop\/"},{"@type":"ListItem","position":3,"name":"El Ser que quiero Ser &#8211; John Ortberg"}]},{"@type":"WebSite","@id":"https:\/\/tzionlibreria.com\/#website","url":"https:\/\/tzionlibreria.com\/","name":"tzionlibreria.com","description":"Libreria Cristiana Venezuela","publisher":{"@id":"https:\/\/tzionlibreria.com\/#organization"},"potentialAction":[{"@type":"SearchAction","target":{"@type":"EntryPoint","urlTemplate":"https:\/\/tzionlibreria.com\/?s={search_term_string}"},"query-input":{"@type":"PropertyValueSpecification","valueRequired":true,"valueName":"search_term_string"}}],"inLanguage":"es-CO"},{"@type":"Organization","@id":"https:\/\/tzionlibreria.com\/#organization","name":"tzionlibreria.com","url":"https:\/\/tzionlibreria.com\/","logo":{"@type":"ImageObject","inLanguage":"es-CO","@id":"https:\/\/tzionlibreria.com\/#\/schema\/logo\/image\/","url":"https:\/\/tzionlibreria.com\/wp-content\/uploads\/2023\/10\/cropped-Cuadricula-scaled-1.jpg","contentUrl":"https:\/\/tzionlibreria.com\/wp-content\/uploads\/2023\/10\/cropped-Cuadricula-scaled-1.jpg","width":2560,"height":2560,"caption":"tzionlibreria.com"},"image":{"@id":"https:\/\/tzionlibreria.com\/#\/schema\/logo\/image\/"}}]}},"jetpack_sharing_enabled":true,"_links":{"self":[{"href":"https:\/\/tzionlibreria.com\/index.php\/wp-json\/wp\/v2\/product\/1813","targetHints":{"allow":["GET"]}}],"collection":[{"href":"https:\/\/tzionlibreria.com\/index.php\/wp-json\/wp\/v2\/product"}],"about":[{"href":"https:\/\/tzionlibreria.com\/index.php\/wp-json\/wp\/v2\/types\/product"}],"replies":[{"embeddable":true,"href":"https:\/\/tzionlibreria.com\/index.php\/wp-json\/wp\/v2\/comments?post=1813"}],"wp:featuredmedia":[{"embeddable":true,"href":"https:\/\/tzionlibreria.com\/index.php\/wp-json\/wp\/v2\/media\/1815"}],"wp:attachment":[{"href":"https:\/\/tzionlibreria.com\/index.php\/wp-json\/wp\/v2\/media?parent=1813"}],"wp:term":[{"taxonomy":"product_brand","embeddable":true,"href":"https:\/\/tzionlibreria.com\/index.php\/wp-json\/wp\/v2\/product_brand?post=1813"},{"taxonomy":"product_cat","embeddable":true,"href":"https:\/\/tzionlibreria.com\/index.php\/wp-json\/wp\/v2\/product_cat?post=1813"},{"taxonomy":"product_tag","embeddable":true,"href":"https:\/\/tzionlibreria.com\/index.php\/wp-json\/wp\/v2\/product_tag?post=1813"}],"curies":[{"name":"wp","href":"https:\/\/api.w.org\/{rel}","templated":true}]}}