{"id":1847,"date":"2023-11-26T01:05:58","date_gmt":"2023-11-26T01:05:58","guid":{"rendered":"https:\/\/tzionlibreria.com\/?post_type=product&#038;p=1847"},"modified":"2025-06-16T02:15:54","modified_gmt":"2025-06-16T02:15:54","slug":"cuando-una-mujer-inspira-a-su-esposo-comprende-y-afirma-al-hombre-de-tu-vida","status":"publish","type":"product","link":"https:\/\/tzionlibreria.com\/index.php\/product\/cuando-una-mujer-inspira-a-su-esposo-comprende-y-afirma-al-hombre-de-tu-vida\/","title":{"rendered":"Cuando una Mujer Inspira a su Esposo &#8211; Comprende y afirma al hombre de tu vida"},"content":{"rendered":"<div id=\"ctl00_ucPDTabs_ctl00_fs\" class=\"ProductDetailGroup\">\n<p><strong>\u00bfC\u00f3mo te puedes convertir en la admiradora n\u00famero 1 de tu esposo?<\/strong><\/p>\n<div>Dios cre\u00f3 a tu esposo con un conjunto \u00fanico de cualidades y talentos. No hay nadie m\u00e1s en el mundo como \u00e9l. Y Dios te puso a su lado en matrimonio para amarlo y apoyarlo como solo una esposa puede hacerlo. Descubre c\u00f3mo puedes ser la animadora, motivadora, inspiradora que esta detr\u00e1s de tu esposo.\u00a0T\u00fa, en el matrimonio, has sido colocada al costado de tu esposo.<\/div>\n<div><\/div>\n<div><span lang=\"ES\">&#8220;Como pastor y ex abogado, despu\u00e9s de haber aconsejado a parejas en problemas durante 35 a\u00f1os, creo que este libro es de vital importancia para proporcionar un nuevo entendimiento b\u00edblico junto con una nueva esperanza y visi\u00f3n para restaurar y fortalecer los matrimonios. &#8220;Debe leerlo cualquier mujer que desee una relaci\u00f3n buena, piadosa y plena con su esposo&#8221;,\u00a0<\/span><span lang=\"EN-US\">Chuck Crismier, Veteran Attorney, Autor, Pastor y Presidente de Save America Ministries.<\/span><\/div>\n<div><span lang=\"EN-US\">\u00a0<\/span><\/div>\n<div>Recomendado especialmente a mujeres casadas j\u00f3venes, en este libro usted encontrar\u00e1 informaci\u00f3n pr\u00e1ctica y b\u00edblica sobre la relaci\u00f3n matrimonial. Cindi nos gu\u00eda a descubrir algunas necesidades, deseos y expectativas de un esposo. Cada cap\u00edtulo incluye aportes de hombres que comparten lo que ellos quisieran que sus esposas supieran. Este texto es sin dudas un recurso pr\u00e1ctico de mejoramiento dise\u00f1ado para fortalecer tu matrimonio y crear una relaci\u00f3n m\u00e1s cercana entre t\u00fa y el hombre que amas.<\/div>\n<\/div>\n<div id=\"ctl00_ucPDTabs_ctl01_fs\" class=\"ProductDetailGroup\"><\/div>\n<div><\/div>\n<div><strong>ISBN<\/strong>: 9789588691855<br \/>\n<strong>Editorial<\/strong>:\u00a0CLC<br \/>\n<strong>Dimensiones<\/strong>: 11 x 17 x 1 cm<br \/>\n<strong>Peso<\/strong>: 0,152kg<br \/>\n<strong>Cubierta<\/strong>: R\u00fastica<br \/>\n<strong>N\u00famero de p\u00e1ginas<\/strong>: 222<br \/>\n<strong>Idioma<\/strong>: Espa\u00f1ol<\/div>\n","protected":false},"excerpt":{"rendered":"<p>\u00bfC\u00f3mo te puedes convertir en la admiradora n\u00famero 1 de tu esposo? Dios cre\u00f3 a tu esposo con un conjunto \u00fanico de cualidades y talentos. No hay nadie m\u00e1s en el mundo como \u00e9l. Y Dios te puso a su lado en matrimonio para amarlo y apoyarlo como solo una esposa puede hacerlo. Descubre c\u00f3mo [&hellip;]<\/p>\n","protected":false},"featured_media":1848,"comment_status":"open","ping_status":"closed","template":"","meta":{"om_disable_all_campaigns":false,"_monsterinsights_skip_tracking":false,"_monsterinsights_sitenote_active":false,"_monsterinsights_sitenote_note":"","_monsterinsights_sitenote_category":0,"site-sidebar-layout":"default","site-content-layout":"","ast-site-content-layout":"default","site-content-style":"default","site-sidebar-style":"default","ast-global-header-display":"","ast-banner-title-visibility":"","ast-main-header-display":"","ast-hfb-above-header-display":"","ast-hfb-below-header-display":"","ast-hfb-mobile-header-display":"","site-post-title":"","ast-breadcrumbs-content":"","ast-featured-img":"","footer-sml-layout":"","ast-disable-related-posts":"","theme-transparent-header-meta":"default","adv-header-id-meta":"","stick-header-meta":"","header-above-stick-meta":"","header-main-stick-meta":"","header-below-stick-meta":"","astra-migrate-meta-layouts":"set","ast-page-background-enabled":"default","ast-page-background-meta":{"desktop":{"background-color":"var(--ast-global-color-4)","background-image":"","background-repeat":"repeat","background-position":"center center","background-size":"auto","background-attachment":"scroll","background-type":"","background-media":"","overlay-type":"","overlay-color":"","overlay-opacity":"","overlay-gradient":""},"tablet":{"background-color":"","background-image":"","background-repeat":"repeat","background-position":"center center","background-size":"auto","background-attachment":"scroll","background-type":"","background-media":"","overlay-type":"","overlay-color":"","overlay-opacity":"","overlay-gradient":""},"mobile":{"background-color":"","background-image":"","background-repeat":"repeat","background-position":"center center","background-size":"auto","background-attachment":"scroll","background-type":"","background-media":"","overlay-type":"","overlay-color":"","overlay-opacity":"","overlay-gradient":""}},"ast-content-background-meta":{"desktop":{"background-color":"var(--ast-global-color-5)","background-image":"","background-repeat":"repeat","background-position":"center center","background-size":"auto","background-attachment":"scroll","background-type":"","background-media":"","overlay-type":"","overlay-color":"","overlay-opacity":"","overlay-gradient":""},"tablet":{"background-color":"var(--ast-global-color-5)","background-image":"","background-repeat":"repeat","background-position":"center center","background-size":"auto","background-attachment":"scroll","background-type":"","background-media":"","overlay-type":"","overlay-color":"","overlay-opacity":"","overlay-gradient":""},"mobile":{"background-color":"var(--ast-global-color-5)","background-image":"","background-repeat":"repeat","background-position":"center center","background-size":"auto","background-attachment":"scroll","background-type":"","background-media":"","overlay-type":"","overlay-color":"","overlay-opacity":"","overlay-gradient":""}}},"product_brand":[],"product_cat":[23,172,170],"product_tag":[],"class_list":{"0":"post-1847","1":"product","2":"type-product","3":"status-publish","4":"has-post-thumbnail","6":"product_cat-libros","7":"product_cat-matrimonio-y-relaciones","8":"product_cat-mujeres","9":"desktop-align-left","10":"tablet-align-left","11":"mobile-align-left","13":"first","14":"instock","15":"shipping-taxable","16":"purchasable","17":"product-type-simple"},"yoast_head":"<!-- This site is optimized with the Yoast SEO plugin v27.4 - https:\/\/yoast.com\/product\/yoast-seo-wordpress\/ -->\n<title>Cuando una Mujer Inspira a su Esposo - Comprende y afirma al hombre de tu vida - tzionlibreria.com<\/title>\n<meta name=\"robots\" content=\"index, follow, max-snippet:-1, max-image-preview:large, max-video-preview:-1\" \/>\n<link rel=\"canonical\" href=\"https:\/\/tzionlibreria.com\/index.php\/product\/cuando-una-mujer-inspira-a-su-esposo-comprende-y-afirma-al-hombre-de-tu-vida\/\" \/>\n<meta property=\"og:locale\" content=\"es_ES\" \/>\n<meta property=\"og:type\" content=\"article\" \/>\n<meta property=\"og:title\" content=\"Cuando una Mujer Inspira a su Esposo - Comprende y afirma al hombre de tu vida - tzionlibreria.com\" \/>\n<meta property=\"og:description\" content=\"\u00bfC\u00f3mo te puedes convertir en la admiradora n\u00famero 1 de tu esposo? Dios cre\u00f3 a tu esposo con un conjunto \u00fanico de cualidades y talentos. No hay nadie m\u00e1s en el mundo como \u00e9l. Y Dios te puso a su lado en matrimonio para amarlo y apoyarlo como solo una esposa puede hacerlo. Descubre c\u00f3mo [&hellip;]\" \/>\n<meta property=\"og:url\" content=\"https:\/\/tzionlibreria.com\/index.php\/product\/cuando-una-mujer-inspira-a-su-esposo-comprende-y-afirma-al-hombre-de-tu-vida\/\" \/>\n<meta property=\"og:site_name\" content=\"tzionlibreria.com\" \/>\n<meta property=\"article:modified_time\" content=\"2025-06-16T02:15:54+00:00\" \/>\n<meta property=\"og:image\" content=\"http:\/\/tzionlibreria.com\/wp-content\/uploads\/2023\/11\/cuando-una-mujer.jpg\" \/>\n\t<meta property=\"og:image:width\" content=\"1200\" \/>\n\t<meta property=\"og:image:height\" content=\"1200\" \/>\n\t<meta property=\"og:image:type\" content=\"image\/jpeg\" \/>\n<meta name=\"twitter:card\" content=\"summary_large_image\" \/>\n<meta name=\"twitter:label1\" content=\"Tiempo de lectura\" \/>\n\t<meta name=\"twitter:data1\" content=\"2 minutos\" \/>\n<script type=\"application\/ld+json\" class=\"yoast-schema-graph\">{\"@context\":\"https:\\\/\\\/schema.org\",\"@graph\":[{\"@type\":\"WebPage\",\"@id\":\"https:\\\/\\\/tzionlibreria.com\\\/index.php\\\/product\\\/cuando-una-mujer-inspira-a-su-esposo-comprende-y-afirma-al-hombre-de-tu-vida\\\/\",\"url\":\"https:\\\/\\\/tzionlibreria.com\\\/index.php\\\/product\\\/cuando-una-mujer-inspira-a-su-esposo-comprende-y-afirma-al-hombre-de-tu-vida\\\/\",\"name\":\"Cuando una Mujer Inspira a su Esposo - Comprende y afirma al hombre de tu vida - tzionlibreria.com\",\"isPartOf\":{\"@id\":\"https:\\\/\\\/tzionlibreria.com\\\/#website\"},\"primaryImageOfPage\":{\"@id\":\"https:\\\/\\\/tzionlibreria.com\\\/index.php\\\/product\\\/cuando-una-mujer-inspira-a-su-esposo-comprende-y-afirma-al-hombre-de-tu-vida\\\/#primaryimage\"},\"image\":{\"@id\":\"https:\\\/\\\/tzionlibreria.com\\\/index.php\\\/product\\\/cuando-una-mujer-inspira-a-su-esposo-comprende-y-afirma-al-hombre-de-tu-vida\\\/#primaryimage\"},\"thumbnailUrl\":\"https:\\\/\\\/tzionlibreria.com\\\/wp-content\\\/uploads\\\/2023\\\/11\\\/cuando-una-mujer.jpg\",\"datePublished\":\"2023-11-26T01:05:58+00:00\",\"dateModified\":\"2025-06-16T02:15:54+00:00\",\"breadcrumb\":{\"@id\":\"https:\\\/\\\/tzionlibreria.com\\\/index.php\\\/product\\\/cuando-una-mujer-inspira-a-su-esposo-comprende-y-afirma-al-hombre-de-tu-vida\\\/#breadcrumb\"},\"inLanguage\":\"es-CO\",\"potentialAction\":[{\"@type\":\"ReadAction\",\"target\":[\"https:\\\/\\\/tzionlibreria.com\\\/index.php\\\/product\\\/cuando-una-mujer-inspira-a-su-esposo-comprende-y-afirma-al-hombre-de-tu-vida\\\/\"]}]},{\"@type\":\"ImageObject\",\"inLanguage\":\"es-CO\",\"@id\":\"https:\\\/\\\/tzionlibreria.com\\\/index.php\\\/product\\\/cuando-una-mujer-inspira-a-su-esposo-comprende-y-afirma-al-hombre-de-tu-vida\\\/#primaryimage\",\"url\":\"https:\\\/\\\/tzionlibreria.com\\\/wp-content\\\/uploads\\\/2023\\\/11\\\/cuando-una-mujer.jpg\",\"contentUrl\":\"https:\\\/\\\/tzionlibreria.com\\\/wp-content\\\/uploads\\\/2023\\\/11\\\/cuando-una-mujer.jpg\",\"width\":1200,\"height\":1200},{\"@type\":\"BreadcrumbList\",\"@id\":\"https:\\\/\\\/tzionlibreria.com\\\/index.php\\\/product\\\/cuando-una-mujer-inspira-a-su-esposo-comprende-y-afirma-al-hombre-de-tu-vida\\\/#breadcrumb\",\"itemListElement\":[{\"@type\":\"ListItem\",\"position\":1,\"name\":\"Inicio\",\"item\":\"https:\\\/\\\/tzionlibreria.com\\\/\"},{\"@type\":\"ListItem\",\"position\":2,\"name\":\"Shop\",\"item\":\"https:\\\/\\\/tzionlibreria.com\\\/index.php\\\/shop\\\/\"},{\"@type\":\"ListItem\",\"position\":3,\"name\":\"Cuando una Mujer Inspira a su Esposo &#8211; Comprende y afirma al hombre de tu vida\"}]},{\"@type\":\"WebSite\",\"@id\":\"https:\\\/\\\/tzionlibreria.com\\\/#website\",\"url\":\"https:\\\/\\\/tzionlibreria.com\\\/\",\"name\":\"tzionlibreria.com\",\"description\":\"Libreria Cristiana Venezuela\",\"publisher\":{\"@id\":\"https:\\\/\\\/tzionlibreria.com\\\/#organization\"},\"potentialAction\":[{\"@type\":\"SearchAction\",\"target\":{\"@type\":\"EntryPoint\",\"urlTemplate\":\"https:\\\/\\\/tzionlibreria.com\\\/?s={search_term_string}\"},\"query-input\":{\"@type\":\"PropertyValueSpecification\",\"valueRequired\":true,\"valueName\":\"search_term_string\"}}],\"inLanguage\":\"es-CO\"},{\"@type\":\"Organization\",\"@id\":\"https:\\\/\\\/tzionlibreria.com\\\/#organization\",\"name\":\"tzionlibreria.com\",\"url\":\"https:\\\/\\\/tzionlibreria.com\\\/\",\"logo\":{\"@type\":\"ImageObject\",\"inLanguage\":\"es-CO\",\"@id\":\"https:\\\/\\\/tzionlibreria.com\\\/#\\\/schema\\\/logo\\\/image\\\/\",\"url\":\"https:\\\/\\\/tzionlibreria.com\\\/wp-content\\\/uploads\\\/2023\\\/10\\\/cropped-Cuadricula-scaled-1.jpg\",\"contentUrl\":\"https:\\\/\\\/tzionlibreria.com\\\/wp-content\\\/uploads\\\/2023\\\/10\\\/cropped-Cuadricula-scaled-1.jpg\",\"width\":2560,\"height\":2560,\"caption\":\"tzionlibreria.com\"},\"image\":{\"@id\":\"https:\\\/\\\/tzionlibreria.com\\\/#\\\/schema\\\/logo\\\/image\\\/\"}}]}<\/script>\n<!-- \/ Yoast SEO plugin. -->","yoast_head_json":{"title":"Cuando una Mujer Inspira a su Esposo - Comprende y afirma al hombre de tu vida - tzionlibreria.com","robots":{"index":"index","follow":"follow","max-snippet":"max-snippet:-1","max-image-preview":"max-image-preview:large","max-video-preview":"max-video-preview:-1"},"canonical":"https:\/\/tzionlibreria.com\/index.php\/product\/cuando-una-mujer-inspira-a-su-esposo-comprende-y-afirma-al-hombre-de-tu-vida\/","og_locale":"es_ES","og_type":"article","og_title":"Cuando una Mujer Inspira a su Esposo - Comprende y afirma al hombre de tu vida - tzionlibreria.com","og_description":"\u00bfC\u00f3mo te puedes convertir en la admiradora n\u00famero 1 de tu esposo? Dios cre\u00f3 a tu esposo con un conjunto \u00fanico de cualidades y talentos. No hay nadie m\u00e1s en el mundo como \u00e9l. Y Dios te puso a su lado en matrimonio para amarlo y apoyarlo como solo una esposa puede hacerlo. Descubre c\u00f3mo [&hellip;]","og_url":"https:\/\/tzionlibreria.com\/index.php\/product\/cuando-una-mujer-inspira-a-su-esposo-comprende-y-afirma-al-hombre-de-tu-vida\/","og_site_name":"tzionlibreria.com","article_modified_time":"2025-06-16T02:15:54+00:00","og_image":[{"width":1200,"height":1200,"url":"http:\/\/tzionlibreria.com\/wp-content\/uploads\/2023\/11\/cuando-una-mujer.jpg","type":"image\/jpeg"}],"twitter_card":"summary_large_image","twitter_misc":{"Tiempo de lectura":"2 minutos"},"schema":{"@context":"https:\/\/schema.org","@graph":[{"@type":"WebPage","@id":"https:\/\/tzionlibreria.com\/index.php\/product\/cuando-una-mujer-inspira-a-su-esposo-comprende-y-afirma-al-hombre-de-tu-vida\/","url":"https:\/\/tzionlibreria.com\/index.php\/product\/cuando-una-mujer-inspira-a-su-esposo-comprende-y-afirma-al-hombre-de-tu-vida\/","name":"Cuando una Mujer Inspira a su Esposo - Comprende y afirma al hombre de tu vida - tzionlibreria.com","isPartOf":{"@id":"https:\/\/tzionlibreria.com\/#website"},"primaryImageOfPage":{"@id":"https:\/\/tzionlibreria.com\/index.php\/product\/cuando-una-mujer-inspira-a-su-esposo-comprende-y-afirma-al-hombre-de-tu-vida\/#primaryimage"},"image":{"@id":"https:\/\/tzionlibreria.com\/index.php\/product\/cuando-una-mujer-inspira-a-su-esposo-comprende-y-afirma-al-hombre-de-tu-vida\/#primaryimage"},"thumbnailUrl":"https:\/\/tzionlibreria.com\/wp-content\/uploads\/2023\/11\/cuando-una-mujer.jpg","datePublished":"2023-11-26T01:05:58+00:00","dateModified":"2025-06-16T02:15:54+00:00","breadcrumb":{"@id":"https:\/\/tzionlibreria.com\/index.php\/product\/cuando-una-mujer-inspira-a-su-esposo-comprende-y-afirma-al-hombre-de-tu-vida\/#breadcrumb"},"inLanguage":"es-CO","potentialAction":[{"@type":"ReadAction","target":["https:\/\/tzionlibreria.com\/index.php\/product\/cuando-una-mujer-inspira-a-su-esposo-comprende-y-afirma-al-hombre-de-tu-vida\/"]}]},{"@type":"ImageObject","inLanguage":"es-CO","@id":"https:\/\/tzionlibreria.com\/index.php\/product\/cuando-una-mujer-inspira-a-su-esposo-comprende-y-afirma-al-hombre-de-tu-vida\/#primaryimage","url":"https:\/\/tzionlibreria.com\/wp-content\/uploads\/2023\/11\/cuando-una-mujer.jpg","contentUrl":"https:\/\/tzionlibreria.com\/wp-content\/uploads\/2023\/11\/cuando-una-mujer.jpg","width":1200,"height":1200},{"@type":"BreadcrumbList","@id":"https:\/\/tzionlibreria.com\/index.php\/product\/cuando-una-mujer-inspira-a-su-esposo-comprende-y-afirma-al-hombre-de-tu-vida\/#breadcrumb","itemListElement":[{"@type":"ListItem","position":1,"name":"Inicio","item":"https:\/\/tzionlibreria.com\/"},{"@type":"ListItem","position":2,"name":"Shop","item":"https:\/\/tzionlibreria.com\/index.php\/shop\/"},{"@type":"ListItem","position":3,"name":"Cuando una Mujer Inspira a su Esposo &#8211; Comprende y afirma al hombre de tu vida"}]},{"@type":"WebSite","@id":"https:\/\/tzionlibreria.com\/#website","url":"https:\/\/tzionlibreria.com\/","name":"tzionlibreria.com","description":"Libreria Cristiana Venezuela","publisher":{"@id":"https:\/\/tzionlibreria.com\/#organization"},"potentialAction":[{"@type":"SearchAction","target":{"@type":"EntryPoint","urlTemplate":"https:\/\/tzionlibreria.com\/?s={search_term_string}"},"query-input":{"@type":"PropertyValueSpecification","valueRequired":true,"valueName":"search_term_string"}}],"inLanguage":"es-CO"},{"@type":"Organization","@id":"https:\/\/tzionlibreria.com\/#organization","name":"tzionlibreria.com","url":"https:\/\/tzionlibreria.com\/","logo":{"@type":"ImageObject","inLanguage":"es-CO","@id":"https:\/\/tzionlibreria.com\/#\/schema\/logo\/image\/","url":"https:\/\/tzionlibreria.com\/wp-content\/uploads\/2023\/10\/cropped-Cuadricula-scaled-1.jpg","contentUrl":"https:\/\/tzionlibreria.com\/wp-content\/uploads\/2023\/10\/cropped-Cuadricula-scaled-1.jpg","width":2560,"height":2560,"caption":"tzionlibreria.com"},"image":{"@id":"https:\/\/tzionlibreria.com\/#\/schema\/logo\/image\/"}}]}},"jetpack_sharing_enabled":true,"_links":{"self":[{"href":"https:\/\/tzionlibreria.com\/index.php\/wp-json\/wp\/v2\/product\/1847","targetHints":{"allow":["GET"]}}],"collection":[{"href":"https:\/\/tzionlibreria.com\/index.php\/wp-json\/wp\/v2\/product"}],"about":[{"href":"https:\/\/tzionlibreria.com\/index.php\/wp-json\/wp\/v2\/types\/product"}],"replies":[{"embeddable":true,"href":"https:\/\/tzionlibreria.com\/index.php\/wp-json\/wp\/v2\/comments?post=1847"}],"wp:featuredmedia":[{"embeddable":true,"href":"https:\/\/tzionlibreria.com\/index.php\/wp-json\/wp\/v2\/media\/1848"}],"wp:attachment":[{"href":"https:\/\/tzionlibreria.com\/index.php\/wp-json\/wp\/v2\/media?parent=1847"}],"wp:term":[{"taxonomy":"product_brand","embeddable":true,"href":"https:\/\/tzionlibreria.com\/index.php\/wp-json\/wp\/v2\/product_brand?post=1847"},{"taxonomy":"product_cat","embeddable":true,"href":"https:\/\/tzionlibreria.com\/index.php\/wp-json\/wp\/v2\/product_cat?post=1847"},{"taxonomy":"product_tag","embeddable":true,"href":"https:\/\/tzionlibreria.com\/index.php\/wp-json\/wp\/v2\/product_tag?post=1847"}],"curies":[{"name":"wp","href":"https:\/\/api.w.org\/{rel}","templated":true}]}}