{"id":1883,"date":"2023-12-12T23:57:40","date_gmt":"2023-12-12T23:57:40","guid":{"rendered":"https:\/\/tzionlibreria.com\/?post_type=product&#038;p=1883"},"modified":"2026-01-02T17:01:10","modified_gmt":"2026-01-02T17:01:10","slug":"la-biblia-en-accion-comics-ninos-graficos-tapa-dura","status":"publish","type":"product","link":"https:\/\/tzionlibreria.com\/index.php\/product\/la-biblia-en-accion-comics-ninos-graficos-tapa-dura\/","title":{"rendered":"La Biblia En Acci\u00f3n C\u00f3mics Ni\u00f1os Gr\u00e1ficos Tapa Dura"},"content":{"rendered":"<div class=\"ast-oembed-container \" style=\"height: 100%;\"><iframe title=\"Biblia En Accion Nueva Historia Redentora De Dios Comics\" width=\"500\" height=\"281\" src=\"https:\/\/www.youtube.com\/embed\/EXXVOBicmwk?feature=oembed\" frameborder=\"0\" allow=\"accelerometer; autoplay; clipboard-write; encrypted-media; gyroscope; picture-in-picture; web-share\" referrerpolicy=\"strict-origin-when-cross-origin\" allowfullscreen><\/iframe><\/div>\n<p>&nbsp;<\/p>\n<div>La Biblia en acci\u00f3n \u00a1<strong>AQU\u00cd SE ENCUENTRAN LOS H\u00c9ROES ORIGINALES EN ACCI\u00d3N<\/strong>!<\/div>\n<div><\/div>\n<div>\n<p>La Biblia en acci\u00f3n\u00a0incluye m\u00e1s de 200 historias emocionantes en orden cronol\u00f3gico, para ayudar al lector a comprender la fluidez hist\u00f3rica de la Biblia y a experimentar c\u00f3mo la tensi\u00f3n dram\u00e1tica crece hasta culminar en su apogeo conmovedor.Las historias de\u00a0La Biblia en acci\u00f3n\u00a0comunican la verdad b\u00edblica clara y convincentemente a los lectores contempor\u00e1neos. Su mezcla absorbente de narrativa comprensible e im\u00e1genes dram\u00e1ticas atraer\u00e1 a personas de todas las edades.<\/p>\n<p>Sergio Cariello, artista de renombre internacional, ha creado ilustraciones que captar\u00e1n la atenci\u00f3n, caracterizadas por vivos colores, iluminaci\u00f3n y sombreado dram\u00e1ticos, y figuras evocadoras.Deja que esta interpretaci\u00f3n \u00e9pica te envuelva en toda la emoci\u00f3n de la historia m\u00e1s asombrosa del mundo.<\/p>\n<div class=\"short-description\">\n<div id=\"std\" class=\"std\"><\/div>\n<\/div>\n<\/div>\n<div>Sergio Cariello\u00a0ha sido un artista consumado desde la infancia; a la edad de once a\u00f1os ya dibujaba una historieta regular para el peri\u00f3dico de su ciudad. M\u00e1s tarde trabaj\u00f3 para Marvel y DC Comics. Estudi\u00f3 en la Joe Kubert School of Cartoon and Graphic Art as\u00ed como en el Word of Life Bible Institute. Actualmente vive en Florida con su esposa, Luzia.<\/div>\n<div><\/div>\n<div><strong>Editorial<\/strong>: Editorial Tyndale<br \/>\n<strong>Idioma<\/strong>: Espa\u00f1ol<br \/>\n<strong>ISBN<\/strong>: \u00a09780830784172<br \/>\n<strong>Dimensiones<\/strong>: 175 x 263 x 35 mm<br \/>\n<strong>Cubierta<\/strong>: Tapa Dura<\/div>\n","protected":false},"excerpt":{"rendered":"<p>&nbsp; La Biblia en acci\u00f3n \u00a1AQU\u00cd SE ENCUENTRAN LOS H\u00c9ROES ORIGINALES EN ACCI\u00d3N! La Biblia en acci\u00f3n\u00a0incluye m\u00e1s de 200 historias emocionantes en orden cronol\u00f3gico, para ayudar al lector a comprender la fluidez hist\u00f3rica de la Biblia y a experimentar c\u00f3mo la tensi\u00f3n dram\u00e1tica crece hasta culminar en su apogeo conmovedor.Las historias de\u00a0La Biblia en [&hellip;]<\/p>\n","protected":false},"featured_media":1884,"comment_status":"open","ping_status":"closed","template":"","meta":{"om_disable_all_campaigns":false,"_monsterinsights_skip_tracking":false,"_monsterinsights_sitenote_active":false,"_monsterinsights_sitenote_note":"","_monsterinsights_sitenote_category":0,"site-sidebar-layout":"default","site-content-layout":"","ast-site-content-layout":"default","site-content-style":"default","site-sidebar-style":"default","ast-global-header-display":"","ast-banner-title-visibility":"","ast-main-header-display":"","ast-hfb-above-header-display":"","ast-hfb-below-header-display":"","ast-hfb-mobile-header-display":"","site-post-title":"","ast-breadcrumbs-content":"","ast-featured-img":"","footer-sml-layout":"","ast-disable-related-posts":"","theme-transparent-header-meta":"default","adv-header-id-meta":"","stick-header-meta":"","header-above-stick-meta":"","header-main-stick-meta":"","header-below-stick-meta":"","astra-migrate-meta-layouts":"set","ast-page-background-enabled":"default","ast-page-background-meta":{"desktop":{"background-color":"var(--ast-global-color-4)","background-image":"","background-repeat":"repeat","background-position":"center center","background-size":"auto","background-attachment":"scroll","background-type":"","background-media":"","overlay-type":"","overlay-color":"","overlay-opacity":"","overlay-gradient":""},"tablet":{"background-color":"","background-image":"","background-repeat":"repeat","background-position":"center center","background-size":"auto","background-attachment":"scroll","background-type":"","background-media":"","overlay-type":"","overlay-color":"","overlay-opacity":"","overlay-gradient":""},"mobile":{"background-color":"","background-image":"","background-repeat":"repeat","background-position":"center center","background-size":"auto","background-attachment":"scroll","background-type":"","background-media":"","overlay-type":"","overlay-color":"","overlay-opacity":"","overlay-gradient":""}},"ast-content-background-meta":{"desktop":{"background-color":"var(--ast-global-color-5)","background-image":"","background-repeat":"repeat","background-position":"center center","background-size":"auto","background-attachment":"scroll","background-type":"","background-media":"","overlay-type":"","overlay-color":"","overlay-opacity":"","overlay-gradient":""},"tablet":{"background-color":"var(--ast-global-color-5)","background-image":"","background-repeat":"repeat","background-position":"center center","background-size":"auto","background-attachment":"scroll","background-type":"","background-media":"","overlay-type":"","overlay-color":"","overlay-opacity":"","overlay-gradient":""},"mobile":{"background-color":"var(--ast-global-color-5)","background-image":"","background-repeat":"repeat","background-position":"center center","background-size":"auto","background-attachment":"scroll","background-type":"","background-media":"","overlay-type":"","overlay-color":"","overlay-opacity":"","overlay-gradient":""}}},"product_brand":[],"product_cat":[38,25],"product_tag":[203,100],"class_list":{"0":"post-1883","1":"product","2":"type-product","3":"status-publish","4":"has-post-thumbnail","6":"product_cat-biblias-de-ninos","7":"product_cat-kids","8":"product_tag-cosmic","9":"product_tag-ninos","10":"desktop-align-left","11":"tablet-align-left","12":"mobile-align-left","14":"first","15":"instock","16":"shipping-taxable","17":"purchasable","18":"product-type-simple"},"yoast_head":"<!-- This site is optimized with the Yoast SEO plugin v27.4 - https:\/\/yoast.com\/product\/yoast-seo-wordpress\/ -->\n<title>La Biblia En Acci\u00f3n C\u00f3mics Ni\u00f1os Gr\u00e1ficos Tapa Dura - tzionlibreria.com<\/title>\n<meta name=\"robots\" content=\"index, follow, max-snippet:-1, max-image-preview:large, max-video-preview:-1\" \/>\n<link rel=\"canonical\" href=\"https:\/\/tzionlibreria.com\/index.php\/product\/la-biblia-en-accion-comics-ninos-graficos-tapa-dura\/\" \/>\n<meta property=\"og:locale\" content=\"es_ES\" \/>\n<meta property=\"og:type\" content=\"article\" \/>\n<meta property=\"og:title\" content=\"La Biblia En Acci\u00f3n C\u00f3mics Ni\u00f1os Gr\u00e1ficos Tapa Dura - tzionlibreria.com\" \/>\n<meta property=\"og:description\" content=\"&nbsp; La Biblia en acci\u00f3n \u00a1AQU\u00cd SE ENCUENTRAN LOS H\u00c9ROES ORIGINALES EN ACCI\u00d3N! La Biblia en acci\u00f3n\u00a0incluye m\u00e1s de 200 historias emocionantes en orden cronol\u00f3gico, para ayudar al lector a comprender la fluidez hist\u00f3rica de la Biblia y a experimentar c\u00f3mo la tensi\u00f3n dram\u00e1tica crece hasta culminar en su apogeo conmovedor.Las historias de\u00a0La Biblia en [&hellip;]\" \/>\n<meta property=\"og:url\" content=\"https:\/\/tzionlibreria.com\/index.php\/product\/la-biblia-en-accion-comics-ninos-graficos-tapa-dura\/\" \/>\n<meta property=\"og:site_name\" content=\"tzionlibreria.com\" \/>\n<meta property=\"article:modified_time\" content=\"2026-01-02T17:01:10+00:00\" \/>\n<meta property=\"og:image\" content=\"http:\/\/tzionlibreria.com\/wp-content\/uploads\/2023\/12\/Biblia-en-accci\u00b4n.jpg\" \/>\n\t<meta property=\"og:image:width\" content=\"1200\" \/>\n\t<meta property=\"og:image:height\" content=\"1200\" \/>\n\t<meta property=\"og:image:type\" content=\"image\/jpeg\" \/>\n<meta name=\"twitter:card\" content=\"summary_large_image\" \/>\n<meta name=\"twitter:label1\" content=\"Tiempo de lectura\" \/>\n\t<meta name=\"twitter:data1\" content=\"2 minutos\" \/>\n<script type=\"application\/ld+json\" class=\"yoast-schema-graph\">{\"@context\":\"https:\\\/\\\/schema.org\",\"@graph\":[{\"@type\":\"WebPage\",\"@id\":\"https:\\\/\\\/tzionlibreria.com\\\/index.php\\\/product\\\/la-biblia-en-accion-comics-ninos-graficos-tapa-dura\\\/\",\"url\":\"https:\\\/\\\/tzionlibreria.com\\\/index.php\\\/product\\\/la-biblia-en-accion-comics-ninos-graficos-tapa-dura\\\/\",\"name\":\"La Biblia En Acci\u00f3n C\u00f3mics Ni\u00f1os Gr\u00e1ficos Tapa Dura - tzionlibreria.com\",\"isPartOf\":{\"@id\":\"https:\\\/\\\/tzionlibreria.com\\\/#website\"},\"primaryImageOfPage\":{\"@id\":\"https:\\\/\\\/tzionlibreria.com\\\/index.php\\\/product\\\/la-biblia-en-accion-comics-ninos-graficos-tapa-dura\\\/#primaryimage\"},\"image\":{\"@id\":\"https:\\\/\\\/tzionlibreria.com\\\/index.php\\\/product\\\/la-biblia-en-accion-comics-ninos-graficos-tapa-dura\\\/#primaryimage\"},\"thumbnailUrl\":\"https:\\\/\\\/tzionlibreria.com\\\/wp-content\\\/uploads\\\/2023\\\/12\\\/Biblia-en-accci\u00b4n.jpg\",\"datePublished\":\"2023-12-12T23:57:40+00:00\",\"dateModified\":\"2026-01-02T17:01:10+00:00\",\"breadcrumb\":{\"@id\":\"https:\\\/\\\/tzionlibreria.com\\\/index.php\\\/product\\\/la-biblia-en-accion-comics-ninos-graficos-tapa-dura\\\/#breadcrumb\"},\"inLanguage\":\"es-CO\",\"potentialAction\":[{\"@type\":\"ReadAction\",\"target\":[\"https:\\\/\\\/tzionlibreria.com\\\/index.php\\\/product\\\/la-biblia-en-accion-comics-ninos-graficos-tapa-dura\\\/\"]}]},{\"@type\":\"ImageObject\",\"inLanguage\":\"es-CO\",\"@id\":\"https:\\\/\\\/tzionlibreria.com\\\/index.php\\\/product\\\/la-biblia-en-accion-comics-ninos-graficos-tapa-dura\\\/#primaryimage\",\"url\":\"https:\\\/\\\/tzionlibreria.com\\\/wp-content\\\/uploads\\\/2023\\\/12\\\/Biblia-en-accci\u00b4n.jpg\",\"contentUrl\":\"https:\\\/\\\/tzionlibreria.com\\\/wp-content\\\/uploads\\\/2023\\\/12\\\/Biblia-en-accci\u00b4n.jpg\",\"width\":1200,\"height\":1200},{\"@type\":\"BreadcrumbList\",\"@id\":\"https:\\\/\\\/tzionlibreria.com\\\/index.php\\\/product\\\/la-biblia-en-accion-comics-ninos-graficos-tapa-dura\\\/#breadcrumb\",\"itemListElement\":[{\"@type\":\"ListItem\",\"position\":1,\"name\":\"Inicio\",\"item\":\"https:\\\/\\\/tzionlibreria.com\\\/\"},{\"@type\":\"ListItem\",\"position\":2,\"name\":\"Shop\",\"item\":\"https:\\\/\\\/tzionlibreria.com\\\/index.php\\\/shop\\\/\"},{\"@type\":\"ListItem\",\"position\":3,\"name\":\"La Biblia En Acci\u00f3n C\u00f3mics Ni\u00f1os Gr\u00e1ficos Tapa Dura\"}]},{\"@type\":\"WebSite\",\"@id\":\"https:\\\/\\\/tzionlibreria.com\\\/#website\",\"url\":\"https:\\\/\\\/tzionlibreria.com\\\/\",\"name\":\"tzionlibreria.com\",\"description\":\"Libreria Cristiana Venezuela\",\"publisher\":{\"@id\":\"https:\\\/\\\/tzionlibreria.com\\\/#organization\"},\"potentialAction\":[{\"@type\":\"SearchAction\",\"target\":{\"@type\":\"EntryPoint\",\"urlTemplate\":\"https:\\\/\\\/tzionlibreria.com\\\/?s={search_term_string}\"},\"query-input\":{\"@type\":\"PropertyValueSpecification\",\"valueRequired\":true,\"valueName\":\"search_term_string\"}}],\"inLanguage\":\"es-CO\"},{\"@type\":\"Organization\",\"@id\":\"https:\\\/\\\/tzionlibreria.com\\\/#organization\",\"name\":\"tzionlibreria.com\",\"url\":\"https:\\\/\\\/tzionlibreria.com\\\/\",\"logo\":{\"@type\":\"ImageObject\",\"inLanguage\":\"es-CO\",\"@id\":\"https:\\\/\\\/tzionlibreria.com\\\/#\\\/schema\\\/logo\\\/image\\\/\",\"url\":\"https:\\\/\\\/tzionlibreria.com\\\/wp-content\\\/uploads\\\/2023\\\/10\\\/cropped-Cuadricula-scaled-1.jpg\",\"contentUrl\":\"https:\\\/\\\/tzionlibreria.com\\\/wp-content\\\/uploads\\\/2023\\\/10\\\/cropped-Cuadricula-scaled-1.jpg\",\"width\":2560,\"height\":2560,\"caption\":\"tzionlibreria.com\"},\"image\":{\"@id\":\"https:\\\/\\\/tzionlibreria.com\\\/#\\\/schema\\\/logo\\\/image\\\/\"}}]}<\/script>\n<!-- \/ Yoast SEO plugin. -->","yoast_head_json":{"title":"La Biblia En Acci\u00f3n C\u00f3mics Ni\u00f1os Gr\u00e1ficos Tapa Dura - tzionlibreria.com","robots":{"index":"index","follow":"follow","max-snippet":"max-snippet:-1","max-image-preview":"max-image-preview:large","max-video-preview":"max-video-preview:-1"},"canonical":"https:\/\/tzionlibreria.com\/index.php\/product\/la-biblia-en-accion-comics-ninos-graficos-tapa-dura\/","og_locale":"es_ES","og_type":"article","og_title":"La Biblia En Acci\u00f3n C\u00f3mics Ni\u00f1os Gr\u00e1ficos Tapa Dura - tzionlibreria.com","og_description":"&nbsp; La Biblia en acci\u00f3n \u00a1AQU\u00cd SE ENCUENTRAN LOS H\u00c9ROES ORIGINALES EN ACCI\u00d3N! La Biblia en acci\u00f3n\u00a0incluye m\u00e1s de 200 historias emocionantes en orden cronol\u00f3gico, para ayudar al lector a comprender la fluidez hist\u00f3rica de la Biblia y a experimentar c\u00f3mo la tensi\u00f3n dram\u00e1tica crece hasta culminar en su apogeo conmovedor.Las historias de\u00a0La Biblia en [&hellip;]","og_url":"https:\/\/tzionlibreria.com\/index.php\/product\/la-biblia-en-accion-comics-ninos-graficos-tapa-dura\/","og_site_name":"tzionlibreria.com","article_modified_time":"2026-01-02T17:01:10+00:00","og_image":[{"width":1200,"height":1200,"url":"http:\/\/tzionlibreria.com\/wp-content\/uploads\/2023\/12\/Biblia-en-accci\u00b4n.jpg","type":"image\/jpeg"}],"twitter_card":"summary_large_image","twitter_misc":{"Tiempo de lectura":"2 minutos"},"schema":{"@context":"https:\/\/schema.org","@graph":[{"@type":"WebPage","@id":"https:\/\/tzionlibreria.com\/index.php\/product\/la-biblia-en-accion-comics-ninos-graficos-tapa-dura\/","url":"https:\/\/tzionlibreria.com\/index.php\/product\/la-biblia-en-accion-comics-ninos-graficos-tapa-dura\/","name":"La Biblia En Acci\u00f3n C\u00f3mics Ni\u00f1os Gr\u00e1ficos Tapa Dura - tzionlibreria.com","isPartOf":{"@id":"https:\/\/tzionlibreria.com\/#website"},"primaryImageOfPage":{"@id":"https:\/\/tzionlibreria.com\/index.php\/product\/la-biblia-en-accion-comics-ninos-graficos-tapa-dura\/#primaryimage"},"image":{"@id":"https:\/\/tzionlibreria.com\/index.php\/product\/la-biblia-en-accion-comics-ninos-graficos-tapa-dura\/#primaryimage"},"thumbnailUrl":"https:\/\/tzionlibreria.com\/wp-content\/uploads\/2023\/12\/Biblia-en-accci\u00b4n.jpg","datePublished":"2023-12-12T23:57:40+00:00","dateModified":"2026-01-02T17:01:10+00:00","breadcrumb":{"@id":"https:\/\/tzionlibreria.com\/index.php\/product\/la-biblia-en-accion-comics-ninos-graficos-tapa-dura\/#breadcrumb"},"inLanguage":"es-CO","potentialAction":[{"@type":"ReadAction","target":["https:\/\/tzionlibreria.com\/index.php\/product\/la-biblia-en-accion-comics-ninos-graficos-tapa-dura\/"]}]},{"@type":"ImageObject","inLanguage":"es-CO","@id":"https:\/\/tzionlibreria.com\/index.php\/product\/la-biblia-en-accion-comics-ninos-graficos-tapa-dura\/#primaryimage","url":"https:\/\/tzionlibreria.com\/wp-content\/uploads\/2023\/12\/Biblia-en-accci\u00b4n.jpg","contentUrl":"https:\/\/tzionlibreria.com\/wp-content\/uploads\/2023\/12\/Biblia-en-accci\u00b4n.jpg","width":1200,"height":1200},{"@type":"BreadcrumbList","@id":"https:\/\/tzionlibreria.com\/index.php\/product\/la-biblia-en-accion-comics-ninos-graficos-tapa-dura\/#breadcrumb","itemListElement":[{"@type":"ListItem","position":1,"name":"Inicio","item":"https:\/\/tzionlibreria.com\/"},{"@type":"ListItem","position":2,"name":"Shop","item":"https:\/\/tzionlibreria.com\/index.php\/shop\/"},{"@type":"ListItem","position":3,"name":"La Biblia En Acci\u00f3n C\u00f3mics Ni\u00f1os Gr\u00e1ficos Tapa Dura"}]},{"@type":"WebSite","@id":"https:\/\/tzionlibreria.com\/#website","url":"https:\/\/tzionlibreria.com\/","name":"tzionlibreria.com","description":"Libreria Cristiana Venezuela","publisher":{"@id":"https:\/\/tzionlibreria.com\/#organization"},"potentialAction":[{"@type":"SearchAction","target":{"@type":"EntryPoint","urlTemplate":"https:\/\/tzionlibreria.com\/?s={search_term_string}"},"query-input":{"@type":"PropertyValueSpecification","valueRequired":true,"valueName":"search_term_string"}}],"inLanguage":"es-CO"},{"@type":"Organization","@id":"https:\/\/tzionlibreria.com\/#organization","name":"tzionlibreria.com","url":"https:\/\/tzionlibreria.com\/","logo":{"@type":"ImageObject","inLanguage":"es-CO","@id":"https:\/\/tzionlibreria.com\/#\/schema\/logo\/image\/","url":"https:\/\/tzionlibreria.com\/wp-content\/uploads\/2023\/10\/cropped-Cuadricula-scaled-1.jpg","contentUrl":"https:\/\/tzionlibreria.com\/wp-content\/uploads\/2023\/10\/cropped-Cuadricula-scaled-1.jpg","width":2560,"height":2560,"caption":"tzionlibreria.com"},"image":{"@id":"https:\/\/tzionlibreria.com\/#\/schema\/logo\/image\/"}}]}},"jetpack_sharing_enabled":true,"_links":{"self":[{"href":"https:\/\/tzionlibreria.com\/index.php\/wp-json\/wp\/v2\/product\/1883","targetHints":{"allow":["GET"]}}],"collection":[{"href":"https:\/\/tzionlibreria.com\/index.php\/wp-json\/wp\/v2\/product"}],"about":[{"href":"https:\/\/tzionlibreria.com\/index.php\/wp-json\/wp\/v2\/types\/product"}],"replies":[{"embeddable":true,"href":"https:\/\/tzionlibreria.com\/index.php\/wp-json\/wp\/v2\/comments?post=1883"}],"wp:featuredmedia":[{"embeddable":true,"href":"https:\/\/tzionlibreria.com\/index.php\/wp-json\/wp\/v2\/media\/1884"}],"wp:attachment":[{"href":"https:\/\/tzionlibreria.com\/index.php\/wp-json\/wp\/v2\/media?parent=1883"}],"wp:term":[{"taxonomy":"product_brand","embeddable":true,"href":"https:\/\/tzionlibreria.com\/index.php\/wp-json\/wp\/v2\/product_brand?post=1883"},{"taxonomy":"product_cat","embeddable":true,"href":"https:\/\/tzionlibreria.com\/index.php\/wp-json\/wp\/v2\/product_cat?post=1883"},{"taxonomy":"product_tag","embeddable":true,"href":"https:\/\/tzionlibreria.com\/index.php\/wp-json\/wp\/v2\/product_tag?post=1883"}],"curies":[{"name":"wp","href":"https:\/\/api.w.org\/{rel}","templated":true}]}}