{"id":1925,"date":"2023-12-13T14:06:16","date_gmt":"2023-12-13T14:06:16","guid":{"rendered":"https:\/\/tzionlibreria.com\/?post_type=product&#038;p=1925"},"modified":"2024-11-02T03:18:43","modified_gmt":"2024-11-02T03:18:43","slug":"biblia-de-promesas-rvr-1960-jesus-para-todos-letra-grande-tamano-manual-piel-especial-con-cierre-cafe","status":"publish","type":"product","link":"https:\/\/tzionlibreria.com\/index.php\/product\/biblia-de-promesas-rvr-1960-jesus-para-todos-letra-grande-tamano-manual-piel-especial-con-cierre-cafe\/","title":{"rendered":"Biblia de Promesas RVR-1960, Jes\u00fas para todos, Letra Grande , Tama\u00f1o Manual, Piel especial con cierre, Caf\u00e9"},"content":{"rendered":"<p>Enriquece tu lectura de las Escrituras y profundiza tu conocimiento sobre la vida y obra del Se\u00f1or Jesucristo.<\/p>\n<p>La<em>\u00a0Biblia de Promesas Jes\u00fas para todos<\/em>\u00a0incluye recursos para tu crecimiento y vida devocional que te permitir\u00e1n conocer y relacionarte m\u00e1s con Jes\u00fas, meditar en Sus nombres, admirar Sus milagros y disfrutar Sus promesas.<\/p>\n<p>Recursos incluidos:<\/p>\n<ul>\n<li>48 p\u00e1ginas devocionales adjuntas con nombres y t\u00edtulos de Jes\u00fas, que incluyen vers\u00edculos asociados, referencias de lectura adicionales, preguntas de reflexi\u00f3n y breves oraciones. Todos estos recursos te ayudar\u00e1n a enriquecer tu tiempo devocional.<\/li>\n<li>144 p\u00e1ginas con art\u00edculos de estudio, ense\u00f1anza y reflexi\u00f3n teol\u00f3gica que estimular\u00e1n tu crecimiento espiritual y la aplicaci\u00f3n personal de las ense\u00f1anzas centradas en la persona y obra del Se\u00f1or Jesucristo. Escritos por queridos autores, pastores y ministros de Dios:<\/li>\n<\/ul>\n<p><em>Dr. Samuel Pag\u00e1n<br \/>\nDr. Heberto Becerra<br \/>\nDr. Alfonso Guevara<br \/>\nPs. H\u00e9ctor Blancovitch<br \/>\nPs. Lourdes S\u00e1nchez<br \/>\nJosh McDowell<br \/>\nDra. Nohem\u00ed Pag\u00e1n<br \/>\nDra. Lis Milland<br \/>\nLic. H\u00e9ctor Burke<br \/>\nLic. Nancy Pineda<\/em><\/p>\n<ul>\n<li>Tabla de milagros del Se\u00f1or Jes\u00fas.<\/li>\n<li>Armon\u00eda de los Evangelios.<\/li>\n<li>Plan de lectura de la Biblia en un a\u00f1o.<\/li>\n<li>Plan de Salvaci\u00f3n comentado y colocado estrat\u00e9gicamente al final de la Biblia.<\/li>\n<li>P\u00e1gina dedicatoria.<\/li>\n<\/ul>\n<p>Adem\u00e1s, todas nuestras Biblias de Promesas contienen:<\/p>\n<ul>\n<li>M\u00e1s de 1800 promesas y palabras de afirmaci\u00f3n marcadas en tono gris.<\/li>\n<li>Palabras del Se\u00f1or Jes\u00fas en rojo.<\/li>\n<li>El plan de salvaci\u00f3n: \u00abLa gran promesa de Dios\u00bb.<\/li>\n<li>\u00cdndice de promesas.<\/li>\n<li>Secci\u00f3n de promesas por temas.<\/li>\n<li>Concordancia breve.<\/li>\n<li>Referencias cruzadas.<\/li>\n<li>Notas breves.<\/li>\n<li>Cinta marcadora.<\/li>\n<li>Mapas.<\/li>\n<\/ul>\n<div id=\"ctl00_ucPDTabs_ctl02_fs\" class=\"ProductDetailGroup system-properties\"><strong>ISBN<\/strong>: 9780789926845<br \/>\n<strong>Editorial<\/strong>:\u00a0Unilit<br \/>\n<strong>Dimensiones<\/strong>: 13 x 20 x 3 cm<br \/>\n<strong>Peso<\/strong>: 0,680kg<br \/>\n<strong>Cubierta<\/strong>: Imitaci\u00f3n Piel<br \/>\n<strong>N\u00famero de p\u00e1ginas<\/strong>: 1528<br \/>\n<strong>Idioma<\/strong>: Espa\u00f1ol<\/div>\n<div id=\"ctl00_ucPDTabs_ctl03_fs\" class=\"ProductDetailGroup\"><strong>Tama\u00f1o de Letra:<\/strong>\u00a08 pts<br \/>\n<strong>Versi\u00f3n:<\/strong>\u00a0RVR1960<br \/>\n<strong>Caracter\u00edsticas Adicionales:<\/strong>\u00a0Cinta Marcadora<br \/>\n<strong>Caracter\u00edsticas Adicionales:<\/strong>\u00a0Palabras de Jes\u00fas en Rojo<br \/>\n<strong>Caracter\u00edsticas Adicionales:<\/strong>\u00a0Concordancia<br \/>\n<strong>Caracter\u00edsticas Adicionales:<\/strong>\u00a0Plan de Lectura<br \/>\n<strong>Caracter\u00edsticas Adicionales:<\/strong>\u00a0Referencias<br \/>\n<strong>Caracter\u00edsticas Adicionales:<\/strong>\u00a0Milagros de Jes\u00fas<br \/>\n<strong>Caracter\u00edsticas Adicionales:<\/strong>\u00a0Plan de salvaci\u00f3n<br \/>\n<strong>Caracter\u00edsticas Adicionales:<\/strong>\u00a0Armon\u00eda de los evangelios<\/div>\n","protected":false},"excerpt":{"rendered":"<p>Enriquece tu lectura de las Escrituras y profundiza tu conocimiento sobre la vida y obra del Se\u00f1or Jesucristo. La\u00a0Biblia de Promesas Jes\u00fas para todos\u00a0incluye recursos para tu crecimiento y vida devocional que te permitir\u00e1n conocer y relacionarte m\u00e1s con Jes\u00fas, meditar en Sus nombres, admirar Sus milagros y disfrutar Sus promesas. Recursos incluidos: 48 p\u00e1ginas [&hellip;]<\/p>\n","protected":false},"featured_media":1926,"comment_status":"open","ping_status":"closed","template":"","meta":{"om_disable_all_campaigns":false,"_monsterinsights_skip_tracking":false,"_monsterinsights_sitenote_active":false,"_monsterinsights_sitenote_note":"","_monsterinsights_sitenote_category":0,"site-sidebar-layout":"default","site-content-layout":"","ast-site-content-layout":"default","site-content-style":"default","site-sidebar-style":"default","ast-global-header-display":"","ast-banner-title-visibility":"","ast-main-header-display":"","ast-hfb-above-header-display":"","ast-hfb-below-header-display":"","ast-hfb-mobile-header-display":"","site-post-title":"","ast-breadcrumbs-content":"","ast-featured-img":"","footer-sml-layout":"","ast-disable-related-posts":"","theme-transparent-header-meta":"default","adv-header-id-meta":"","stick-header-meta":"","header-above-stick-meta":"","header-main-stick-meta":"","header-below-stick-meta":"","astra-migrate-meta-layouts":"set","ast-page-background-enabled":"default","ast-page-background-meta":{"desktop":{"background-color":"var(--ast-global-color-4)","background-image":"","background-repeat":"repeat","background-position":"center center","background-size":"auto","background-attachment":"scroll","background-type":"","background-media":"","overlay-type":"","overlay-color":"","overlay-opacity":"","overlay-gradient":""},"tablet":{"background-color":"","background-image":"","background-repeat":"repeat","background-position":"center center","background-size":"auto","background-attachment":"scroll","background-type":"","background-media":"","overlay-type":"","overlay-color":"","overlay-opacity":"","overlay-gradient":""},"mobile":{"background-color":"","background-image":"","background-repeat":"repeat","background-position":"center center","background-size":"auto","background-attachment":"scroll","background-type":"","background-media":"","overlay-type":"","overlay-color":"","overlay-opacity":"","overlay-gradient":""}},"ast-content-background-meta":{"desktop":{"background-color":"var(--ast-global-color-5)","background-image":"","background-repeat":"repeat","background-position":"center center","background-size":"auto","background-attachment":"scroll","background-type":"","background-media":"","overlay-type":"","overlay-color":"","overlay-opacity":"","overlay-gradient":""},"tablet":{"background-color":"var(--ast-global-color-5)","background-image":"","background-repeat":"repeat","background-position":"center center","background-size":"auto","background-attachment":"scroll","background-type":"","background-media":"","overlay-type":"","overlay-color":"","overlay-opacity":"","overlay-gradient":""},"mobile":{"background-color":"var(--ast-global-color-5)","background-image":"","background-repeat":"repeat","background-position":"center center","background-size":"auto","background-attachment":"scroll","background-type":"","background-media":"","overlay-type":"","overlay-color":"","overlay-opacity":"","overlay-gradient":""}}},"product_brand":[],"product_cat":[22,42,177],"product_tag":[],"class_list":{"0":"post-1925","1":"product","2":"type-product","3":"status-publish","4":"has-post-thumbnail","6":"product_cat-biblias","7":"product_cat-biblias-reina-valera","8":"product_cat-letra-grande-rvr","9":"desktop-align-left","10":"tablet-align-left","11":"mobile-align-left","13":"first","14":"outofstock","15":"shipping-taxable","16":"purchasable","17":"product-type-simple"},"yoast_head":"<!-- This site is optimized with the Yoast SEO plugin v27.4 - https:\/\/yoast.com\/product\/yoast-seo-wordpress\/ -->\n<title>Biblia de Promesas RVR-1960, Jes\u00fas para todos, Letra Grande , Tama\u00f1o Manual, Piel especial con cierre, Caf\u00e9 - tzionlibreria.com<\/title>\n<meta name=\"robots\" content=\"index, follow, max-snippet:-1, max-image-preview:large, max-video-preview:-1\" \/>\n<link rel=\"canonical\" href=\"https:\/\/tzionlibreria.com\/index.php\/product\/biblia-de-promesas-rvr-1960-jesus-para-todos-letra-grande-tamano-manual-piel-especial-con-cierre-cafe\/\" \/>\n<meta property=\"og:locale\" content=\"es_ES\" \/>\n<meta property=\"og:type\" content=\"article\" \/>\n<meta property=\"og:title\" content=\"Biblia de Promesas RVR-1960, Jes\u00fas para todos, Letra Grande , Tama\u00f1o Manual, Piel especial con cierre, Caf\u00e9 - tzionlibreria.com\" \/>\n<meta property=\"og:description\" content=\"Enriquece tu lectura de las Escrituras y profundiza tu conocimiento sobre la vida y obra del Se\u00f1or Jesucristo. La\u00a0Biblia de Promesas Jes\u00fas para todos\u00a0incluye recursos para tu crecimiento y vida devocional que te permitir\u00e1n conocer y relacionarte m\u00e1s con Jes\u00fas, meditar en Sus nombres, admirar Sus milagros y disfrutar Sus promesas. Recursos incluidos: 48 p\u00e1ginas [&hellip;]\" \/>\n<meta property=\"og:url\" content=\"https:\/\/tzionlibreria.com\/index.php\/product\/biblia-de-promesas-rvr-1960-jesus-para-todos-letra-grande-tamano-manual-piel-especial-con-cierre-cafe\/\" \/>\n<meta property=\"og:site_name\" content=\"tzionlibreria.com\" \/>\n<meta property=\"article:modified_time\" content=\"2024-11-02T03:18:43+00:00\" \/>\n<meta property=\"og:image\" content=\"http:\/\/tzionlibreria.com\/wp-content\/uploads\/2023\/12\/cafe-cierre.jpg\" \/>\n\t<meta property=\"og:image:width\" content=\"1200\" \/>\n\t<meta property=\"og:image:height\" content=\"1200\" \/>\n\t<meta property=\"og:image:type\" content=\"image\/jpeg\" \/>\n<meta name=\"twitter:card\" content=\"summary_large_image\" \/>\n<meta name=\"twitter:label1\" content=\"Tiempo de lectura\" \/>\n\t<meta name=\"twitter:data1\" content=\"2 minutos\" \/>\n<script type=\"application\/ld+json\" class=\"yoast-schema-graph\">{\"@context\":\"https:\\\/\\\/schema.org\",\"@graph\":[{\"@type\":\"WebPage\",\"@id\":\"https:\\\/\\\/tzionlibreria.com\\\/index.php\\\/product\\\/biblia-de-promesas-rvr-1960-jesus-para-todos-letra-grande-tamano-manual-piel-especial-con-cierre-cafe\\\/\",\"url\":\"https:\\\/\\\/tzionlibreria.com\\\/index.php\\\/product\\\/biblia-de-promesas-rvr-1960-jesus-para-todos-letra-grande-tamano-manual-piel-especial-con-cierre-cafe\\\/\",\"name\":\"Biblia de Promesas RVR-1960, Jes\u00fas para todos, Letra Grande , Tama\u00f1o Manual, Piel especial con cierre, Caf\u00e9 - tzionlibreria.com\",\"isPartOf\":{\"@id\":\"https:\\\/\\\/tzionlibreria.com\\\/#website\"},\"primaryImageOfPage\":{\"@id\":\"https:\\\/\\\/tzionlibreria.com\\\/index.php\\\/product\\\/biblia-de-promesas-rvr-1960-jesus-para-todos-letra-grande-tamano-manual-piel-especial-con-cierre-cafe\\\/#primaryimage\"},\"image\":{\"@id\":\"https:\\\/\\\/tzionlibreria.com\\\/index.php\\\/product\\\/biblia-de-promesas-rvr-1960-jesus-para-todos-letra-grande-tamano-manual-piel-especial-con-cierre-cafe\\\/#primaryimage\"},\"thumbnailUrl\":\"https:\\\/\\\/tzionlibreria.com\\\/wp-content\\\/uploads\\\/2023\\\/12\\\/cafe-cierre.jpg\",\"datePublished\":\"2023-12-13T14:06:16+00:00\",\"dateModified\":\"2024-11-02T03:18:43+00:00\",\"breadcrumb\":{\"@id\":\"https:\\\/\\\/tzionlibreria.com\\\/index.php\\\/product\\\/biblia-de-promesas-rvr-1960-jesus-para-todos-letra-grande-tamano-manual-piel-especial-con-cierre-cafe\\\/#breadcrumb\"},\"inLanguage\":\"es-CO\",\"potentialAction\":[{\"@type\":\"ReadAction\",\"target\":[\"https:\\\/\\\/tzionlibreria.com\\\/index.php\\\/product\\\/biblia-de-promesas-rvr-1960-jesus-para-todos-letra-grande-tamano-manual-piel-especial-con-cierre-cafe\\\/\"]}]},{\"@type\":\"ImageObject\",\"inLanguage\":\"es-CO\",\"@id\":\"https:\\\/\\\/tzionlibreria.com\\\/index.php\\\/product\\\/biblia-de-promesas-rvr-1960-jesus-para-todos-letra-grande-tamano-manual-piel-especial-con-cierre-cafe\\\/#primaryimage\",\"url\":\"https:\\\/\\\/tzionlibreria.com\\\/wp-content\\\/uploads\\\/2023\\\/12\\\/cafe-cierre.jpg\",\"contentUrl\":\"https:\\\/\\\/tzionlibreria.com\\\/wp-content\\\/uploads\\\/2023\\\/12\\\/cafe-cierre.jpg\",\"width\":1200,\"height\":1200},{\"@type\":\"BreadcrumbList\",\"@id\":\"https:\\\/\\\/tzionlibreria.com\\\/index.php\\\/product\\\/biblia-de-promesas-rvr-1960-jesus-para-todos-letra-grande-tamano-manual-piel-especial-con-cierre-cafe\\\/#breadcrumb\",\"itemListElement\":[{\"@type\":\"ListItem\",\"position\":1,\"name\":\"Inicio\",\"item\":\"https:\\\/\\\/tzionlibreria.com\\\/\"},{\"@type\":\"ListItem\",\"position\":2,\"name\":\"Shop\",\"item\":\"https:\\\/\\\/tzionlibreria.com\\\/index.php\\\/shop\\\/\"},{\"@type\":\"ListItem\",\"position\":3,\"name\":\"Biblia de Promesas RVR-1960, Jes\u00fas para todos, Letra Grande , Tama\u00f1o Manual, Piel especial con cierre, Caf\u00e9\"}]},{\"@type\":\"WebSite\",\"@id\":\"https:\\\/\\\/tzionlibreria.com\\\/#website\",\"url\":\"https:\\\/\\\/tzionlibreria.com\\\/\",\"name\":\"tzionlibreria.com\",\"description\":\"Libreria Cristiana Venezuela\",\"publisher\":{\"@id\":\"https:\\\/\\\/tzionlibreria.com\\\/#organization\"},\"potentialAction\":[{\"@type\":\"SearchAction\",\"target\":{\"@type\":\"EntryPoint\",\"urlTemplate\":\"https:\\\/\\\/tzionlibreria.com\\\/?s={search_term_string}\"},\"query-input\":{\"@type\":\"PropertyValueSpecification\",\"valueRequired\":true,\"valueName\":\"search_term_string\"}}],\"inLanguage\":\"es-CO\"},{\"@type\":\"Organization\",\"@id\":\"https:\\\/\\\/tzionlibreria.com\\\/#organization\",\"name\":\"tzionlibreria.com\",\"url\":\"https:\\\/\\\/tzionlibreria.com\\\/\",\"logo\":{\"@type\":\"ImageObject\",\"inLanguage\":\"es-CO\",\"@id\":\"https:\\\/\\\/tzionlibreria.com\\\/#\\\/schema\\\/logo\\\/image\\\/\",\"url\":\"https:\\\/\\\/tzionlibreria.com\\\/wp-content\\\/uploads\\\/2023\\\/10\\\/cropped-Cuadricula-scaled-1.jpg\",\"contentUrl\":\"https:\\\/\\\/tzionlibreria.com\\\/wp-content\\\/uploads\\\/2023\\\/10\\\/cropped-Cuadricula-scaled-1.jpg\",\"width\":2560,\"height\":2560,\"caption\":\"tzionlibreria.com\"},\"image\":{\"@id\":\"https:\\\/\\\/tzionlibreria.com\\\/#\\\/schema\\\/logo\\\/image\\\/\"}}]}<\/script>\n<!-- \/ Yoast SEO plugin. -->","yoast_head_json":{"title":"Biblia de Promesas RVR-1960, Jes\u00fas para todos, Letra Grande , Tama\u00f1o Manual, Piel especial con cierre, Caf\u00e9 - tzionlibreria.com","robots":{"index":"index","follow":"follow","max-snippet":"max-snippet:-1","max-image-preview":"max-image-preview:large","max-video-preview":"max-video-preview:-1"},"canonical":"https:\/\/tzionlibreria.com\/index.php\/product\/biblia-de-promesas-rvr-1960-jesus-para-todos-letra-grande-tamano-manual-piel-especial-con-cierre-cafe\/","og_locale":"es_ES","og_type":"article","og_title":"Biblia de Promesas RVR-1960, Jes\u00fas para todos, Letra Grande , Tama\u00f1o Manual, Piel especial con cierre, Caf\u00e9 - tzionlibreria.com","og_description":"Enriquece tu lectura de las Escrituras y profundiza tu conocimiento sobre la vida y obra del Se\u00f1or Jesucristo. La\u00a0Biblia de Promesas Jes\u00fas para todos\u00a0incluye recursos para tu crecimiento y vida devocional que te permitir\u00e1n conocer y relacionarte m\u00e1s con Jes\u00fas, meditar en Sus nombres, admirar Sus milagros y disfrutar Sus promesas. Recursos incluidos: 48 p\u00e1ginas [&hellip;]","og_url":"https:\/\/tzionlibreria.com\/index.php\/product\/biblia-de-promesas-rvr-1960-jesus-para-todos-letra-grande-tamano-manual-piel-especial-con-cierre-cafe\/","og_site_name":"tzionlibreria.com","article_modified_time":"2024-11-02T03:18:43+00:00","og_image":[{"width":1200,"height":1200,"url":"http:\/\/tzionlibreria.com\/wp-content\/uploads\/2023\/12\/cafe-cierre.jpg","type":"image\/jpeg"}],"twitter_card":"summary_large_image","twitter_misc":{"Tiempo de lectura":"2 minutos"},"schema":{"@context":"https:\/\/schema.org","@graph":[{"@type":"WebPage","@id":"https:\/\/tzionlibreria.com\/index.php\/product\/biblia-de-promesas-rvr-1960-jesus-para-todos-letra-grande-tamano-manual-piel-especial-con-cierre-cafe\/","url":"https:\/\/tzionlibreria.com\/index.php\/product\/biblia-de-promesas-rvr-1960-jesus-para-todos-letra-grande-tamano-manual-piel-especial-con-cierre-cafe\/","name":"Biblia de Promesas RVR-1960, Jes\u00fas para todos, Letra Grande , Tama\u00f1o Manual, Piel especial con cierre, Caf\u00e9 - tzionlibreria.com","isPartOf":{"@id":"https:\/\/tzionlibreria.com\/#website"},"primaryImageOfPage":{"@id":"https:\/\/tzionlibreria.com\/index.php\/product\/biblia-de-promesas-rvr-1960-jesus-para-todos-letra-grande-tamano-manual-piel-especial-con-cierre-cafe\/#primaryimage"},"image":{"@id":"https:\/\/tzionlibreria.com\/index.php\/product\/biblia-de-promesas-rvr-1960-jesus-para-todos-letra-grande-tamano-manual-piel-especial-con-cierre-cafe\/#primaryimage"},"thumbnailUrl":"https:\/\/tzionlibreria.com\/wp-content\/uploads\/2023\/12\/cafe-cierre.jpg","datePublished":"2023-12-13T14:06:16+00:00","dateModified":"2024-11-02T03:18:43+00:00","breadcrumb":{"@id":"https:\/\/tzionlibreria.com\/index.php\/product\/biblia-de-promesas-rvr-1960-jesus-para-todos-letra-grande-tamano-manual-piel-especial-con-cierre-cafe\/#breadcrumb"},"inLanguage":"es-CO","potentialAction":[{"@type":"ReadAction","target":["https:\/\/tzionlibreria.com\/index.php\/product\/biblia-de-promesas-rvr-1960-jesus-para-todos-letra-grande-tamano-manual-piel-especial-con-cierre-cafe\/"]}]},{"@type":"ImageObject","inLanguage":"es-CO","@id":"https:\/\/tzionlibreria.com\/index.php\/product\/biblia-de-promesas-rvr-1960-jesus-para-todos-letra-grande-tamano-manual-piel-especial-con-cierre-cafe\/#primaryimage","url":"https:\/\/tzionlibreria.com\/wp-content\/uploads\/2023\/12\/cafe-cierre.jpg","contentUrl":"https:\/\/tzionlibreria.com\/wp-content\/uploads\/2023\/12\/cafe-cierre.jpg","width":1200,"height":1200},{"@type":"BreadcrumbList","@id":"https:\/\/tzionlibreria.com\/index.php\/product\/biblia-de-promesas-rvr-1960-jesus-para-todos-letra-grande-tamano-manual-piel-especial-con-cierre-cafe\/#breadcrumb","itemListElement":[{"@type":"ListItem","position":1,"name":"Inicio","item":"https:\/\/tzionlibreria.com\/"},{"@type":"ListItem","position":2,"name":"Shop","item":"https:\/\/tzionlibreria.com\/index.php\/shop\/"},{"@type":"ListItem","position":3,"name":"Biblia de Promesas RVR-1960, Jes\u00fas para todos, Letra Grande , Tama\u00f1o Manual, Piel especial con cierre, Caf\u00e9"}]},{"@type":"WebSite","@id":"https:\/\/tzionlibreria.com\/#website","url":"https:\/\/tzionlibreria.com\/","name":"tzionlibreria.com","description":"Libreria Cristiana Venezuela","publisher":{"@id":"https:\/\/tzionlibreria.com\/#organization"},"potentialAction":[{"@type":"SearchAction","target":{"@type":"EntryPoint","urlTemplate":"https:\/\/tzionlibreria.com\/?s={search_term_string}"},"query-input":{"@type":"PropertyValueSpecification","valueRequired":true,"valueName":"search_term_string"}}],"inLanguage":"es-CO"},{"@type":"Organization","@id":"https:\/\/tzionlibreria.com\/#organization","name":"tzionlibreria.com","url":"https:\/\/tzionlibreria.com\/","logo":{"@type":"ImageObject","inLanguage":"es-CO","@id":"https:\/\/tzionlibreria.com\/#\/schema\/logo\/image\/","url":"https:\/\/tzionlibreria.com\/wp-content\/uploads\/2023\/10\/cropped-Cuadricula-scaled-1.jpg","contentUrl":"https:\/\/tzionlibreria.com\/wp-content\/uploads\/2023\/10\/cropped-Cuadricula-scaled-1.jpg","width":2560,"height":2560,"caption":"tzionlibreria.com"},"image":{"@id":"https:\/\/tzionlibreria.com\/#\/schema\/logo\/image\/"}}]}},"jetpack_sharing_enabled":true,"_links":{"self":[{"href":"https:\/\/tzionlibreria.com\/index.php\/wp-json\/wp\/v2\/product\/1925","targetHints":{"allow":["GET"]}}],"collection":[{"href":"https:\/\/tzionlibreria.com\/index.php\/wp-json\/wp\/v2\/product"}],"about":[{"href":"https:\/\/tzionlibreria.com\/index.php\/wp-json\/wp\/v2\/types\/product"}],"replies":[{"embeddable":true,"href":"https:\/\/tzionlibreria.com\/index.php\/wp-json\/wp\/v2\/comments?post=1925"}],"wp:featuredmedia":[{"embeddable":true,"href":"https:\/\/tzionlibreria.com\/index.php\/wp-json\/wp\/v2\/media\/1926"}],"wp:attachment":[{"href":"https:\/\/tzionlibreria.com\/index.php\/wp-json\/wp\/v2\/media?parent=1925"}],"wp:term":[{"taxonomy":"product_brand","embeddable":true,"href":"https:\/\/tzionlibreria.com\/index.php\/wp-json\/wp\/v2\/product_brand?post=1925"},{"taxonomy":"product_cat","embeddable":true,"href":"https:\/\/tzionlibreria.com\/index.php\/wp-json\/wp\/v2\/product_cat?post=1925"},{"taxonomy":"product_tag","embeddable":true,"href":"https:\/\/tzionlibreria.com\/index.php\/wp-json\/wp\/v2\/product_tag?post=1925"}],"curies":[{"name":"wp","href":"https:\/\/api.w.org\/{rel}","templated":true}]}}