{"id":1942,"date":"2023-12-13T14:42:12","date_gmt":"2023-12-13T14:42:12","guid":{"rendered":"https:\/\/tzionlibreria.com\/?post_type=product&#038;p=1942"},"modified":"2025-08-19T01:58:19","modified_gmt":"2025-08-19T01:58:19","slug":"hechos-cientificos-en-la-biblia-100-razones-para-creer-que-la-biblia-es-sobrenatural","status":"publish","type":"product","link":"https:\/\/tzionlibreria.com\/index.php\/product\/hechos-cientificos-en-la-biblia-100-razones-para-creer-que-la-biblia-es-sobrenatural\/","title":{"rendered":"Hechos cient\u00edficos en la Biblia \u2013 100 Razones para creer que la Biblia es Sobrenatural"},"content":{"rendered":"<div>Excelente libro de apolog\u00e9tica. Un buen material de lectura para cualquier persona que ha sido enga\u00f1ado con la idea de que la ciencia ha refutado a Dios y el creacionismo. A trav\u00e9s de evidencias simples y explicaciones f\u00e1ciles de entender , este peque\u00f1o libro presenta algunos grandes argumentos para el creacionismo.<\/div>\n<div><\/div>\n<div>Esta lectura es una sencilla pero poderosa adici\u00f3n al plan de estudios de un curso de ciencia. Los hechos se clasifican en forma de cap\u00edtulo, en p\u00e1rrafos cortos e individuales. Este libro est\u00e1 dise\u00f1ado para dar informaci\u00f3n r\u00e1pida y concisa para cada hecho, no como una gran lectura expositiva.<\/div>\n<div><\/div>\n<div>Puntos claves:<\/div>\n<div>\n<ul>\n<li>Excelente libro de apolog\u00e9tica.<\/li>\n<li>Hechos simples y explicaciones cient\u00edficas f\u00e1ciles de entender.<\/li>\n<li>Muy interesante y estimulante.<\/li>\n<li>Buena referencia para toda la investigaci\u00f3n cient\u00edfica de hoy d\u00eda.<\/li>\n<\/ul>\n<p><strong>ISBN<\/strong>: 9789587371314<br \/>\n<strong>Editorial<\/strong>: Desaf\u00edo<br \/>\n<strong>Dimensiones<\/strong>: 115 x 160 x 8 mm<br \/>\n<strong>Peso<\/strong>: 0,078kg<br \/>\n<strong>Cubierta<\/strong>: Tapa r\u00fastica<br \/>\n<strong>N\u00famero de p\u00e1ginas<\/strong>: 120<br \/>\n<strong>Fecha de lanzamiento<\/strong>: 18.04.2016<br \/>\n<strong>Idioma<\/strong>: Espa\u00f1ol<\/p>\n<\/div>\n","protected":false},"excerpt":{"rendered":"<p>Excelente libro de apolog\u00e9tica. Un buen material de lectura para cualquier persona que ha sido enga\u00f1ado con la idea de que la ciencia ha refutado a Dios y el creacionismo. A trav\u00e9s de evidencias simples y explicaciones f\u00e1ciles de entender , este peque\u00f1o libro presenta algunos grandes argumentos para el creacionismo. Esta lectura es una [&hellip;]<\/p>\n","protected":false},"featured_media":1943,"comment_status":"open","ping_status":"closed","template":"","meta":{"om_disable_all_campaigns":false,"_monsterinsights_skip_tracking":false,"_monsterinsights_sitenote_active":false,"_monsterinsights_sitenote_note":"","_monsterinsights_sitenote_category":0,"site-sidebar-layout":"default","site-content-layout":"","ast-site-content-layout":"default","site-content-style":"default","site-sidebar-style":"default","ast-global-header-display":"","ast-banner-title-visibility":"","ast-main-header-display":"","ast-hfb-above-header-display":"","ast-hfb-below-header-display":"","ast-hfb-mobile-header-display":"","site-post-title":"","ast-breadcrumbs-content":"","ast-featured-img":"","footer-sml-layout":"","ast-disable-related-posts":"","theme-transparent-header-meta":"default","adv-header-id-meta":"","stick-header-meta":"","header-above-stick-meta":"","header-main-stick-meta":"","header-below-stick-meta":"","astra-migrate-meta-layouts":"set","ast-page-background-enabled":"default","ast-page-background-meta":{"desktop":{"background-color":"var(--ast-global-color-4)","background-image":"","background-repeat":"repeat","background-position":"center center","background-size":"auto","background-attachment":"scroll","background-type":"","background-media":"","overlay-type":"","overlay-color":"","overlay-opacity":"","overlay-gradient":""},"tablet":{"background-color":"","background-image":"","background-repeat":"repeat","background-position":"center center","background-size":"auto","background-attachment":"scroll","background-type":"","background-media":"","overlay-type":"","overlay-color":"","overlay-opacity":"","overlay-gradient":""},"mobile":{"background-color":"","background-image":"","background-repeat":"repeat","background-position":"center center","background-size":"auto","background-attachment":"scroll","background-type":"","background-media":"","overlay-type":"","overlay-color":"","overlay-opacity":"","overlay-gradient":""}},"ast-content-background-meta":{"desktop":{"background-color":"var(--ast-global-color-5)","background-image":"","background-repeat":"repeat","background-position":"center center","background-size":"auto","background-attachment":"scroll","background-type":"","background-media":"","overlay-type":"","overlay-color":"","overlay-opacity":"","overlay-gradient":""},"tablet":{"background-color":"var(--ast-global-color-5)","background-image":"","background-repeat":"repeat","background-position":"center center","background-size":"auto","background-attachment":"scroll","background-type":"","background-media":"","overlay-type":"","overlay-color":"","overlay-opacity":"","overlay-gradient":""},"mobile":{"background-color":"var(--ast-global-color-5)","background-image":"","background-repeat":"repeat","background-position":"center center","background-size":"auto","background-attachment":"scroll","background-type":"","background-media":"","overlay-type":"","overlay-color":"","overlay-opacity":"","overlay-gradient":""}}},"product_brand":[],"product_cat":[173,23],"product_tag":[207],"class_list":{"0":"post-1942","1":"product","2":"type-product","3":"status-publish","4":"has-post-thumbnail","6":"product_cat-jovenes","7":"product_cat-libros","8":"product_tag-ciencia","9":"desktop-align-left","10":"tablet-align-left","11":"mobile-align-left","13":"first","14":"instock","15":"shipping-taxable","16":"purchasable","17":"product-type-simple"},"yoast_head":"<!-- This site is optimized with the Yoast SEO plugin v27.4 - https:\/\/yoast.com\/product\/yoast-seo-wordpress\/ -->\n<title>Hechos cient\u00edficos en la Biblia \u2013 100 Razones para creer que la Biblia es Sobrenatural - tzionlibreria.com<\/title>\n<meta name=\"robots\" content=\"index, follow, max-snippet:-1, max-image-preview:large, max-video-preview:-1\" \/>\n<link rel=\"canonical\" href=\"https:\/\/tzionlibreria.com\/index.php\/product\/hechos-cientificos-en-la-biblia-100-razones-para-creer-que-la-biblia-es-sobrenatural\/\" \/>\n<meta property=\"og:locale\" content=\"es_ES\" \/>\n<meta property=\"og:type\" content=\"article\" \/>\n<meta property=\"og:title\" content=\"Hechos cient\u00edficos en la Biblia \u2013 100 Razones para creer que la Biblia es Sobrenatural - tzionlibreria.com\" \/>\n<meta property=\"og:description\" content=\"Excelente libro de apolog\u00e9tica. Un buen material de lectura para cualquier persona que ha sido enga\u00f1ado con la idea de que la ciencia ha refutado a Dios y el creacionismo. A trav\u00e9s de evidencias simples y explicaciones f\u00e1ciles de entender , este peque\u00f1o libro presenta algunos grandes argumentos para el creacionismo. Esta lectura es una [&hellip;]\" \/>\n<meta property=\"og:url\" content=\"https:\/\/tzionlibreria.com\/index.php\/product\/hechos-cientificos-en-la-biblia-100-razones-para-creer-que-la-biblia-es-sobrenatural\/\" \/>\n<meta property=\"og:site_name\" content=\"tzionlibreria.com\" \/>\n<meta property=\"article:modified_time\" content=\"2025-08-19T01:58:19+00:00\" \/>\n<meta property=\"og:image\" content=\"http:\/\/tzionlibreria.com\/wp-content\/uploads\/2023\/12\/hechos-cientificos.jpg\" \/>\n\t<meta property=\"og:image:width\" content=\"1200\" \/>\n\t<meta property=\"og:image:height\" content=\"1200\" \/>\n\t<meta property=\"og:image:type\" content=\"image\/jpeg\" \/>\n<meta name=\"twitter:card\" content=\"summary_large_image\" \/>\n<meta name=\"twitter:label1\" content=\"Tiempo de lectura\" \/>\n\t<meta name=\"twitter:data1\" content=\"1 minuto\" \/>\n<script type=\"application\/ld+json\" class=\"yoast-schema-graph\">{\"@context\":\"https:\\\/\\\/schema.org\",\"@graph\":[{\"@type\":\"WebPage\",\"@id\":\"https:\\\/\\\/tzionlibreria.com\\\/index.php\\\/product\\\/hechos-cientificos-en-la-biblia-100-razones-para-creer-que-la-biblia-es-sobrenatural\\\/\",\"url\":\"https:\\\/\\\/tzionlibreria.com\\\/index.php\\\/product\\\/hechos-cientificos-en-la-biblia-100-razones-para-creer-que-la-biblia-es-sobrenatural\\\/\",\"name\":\"Hechos cient\u00edficos en la Biblia \u2013 100 Razones para creer que la Biblia es Sobrenatural - tzionlibreria.com\",\"isPartOf\":{\"@id\":\"https:\\\/\\\/tzionlibreria.com\\\/#website\"},\"primaryImageOfPage\":{\"@id\":\"https:\\\/\\\/tzionlibreria.com\\\/index.php\\\/product\\\/hechos-cientificos-en-la-biblia-100-razones-para-creer-que-la-biblia-es-sobrenatural\\\/#primaryimage\"},\"image\":{\"@id\":\"https:\\\/\\\/tzionlibreria.com\\\/index.php\\\/product\\\/hechos-cientificos-en-la-biblia-100-razones-para-creer-que-la-biblia-es-sobrenatural\\\/#primaryimage\"},\"thumbnailUrl\":\"https:\\\/\\\/tzionlibreria.com\\\/wp-content\\\/uploads\\\/2023\\\/12\\\/hechos-cientificos.jpg\",\"datePublished\":\"2023-12-13T14:42:12+00:00\",\"dateModified\":\"2025-08-19T01:58:19+00:00\",\"breadcrumb\":{\"@id\":\"https:\\\/\\\/tzionlibreria.com\\\/index.php\\\/product\\\/hechos-cientificos-en-la-biblia-100-razones-para-creer-que-la-biblia-es-sobrenatural\\\/#breadcrumb\"},\"inLanguage\":\"es-CO\",\"potentialAction\":[{\"@type\":\"ReadAction\",\"target\":[\"https:\\\/\\\/tzionlibreria.com\\\/index.php\\\/product\\\/hechos-cientificos-en-la-biblia-100-razones-para-creer-que-la-biblia-es-sobrenatural\\\/\"]}]},{\"@type\":\"ImageObject\",\"inLanguage\":\"es-CO\",\"@id\":\"https:\\\/\\\/tzionlibreria.com\\\/index.php\\\/product\\\/hechos-cientificos-en-la-biblia-100-razones-para-creer-que-la-biblia-es-sobrenatural\\\/#primaryimage\",\"url\":\"https:\\\/\\\/tzionlibreria.com\\\/wp-content\\\/uploads\\\/2023\\\/12\\\/hechos-cientificos.jpg\",\"contentUrl\":\"https:\\\/\\\/tzionlibreria.com\\\/wp-content\\\/uploads\\\/2023\\\/12\\\/hechos-cientificos.jpg\",\"width\":1200,\"height\":1200},{\"@type\":\"BreadcrumbList\",\"@id\":\"https:\\\/\\\/tzionlibreria.com\\\/index.php\\\/product\\\/hechos-cientificos-en-la-biblia-100-razones-para-creer-que-la-biblia-es-sobrenatural\\\/#breadcrumb\",\"itemListElement\":[{\"@type\":\"ListItem\",\"position\":1,\"name\":\"Inicio\",\"item\":\"https:\\\/\\\/tzionlibreria.com\\\/\"},{\"@type\":\"ListItem\",\"position\":2,\"name\":\"Shop\",\"item\":\"https:\\\/\\\/tzionlibreria.com\\\/index.php\\\/shop\\\/\"},{\"@type\":\"ListItem\",\"position\":3,\"name\":\"Hechos cient\u00edficos en la Biblia \u2013 100 Razones para creer que la Biblia es Sobrenatural\"}]},{\"@type\":\"WebSite\",\"@id\":\"https:\\\/\\\/tzionlibreria.com\\\/#website\",\"url\":\"https:\\\/\\\/tzionlibreria.com\\\/\",\"name\":\"tzionlibreria.com\",\"description\":\"Libreria Cristiana Venezuela\",\"publisher\":{\"@id\":\"https:\\\/\\\/tzionlibreria.com\\\/#organization\"},\"potentialAction\":[{\"@type\":\"SearchAction\",\"target\":{\"@type\":\"EntryPoint\",\"urlTemplate\":\"https:\\\/\\\/tzionlibreria.com\\\/?s={search_term_string}\"},\"query-input\":{\"@type\":\"PropertyValueSpecification\",\"valueRequired\":true,\"valueName\":\"search_term_string\"}}],\"inLanguage\":\"es-CO\"},{\"@type\":\"Organization\",\"@id\":\"https:\\\/\\\/tzionlibreria.com\\\/#organization\",\"name\":\"tzionlibreria.com\",\"url\":\"https:\\\/\\\/tzionlibreria.com\\\/\",\"logo\":{\"@type\":\"ImageObject\",\"inLanguage\":\"es-CO\",\"@id\":\"https:\\\/\\\/tzionlibreria.com\\\/#\\\/schema\\\/logo\\\/image\\\/\",\"url\":\"https:\\\/\\\/tzionlibreria.com\\\/wp-content\\\/uploads\\\/2023\\\/10\\\/cropped-Cuadricula-scaled-1.jpg\",\"contentUrl\":\"https:\\\/\\\/tzionlibreria.com\\\/wp-content\\\/uploads\\\/2023\\\/10\\\/cropped-Cuadricula-scaled-1.jpg\",\"width\":2560,\"height\":2560,\"caption\":\"tzionlibreria.com\"},\"image\":{\"@id\":\"https:\\\/\\\/tzionlibreria.com\\\/#\\\/schema\\\/logo\\\/image\\\/\"}}]}<\/script>\n<!-- \/ Yoast SEO plugin. -->","yoast_head_json":{"title":"Hechos cient\u00edficos en la Biblia \u2013 100 Razones para creer que la Biblia es Sobrenatural - tzionlibreria.com","robots":{"index":"index","follow":"follow","max-snippet":"max-snippet:-1","max-image-preview":"max-image-preview:large","max-video-preview":"max-video-preview:-1"},"canonical":"https:\/\/tzionlibreria.com\/index.php\/product\/hechos-cientificos-en-la-biblia-100-razones-para-creer-que-la-biblia-es-sobrenatural\/","og_locale":"es_ES","og_type":"article","og_title":"Hechos cient\u00edficos en la Biblia \u2013 100 Razones para creer que la Biblia es Sobrenatural - tzionlibreria.com","og_description":"Excelente libro de apolog\u00e9tica. Un buen material de lectura para cualquier persona que ha sido enga\u00f1ado con la idea de que la ciencia ha refutado a Dios y el creacionismo. A trav\u00e9s de evidencias simples y explicaciones f\u00e1ciles de entender , este peque\u00f1o libro presenta algunos grandes argumentos para el creacionismo. Esta lectura es una [&hellip;]","og_url":"https:\/\/tzionlibreria.com\/index.php\/product\/hechos-cientificos-en-la-biblia-100-razones-para-creer-que-la-biblia-es-sobrenatural\/","og_site_name":"tzionlibreria.com","article_modified_time":"2025-08-19T01:58:19+00:00","og_image":[{"width":1200,"height":1200,"url":"http:\/\/tzionlibreria.com\/wp-content\/uploads\/2023\/12\/hechos-cientificos.jpg","type":"image\/jpeg"}],"twitter_card":"summary_large_image","twitter_misc":{"Tiempo de lectura":"1 minuto"},"schema":{"@context":"https:\/\/schema.org","@graph":[{"@type":"WebPage","@id":"https:\/\/tzionlibreria.com\/index.php\/product\/hechos-cientificos-en-la-biblia-100-razones-para-creer-que-la-biblia-es-sobrenatural\/","url":"https:\/\/tzionlibreria.com\/index.php\/product\/hechos-cientificos-en-la-biblia-100-razones-para-creer-que-la-biblia-es-sobrenatural\/","name":"Hechos cient\u00edficos en la Biblia \u2013 100 Razones para creer que la Biblia es Sobrenatural - tzionlibreria.com","isPartOf":{"@id":"https:\/\/tzionlibreria.com\/#website"},"primaryImageOfPage":{"@id":"https:\/\/tzionlibreria.com\/index.php\/product\/hechos-cientificos-en-la-biblia-100-razones-para-creer-que-la-biblia-es-sobrenatural\/#primaryimage"},"image":{"@id":"https:\/\/tzionlibreria.com\/index.php\/product\/hechos-cientificos-en-la-biblia-100-razones-para-creer-que-la-biblia-es-sobrenatural\/#primaryimage"},"thumbnailUrl":"https:\/\/tzionlibreria.com\/wp-content\/uploads\/2023\/12\/hechos-cientificos.jpg","datePublished":"2023-12-13T14:42:12+00:00","dateModified":"2025-08-19T01:58:19+00:00","breadcrumb":{"@id":"https:\/\/tzionlibreria.com\/index.php\/product\/hechos-cientificos-en-la-biblia-100-razones-para-creer-que-la-biblia-es-sobrenatural\/#breadcrumb"},"inLanguage":"es-CO","potentialAction":[{"@type":"ReadAction","target":["https:\/\/tzionlibreria.com\/index.php\/product\/hechos-cientificos-en-la-biblia-100-razones-para-creer-que-la-biblia-es-sobrenatural\/"]}]},{"@type":"ImageObject","inLanguage":"es-CO","@id":"https:\/\/tzionlibreria.com\/index.php\/product\/hechos-cientificos-en-la-biblia-100-razones-para-creer-que-la-biblia-es-sobrenatural\/#primaryimage","url":"https:\/\/tzionlibreria.com\/wp-content\/uploads\/2023\/12\/hechos-cientificos.jpg","contentUrl":"https:\/\/tzionlibreria.com\/wp-content\/uploads\/2023\/12\/hechos-cientificos.jpg","width":1200,"height":1200},{"@type":"BreadcrumbList","@id":"https:\/\/tzionlibreria.com\/index.php\/product\/hechos-cientificos-en-la-biblia-100-razones-para-creer-que-la-biblia-es-sobrenatural\/#breadcrumb","itemListElement":[{"@type":"ListItem","position":1,"name":"Inicio","item":"https:\/\/tzionlibreria.com\/"},{"@type":"ListItem","position":2,"name":"Shop","item":"https:\/\/tzionlibreria.com\/index.php\/shop\/"},{"@type":"ListItem","position":3,"name":"Hechos cient\u00edficos en la Biblia \u2013 100 Razones para creer que la Biblia es Sobrenatural"}]},{"@type":"WebSite","@id":"https:\/\/tzionlibreria.com\/#website","url":"https:\/\/tzionlibreria.com\/","name":"tzionlibreria.com","description":"Libreria Cristiana Venezuela","publisher":{"@id":"https:\/\/tzionlibreria.com\/#organization"},"potentialAction":[{"@type":"SearchAction","target":{"@type":"EntryPoint","urlTemplate":"https:\/\/tzionlibreria.com\/?s={search_term_string}"},"query-input":{"@type":"PropertyValueSpecification","valueRequired":true,"valueName":"search_term_string"}}],"inLanguage":"es-CO"},{"@type":"Organization","@id":"https:\/\/tzionlibreria.com\/#organization","name":"tzionlibreria.com","url":"https:\/\/tzionlibreria.com\/","logo":{"@type":"ImageObject","inLanguage":"es-CO","@id":"https:\/\/tzionlibreria.com\/#\/schema\/logo\/image\/","url":"https:\/\/tzionlibreria.com\/wp-content\/uploads\/2023\/10\/cropped-Cuadricula-scaled-1.jpg","contentUrl":"https:\/\/tzionlibreria.com\/wp-content\/uploads\/2023\/10\/cropped-Cuadricula-scaled-1.jpg","width":2560,"height":2560,"caption":"tzionlibreria.com"},"image":{"@id":"https:\/\/tzionlibreria.com\/#\/schema\/logo\/image\/"}}]}},"jetpack_sharing_enabled":true,"_links":{"self":[{"href":"https:\/\/tzionlibreria.com\/index.php\/wp-json\/wp\/v2\/product\/1942","targetHints":{"allow":["GET"]}}],"collection":[{"href":"https:\/\/tzionlibreria.com\/index.php\/wp-json\/wp\/v2\/product"}],"about":[{"href":"https:\/\/tzionlibreria.com\/index.php\/wp-json\/wp\/v2\/types\/product"}],"replies":[{"embeddable":true,"href":"https:\/\/tzionlibreria.com\/index.php\/wp-json\/wp\/v2\/comments?post=1942"}],"wp:featuredmedia":[{"embeddable":true,"href":"https:\/\/tzionlibreria.com\/index.php\/wp-json\/wp\/v2\/media\/1943"}],"wp:attachment":[{"href":"https:\/\/tzionlibreria.com\/index.php\/wp-json\/wp\/v2\/media?parent=1942"}],"wp:term":[{"taxonomy":"product_brand","embeddable":true,"href":"https:\/\/tzionlibreria.com\/index.php\/wp-json\/wp\/v2\/product_brand?post=1942"},{"taxonomy":"product_cat","embeddable":true,"href":"https:\/\/tzionlibreria.com\/index.php\/wp-json\/wp\/v2\/product_cat?post=1942"},{"taxonomy":"product_tag","embeddable":true,"href":"https:\/\/tzionlibreria.com\/index.php\/wp-json\/wp\/v2\/product_tag?post=1942"}],"curies":[{"name":"wp","href":"https:\/\/api.w.org\/{rel}","templated":true}]}}