{"id":1948,"date":"2023-12-13T15:40:31","date_gmt":"2023-12-13T15:40:31","guid":{"rendered":"https:\/\/tzionlibreria.com\/?post_type=product&#038;p=1948"},"modified":"2025-06-10T17:14:24","modified_gmt":"2025-06-10T17:14:24","slug":"biblia-edicion-compacta-cafe-latte-ntv","status":"publish","type":"product","link":"https:\/\/tzionlibreria.com\/index.php\/product\/biblia-edicion-compacta-cafe-latte-ntv\/","title":{"rendered":"Biblia Edici\u00f3n Compacta Caf\u00e9 Latt\u00e9 NTV"},"content":{"rendered":"<div class=\"ast-oembed-container \" style=\"height: 100%;\"><iframe title=\"Biblia NTV Compacta Caf\u00e9 Latt\u00e9 - Cierre\" width=\"500\" height=\"281\" src=\"https:\/\/www.youtube.com\/embed\/ybcZBIZ2n58?feature=oembed\" frameborder=\"0\" allow=\"accelerometer; autoplay; clipboard-write; encrypted-media; gyroscope; picture-in-picture; web-share\" referrerpolicy=\"strict-origin-when-cross-origin\" allowfullscreen><\/iframe><\/div>\n<p>&nbsp;<\/p>\n<p>La Edici\u00f3n compacta de la Nueva Traducci\u00f3n Viviente (NTV) ahora est\u00e1 disponible en una hermosa encuadernaci\u00f3n de tela con cierre de z\u00edper. Esta edici\u00f3n contempor\u00e1nea fue creada los que quieran una Biblia compacta f\u00e1cil de llevar a todo lugar y con un dise\u00f1o totalmente nuevo. Incluye una p\u00e1gina de presentaci\u00f3n.La NTV es una traducci\u00f3n excepcional de la Biblia, redactada en un espa\u00f1ol f\u00e1cil de comprender y fiel a los idiomas originales. Es el fruto del trabajo de un equipo de m\u00e1s 50 destacados eruditos de la Biblia. La erudici\u00f3n y la claridad de la NTV le dan vida aun a los pasajes m\u00e1s dif\u00edciles. Sin embargo, lo m\u00e1s impresionante de la NTV son los testimonios de c\u00f3mo esta Biblia est\u00e1 cambiando la vida de las personas al hablarles directamente al coraz\u00f3n. Por eso la llamamos \u00abLA VERDAD CON CLARIDAD\u00bb.<\/p>\n<p>&nbsp;<\/p>\n<div id=\"ctl00_ucPDTabs_ctl02_fs\" class=\"ProductDetailGroup system-properties\"><strong>ISBN<\/strong>: 9781496427441<br \/>\n<strong>Editorial<\/strong>:\u00a0Tyndale Espa\u00f1ol<br \/>\n<strong>Dimensiones<\/strong>: 11 x 17 x 2 cm<br \/>\n<strong>Peso<\/strong>: 0,360kg<br \/>\n<strong>Cubierta<\/strong>: Imitaci\u00f3n Piel<br \/>\n<strong>N\u00famero de p\u00e1ginas<\/strong>: 1024<br \/>\n<strong>Idioma<\/strong>: Espa\u00f1ol<\/div>\n<div id=\"ctl00_ucPDTabs_ctl03_fs\" class=\"ProductDetailGroup\"><strong>Tama\u00f1o de Letra:<\/strong>\u00a06 pts<br \/>\n<strong>Versi\u00f3n:<\/strong>\u00a0NTV<br \/>\n<strong>Caracter\u00edsticas Adicionales:<\/strong>\u00a0Cinta Marcadora<br \/>\n<strong>Color:<\/strong>\u00a0Marr\u00f3n<br \/>\n<strong>Tama\u00f1o:<\/strong>\u00a0Compacta<\/div>\n","protected":false},"excerpt":{"rendered":"<p>&nbsp; La Edici\u00f3n compacta de la Nueva Traducci\u00f3n Viviente (NTV) ahora est\u00e1 disponible en una hermosa encuadernaci\u00f3n de tela con cierre de z\u00edper. Esta edici\u00f3n contempor\u00e1nea fue creada los que quieran una Biblia compacta f\u00e1cil de llevar a todo lugar y con un dise\u00f1o totalmente nuevo. Incluye una p\u00e1gina de presentaci\u00f3n.La NTV es una traducci\u00f3n [&hellip;]<\/p>\n","protected":false},"featured_media":1949,"comment_status":"open","ping_status":"closed","template":"","meta":{"om_disable_all_campaigns":false,"_monsterinsights_skip_tracking":false,"_monsterinsights_sitenote_active":false,"_monsterinsights_sitenote_note":"","_monsterinsights_sitenote_category":0,"site-sidebar-layout":"default","site-content-layout":"","ast-site-content-layout":"default","site-content-style":"default","site-sidebar-style":"default","ast-global-header-display":"","ast-banner-title-visibility":"","ast-main-header-display":"","ast-hfb-above-header-display":"","ast-hfb-below-header-display":"","ast-hfb-mobile-header-display":"","site-post-title":"","ast-breadcrumbs-content":"","ast-featured-img":"","footer-sml-layout":"","ast-disable-related-posts":"","theme-transparent-header-meta":"default","adv-header-id-meta":"","stick-header-meta":"","header-above-stick-meta":"","header-main-stick-meta":"","header-below-stick-meta":"","astra-migrate-meta-layouts":"set","ast-page-background-enabled":"default","ast-page-background-meta":{"desktop":{"background-color":"var(--ast-global-color-4)","background-image":"","background-repeat":"repeat","background-position":"center center","background-size":"auto","background-attachment":"scroll","background-type":"","background-media":"","overlay-type":"","overlay-color":"","overlay-opacity":"","overlay-gradient":""},"tablet":{"background-color":"","background-image":"","background-repeat":"repeat","background-position":"center center","background-size":"auto","background-attachment":"scroll","background-type":"","background-media":"","overlay-type":"","overlay-color":"","overlay-opacity":"","overlay-gradient":""},"mobile":{"background-color":"","background-image":"","background-repeat":"repeat","background-position":"center center","background-size":"auto","background-attachment":"scroll","background-type":"","background-media":"","overlay-type":"","overlay-color":"","overlay-opacity":"","overlay-gradient":""}},"ast-content-background-meta":{"desktop":{"background-color":"var(--ast-global-color-5)","background-image":"","background-repeat":"repeat","background-position":"center center","background-size":"auto","background-attachment":"scroll","background-type":"","background-media":"","overlay-type":"","overlay-color":"","overlay-opacity":"","overlay-gradient":""},"tablet":{"background-color":"var(--ast-global-color-5)","background-image":"","background-repeat":"repeat","background-position":"center center","background-size":"auto","background-attachment":"scroll","background-type":"","background-media":"","overlay-type":"","overlay-color":"","overlay-opacity":"","overlay-gradient":""},"mobile":{"background-color":"var(--ast-global-color-5)","background-image":"","background-repeat":"repeat","background-position":"center center","background-size":"auto","background-attachment":"scroll","background-type":"","background-media":"","overlay-type":"","overlay-color":"","overlay-opacity":"","overlay-gradient":""}}},"product_brand":[],"product_cat":[22,31],"product_tag":[],"class_list":{"0":"post-1948","1":"product","2":"type-product","3":"status-publish","4":"has-post-thumbnail","6":"product_cat-biblias","7":"product_cat-biblias-ntv","8":"desktop-align-left","9":"tablet-align-left","10":"mobile-align-left","12":"first","13":"instock","14":"shipping-taxable","15":"purchasable","16":"product-type-simple"},"yoast_head":"<!-- This site is optimized with the Yoast SEO plugin v27.4 - https:\/\/yoast.com\/product\/yoast-seo-wordpress\/ -->\n<title>Biblia Edici\u00f3n Compacta Caf\u00e9 Latt\u00e9 NTV - tzionlibreria.com<\/title>\n<meta name=\"robots\" content=\"index, follow, max-snippet:-1, max-image-preview:large, max-video-preview:-1\" \/>\n<link rel=\"canonical\" href=\"https:\/\/tzionlibreria.com\/index.php\/product\/biblia-edicion-compacta-cafe-latte-ntv\/\" \/>\n<meta property=\"og:locale\" content=\"es_ES\" \/>\n<meta property=\"og:type\" content=\"article\" \/>\n<meta property=\"og:title\" content=\"Biblia Edici\u00f3n Compacta Caf\u00e9 Latt\u00e9 NTV - tzionlibreria.com\" \/>\n<meta property=\"og:description\" content=\"&nbsp; La Edici\u00f3n compacta de la Nueva Traducci\u00f3n Viviente (NTV) ahora est\u00e1 disponible en una hermosa encuadernaci\u00f3n de tela con cierre de z\u00edper. Esta edici\u00f3n contempor\u00e1nea fue creada los que quieran una Biblia compacta f\u00e1cil de llevar a todo lugar y con un dise\u00f1o totalmente nuevo. Incluye una p\u00e1gina de presentaci\u00f3n.La NTV es una traducci\u00f3n [&hellip;]\" \/>\n<meta property=\"og:url\" content=\"https:\/\/tzionlibreria.com\/index.php\/product\/biblia-edicion-compacta-cafe-latte-ntv\/\" \/>\n<meta property=\"og:site_name\" content=\"tzionlibreria.com\" \/>\n<meta property=\"article:modified_time\" content=\"2025-06-10T17:14:24+00:00\" \/>\n<meta property=\"og:image\" content=\"http:\/\/tzionlibreria.com\/wp-content\/uploads\/2023\/12\/ntv-cafe.jpg\" \/>\n\t<meta property=\"og:image:width\" content=\"1200\" \/>\n\t<meta property=\"og:image:height\" content=\"1200\" \/>\n\t<meta property=\"og:image:type\" content=\"image\/jpeg\" \/>\n<meta name=\"twitter:card\" content=\"summary_large_image\" \/>\n<meta name=\"twitter:label1\" content=\"Tiempo de lectura\" \/>\n\t<meta name=\"twitter:data1\" content=\"2 minutos\" \/>\n<script type=\"application\/ld+json\" class=\"yoast-schema-graph\">{\"@context\":\"https:\\\/\\\/schema.org\",\"@graph\":[{\"@type\":\"WebPage\",\"@id\":\"https:\\\/\\\/tzionlibreria.com\\\/index.php\\\/product\\\/biblia-edicion-compacta-cafe-latte-ntv\\\/\",\"url\":\"https:\\\/\\\/tzionlibreria.com\\\/index.php\\\/product\\\/biblia-edicion-compacta-cafe-latte-ntv\\\/\",\"name\":\"Biblia Edici\u00f3n Compacta Caf\u00e9 Latt\u00e9 NTV - tzionlibreria.com\",\"isPartOf\":{\"@id\":\"https:\\\/\\\/tzionlibreria.com\\\/#website\"},\"primaryImageOfPage\":{\"@id\":\"https:\\\/\\\/tzionlibreria.com\\\/index.php\\\/product\\\/biblia-edicion-compacta-cafe-latte-ntv\\\/#primaryimage\"},\"image\":{\"@id\":\"https:\\\/\\\/tzionlibreria.com\\\/index.php\\\/product\\\/biblia-edicion-compacta-cafe-latte-ntv\\\/#primaryimage\"},\"thumbnailUrl\":\"https:\\\/\\\/tzionlibreria.com\\\/wp-content\\\/uploads\\\/2023\\\/12\\\/ntv-cafe.jpg\",\"datePublished\":\"2023-12-13T15:40:31+00:00\",\"dateModified\":\"2025-06-10T17:14:24+00:00\",\"breadcrumb\":{\"@id\":\"https:\\\/\\\/tzionlibreria.com\\\/index.php\\\/product\\\/biblia-edicion-compacta-cafe-latte-ntv\\\/#breadcrumb\"},\"inLanguage\":\"es-CO\",\"potentialAction\":[{\"@type\":\"ReadAction\",\"target\":[\"https:\\\/\\\/tzionlibreria.com\\\/index.php\\\/product\\\/biblia-edicion-compacta-cafe-latte-ntv\\\/\"]}]},{\"@type\":\"ImageObject\",\"inLanguage\":\"es-CO\",\"@id\":\"https:\\\/\\\/tzionlibreria.com\\\/index.php\\\/product\\\/biblia-edicion-compacta-cafe-latte-ntv\\\/#primaryimage\",\"url\":\"https:\\\/\\\/tzionlibreria.com\\\/wp-content\\\/uploads\\\/2023\\\/12\\\/ntv-cafe.jpg\",\"contentUrl\":\"https:\\\/\\\/tzionlibreria.com\\\/wp-content\\\/uploads\\\/2023\\\/12\\\/ntv-cafe.jpg\",\"width\":1200,\"height\":1200},{\"@type\":\"BreadcrumbList\",\"@id\":\"https:\\\/\\\/tzionlibreria.com\\\/index.php\\\/product\\\/biblia-edicion-compacta-cafe-latte-ntv\\\/#breadcrumb\",\"itemListElement\":[{\"@type\":\"ListItem\",\"position\":1,\"name\":\"Inicio\",\"item\":\"https:\\\/\\\/tzionlibreria.com\\\/\"},{\"@type\":\"ListItem\",\"position\":2,\"name\":\"Shop\",\"item\":\"https:\\\/\\\/tzionlibreria.com\\\/index.php\\\/shop\\\/\"},{\"@type\":\"ListItem\",\"position\":3,\"name\":\"Biblia Edici\u00f3n Compacta Caf\u00e9 Latt\u00e9 NTV\"}]},{\"@type\":\"WebSite\",\"@id\":\"https:\\\/\\\/tzionlibreria.com\\\/#website\",\"url\":\"https:\\\/\\\/tzionlibreria.com\\\/\",\"name\":\"tzionlibreria.com\",\"description\":\"Libreria Cristiana Venezuela\",\"publisher\":{\"@id\":\"https:\\\/\\\/tzionlibreria.com\\\/#organization\"},\"potentialAction\":[{\"@type\":\"SearchAction\",\"target\":{\"@type\":\"EntryPoint\",\"urlTemplate\":\"https:\\\/\\\/tzionlibreria.com\\\/?s={search_term_string}\"},\"query-input\":{\"@type\":\"PropertyValueSpecification\",\"valueRequired\":true,\"valueName\":\"search_term_string\"}}],\"inLanguage\":\"es-CO\"},{\"@type\":\"Organization\",\"@id\":\"https:\\\/\\\/tzionlibreria.com\\\/#organization\",\"name\":\"tzionlibreria.com\",\"url\":\"https:\\\/\\\/tzionlibreria.com\\\/\",\"logo\":{\"@type\":\"ImageObject\",\"inLanguage\":\"es-CO\",\"@id\":\"https:\\\/\\\/tzionlibreria.com\\\/#\\\/schema\\\/logo\\\/image\\\/\",\"url\":\"https:\\\/\\\/tzionlibreria.com\\\/wp-content\\\/uploads\\\/2023\\\/10\\\/cropped-Cuadricula-scaled-1.jpg\",\"contentUrl\":\"https:\\\/\\\/tzionlibreria.com\\\/wp-content\\\/uploads\\\/2023\\\/10\\\/cropped-Cuadricula-scaled-1.jpg\",\"width\":2560,\"height\":2560,\"caption\":\"tzionlibreria.com\"},\"image\":{\"@id\":\"https:\\\/\\\/tzionlibreria.com\\\/#\\\/schema\\\/logo\\\/image\\\/\"}}]}<\/script>\n<!-- \/ Yoast SEO plugin. -->","yoast_head_json":{"title":"Biblia Edici\u00f3n Compacta Caf\u00e9 Latt\u00e9 NTV - tzionlibreria.com","robots":{"index":"index","follow":"follow","max-snippet":"max-snippet:-1","max-image-preview":"max-image-preview:large","max-video-preview":"max-video-preview:-1"},"canonical":"https:\/\/tzionlibreria.com\/index.php\/product\/biblia-edicion-compacta-cafe-latte-ntv\/","og_locale":"es_ES","og_type":"article","og_title":"Biblia Edici\u00f3n Compacta Caf\u00e9 Latt\u00e9 NTV - tzionlibreria.com","og_description":"&nbsp; La Edici\u00f3n compacta de la Nueva Traducci\u00f3n Viviente (NTV) ahora est\u00e1 disponible en una hermosa encuadernaci\u00f3n de tela con cierre de z\u00edper. Esta edici\u00f3n contempor\u00e1nea fue creada los que quieran una Biblia compacta f\u00e1cil de llevar a todo lugar y con un dise\u00f1o totalmente nuevo. Incluye una p\u00e1gina de presentaci\u00f3n.La NTV es una traducci\u00f3n [&hellip;]","og_url":"https:\/\/tzionlibreria.com\/index.php\/product\/biblia-edicion-compacta-cafe-latte-ntv\/","og_site_name":"tzionlibreria.com","article_modified_time":"2025-06-10T17:14:24+00:00","og_image":[{"width":1200,"height":1200,"url":"http:\/\/tzionlibreria.com\/wp-content\/uploads\/2023\/12\/ntv-cafe.jpg","type":"image\/jpeg"}],"twitter_card":"summary_large_image","twitter_misc":{"Tiempo de lectura":"2 minutos"},"schema":{"@context":"https:\/\/schema.org","@graph":[{"@type":"WebPage","@id":"https:\/\/tzionlibreria.com\/index.php\/product\/biblia-edicion-compacta-cafe-latte-ntv\/","url":"https:\/\/tzionlibreria.com\/index.php\/product\/biblia-edicion-compacta-cafe-latte-ntv\/","name":"Biblia Edici\u00f3n Compacta Caf\u00e9 Latt\u00e9 NTV - tzionlibreria.com","isPartOf":{"@id":"https:\/\/tzionlibreria.com\/#website"},"primaryImageOfPage":{"@id":"https:\/\/tzionlibreria.com\/index.php\/product\/biblia-edicion-compacta-cafe-latte-ntv\/#primaryimage"},"image":{"@id":"https:\/\/tzionlibreria.com\/index.php\/product\/biblia-edicion-compacta-cafe-latte-ntv\/#primaryimage"},"thumbnailUrl":"https:\/\/tzionlibreria.com\/wp-content\/uploads\/2023\/12\/ntv-cafe.jpg","datePublished":"2023-12-13T15:40:31+00:00","dateModified":"2025-06-10T17:14:24+00:00","breadcrumb":{"@id":"https:\/\/tzionlibreria.com\/index.php\/product\/biblia-edicion-compacta-cafe-latte-ntv\/#breadcrumb"},"inLanguage":"es-CO","potentialAction":[{"@type":"ReadAction","target":["https:\/\/tzionlibreria.com\/index.php\/product\/biblia-edicion-compacta-cafe-latte-ntv\/"]}]},{"@type":"ImageObject","inLanguage":"es-CO","@id":"https:\/\/tzionlibreria.com\/index.php\/product\/biblia-edicion-compacta-cafe-latte-ntv\/#primaryimage","url":"https:\/\/tzionlibreria.com\/wp-content\/uploads\/2023\/12\/ntv-cafe.jpg","contentUrl":"https:\/\/tzionlibreria.com\/wp-content\/uploads\/2023\/12\/ntv-cafe.jpg","width":1200,"height":1200},{"@type":"BreadcrumbList","@id":"https:\/\/tzionlibreria.com\/index.php\/product\/biblia-edicion-compacta-cafe-latte-ntv\/#breadcrumb","itemListElement":[{"@type":"ListItem","position":1,"name":"Inicio","item":"https:\/\/tzionlibreria.com\/"},{"@type":"ListItem","position":2,"name":"Shop","item":"https:\/\/tzionlibreria.com\/index.php\/shop\/"},{"@type":"ListItem","position":3,"name":"Biblia Edici\u00f3n Compacta Caf\u00e9 Latt\u00e9 NTV"}]},{"@type":"WebSite","@id":"https:\/\/tzionlibreria.com\/#website","url":"https:\/\/tzionlibreria.com\/","name":"tzionlibreria.com","description":"Libreria Cristiana Venezuela","publisher":{"@id":"https:\/\/tzionlibreria.com\/#organization"},"potentialAction":[{"@type":"SearchAction","target":{"@type":"EntryPoint","urlTemplate":"https:\/\/tzionlibreria.com\/?s={search_term_string}"},"query-input":{"@type":"PropertyValueSpecification","valueRequired":true,"valueName":"search_term_string"}}],"inLanguage":"es-CO"},{"@type":"Organization","@id":"https:\/\/tzionlibreria.com\/#organization","name":"tzionlibreria.com","url":"https:\/\/tzionlibreria.com\/","logo":{"@type":"ImageObject","inLanguage":"es-CO","@id":"https:\/\/tzionlibreria.com\/#\/schema\/logo\/image\/","url":"https:\/\/tzionlibreria.com\/wp-content\/uploads\/2023\/10\/cropped-Cuadricula-scaled-1.jpg","contentUrl":"https:\/\/tzionlibreria.com\/wp-content\/uploads\/2023\/10\/cropped-Cuadricula-scaled-1.jpg","width":2560,"height":2560,"caption":"tzionlibreria.com"},"image":{"@id":"https:\/\/tzionlibreria.com\/#\/schema\/logo\/image\/"}}]}},"jetpack_sharing_enabled":true,"_links":{"self":[{"href":"https:\/\/tzionlibreria.com\/index.php\/wp-json\/wp\/v2\/product\/1948","targetHints":{"allow":["GET"]}}],"collection":[{"href":"https:\/\/tzionlibreria.com\/index.php\/wp-json\/wp\/v2\/product"}],"about":[{"href":"https:\/\/tzionlibreria.com\/index.php\/wp-json\/wp\/v2\/types\/product"}],"replies":[{"embeddable":true,"href":"https:\/\/tzionlibreria.com\/index.php\/wp-json\/wp\/v2\/comments?post=1948"}],"wp:featuredmedia":[{"embeddable":true,"href":"https:\/\/tzionlibreria.com\/index.php\/wp-json\/wp\/v2\/media\/1949"}],"wp:attachment":[{"href":"https:\/\/tzionlibreria.com\/index.php\/wp-json\/wp\/v2\/media?parent=1948"}],"wp:term":[{"taxonomy":"product_brand","embeddable":true,"href":"https:\/\/tzionlibreria.com\/index.php\/wp-json\/wp\/v2\/product_brand?post=1948"},{"taxonomy":"product_cat","embeddable":true,"href":"https:\/\/tzionlibreria.com\/index.php\/wp-json\/wp\/v2\/product_cat?post=1948"},{"taxonomy":"product_tag","embeddable":true,"href":"https:\/\/tzionlibreria.com\/index.php\/wp-json\/wp\/v2\/product_tag?post=1948"}],"curies":[{"name":"wp","href":"https:\/\/api.w.org\/{rel}","templated":true}]}}