{"id":1952,"date":"2023-12-13T15:42:54","date_gmt":"2023-12-13T15:42:54","guid":{"rendered":"https:\/\/tzionlibreria.com\/?post_type=product&#038;p=1952"},"modified":"2024-11-02T17:29:54","modified_gmt":"2024-11-02T17:29:54","slug":"biblia-ntv-compacta-azul-biblia-nueva-traduccion-viviente-compacta-azul","status":"publish","type":"product","link":"https:\/\/tzionlibreria.com\/index.php\/product\/biblia-ntv-compacta-azul-biblia-nueva-traduccion-viviente-compacta-azul\/","title":{"rendered":"Biblia NTV Compacta Azul &#8211; Biblia Nueva Traduccion Viviente Compacta Azul"},"content":{"rendered":"<div class=\"ast-oembed-container \" style=\"height: 100%;\"><iframe title=\"Biblia NTV Compacta Azul\" width=\"500\" height=\"281\" src=\"https:\/\/www.youtube.com\/embed\/ZLqwhdP5QfU?feature=oembed\" frameborder=\"0\" allow=\"accelerometer; autoplay; clipboard-write; encrypted-media; gyroscope; picture-in-picture; web-share\" referrerpolicy=\"strict-origin-when-cross-origin\" allowfullscreen><\/iframe><\/div>\n<p>&nbsp;<\/p>\n<p>La Edici\u00f3n compacta de la Nueva Traducci\u00f3n Viviente (NTV) ahora est\u00e1 disponible en una hermosa encuadernaci\u00f3n de tela. Esta edici\u00f3n contempor\u00e1nea fue creada para los que quieran una Biblia compacta f\u00e1cil de llevar a todo lugar y con un dise\u00f1o totalmente nuevo. Incluye una p\u00e1gina de presentaci\u00f3n.<\/p>\n<div><\/div>\n<div>\n<p>La NTV es una traducci\u00f3n excepcional de la Biblia, redactada en un espa\u00f1ol f\u00e1cil de comprender y fiel a los idiomas originales. Es el fruto del trabajo de un equipo de m\u00e1s 50 destacados eruditos de la Biblia. La erudici\u00f3n y la claridad de la NTV le dan vida aun a los pasajes m\u00e1s dif\u00edciles. Sin embargo, lo m\u00e1s impresionante de la NTV son los testimonios de c\u00f3mo esta Biblia est\u00e1 cambiando la vida de las personas al hablarles directamente al coraz\u00f3n. Por eso la llamamos \u00abLA VERDAD CON CLARIDAD\u00bb.<\/p>\n<div><\/div>\n<div>\n<div>Tama\u00f1o de letra: 6 puntos<\/div>\n<div>P\u00e1ginas: 1008<\/div>\n<div><\/div>\n<\/div>\n<div><strong>ISBN<\/strong>: 9781496438881<br \/>\n<strong>Editorial<\/strong>: Tyndale en Espa\u00f1ol<br \/>\n<strong>Dimensiones<\/strong>: 108 x 159 mm<br \/>\n<strong>Cubierta<\/strong>: Flexible Imitaci\u00f3n Piel Azul<br \/>\n<strong>Idioma<\/strong>: Espa\u00f1ol<\/div>\n<\/div>\n","protected":false},"excerpt":{"rendered":"<p>&nbsp; La Edici\u00f3n compacta de la Nueva Traducci\u00f3n Viviente (NTV) ahora est\u00e1 disponible en una hermosa encuadernaci\u00f3n de tela. Esta edici\u00f3n contempor\u00e1nea fue creada para los que quieran una Biblia compacta f\u00e1cil de llevar a todo lugar y con un dise\u00f1o totalmente nuevo. Incluye una p\u00e1gina de presentaci\u00f3n. La NTV es una traducci\u00f3n excepcional de [&hellip;]<\/p>\n","protected":false},"featured_media":1953,"comment_status":"open","ping_status":"closed","template":"","meta":{"om_disable_all_campaigns":false,"_monsterinsights_skip_tracking":false,"_monsterinsights_sitenote_active":false,"_monsterinsights_sitenote_note":"","_monsterinsights_sitenote_category":0,"site-sidebar-layout":"default","site-content-layout":"","ast-site-content-layout":"default","site-content-style":"default","site-sidebar-style":"default","ast-global-header-display":"","ast-banner-title-visibility":"","ast-main-header-display":"","ast-hfb-above-header-display":"","ast-hfb-below-header-display":"","ast-hfb-mobile-header-display":"","site-post-title":"","ast-breadcrumbs-content":"","ast-featured-img":"","footer-sml-layout":"","ast-disable-related-posts":"","theme-transparent-header-meta":"default","adv-header-id-meta":"","stick-header-meta":"","header-above-stick-meta":"","header-main-stick-meta":"","header-below-stick-meta":"","astra-migrate-meta-layouts":"set","ast-page-background-enabled":"default","ast-page-background-meta":{"desktop":{"background-color":"var(--ast-global-color-4)","background-image":"","background-repeat":"repeat","background-position":"center center","background-size":"auto","background-attachment":"scroll","background-type":"","background-media":"","overlay-type":"","overlay-color":"","overlay-opacity":"","overlay-gradient":""},"tablet":{"background-color":"","background-image":"","background-repeat":"repeat","background-position":"center center","background-size":"auto","background-attachment":"scroll","background-type":"","background-media":"","overlay-type":"","overlay-color":"","overlay-opacity":"","overlay-gradient":""},"mobile":{"background-color":"","background-image":"","background-repeat":"repeat","background-position":"center center","background-size":"auto","background-attachment":"scroll","background-type":"","background-media":"","overlay-type":"","overlay-color":"","overlay-opacity":"","overlay-gradient":""}},"ast-content-background-meta":{"desktop":{"background-color":"var(--ast-global-color-5)","background-image":"","background-repeat":"repeat","background-position":"center center","background-size":"auto","background-attachment":"scroll","background-type":"","background-media":"","overlay-type":"","overlay-color":"","overlay-opacity":"","overlay-gradient":""},"tablet":{"background-color":"var(--ast-global-color-5)","background-image":"","background-repeat":"repeat","background-position":"center center","background-size":"auto","background-attachment":"scroll","background-type":"","background-media":"","overlay-type":"","overlay-color":"","overlay-opacity":"","overlay-gradient":""},"mobile":{"background-color":"var(--ast-global-color-5)","background-image":"","background-repeat":"repeat","background-position":"center center","background-size":"auto","background-attachment":"scroll","background-type":"","background-media":"","overlay-type":"","overlay-color":"","overlay-opacity":"","overlay-gradient":""}}},"product_brand":[],"product_cat":[22,31],"product_tag":[],"class_list":{"0":"post-1952","1":"product","2":"type-product","3":"status-publish","4":"has-post-thumbnail","6":"product_cat-biblias","7":"product_cat-biblias-ntv","8":"desktop-align-left","9":"tablet-align-left","10":"mobile-align-left","12":"first","13":"outofstock","14":"shipping-taxable","15":"purchasable","16":"product-type-simple"},"yoast_head":"<!-- This site is optimized with the Yoast SEO plugin v27.4 - https:\/\/yoast.com\/product\/yoast-seo-wordpress\/ -->\n<title>Biblia NTV Compacta Azul - Biblia Nueva Traduccion Viviente Compacta Azul - tzionlibreria.com<\/title>\n<meta name=\"robots\" content=\"index, follow, max-snippet:-1, max-image-preview:large, max-video-preview:-1\" \/>\n<link rel=\"canonical\" href=\"https:\/\/tzionlibreria.com\/index.php\/product\/biblia-ntv-compacta-azul-biblia-nueva-traduccion-viviente-compacta-azul\/\" \/>\n<meta property=\"og:locale\" content=\"es_ES\" \/>\n<meta property=\"og:type\" content=\"article\" \/>\n<meta property=\"og:title\" content=\"Biblia NTV Compacta Azul - Biblia Nueva Traduccion Viviente Compacta Azul - tzionlibreria.com\" \/>\n<meta property=\"og:description\" content=\"&nbsp; La Edici\u00f3n compacta de la Nueva Traducci\u00f3n Viviente (NTV) ahora est\u00e1 disponible en una hermosa encuadernaci\u00f3n de tela. Esta edici\u00f3n contempor\u00e1nea fue creada para los que quieran una Biblia compacta f\u00e1cil de llevar a todo lugar y con un dise\u00f1o totalmente nuevo. Incluye una p\u00e1gina de presentaci\u00f3n. La NTV es una traducci\u00f3n excepcional de [&hellip;]\" \/>\n<meta property=\"og:url\" content=\"https:\/\/tzionlibreria.com\/index.php\/product\/biblia-ntv-compacta-azul-biblia-nueva-traduccion-viviente-compacta-azul\/\" \/>\n<meta property=\"og:site_name\" content=\"tzionlibreria.com\" \/>\n<meta property=\"article:modified_time\" content=\"2024-11-02T17:29:54+00:00\" \/>\n<meta property=\"og:image\" content=\"http:\/\/tzionlibreria.com\/wp-content\/uploads\/2023\/12\/ntv-azul.jpg\" \/>\n\t<meta property=\"og:image:width\" content=\"1200\" \/>\n\t<meta property=\"og:image:height\" content=\"1200\" \/>\n\t<meta property=\"og:image:type\" content=\"image\/jpeg\" \/>\n<meta name=\"twitter:card\" content=\"summary_large_image\" \/>\n<meta name=\"twitter:label1\" content=\"Tiempo de lectura\" \/>\n\t<meta name=\"twitter:data1\" content=\"1 minuto\" \/>\n<script type=\"application\/ld+json\" class=\"yoast-schema-graph\">{\"@context\":\"https:\\\/\\\/schema.org\",\"@graph\":[{\"@type\":\"WebPage\",\"@id\":\"https:\\\/\\\/tzionlibreria.com\\\/index.php\\\/product\\\/biblia-ntv-compacta-azul-biblia-nueva-traduccion-viviente-compacta-azul\\\/\",\"url\":\"https:\\\/\\\/tzionlibreria.com\\\/index.php\\\/product\\\/biblia-ntv-compacta-azul-biblia-nueva-traduccion-viviente-compacta-azul\\\/\",\"name\":\"Biblia NTV Compacta Azul - Biblia Nueva Traduccion Viviente Compacta Azul - tzionlibreria.com\",\"isPartOf\":{\"@id\":\"https:\\\/\\\/tzionlibreria.com\\\/#website\"},\"primaryImageOfPage\":{\"@id\":\"https:\\\/\\\/tzionlibreria.com\\\/index.php\\\/product\\\/biblia-ntv-compacta-azul-biblia-nueva-traduccion-viviente-compacta-azul\\\/#primaryimage\"},\"image\":{\"@id\":\"https:\\\/\\\/tzionlibreria.com\\\/index.php\\\/product\\\/biblia-ntv-compacta-azul-biblia-nueva-traduccion-viviente-compacta-azul\\\/#primaryimage\"},\"thumbnailUrl\":\"https:\\\/\\\/tzionlibreria.com\\\/wp-content\\\/uploads\\\/2023\\\/12\\\/ntv-azul.jpg\",\"datePublished\":\"2023-12-13T15:42:54+00:00\",\"dateModified\":\"2024-11-02T17:29:54+00:00\",\"breadcrumb\":{\"@id\":\"https:\\\/\\\/tzionlibreria.com\\\/index.php\\\/product\\\/biblia-ntv-compacta-azul-biblia-nueva-traduccion-viviente-compacta-azul\\\/#breadcrumb\"},\"inLanguage\":\"es-CO\",\"potentialAction\":[{\"@type\":\"ReadAction\",\"target\":[\"https:\\\/\\\/tzionlibreria.com\\\/index.php\\\/product\\\/biblia-ntv-compacta-azul-biblia-nueva-traduccion-viviente-compacta-azul\\\/\"]}]},{\"@type\":\"ImageObject\",\"inLanguage\":\"es-CO\",\"@id\":\"https:\\\/\\\/tzionlibreria.com\\\/index.php\\\/product\\\/biblia-ntv-compacta-azul-biblia-nueva-traduccion-viviente-compacta-azul\\\/#primaryimage\",\"url\":\"https:\\\/\\\/tzionlibreria.com\\\/wp-content\\\/uploads\\\/2023\\\/12\\\/ntv-azul.jpg\",\"contentUrl\":\"https:\\\/\\\/tzionlibreria.com\\\/wp-content\\\/uploads\\\/2023\\\/12\\\/ntv-azul.jpg\",\"width\":1200,\"height\":1200},{\"@type\":\"BreadcrumbList\",\"@id\":\"https:\\\/\\\/tzionlibreria.com\\\/index.php\\\/product\\\/biblia-ntv-compacta-azul-biblia-nueva-traduccion-viviente-compacta-azul\\\/#breadcrumb\",\"itemListElement\":[{\"@type\":\"ListItem\",\"position\":1,\"name\":\"Inicio\",\"item\":\"https:\\\/\\\/tzionlibreria.com\\\/\"},{\"@type\":\"ListItem\",\"position\":2,\"name\":\"Shop\",\"item\":\"https:\\\/\\\/tzionlibreria.com\\\/index.php\\\/shop\\\/\"},{\"@type\":\"ListItem\",\"position\":3,\"name\":\"Biblia NTV Compacta Azul &#8211; Biblia Nueva Traduccion Viviente Compacta Azul\"}]},{\"@type\":\"WebSite\",\"@id\":\"https:\\\/\\\/tzionlibreria.com\\\/#website\",\"url\":\"https:\\\/\\\/tzionlibreria.com\\\/\",\"name\":\"tzionlibreria.com\",\"description\":\"Libreria Cristiana Venezuela\",\"publisher\":{\"@id\":\"https:\\\/\\\/tzionlibreria.com\\\/#organization\"},\"potentialAction\":[{\"@type\":\"SearchAction\",\"target\":{\"@type\":\"EntryPoint\",\"urlTemplate\":\"https:\\\/\\\/tzionlibreria.com\\\/?s={search_term_string}\"},\"query-input\":{\"@type\":\"PropertyValueSpecification\",\"valueRequired\":true,\"valueName\":\"search_term_string\"}}],\"inLanguage\":\"es-CO\"},{\"@type\":\"Organization\",\"@id\":\"https:\\\/\\\/tzionlibreria.com\\\/#organization\",\"name\":\"tzionlibreria.com\",\"url\":\"https:\\\/\\\/tzionlibreria.com\\\/\",\"logo\":{\"@type\":\"ImageObject\",\"inLanguage\":\"es-CO\",\"@id\":\"https:\\\/\\\/tzionlibreria.com\\\/#\\\/schema\\\/logo\\\/image\\\/\",\"url\":\"https:\\\/\\\/tzionlibreria.com\\\/wp-content\\\/uploads\\\/2023\\\/10\\\/cropped-Cuadricula-scaled-1.jpg\",\"contentUrl\":\"https:\\\/\\\/tzionlibreria.com\\\/wp-content\\\/uploads\\\/2023\\\/10\\\/cropped-Cuadricula-scaled-1.jpg\",\"width\":2560,\"height\":2560,\"caption\":\"tzionlibreria.com\"},\"image\":{\"@id\":\"https:\\\/\\\/tzionlibreria.com\\\/#\\\/schema\\\/logo\\\/image\\\/\"}}]}<\/script>\n<!-- \/ Yoast SEO plugin. -->","yoast_head_json":{"title":"Biblia NTV Compacta Azul - Biblia Nueva Traduccion Viviente Compacta Azul - tzionlibreria.com","robots":{"index":"index","follow":"follow","max-snippet":"max-snippet:-1","max-image-preview":"max-image-preview:large","max-video-preview":"max-video-preview:-1"},"canonical":"https:\/\/tzionlibreria.com\/index.php\/product\/biblia-ntv-compacta-azul-biblia-nueva-traduccion-viviente-compacta-azul\/","og_locale":"es_ES","og_type":"article","og_title":"Biblia NTV Compacta Azul - Biblia Nueva Traduccion Viviente Compacta Azul - tzionlibreria.com","og_description":"&nbsp; La Edici\u00f3n compacta de la Nueva Traducci\u00f3n Viviente (NTV) ahora est\u00e1 disponible en una hermosa encuadernaci\u00f3n de tela. Esta edici\u00f3n contempor\u00e1nea fue creada para los que quieran una Biblia compacta f\u00e1cil de llevar a todo lugar y con un dise\u00f1o totalmente nuevo. Incluye una p\u00e1gina de presentaci\u00f3n. La NTV es una traducci\u00f3n excepcional de [&hellip;]","og_url":"https:\/\/tzionlibreria.com\/index.php\/product\/biblia-ntv-compacta-azul-biblia-nueva-traduccion-viviente-compacta-azul\/","og_site_name":"tzionlibreria.com","article_modified_time":"2024-11-02T17:29:54+00:00","og_image":[{"width":1200,"height":1200,"url":"http:\/\/tzionlibreria.com\/wp-content\/uploads\/2023\/12\/ntv-azul.jpg","type":"image\/jpeg"}],"twitter_card":"summary_large_image","twitter_misc":{"Tiempo de lectura":"1 minuto"},"schema":{"@context":"https:\/\/schema.org","@graph":[{"@type":"WebPage","@id":"https:\/\/tzionlibreria.com\/index.php\/product\/biblia-ntv-compacta-azul-biblia-nueva-traduccion-viviente-compacta-azul\/","url":"https:\/\/tzionlibreria.com\/index.php\/product\/biblia-ntv-compacta-azul-biblia-nueva-traduccion-viviente-compacta-azul\/","name":"Biblia NTV Compacta Azul - Biblia Nueva Traduccion Viviente Compacta Azul - tzionlibreria.com","isPartOf":{"@id":"https:\/\/tzionlibreria.com\/#website"},"primaryImageOfPage":{"@id":"https:\/\/tzionlibreria.com\/index.php\/product\/biblia-ntv-compacta-azul-biblia-nueva-traduccion-viviente-compacta-azul\/#primaryimage"},"image":{"@id":"https:\/\/tzionlibreria.com\/index.php\/product\/biblia-ntv-compacta-azul-biblia-nueva-traduccion-viviente-compacta-azul\/#primaryimage"},"thumbnailUrl":"https:\/\/tzionlibreria.com\/wp-content\/uploads\/2023\/12\/ntv-azul.jpg","datePublished":"2023-12-13T15:42:54+00:00","dateModified":"2024-11-02T17:29:54+00:00","breadcrumb":{"@id":"https:\/\/tzionlibreria.com\/index.php\/product\/biblia-ntv-compacta-azul-biblia-nueva-traduccion-viviente-compacta-azul\/#breadcrumb"},"inLanguage":"es-CO","potentialAction":[{"@type":"ReadAction","target":["https:\/\/tzionlibreria.com\/index.php\/product\/biblia-ntv-compacta-azul-biblia-nueva-traduccion-viviente-compacta-azul\/"]}]},{"@type":"ImageObject","inLanguage":"es-CO","@id":"https:\/\/tzionlibreria.com\/index.php\/product\/biblia-ntv-compacta-azul-biblia-nueva-traduccion-viviente-compacta-azul\/#primaryimage","url":"https:\/\/tzionlibreria.com\/wp-content\/uploads\/2023\/12\/ntv-azul.jpg","contentUrl":"https:\/\/tzionlibreria.com\/wp-content\/uploads\/2023\/12\/ntv-azul.jpg","width":1200,"height":1200},{"@type":"BreadcrumbList","@id":"https:\/\/tzionlibreria.com\/index.php\/product\/biblia-ntv-compacta-azul-biblia-nueva-traduccion-viviente-compacta-azul\/#breadcrumb","itemListElement":[{"@type":"ListItem","position":1,"name":"Inicio","item":"https:\/\/tzionlibreria.com\/"},{"@type":"ListItem","position":2,"name":"Shop","item":"https:\/\/tzionlibreria.com\/index.php\/shop\/"},{"@type":"ListItem","position":3,"name":"Biblia NTV Compacta Azul &#8211; Biblia Nueva Traduccion Viviente Compacta Azul"}]},{"@type":"WebSite","@id":"https:\/\/tzionlibreria.com\/#website","url":"https:\/\/tzionlibreria.com\/","name":"tzionlibreria.com","description":"Libreria Cristiana Venezuela","publisher":{"@id":"https:\/\/tzionlibreria.com\/#organization"},"potentialAction":[{"@type":"SearchAction","target":{"@type":"EntryPoint","urlTemplate":"https:\/\/tzionlibreria.com\/?s={search_term_string}"},"query-input":{"@type":"PropertyValueSpecification","valueRequired":true,"valueName":"search_term_string"}}],"inLanguage":"es-CO"},{"@type":"Organization","@id":"https:\/\/tzionlibreria.com\/#organization","name":"tzionlibreria.com","url":"https:\/\/tzionlibreria.com\/","logo":{"@type":"ImageObject","inLanguage":"es-CO","@id":"https:\/\/tzionlibreria.com\/#\/schema\/logo\/image\/","url":"https:\/\/tzionlibreria.com\/wp-content\/uploads\/2023\/10\/cropped-Cuadricula-scaled-1.jpg","contentUrl":"https:\/\/tzionlibreria.com\/wp-content\/uploads\/2023\/10\/cropped-Cuadricula-scaled-1.jpg","width":2560,"height":2560,"caption":"tzionlibreria.com"},"image":{"@id":"https:\/\/tzionlibreria.com\/#\/schema\/logo\/image\/"}}]}},"jetpack_sharing_enabled":true,"_links":{"self":[{"href":"https:\/\/tzionlibreria.com\/index.php\/wp-json\/wp\/v2\/product\/1952","targetHints":{"allow":["GET"]}}],"collection":[{"href":"https:\/\/tzionlibreria.com\/index.php\/wp-json\/wp\/v2\/product"}],"about":[{"href":"https:\/\/tzionlibreria.com\/index.php\/wp-json\/wp\/v2\/types\/product"}],"replies":[{"embeddable":true,"href":"https:\/\/tzionlibreria.com\/index.php\/wp-json\/wp\/v2\/comments?post=1952"}],"wp:featuredmedia":[{"embeddable":true,"href":"https:\/\/tzionlibreria.com\/index.php\/wp-json\/wp\/v2\/media\/1953"}],"wp:attachment":[{"href":"https:\/\/tzionlibreria.com\/index.php\/wp-json\/wp\/v2\/media?parent=1952"}],"wp:term":[{"taxonomy":"product_brand","embeddable":true,"href":"https:\/\/tzionlibreria.com\/index.php\/wp-json\/wp\/v2\/product_brand?post=1952"},{"taxonomy":"product_cat","embeddable":true,"href":"https:\/\/tzionlibreria.com\/index.php\/wp-json\/wp\/v2\/product_cat?post=1952"},{"taxonomy":"product_tag","embeddable":true,"href":"https:\/\/tzionlibreria.com\/index.php\/wp-json\/wp\/v2\/product_tag?post=1952"}],"curies":[{"name":"wp","href":"https:\/\/api.w.org\/{rel}","templated":true}]}}