{"id":1984,"date":"2023-12-13T16:37:12","date_gmt":"2023-12-13T16:37:12","guid":{"rendered":"https:\/\/tzionlibreria.com\/?post_type=product&#038;p=1984"},"modified":"2024-02-29T13:44:53","modified_gmt":"2024-02-29T13:44:53","slug":"biblia-rvr-1960-con-indice-canto-plateada-con-cierre-rosa-fucsia","status":"publish","type":"product","link":"https:\/\/tzionlibreria.com\/index.php\/product\/biblia-rvr-1960-con-indice-canto-plateada-con-cierre-rosa-fucsia\/","title":{"rendered":"Biblia RVR 1960 Con Indice Canto plateada Con Cierre Rosa Fucsia"},"content":{"rendered":"<div class=\"ast-oembed-container \" style=\"height: 100%;\"><iframe title=\"Biblias L\u00ednea de Lujo Negro - Turquesa - Rosado - Cierre con \u00cdndice RVR 1960\" width=\"500\" height=\"281\" src=\"https:\/\/www.youtube.com\/embed\/3Yw80kLZkGc?feature=oembed\" frameborder=\"0\" allow=\"accelerometer; autoplay; clipboard-write; encrypted-media; gyroscope; picture-in-picture; web-share\" referrerpolicy=\"strict-origin-when-cross-origin\" allowfullscreen><\/iframe><\/div>\n<p>&nbsp;<\/p>\n<p>La versi\u00f3n Reina-Valera 1960 es \u00fanica en su g\u00e9nero y ha llegado a ser una traducci\u00f3n cl\u00e1sica que se ha convertido en el texto b\u00edblico preferido de cientos de miles de lectores. La Reina Valera en una hermosa presentaci\u00f3n pensada totalmente en mujeres de hoy, materiales flexibles y resistentes, dise\u00f1os de colores llamativos. En un tama\u00f1o f\u00e1cil de llevar a cualquier lugar. Con excelentes herramientas para aprender m\u00e1s del estudio de la Palabra.<\/p>\n<div><\/div>\n<div><strong>Contiene :\u00a0<\/strong><\/div>\n<div>\n<ul>\n<li>Con cierre e indice<\/li>\n<li>Cuenta con un nuevo dise\u00f1o (floral) y nueva tipograf\u00eda con mejor legibilidad<\/li>\n<li>Todo el contenido y dise\u00f1o va a dos colores<\/li>\n<li>Canto plateado<\/li>\n<li>C\u00f3mo leer la Biblia<\/li>\n<li>La Biblia en un a\u00f1o<\/li>\n<li>Pasajes famosos de la Biblia<\/li>\n<li>Lo que dice la Biblia acerca del Perd\u00f3n de Dios<\/li>\n<li>Concordancia<\/li>\n<li>Mapas<\/li>\n<li>Cubierta imitaci\u00f3n piel, flexible, repujada<\/li>\n<li>Con cremallera.Cinta separadora<\/li>\n<li>Canto plateado\u00a0 dorado.<\/li>\n<li>Palabras de Jes\u00fas en rojo<\/li>\n<li>Concordancia<\/li>\n<\/ul>\n<div id=\"ctl00_ucPDTabs_ctl02_fs\" class=\"ProductDetailGroup system-properties\"><strong>ISBN<\/strong>: 9789587456653<br \/>\n<strong>Editorial<\/strong>:\u00a0S.B.U<br \/>\n<strong>Dimensiones<\/strong>: 11 x 16 x 4 cm<br \/>\n<strong>Peso<\/strong>: 0,440kg<br \/>\n<strong>Cubierta<\/strong>: Imitaci\u00f3n Piel<br \/>\n<strong>N\u00famero de p\u00e1ginas<\/strong>: 1760<br \/>\n<strong>Idioma<\/strong>: Espa\u00f1ol<\/div>\n<div id=\"ctl00_ucPDTabs_ctl03_fs\" class=\"ProductDetailGroup\"><strong>Versi\u00f3n:<\/strong>\u00a0RVR1960<br \/>\n<strong>Caracter\u00edsticas Adicionales:<\/strong>\u00a0Cinta Marcadora<br \/>\n<strong>Caracter\u00edsticas Adicionales:<\/strong>\u00a0Concordancia<br \/>\n<strong>Caracter\u00edsticas Adicionales:<\/strong>\u00a0Palabras de Jes\u00fas en Rojo<br \/>\n<strong>Caracter\u00edsticas Adicionales:<\/strong>\u00a0Mapas<br \/>\n<strong>Caracter\u00edsticas Adicionales:<\/strong>\u00a0Plan de Lectura<br \/>\n<strong>Caracter\u00edsticas Adicionales:<\/strong>\u00a0Tabla de Pesos y Medidas<br \/>\n<strong>Caracter\u00edsticas Adicionales:<\/strong>\u00a0Pasaje Famosos<br \/>\n<strong>Caracter\u00edsticas Adicionales:<\/strong>\u00a0C\u00f3mo Leer la Biblia<br \/>\n<strong>Caracter\u00edsticas Adicionales:<\/strong>\u00a0Lea la Biblia en 365 D\u00edas<br \/>\n<strong>Color:<\/strong>\u00a0Rosa \/ Fucsia<br \/>\n<strong>Canto:<\/strong>\u00a0Plateado<\/div>\n<\/div>\n","protected":false},"excerpt":{"rendered":"<p>&nbsp; La versi\u00f3n Reina-Valera 1960 es \u00fanica en su g\u00e9nero y ha llegado a ser una traducci\u00f3n cl\u00e1sica que se ha convertido en el texto b\u00edblico preferido de cientos de miles de lectores. La Reina Valera en una hermosa presentaci\u00f3n pensada totalmente en mujeres de hoy, materiales flexibles y resistentes, dise\u00f1os de colores llamativos. En [&hellip;]<\/p>\n","protected":false},"featured_media":1985,"comment_status":"open","ping_status":"closed","template":"","meta":{"om_disable_all_campaigns":false,"_monsterinsights_skip_tracking":false,"_monsterinsights_sitenote_active":false,"_monsterinsights_sitenote_note":"","_monsterinsights_sitenote_category":0,"site-sidebar-layout":"default","site-content-layout":"","ast-site-content-layout":"default","site-content-style":"default","site-sidebar-style":"default","ast-global-header-display":"","ast-banner-title-visibility":"","ast-main-header-display":"","ast-hfb-above-header-display":"","ast-hfb-below-header-display":"","ast-hfb-mobile-header-display":"","site-post-title":"","ast-breadcrumbs-content":"","ast-featured-img":"","footer-sml-layout":"","ast-disable-related-posts":"","theme-transparent-header-meta":"default","adv-header-id-meta":"","stick-header-meta":"","header-above-stick-meta":"","header-main-stick-meta":"","header-below-stick-meta":"","astra-migrate-meta-layouts":"set","ast-page-background-enabled":"default","ast-page-background-meta":{"desktop":{"background-color":"var(--ast-global-color-4)","background-image":"","background-repeat":"repeat","background-position":"center center","background-size":"auto","background-attachment":"scroll","background-type":"","background-media":"","overlay-type":"","overlay-color":"","overlay-opacity":"","overlay-gradient":""},"tablet":{"background-color":"","background-image":"","background-repeat":"repeat","background-position":"center center","background-size":"auto","background-attachment":"scroll","background-type":"","background-media":"","overlay-type":"","overlay-color":"","overlay-opacity":"","overlay-gradient":""},"mobile":{"background-color":"","background-image":"","background-repeat":"repeat","background-position":"center center","background-size":"auto","background-attachment":"scroll","background-type":"","background-media":"","overlay-type":"","overlay-color":"","overlay-opacity":"","overlay-gradient":""}},"ast-content-background-meta":{"desktop":{"background-color":"var(--ast-global-color-5)","background-image":"","background-repeat":"repeat","background-position":"center center","background-size":"auto","background-attachment":"scroll","background-type":"","background-media":"","overlay-type":"","overlay-color":"","overlay-opacity":"","overlay-gradient":""},"tablet":{"background-color":"var(--ast-global-color-5)","background-image":"","background-repeat":"repeat","background-position":"center center","background-size":"auto","background-attachment":"scroll","background-type":"","background-media":"","overlay-type":"","overlay-color":"","overlay-opacity":"","overlay-gradient":""},"mobile":{"background-color":"var(--ast-global-color-5)","background-image":"","background-repeat":"repeat","background-position":"center center","background-size":"auto","background-attachment":"scroll","background-type":"","background-media":"","overlay-type":"","overlay-color":"","overlay-opacity":"","overlay-gradient":""}}},"product_brand":[],"product_cat":[22,42],"product_tag":[],"class_list":{"0":"post-1984","1":"product","2":"type-product","3":"status-publish","4":"has-post-thumbnail","6":"product_cat-biblias","7":"product_cat-biblias-reina-valera","8":"desktop-align-left","9":"tablet-align-left","10":"mobile-align-left","12":"first","13":"instock","14":"shipping-taxable","15":"purchasable","16":"product-type-simple"},"yoast_head":"<!-- This site is optimized with the Yoast SEO plugin v27.4 - https:\/\/yoast.com\/product\/yoast-seo-wordpress\/ -->\n<title>Biblia RVR 1960 Con Indice Canto plateada Con Cierre Rosa Fucsia - tzionlibreria.com<\/title>\n<meta name=\"robots\" content=\"index, follow, max-snippet:-1, max-image-preview:large, max-video-preview:-1\" \/>\n<link rel=\"canonical\" href=\"https:\/\/tzionlibreria.com\/index.php\/product\/biblia-rvr-1960-con-indice-canto-plateada-con-cierre-rosa-fucsia\/\" \/>\n<meta property=\"og:locale\" content=\"es_ES\" \/>\n<meta property=\"og:type\" content=\"article\" \/>\n<meta property=\"og:title\" content=\"Biblia RVR 1960 Con Indice Canto plateada Con Cierre Rosa Fucsia - tzionlibreria.com\" \/>\n<meta property=\"og:description\" content=\"&nbsp; La versi\u00f3n Reina-Valera 1960 es \u00fanica en su g\u00e9nero y ha llegado a ser una traducci\u00f3n cl\u00e1sica que se ha convertido en el texto b\u00edblico preferido de cientos de miles de lectores. La Reina Valera en una hermosa presentaci\u00f3n pensada totalmente en mujeres de hoy, materiales flexibles y resistentes, dise\u00f1os de colores llamativos. En [&hellip;]\" \/>\n<meta property=\"og:url\" content=\"https:\/\/tzionlibreria.com\/index.php\/product\/biblia-rvr-1960-con-indice-canto-plateada-con-cierre-rosa-fucsia\/\" \/>\n<meta property=\"og:site_name\" content=\"tzionlibreria.com\" \/>\n<meta property=\"article:modified_time\" content=\"2024-02-29T13:44:53+00:00\" \/>\n<meta property=\"og:image\" content=\"http:\/\/tzionlibreria.com\/wp-content\/uploads\/2023\/12\/fucsia-rosa.jpg\" \/>\n\t<meta property=\"og:image:width\" content=\"1200\" \/>\n\t<meta property=\"og:image:height\" content=\"1200\" \/>\n\t<meta property=\"og:image:type\" content=\"image\/jpeg\" \/>\n<meta name=\"twitter:card\" content=\"summary_large_image\" \/>\n<meta name=\"twitter:label1\" content=\"Tiempo de lectura\" \/>\n\t<meta name=\"twitter:data1\" content=\"2 minutos\" \/>\n<script type=\"application\/ld+json\" class=\"yoast-schema-graph\">{\"@context\":\"https:\\\/\\\/schema.org\",\"@graph\":[{\"@type\":\"WebPage\",\"@id\":\"https:\\\/\\\/tzionlibreria.com\\\/index.php\\\/product\\\/biblia-rvr-1960-con-indice-canto-plateada-con-cierre-rosa-fucsia\\\/\",\"url\":\"https:\\\/\\\/tzionlibreria.com\\\/index.php\\\/product\\\/biblia-rvr-1960-con-indice-canto-plateada-con-cierre-rosa-fucsia\\\/\",\"name\":\"Biblia RVR 1960 Con Indice Canto plateada Con Cierre Rosa Fucsia - tzionlibreria.com\",\"isPartOf\":{\"@id\":\"https:\\\/\\\/tzionlibreria.com\\\/#website\"},\"primaryImageOfPage\":{\"@id\":\"https:\\\/\\\/tzionlibreria.com\\\/index.php\\\/product\\\/biblia-rvr-1960-con-indice-canto-plateada-con-cierre-rosa-fucsia\\\/#primaryimage\"},\"image\":{\"@id\":\"https:\\\/\\\/tzionlibreria.com\\\/index.php\\\/product\\\/biblia-rvr-1960-con-indice-canto-plateada-con-cierre-rosa-fucsia\\\/#primaryimage\"},\"thumbnailUrl\":\"https:\\\/\\\/tzionlibreria.com\\\/wp-content\\\/uploads\\\/2023\\\/12\\\/fucsia-rosa.jpg\",\"datePublished\":\"2023-12-13T16:37:12+00:00\",\"dateModified\":\"2024-02-29T13:44:53+00:00\",\"breadcrumb\":{\"@id\":\"https:\\\/\\\/tzionlibreria.com\\\/index.php\\\/product\\\/biblia-rvr-1960-con-indice-canto-plateada-con-cierre-rosa-fucsia\\\/#breadcrumb\"},\"inLanguage\":\"es-CO\",\"potentialAction\":[{\"@type\":\"ReadAction\",\"target\":[\"https:\\\/\\\/tzionlibreria.com\\\/index.php\\\/product\\\/biblia-rvr-1960-con-indice-canto-plateada-con-cierre-rosa-fucsia\\\/\"]}]},{\"@type\":\"ImageObject\",\"inLanguage\":\"es-CO\",\"@id\":\"https:\\\/\\\/tzionlibreria.com\\\/index.php\\\/product\\\/biblia-rvr-1960-con-indice-canto-plateada-con-cierre-rosa-fucsia\\\/#primaryimage\",\"url\":\"https:\\\/\\\/tzionlibreria.com\\\/wp-content\\\/uploads\\\/2023\\\/12\\\/fucsia-rosa.jpg\",\"contentUrl\":\"https:\\\/\\\/tzionlibreria.com\\\/wp-content\\\/uploads\\\/2023\\\/12\\\/fucsia-rosa.jpg\",\"width\":1200,\"height\":1200},{\"@type\":\"BreadcrumbList\",\"@id\":\"https:\\\/\\\/tzionlibreria.com\\\/index.php\\\/product\\\/biblia-rvr-1960-con-indice-canto-plateada-con-cierre-rosa-fucsia\\\/#breadcrumb\",\"itemListElement\":[{\"@type\":\"ListItem\",\"position\":1,\"name\":\"Inicio\",\"item\":\"https:\\\/\\\/tzionlibreria.com\\\/\"},{\"@type\":\"ListItem\",\"position\":2,\"name\":\"Shop\",\"item\":\"https:\\\/\\\/tzionlibreria.com\\\/index.php\\\/shop\\\/\"},{\"@type\":\"ListItem\",\"position\":3,\"name\":\"Biblia RVR 1960 Con Indice Canto plateada Con Cierre Rosa Fucsia\"}]},{\"@type\":\"WebSite\",\"@id\":\"https:\\\/\\\/tzionlibreria.com\\\/#website\",\"url\":\"https:\\\/\\\/tzionlibreria.com\\\/\",\"name\":\"tzionlibreria.com\",\"description\":\"Libreria Cristiana Venezuela\",\"publisher\":{\"@id\":\"https:\\\/\\\/tzionlibreria.com\\\/#organization\"},\"potentialAction\":[{\"@type\":\"SearchAction\",\"target\":{\"@type\":\"EntryPoint\",\"urlTemplate\":\"https:\\\/\\\/tzionlibreria.com\\\/?s={search_term_string}\"},\"query-input\":{\"@type\":\"PropertyValueSpecification\",\"valueRequired\":true,\"valueName\":\"search_term_string\"}}],\"inLanguage\":\"es-CO\"},{\"@type\":\"Organization\",\"@id\":\"https:\\\/\\\/tzionlibreria.com\\\/#organization\",\"name\":\"tzionlibreria.com\",\"url\":\"https:\\\/\\\/tzionlibreria.com\\\/\",\"logo\":{\"@type\":\"ImageObject\",\"inLanguage\":\"es-CO\",\"@id\":\"https:\\\/\\\/tzionlibreria.com\\\/#\\\/schema\\\/logo\\\/image\\\/\",\"url\":\"https:\\\/\\\/tzionlibreria.com\\\/wp-content\\\/uploads\\\/2023\\\/10\\\/cropped-Cuadricula-scaled-1.jpg\",\"contentUrl\":\"https:\\\/\\\/tzionlibreria.com\\\/wp-content\\\/uploads\\\/2023\\\/10\\\/cropped-Cuadricula-scaled-1.jpg\",\"width\":2560,\"height\":2560,\"caption\":\"tzionlibreria.com\"},\"image\":{\"@id\":\"https:\\\/\\\/tzionlibreria.com\\\/#\\\/schema\\\/logo\\\/image\\\/\"}}]}<\/script>\n<!-- \/ Yoast SEO plugin. -->","yoast_head_json":{"title":"Biblia RVR 1960 Con Indice Canto plateada Con Cierre Rosa Fucsia - tzionlibreria.com","robots":{"index":"index","follow":"follow","max-snippet":"max-snippet:-1","max-image-preview":"max-image-preview:large","max-video-preview":"max-video-preview:-1"},"canonical":"https:\/\/tzionlibreria.com\/index.php\/product\/biblia-rvr-1960-con-indice-canto-plateada-con-cierre-rosa-fucsia\/","og_locale":"es_ES","og_type":"article","og_title":"Biblia RVR 1960 Con Indice Canto plateada Con Cierre Rosa Fucsia - tzionlibreria.com","og_description":"&nbsp; La versi\u00f3n Reina-Valera 1960 es \u00fanica en su g\u00e9nero y ha llegado a ser una traducci\u00f3n cl\u00e1sica que se ha convertido en el texto b\u00edblico preferido de cientos de miles de lectores. La Reina Valera en una hermosa presentaci\u00f3n pensada totalmente en mujeres de hoy, materiales flexibles y resistentes, dise\u00f1os de colores llamativos. En [&hellip;]","og_url":"https:\/\/tzionlibreria.com\/index.php\/product\/biblia-rvr-1960-con-indice-canto-plateada-con-cierre-rosa-fucsia\/","og_site_name":"tzionlibreria.com","article_modified_time":"2024-02-29T13:44:53+00:00","og_image":[{"width":1200,"height":1200,"url":"http:\/\/tzionlibreria.com\/wp-content\/uploads\/2023\/12\/fucsia-rosa.jpg","type":"image\/jpeg"}],"twitter_card":"summary_large_image","twitter_misc":{"Tiempo de lectura":"2 minutos"},"schema":{"@context":"https:\/\/schema.org","@graph":[{"@type":"WebPage","@id":"https:\/\/tzionlibreria.com\/index.php\/product\/biblia-rvr-1960-con-indice-canto-plateada-con-cierre-rosa-fucsia\/","url":"https:\/\/tzionlibreria.com\/index.php\/product\/biblia-rvr-1960-con-indice-canto-plateada-con-cierre-rosa-fucsia\/","name":"Biblia RVR 1960 Con Indice Canto plateada Con Cierre Rosa Fucsia - tzionlibreria.com","isPartOf":{"@id":"https:\/\/tzionlibreria.com\/#website"},"primaryImageOfPage":{"@id":"https:\/\/tzionlibreria.com\/index.php\/product\/biblia-rvr-1960-con-indice-canto-plateada-con-cierre-rosa-fucsia\/#primaryimage"},"image":{"@id":"https:\/\/tzionlibreria.com\/index.php\/product\/biblia-rvr-1960-con-indice-canto-plateada-con-cierre-rosa-fucsia\/#primaryimage"},"thumbnailUrl":"https:\/\/tzionlibreria.com\/wp-content\/uploads\/2023\/12\/fucsia-rosa.jpg","datePublished":"2023-12-13T16:37:12+00:00","dateModified":"2024-02-29T13:44:53+00:00","breadcrumb":{"@id":"https:\/\/tzionlibreria.com\/index.php\/product\/biblia-rvr-1960-con-indice-canto-plateada-con-cierre-rosa-fucsia\/#breadcrumb"},"inLanguage":"es-CO","potentialAction":[{"@type":"ReadAction","target":["https:\/\/tzionlibreria.com\/index.php\/product\/biblia-rvr-1960-con-indice-canto-plateada-con-cierre-rosa-fucsia\/"]}]},{"@type":"ImageObject","inLanguage":"es-CO","@id":"https:\/\/tzionlibreria.com\/index.php\/product\/biblia-rvr-1960-con-indice-canto-plateada-con-cierre-rosa-fucsia\/#primaryimage","url":"https:\/\/tzionlibreria.com\/wp-content\/uploads\/2023\/12\/fucsia-rosa.jpg","contentUrl":"https:\/\/tzionlibreria.com\/wp-content\/uploads\/2023\/12\/fucsia-rosa.jpg","width":1200,"height":1200},{"@type":"BreadcrumbList","@id":"https:\/\/tzionlibreria.com\/index.php\/product\/biblia-rvr-1960-con-indice-canto-plateada-con-cierre-rosa-fucsia\/#breadcrumb","itemListElement":[{"@type":"ListItem","position":1,"name":"Inicio","item":"https:\/\/tzionlibreria.com\/"},{"@type":"ListItem","position":2,"name":"Shop","item":"https:\/\/tzionlibreria.com\/index.php\/shop\/"},{"@type":"ListItem","position":3,"name":"Biblia RVR 1960 Con Indice Canto plateada Con Cierre Rosa Fucsia"}]},{"@type":"WebSite","@id":"https:\/\/tzionlibreria.com\/#website","url":"https:\/\/tzionlibreria.com\/","name":"tzionlibreria.com","description":"Libreria Cristiana Venezuela","publisher":{"@id":"https:\/\/tzionlibreria.com\/#organization"},"potentialAction":[{"@type":"SearchAction","target":{"@type":"EntryPoint","urlTemplate":"https:\/\/tzionlibreria.com\/?s={search_term_string}"},"query-input":{"@type":"PropertyValueSpecification","valueRequired":true,"valueName":"search_term_string"}}],"inLanguage":"es-CO"},{"@type":"Organization","@id":"https:\/\/tzionlibreria.com\/#organization","name":"tzionlibreria.com","url":"https:\/\/tzionlibreria.com\/","logo":{"@type":"ImageObject","inLanguage":"es-CO","@id":"https:\/\/tzionlibreria.com\/#\/schema\/logo\/image\/","url":"https:\/\/tzionlibreria.com\/wp-content\/uploads\/2023\/10\/cropped-Cuadricula-scaled-1.jpg","contentUrl":"https:\/\/tzionlibreria.com\/wp-content\/uploads\/2023\/10\/cropped-Cuadricula-scaled-1.jpg","width":2560,"height":2560,"caption":"tzionlibreria.com"},"image":{"@id":"https:\/\/tzionlibreria.com\/#\/schema\/logo\/image\/"}}]}},"jetpack_sharing_enabled":true,"_links":{"self":[{"href":"https:\/\/tzionlibreria.com\/index.php\/wp-json\/wp\/v2\/product\/1984","targetHints":{"allow":["GET"]}}],"collection":[{"href":"https:\/\/tzionlibreria.com\/index.php\/wp-json\/wp\/v2\/product"}],"about":[{"href":"https:\/\/tzionlibreria.com\/index.php\/wp-json\/wp\/v2\/types\/product"}],"replies":[{"embeddable":true,"href":"https:\/\/tzionlibreria.com\/index.php\/wp-json\/wp\/v2\/comments?post=1984"}],"wp:featuredmedia":[{"embeddable":true,"href":"https:\/\/tzionlibreria.com\/index.php\/wp-json\/wp\/v2\/media\/1985"}],"wp:attachment":[{"href":"https:\/\/tzionlibreria.com\/index.php\/wp-json\/wp\/v2\/media?parent=1984"}],"wp:term":[{"taxonomy":"product_brand","embeddable":true,"href":"https:\/\/tzionlibreria.com\/index.php\/wp-json\/wp\/v2\/product_brand?post=1984"},{"taxonomy":"product_cat","embeddable":true,"href":"https:\/\/tzionlibreria.com\/index.php\/wp-json\/wp\/v2\/product_cat?post=1984"},{"taxonomy":"product_tag","embeddable":true,"href":"https:\/\/tzionlibreria.com\/index.php\/wp-json\/wp\/v2\/product_tag?post=1984"}],"curies":[{"name":"wp","href":"https:\/\/api.w.org\/{rel}","templated":true}]}}