{"id":1989,"date":"2023-12-13T16:40:59","date_gmt":"2023-12-13T16:40:59","guid":{"rendered":"https:\/\/tzionlibreria.com\/?post_type=product&#038;p=1989"},"modified":"2025-03-07T00:18:17","modified_gmt":"2025-03-07T00:18:17","slug":"biblia-de-oraciones-duotono-gris-negro-rvr-1960","status":"publish","type":"product","link":"https:\/\/tzionlibreria.com\/index.php\/product\/biblia-de-oraciones-duotono-gris-negro-rvr-1960\/","title":{"rendered":"Biblia de Oraciones Duotono Gris\/Negro RVR 1960"},"content":{"rendered":"<div>Biblia de Oraciones Reina Valera . Es \u00fanica en su g\u00e9nero y ha llegado a ser una traducci\u00f3n cl\u00e1sica que se ha convertido en el texto b\u00edblico preferido de cientos de miles de lectores. La Reina Valera en una hermosa presentaci\u00f3n pensada totalmente en hombres y mujeres de hoy, materiales flexibles y resistentes, dise\u00f1os de colores llamativos. En un tama\u00f1o f\u00e1cil de llevar a cualquier lugar. Con excelentes herramientas para aprender m\u00e1s del estudio de la Palabra.<\/div>\n<div><\/div>\n<div><\/div>\n<div><strong>C\u00f3mo esta formada la Biblia:<\/strong><\/div>\n<ul>\n<li>C\u00f3mo leer la Biblia.<\/li>\n<li>La Biblia en un a\u00f1o.<\/li>\n<li>Pasajes famosos de la Biblia.<\/li>\n<li>Lo que dice la Biblia acerca del Perd\u00f3n de Dios.<\/li>\n<li>Concordancia.<\/li>\n<li>Mapas.<\/li>\n<li>Cubierta imitaci\u00f3n piel, flexible, repujada.<\/li>\n<li>Con cremallera.<\/li>\n<li>Cinta separadora.<\/li>\n<li>Canto plateado.<\/li>\n<li>Papel Biblia 28 g.<\/li>\n<li>Palabras de Jes\u00fas en rojo.<\/li>\n<li>Resumen de cada libro.<\/li>\n<li>Concordancia.<\/li>\n<\/ul>\n<div><\/div>\n<div><strong>Contenido:<\/strong><\/div>\n<ul>\n<li>La oraci\u00f3n.<\/li>\n<li>\u00bfPor que orar?.<\/li>\n<li>\u00bfC\u00f3mo orar?.<\/li>\n<li>Bendiciones de la oraci\u00f3n.<\/li>\n<li>Oraci\u00f3n en todo tiempo y lugar.<\/li>\n<li>\u00bfQui\u00e9n nos ense\u00f1a a orar?.<\/li>\n<li>Al\u00e1bale al se\u00f1or por la oraci\u00f3n respondidas favorablemente.<\/li>\n<li>\u00bfY si las oraciones no son respondidas como pedimos?.<\/li>\n<li>Oraciones para toda ocasi\u00f3n.<\/li>\n<\/ul>\n<div><\/div>\n<div>\n<div><strong>Ayudas especiales para el lector.<\/strong><\/div>\n<div><\/div>\n<div>\n<p><strong>Qr con videos explicativos:<\/strong><\/p>\n<\/div>\n<ul>\n<li>Que es la Biblia.<\/li>\n<li>Estructura de la biblia.<\/li>\n<li>Buscar un pasaje en la biblia.<\/li>\n<li>Mensaje principal en la biblia.<\/li>\n<li>Idiomas en que se escribi\u00f3 la biblia.<\/li>\n<li>Formaci\u00f3n de la biblia.<\/li>\n<li>Beneficios de leerla.<\/li>\n<li>Interpretaci\u00f3n que Jes\u00fas hacia de las escrituras.<\/li>\n<\/ul>\n<div>\n<p>&nbsp;<\/p>\n<p><strong>Qr para profundizar en las escrituras:<\/strong><\/p>\n<\/div>\n<ul>\n<li>Introducci\u00f3n al AT y el pentateuco.<\/li>\n<li>Introducci\u00f3n al NT y los evangelios.<\/li>\n<li>Introducci\u00f3n a cada libro de la biblia.<\/li>\n<li>Panorama general de los libros de la biblia.<\/li>\n<li>Divisi\u00f3n del d\u00eda.<\/li>\n<li>Calendarios hebreos incluidos fiestas.<\/li>\n<li>Tabla de pesas medidas y monedas.<\/li>\n<li>Como encontrar ayuda en la biblia por temas.<\/li>\n<\/ul>\n<div id=\"ctl00_ucPDTabs_ctl02_fs\" class=\"ProductDetailGroup system-properties\"><strong>ISBN<\/strong>: 9789587456929<br \/>\n<strong>Editorial<\/strong>: SBU<br \/>\n<strong>Dimensiones<\/strong>: 15 x 21 x 3 cm<br \/>\n<strong>Peso<\/strong>: 0,800kg<br \/>\n<strong>Cubierta<\/strong>: Imitaci\u00f3n Piel<br \/>\n<strong>Idioma<\/strong>: Espa\u00f1ol<\/div>\n<div id=\"ctl00_ucPDTabs_ctl03_fs\" class=\"ProductDetailGroup\"><strong>Tama\u00f1o de Letra:<\/strong>\u00a012 pts<br \/>\n<strong>Versi\u00f3n:<\/strong>\u00a0RVR1960<br \/>\n<strong>Color:<\/strong>\u00a0Negro \/ Gris<br \/>\n<strong>Tama\u00f1o:<\/strong>\u00a0Manual<br \/>\n<strong>Caracter\u00edsticas Adicionales:<\/strong>\u00a0Cinta Marcadora<br \/>\n<strong>Caracter\u00edsticas Adicionales:<\/strong>\u00a0Palabras de Jes\u00fas en Rojo<br \/>\n<strong>Caracter\u00edsticas Adicionales:<\/strong>\u00a0Concordancia<\/div>\n<\/div>\n","protected":false},"excerpt":{"rendered":"<p>Biblia de Oraciones Reina Valera . Es \u00fanica en su g\u00e9nero y ha llegado a ser una traducci\u00f3n cl\u00e1sica que se ha convertido en el texto b\u00edblico preferido de cientos de miles de lectores. La Reina Valera en una hermosa presentaci\u00f3n pensada totalmente en hombres y mujeres de hoy, materiales flexibles y resistentes, dise\u00f1os de [&hellip;]<\/p>\n","protected":false},"featured_media":1990,"comment_status":"open","ping_status":"closed","template":"","meta":{"om_disable_all_campaigns":false,"_monsterinsights_skip_tracking":false,"_monsterinsights_sitenote_active":false,"_monsterinsights_sitenote_note":"","_monsterinsights_sitenote_category":0,"site-sidebar-layout":"default","site-content-layout":"","ast-site-content-layout":"default","site-content-style":"default","site-sidebar-style":"default","ast-global-header-display":"","ast-banner-title-visibility":"","ast-main-header-display":"","ast-hfb-above-header-display":"","ast-hfb-below-header-display":"","ast-hfb-mobile-header-display":"","site-post-title":"","ast-breadcrumbs-content":"","ast-featured-img":"","footer-sml-layout":"","ast-disable-related-posts":"","theme-transparent-header-meta":"default","adv-header-id-meta":"","stick-header-meta":"","header-above-stick-meta":"","header-main-stick-meta":"","header-below-stick-meta":"","astra-migrate-meta-layouts":"set","ast-page-background-enabled":"default","ast-page-background-meta":{"desktop":{"background-color":"var(--ast-global-color-4)","background-image":"","background-repeat":"repeat","background-position":"center center","background-size":"auto","background-attachment":"scroll","background-type":"","background-media":"","overlay-type":"","overlay-color":"","overlay-opacity":"","overlay-gradient":""},"tablet":{"background-color":"","background-image":"","background-repeat":"repeat","background-position":"center center","background-size":"auto","background-attachment":"scroll","background-type":"","background-media":"","overlay-type":"","overlay-color":"","overlay-opacity":"","overlay-gradient":""},"mobile":{"background-color":"","background-image":"","background-repeat":"repeat","background-position":"center center","background-size":"auto","background-attachment":"scroll","background-type":"","background-media":"","overlay-type":"","overlay-color":"","overlay-opacity":"","overlay-gradient":""}},"ast-content-background-meta":{"desktop":{"background-color":"var(--ast-global-color-5)","background-image":"","background-repeat":"repeat","background-position":"center center","background-size":"auto","background-attachment":"scroll","background-type":"","background-media":"","overlay-type":"","overlay-color":"","overlay-opacity":"","overlay-gradient":""},"tablet":{"background-color":"var(--ast-global-color-5)","background-image":"","background-repeat":"repeat","background-position":"center center","background-size":"auto","background-attachment":"scroll","background-type":"","background-media":"","overlay-type":"","overlay-color":"","overlay-opacity":"","overlay-gradient":""},"mobile":{"background-color":"var(--ast-global-color-5)","background-image":"","background-repeat":"repeat","background-position":"center center","background-size":"auto","background-attachment":"scroll","background-type":"","background-media":"","overlay-type":"","overlay-color":"","overlay-opacity":"","overlay-gradient":""}}},"product_brand":[],"product_cat":[22,42,177],"product_tag":[],"class_list":{"0":"post-1989","1":"product","2":"type-product","3":"status-publish","4":"has-post-thumbnail","6":"product_cat-biblias","7":"product_cat-biblias-reina-valera","8":"product_cat-letra-grande-rvr","9":"desktop-align-left","10":"tablet-align-left","11":"mobile-align-left","13":"first","14":"outofstock","15":"shipping-taxable","16":"purchasable","17":"product-type-simple"},"yoast_head":"<!-- This site is optimized with the Yoast SEO plugin v27.4 - https:\/\/yoast.com\/product\/yoast-seo-wordpress\/ -->\n<title>Biblia de Oraciones Duotono Gris\/Negro RVR 1960 - tzionlibreria.com<\/title>\n<meta name=\"robots\" content=\"index, follow, max-snippet:-1, max-image-preview:large, max-video-preview:-1\" \/>\n<link rel=\"canonical\" href=\"https:\/\/tzionlibreria.com\/index.php\/product\/biblia-de-oraciones-duotono-gris-negro-rvr-1960\/\" \/>\n<meta property=\"og:locale\" content=\"es_ES\" \/>\n<meta property=\"og:type\" content=\"article\" \/>\n<meta property=\"og:title\" content=\"Biblia de Oraciones Duotono Gris\/Negro RVR 1960 - tzionlibreria.com\" \/>\n<meta property=\"og:description\" content=\"Biblia de Oraciones Reina Valera . Es \u00fanica en su g\u00e9nero y ha llegado a ser una traducci\u00f3n cl\u00e1sica que se ha convertido en el texto b\u00edblico preferido de cientos de miles de lectores. La Reina Valera en una hermosa presentaci\u00f3n pensada totalmente en hombres y mujeres de hoy, materiales flexibles y resistentes, dise\u00f1os de [&hellip;]\" \/>\n<meta property=\"og:url\" content=\"https:\/\/tzionlibreria.com\/index.php\/product\/biblia-de-oraciones-duotono-gris-negro-rvr-1960\/\" \/>\n<meta property=\"og:site_name\" content=\"tzionlibreria.com\" \/>\n<meta property=\"article:modified_time\" content=\"2025-03-07T00:18:17+00:00\" \/>\n<meta property=\"og:image\" content=\"http:\/\/tzionlibreria.com\/wp-content\/uploads\/2023\/12\/biblia-de-oraciones.jpg\" \/>\n\t<meta property=\"og:image:width\" content=\"1200\" \/>\n\t<meta property=\"og:image:height\" content=\"1200\" \/>\n\t<meta property=\"og:image:type\" content=\"image\/jpeg\" \/>\n<meta name=\"twitter:card\" content=\"summary_large_image\" \/>\n<meta name=\"twitter:label1\" content=\"Tiempo de lectura\" \/>\n\t<meta name=\"twitter:data1\" content=\"2 minutos\" \/>\n<script type=\"application\/ld+json\" class=\"yoast-schema-graph\">{\"@context\":\"https:\\\/\\\/schema.org\",\"@graph\":[{\"@type\":\"WebPage\",\"@id\":\"https:\\\/\\\/tzionlibreria.com\\\/index.php\\\/product\\\/biblia-de-oraciones-duotono-gris-negro-rvr-1960\\\/\",\"url\":\"https:\\\/\\\/tzionlibreria.com\\\/index.php\\\/product\\\/biblia-de-oraciones-duotono-gris-negro-rvr-1960\\\/\",\"name\":\"Biblia de Oraciones Duotono Gris\\\/Negro RVR 1960 - tzionlibreria.com\",\"isPartOf\":{\"@id\":\"https:\\\/\\\/tzionlibreria.com\\\/#website\"},\"primaryImageOfPage\":{\"@id\":\"https:\\\/\\\/tzionlibreria.com\\\/index.php\\\/product\\\/biblia-de-oraciones-duotono-gris-negro-rvr-1960\\\/#primaryimage\"},\"image\":{\"@id\":\"https:\\\/\\\/tzionlibreria.com\\\/index.php\\\/product\\\/biblia-de-oraciones-duotono-gris-negro-rvr-1960\\\/#primaryimage\"},\"thumbnailUrl\":\"https:\\\/\\\/tzionlibreria.com\\\/wp-content\\\/uploads\\\/2023\\\/12\\\/biblia-de-oraciones.jpg\",\"datePublished\":\"2023-12-13T16:40:59+00:00\",\"dateModified\":\"2025-03-07T00:18:17+00:00\",\"breadcrumb\":{\"@id\":\"https:\\\/\\\/tzionlibreria.com\\\/index.php\\\/product\\\/biblia-de-oraciones-duotono-gris-negro-rvr-1960\\\/#breadcrumb\"},\"inLanguage\":\"es-CO\",\"potentialAction\":[{\"@type\":\"ReadAction\",\"target\":[\"https:\\\/\\\/tzionlibreria.com\\\/index.php\\\/product\\\/biblia-de-oraciones-duotono-gris-negro-rvr-1960\\\/\"]}]},{\"@type\":\"ImageObject\",\"inLanguage\":\"es-CO\",\"@id\":\"https:\\\/\\\/tzionlibreria.com\\\/index.php\\\/product\\\/biblia-de-oraciones-duotono-gris-negro-rvr-1960\\\/#primaryimage\",\"url\":\"https:\\\/\\\/tzionlibreria.com\\\/wp-content\\\/uploads\\\/2023\\\/12\\\/biblia-de-oraciones.jpg\",\"contentUrl\":\"https:\\\/\\\/tzionlibreria.com\\\/wp-content\\\/uploads\\\/2023\\\/12\\\/biblia-de-oraciones.jpg\",\"width\":1200,\"height\":1200},{\"@type\":\"BreadcrumbList\",\"@id\":\"https:\\\/\\\/tzionlibreria.com\\\/index.php\\\/product\\\/biblia-de-oraciones-duotono-gris-negro-rvr-1960\\\/#breadcrumb\",\"itemListElement\":[{\"@type\":\"ListItem\",\"position\":1,\"name\":\"Inicio\",\"item\":\"https:\\\/\\\/tzionlibreria.com\\\/\"},{\"@type\":\"ListItem\",\"position\":2,\"name\":\"Shop\",\"item\":\"https:\\\/\\\/tzionlibreria.com\\\/index.php\\\/shop\\\/\"},{\"@type\":\"ListItem\",\"position\":3,\"name\":\"Biblia de Oraciones Duotono Gris\\\/Negro RVR 1960\"}]},{\"@type\":\"WebSite\",\"@id\":\"https:\\\/\\\/tzionlibreria.com\\\/#website\",\"url\":\"https:\\\/\\\/tzionlibreria.com\\\/\",\"name\":\"tzionlibreria.com\",\"description\":\"Libreria Cristiana Venezuela\",\"publisher\":{\"@id\":\"https:\\\/\\\/tzionlibreria.com\\\/#organization\"},\"potentialAction\":[{\"@type\":\"SearchAction\",\"target\":{\"@type\":\"EntryPoint\",\"urlTemplate\":\"https:\\\/\\\/tzionlibreria.com\\\/?s={search_term_string}\"},\"query-input\":{\"@type\":\"PropertyValueSpecification\",\"valueRequired\":true,\"valueName\":\"search_term_string\"}}],\"inLanguage\":\"es-CO\"},{\"@type\":\"Organization\",\"@id\":\"https:\\\/\\\/tzionlibreria.com\\\/#organization\",\"name\":\"tzionlibreria.com\",\"url\":\"https:\\\/\\\/tzionlibreria.com\\\/\",\"logo\":{\"@type\":\"ImageObject\",\"inLanguage\":\"es-CO\",\"@id\":\"https:\\\/\\\/tzionlibreria.com\\\/#\\\/schema\\\/logo\\\/image\\\/\",\"url\":\"https:\\\/\\\/tzionlibreria.com\\\/wp-content\\\/uploads\\\/2023\\\/10\\\/cropped-Cuadricula-scaled-1.jpg\",\"contentUrl\":\"https:\\\/\\\/tzionlibreria.com\\\/wp-content\\\/uploads\\\/2023\\\/10\\\/cropped-Cuadricula-scaled-1.jpg\",\"width\":2560,\"height\":2560,\"caption\":\"tzionlibreria.com\"},\"image\":{\"@id\":\"https:\\\/\\\/tzionlibreria.com\\\/#\\\/schema\\\/logo\\\/image\\\/\"}}]}<\/script>\n<!-- \/ Yoast SEO plugin. -->","yoast_head_json":{"title":"Biblia de Oraciones Duotono Gris\/Negro RVR 1960 - tzionlibreria.com","robots":{"index":"index","follow":"follow","max-snippet":"max-snippet:-1","max-image-preview":"max-image-preview:large","max-video-preview":"max-video-preview:-1"},"canonical":"https:\/\/tzionlibreria.com\/index.php\/product\/biblia-de-oraciones-duotono-gris-negro-rvr-1960\/","og_locale":"es_ES","og_type":"article","og_title":"Biblia de Oraciones Duotono Gris\/Negro RVR 1960 - tzionlibreria.com","og_description":"Biblia de Oraciones Reina Valera . Es \u00fanica en su g\u00e9nero y ha llegado a ser una traducci\u00f3n cl\u00e1sica que se ha convertido en el texto b\u00edblico preferido de cientos de miles de lectores. La Reina Valera en una hermosa presentaci\u00f3n pensada totalmente en hombres y mujeres de hoy, materiales flexibles y resistentes, dise\u00f1os de [&hellip;]","og_url":"https:\/\/tzionlibreria.com\/index.php\/product\/biblia-de-oraciones-duotono-gris-negro-rvr-1960\/","og_site_name":"tzionlibreria.com","article_modified_time":"2025-03-07T00:18:17+00:00","og_image":[{"width":1200,"height":1200,"url":"http:\/\/tzionlibreria.com\/wp-content\/uploads\/2023\/12\/biblia-de-oraciones.jpg","type":"image\/jpeg"}],"twitter_card":"summary_large_image","twitter_misc":{"Tiempo de lectura":"2 minutos"},"schema":{"@context":"https:\/\/schema.org","@graph":[{"@type":"WebPage","@id":"https:\/\/tzionlibreria.com\/index.php\/product\/biblia-de-oraciones-duotono-gris-negro-rvr-1960\/","url":"https:\/\/tzionlibreria.com\/index.php\/product\/biblia-de-oraciones-duotono-gris-negro-rvr-1960\/","name":"Biblia de Oraciones Duotono Gris\/Negro RVR 1960 - tzionlibreria.com","isPartOf":{"@id":"https:\/\/tzionlibreria.com\/#website"},"primaryImageOfPage":{"@id":"https:\/\/tzionlibreria.com\/index.php\/product\/biblia-de-oraciones-duotono-gris-negro-rvr-1960\/#primaryimage"},"image":{"@id":"https:\/\/tzionlibreria.com\/index.php\/product\/biblia-de-oraciones-duotono-gris-negro-rvr-1960\/#primaryimage"},"thumbnailUrl":"https:\/\/tzionlibreria.com\/wp-content\/uploads\/2023\/12\/biblia-de-oraciones.jpg","datePublished":"2023-12-13T16:40:59+00:00","dateModified":"2025-03-07T00:18:17+00:00","breadcrumb":{"@id":"https:\/\/tzionlibreria.com\/index.php\/product\/biblia-de-oraciones-duotono-gris-negro-rvr-1960\/#breadcrumb"},"inLanguage":"es-CO","potentialAction":[{"@type":"ReadAction","target":["https:\/\/tzionlibreria.com\/index.php\/product\/biblia-de-oraciones-duotono-gris-negro-rvr-1960\/"]}]},{"@type":"ImageObject","inLanguage":"es-CO","@id":"https:\/\/tzionlibreria.com\/index.php\/product\/biblia-de-oraciones-duotono-gris-negro-rvr-1960\/#primaryimage","url":"https:\/\/tzionlibreria.com\/wp-content\/uploads\/2023\/12\/biblia-de-oraciones.jpg","contentUrl":"https:\/\/tzionlibreria.com\/wp-content\/uploads\/2023\/12\/biblia-de-oraciones.jpg","width":1200,"height":1200},{"@type":"BreadcrumbList","@id":"https:\/\/tzionlibreria.com\/index.php\/product\/biblia-de-oraciones-duotono-gris-negro-rvr-1960\/#breadcrumb","itemListElement":[{"@type":"ListItem","position":1,"name":"Inicio","item":"https:\/\/tzionlibreria.com\/"},{"@type":"ListItem","position":2,"name":"Shop","item":"https:\/\/tzionlibreria.com\/index.php\/shop\/"},{"@type":"ListItem","position":3,"name":"Biblia de Oraciones Duotono Gris\/Negro RVR 1960"}]},{"@type":"WebSite","@id":"https:\/\/tzionlibreria.com\/#website","url":"https:\/\/tzionlibreria.com\/","name":"tzionlibreria.com","description":"Libreria Cristiana Venezuela","publisher":{"@id":"https:\/\/tzionlibreria.com\/#organization"},"potentialAction":[{"@type":"SearchAction","target":{"@type":"EntryPoint","urlTemplate":"https:\/\/tzionlibreria.com\/?s={search_term_string}"},"query-input":{"@type":"PropertyValueSpecification","valueRequired":true,"valueName":"search_term_string"}}],"inLanguage":"es-CO"},{"@type":"Organization","@id":"https:\/\/tzionlibreria.com\/#organization","name":"tzionlibreria.com","url":"https:\/\/tzionlibreria.com\/","logo":{"@type":"ImageObject","inLanguage":"es-CO","@id":"https:\/\/tzionlibreria.com\/#\/schema\/logo\/image\/","url":"https:\/\/tzionlibreria.com\/wp-content\/uploads\/2023\/10\/cropped-Cuadricula-scaled-1.jpg","contentUrl":"https:\/\/tzionlibreria.com\/wp-content\/uploads\/2023\/10\/cropped-Cuadricula-scaled-1.jpg","width":2560,"height":2560,"caption":"tzionlibreria.com"},"image":{"@id":"https:\/\/tzionlibreria.com\/#\/schema\/logo\/image\/"}}]}},"jetpack_sharing_enabled":true,"_links":{"self":[{"href":"https:\/\/tzionlibreria.com\/index.php\/wp-json\/wp\/v2\/product\/1989","targetHints":{"allow":["GET"]}}],"collection":[{"href":"https:\/\/tzionlibreria.com\/index.php\/wp-json\/wp\/v2\/product"}],"about":[{"href":"https:\/\/tzionlibreria.com\/index.php\/wp-json\/wp\/v2\/types\/product"}],"replies":[{"embeddable":true,"href":"https:\/\/tzionlibreria.com\/index.php\/wp-json\/wp\/v2\/comments?post=1989"}],"wp:featuredmedia":[{"embeddable":true,"href":"https:\/\/tzionlibreria.com\/index.php\/wp-json\/wp\/v2\/media\/1990"}],"wp:attachment":[{"href":"https:\/\/tzionlibreria.com\/index.php\/wp-json\/wp\/v2\/media?parent=1989"}],"wp:term":[{"taxonomy":"product_brand","embeddable":true,"href":"https:\/\/tzionlibreria.com\/index.php\/wp-json\/wp\/v2\/product_brand?post=1989"},{"taxonomy":"product_cat","embeddable":true,"href":"https:\/\/tzionlibreria.com\/index.php\/wp-json\/wp\/v2\/product_cat?post=1989"},{"taxonomy":"product_tag","embeddable":true,"href":"https:\/\/tzionlibreria.com\/index.php\/wp-json\/wp\/v2\/product_tag?post=1989"}],"curies":[{"name":"wp","href":"https:\/\/api.w.org\/{rel}","templated":true}]}}