{"id":2032,"date":"2023-12-13T17:20:12","date_gmt":"2023-12-13T17:20:12","guid":{"rendered":"https:\/\/tzionlibreria.com\/?post_type=product&#038;p=2032"},"modified":"2024-02-29T13:42:50","modified_gmt":"2024-02-29T13:42:50","slug":"jesucristo-es-el-senor-cristologia-del-nuevo-testamento-samuel-pagan","status":"publish","type":"product","link":"https:\/\/tzionlibreria.com\/index.php\/product\/jesucristo-es-el-senor-cristologia-del-nuevo-testamento-samuel-pagan\/","title":{"rendered":"Jesucristo es el Se\u00f1or Cristolog\u00eda del Nuevo Testamento &#8211; Samuel Pag\u00e1n"},"content":{"rendered":"<p>Es doctor en literatura hebrea y tiene un m\u00e1ster en teolog\u00eda, y es conocido por sus contribuciones a diversas iniciativas de traducci\u00f3n de la Biblia.<\/p>\n<div>\n<p>El libro\u00a0Jesucristo es el Se\u00f1or, Cristolog\u00eda del Nuevo Testamento, de Samuel Pag\u00e1n intenta identificar, analizar y explicar las afirmaciones teol\u00f3gicas neotestamentarias en torno a la vida y las acciones del Jes\u00fas de los evangelios can\u00f3nicos, que nos permiten comprende la importante profesi\u00f3n de fe que declara sin inhibici\u00f3n que \u201cJesucristo es el Se\u00f1or\u201d.<\/p>\n<p>El enfoque y esfuerzo fundamental del libro est\u00e1 orientado a descubrir c\u00f3mo la teolog\u00eda en torno a Jes\u00fas de Nazaret tom\u00f3 un giro extraordinario luego de la experiencia de la resurrecci\u00f3n. Una vez se difundi\u00f3 la noticia de que la muerte de Jes\u00fas no hab\u00eda finalizado con las expectativas mesi\u00e1nicas de sus seguidores, la resurrecci\u00f3n de Cristo toma dimensi\u00f3n nueva.<\/p>\n<p>Este libro explora la cristolog\u00eda del Nuevo Testamento. Y esa vertiente teol\u00f3gica analiza la figura de Cristo, seg\u00fan se revela en los evangelios can\u00f3nicos, la literatura epistolar y en las revelaciones apocal\u00edpticas y visiones de Juan. Esa tradici\u00f3n cristol\u00f3gica en torno a Jes\u00fas se revela inclusive al finalizar el canon del Nuevo Testamento. El vidente Juan, al comenzar la redacci\u00f3n de la revelaci\u00f3n divina, afirma de manera categ\u00f3rica la importancia de la revelaci\u00f3n de Jesucristo. Nuestro estudio en torno a Jesucristo el Se\u00f1or explorar\u00e1 el desarrollo de la teolog\u00eda referente al Cristo de Dios, desde la resurrecci\u00f3n hasta las revelaciones de Juan en el Apocalipsis.<\/p>\n<p>Adem\u00e1s, estudiaremos los t\u00edtulos cristol\u00f3gicos, los himnos de las iglesias primitivas y varias reflexiones pastorales que se incorporan en las cartas del ap\u00f3stol Pablo y sus seguidores. La finalidad es identificar y analizar el contenido teol\u00f3gico de esa gran declaraci\u00f3n de fe para explorar sus implicaciones contempor\u00e1neas.<\/p>\n<\/div>\n<p>&nbsp;<\/p>\n<p><strong>ISBN<\/strong>: 9788418204944<br \/>\n<strong>Editorial<\/strong>:\u00a0CLIE<br \/>\n<strong>Dimensiones<\/strong>: 15 x 23 x 1 cm<br \/>\n<strong>Peso<\/strong>: 0,340kg<br \/>\n<strong>Cubierta<\/strong>: R\u00fastica<br \/>\n<strong>N\u00famero de p\u00e1ginas<\/strong>: 224<br \/>\n<strong>Idioma<\/strong>: Espa\u00f1ol<\/p>\n","protected":false},"excerpt":{"rendered":"<p>Es doctor en literatura hebrea y tiene un m\u00e1ster en teolog\u00eda, y es conocido por sus contribuciones a diversas iniciativas de traducci\u00f3n de la Biblia. El libro\u00a0Jesucristo es el Se\u00f1or, Cristolog\u00eda del Nuevo Testamento, de Samuel Pag\u00e1n intenta identificar, analizar y explicar las afirmaciones teol\u00f3gicas neotestamentarias en torno a la vida y las acciones del [&hellip;]<\/p>\n","protected":false},"featured_media":2033,"comment_status":"open","ping_status":"closed","template":"","meta":{"om_disable_all_campaigns":false,"_monsterinsights_skip_tracking":false,"_monsterinsights_sitenote_active":false,"_monsterinsights_sitenote_note":"","_monsterinsights_sitenote_category":0,"site-sidebar-layout":"default","site-content-layout":"","ast-site-content-layout":"default","site-content-style":"default","site-sidebar-style":"default","ast-global-header-display":"","ast-banner-title-visibility":"","ast-main-header-display":"","ast-hfb-above-header-display":"","ast-hfb-below-header-display":"","ast-hfb-mobile-header-display":"","site-post-title":"","ast-breadcrumbs-content":"","ast-featured-img":"","footer-sml-layout":"","ast-disable-related-posts":"","theme-transparent-header-meta":"default","adv-header-id-meta":"","stick-header-meta":"","header-above-stick-meta":"","header-main-stick-meta":"","header-below-stick-meta":"","astra-migrate-meta-layouts":"set","ast-page-background-enabled":"default","ast-page-background-meta":{"desktop":{"background-color":"var(--ast-global-color-4)","background-image":"","background-repeat":"repeat","background-position":"center center","background-size":"auto","background-attachment":"scroll","background-type":"","background-media":"","overlay-type":"","overlay-color":"","overlay-opacity":"","overlay-gradient":""},"tablet":{"background-color":"","background-image":"","background-repeat":"repeat","background-position":"center center","background-size":"auto","background-attachment":"scroll","background-type":"","background-media":"","overlay-type":"","overlay-color":"","overlay-opacity":"","overlay-gradient":""},"mobile":{"background-color":"","background-image":"","background-repeat":"repeat","background-position":"center center","background-size":"auto","background-attachment":"scroll","background-type":"","background-media":"","overlay-type":"","overlay-color":"","overlay-opacity":"","overlay-gradient":""}},"ast-content-background-meta":{"desktop":{"background-color":"var(--ast-global-color-5)","background-image":"","background-repeat":"repeat","background-position":"center center","background-size":"auto","background-attachment":"scroll","background-type":"","background-media":"","overlay-type":"","overlay-color":"","overlay-opacity":"","overlay-gradient":""},"tablet":{"background-color":"var(--ast-global-color-5)","background-image":"","background-repeat":"repeat","background-position":"center center","background-size":"auto","background-attachment":"scroll","background-type":"","background-media":"","overlay-type":"","overlay-color":"","overlay-opacity":"","overlay-gradient":""},"mobile":{"background-color":"var(--ast-global-color-5)","background-image":"","background-repeat":"repeat","background-position":"center center","background-size":"auto","background-attachment":"scroll","background-type":"","background-media":"","overlay-type":"","overlay-color":"","overlay-opacity":"","overlay-gradient":""}}},"product_brand":[],"product_cat":[23],"product_tag":[],"class_list":{"0":"post-2032","1":"product","2":"type-product","3":"status-publish","4":"has-post-thumbnail","6":"product_cat-libros","7":"desktop-align-left","8":"tablet-align-left","9":"mobile-align-left","11":"first","12":"instock","13":"shipping-taxable","14":"purchasable","15":"product-type-simple"},"yoast_head":"<!-- This site is optimized with the Yoast SEO plugin v27.4 - https:\/\/yoast.com\/product\/yoast-seo-wordpress\/ -->\n<title>Jesucristo es el Se\u00f1or Cristolog\u00eda del Nuevo Testamento - Samuel Pag\u00e1n - tzionlibreria.com<\/title>\n<meta name=\"robots\" content=\"index, follow, max-snippet:-1, max-image-preview:large, max-video-preview:-1\" \/>\n<link rel=\"canonical\" href=\"https:\/\/tzionlibreria.com\/index.php\/product\/jesucristo-es-el-senor-cristologia-del-nuevo-testamento-samuel-pagan\/\" \/>\n<meta property=\"og:locale\" content=\"es_ES\" \/>\n<meta property=\"og:type\" content=\"article\" \/>\n<meta property=\"og:title\" content=\"Jesucristo es el Se\u00f1or Cristolog\u00eda del Nuevo Testamento - Samuel Pag\u00e1n - tzionlibreria.com\" \/>\n<meta property=\"og:description\" content=\"Es doctor en literatura hebrea y tiene un m\u00e1ster en teolog\u00eda, y es conocido por sus contribuciones a diversas iniciativas de traducci\u00f3n de la Biblia. El libro\u00a0Jesucristo es el Se\u00f1or, Cristolog\u00eda del Nuevo Testamento, de Samuel Pag\u00e1n intenta identificar, analizar y explicar las afirmaciones teol\u00f3gicas neotestamentarias en torno a la vida y las acciones del [&hellip;]\" \/>\n<meta property=\"og:url\" content=\"https:\/\/tzionlibreria.com\/index.php\/product\/jesucristo-es-el-senor-cristologia-del-nuevo-testamento-samuel-pagan\/\" \/>\n<meta property=\"og:site_name\" content=\"tzionlibreria.com\" \/>\n<meta property=\"article:modified_time\" content=\"2024-02-29T13:42:50+00:00\" \/>\n<meta property=\"og:image\" content=\"http:\/\/tzionlibreria.com\/wp-content\/uploads\/2023\/12\/jesucristo.jpg\" \/>\n\t<meta property=\"og:image:width\" content=\"1200\" \/>\n\t<meta property=\"og:image:height\" content=\"1200\" \/>\n\t<meta property=\"og:image:type\" content=\"image\/jpeg\" \/>\n<meta name=\"twitter:card\" content=\"summary_large_image\" \/>\n<meta name=\"twitter:label1\" content=\"Tiempo de lectura\" \/>\n\t<meta name=\"twitter:data1\" content=\"2 minutos\" \/>\n<script type=\"application\/ld+json\" class=\"yoast-schema-graph\">{\"@context\":\"https:\\\/\\\/schema.org\",\"@graph\":[{\"@type\":\"WebPage\",\"@id\":\"https:\\\/\\\/tzionlibreria.com\\\/index.php\\\/product\\\/jesucristo-es-el-senor-cristologia-del-nuevo-testamento-samuel-pagan\\\/\",\"url\":\"https:\\\/\\\/tzionlibreria.com\\\/index.php\\\/product\\\/jesucristo-es-el-senor-cristologia-del-nuevo-testamento-samuel-pagan\\\/\",\"name\":\"Jesucristo es el Se\u00f1or Cristolog\u00eda del Nuevo Testamento - Samuel Pag\u00e1n - tzionlibreria.com\",\"isPartOf\":{\"@id\":\"https:\\\/\\\/tzionlibreria.com\\\/#website\"},\"primaryImageOfPage\":{\"@id\":\"https:\\\/\\\/tzionlibreria.com\\\/index.php\\\/product\\\/jesucristo-es-el-senor-cristologia-del-nuevo-testamento-samuel-pagan\\\/#primaryimage\"},\"image\":{\"@id\":\"https:\\\/\\\/tzionlibreria.com\\\/index.php\\\/product\\\/jesucristo-es-el-senor-cristologia-del-nuevo-testamento-samuel-pagan\\\/#primaryimage\"},\"thumbnailUrl\":\"https:\\\/\\\/tzionlibreria.com\\\/wp-content\\\/uploads\\\/2023\\\/12\\\/jesucristo.jpg\",\"datePublished\":\"2023-12-13T17:20:12+00:00\",\"dateModified\":\"2024-02-29T13:42:50+00:00\",\"breadcrumb\":{\"@id\":\"https:\\\/\\\/tzionlibreria.com\\\/index.php\\\/product\\\/jesucristo-es-el-senor-cristologia-del-nuevo-testamento-samuel-pagan\\\/#breadcrumb\"},\"inLanguage\":\"es-CO\",\"potentialAction\":[{\"@type\":\"ReadAction\",\"target\":[\"https:\\\/\\\/tzionlibreria.com\\\/index.php\\\/product\\\/jesucristo-es-el-senor-cristologia-del-nuevo-testamento-samuel-pagan\\\/\"]}]},{\"@type\":\"ImageObject\",\"inLanguage\":\"es-CO\",\"@id\":\"https:\\\/\\\/tzionlibreria.com\\\/index.php\\\/product\\\/jesucristo-es-el-senor-cristologia-del-nuevo-testamento-samuel-pagan\\\/#primaryimage\",\"url\":\"https:\\\/\\\/tzionlibreria.com\\\/wp-content\\\/uploads\\\/2023\\\/12\\\/jesucristo.jpg\",\"contentUrl\":\"https:\\\/\\\/tzionlibreria.com\\\/wp-content\\\/uploads\\\/2023\\\/12\\\/jesucristo.jpg\",\"width\":1200,\"height\":1200},{\"@type\":\"BreadcrumbList\",\"@id\":\"https:\\\/\\\/tzionlibreria.com\\\/index.php\\\/product\\\/jesucristo-es-el-senor-cristologia-del-nuevo-testamento-samuel-pagan\\\/#breadcrumb\",\"itemListElement\":[{\"@type\":\"ListItem\",\"position\":1,\"name\":\"Inicio\",\"item\":\"https:\\\/\\\/tzionlibreria.com\\\/\"},{\"@type\":\"ListItem\",\"position\":2,\"name\":\"Shop\",\"item\":\"https:\\\/\\\/tzionlibreria.com\\\/index.php\\\/shop\\\/\"},{\"@type\":\"ListItem\",\"position\":3,\"name\":\"Jesucristo es el Se\u00f1or Cristolog\u00eda del Nuevo Testamento &#8211; Samuel Pag\u00e1n\"}]},{\"@type\":\"WebSite\",\"@id\":\"https:\\\/\\\/tzionlibreria.com\\\/#website\",\"url\":\"https:\\\/\\\/tzionlibreria.com\\\/\",\"name\":\"tzionlibreria.com\",\"description\":\"Libreria Cristiana Venezuela\",\"publisher\":{\"@id\":\"https:\\\/\\\/tzionlibreria.com\\\/#organization\"},\"potentialAction\":[{\"@type\":\"SearchAction\",\"target\":{\"@type\":\"EntryPoint\",\"urlTemplate\":\"https:\\\/\\\/tzionlibreria.com\\\/?s={search_term_string}\"},\"query-input\":{\"@type\":\"PropertyValueSpecification\",\"valueRequired\":true,\"valueName\":\"search_term_string\"}}],\"inLanguage\":\"es-CO\"},{\"@type\":\"Organization\",\"@id\":\"https:\\\/\\\/tzionlibreria.com\\\/#organization\",\"name\":\"tzionlibreria.com\",\"url\":\"https:\\\/\\\/tzionlibreria.com\\\/\",\"logo\":{\"@type\":\"ImageObject\",\"inLanguage\":\"es-CO\",\"@id\":\"https:\\\/\\\/tzionlibreria.com\\\/#\\\/schema\\\/logo\\\/image\\\/\",\"url\":\"https:\\\/\\\/tzionlibreria.com\\\/wp-content\\\/uploads\\\/2023\\\/10\\\/cropped-Cuadricula-scaled-1.jpg\",\"contentUrl\":\"https:\\\/\\\/tzionlibreria.com\\\/wp-content\\\/uploads\\\/2023\\\/10\\\/cropped-Cuadricula-scaled-1.jpg\",\"width\":2560,\"height\":2560,\"caption\":\"tzionlibreria.com\"},\"image\":{\"@id\":\"https:\\\/\\\/tzionlibreria.com\\\/#\\\/schema\\\/logo\\\/image\\\/\"}}]}<\/script>\n<!-- \/ Yoast SEO plugin. -->","yoast_head_json":{"title":"Jesucristo es el Se\u00f1or Cristolog\u00eda del Nuevo Testamento - Samuel Pag\u00e1n - tzionlibreria.com","robots":{"index":"index","follow":"follow","max-snippet":"max-snippet:-1","max-image-preview":"max-image-preview:large","max-video-preview":"max-video-preview:-1"},"canonical":"https:\/\/tzionlibreria.com\/index.php\/product\/jesucristo-es-el-senor-cristologia-del-nuevo-testamento-samuel-pagan\/","og_locale":"es_ES","og_type":"article","og_title":"Jesucristo es el Se\u00f1or Cristolog\u00eda del Nuevo Testamento - Samuel Pag\u00e1n - tzionlibreria.com","og_description":"Es doctor en literatura hebrea y tiene un m\u00e1ster en teolog\u00eda, y es conocido por sus contribuciones a diversas iniciativas de traducci\u00f3n de la Biblia. El libro\u00a0Jesucristo es el Se\u00f1or, Cristolog\u00eda del Nuevo Testamento, de Samuel Pag\u00e1n intenta identificar, analizar y explicar las afirmaciones teol\u00f3gicas neotestamentarias en torno a la vida y las acciones del [&hellip;]","og_url":"https:\/\/tzionlibreria.com\/index.php\/product\/jesucristo-es-el-senor-cristologia-del-nuevo-testamento-samuel-pagan\/","og_site_name":"tzionlibreria.com","article_modified_time":"2024-02-29T13:42:50+00:00","og_image":[{"width":1200,"height":1200,"url":"http:\/\/tzionlibreria.com\/wp-content\/uploads\/2023\/12\/jesucristo.jpg","type":"image\/jpeg"}],"twitter_card":"summary_large_image","twitter_misc":{"Tiempo de lectura":"2 minutos"},"schema":{"@context":"https:\/\/schema.org","@graph":[{"@type":"WebPage","@id":"https:\/\/tzionlibreria.com\/index.php\/product\/jesucristo-es-el-senor-cristologia-del-nuevo-testamento-samuel-pagan\/","url":"https:\/\/tzionlibreria.com\/index.php\/product\/jesucristo-es-el-senor-cristologia-del-nuevo-testamento-samuel-pagan\/","name":"Jesucristo es el Se\u00f1or Cristolog\u00eda del Nuevo Testamento - Samuel Pag\u00e1n - tzionlibreria.com","isPartOf":{"@id":"https:\/\/tzionlibreria.com\/#website"},"primaryImageOfPage":{"@id":"https:\/\/tzionlibreria.com\/index.php\/product\/jesucristo-es-el-senor-cristologia-del-nuevo-testamento-samuel-pagan\/#primaryimage"},"image":{"@id":"https:\/\/tzionlibreria.com\/index.php\/product\/jesucristo-es-el-senor-cristologia-del-nuevo-testamento-samuel-pagan\/#primaryimage"},"thumbnailUrl":"https:\/\/tzionlibreria.com\/wp-content\/uploads\/2023\/12\/jesucristo.jpg","datePublished":"2023-12-13T17:20:12+00:00","dateModified":"2024-02-29T13:42:50+00:00","breadcrumb":{"@id":"https:\/\/tzionlibreria.com\/index.php\/product\/jesucristo-es-el-senor-cristologia-del-nuevo-testamento-samuel-pagan\/#breadcrumb"},"inLanguage":"es-CO","potentialAction":[{"@type":"ReadAction","target":["https:\/\/tzionlibreria.com\/index.php\/product\/jesucristo-es-el-senor-cristologia-del-nuevo-testamento-samuel-pagan\/"]}]},{"@type":"ImageObject","inLanguage":"es-CO","@id":"https:\/\/tzionlibreria.com\/index.php\/product\/jesucristo-es-el-senor-cristologia-del-nuevo-testamento-samuel-pagan\/#primaryimage","url":"https:\/\/tzionlibreria.com\/wp-content\/uploads\/2023\/12\/jesucristo.jpg","contentUrl":"https:\/\/tzionlibreria.com\/wp-content\/uploads\/2023\/12\/jesucristo.jpg","width":1200,"height":1200},{"@type":"BreadcrumbList","@id":"https:\/\/tzionlibreria.com\/index.php\/product\/jesucristo-es-el-senor-cristologia-del-nuevo-testamento-samuel-pagan\/#breadcrumb","itemListElement":[{"@type":"ListItem","position":1,"name":"Inicio","item":"https:\/\/tzionlibreria.com\/"},{"@type":"ListItem","position":2,"name":"Shop","item":"https:\/\/tzionlibreria.com\/index.php\/shop\/"},{"@type":"ListItem","position":3,"name":"Jesucristo es el Se\u00f1or Cristolog\u00eda del Nuevo Testamento &#8211; Samuel Pag\u00e1n"}]},{"@type":"WebSite","@id":"https:\/\/tzionlibreria.com\/#website","url":"https:\/\/tzionlibreria.com\/","name":"tzionlibreria.com","description":"Libreria Cristiana Venezuela","publisher":{"@id":"https:\/\/tzionlibreria.com\/#organization"},"potentialAction":[{"@type":"SearchAction","target":{"@type":"EntryPoint","urlTemplate":"https:\/\/tzionlibreria.com\/?s={search_term_string}"},"query-input":{"@type":"PropertyValueSpecification","valueRequired":true,"valueName":"search_term_string"}}],"inLanguage":"es-CO"},{"@type":"Organization","@id":"https:\/\/tzionlibreria.com\/#organization","name":"tzionlibreria.com","url":"https:\/\/tzionlibreria.com\/","logo":{"@type":"ImageObject","inLanguage":"es-CO","@id":"https:\/\/tzionlibreria.com\/#\/schema\/logo\/image\/","url":"https:\/\/tzionlibreria.com\/wp-content\/uploads\/2023\/10\/cropped-Cuadricula-scaled-1.jpg","contentUrl":"https:\/\/tzionlibreria.com\/wp-content\/uploads\/2023\/10\/cropped-Cuadricula-scaled-1.jpg","width":2560,"height":2560,"caption":"tzionlibreria.com"},"image":{"@id":"https:\/\/tzionlibreria.com\/#\/schema\/logo\/image\/"}}]}},"jetpack_sharing_enabled":true,"_links":{"self":[{"href":"https:\/\/tzionlibreria.com\/index.php\/wp-json\/wp\/v2\/product\/2032","targetHints":{"allow":["GET"]}}],"collection":[{"href":"https:\/\/tzionlibreria.com\/index.php\/wp-json\/wp\/v2\/product"}],"about":[{"href":"https:\/\/tzionlibreria.com\/index.php\/wp-json\/wp\/v2\/types\/product"}],"replies":[{"embeddable":true,"href":"https:\/\/tzionlibreria.com\/index.php\/wp-json\/wp\/v2\/comments?post=2032"}],"wp:featuredmedia":[{"embeddable":true,"href":"https:\/\/tzionlibreria.com\/index.php\/wp-json\/wp\/v2\/media\/2033"}],"wp:attachment":[{"href":"https:\/\/tzionlibreria.com\/index.php\/wp-json\/wp\/v2\/media?parent=2032"}],"wp:term":[{"taxonomy":"product_brand","embeddable":true,"href":"https:\/\/tzionlibreria.com\/index.php\/wp-json\/wp\/v2\/product_brand?post=2032"},{"taxonomy":"product_cat","embeddable":true,"href":"https:\/\/tzionlibreria.com\/index.php\/wp-json\/wp\/v2\/product_cat?post=2032"},{"taxonomy":"product_tag","embeddable":true,"href":"https:\/\/tzionlibreria.com\/index.php\/wp-json\/wp\/v2\/product_tag?post=2032"}],"curies":[{"name":"wp","href":"https:\/\/api.w.org\/{rel}","templated":true}]}}