{"id":2067,"date":"2023-12-20T18:43:23","date_gmt":"2023-12-20T18:43:23","guid":{"rendered":"https:\/\/tzionlibreria.com\/?post_type=product&#038;p=2067"},"modified":"2025-06-16T02:19:11","modified_gmt":"2025-06-16T02:19:11","slug":"proverbios-tlp-sabiduria-de-lo-alto-broadstreet-publishing","status":"publish","type":"product","link":"https:\/\/tzionlibreria.com\/index.php\/product\/proverbios-tlp-sabiduria-de-lo-alto-broadstreet-publishing\/","title":{"rendered":"Proverbios TLP Sabidur\u00eda De Lo Alto Broadstreet Publishing"},"content":{"rendered":"<div>Proverbios est\u00e1 lleno de incre\u00edbles secretos de sabidur\u00eda que nos despiertan el coraz\u00f3n! Podemos esperar una descarga de perspectivas celestiales sobre nuestro destino, relaciones, trayectoria profesional, finanzas y cualquier otro aspecto de la vida.<\/div>\n<div><\/div>\n<div>Con gran profusi\u00f3n de notas a pie de p\u00e1gina que explican el texto sagrado, la Traducci\u00f3n La Pasi\u00f3n revela el significado de los proverbios de Salom\u00f3n de una manera que conecta el coraz\u00f3n de Dios con nuestras vidas. El don de la sabidur\u00eda de lo alto procede de un Padre generoso que est\u00e1 dispuesto a llenar nuestros corazones con todo lo que necesitamos para tener \u00e9xito en la vida y reinar en Cristo. Salom\u00f3n estaba sobrenaturalmente imbuido de la sabidur\u00eda de Dios. La lectura de Proverbios: sabidur\u00eda de lo alto nos llevar\u00e1 a un mayor entendimiento.<\/div>\n<div><\/div>\n<div>En estos dichos encontrar\u00e1s la revelaci\u00f3n de la sabidur\u00eda y la transmisi\u00f3n del entendimiento espiritual. \u00dasalos como llaves para abrir los tesoros del verdadero conocimiento. Proverbios 1.2<\/div>\n<div><\/div>\n<div><strong>Idioma<\/strong>: Espa\u00f1ol<br \/>\n<strong>ISBN<\/strong>: 9781424559053<br \/>\n<strong>Dimensiones<\/strong>: 132 x 5 x 198 mm<br \/>\n<strong>Peso<\/strong>: 0,091kg<br \/>\n<strong>Cubierta<\/strong>: Tapa blanda<br \/>\n<strong>N\u00famero de p\u00e1ginas<\/strong>: 80<\/div>\n","protected":false},"excerpt":{"rendered":"<p>Proverbios est\u00e1 lleno de incre\u00edbles secretos de sabidur\u00eda que nos despiertan el coraz\u00f3n! Podemos esperar una descarga de perspectivas celestiales sobre nuestro destino, relaciones, trayectoria profesional, finanzas y cualquier otro aspecto de la vida. Con gran profusi\u00f3n de notas a pie de p\u00e1gina que explican el texto sagrado, la Traducci\u00f3n La Pasi\u00f3n revela el significado [&hellip;]<\/p>\n","protected":false},"featured_media":2068,"comment_status":"open","ping_status":"closed","template":"","meta":{"om_disable_all_campaigns":false,"_monsterinsights_skip_tracking":false,"_monsterinsights_sitenote_active":false,"_monsterinsights_sitenote_note":"","_monsterinsights_sitenote_category":0,"site-sidebar-layout":"default","site-content-layout":"","ast-site-content-layout":"default","site-content-style":"default","site-sidebar-style":"default","ast-global-header-display":"","ast-banner-title-visibility":"","ast-main-header-display":"","ast-hfb-above-header-display":"","ast-hfb-below-header-display":"","ast-hfb-mobile-header-display":"","site-post-title":"","ast-breadcrumbs-content":"","ast-featured-img":"","footer-sml-layout":"","ast-disable-related-posts":"","theme-transparent-header-meta":"default","adv-header-id-meta":"","stick-header-meta":"","header-above-stick-meta":"","header-main-stick-meta":"","header-below-stick-meta":"","astra-migrate-meta-layouts":"set","ast-page-background-enabled":"default","ast-page-background-meta":{"desktop":{"background-color":"var(--ast-global-color-4)","background-image":"","background-repeat":"repeat","background-position":"center center","background-size":"auto","background-attachment":"scroll","background-type":"","background-media":"","overlay-type":"","overlay-color":"","overlay-opacity":"","overlay-gradient":""},"tablet":{"background-color":"","background-image":"","background-repeat":"repeat","background-position":"center center","background-size":"auto","background-attachment":"scroll","background-type":"","background-media":"","overlay-type":"","overlay-color":"","overlay-opacity":"","overlay-gradient":""},"mobile":{"background-color":"","background-image":"","background-repeat":"repeat","background-position":"center center","background-size":"auto","background-attachment":"scroll","background-type":"","background-media":"","overlay-type":"","overlay-color":"","overlay-opacity":"","overlay-gradient":""}},"ast-content-background-meta":{"desktop":{"background-color":"var(--ast-global-color-5)","background-image":"","background-repeat":"repeat","background-position":"center center","background-size":"auto","background-attachment":"scroll","background-type":"","background-media":"","overlay-type":"","overlay-color":"","overlay-opacity":"","overlay-gradient":""},"tablet":{"background-color":"var(--ast-global-color-5)","background-image":"","background-repeat":"repeat","background-position":"center center","background-size":"auto","background-attachment":"scroll","background-type":"","background-media":"","overlay-type":"","overlay-color":"","overlay-opacity":"","overlay-gradient":""},"mobile":{"background-color":"var(--ast-global-color-5)","background-image":"","background-repeat":"repeat","background-position":"center center","background-size":"auto","background-attachment":"scroll","background-type":"","background-media":"","overlay-type":"","overlay-color":"","overlay-opacity":"","overlay-gradient":""}}},"product_brand":[],"product_cat":[23,176],"product_tag":[213],"class_list":{"0":"post-2067","1":"product","2":"type-product","3":"status-publish","4":"has-post-thumbnail","6":"product_cat-libros","7":"product_cat-oraciones","8":"product_tag-proverbios","9":"desktop-align-left","10":"tablet-align-left","11":"mobile-align-left","13":"first","14":"instock","15":"shipping-taxable","16":"purchasable","17":"product-type-simple"},"yoast_head":"<!-- This site is optimized with the Yoast SEO plugin v27.4 - https:\/\/yoast.com\/product\/yoast-seo-wordpress\/ -->\n<title>Proverbios TLP Sabidur\u00eda De Lo Alto Broadstreet Publishing - tzionlibreria.com<\/title>\n<meta name=\"robots\" content=\"index, follow, max-snippet:-1, max-image-preview:large, max-video-preview:-1\" \/>\n<link rel=\"canonical\" href=\"https:\/\/tzionlibreria.com\/index.php\/product\/proverbios-tlp-sabiduria-de-lo-alto-broadstreet-publishing\/\" \/>\n<meta property=\"og:locale\" content=\"es_ES\" \/>\n<meta property=\"og:type\" content=\"article\" \/>\n<meta property=\"og:title\" content=\"Proverbios TLP Sabidur\u00eda De Lo Alto Broadstreet Publishing - tzionlibreria.com\" \/>\n<meta property=\"og:description\" content=\"Proverbios est\u00e1 lleno de incre\u00edbles secretos de sabidur\u00eda que nos despiertan el coraz\u00f3n! Podemos esperar una descarga de perspectivas celestiales sobre nuestro destino, relaciones, trayectoria profesional, finanzas y cualquier otro aspecto de la vida. Con gran profusi\u00f3n de notas a pie de p\u00e1gina que explican el texto sagrado, la Traducci\u00f3n La Pasi\u00f3n revela el significado [&hellip;]\" \/>\n<meta property=\"og:url\" content=\"https:\/\/tzionlibreria.com\/index.php\/product\/proverbios-tlp-sabiduria-de-lo-alto-broadstreet-publishing\/\" \/>\n<meta property=\"og:site_name\" content=\"tzionlibreria.com\" \/>\n<meta property=\"article:modified_time\" content=\"2025-06-16T02:19:11+00:00\" \/>\n<meta property=\"og:image\" content=\"http:\/\/tzionlibreria.com\/wp-content\/uploads\/2023\/12\/Proverbios.jpg\" \/>\n\t<meta property=\"og:image:width\" content=\"1200\" \/>\n\t<meta property=\"og:image:height\" content=\"1200\" \/>\n\t<meta property=\"og:image:type\" content=\"image\/jpeg\" \/>\n<meta name=\"twitter:card\" content=\"summary_large_image\" \/>\n<meta name=\"twitter:label1\" content=\"Tiempo de lectura\" \/>\n\t<meta name=\"twitter:data1\" content=\"2 minutos\" \/>\n<script type=\"application\/ld+json\" class=\"yoast-schema-graph\">{\"@context\":\"https:\\\/\\\/schema.org\",\"@graph\":[{\"@type\":\"WebPage\",\"@id\":\"https:\\\/\\\/tzionlibreria.com\\\/index.php\\\/product\\\/proverbios-tlp-sabiduria-de-lo-alto-broadstreet-publishing\\\/\",\"url\":\"https:\\\/\\\/tzionlibreria.com\\\/index.php\\\/product\\\/proverbios-tlp-sabiduria-de-lo-alto-broadstreet-publishing\\\/\",\"name\":\"Proverbios TLP Sabidur\u00eda De Lo Alto Broadstreet Publishing - tzionlibreria.com\",\"isPartOf\":{\"@id\":\"https:\\\/\\\/tzionlibreria.com\\\/#website\"},\"primaryImageOfPage\":{\"@id\":\"https:\\\/\\\/tzionlibreria.com\\\/index.php\\\/product\\\/proverbios-tlp-sabiduria-de-lo-alto-broadstreet-publishing\\\/#primaryimage\"},\"image\":{\"@id\":\"https:\\\/\\\/tzionlibreria.com\\\/index.php\\\/product\\\/proverbios-tlp-sabiduria-de-lo-alto-broadstreet-publishing\\\/#primaryimage\"},\"thumbnailUrl\":\"https:\\\/\\\/tzionlibreria.com\\\/wp-content\\\/uploads\\\/2023\\\/12\\\/Proverbios.jpg\",\"datePublished\":\"2023-12-20T18:43:23+00:00\",\"dateModified\":\"2025-06-16T02:19:11+00:00\",\"breadcrumb\":{\"@id\":\"https:\\\/\\\/tzionlibreria.com\\\/index.php\\\/product\\\/proverbios-tlp-sabiduria-de-lo-alto-broadstreet-publishing\\\/#breadcrumb\"},\"inLanguage\":\"es-CO\",\"potentialAction\":[{\"@type\":\"ReadAction\",\"target\":[\"https:\\\/\\\/tzionlibreria.com\\\/index.php\\\/product\\\/proverbios-tlp-sabiduria-de-lo-alto-broadstreet-publishing\\\/\"]}]},{\"@type\":\"ImageObject\",\"inLanguage\":\"es-CO\",\"@id\":\"https:\\\/\\\/tzionlibreria.com\\\/index.php\\\/product\\\/proverbios-tlp-sabiduria-de-lo-alto-broadstreet-publishing\\\/#primaryimage\",\"url\":\"https:\\\/\\\/tzionlibreria.com\\\/wp-content\\\/uploads\\\/2023\\\/12\\\/Proverbios.jpg\",\"contentUrl\":\"https:\\\/\\\/tzionlibreria.com\\\/wp-content\\\/uploads\\\/2023\\\/12\\\/Proverbios.jpg\",\"width\":1200,\"height\":1200},{\"@type\":\"BreadcrumbList\",\"@id\":\"https:\\\/\\\/tzionlibreria.com\\\/index.php\\\/product\\\/proverbios-tlp-sabiduria-de-lo-alto-broadstreet-publishing\\\/#breadcrumb\",\"itemListElement\":[{\"@type\":\"ListItem\",\"position\":1,\"name\":\"Inicio\",\"item\":\"https:\\\/\\\/tzionlibreria.com\\\/\"},{\"@type\":\"ListItem\",\"position\":2,\"name\":\"Shop\",\"item\":\"https:\\\/\\\/tzionlibreria.com\\\/index.php\\\/shop\\\/\"},{\"@type\":\"ListItem\",\"position\":3,\"name\":\"Proverbios TLP Sabidur\u00eda De Lo Alto Broadstreet Publishing\"}]},{\"@type\":\"WebSite\",\"@id\":\"https:\\\/\\\/tzionlibreria.com\\\/#website\",\"url\":\"https:\\\/\\\/tzionlibreria.com\\\/\",\"name\":\"tzionlibreria.com\",\"description\":\"Libreria Cristiana Venezuela\",\"publisher\":{\"@id\":\"https:\\\/\\\/tzionlibreria.com\\\/#organization\"},\"potentialAction\":[{\"@type\":\"SearchAction\",\"target\":{\"@type\":\"EntryPoint\",\"urlTemplate\":\"https:\\\/\\\/tzionlibreria.com\\\/?s={search_term_string}\"},\"query-input\":{\"@type\":\"PropertyValueSpecification\",\"valueRequired\":true,\"valueName\":\"search_term_string\"}}],\"inLanguage\":\"es-CO\"},{\"@type\":\"Organization\",\"@id\":\"https:\\\/\\\/tzionlibreria.com\\\/#organization\",\"name\":\"tzionlibreria.com\",\"url\":\"https:\\\/\\\/tzionlibreria.com\\\/\",\"logo\":{\"@type\":\"ImageObject\",\"inLanguage\":\"es-CO\",\"@id\":\"https:\\\/\\\/tzionlibreria.com\\\/#\\\/schema\\\/logo\\\/image\\\/\",\"url\":\"https:\\\/\\\/tzionlibreria.com\\\/wp-content\\\/uploads\\\/2023\\\/10\\\/cropped-Cuadricula-scaled-1.jpg\",\"contentUrl\":\"https:\\\/\\\/tzionlibreria.com\\\/wp-content\\\/uploads\\\/2023\\\/10\\\/cropped-Cuadricula-scaled-1.jpg\",\"width\":2560,\"height\":2560,\"caption\":\"tzionlibreria.com\"},\"image\":{\"@id\":\"https:\\\/\\\/tzionlibreria.com\\\/#\\\/schema\\\/logo\\\/image\\\/\"}}]}<\/script>\n<!-- \/ Yoast SEO plugin. -->","yoast_head_json":{"title":"Proverbios TLP Sabidur\u00eda De Lo Alto Broadstreet Publishing - tzionlibreria.com","robots":{"index":"index","follow":"follow","max-snippet":"max-snippet:-1","max-image-preview":"max-image-preview:large","max-video-preview":"max-video-preview:-1"},"canonical":"https:\/\/tzionlibreria.com\/index.php\/product\/proverbios-tlp-sabiduria-de-lo-alto-broadstreet-publishing\/","og_locale":"es_ES","og_type":"article","og_title":"Proverbios TLP Sabidur\u00eda De Lo Alto Broadstreet Publishing - tzionlibreria.com","og_description":"Proverbios est\u00e1 lleno de incre\u00edbles secretos de sabidur\u00eda que nos despiertan el coraz\u00f3n! Podemos esperar una descarga de perspectivas celestiales sobre nuestro destino, relaciones, trayectoria profesional, finanzas y cualquier otro aspecto de la vida. Con gran profusi\u00f3n de notas a pie de p\u00e1gina que explican el texto sagrado, la Traducci\u00f3n La Pasi\u00f3n revela el significado [&hellip;]","og_url":"https:\/\/tzionlibreria.com\/index.php\/product\/proverbios-tlp-sabiduria-de-lo-alto-broadstreet-publishing\/","og_site_name":"tzionlibreria.com","article_modified_time":"2025-06-16T02:19:11+00:00","og_image":[{"width":1200,"height":1200,"url":"http:\/\/tzionlibreria.com\/wp-content\/uploads\/2023\/12\/Proverbios.jpg","type":"image\/jpeg"}],"twitter_card":"summary_large_image","twitter_misc":{"Tiempo de lectura":"2 minutos"},"schema":{"@context":"https:\/\/schema.org","@graph":[{"@type":"WebPage","@id":"https:\/\/tzionlibreria.com\/index.php\/product\/proverbios-tlp-sabiduria-de-lo-alto-broadstreet-publishing\/","url":"https:\/\/tzionlibreria.com\/index.php\/product\/proverbios-tlp-sabiduria-de-lo-alto-broadstreet-publishing\/","name":"Proverbios TLP Sabidur\u00eda De Lo Alto Broadstreet Publishing - tzionlibreria.com","isPartOf":{"@id":"https:\/\/tzionlibreria.com\/#website"},"primaryImageOfPage":{"@id":"https:\/\/tzionlibreria.com\/index.php\/product\/proverbios-tlp-sabiduria-de-lo-alto-broadstreet-publishing\/#primaryimage"},"image":{"@id":"https:\/\/tzionlibreria.com\/index.php\/product\/proverbios-tlp-sabiduria-de-lo-alto-broadstreet-publishing\/#primaryimage"},"thumbnailUrl":"https:\/\/tzionlibreria.com\/wp-content\/uploads\/2023\/12\/Proverbios.jpg","datePublished":"2023-12-20T18:43:23+00:00","dateModified":"2025-06-16T02:19:11+00:00","breadcrumb":{"@id":"https:\/\/tzionlibreria.com\/index.php\/product\/proverbios-tlp-sabiduria-de-lo-alto-broadstreet-publishing\/#breadcrumb"},"inLanguage":"es-CO","potentialAction":[{"@type":"ReadAction","target":["https:\/\/tzionlibreria.com\/index.php\/product\/proverbios-tlp-sabiduria-de-lo-alto-broadstreet-publishing\/"]}]},{"@type":"ImageObject","inLanguage":"es-CO","@id":"https:\/\/tzionlibreria.com\/index.php\/product\/proverbios-tlp-sabiduria-de-lo-alto-broadstreet-publishing\/#primaryimage","url":"https:\/\/tzionlibreria.com\/wp-content\/uploads\/2023\/12\/Proverbios.jpg","contentUrl":"https:\/\/tzionlibreria.com\/wp-content\/uploads\/2023\/12\/Proverbios.jpg","width":1200,"height":1200},{"@type":"BreadcrumbList","@id":"https:\/\/tzionlibreria.com\/index.php\/product\/proverbios-tlp-sabiduria-de-lo-alto-broadstreet-publishing\/#breadcrumb","itemListElement":[{"@type":"ListItem","position":1,"name":"Inicio","item":"https:\/\/tzionlibreria.com\/"},{"@type":"ListItem","position":2,"name":"Shop","item":"https:\/\/tzionlibreria.com\/index.php\/shop\/"},{"@type":"ListItem","position":3,"name":"Proverbios TLP Sabidur\u00eda De Lo Alto Broadstreet Publishing"}]},{"@type":"WebSite","@id":"https:\/\/tzionlibreria.com\/#website","url":"https:\/\/tzionlibreria.com\/","name":"tzionlibreria.com","description":"Libreria Cristiana Venezuela","publisher":{"@id":"https:\/\/tzionlibreria.com\/#organization"},"potentialAction":[{"@type":"SearchAction","target":{"@type":"EntryPoint","urlTemplate":"https:\/\/tzionlibreria.com\/?s={search_term_string}"},"query-input":{"@type":"PropertyValueSpecification","valueRequired":true,"valueName":"search_term_string"}}],"inLanguage":"es-CO"},{"@type":"Organization","@id":"https:\/\/tzionlibreria.com\/#organization","name":"tzionlibreria.com","url":"https:\/\/tzionlibreria.com\/","logo":{"@type":"ImageObject","inLanguage":"es-CO","@id":"https:\/\/tzionlibreria.com\/#\/schema\/logo\/image\/","url":"https:\/\/tzionlibreria.com\/wp-content\/uploads\/2023\/10\/cropped-Cuadricula-scaled-1.jpg","contentUrl":"https:\/\/tzionlibreria.com\/wp-content\/uploads\/2023\/10\/cropped-Cuadricula-scaled-1.jpg","width":2560,"height":2560,"caption":"tzionlibreria.com"},"image":{"@id":"https:\/\/tzionlibreria.com\/#\/schema\/logo\/image\/"}}]}},"jetpack_sharing_enabled":true,"_links":{"self":[{"href":"https:\/\/tzionlibreria.com\/index.php\/wp-json\/wp\/v2\/product\/2067","targetHints":{"allow":["GET"]}}],"collection":[{"href":"https:\/\/tzionlibreria.com\/index.php\/wp-json\/wp\/v2\/product"}],"about":[{"href":"https:\/\/tzionlibreria.com\/index.php\/wp-json\/wp\/v2\/types\/product"}],"replies":[{"embeddable":true,"href":"https:\/\/tzionlibreria.com\/index.php\/wp-json\/wp\/v2\/comments?post=2067"}],"wp:featuredmedia":[{"embeddable":true,"href":"https:\/\/tzionlibreria.com\/index.php\/wp-json\/wp\/v2\/media\/2068"}],"wp:attachment":[{"href":"https:\/\/tzionlibreria.com\/index.php\/wp-json\/wp\/v2\/media?parent=2067"}],"wp:term":[{"taxonomy":"product_brand","embeddable":true,"href":"https:\/\/tzionlibreria.com\/index.php\/wp-json\/wp\/v2\/product_brand?post=2067"},{"taxonomy":"product_cat","embeddable":true,"href":"https:\/\/tzionlibreria.com\/index.php\/wp-json\/wp\/v2\/product_cat?post=2067"},{"taxonomy":"product_tag","embeddable":true,"href":"https:\/\/tzionlibreria.com\/index.php\/wp-json\/wp\/v2\/product_tag?post=2067"}],"curies":[{"name":"wp","href":"https:\/\/api.w.org\/{rel}","templated":true}]}}