{"id":2072,"date":"2023-12-27T12:46:19","date_gmt":"2023-12-27T12:46:19","guid":{"rendered":"https:\/\/tzionlibreria.com\/?post_type=product&#038;p=2072"},"modified":"2025-08-19T01:45:29","modified_gmt":"2025-08-19T01:45:29","slug":"biblia-precious-moments-version-nueva-biblia-al-dia-blanca-2","status":"publish","type":"product","link":"https:\/\/tzionlibreria.com\/index.php\/product\/biblia-precious-moments-version-nueva-biblia-al-dia-blanca-2\/","title":{"rendered":"Biblia Precious Moments Nueva Biblia al D\u00eda (NBD) Blanco"},"content":{"rendered":"<h3 data-start=\"162\" data-end=\"226\">\ud83d\udcd6 <strong data-start=\"169\" data-end=\"224\">Biblia Precious Moments \u2013 Nueva Biblia al D\u00eda (NBD)<\/strong><\/h3>\n<p data-start=\"227\" data-end=\"270\">\u2728 \u00a1M\u00e1s de 14 millones de copias vendidas! \u2728<\/p>\n<p data-start=\"272\" data-end=\"535\">Esta es una de las Biblias para ni\u00f1os m\u00e1s queridas del mundo. Con adorables ilustraciones de <strong data-start=\"365\" data-end=\"385\">Precious Moments<\/strong> y el texto claro de la <strong data-start=\"409\" data-end=\"432\">Nueva Biblia al D\u00eda<\/strong>, esta edici\u00f3n especial en caja de regalo es perfecta para sembrar la fe en los corazones m\u00e1s peque\u00f1os.<\/p>\n<hr data-start=\"537\" data-end=\"540\" \/>\n<h3 data-start=\"542\" data-end=\"569\">\ud83d\udc9d <strong data-start=\"549\" data-end=\"568\">Caracter\u00edsticas<\/strong>:<\/h3>\n<ul data-start=\"570\" data-end=\"1025\">\n<li data-start=\"570\" data-end=\"654\">\n<p data-start=\"572\" data-end=\"654\">Texto completo de la <strong data-start=\"593\" data-end=\"622\">NBD \u2013 Nueva Biblia al D\u00eda<\/strong>, ideal para primeros lectores<\/p>\n<\/li>\n<li data-start=\"655\" data-end=\"687\">\n<p data-start=\"657\" data-end=\"687\">Palabras de Jes\u00fas en rojo \u2764\ufe0f<\/p>\n<\/li>\n<li data-start=\"688\" data-end=\"741\">\n<p data-start=\"690\" data-end=\"741\"><strong data-start=\"690\" data-end=\"723\">20 ilustraciones a todo color<\/strong> por Sam Butcher<\/p>\n<\/li>\n<li data-start=\"742\" data-end=\"781\">\n<p data-start=\"744\" data-end=\"781\"><strong data-start=\"744\" data-end=\"771\">P\u00e1ginas de presentaci\u00f3n<\/strong> a color<\/p>\n<\/li>\n<li data-start=\"782\" data-end=\"806\">\n<p data-start=\"784\" data-end=\"806\">Plan de salvaci\u00f3n \ud83d\ude4f<\/p>\n<\/li>\n<li data-start=\"807\" data-end=\"857\">\n<p data-start=\"809\" data-end=\"857\">Profec\u00edas mesi\u00e1nicas y sobre la segunda venida<\/p>\n<\/li>\n<li data-start=\"858\" data-end=\"891\">\n<p data-start=\"860\" data-end=\"891\">Oraciones y milagros de Jes\u00fas<\/p>\n<\/li>\n<li data-start=\"892\" data-end=\"908\">\n<p data-start=\"894\" data-end=\"908\">Concordancia<\/p>\n<\/li>\n<li data-start=\"909\" data-end=\"943\">\n<p data-start=\"911\" data-end=\"943\"><strong data-start=\"911\" data-end=\"933\">2 p\u00e1ginas de mapas<\/strong> a color<\/p>\n<\/li>\n<li data-start=\"944\" data-end=\"991\">\n<p data-start=\"946\" data-end=\"991\">Encuadernaci\u00f3n en <strong data-start=\"964\" data-end=\"989\">imitaci\u00f3n piel blanca<\/strong><\/p>\n<\/li>\n<li data-start=\"992\" data-end=\"1025\">\n<p data-start=\"994\" data-end=\"1025\">Incluye <strong data-start=\"1002\" data-end=\"1023\">estuche de regalo<\/strong><\/p>\n<\/li>\n<\/ul>\n<p data-start=\"1027\" data-end=\"1141\">\ud83d\udcd0 Tama\u00f1o ideal para ni\u00f1os<br data-start=\"1053\" data-end=\"1056\" \/>\ud83d\udce6 672 p\u00e1ginas | Peso: 1.55kg<br data-start=\"1085\" data-end=\"1088\" \/>\ud83d\udcda Editorial: Grupo Nelson<br data-start=\"1114\" data-end=\"1117\" \/>\ud83d\udcd8 ISBN: 9781602553125<\/p>\n","protected":false},"excerpt":{"rendered":"<p>\ud83d\udcd6 Biblia Precious Moments \u2013 Nueva Biblia al D\u00eda (NBD) \u2728 \u00a1M\u00e1s de 14 millones de copias vendidas! \u2728 Esta es una de las Biblias para ni\u00f1os m\u00e1s queridas del mundo. Con adorables ilustraciones de Precious Moments y el texto claro de la Nueva Biblia al D\u00eda, esta edici\u00f3n especial en caja de regalo es [&hellip;]<\/p>\n","protected":false},"featured_media":2073,"comment_status":"open","ping_status":"closed","template":"","meta":{"om_disable_all_campaigns":false,"_monsterinsights_skip_tracking":false,"_monsterinsights_sitenote_active":false,"_monsterinsights_sitenote_note":"","_monsterinsights_sitenote_category":0,"site-sidebar-layout":"default","site-content-layout":"","ast-site-content-layout":"default","site-content-style":"default","site-sidebar-style":"default","ast-global-header-display":"","ast-banner-title-visibility":"","ast-main-header-display":"","ast-hfb-above-header-display":"","ast-hfb-below-header-display":"","ast-hfb-mobile-header-display":"","site-post-title":"","ast-breadcrumbs-content":"","ast-featured-img":"","footer-sml-layout":"","ast-disable-related-posts":"","theme-transparent-header-meta":"default","adv-header-id-meta":"","stick-header-meta":"","header-above-stick-meta":"","header-main-stick-meta":"","header-below-stick-meta":"","astra-migrate-meta-layouts":"set","ast-page-background-enabled":"default","ast-page-background-meta":{"desktop":{"background-color":"var(--ast-global-color-4)","background-image":"","background-repeat":"repeat","background-position":"center center","background-size":"auto","background-attachment":"scroll","background-type":"","background-media":"","overlay-type":"","overlay-color":"","overlay-opacity":"","overlay-gradient":""},"tablet":{"background-color":"","background-image":"","background-repeat":"repeat","background-position":"center center","background-size":"auto","background-attachment":"scroll","background-type":"","background-media":"","overlay-type":"","overlay-color":"","overlay-opacity":"","overlay-gradient":""},"mobile":{"background-color":"","background-image":"","background-repeat":"repeat","background-position":"center center","background-size":"auto","background-attachment":"scroll","background-type":"","background-media":"","overlay-type":"","overlay-color":"","overlay-opacity":"","overlay-gradient":""}},"ast-content-background-meta":{"desktop":{"background-color":"var(--ast-global-color-5)","background-image":"","background-repeat":"repeat","background-position":"center center","background-size":"auto","background-attachment":"scroll","background-type":"","background-media":"","overlay-type":"","overlay-color":"","overlay-opacity":"","overlay-gradient":""},"tablet":{"background-color":"var(--ast-global-color-5)","background-image":"","background-repeat":"repeat","background-position":"center center","background-size":"auto","background-attachment":"scroll","background-type":"","background-media":"","overlay-type":"","overlay-color":"","overlay-opacity":"","overlay-gradient":""},"mobile":{"background-color":"var(--ast-global-color-5)","background-image":"","background-repeat":"repeat","background-position":"center center","background-size":"auto","background-attachment":"scroll","background-type":"","background-media":"","overlay-type":"","overlay-color":"","overlay-opacity":"","overlay-gradient":""}}},"product_brand":[],"product_cat":[304,22,38],"product_tag":[68,214],"class_list":{"0":"post-2072","1":"product","2":"type-product","3":"status-publish","4":"has-post-thumbnail","6":"product_cat-biblia-juvenil","7":"product_cat-biblias","8":"product_cat-biblias-de-ninos","9":"product_tag-nbd","10":"product_tag-precious-moments","11":"desktop-align-left","12":"tablet-align-left","13":"mobile-align-left","15":"first","16":"outofstock","17":"shipping-taxable","18":"purchasable","19":"product-type-simple"},"yoast_head":"<!-- This site is optimized with the Yoast SEO plugin v27.4 - https:\/\/yoast.com\/product\/yoast-seo-wordpress\/ -->\n<title>Biblia Precious Moments Nueva Biblia al D\u00eda (NBD) Blanco - tzionlibreria.com<\/title>\n<meta name=\"description\" content=\"Esta edici\u00f3n especial en caja para regalo con ilustraciones Precious Moments contiene el texto completo de la Nueva Biblia al D\u00eda.\" \/>\n<meta name=\"robots\" content=\"index, follow, max-snippet:-1, max-image-preview:large, max-video-preview:-1\" \/>\n<link rel=\"canonical\" href=\"https:\/\/tzionlibreria.com\/index.php\/product\/biblia-precious-moments-version-nueva-biblia-al-dia-blanca-2\/\" \/>\n<meta property=\"og:locale\" content=\"es_ES\" \/>\n<meta property=\"og:type\" content=\"article\" \/>\n<meta property=\"og:title\" content=\"Biblia Precious Moments Nueva Biblia al D\u00eda (NBD) Blanco - tzionlibreria.com\" \/>\n<meta property=\"og:description\" content=\"Esta edici\u00f3n especial en caja para regalo con ilustraciones Precious Moments contiene el texto completo de la Nueva Biblia al D\u00eda.\" \/>\n<meta property=\"og:url\" content=\"https:\/\/tzionlibreria.com\/index.php\/product\/biblia-precious-moments-version-nueva-biblia-al-dia-blanca-2\/\" \/>\n<meta property=\"og:site_name\" content=\"tzionlibreria.com\" \/>\n<meta property=\"article:modified_time\" content=\"2025-08-19T01:45:29+00:00\" \/>\n<meta property=\"og:image\" content=\"http:\/\/tzionlibreria.com\/wp-content\/uploads\/2023\/12\/D_NQ_NP_2X_628280-MLV52800526704_122022-F.jpg\" \/>\n\t<meta property=\"og:image:width\" content=\"1097\" \/>\n\t<meta property=\"og:image:height\" content=\"988\" \/>\n\t<meta property=\"og:image:type\" content=\"image\/jpeg\" \/>\n<meta name=\"twitter:card\" content=\"summary_large_image\" \/>\n<meta name=\"twitter:label1\" content=\"Tiempo de lectura\" \/>\n\t<meta name=\"twitter:data1\" content=\"1 minuto\" \/>\n<script type=\"application\/ld+json\" class=\"yoast-schema-graph\">{\"@context\":\"https:\\\/\\\/schema.org\",\"@graph\":[{\"@type\":\"WebPage\",\"@id\":\"https:\\\/\\\/tzionlibreria.com\\\/index.php\\\/product\\\/biblia-precious-moments-version-nueva-biblia-al-dia-blanca-2\\\/\",\"url\":\"https:\\\/\\\/tzionlibreria.com\\\/index.php\\\/product\\\/biblia-precious-moments-version-nueva-biblia-al-dia-blanca-2\\\/\",\"name\":\"Biblia Precious Moments Nueva Biblia al D\u00eda (NBD) Blanco - tzionlibreria.com\",\"isPartOf\":{\"@id\":\"https:\\\/\\\/tzionlibreria.com\\\/#website\"},\"primaryImageOfPage\":{\"@id\":\"https:\\\/\\\/tzionlibreria.com\\\/index.php\\\/product\\\/biblia-precious-moments-version-nueva-biblia-al-dia-blanca-2\\\/#primaryimage\"},\"image\":{\"@id\":\"https:\\\/\\\/tzionlibreria.com\\\/index.php\\\/product\\\/biblia-precious-moments-version-nueva-biblia-al-dia-blanca-2\\\/#primaryimage\"},\"thumbnailUrl\":\"https:\\\/\\\/tzionlibreria.com\\\/wp-content\\\/uploads\\\/2023\\\/12\\\/D_NQ_NP_2X_628280-MLV52800526704_122022-F.jpg\",\"datePublished\":\"2023-12-27T12:46:19+00:00\",\"dateModified\":\"2025-08-19T01:45:29+00:00\",\"description\":\"Esta edici\u00f3n especial en caja para regalo con ilustraciones Precious Moments contiene el texto completo de la Nueva Biblia al D\u00eda.\",\"breadcrumb\":{\"@id\":\"https:\\\/\\\/tzionlibreria.com\\\/index.php\\\/product\\\/biblia-precious-moments-version-nueva-biblia-al-dia-blanca-2\\\/#breadcrumb\"},\"inLanguage\":\"es-CO\",\"potentialAction\":[{\"@type\":\"ReadAction\",\"target\":[\"https:\\\/\\\/tzionlibreria.com\\\/index.php\\\/product\\\/biblia-precious-moments-version-nueva-biblia-al-dia-blanca-2\\\/\"]}]},{\"@type\":\"ImageObject\",\"inLanguage\":\"es-CO\",\"@id\":\"https:\\\/\\\/tzionlibreria.com\\\/index.php\\\/product\\\/biblia-precious-moments-version-nueva-biblia-al-dia-blanca-2\\\/#primaryimage\",\"url\":\"https:\\\/\\\/tzionlibreria.com\\\/wp-content\\\/uploads\\\/2023\\\/12\\\/D_NQ_NP_2X_628280-MLV52800526704_122022-F.jpg\",\"contentUrl\":\"https:\\\/\\\/tzionlibreria.com\\\/wp-content\\\/uploads\\\/2023\\\/12\\\/D_NQ_NP_2X_628280-MLV52800526704_122022-F.jpg\",\"width\":1097,\"height\":988},{\"@type\":\"BreadcrumbList\",\"@id\":\"https:\\\/\\\/tzionlibreria.com\\\/index.php\\\/product\\\/biblia-precious-moments-version-nueva-biblia-al-dia-blanca-2\\\/#breadcrumb\",\"itemListElement\":[{\"@type\":\"ListItem\",\"position\":1,\"name\":\"Inicio\",\"item\":\"https:\\\/\\\/tzionlibreria.com\\\/\"},{\"@type\":\"ListItem\",\"position\":2,\"name\":\"Shop\",\"item\":\"https:\\\/\\\/tzionlibreria.com\\\/index.php\\\/shop\\\/\"},{\"@type\":\"ListItem\",\"position\":3,\"name\":\"Biblia Precious Moments Nueva Biblia al D\u00eda (NBD) Blanco\"}]},{\"@type\":\"WebSite\",\"@id\":\"https:\\\/\\\/tzionlibreria.com\\\/#website\",\"url\":\"https:\\\/\\\/tzionlibreria.com\\\/\",\"name\":\"tzionlibreria.com\",\"description\":\"Libreria Cristiana Venezuela\",\"publisher\":{\"@id\":\"https:\\\/\\\/tzionlibreria.com\\\/#organization\"},\"potentialAction\":[{\"@type\":\"SearchAction\",\"target\":{\"@type\":\"EntryPoint\",\"urlTemplate\":\"https:\\\/\\\/tzionlibreria.com\\\/?s={search_term_string}\"},\"query-input\":{\"@type\":\"PropertyValueSpecification\",\"valueRequired\":true,\"valueName\":\"search_term_string\"}}],\"inLanguage\":\"es-CO\"},{\"@type\":\"Organization\",\"@id\":\"https:\\\/\\\/tzionlibreria.com\\\/#organization\",\"name\":\"tzionlibreria.com\",\"url\":\"https:\\\/\\\/tzionlibreria.com\\\/\",\"logo\":{\"@type\":\"ImageObject\",\"inLanguage\":\"es-CO\",\"@id\":\"https:\\\/\\\/tzionlibreria.com\\\/#\\\/schema\\\/logo\\\/image\\\/\",\"url\":\"https:\\\/\\\/tzionlibreria.com\\\/wp-content\\\/uploads\\\/2023\\\/10\\\/cropped-Cuadricula-scaled-1.jpg\",\"contentUrl\":\"https:\\\/\\\/tzionlibreria.com\\\/wp-content\\\/uploads\\\/2023\\\/10\\\/cropped-Cuadricula-scaled-1.jpg\",\"width\":2560,\"height\":2560,\"caption\":\"tzionlibreria.com\"},\"image\":{\"@id\":\"https:\\\/\\\/tzionlibreria.com\\\/#\\\/schema\\\/logo\\\/image\\\/\"}}]}<\/script>\n<!-- \/ Yoast SEO plugin. -->","yoast_head_json":{"title":"Biblia Precious Moments Nueva Biblia al D\u00eda (NBD) Blanco - tzionlibreria.com","description":"Esta edici\u00f3n especial en caja para regalo con ilustraciones Precious Moments contiene el texto completo de la Nueva Biblia al D\u00eda.","robots":{"index":"index","follow":"follow","max-snippet":"max-snippet:-1","max-image-preview":"max-image-preview:large","max-video-preview":"max-video-preview:-1"},"canonical":"https:\/\/tzionlibreria.com\/index.php\/product\/biblia-precious-moments-version-nueva-biblia-al-dia-blanca-2\/","og_locale":"es_ES","og_type":"article","og_title":"Biblia Precious Moments Nueva Biblia al D\u00eda (NBD) Blanco - tzionlibreria.com","og_description":"Esta edici\u00f3n especial en caja para regalo con ilustraciones Precious Moments contiene el texto completo de la Nueva Biblia al D\u00eda.","og_url":"https:\/\/tzionlibreria.com\/index.php\/product\/biblia-precious-moments-version-nueva-biblia-al-dia-blanca-2\/","og_site_name":"tzionlibreria.com","article_modified_time":"2025-08-19T01:45:29+00:00","og_image":[{"width":1097,"height":988,"url":"http:\/\/tzionlibreria.com\/wp-content\/uploads\/2023\/12\/D_NQ_NP_2X_628280-MLV52800526704_122022-F.jpg","type":"image\/jpeg"}],"twitter_card":"summary_large_image","twitter_misc":{"Tiempo de lectura":"1 minuto"},"schema":{"@context":"https:\/\/schema.org","@graph":[{"@type":"WebPage","@id":"https:\/\/tzionlibreria.com\/index.php\/product\/biblia-precious-moments-version-nueva-biblia-al-dia-blanca-2\/","url":"https:\/\/tzionlibreria.com\/index.php\/product\/biblia-precious-moments-version-nueva-biblia-al-dia-blanca-2\/","name":"Biblia Precious Moments Nueva Biblia al D\u00eda (NBD) Blanco - tzionlibreria.com","isPartOf":{"@id":"https:\/\/tzionlibreria.com\/#website"},"primaryImageOfPage":{"@id":"https:\/\/tzionlibreria.com\/index.php\/product\/biblia-precious-moments-version-nueva-biblia-al-dia-blanca-2\/#primaryimage"},"image":{"@id":"https:\/\/tzionlibreria.com\/index.php\/product\/biblia-precious-moments-version-nueva-biblia-al-dia-blanca-2\/#primaryimage"},"thumbnailUrl":"https:\/\/tzionlibreria.com\/wp-content\/uploads\/2023\/12\/D_NQ_NP_2X_628280-MLV52800526704_122022-F.jpg","datePublished":"2023-12-27T12:46:19+00:00","dateModified":"2025-08-19T01:45:29+00:00","description":"Esta edici\u00f3n especial en caja para regalo con ilustraciones Precious Moments contiene el texto completo de la Nueva Biblia al D\u00eda.","breadcrumb":{"@id":"https:\/\/tzionlibreria.com\/index.php\/product\/biblia-precious-moments-version-nueva-biblia-al-dia-blanca-2\/#breadcrumb"},"inLanguage":"es-CO","potentialAction":[{"@type":"ReadAction","target":["https:\/\/tzionlibreria.com\/index.php\/product\/biblia-precious-moments-version-nueva-biblia-al-dia-blanca-2\/"]}]},{"@type":"ImageObject","inLanguage":"es-CO","@id":"https:\/\/tzionlibreria.com\/index.php\/product\/biblia-precious-moments-version-nueva-biblia-al-dia-blanca-2\/#primaryimage","url":"https:\/\/tzionlibreria.com\/wp-content\/uploads\/2023\/12\/D_NQ_NP_2X_628280-MLV52800526704_122022-F.jpg","contentUrl":"https:\/\/tzionlibreria.com\/wp-content\/uploads\/2023\/12\/D_NQ_NP_2X_628280-MLV52800526704_122022-F.jpg","width":1097,"height":988},{"@type":"BreadcrumbList","@id":"https:\/\/tzionlibreria.com\/index.php\/product\/biblia-precious-moments-version-nueva-biblia-al-dia-blanca-2\/#breadcrumb","itemListElement":[{"@type":"ListItem","position":1,"name":"Inicio","item":"https:\/\/tzionlibreria.com\/"},{"@type":"ListItem","position":2,"name":"Shop","item":"https:\/\/tzionlibreria.com\/index.php\/shop\/"},{"@type":"ListItem","position":3,"name":"Biblia Precious Moments Nueva Biblia al D\u00eda (NBD) Blanco"}]},{"@type":"WebSite","@id":"https:\/\/tzionlibreria.com\/#website","url":"https:\/\/tzionlibreria.com\/","name":"tzionlibreria.com","description":"Libreria Cristiana Venezuela","publisher":{"@id":"https:\/\/tzionlibreria.com\/#organization"},"potentialAction":[{"@type":"SearchAction","target":{"@type":"EntryPoint","urlTemplate":"https:\/\/tzionlibreria.com\/?s={search_term_string}"},"query-input":{"@type":"PropertyValueSpecification","valueRequired":true,"valueName":"search_term_string"}}],"inLanguage":"es-CO"},{"@type":"Organization","@id":"https:\/\/tzionlibreria.com\/#organization","name":"tzionlibreria.com","url":"https:\/\/tzionlibreria.com\/","logo":{"@type":"ImageObject","inLanguage":"es-CO","@id":"https:\/\/tzionlibreria.com\/#\/schema\/logo\/image\/","url":"https:\/\/tzionlibreria.com\/wp-content\/uploads\/2023\/10\/cropped-Cuadricula-scaled-1.jpg","contentUrl":"https:\/\/tzionlibreria.com\/wp-content\/uploads\/2023\/10\/cropped-Cuadricula-scaled-1.jpg","width":2560,"height":2560,"caption":"tzionlibreria.com"},"image":{"@id":"https:\/\/tzionlibreria.com\/#\/schema\/logo\/image\/"}}]}},"jetpack_sharing_enabled":true,"_links":{"self":[{"href":"https:\/\/tzionlibreria.com\/index.php\/wp-json\/wp\/v2\/product\/2072","targetHints":{"allow":["GET"]}}],"collection":[{"href":"https:\/\/tzionlibreria.com\/index.php\/wp-json\/wp\/v2\/product"}],"about":[{"href":"https:\/\/tzionlibreria.com\/index.php\/wp-json\/wp\/v2\/types\/product"}],"replies":[{"embeddable":true,"href":"https:\/\/tzionlibreria.com\/index.php\/wp-json\/wp\/v2\/comments?post=2072"}],"wp:featuredmedia":[{"embeddable":true,"href":"https:\/\/tzionlibreria.com\/index.php\/wp-json\/wp\/v2\/media\/2073"}],"wp:attachment":[{"href":"https:\/\/tzionlibreria.com\/index.php\/wp-json\/wp\/v2\/media?parent=2072"}],"wp:term":[{"taxonomy":"product_brand","embeddable":true,"href":"https:\/\/tzionlibreria.com\/index.php\/wp-json\/wp\/v2\/product_brand?post=2072"},{"taxonomy":"product_cat","embeddable":true,"href":"https:\/\/tzionlibreria.com\/index.php\/wp-json\/wp\/v2\/product_cat?post=2072"},{"taxonomy":"product_tag","embeddable":true,"href":"https:\/\/tzionlibreria.com\/index.php\/wp-json\/wp\/v2\/product_tag?post=2072"}],"curies":[{"name":"wp","href":"https:\/\/api.w.org\/{rel}","templated":true}]}}