{"id":2087,"date":"2023-12-27T13:48:21","date_gmt":"2023-12-27T13:48:21","guid":{"rendered":"https:\/\/tzionlibreria.com\/?post_type=product&#038;p=2087"},"modified":"2025-01-31T14:31:13","modified_gmt":"2025-01-31T14:31:13","slug":"sanidad-para-el-alma-de-una-mujer-devocionario-joyce-meyer","status":"publish","type":"product","link":"https:\/\/tzionlibreria.com\/index.php\/product\/sanidad-para-el-alma-de-una-mujer-devocionario-joyce-meyer\/","title":{"rendered":"Sanidad Para El Alma De Una Mujer Devocionario &#8211; Joyce Meyer"},"content":{"rendered":"<div>Sanidad para el alma de una mujer profundiz\u00f3 en la historia personal de Joyce Meyer y en una jornada de curaci\u00f3n para todas las mujeres. A pesar de haber sufrido a\u00f1os de abuso, abandono y traici\u00f3n por parte de quienes eran cercanos a ella, Joyce cree firmemente que una mujer que ha sido profundamente herida por las circunstancias de la vida puede ser sanada, del coraz\u00f3n y del alma. Su afirmaci\u00f3n constante proviene de vivir su propia jornada de sanidad y de ver a tantas mujeres que no creen que puedan superar su dolor, o incluso no saben por d\u00f3nde empezar, a que encuentren la direcci\u00f3n que necesitan de la sabidur\u00eda que proviene de la Biblia.<\/div>\n<div><\/div>\n<div><\/div>\n<div>Ahora, en este devocionario complementario, Joyce la guiar\u00e1 a trav\u00e9s de 90 lecturas diarias para alentarla a trav\u00e9s de los obst\u00e1culos que le impiden encontrar su verdadero destino. Dios puede sanar su dolor, y \u00c9l quiere hacerlo en usted.<\/div>\n<div><\/div>\n<div><\/div>\n<div>Permita que el DEVOCIONARIO SANIDAD PARA EL ALMA DE UNA MUJER sea de inspiraci\u00f3n en su jornada hacia ese futuro maravilloso y radiante que Dios ha planeado para usted.<\/div>\n<div><\/div>\n<div><\/div>\n<div><strong>ISBN<\/strong>: 9781546038443<br \/>\n<strong>Dimensiones<\/strong>: 130 x 180 x 20 mm<br \/>\n<strong>Peso<\/strong>: 0,293kg<br \/>\n<strong>Cubierta<\/strong>: Tapa Dura<br \/>\n<strong>Idioma<\/strong>: Espa\u00f1ol<\/div>\n","protected":false},"excerpt":{"rendered":"<p>Sanidad para el alma de una mujer profundiz\u00f3 en la historia personal de Joyce Meyer y en una jornada de curaci\u00f3n para todas las mujeres. A pesar de haber sufrido a\u00f1os de abuso, abandono y traici\u00f3n por parte de quienes eran cercanos a ella, Joyce cree firmemente que una mujer que ha sido profundamente herida [&hellip;]<\/p>\n","protected":false},"featured_media":2088,"comment_status":"open","ping_status":"closed","template":"","meta":{"om_disable_all_campaigns":false,"_monsterinsights_skip_tracking":false,"_monsterinsights_sitenote_active":false,"_monsterinsights_sitenote_note":"","_monsterinsights_sitenote_category":0,"site-sidebar-layout":"default","site-content-layout":"","ast-site-content-layout":"default","site-content-style":"default","site-sidebar-style":"default","ast-global-header-display":"","ast-banner-title-visibility":"","ast-main-header-display":"","ast-hfb-above-header-display":"","ast-hfb-below-header-display":"","ast-hfb-mobile-header-display":"","site-post-title":"","ast-breadcrumbs-content":"","ast-featured-img":"","footer-sml-layout":"","ast-disable-related-posts":"","theme-transparent-header-meta":"default","adv-header-id-meta":"","stick-header-meta":"","header-above-stick-meta":"","header-main-stick-meta":"","header-below-stick-meta":"","astra-migrate-meta-layouts":"set","ast-page-background-enabled":"default","ast-page-background-meta":{"desktop":{"background-color":"var(--ast-global-color-4)","background-image":"","background-repeat":"repeat","background-position":"center center","background-size":"auto","background-attachment":"scroll","background-type":"","background-media":"","overlay-type":"","overlay-color":"","overlay-opacity":"","overlay-gradient":""},"tablet":{"background-color":"","background-image":"","background-repeat":"repeat","background-position":"center center","background-size":"auto","background-attachment":"scroll","background-type":"","background-media":"","overlay-type":"","overlay-color":"","overlay-opacity":"","overlay-gradient":""},"mobile":{"background-color":"","background-image":"","background-repeat":"repeat","background-position":"center center","background-size":"auto","background-attachment":"scroll","background-type":"","background-media":"","overlay-type":"","overlay-color":"","overlay-opacity":"","overlay-gradient":""}},"ast-content-background-meta":{"desktop":{"background-color":"var(--ast-global-color-5)","background-image":"","background-repeat":"repeat","background-position":"center center","background-size":"auto","background-attachment":"scroll","background-type":"","background-media":"","overlay-type":"","overlay-color":"","overlay-opacity":"","overlay-gradient":""},"tablet":{"background-color":"var(--ast-global-color-5)","background-image":"","background-repeat":"repeat","background-position":"center center","background-size":"auto","background-attachment":"scroll","background-type":"","background-media":"","overlay-type":"","overlay-color":"","overlay-opacity":"","overlay-gradient":""},"mobile":{"background-color":"var(--ast-global-color-5)","background-image":"","background-repeat":"repeat","background-position":"center center","background-size":"auto","background-attachment":"scroll","background-type":"","background-media":"","overlay-type":"","overlay-color":"","overlay-opacity":"","overlay-gradient":""}}},"product_brand":[],"product_cat":[24],"product_tag":[221,64],"class_list":{"0":"post-2087","1":"product","2":"type-product","3":"status-publish","4":"has-post-thumbnail","6":"product_cat-devocionales","7":"product_tag-devocionario","8":"product_tag-joyce-meyer","9":"desktop-align-left","10":"tablet-align-left","11":"mobile-align-left","13":"first","14":"outofstock","15":"shipping-taxable","16":"purchasable","17":"product-type-simple"},"yoast_head":"<!-- This site is optimized with the Yoast SEO plugin v27.4 - https:\/\/yoast.com\/product\/yoast-seo-wordpress\/ -->\n<title>Sanidad Para El Alma De Una Mujer Devocionario - Joyce Meyer - tzionlibreria.com<\/title>\n<meta name=\"robots\" content=\"index, follow, max-snippet:-1, max-image-preview:large, max-video-preview:-1\" \/>\n<link rel=\"canonical\" href=\"https:\/\/tzionlibreria.com\/index.php\/product\/sanidad-para-el-alma-de-una-mujer-devocionario-joyce-meyer\/\" \/>\n<meta property=\"og:locale\" content=\"es_ES\" \/>\n<meta property=\"og:type\" content=\"article\" \/>\n<meta property=\"og:title\" content=\"Sanidad Para El Alma De Una Mujer Devocionario - Joyce Meyer - tzionlibreria.com\" \/>\n<meta property=\"og:description\" content=\"Sanidad para el alma de una mujer profundiz\u00f3 en la historia personal de Joyce Meyer y en una jornada de curaci\u00f3n para todas las mujeres. A pesar de haber sufrido a\u00f1os de abuso, abandono y traici\u00f3n por parte de quienes eran cercanos a ella, Joyce cree firmemente que una mujer que ha sido profundamente herida [&hellip;]\" \/>\n<meta property=\"og:url\" content=\"https:\/\/tzionlibreria.com\/index.php\/product\/sanidad-para-el-alma-de-una-mujer-devocionario-joyce-meyer\/\" \/>\n<meta property=\"og:site_name\" content=\"tzionlibreria.com\" \/>\n<meta property=\"article:modified_time\" content=\"2025-01-31T14:31:13+00:00\" \/>\n<meta property=\"og:image\" content=\"http:\/\/tzionlibreria.com\/wp-content\/uploads\/2023\/12\/Sanidad-para-el-alma.jpg\" \/>\n\t<meta property=\"og:image:width\" content=\"1200\" \/>\n\t<meta property=\"og:image:height\" content=\"1200\" \/>\n\t<meta property=\"og:image:type\" content=\"image\/jpeg\" \/>\n<meta name=\"twitter:card\" content=\"summary_large_image\" \/>\n<meta name=\"twitter:label1\" content=\"Tiempo de lectura\" \/>\n\t<meta name=\"twitter:data1\" content=\"2 minutos\" \/>\n<script type=\"application\/ld+json\" class=\"yoast-schema-graph\">{\"@context\":\"https:\\\/\\\/schema.org\",\"@graph\":[{\"@type\":\"WebPage\",\"@id\":\"https:\\\/\\\/tzionlibreria.com\\\/index.php\\\/product\\\/sanidad-para-el-alma-de-una-mujer-devocionario-joyce-meyer\\\/\",\"url\":\"https:\\\/\\\/tzionlibreria.com\\\/index.php\\\/product\\\/sanidad-para-el-alma-de-una-mujer-devocionario-joyce-meyer\\\/\",\"name\":\"Sanidad Para El Alma De Una Mujer Devocionario - Joyce Meyer - tzionlibreria.com\",\"isPartOf\":{\"@id\":\"https:\\\/\\\/tzionlibreria.com\\\/#website\"},\"primaryImageOfPage\":{\"@id\":\"https:\\\/\\\/tzionlibreria.com\\\/index.php\\\/product\\\/sanidad-para-el-alma-de-una-mujer-devocionario-joyce-meyer\\\/#primaryimage\"},\"image\":{\"@id\":\"https:\\\/\\\/tzionlibreria.com\\\/index.php\\\/product\\\/sanidad-para-el-alma-de-una-mujer-devocionario-joyce-meyer\\\/#primaryimage\"},\"thumbnailUrl\":\"https:\\\/\\\/tzionlibreria.com\\\/wp-content\\\/uploads\\\/2023\\\/12\\\/Sanidad-para-el-alma.jpg\",\"datePublished\":\"2023-12-27T13:48:21+00:00\",\"dateModified\":\"2025-01-31T14:31:13+00:00\",\"breadcrumb\":{\"@id\":\"https:\\\/\\\/tzionlibreria.com\\\/index.php\\\/product\\\/sanidad-para-el-alma-de-una-mujer-devocionario-joyce-meyer\\\/#breadcrumb\"},\"inLanguage\":\"es-CO\",\"potentialAction\":[{\"@type\":\"ReadAction\",\"target\":[\"https:\\\/\\\/tzionlibreria.com\\\/index.php\\\/product\\\/sanidad-para-el-alma-de-una-mujer-devocionario-joyce-meyer\\\/\"]}]},{\"@type\":\"ImageObject\",\"inLanguage\":\"es-CO\",\"@id\":\"https:\\\/\\\/tzionlibreria.com\\\/index.php\\\/product\\\/sanidad-para-el-alma-de-una-mujer-devocionario-joyce-meyer\\\/#primaryimage\",\"url\":\"https:\\\/\\\/tzionlibreria.com\\\/wp-content\\\/uploads\\\/2023\\\/12\\\/Sanidad-para-el-alma.jpg\",\"contentUrl\":\"https:\\\/\\\/tzionlibreria.com\\\/wp-content\\\/uploads\\\/2023\\\/12\\\/Sanidad-para-el-alma.jpg\",\"width\":1200,\"height\":1200},{\"@type\":\"BreadcrumbList\",\"@id\":\"https:\\\/\\\/tzionlibreria.com\\\/index.php\\\/product\\\/sanidad-para-el-alma-de-una-mujer-devocionario-joyce-meyer\\\/#breadcrumb\",\"itemListElement\":[{\"@type\":\"ListItem\",\"position\":1,\"name\":\"Inicio\",\"item\":\"https:\\\/\\\/tzionlibreria.com\\\/\"},{\"@type\":\"ListItem\",\"position\":2,\"name\":\"Shop\",\"item\":\"https:\\\/\\\/tzionlibreria.com\\\/index.php\\\/shop\\\/\"},{\"@type\":\"ListItem\",\"position\":3,\"name\":\"Sanidad Para El Alma De Una Mujer Devocionario &#8211; Joyce Meyer\"}]},{\"@type\":\"WebSite\",\"@id\":\"https:\\\/\\\/tzionlibreria.com\\\/#website\",\"url\":\"https:\\\/\\\/tzionlibreria.com\\\/\",\"name\":\"tzionlibreria.com\",\"description\":\"Libreria Cristiana Venezuela\",\"publisher\":{\"@id\":\"https:\\\/\\\/tzionlibreria.com\\\/#organization\"},\"potentialAction\":[{\"@type\":\"SearchAction\",\"target\":{\"@type\":\"EntryPoint\",\"urlTemplate\":\"https:\\\/\\\/tzionlibreria.com\\\/?s={search_term_string}\"},\"query-input\":{\"@type\":\"PropertyValueSpecification\",\"valueRequired\":true,\"valueName\":\"search_term_string\"}}],\"inLanguage\":\"es-CO\"},{\"@type\":\"Organization\",\"@id\":\"https:\\\/\\\/tzionlibreria.com\\\/#organization\",\"name\":\"tzionlibreria.com\",\"url\":\"https:\\\/\\\/tzionlibreria.com\\\/\",\"logo\":{\"@type\":\"ImageObject\",\"inLanguage\":\"es-CO\",\"@id\":\"https:\\\/\\\/tzionlibreria.com\\\/#\\\/schema\\\/logo\\\/image\\\/\",\"url\":\"https:\\\/\\\/tzionlibreria.com\\\/wp-content\\\/uploads\\\/2023\\\/10\\\/cropped-Cuadricula-scaled-1.jpg\",\"contentUrl\":\"https:\\\/\\\/tzionlibreria.com\\\/wp-content\\\/uploads\\\/2023\\\/10\\\/cropped-Cuadricula-scaled-1.jpg\",\"width\":2560,\"height\":2560,\"caption\":\"tzionlibreria.com\"},\"image\":{\"@id\":\"https:\\\/\\\/tzionlibreria.com\\\/#\\\/schema\\\/logo\\\/image\\\/\"}}]}<\/script>\n<!-- \/ Yoast SEO plugin. -->","yoast_head_json":{"title":"Sanidad Para El Alma De Una Mujer Devocionario - Joyce Meyer - tzionlibreria.com","robots":{"index":"index","follow":"follow","max-snippet":"max-snippet:-1","max-image-preview":"max-image-preview:large","max-video-preview":"max-video-preview:-1"},"canonical":"https:\/\/tzionlibreria.com\/index.php\/product\/sanidad-para-el-alma-de-una-mujer-devocionario-joyce-meyer\/","og_locale":"es_ES","og_type":"article","og_title":"Sanidad Para El Alma De Una Mujer Devocionario - Joyce Meyer - tzionlibreria.com","og_description":"Sanidad para el alma de una mujer profundiz\u00f3 en la historia personal de Joyce Meyer y en una jornada de curaci\u00f3n para todas las mujeres. A pesar de haber sufrido a\u00f1os de abuso, abandono y traici\u00f3n por parte de quienes eran cercanos a ella, Joyce cree firmemente que una mujer que ha sido profundamente herida [&hellip;]","og_url":"https:\/\/tzionlibreria.com\/index.php\/product\/sanidad-para-el-alma-de-una-mujer-devocionario-joyce-meyer\/","og_site_name":"tzionlibreria.com","article_modified_time":"2025-01-31T14:31:13+00:00","og_image":[{"width":1200,"height":1200,"url":"http:\/\/tzionlibreria.com\/wp-content\/uploads\/2023\/12\/Sanidad-para-el-alma.jpg","type":"image\/jpeg"}],"twitter_card":"summary_large_image","twitter_misc":{"Tiempo de lectura":"2 minutos"},"schema":{"@context":"https:\/\/schema.org","@graph":[{"@type":"WebPage","@id":"https:\/\/tzionlibreria.com\/index.php\/product\/sanidad-para-el-alma-de-una-mujer-devocionario-joyce-meyer\/","url":"https:\/\/tzionlibreria.com\/index.php\/product\/sanidad-para-el-alma-de-una-mujer-devocionario-joyce-meyer\/","name":"Sanidad Para El Alma De Una Mujer Devocionario - Joyce Meyer - tzionlibreria.com","isPartOf":{"@id":"https:\/\/tzionlibreria.com\/#website"},"primaryImageOfPage":{"@id":"https:\/\/tzionlibreria.com\/index.php\/product\/sanidad-para-el-alma-de-una-mujer-devocionario-joyce-meyer\/#primaryimage"},"image":{"@id":"https:\/\/tzionlibreria.com\/index.php\/product\/sanidad-para-el-alma-de-una-mujer-devocionario-joyce-meyer\/#primaryimage"},"thumbnailUrl":"https:\/\/tzionlibreria.com\/wp-content\/uploads\/2023\/12\/Sanidad-para-el-alma.jpg","datePublished":"2023-12-27T13:48:21+00:00","dateModified":"2025-01-31T14:31:13+00:00","breadcrumb":{"@id":"https:\/\/tzionlibreria.com\/index.php\/product\/sanidad-para-el-alma-de-una-mujer-devocionario-joyce-meyer\/#breadcrumb"},"inLanguage":"es-CO","potentialAction":[{"@type":"ReadAction","target":["https:\/\/tzionlibreria.com\/index.php\/product\/sanidad-para-el-alma-de-una-mujer-devocionario-joyce-meyer\/"]}]},{"@type":"ImageObject","inLanguage":"es-CO","@id":"https:\/\/tzionlibreria.com\/index.php\/product\/sanidad-para-el-alma-de-una-mujer-devocionario-joyce-meyer\/#primaryimage","url":"https:\/\/tzionlibreria.com\/wp-content\/uploads\/2023\/12\/Sanidad-para-el-alma.jpg","contentUrl":"https:\/\/tzionlibreria.com\/wp-content\/uploads\/2023\/12\/Sanidad-para-el-alma.jpg","width":1200,"height":1200},{"@type":"BreadcrumbList","@id":"https:\/\/tzionlibreria.com\/index.php\/product\/sanidad-para-el-alma-de-una-mujer-devocionario-joyce-meyer\/#breadcrumb","itemListElement":[{"@type":"ListItem","position":1,"name":"Inicio","item":"https:\/\/tzionlibreria.com\/"},{"@type":"ListItem","position":2,"name":"Shop","item":"https:\/\/tzionlibreria.com\/index.php\/shop\/"},{"@type":"ListItem","position":3,"name":"Sanidad Para El Alma De Una Mujer Devocionario &#8211; Joyce Meyer"}]},{"@type":"WebSite","@id":"https:\/\/tzionlibreria.com\/#website","url":"https:\/\/tzionlibreria.com\/","name":"tzionlibreria.com","description":"Libreria Cristiana Venezuela","publisher":{"@id":"https:\/\/tzionlibreria.com\/#organization"},"potentialAction":[{"@type":"SearchAction","target":{"@type":"EntryPoint","urlTemplate":"https:\/\/tzionlibreria.com\/?s={search_term_string}"},"query-input":{"@type":"PropertyValueSpecification","valueRequired":true,"valueName":"search_term_string"}}],"inLanguage":"es-CO"},{"@type":"Organization","@id":"https:\/\/tzionlibreria.com\/#organization","name":"tzionlibreria.com","url":"https:\/\/tzionlibreria.com\/","logo":{"@type":"ImageObject","inLanguage":"es-CO","@id":"https:\/\/tzionlibreria.com\/#\/schema\/logo\/image\/","url":"https:\/\/tzionlibreria.com\/wp-content\/uploads\/2023\/10\/cropped-Cuadricula-scaled-1.jpg","contentUrl":"https:\/\/tzionlibreria.com\/wp-content\/uploads\/2023\/10\/cropped-Cuadricula-scaled-1.jpg","width":2560,"height":2560,"caption":"tzionlibreria.com"},"image":{"@id":"https:\/\/tzionlibreria.com\/#\/schema\/logo\/image\/"}}]}},"jetpack_sharing_enabled":true,"_links":{"self":[{"href":"https:\/\/tzionlibreria.com\/index.php\/wp-json\/wp\/v2\/product\/2087","targetHints":{"allow":["GET"]}}],"collection":[{"href":"https:\/\/tzionlibreria.com\/index.php\/wp-json\/wp\/v2\/product"}],"about":[{"href":"https:\/\/tzionlibreria.com\/index.php\/wp-json\/wp\/v2\/types\/product"}],"replies":[{"embeddable":true,"href":"https:\/\/tzionlibreria.com\/index.php\/wp-json\/wp\/v2\/comments?post=2087"}],"wp:featuredmedia":[{"embeddable":true,"href":"https:\/\/tzionlibreria.com\/index.php\/wp-json\/wp\/v2\/media\/2088"}],"wp:attachment":[{"href":"https:\/\/tzionlibreria.com\/index.php\/wp-json\/wp\/v2\/media?parent=2087"}],"wp:term":[{"taxonomy":"product_brand","embeddable":true,"href":"https:\/\/tzionlibreria.com\/index.php\/wp-json\/wp\/v2\/product_brand?post=2087"},{"taxonomy":"product_cat","embeddable":true,"href":"https:\/\/tzionlibreria.com\/index.php\/wp-json\/wp\/v2\/product_cat?post=2087"},{"taxonomy":"product_tag","embeddable":true,"href":"https:\/\/tzionlibreria.com\/index.php\/wp-json\/wp\/v2\/product_tag?post=2087"}],"curies":[{"name":"wp","href":"https:\/\/api.w.org\/{rel}","templated":true}]}}