{"id":2116,"date":"2024-01-14T00:47:20","date_gmt":"2024-01-14T00:47:20","guid":{"rendered":"https:\/\/tzionlibreria.com\/?post_type=product&#038;p=2116"},"modified":"2024-02-29T13:37:59","modified_gmt":"2024-02-29T13:37:59","slug":"los-50-acontecimientos-finales-de-la-historia-del-mundo-robert-morgan","status":"publish","type":"product","link":"https:\/\/tzionlibreria.com\/index.php\/product\/los-50-acontecimientos-finales-de-la-historia-del-mundo-robert-morgan\/","title":{"rendered":"Los 50 Acontecimientos Finales de la Historia del Mundo &#8211; Robert Morgan"},"content":{"rendered":"<h2 class=\"product-subtitle\">Las palabras de la biblia sobre los \u00faltimos d\u00edas de la tierra<\/h2>\n<p>&nbsp;<\/p>\n<div id=\"ctl00_ucPDTabs_ctl00_fs\" class=\"ProductDetailGroup\">\n<p>NO NECESITAS PREOCUPARTE. DIOS TIENE EL MA\u00d1ANA JUSTO A TIEMPO.<\/p>\n<p>Con todo lo que est\u00e1 ocurriendo en el mundo, es dif\u00edcil no preguntarse si estamos en el fin de los tiempos. El Apocalipsis nos habla de los \u00faltimos d\u00edas del mundo, pero a muchos de nosotros nos resulta demasiado intimidante entenderlo, por lo que acabamos sinti\u00e9ndonos atrapados entre titulares desalentadores y profec\u00edas confusas.<\/p>\n<p>El estimado pastor Robert J. Morgan desmitifica el Apocalipsis para que puedas abrazar la esperanza y la seguridad que ofrece. Esta visi\u00f3n completa y a la vez f\u00e1cil de entender de los \u00faltimos d\u00edas de la Tierra:<\/p>\n<p>\u2022 Te lleva a trav\u00e9s de una comprensi\u00f3n literal y secuencial del Apocalipsis para que puedas entender mejor los acontecimientos actuales y futuros.<\/p>\n<p>\u2022 Te muestra, vers\u00edculo por vers\u00edculo, c\u00f3mo ser\u00e1 el final de los tiempos.<\/p>\n<p>\u2022 Ampl\u00eda tu concepto de la gloria y la autoridad de Jes\u00fas.<\/p>\n<p>\u2022 Te recuerda que Dios conoce el futuro, por lo que no debes temer.<\/p>\n<p>\u2022 Ofrece inspiraci\u00f3n e invita a participar en la defensa de Cristo en esta generaci\u00f3n.<\/p>\n<p>Desde los mensajes de Cristo a las iglesias, pasando por la tribulaci\u00f3n, hasta<\/p>\n<p>el momento en que los creyentes entran en el gozo eterno con Cristo, Los 50 acontecimientos finales de la historia del mundo te guiar\u00e1 a trav\u00e9s de lo que necesitas saber sobre el futuro para que puedas crecer hoy en intimidad con Dios.<\/p>\n<p>&nbsp;<\/p>\n<\/div>\n<p><strong>ISBN<\/strong>: 9781646912858<br \/>\n<strong>Editorial<\/strong>: Patmos<br \/>\n<strong>Dimensiones<\/strong>: 151 x 228 x 15 mm<br \/>\n<strong>Peso<\/strong>: 0,274kg<br \/>\n<strong>Cubierta<\/strong>: Tapa r\u00fastica<br \/>\n<strong>N\u00famero de p\u00e1ginas<\/strong>: 240<br \/>\n<strong>Fecha de lanzamiento<\/strong>: 23.08.2023<br \/>\n<strong>Idioma<\/strong>: Espa\u00f1ol<\/p>\n<div id=\"ctl00_ucPDTabs_ctl01_fs\" class=\"ProductDetailGroup\"><\/div>\n","protected":false},"excerpt":{"rendered":"<p>Las palabras de la biblia sobre los \u00faltimos d\u00edas de la tierra &nbsp; NO NECESITAS PREOCUPARTE. DIOS TIENE EL MA\u00d1ANA JUSTO A TIEMPO. Con todo lo que est\u00e1 ocurriendo en el mundo, es dif\u00edcil no preguntarse si estamos en el fin de los tiempos. El Apocalipsis nos habla de los \u00faltimos d\u00edas del mundo, pero [&hellip;]<\/p>\n","protected":false},"featured_media":2118,"comment_status":"open","ping_status":"closed","template":"","meta":{"om_disable_all_campaigns":false,"_monsterinsights_skip_tracking":false,"_monsterinsights_sitenote_active":false,"_monsterinsights_sitenote_note":"","_monsterinsights_sitenote_category":0,"site-sidebar-layout":"default","site-content-layout":"","ast-site-content-layout":"default","site-content-style":"default","site-sidebar-style":"default","ast-global-header-display":"","ast-banner-title-visibility":"","ast-main-header-display":"","ast-hfb-above-header-display":"","ast-hfb-below-header-display":"","ast-hfb-mobile-header-display":"","site-post-title":"","ast-breadcrumbs-content":"","ast-featured-img":"","footer-sml-layout":"","ast-disable-related-posts":"","theme-transparent-header-meta":"default","adv-header-id-meta":"","stick-header-meta":"","header-above-stick-meta":"","header-main-stick-meta":"","header-below-stick-meta":"","astra-migrate-meta-layouts":"set","ast-page-background-enabled":"default","ast-page-background-meta":{"desktop":{"background-color":"var(--ast-global-color-4)","background-image":"","background-repeat":"repeat","background-position":"center center","background-size":"auto","background-attachment":"scroll","background-type":"","background-media":"","overlay-type":"","overlay-color":"","overlay-opacity":"","overlay-gradient":""},"tablet":{"background-color":"","background-image":"","background-repeat":"repeat","background-position":"center center","background-size":"auto","background-attachment":"scroll","background-type":"","background-media":"","overlay-type":"","overlay-color":"","overlay-opacity":"","overlay-gradient":""},"mobile":{"background-color":"","background-image":"","background-repeat":"repeat","background-position":"center center","background-size":"auto","background-attachment":"scroll","background-type":"","background-media":"","overlay-type":"","overlay-color":"","overlay-opacity":"","overlay-gradient":""}},"ast-content-background-meta":{"desktop":{"background-color":"var(--ast-global-color-5)","background-image":"","background-repeat":"repeat","background-position":"center center","background-size":"auto","background-attachment":"scroll","background-type":"","background-media":"","overlay-type":"","overlay-color":"","overlay-opacity":"","overlay-gradient":""},"tablet":{"background-color":"var(--ast-global-color-5)","background-image":"","background-repeat":"repeat","background-position":"center center","background-size":"auto","background-attachment":"scroll","background-type":"","background-media":"","overlay-type":"","overlay-color":"","overlay-opacity":"","overlay-gradient":""},"mobile":{"background-color":"var(--ast-global-color-5)","background-image":"","background-repeat":"repeat","background-position":"center center","background-size":"auto","background-attachment":"scroll","background-type":"","background-media":"","overlay-type":"","overlay-color":"","overlay-opacity":"","overlay-gradient":""}}},"product_brand":[],"product_cat":[174,23,166],"product_tag":[235,234],"class_list":{"0":"post-2116","1":"product","2":"type-product","3":"status-publish","4":"has-post-thumbnail","6":"product_cat-iglesia","7":"product_cat-libros","8":"product_cat-profecia","9":"product_tag-profecias","10":"product_tag-robert-morgan","11":"desktop-align-left","12":"tablet-align-left","13":"mobile-align-left","15":"first","16":"instock","17":"shipping-taxable","18":"purchasable","19":"product-type-simple"},"yoast_head":"<!-- This site is optimized with the Yoast SEO plugin v27.4 - https:\/\/yoast.com\/product\/yoast-seo-wordpress\/ -->\n<title>Los 50 Acontecimientos Finales de la Historia del Mundo - Robert Morgan - tzionlibreria.com<\/title>\n<meta name=\"robots\" content=\"index, follow, max-snippet:-1, max-image-preview:large, max-video-preview:-1\" \/>\n<link rel=\"canonical\" href=\"https:\/\/tzionlibreria.com\/index.php\/product\/los-50-acontecimientos-finales-de-la-historia-del-mundo-robert-morgan\/\" \/>\n<meta property=\"og:locale\" content=\"es_ES\" \/>\n<meta property=\"og:type\" content=\"article\" \/>\n<meta property=\"og:title\" content=\"Los 50 Acontecimientos Finales de la Historia del Mundo - Robert Morgan - tzionlibreria.com\" \/>\n<meta property=\"og:description\" content=\"Las palabras de la biblia sobre los \u00faltimos d\u00edas de la tierra &nbsp; NO NECESITAS PREOCUPARTE. DIOS TIENE EL MA\u00d1ANA JUSTO A TIEMPO. Con todo lo que est\u00e1 ocurriendo en el mundo, es dif\u00edcil no preguntarse si estamos en el fin de los tiempos. El Apocalipsis nos habla de los \u00faltimos d\u00edas del mundo, pero [&hellip;]\" \/>\n<meta property=\"og:url\" content=\"https:\/\/tzionlibreria.com\/index.php\/product\/los-50-acontecimientos-finales-de-la-historia-del-mundo-robert-morgan\/\" \/>\n<meta property=\"og:site_name\" content=\"tzionlibreria.com\" \/>\n<meta property=\"article:modified_time\" content=\"2024-02-29T13:37:59+00:00\" \/>\n<meta property=\"og:image\" content=\"http:\/\/tzionlibreria.com\/wp-content\/uploads\/2024\/01\/Los-50-acontecimientos-finales.jpg\" \/>\n\t<meta property=\"og:image:width\" content=\"1200\" \/>\n\t<meta property=\"og:image:height\" content=\"1200\" \/>\n\t<meta property=\"og:image:type\" content=\"image\/jpeg\" \/>\n<meta name=\"twitter:card\" content=\"summary_large_image\" \/>\n<meta name=\"twitter:label1\" content=\"Tiempo de lectura\" \/>\n\t<meta name=\"twitter:data1\" content=\"2 minutos\" \/>\n<script type=\"application\/ld+json\" class=\"yoast-schema-graph\">{\"@context\":\"https:\\\/\\\/schema.org\",\"@graph\":[{\"@type\":\"WebPage\",\"@id\":\"https:\\\/\\\/tzionlibreria.com\\\/index.php\\\/product\\\/los-50-acontecimientos-finales-de-la-historia-del-mundo-robert-morgan\\\/\",\"url\":\"https:\\\/\\\/tzionlibreria.com\\\/index.php\\\/product\\\/los-50-acontecimientos-finales-de-la-historia-del-mundo-robert-morgan\\\/\",\"name\":\"Los 50 Acontecimientos Finales de la Historia del Mundo - Robert Morgan - tzionlibreria.com\",\"isPartOf\":{\"@id\":\"https:\\\/\\\/tzionlibreria.com\\\/#website\"},\"primaryImageOfPage\":{\"@id\":\"https:\\\/\\\/tzionlibreria.com\\\/index.php\\\/product\\\/los-50-acontecimientos-finales-de-la-historia-del-mundo-robert-morgan\\\/#primaryimage\"},\"image\":{\"@id\":\"https:\\\/\\\/tzionlibreria.com\\\/index.php\\\/product\\\/los-50-acontecimientos-finales-de-la-historia-del-mundo-robert-morgan\\\/#primaryimage\"},\"thumbnailUrl\":\"https:\\\/\\\/tzionlibreria.com\\\/wp-content\\\/uploads\\\/2024\\\/01\\\/Los-50-acontecimientos-finales.jpg\",\"datePublished\":\"2024-01-14T00:47:20+00:00\",\"dateModified\":\"2024-02-29T13:37:59+00:00\",\"breadcrumb\":{\"@id\":\"https:\\\/\\\/tzionlibreria.com\\\/index.php\\\/product\\\/los-50-acontecimientos-finales-de-la-historia-del-mundo-robert-morgan\\\/#breadcrumb\"},\"inLanguage\":\"es-CO\",\"potentialAction\":[{\"@type\":\"ReadAction\",\"target\":[\"https:\\\/\\\/tzionlibreria.com\\\/index.php\\\/product\\\/los-50-acontecimientos-finales-de-la-historia-del-mundo-robert-morgan\\\/\"]}]},{\"@type\":\"ImageObject\",\"inLanguage\":\"es-CO\",\"@id\":\"https:\\\/\\\/tzionlibreria.com\\\/index.php\\\/product\\\/los-50-acontecimientos-finales-de-la-historia-del-mundo-robert-morgan\\\/#primaryimage\",\"url\":\"https:\\\/\\\/tzionlibreria.com\\\/wp-content\\\/uploads\\\/2024\\\/01\\\/Los-50-acontecimientos-finales.jpg\",\"contentUrl\":\"https:\\\/\\\/tzionlibreria.com\\\/wp-content\\\/uploads\\\/2024\\\/01\\\/Los-50-acontecimientos-finales.jpg\",\"width\":1200,\"height\":1200},{\"@type\":\"BreadcrumbList\",\"@id\":\"https:\\\/\\\/tzionlibreria.com\\\/index.php\\\/product\\\/los-50-acontecimientos-finales-de-la-historia-del-mundo-robert-morgan\\\/#breadcrumb\",\"itemListElement\":[{\"@type\":\"ListItem\",\"position\":1,\"name\":\"Inicio\",\"item\":\"https:\\\/\\\/tzionlibreria.com\\\/\"},{\"@type\":\"ListItem\",\"position\":2,\"name\":\"Shop\",\"item\":\"https:\\\/\\\/tzionlibreria.com\\\/index.php\\\/shop\\\/\"},{\"@type\":\"ListItem\",\"position\":3,\"name\":\"Los 50 Acontecimientos Finales de la Historia del Mundo &#8211; Robert Morgan\"}]},{\"@type\":\"WebSite\",\"@id\":\"https:\\\/\\\/tzionlibreria.com\\\/#website\",\"url\":\"https:\\\/\\\/tzionlibreria.com\\\/\",\"name\":\"tzionlibreria.com\",\"description\":\"Libreria Cristiana Venezuela\",\"publisher\":{\"@id\":\"https:\\\/\\\/tzionlibreria.com\\\/#organization\"},\"potentialAction\":[{\"@type\":\"SearchAction\",\"target\":{\"@type\":\"EntryPoint\",\"urlTemplate\":\"https:\\\/\\\/tzionlibreria.com\\\/?s={search_term_string}\"},\"query-input\":{\"@type\":\"PropertyValueSpecification\",\"valueRequired\":true,\"valueName\":\"search_term_string\"}}],\"inLanguage\":\"es-CO\"},{\"@type\":\"Organization\",\"@id\":\"https:\\\/\\\/tzionlibreria.com\\\/#organization\",\"name\":\"tzionlibreria.com\",\"url\":\"https:\\\/\\\/tzionlibreria.com\\\/\",\"logo\":{\"@type\":\"ImageObject\",\"inLanguage\":\"es-CO\",\"@id\":\"https:\\\/\\\/tzionlibreria.com\\\/#\\\/schema\\\/logo\\\/image\\\/\",\"url\":\"https:\\\/\\\/tzionlibreria.com\\\/wp-content\\\/uploads\\\/2023\\\/10\\\/cropped-Cuadricula-scaled-1.jpg\",\"contentUrl\":\"https:\\\/\\\/tzionlibreria.com\\\/wp-content\\\/uploads\\\/2023\\\/10\\\/cropped-Cuadricula-scaled-1.jpg\",\"width\":2560,\"height\":2560,\"caption\":\"tzionlibreria.com\"},\"image\":{\"@id\":\"https:\\\/\\\/tzionlibreria.com\\\/#\\\/schema\\\/logo\\\/image\\\/\"}}]}<\/script>\n<!-- \/ Yoast SEO plugin. -->","yoast_head_json":{"title":"Los 50 Acontecimientos Finales de la Historia del Mundo - Robert Morgan - tzionlibreria.com","robots":{"index":"index","follow":"follow","max-snippet":"max-snippet:-1","max-image-preview":"max-image-preview:large","max-video-preview":"max-video-preview:-1"},"canonical":"https:\/\/tzionlibreria.com\/index.php\/product\/los-50-acontecimientos-finales-de-la-historia-del-mundo-robert-morgan\/","og_locale":"es_ES","og_type":"article","og_title":"Los 50 Acontecimientos Finales de la Historia del Mundo - Robert Morgan - tzionlibreria.com","og_description":"Las palabras de la biblia sobre los \u00faltimos d\u00edas de la tierra &nbsp; NO NECESITAS PREOCUPARTE. DIOS TIENE EL MA\u00d1ANA JUSTO A TIEMPO. Con todo lo que est\u00e1 ocurriendo en el mundo, es dif\u00edcil no preguntarse si estamos en el fin de los tiempos. El Apocalipsis nos habla de los \u00faltimos d\u00edas del mundo, pero [&hellip;]","og_url":"https:\/\/tzionlibreria.com\/index.php\/product\/los-50-acontecimientos-finales-de-la-historia-del-mundo-robert-morgan\/","og_site_name":"tzionlibreria.com","article_modified_time":"2024-02-29T13:37:59+00:00","og_image":[{"width":1200,"height":1200,"url":"http:\/\/tzionlibreria.com\/wp-content\/uploads\/2024\/01\/Los-50-acontecimientos-finales.jpg","type":"image\/jpeg"}],"twitter_card":"summary_large_image","twitter_misc":{"Tiempo de lectura":"2 minutos"},"schema":{"@context":"https:\/\/schema.org","@graph":[{"@type":"WebPage","@id":"https:\/\/tzionlibreria.com\/index.php\/product\/los-50-acontecimientos-finales-de-la-historia-del-mundo-robert-morgan\/","url":"https:\/\/tzionlibreria.com\/index.php\/product\/los-50-acontecimientos-finales-de-la-historia-del-mundo-robert-morgan\/","name":"Los 50 Acontecimientos Finales de la Historia del Mundo - Robert Morgan - tzionlibreria.com","isPartOf":{"@id":"https:\/\/tzionlibreria.com\/#website"},"primaryImageOfPage":{"@id":"https:\/\/tzionlibreria.com\/index.php\/product\/los-50-acontecimientos-finales-de-la-historia-del-mundo-robert-morgan\/#primaryimage"},"image":{"@id":"https:\/\/tzionlibreria.com\/index.php\/product\/los-50-acontecimientos-finales-de-la-historia-del-mundo-robert-morgan\/#primaryimage"},"thumbnailUrl":"https:\/\/tzionlibreria.com\/wp-content\/uploads\/2024\/01\/Los-50-acontecimientos-finales.jpg","datePublished":"2024-01-14T00:47:20+00:00","dateModified":"2024-02-29T13:37:59+00:00","breadcrumb":{"@id":"https:\/\/tzionlibreria.com\/index.php\/product\/los-50-acontecimientos-finales-de-la-historia-del-mundo-robert-morgan\/#breadcrumb"},"inLanguage":"es-CO","potentialAction":[{"@type":"ReadAction","target":["https:\/\/tzionlibreria.com\/index.php\/product\/los-50-acontecimientos-finales-de-la-historia-del-mundo-robert-morgan\/"]}]},{"@type":"ImageObject","inLanguage":"es-CO","@id":"https:\/\/tzionlibreria.com\/index.php\/product\/los-50-acontecimientos-finales-de-la-historia-del-mundo-robert-morgan\/#primaryimage","url":"https:\/\/tzionlibreria.com\/wp-content\/uploads\/2024\/01\/Los-50-acontecimientos-finales.jpg","contentUrl":"https:\/\/tzionlibreria.com\/wp-content\/uploads\/2024\/01\/Los-50-acontecimientos-finales.jpg","width":1200,"height":1200},{"@type":"BreadcrumbList","@id":"https:\/\/tzionlibreria.com\/index.php\/product\/los-50-acontecimientos-finales-de-la-historia-del-mundo-robert-morgan\/#breadcrumb","itemListElement":[{"@type":"ListItem","position":1,"name":"Inicio","item":"https:\/\/tzionlibreria.com\/"},{"@type":"ListItem","position":2,"name":"Shop","item":"https:\/\/tzionlibreria.com\/index.php\/shop\/"},{"@type":"ListItem","position":3,"name":"Los 50 Acontecimientos Finales de la Historia del Mundo &#8211; Robert Morgan"}]},{"@type":"WebSite","@id":"https:\/\/tzionlibreria.com\/#website","url":"https:\/\/tzionlibreria.com\/","name":"tzionlibreria.com","description":"Libreria Cristiana Venezuela","publisher":{"@id":"https:\/\/tzionlibreria.com\/#organization"},"potentialAction":[{"@type":"SearchAction","target":{"@type":"EntryPoint","urlTemplate":"https:\/\/tzionlibreria.com\/?s={search_term_string}"},"query-input":{"@type":"PropertyValueSpecification","valueRequired":true,"valueName":"search_term_string"}}],"inLanguage":"es-CO"},{"@type":"Organization","@id":"https:\/\/tzionlibreria.com\/#organization","name":"tzionlibreria.com","url":"https:\/\/tzionlibreria.com\/","logo":{"@type":"ImageObject","inLanguage":"es-CO","@id":"https:\/\/tzionlibreria.com\/#\/schema\/logo\/image\/","url":"https:\/\/tzionlibreria.com\/wp-content\/uploads\/2023\/10\/cropped-Cuadricula-scaled-1.jpg","contentUrl":"https:\/\/tzionlibreria.com\/wp-content\/uploads\/2023\/10\/cropped-Cuadricula-scaled-1.jpg","width":2560,"height":2560,"caption":"tzionlibreria.com"},"image":{"@id":"https:\/\/tzionlibreria.com\/#\/schema\/logo\/image\/"}}]}},"jetpack_sharing_enabled":true,"_links":{"self":[{"href":"https:\/\/tzionlibreria.com\/index.php\/wp-json\/wp\/v2\/product\/2116","targetHints":{"allow":["GET"]}}],"collection":[{"href":"https:\/\/tzionlibreria.com\/index.php\/wp-json\/wp\/v2\/product"}],"about":[{"href":"https:\/\/tzionlibreria.com\/index.php\/wp-json\/wp\/v2\/types\/product"}],"replies":[{"embeddable":true,"href":"https:\/\/tzionlibreria.com\/index.php\/wp-json\/wp\/v2\/comments?post=2116"}],"wp:featuredmedia":[{"embeddable":true,"href":"https:\/\/tzionlibreria.com\/index.php\/wp-json\/wp\/v2\/media\/2118"}],"wp:attachment":[{"href":"https:\/\/tzionlibreria.com\/index.php\/wp-json\/wp\/v2\/media?parent=2116"}],"wp:term":[{"taxonomy":"product_brand","embeddable":true,"href":"https:\/\/tzionlibreria.com\/index.php\/wp-json\/wp\/v2\/product_brand?post=2116"},{"taxonomy":"product_cat","embeddable":true,"href":"https:\/\/tzionlibreria.com\/index.php\/wp-json\/wp\/v2\/product_cat?post=2116"},{"taxonomy":"product_tag","embeddable":true,"href":"https:\/\/tzionlibreria.com\/index.php\/wp-json\/wp\/v2\/product_tag?post=2116"}],"curies":[{"name":"wp","href":"https:\/\/api.w.org\/{rel}","templated":true}]}}