{"id":2121,"date":"2024-01-14T01:00:50","date_gmt":"2024-01-14T01:00:50","guid":{"rendered":"https:\/\/tzionlibreria.com\/?post_type=product&#038;p=2121"},"modified":"2024-02-29T13:37:02","modified_gmt":"2024-02-29T13:37:02","slug":"en-cristo-abel-ballistreri","status":"publish","type":"product","link":"https:\/\/tzionlibreria.com\/index.php\/product\/en-cristo-abel-ballistreri\/","title":{"rendered":"En Cristo &#8211; Abel Ballistreri"},"content":{"rendered":"<h2 class=\"product-subtitle\">La vida que nos debe ser revelada<\/h2>\n<p>&nbsp;<\/p>\n<p>-El Evangelio es la palabra de vida impartida por Dios para la salvaci\u00f3n plena del hombre y para la vida eterna. Nos deben ser revelados la naturaleza de esa Salvaci\u00f3n \u2014concedida en Cristo para poder expresarla en sabidur\u00eda, justificaci\u00f3n, santificaci\u00f3n y redenci\u00f3n\u2014 y todo el poder transformador necesario para que Dios mismo sea glorificado en nosotros. Es mucho m\u00e1s que un conjunto de cambios: es una transformaci\u00f3n de car\u00e1cter divino, que nos modela por su poder a la imagen de Cristo.<\/p>\n<p>-Toda nuestra alma debe ser notificada de esta realidad eterna, para poder vivir esa plenitud de vida. Esta vida espiritual contiene toda la informaci\u00f3n gen\u00e9tica para extender sus ra\u00edces, abrirse camino y manifestarse, dando fruto de una vida completa y suficiente.<\/p>\n<p>-Este libro es una propuesta para detenernos a reflexionar en aquello que puede cambiar nuestras vidas por completo. Para ello es necesario soltar la falsa confianza que proponen las maneras actuales de pensar y vivir y, en cambio, escuchar atentamente la propuesta que Dios tiene para nosotros.<\/p>\n<p>&nbsp;<\/p>\n<p><strong>ISBN<\/strong>: 9789875576865<br \/>\n<strong>Editorial<\/strong>: \u00a0Peniel<br \/>\n<strong>Dimensiones<\/strong>: 150 x 225 x 13 mm<br \/>\n<strong>Peso<\/strong>: 0,338kg<br \/>\n<strong>Cubierta<\/strong>: Tapa r\u00fastica<br \/>\n<strong>N\u00famero de p\u00e1ginas<\/strong>: 237<br \/>\n<strong>Fecha de lanzamiento<\/strong>: 17.11.2022<br \/>\n<strong>Idioma<\/strong>: Espa\u00f1ol<\/p>\n<p>&nbsp;<\/p>\n","protected":false},"excerpt":{"rendered":"<p>La vida que nos debe ser revelada &nbsp; -El Evangelio es la palabra de vida impartida por Dios para la salvaci\u00f3n plena del hombre y para la vida eterna. Nos deben ser revelados la naturaleza de esa Salvaci\u00f3n \u2014concedida en Cristo para poder expresarla en sabidur\u00eda, justificaci\u00f3n, santificaci\u00f3n y redenci\u00f3n\u2014 y todo el poder transformador [&hellip;]<\/p>\n","protected":false},"featured_media":2122,"comment_status":"open","ping_status":"closed","template":"","meta":{"om_disable_all_campaigns":false,"_monsterinsights_skip_tracking":false,"_monsterinsights_sitenote_active":false,"_monsterinsights_sitenote_note":"","_monsterinsights_sitenote_category":0,"site-sidebar-layout":"default","site-content-layout":"","ast-site-content-layout":"default","site-content-style":"default","site-sidebar-style":"default","ast-global-header-display":"","ast-banner-title-visibility":"","ast-main-header-display":"","ast-hfb-above-header-display":"","ast-hfb-below-header-display":"","ast-hfb-mobile-header-display":"","site-post-title":"","ast-breadcrumbs-content":"","ast-featured-img":"","footer-sml-layout":"","ast-disable-related-posts":"","theme-transparent-header-meta":"default","adv-header-id-meta":"","stick-header-meta":"","header-above-stick-meta":"","header-main-stick-meta":"","header-below-stick-meta":"","astra-migrate-meta-layouts":"set","ast-page-background-enabled":"default","ast-page-background-meta":{"desktop":{"background-color":"var(--ast-global-color-4)","background-image":"","background-repeat":"repeat","background-position":"center center","background-size":"auto","background-attachment":"scroll","background-type":"","background-media":"","overlay-type":"","overlay-color":"","overlay-opacity":"","overlay-gradient":""},"tablet":{"background-color":"","background-image":"","background-repeat":"repeat","background-position":"center center","background-size":"auto","background-attachment":"scroll","background-type":"","background-media":"","overlay-type":"","overlay-color":"","overlay-opacity":"","overlay-gradient":""},"mobile":{"background-color":"","background-image":"","background-repeat":"repeat","background-position":"center center","background-size":"auto","background-attachment":"scroll","background-type":"","background-media":"","overlay-type":"","overlay-color":"","overlay-opacity":"","overlay-gradient":""}},"ast-content-background-meta":{"desktop":{"background-color":"var(--ast-global-color-5)","background-image":"","background-repeat":"repeat","background-position":"center center","background-size":"auto","background-attachment":"scroll","background-type":"","background-media":"","overlay-type":"","overlay-color":"","overlay-opacity":"","overlay-gradient":""},"tablet":{"background-color":"var(--ast-global-color-5)","background-image":"","background-repeat":"repeat","background-position":"center center","background-size":"auto","background-attachment":"scroll","background-type":"","background-media":"","overlay-type":"","overlay-color":"","overlay-opacity":"","overlay-gradient":""},"mobile":{"background-color":"var(--ast-global-color-5)","background-image":"","background-repeat":"repeat","background-position":"center center","background-size":"auto","background-attachment":"scroll","background-type":"","background-media":"","overlay-type":"","overlay-color":"","overlay-opacity":"","overlay-gradient":""}}},"product_brand":[],"product_cat":[174,23],"product_tag":[236],"class_list":{"0":"post-2121","1":"product","2":"type-product","3":"status-publish","4":"has-post-thumbnail","6":"product_cat-iglesia","7":"product_cat-libros","8":"product_tag-cristo","9":"desktop-align-left","10":"tablet-align-left","11":"mobile-align-left","13":"first","14":"instock","15":"shipping-taxable","16":"purchasable","17":"product-type-simple"},"yoast_head":"<!-- This site is optimized with the Yoast SEO plugin v27.4 - https:\/\/yoast.com\/product\/yoast-seo-wordpress\/ -->\n<title>En Cristo - Abel Ballistreri - tzionlibreria.com<\/title>\n<meta name=\"robots\" content=\"index, follow, max-snippet:-1, max-image-preview:large, max-video-preview:-1\" \/>\n<link rel=\"canonical\" href=\"https:\/\/tzionlibreria.com\/index.php\/product\/en-cristo-abel-ballistreri\/\" \/>\n<meta property=\"og:locale\" content=\"es_ES\" \/>\n<meta property=\"og:type\" content=\"article\" \/>\n<meta property=\"og:title\" content=\"En Cristo - Abel Ballistreri - tzionlibreria.com\" \/>\n<meta property=\"og:description\" content=\"La vida que nos debe ser revelada &nbsp; -El Evangelio es la palabra de vida impartida por Dios para la salvaci\u00f3n plena del hombre y para la vida eterna. Nos deben ser revelados la naturaleza de esa Salvaci\u00f3n \u2014concedida en Cristo para poder expresarla en sabidur\u00eda, justificaci\u00f3n, santificaci\u00f3n y redenci\u00f3n\u2014 y todo el poder transformador [&hellip;]\" \/>\n<meta property=\"og:url\" content=\"https:\/\/tzionlibreria.com\/index.php\/product\/en-cristo-abel-ballistreri\/\" \/>\n<meta property=\"og:site_name\" content=\"tzionlibreria.com\" \/>\n<meta property=\"article:modified_time\" content=\"2024-02-29T13:37:02+00:00\" \/>\n<meta property=\"og:image\" content=\"http:\/\/tzionlibreria.com\/wp-content\/uploads\/2024\/01\/En-Cristo.jpg\" \/>\n\t<meta property=\"og:image:width\" content=\"1200\" \/>\n\t<meta property=\"og:image:height\" content=\"1200\" \/>\n\t<meta property=\"og:image:type\" content=\"image\/jpeg\" \/>\n<meta name=\"twitter:card\" content=\"summary_large_image\" \/>\n<meta name=\"twitter:label1\" content=\"Tiempo de lectura\" \/>\n\t<meta name=\"twitter:data1\" content=\"2 minutos\" \/>\n<script type=\"application\/ld+json\" class=\"yoast-schema-graph\">{\"@context\":\"https:\\\/\\\/schema.org\",\"@graph\":[{\"@type\":\"WebPage\",\"@id\":\"https:\\\/\\\/tzionlibreria.com\\\/index.php\\\/product\\\/en-cristo-abel-ballistreri\\\/\",\"url\":\"https:\\\/\\\/tzionlibreria.com\\\/index.php\\\/product\\\/en-cristo-abel-ballistreri\\\/\",\"name\":\"En Cristo - Abel Ballistreri - tzionlibreria.com\",\"isPartOf\":{\"@id\":\"https:\\\/\\\/tzionlibreria.com\\\/#website\"},\"primaryImageOfPage\":{\"@id\":\"https:\\\/\\\/tzionlibreria.com\\\/index.php\\\/product\\\/en-cristo-abel-ballistreri\\\/#primaryimage\"},\"image\":{\"@id\":\"https:\\\/\\\/tzionlibreria.com\\\/index.php\\\/product\\\/en-cristo-abel-ballistreri\\\/#primaryimage\"},\"thumbnailUrl\":\"https:\\\/\\\/tzionlibreria.com\\\/wp-content\\\/uploads\\\/2024\\\/01\\\/En-Cristo.jpg\",\"datePublished\":\"2024-01-14T01:00:50+00:00\",\"dateModified\":\"2024-02-29T13:37:02+00:00\",\"breadcrumb\":{\"@id\":\"https:\\\/\\\/tzionlibreria.com\\\/index.php\\\/product\\\/en-cristo-abel-ballistreri\\\/#breadcrumb\"},\"inLanguage\":\"es-CO\",\"potentialAction\":[{\"@type\":\"ReadAction\",\"target\":[\"https:\\\/\\\/tzionlibreria.com\\\/index.php\\\/product\\\/en-cristo-abel-ballistreri\\\/\"]}]},{\"@type\":\"ImageObject\",\"inLanguage\":\"es-CO\",\"@id\":\"https:\\\/\\\/tzionlibreria.com\\\/index.php\\\/product\\\/en-cristo-abel-ballistreri\\\/#primaryimage\",\"url\":\"https:\\\/\\\/tzionlibreria.com\\\/wp-content\\\/uploads\\\/2024\\\/01\\\/En-Cristo.jpg\",\"contentUrl\":\"https:\\\/\\\/tzionlibreria.com\\\/wp-content\\\/uploads\\\/2024\\\/01\\\/En-Cristo.jpg\",\"width\":1200,\"height\":1200},{\"@type\":\"BreadcrumbList\",\"@id\":\"https:\\\/\\\/tzionlibreria.com\\\/index.php\\\/product\\\/en-cristo-abel-ballistreri\\\/#breadcrumb\",\"itemListElement\":[{\"@type\":\"ListItem\",\"position\":1,\"name\":\"Inicio\",\"item\":\"https:\\\/\\\/tzionlibreria.com\\\/\"},{\"@type\":\"ListItem\",\"position\":2,\"name\":\"Shop\",\"item\":\"https:\\\/\\\/tzionlibreria.com\\\/index.php\\\/shop\\\/\"},{\"@type\":\"ListItem\",\"position\":3,\"name\":\"En Cristo &#8211; Abel Ballistreri\"}]},{\"@type\":\"WebSite\",\"@id\":\"https:\\\/\\\/tzionlibreria.com\\\/#website\",\"url\":\"https:\\\/\\\/tzionlibreria.com\\\/\",\"name\":\"tzionlibreria.com\",\"description\":\"Libreria Cristiana Venezuela\",\"publisher\":{\"@id\":\"https:\\\/\\\/tzionlibreria.com\\\/#organization\"},\"potentialAction\":[{\"@type\":\"SearchAction\",\"target\":{\"@type\":\"EntryPoint\",\"urlTemplate\":\"https:\\\/\\\/tzionlibreria.com\\\/?s={search_term_string}\"},\"query-input\":{\"@type\":\"PropertyValueSpecification\",\"valueRequired\":true,\"valueName\":\"search_term_string\"}}],\"inLanguage\":\"es-CO\"},{\"@type\":\"Organization\",\"@id\":\"https:\\\/\\\/tzionlibreria.com\\\/#organization\",\"name\":\"tzionlibreria.com\",\"url\":\"https:\\\/\\\/tzionlibreria.com\\\/\",\"logo\":{\"@type\":\"ImageObject\",\"inLanguage\":\"es-CO\",\"@id\":\"https:\\\/\\\/tzionlibreria.com\\\/#\\\/schema\\\/logo\\\/image\\\/\",\"url\":\"https:\\\/\\\/tzionlibreria.com\\\/wp-content\\\/uploads\\\/2023\\\/10\\\/cropped-Cuadricula-scaled-1.jpg\",\"contentUrl\":\"https:\\\/\\\/tzionlibreria.com\\\/wp-content\\\/uploads\\\/2023\\\/10\\\/cropped-Cuadricula-scaled-1.jpg\",\"width\":2560,\"height\":2560,\"caption\":\"tzionlibreria.com\"},\"image\":{\"@id\":\"https:\\\/\\\/tzionlibreria.com\\\/#\\\/schema\\\/logo\\\/image\\\/\"}}]}<\/script>\n<!-- \/ Yoast SEO plugin. -->","yoast_head_json":{"title":"En Cristo - Abel Ballistreri - tzionlibreria.com","robots":{"index":"index","follow":"follow","max-snippet":"max-snippet:-1","max-image-preview":"max-image-preview:large","max-video-preview":"max-video-preview:-1"},"canonical":"https:\/\/tzionlibreria.com\/index.php\/product\/en-cristo-abel-ballistreri\/","og_locale":"es_ES","og_type":"article","og_title":"En Cristo - Abel Ballistreri - tzionlibreria.com","og_description":"La vida que nos debe ser revelada &nbsp; -El Evangelio es la palabra de vida impartida por Dios para la salvaci\u00f3n plena del hombre y para la vida eterna. Nos deben ser revelados la naturaleza de esa Salvaci\u00f3n \u2014concedida en Cristo para poder expresarla en sabidur\u00eda, justificaci\u00f3n, santificaci\u00f3n y redenci\u00f3n\u2014 y todo el poder transformador [&hellip;]","og_url":"https:\/\/tzionlibreria.com\/index.php\/product\/en-cristo-abel-ballistreri\/","og_site_name":"tzionlibreria.com","article_modified_time":"2024-02-29T13:37:02+00:00","og_image":[{"width":1200,"height":1200,"url":"http:\/\/tzionlibreria.com\/wp-content\/uploads\/2024\/01\/En-Cristo.jpg","type":"image\/jpeg"}],"twitter_card":"summary_large_image","twitter_misc":{"Tiempo de lectura":"2 minutos"},"schema":{"@context":"https:\/\/schema.org","@graph":[{"@type":"WebPage","@id":"https:\/\/tzionlibreria.com\/index.php\/product\/en-cristo-abel-ballistreri\/","url":"https:\/\/tzionlibreria.com\/index.php\/product\/en-cristo-abel-ballistreri\/","name":"En Cristo - Abel Ballistreri - tzionlibreria.com","isPartOf":{"@id":"https:\/\/tzionlibreria.com\/#website"},"primaryImageOfPage":{"@id":"https:\/\/tzionlibreria.com\/index.php\/product\/en-cristo-abel-ballistreri\/#primaryimage"},"image":{"@id":"https:\/\/tzionlibreria.com\/index.php\/product\/en-cristo-abel-ballistreri\/#primaryimage"},"thumbnailUrl":"https:\/\/tzionlibreria.com\/wp-content\/uploads\/2024\/01\/En-Cristo.jpg","datePublished":"2024-01-14T01:00:50+00:00","dateModified":"2024-02-29T13:37:02+00:00","breadcrumb":{"@id":"https:\/\/tzionlibreria.com\/index.php\/product\/en-cristo-abel-ballistreri\/#breadcrumb"},"inLanguage":"es-CO","potentialAction":[{"@type":"ReadAction","target":["https:\/\/tzionlibreria.com\/index.php\/product\/en-cristo-abel-ballistreri\/"]}]},{"@type":"ImageObject","inLanguage":"es-CO","@id":"https:\/\/tzionlibreria.com\/index.php\/product\/en-cristo-abel-ballistreri\/#primaryimage","url":"https:\/\/tzionlibreria.com\/wp-content\/uploads\/2024\/01\/En-Cristo.jpg","contentUrl":"https:\/\/tzionlibreria.com\/wp-content\/uploads\/2024\/01\/En-Cristo.jpg","width":1200,"height":1200},{"@type":"BreadcrumbList","@id":"https:\/\/tzionlibreria.com\/index.php\/product\/en-cristo-abel-ballistreri\/#breadcrumb","itemListElement":[{"@type":"ListItem","position":1,"name":"Inicio","item":"https:\/\/tzionlibreria.com\/"},{"@type":"ListItem","position":2,"name":"Shop","item":"https:\/\/tzionlibreria.com\/index.php\/shop\/"},{"@type":"ListItem","position":3,"name":"En Cristo &#8211; Abel Ballistreri"}]},{"@type":"WebSite","@id":"https:\/\/tzionlibreria.com\/#website","url":"https:\/\/tzionlibreria.com\/","name":"tzionlibreria.com","description":"Libreria Cristiana Venezuela","publisher":{"@id":"https:\/\/tzionlibreria.com\/#organization"},"potentialAction":[{"@type":"SearchAction","target":{"@type":"EntryPoint","urlTemplate":"https:\/\/tzionlibreria.com\/?s={search_term_string}"},"query-input":{"@type":"PropertyValueSpecification","valueRequired":true,"valueName":"search_term_string"}}],"inLanguage":"es-CO"},{"@type":"Organization","@id":"https:\/\/tzionlibreria.com\/#organization","name":"tzionlibreria.com","url":"https:\/\/tzionlibreria.com\/","logo":{"@type":"ImageObject","inLanguage":"es-CO","@id":"https:\/\/tzionlibreria.com\/#\/schema\/logo\/image\/","url":"https:\/\/tzionlibreria.com\/wp-content\/uploads\/2023\/10\/cropped-Cuadricula-scaled-1.jpg","contentUrl":"https:\/\/tzionlibreria.com\/wp-content\/uploads\/2023\/10\/cropped-Cuadricula-scaled-1.jpg","width":2560,"height":2560,"caption":"tzionlibreria.com"},"image":{"@id":"https:\/\/tzionlibreria.com\/#\/schema\/logo\/image\/"}}]}},"jetpack_sharing_enabled":true,"_links":{"self":[{"href":"https:\/\/tzionlibreria.com\/index.php\/wp-json\/wp\/v2\/product\/2121","targetHints":{"allow":["GET"]}}],"collection":[{"href":"https:\/\/tzionlibreria.com\/index.php\/wp-json\/wp\/v2\/product"}],"about":[{"href":"https:\/\/tzionlibreria.com\/index.php\/wp-json\/wp\/v2\/types\/product"}],"replies":[{"embeddable":true,"href":"https:\/\/tzionlibreria.com\/index.php\/wp-json\/wp\/v2\/comments?post=2121"}],"wp:featuredmedia":[{"embeddable":true,"href":"https:\/\/tzionlibreria.com\/index.php\/wp-json\/wp\/v2\/media\/2122"}],"wp:attachment":[{"href":"https:\/\/tzionlibreria.com\/index.php\/wp-json\/wp\/v2\/media?parent=2121"}],"wp:term":[{"taxonomy":"product_brand","embeddable":true,"href":"https:\/\/tzionlibreria.com\/index.php\/wp-json\/wp\/v2\/product_brand?post=2121"},{"taxonomy":"product_cat","embeddable":true,"href":"https:\/\/tzionlibreria.com\/index.php\/wp-json\/wp\/v2\/product_cat?post=2121"},{"taxonomy":"product_tag","embeddable":true,"href":"https:\/\/tzionlibreria.com\/index.php\/wp-json\/wp\/v2\/product_tag?post=2121"}],"curies":[{"name":"wp","href":"https:\/\/api.w.org\/{rel}","templated":true}]}}