{"id":2132,"date":"2024-01-14T01:28:00","date_gmt":"2024-01-14T01:28:00","guid":{"rendered":"https:\/\/tzionlibreria.com\/?post_type=product&#038;p=2132"},"modified":"2024-03-31T23:14:50","modified_gmt":"2024-03-31T23:14:50","slug":"jesucristo-nuestro-sanador-kathryn-kuhlman","status":"publish","type":"product","link":"https:\/\/tzionlibreria.com\/index.php\/product\/jesucristo-nuestro-sanador-kathryn-kuhlman\/","title":{"rendered":"Jesucristo nuestro sanador &#8211; Kathryn Kuhlman"},"content":{"rendered":"<p>Los Milagros Suceden Hoy. \u00a0He visto muchos milagros, pero nunca dejo de sorprenderme con Jes\u00fas, su amor y poder. El diccionario dice que milagro es un evento que contradice las leyes naturales y cient\u00edficas. E intervienen causas sobrenaturales; esas causas es un acto de Dios.Muchas veces he visto a un pap\u00e1 con su ni\u00f1o en brazos; en ese momento qued\u00f3 inconsciente de todos los dem\u00e1s, por m\u00e1s que haya miles de personas, y solo estoy consciente de ese hombre fuerte que tiene a su peque\u00f1ito en brazos. Y en ese momento lo amo completamente, es un amor sobrenatural, es una compasi\u00f3n que lo abarca todo, es el amor de Dios.<\/p>\n<p>Puede Dios sanar el c\u00e1ncer a\u00fan cuando ya est\u00e1 en un estado avanzado? Marvin Luton, Keith Purdue y Sam Douds atestiguan en estas p\u00e1ginas que s\u00ed. La miastenia es una enfermedad asesina que no puede ser vencida por ning\u00fan tratamiento, pero Evel\u00edn Allen dice que Jes\u00fas la derrot\u00f3 hace m\u00e1s de dos mil a\u00f1os. Clara Curteman nos cuenta c\u00f3mo fue sanada de la par\u00e1lisis por Jesucristo. Harold Daebritz, un militante nazi y ateo, relata c\u00f3mo su joven y hermosa esposa sufri\u00f3 un accidente y despu\u00e9s de varias operaciones le diagnosticaron Parkinson y distrofia muscular. \u00e9l dijo: Probamos de todo, menos a Dios.<\/p>\n<p>Hasta que Dios no s\u00f3lo san\u00f3 a ella, sino tambi\u00e9n a \u00e9l. En este libro encontrar\u00e1 testimonios de personas que necesitaban experimentar el poder sanador de Jes\u00fas en sus vidas. Mi oraci\u00f3n mientras que usted recorre estas p\u00e1ginas, es que pueda experimentar la presencia y el poder del Se\u00f1or en su vida.<\/p>\n<p>&nbsp;<\/p>\n<p><strong>Editorial:<\/strong> Peniel<\/p>\n<p><strong>ISBN<\/strong>: 9789875571464<br \/>\n<strong>Dimensiones<\/strong>: 140 x 210 x 10 mm<br \/>\n<strong>Peso<\/strong>: 0,220kg<br \/>\n<strong>Cubierta<\/strong>: R\u00fastica<br \/>\n<strong>Idioma<\/strong>: Espa\u00f1ol<\/p>\n","protected":false},"excerpt":{"rendered":"<p>Los Milagros Suceden Hoy. \u00a0He visto muchos milagros, pero nunca dejo de sorprenderme con Jes\u00fas, su amor y poder. El diccionario dice que milagro es un evento que contradice las leyes naturales y cient\u00edficas. E intervienen causas sobrenaturales; esas causas es un acto de Dios.Muchas veces he visto a un pap\u00e1 con su ni\u00f1o en [&hellip;]<\/p>\n","protected":false},"featured_media":2133,"comment_status":"open","ping_status":"closed","template":"","meta":{"om_disable_all_campaigns":false,"_monsterinsights_skip_tracking":false,"_monsterinsights_sitenote_active":false,"_monsterinsights_sitenote_note":"","_monsterinsights_sitenote_category":0,"site-sidebar-layout":"default","site-content-layout":"","ast-site-content-layout":"default","site-content-style":"default","site-sidebar-style":"default","ast-global-header-display":"","ast-banner-title-visibility":"","ast-main-header-display":"","ast-hfb-above-header-display":"","ast-hfb-below-header-display":"","ast-hfb-mobile-header-display":"","site-post-title":"","ast-breadcrumbs-content":"","ast-featured-img":"","footer-sml-layout":"","ast-disable-related-posts":"","theme-transparent-header-meta":"default","adv-header-id-meta":"","stick-header-meta":"","header-above-stick-meta":"","header-main-stick-meta":"","header-below-stick-meta":"","astra-migrate-meta-layouts":"set","ast-page-background-enabled":"default","ast-page-background-meta":{"desktop":{"background-color":"var(--ast-global-color-4)","background-image":"","background-repeat":"repeat","background-position":"center center","background-size":"auto","background-attachment":"scroll","background-type":"","background-media":"","overlay-type":"","overlay-color":"","overlay-opacity":"","overlay-gradient":""},"tablet":{"background-color":"","background-image":"","background-repeat":"repeat","background-position":"center center","background-size":"auto","background-attachment":"scroll","background-type":"","background-media":"","overlay-type":"","overlay-color":"","overlay-opacity":"","overlay-gradient":""},"mobile":{"background-color":"","background-image":"","background-repeat":"repeat","background-position":"center center","background-size":"auto","background-attachment":"scroll","background-type":"","background-media":"","overlay-type":"","overlay-color":"","overlay-opacity":"","overlay-gradient":""}},"ast-content-background-meta":{"desktop":{"background-color":"var(--ast-global-color-5)","background-image":"","background-repeat":"repeat","background-position":"center center","background-size":"auto","background-attachment":"scroll","background-type":"","background-media":"","overlay-type":"","overlay-color":"","overlay-opacity":"","overlay-gradient":""},"tablet":{"background-color":"var(--ast-global-color-5)","background-image":"","background-repeat":"repeat","background-position":"center center","background-size":"auto","background-attachment":"scroll","background-type":"","background-media":"","overlay-type":"","overlay-color":"","overlay-opacity":"","overlay-gradient":""},"mobile":{"background-color":"var(--ast-global-color-5)","background-image":"","background-repeat":"repeat","background-position":"center center","background-size":"auto","background-attachment":"scroll","background-type":"","background-media":"","overlay-type":"","overlay-color":"","overlay-opacity":"","overlay-gradient":""}}},"product_brand":[],"product_cat":[174,23,170],"product_tag":[240],"class_list":{"0":"post-2132","1":"product","2":"type-product","3":"status-publish","4":"has-post-thumbnail","6":"product_cat-iglesia","7":"product_cat-libros","8":"product_cat-mujeres","9":"product_tag-kathryn-kuhlman","10":"desktop-align-left","11":"tablet-align-left","12":"mobile-align-left","14":"first","15":"instock","16":"shipping-taxable","17":"purchasable","18":"product-type-simple"},"yoast_head":"<!-- This site is optimized with the Yoast SEO plugin v27.4 - https:\/\/yoast.com\/product\/yoast-seo-wordpress\/ -->\n<title>Jesucristo nuestro sanador - Kathryn Kuhlman - tzionlibreria.com<\/title>\n<meta name=\"description\" content=\"En este libro encontrar\u00e1 testimonios de personas que necesitaban experimentar el poder sanador de Jes\u00fas en sus vidas. Los Milagros Suceden Hoy.\" \/>\n<meta name=\"robots\" content=\"index, follow, max-snippet:-1, max-image-preview:large, max-video-preview:-1\" \/>\n<link rel=\"canonical\" href=\"https:\/\/tzionlibreria.com\/index.php\/product\/jesucristo-nuestro-sanador-kathryn-kuhlman\/\" \/>\n<meta property=\"og:locale\" content=\"es_ES\" \/>\n<meta property=\"og:type\" content=\"article\" \/>\n<meta property=\"og:title\" content=\"Jesucristo nuestro sanador - Kathryn Kuhlman - tzionlibreria.com\" \/>\n<meta property=\"og:description\" content=\"En este libro encontrar\u00e1 testimonios de personas que necesitaban experimentar el poder sanador de Jes\u00fas en sus vidas. Los Milagros Suceden Hoy.\" \/>\n<meta property=\"og:url\" content=\"https:\/\/tzionlibreria.com\/index.php\/product\/jesucristo-nuestro-sanador-kathryn-kuhlman\/\" \/>\n<meta property=\"og:site_name\" content=\"tzionlibreria.com\" \/>\n<meta property=\"article:modified_time\" content=\"2024-03-31T23:14:50+00:00\" \/>\n<meta property=\"og:image\" content=\"http:\/\/tzionlibreria.com\/wp-content\/uploads\/2024\/01\/Jesucristo-nuestro-sanador.jpg\" \/>\n\t<meta property=\"og:image:width\" content=\"1200\" \/>\n\t<meta property=\"og:image:height\" content=\"1200\" \/>\n\t<meta property=\"og:image:type\" content=\"image\/jpeg\" \/>\n<meta name=\"twitter:card\" content=\"summary_large_image\" \/>\n<meta name=\"twitter:label1\" content=\"Tiempo de lectura\" \/>\n\t<meta name=\"twitter:data1\" content=\"2 minutos\" \/>\n<script type=\"application\/ld+json\" class=\"yoast-schema-graph\">{\"@context\":\"https:\\\/\\\/schema.org\",\"@graph\":[{\"@type\":\"WebPage\",\"@id\":\"https:\\\/\\\/tzionlibreria.com\\\/index.php\\\/product\\\/jesucristo-nuestro-sanador-kathryn-kuhlman\\\/\",\"url\":\"https:\\\/\\\/tzionlibreria.com\\\/index.php\\\/product\\\/jesucristo-nuestro-sanador-kathryn-kuhlman\\\/\",\"name\":\"Jesucristo nuestro sanador - Kathryn Kuhlman - tzionlibreria.com\",\"isPartOf\":{\"@id\":\"https:\\\/\\\/tzionlibreria.com\\\/#website\"},\"primaryImageOfPage\":{\"@id\":\"https:\\\/\\\/tzionlibreria.com\\\/index.php\\\/product\\\/jesucristo-nuestro-sanador-kathryn-kuhlman\\\/#primaryimage\"},\"image\":{\"@id\":\"https:\\\/\\\/tzionlibreria.com\\\/index.php\\\/product\\\/jesucristo-nuestro-sanador-kathryn-kuhlman\\\/#primaryimage\"},\"thumbnailUrl\":\"https:\\\/\\\/tzionlibreria.com\\\/wp-content\\\/uploads\\\/2024\\\/01\\\/Jesucristo-nuestro-sanador.jpg\",\"datePublished\":\"2024-01-14T01:28:00+00:00\",\"dateModified\":\"2024-03-31T23:14:50+00:00\",\"description\":\"En este libro encontrar\u00e1 testimonios de personas que necesitaban experimentar el poder sanador de Jes\u00fas en sus vidas. Los Milagros Suceden Hoy.\",\"breadcrumb\":{\"@id\":\"https:\\\/\\\/tzionlibreria.com\\\/index.php\\\/product\\\/jesucristo-nuestro-sanador-kathryn-kuhlman\\\/#breadcrumb\"},\"inLanguage\":\"es-CO\",\"potentialAction\":[{\"@type\":\"ReadAction\",\"target\":[\"https:\\\/\\\/tzionlibreria.com\\\/index.php\\\/product\\\/jesucristo-nuestro-sanador-kathryn-kuhlman\\\/\"]}]},{\"@type\":\"ImageObject\",\"inLanguage\":\"es-CO\",\"@id\":\"https:\\\/\\\/tzionlibreria.com\\\/index.php\\\/product\\\/jesucristo-nuestro-sanador-kathryn-kuhlman\\\/#primaryimage\",\"url\":\"https:\\\/\\\/tzionlibreria.com\\\/wp-content\\\/uploads\\\/2024\\\/01\\\/Jesucristo-nuestro-sanador.jpg\",\"contentUrl\":\"https:\\\/\\\/tzionlibreria.com\\\/wp-content\\\/uploads\\\/2024\\\/01\\\/Jesucristo-nuestro-sanador.jpg\",\"width\":1200,\"height\":1200},{\"@type\":\"BreadcrumbList\",\"@id\":\"https:\\\/\\\/tzionlibreria.com\\\/index.php\\\/product\\\/jesucristo-nuestro-sanador-kathryn-kuhlman\\\/#breadcrumb\",\"itemListElement\":[{\"@type\":\"ListItem\",\"position\":1,\"name\":\"Inicio\",\"item\":\"https:\\\/\\\/tzionlibreria.com\\\/\"},{\"@type\":\"ListItem\",\"position\":2,\"name\":\"Shop\",\"item\":\"https:\\\/\\\/tzionlibreria.com\\\/index.php\\\/shop\\\/\"},{\"@type\":\"ListItem\",\"position\":3,\"name\":\"Jesucristo nuestro sanador &#8211; Kathryn Kuhlman\"}]},{\"@type\":\"WebSite\",\"@id\":\"https:\\\/\\\/tzionlibreria.com\\\/#website\",\"url\":\"https:\\\/\\\/tzionlibreria.com\\\/\",\"name\":\"tzionlibreria.com\",\"description\":\"Libreria Cristiana Venezuela\",\"publisher\":{\"@id\":\"https:\\\/\\\/tzionlibreria.com\\\/#organization\"},\"potentialAction\":[{\"@type\":\"SearchAction\",\"target\":{\"@type\":\"EntryPoint\",\"urlTemplate\":\"https:\\\/\\\/tzionlibreria.com\\\/?s={search_term_string}\"},\"query-input\":{\"@type\":\"PropertyValueSpecification\",\"valueRequired\":true,\"valueName\":\"search_term_string\"}}],\"inLanguage\":\"es-CO\"},{\"@type\":\"Organization\",\"@id\":\"https:\\\/\\\/tzionlibreria.com\\\/#organization\",\"name\":\"tzionlibreria.com\",\"url\":\"https:\\\/\\\/tzionlibreria.com\\\/\",\"logo\":{\"@type\":\"ImageObject\",\"inLanguage\":\"es-CO\",\"@id\":\"https:\\\/\\\/tzionlibreria.com\\\/#\\\/schema\\\/logo\\\/image\\\/\",\"url\":\"https:\\\/\\\/tzionlibreria.com\\\/wp-content\\\/uploads\\\/2023\\\/10\\\/cropped-Cuadricula-scaled-1.jpg\",\"contentUrl\":\"https:\\\/\\\/tzionlibreria.com\\\/wp-content\\\/uploads\\\/2023\\\/10\\\/cropped-Cuadricula-scaled-1.jpg\",\"width\":2560,\"height\":2560,\"caption\":\"tzionlibreria.com\"},\"image\":{\"@id\":\"https:\\\/\\\/tzionlibreria.com\\\/#\\\/schema\\\/logo\\\/image\\\/\"}}]}<\/script>\n<!-- \/ Yoast SEO plugin. -->","yoast_head_json":{"title":"Jesucristo nuestro sanador - Kathryn Kuhlman - tzionlibreria.com","description":"En este libro encontrar\u00e1 testimonios de personas que necesitaban experimentar el poder sanador de Jes\u00fas en sus vidas. Los Milagros Suceden Hoy.","robots":{"index":"index","follow":"follow","max-snippet":"max-snippet:-1","max-image-preview":"max-image-preview:large","max-video-preview":"max-video-preview:-1"},"canonical":"https:\/\/tzionlibreria.com\/index.php\/product\/jesucristo-nuestro-sanador-kathryn-kuhlman\/","og_locale":"es_ES","og_type":"article","og_title":"Jesucristo nuestro sanador - Kathryn Kuhlman - tzionlibreria.com","og_description":"En este libro encontrar\u00e1 testimonios de personas que necesitaban experimentar el poder sanador de Jes\u00fas en sus vidas. Los Milagros Suceden Hoy.","og_url":"https:\/\/tzionlibreria.com\/index.php\/product\/jesucristo-nuestro-sanador-kathryn-kuhlman\/","og_site_name":"tzionlibreria.com","article_modified_time":"2024-03-31T23:14:50+00:00","og_image":[{"width":1200,"height":1200,"url":"http:\/\/tzionlibreria.com\/wp-content\/uploads\/2024\/01\/Jesucristo-nuestro-sanador.jpg","type":"image\/jpeg"}],"twitter_card":"summary_large_image","twitter_misc":{"Tiempo de lectura":"2 minutos"},"schema":{"@context":"https:\/\/schema.org","@graph":[{"@type":"WebPage","@id":"https:\/\/tzionlibreria.com\/index.php\/product\/jesucristo-nuestro-sanador-kathryn-kuhlman\/","url":"https:\/\/tzionlibreria.com\/index.php\/product\/jesucristo-nuestro-sanador-kathryn-kuhlman\/","name":"Jesucristo nuestro sanador - Kathryn Kuhlman - tzionlibreria.com","isPartOf":{"@id":"https:\/\/tzionlibreria.com\/#website"},"primaryImageOfPage":{"@id":"https:\/\/tzionlibreria.com\/index.php\/product\/jesucristo-nuestro-sanador-kathryn-kuhlman\/#primaryimage"},"image":{"@id":"https:\/\/tzionlibreria.com\/index.php\/product\/jesucristo-nuestro-sanador-kathryn-kuhlman\/#primaryimage"},"thumbnailUrl":"https:\/\/tzionlibreria.com\/wp-content\/uploads\/2024\/01\/Jesucristo-nuestro-sanador.jpg","datePublished":"2024-01-14T01:28:00+00:00","dateModified":"2024-03-31T23:14:50+00:00","description":"En este libro encontrar\u00e1 testimonios de personas que necesitaban experimentar el poder sanador de Jes\u00fas en sus vidas. Los Milagros Suceden Hoy.","breadcrumb":{"@id":"https:\/\/tzionlibreria.com\/index.php\/product\/jesucristo-nuestro-sanador-kathryn-kuhlman\/#breadcrumb"},"inLanguage":"es-CO","potentialAction":[{"@type":"ReadAction","target":["https:\/\/tzionlibreria.com\/index.php\/product\/jesucristo-nuestro-sanador-kathryn-kuhlman\/"]}]},{"@type":"ImageObject","inLanguage":"es-CO","@id":"https:\/\/tzionlibreria.com\/index.php\/product\/jesucristo-nuestro-sanador-kathryn-kuhlman\/#primaryimage","url":"https:\/\/tzionlibreria.com\/wp-content\/uploads\/2024\/01\/Jesucristo-nuestro-sanador.jpg","contentUrl":"https:\/\/tzionlibreria.com\/wp-content\/uploads\/2024\/01\/Jesucristo-nuestro-sanador.jpg","width":1200,"height":1200},{"@type":"BreadcrumbList","@id":"https:\/\/tzionlibreria.com\/index.php\/product\/jesucristo-nuestro-sanador-kathryn-kuhlman\/#breadcrumb","itemListElement":[{"@type":"ListItem","position":1,"name":"Inicio","item":"https:\/\/tzionlibreria.com\/"},{"@type":"ListItem","position":2,"name":"Shop","item":"https:\/\/tzionlibreria.com\/index.php\/shop\/"},{"@type":"ListItem","position":3,"name":"Jesucristo nuestro sanador &#8211; Kathryn Kuhlman"}]},{"@type":"WebSite","@id":"https:\/\/tzionlibreria.com\/#website","url":"https:\/\/tzionlibreria.com\/","name":"tzionlibreria.com","description":"Libreria Cristiana Venezuela","publisher":{"@id":"https:\/\/tzionlibreria.com\/#organization"},"potentialAction":[{"@type":"SearchAction","target":{"@type":"EntryPoint","urlTemplate":"https:\/\/tzionlibreria.com\/?s={search_term_string}"},"query-input":{"@type":"PropertyValueSpecification","valueRequired":true,"valueName":"search_term_string"}}],"inLanguage":"es-CO"},{"@type":"Organization","@id":"https:\/\/tzionlibreria.com\/#organization","name":"tzionlibreria.com","url":"https:\/\/tzionlibreria.com\/","logo":{"@type":"ImageObject","inLanguage":"es-CO","@id":"https:\/\/tzionlibreria.com\/#\/schema\/logo\/image\/","url":"https:\/\/tzionlibreria.com\/wp-content\/uploads\/2023\/10\/cropped-Cuadricula-scaled-1.jpg","contentUrl":"https:\/\/tzionlibreria.com\/wp-content\/uploads\/2023\/10\/cropped-Cuadricula-scaled-1.jpg","width":2560,"height":2560,"caption":"tzionlibreria.com"},"image":{"@id":"https:\/\/tzionlibreria.com\/#\/schema\/logo\/image\/"}}]}},"jetpack_sharing_enabled":true,"_links":{"self":[{"href":"https:\/\/tzionlibreria.com\/index.php\/wp-json\/wp\/v2\/product\/2132","targetHints":{"allow":["GET"]}}],"collection":[{"href":"https:\/\/tzionlibreria.com\/index.php\/wp-json\/wp\/v2\/product"}],"about":[{"href":"https:\/\/tzionlibreria.com\/index.php\/wp-json\/wp\/v2\/types\/product"}],"replies":[{"embeddable":true,"href":"https:\/\/tzionlibreria.com\/index.php\/wp-json\/wp\/v2\/comments?post=2132"}],"wp:featuredmedia":[{"embeddable":true,"href":"https:\/\/tzionlibreria.com\/index.php\/wp-json\/wp\/v2\/media\/2133"}],"wp:attachment":[{"href":"https:\/\/tzionlibreria.com\/index.php\/wp-json\/wp\/v2\/media?parent=2132"}],"wp:term":[{"taxonomy":"product_brand","embeddable":true,"href":"https:\/\/tzionlibreria.com\/index.php\/wp-json\/wp\/v2\/product_brand?post=2132"},{"taxonomy":"product_cat","embeddable":true,"href":"https:\/\/tzionlibreria.com\/index.php\/wp-json\/wp\/v2\/product_cat?post=2132"},{"taxonomy":"product_tag","embeddable":true,"href":"https:\/\/tzionlibreria.com\/index.php\/wp-json\/wp\/v2\/product_tag?post=2132"}],"curies":[{"name":"wp","href":"https:\/\/api.w.org\/{rel}","templated":true}]}}