{"id":2151,"date":"2024-02-01T21:46:10","date_gmt":"2024-02-01T21:46:10","guid":{"rendered":"https:\/\/tzionlibreria.com\/?post_type=product&#038;p=2151"},"modified":"2024-02-29T13:35:39","modified_gmt":"2024-02-29T13:35:39","slug":"cincelado-por-la-mano-del-maestro-bolsilibro-erwin-lutzer","status":"publish","type":"product","link":"https:\/\/tzionlibreria.com\/index.php\/product\/cincelado-por-la-mano-del-maestro-bolsilibro-erwin-lutzer\/","title":{"rendered":"Cincelado por la mano del Maestro &#8211; Bolsilibro &#8211; Erwin Lutzer"},"content":{"rendered":"<h2 class=\"product-subtitle\">Aprenda de Pedro c\u00f3mo Dios moldea nuestro car\u00e1cter a Su semejanza<\/h2>\n<p>&nbsp;<\/p>\n<div><strong>Dios no ha terminado contigo&#8230;\u00a0<\/strong>\u00bfTe has preguntado si todas las asperezas de tu car\u00e1cter y de tu fe ser\u00e1n limadas alg\u00fan d\u00eda?\u00a0\u00bfSientes que a veces Dios debe estar frustrado por tu lentitud para aprender las lecciones espirituales? No desesperes, en este retrato contempor\u00e1neo de Pedro encontrar\u00e1s que el mismo Cristo que transform\u00f3 al ap\u00f3stol puede realizar un milagro similar en tu coraz\u00f3n.<\/div>\n<div><\/div>\n<div>A medida que revisas las experiencias que Cristo us\u00f3 para moldear y transformar ese rudo pescador en un gigante de Dios, aprender\u00e1s:<\/div>\n<div><\/div>\n<div>\n<ul>\n<li>C\u00f3mo Cristo nos motiva a cambiar el car\u00e1cter<\/li>\n<li>C\u00f3mo Cristo nos ubica intencionalmente en situaciones estrechas para desarrollar nuestra fe<\/li>\n<li>C\u00f3mo de los errores y pecados pasados podemos aprender importantes lecciones<\/li>\n<li>Que la soberan\u00eda de Cristo se extiende por encima de todo detalle en la vida de un creyente<\/li>\n<\/ul>\n<div><\/div>\n<div>Este libro nos lleva a un retrato contempor\u00e1neo de Pedro, donde podremos conocer al mismo Cristo que transform\u00f3 su vida y que tambi\u00e9n puede hacer con nosotros lo mismo, llev\u00e1ndonos a ver las tribulaciones y desaf\u00edos terrenales a un plano divino. Es un texto recomendado para cualquier creyente que quiera crecer en santidad y obediencia, especialmente en medio de las pruebas de la vida.<\/div>\n<\/div>\n<div><\/div>\n<div><strong>Editorial<\/strong>: CLC<br \/>\n<strong>Idioma<\/strong>: Espa\u00f1ol<br \/>\n<strong>ISBN<\/strong>: 9789588217444<br \/>\n<strong>Dimensiones<\/strong>: 110 x 170 x 10 mm<br \/>\n<b>Pesos<\/b>: 0,132kg<br \/>\n<b>Portada<\/b>: R\u00fastica<\/div>\n","protected":false},"excerpt":{"rendered":"<p>Aprenda de Pedro c\u00f3mo Dios moldea nuestro car\u00e1cter a Su semejanza &nbsp; Dios no ha terminado contigo&#8230;\u00a0\u00bfTe has preguntado si todas las asperezas de tu car\u00e1cter y de tu fe ser\u00e1n limadas alg\u00fan d\u00eda?\u00a0\u00bfSientes que a veces Dios debe estar frustrado por tu lentitud para aprender las lecciones espirituales? No desesperes, en este retrato contempor\u00e1neo [&hellip;]<\/p>\n","protected":false},"featured_media":2152,"comment_status":"open","ping_status":"closed","template":"","meta":{"om_disable_all_campaigns":false,"_monsterinsights_skip_tracking":false,"_monsterinsights_sitenote_active":false,"_monsterinsights_sitenote_note":"","_monsterinsights_sitenote_category":0,"site-sidebar-layout":"default","site-content-layout":"","ast-site-content-layout":"default","site-content-style":"default","site-sidebar-style":"default","ast-global-header-display":"","ast-banner-title-visibility":"","ast-main-header-display":"","ast-hfb-above-header-display":"","ast-hfb-below-header-display":"","ast-hfb-mobile-header-display":"","site-post-title":"","ast-breadcrumbs-content":"","ast-featured-img":"","footer-sml-layout":"","ast-disable-related-posts":"","theme-transparent-header-meta":"default","adv-header-id-meta":"","stick-header-meta":"","header-above-stick-meta":"","header-main-stick-meta":"","header-below-stick-meta":"","astra-migrate-meta-layouts":"set","ast-page-background-enabled":"default","ast-page-background-meta":{"desktop":{"background-color":"var(--ast-global-color-4)","background-image":"","background-repeat":"repeat","background-position":"center center","background-size":"auto","background-attachment":"scroll","background-type":"","background-media":"","overlay-type":"","overlay-color":"","overlay-opacity":"","overlay-gradient":""},"tablet":{"background-color":"","background-image":"","background-repeat":"repeat","background-position":"center center","background-size":"auto","background-attachment":"scroll","background-type":"","background-media":"","overlay-type":"","overlay-color":"","overlay-opacity":"","overlay-gradient":""},"mobile":{"background-color":"","background-image":"","background-repeat":"repeat","background-position":"center center","background-size":"auto","background-attachment":"scroll","background-type":"","background-media":"","overlay-type":"","overlay-color":"","overlay-opacity":"","overlay-gradient":""}},"ast-content-background-meta":{"desktop":{"background-color":"var(--ast-global-color-5)","background-image":"","background-repeat":"repeat","background-position":"center center","background-size":"auto","background-attachment":"scroll","background-type":"","background-media":"","overlay-type":"","overlay-color":"","overlay-opacity":"","overlay-gradient":""},"tablet":{"background-color":"var(--ast-global-color-5)","background-image":"","background-repeat":"repeat","background-position":"center center","background-size":"auto","background-attachment":"scroll","background-type":"","background-media":"","overlay-type":"","overlay-color":"","overlay-opacity":"","overlay-gradient":""},"mobile":{"background-color":"var(--ast-global-color-5)","background-image":"","background-repeat":"repeat","background-position":"center center","background-size":"auto","background-attachment":"scroll","background-type":"","background-media":"","overlay-type":"","overlay-color":"","overlay-opacity":"","overlay-gradient":""}}},"product_brand":[],"product_cat":[174,23],"product_tag":[],"class_list":{"0":"post-2151","1":"product","2":"type-product","3":"status-publish","4":"has-post-thumbnail","6":"product_cat-iglesia","7":"product_cat-libros","8":"desktop-align-left","9":"tablet-align-left","10":"mobile-align-left","12":"first","13":"instock","14":"shipping-taxable","15":"purchasable","16":"product-type-simple"},"yoast_head":"<!-- This site is optimized with the Yoast SEO plugin v27.4 - https:\/\/yoast.com\/product\/yoast-seo-wordpress\/ -->\n<title>Cincelado por la mano del Maestro - Bolsilibro - Erwin Lutzer - tzionlibreria.com<\/title>\n<meta name=\"robots\" content=\"index, follow, max-snippet:-1, max-image-preview:large, max-video-preview:-1\" \/>\n<link rel=\"canonical\" href=\"https:\/\/tzionlibreria.com\/index.php\/product\/cincelado-por-la-mano-del-maestro-bolsilibro-erwin-lutzer\/\" \/>\n<meta property=\"og:locale\" content=\"es_ES\" \/>\n<meta property=\"og:type\" content=\"article\" \/>\n<meta property=\"og:title\" content=\"Cincelado por la mano del Maestro - Bolsilibro - Erwin Lutzer - tzionlibreria.com\" \/>\n<meta property=\"og:description\" content=\"Aprenda de Pedro c\u00f3mo Dios moldea nuestro car\u00e1cter a Su semejanza &nbsp; Dios no ha terminado contigo&#8230;\u00a0\u00bfTe has preguntado si todas las asperezas de tu car\u00e1cter y de tu fe ser\u00e1n limadas alg\u00fan d\u00eda?\u00a0\u00bfSientes que a veces Dios debe estar frustrado por tu lentitud para aprender las lecciones espirituales? No desesperes, en este retrato contempor\u00e1neo [&hellip;]\" \/>\n<meta property=\"og:url\" content=\"https:\/\/tzionlibreria.com\/index.php\/product\/cincelado-por-la-mano-del-maestro-bolsilibro-erwin-lutzer\/\" \/>\n<meta property=\"og:site_name\" content=\"tzionlibreria.com\" \/>\n<meta property=\"article:modified_time\" content=\"2024-02-29T13:35:39+00:00\" \/>\n<meta property=\"og:image\" content=\"http:\/\/tzionlibreria.com\/wp-content\/uploads\/2024\/02\/Cincelado-por-la-mano-del-maestro-1.jpg\" \/>\n\t<meta property=\"og:image:width\" content=\"1200\" \/>\n\t<meta property=\"og:image:height\" content=\"1200\" \/>\n\t<meta property=\"og:image:type\" content=\"image\/jpeg\" \/>\n<meta name=\"twitter:card\" content=\"summary_large_image\" \/>\n<meta name=\"twitter:label1\" content=\"Tiempo de lectura\" \/>\n\t<meta name=\"twitter:data1\" content=\"2 minutos\" \/>\n<script type=\"application\/ld+json\" class=\"yoast-schema-graph\">{\"@context\":\"https:\\\/\\\/schema.org\",\"@graph\":[{\"@type\":\"WebPage\",\"@id\":\"https:\\\/\\\/tzionlibreria.com\\\/index.php\\\/product\\\/cincelado-por-la-mano-del-maestro-bolsilibro-erwin-lutzer\\\/\",\"url\":\"https:\\\/\\\/tzionlibreria.com\\\/index.php\\\/product\\\/cincelado-por-la-mano-del-maestro-bolsilibro-erwin-lutzer\\\/\",\"name\":\"Cincelado por la mano del Maestro - Bolsilibro - Erwin Lutzer - tzionlibreria.com\",\"isPartOf\":{\"@id\":\"https:\\\/\\\/tzionlibreria.com\\\/#website\"},\"primaryImageOfPage\":{\"@id\":\"https:\\\/\\\/tzionlibreria.com\\\/index.php\\\/product\\\/cincelado-por-la-mano-del-maestro-bolsilibro-erwin-lutzer\\\/#primaryimage\"},\"image\":{\"@id\":\"https:\\\/\\\/tzionlibreria.com\\\/index.php\\\/product\\\/cincelado-por-la-mano-del-maestro-bolsilibro-erwin-lutzer\\\/#primaryimage\"},\"thumbnailUrl\":\"https:\\\/\\\/tzionlibreria.com\\\/wp-content\\\/uploads\\\/2024\\\/02\\\/Cincelado-por-la-mano-del-maestro-1.jpg\",\"datePublished\":\"2024-02-01T21:46:10+00:00\",\"dateModified\":\"2024-02-29T13:35:39+00:00\",\"breadcrumb\":{\"@id\":\"https:\\\/\\\/tzionlibreria.com\\\/index.php\\\/product\\\/cincelado-por-la-mano-del-maestro-bolsilibro-erwin-lutzer\\\/#breadcrumb\"},\"inLanguage\":\"es-CO\",\"potentialAction\":[{\"@type\":\"ReadAction\",\"target\":[\"https:\\\/\\\/tzionlibreria.com\\\/index.php\\\/product\\\/cincelado-por-la-mano-del-maestro-bolsilibro-erwin-lutzer\\\/\"]}]},{\"@type\":\"ImageObject\",\"inLanguage\":\"es-CO\",\"@id\":\"https:\\\/\\\/tzionlibreria.com\\\/index.php\\\/product\\\/cincelado-por-la-mano-del-maestro-bolsilibro-erwin-lutzer\\\/#primaryimage\",\"url\":\"https:\\\/\\\/tzionlibreria.com\\\/wp-content\\\/uploads\\\/2024\\\/02\\\/Cincelado-por-la-mano-del-maestro-1.jpg\",\"contentUrl\":\"https:\\\/\\\/tzionlibreria.com\\\/wp-content\\\/uploads\\\/2024\\\/02\\\/Cincelado-por-la-mano-del-maestro-1.jpg\",\"width\":1200,\"height\":1200},{\"@type\":\"BreadcrumbList\",\"@id\":\"https:\\\/\\\/tzionlibreria.com\\\/index.php\\\/product\\\/cincelado-por-la-mano-del-maestro-bolsilibro-erwin-lutzer\\\/#breadcrumb\",\"itemListElement\":[{\"@type\":\"ListItem\",\"position\":1,\"name\":\"Inicio\",\"item\":\"https:\\\/\\\/tzionlibreria.com\\\/\"},{\"@type\":\"ListItem\",\"position\":2,\"name\":\"Shop\",\"item\":\"https:\\\/\\\/tzionlibreria.com\\\/index.php\\\/shop\\\/\"},{\"@type\":\"ListItem\",\"position\":3,\"name\":\"Cincelado por la mano del Maestro &#8211; Bolsilibro &#8211; Erwin Lutzer\"}]},{\"@type\":\"WebSite\",\"@id\":\"https:\\\/\\\/tzionlibreria.com\\\/#website\",\"url\":\"https:\\\/\\\/tzionlibreria.com\\\/\",\"name\":\"tzionlibreria.com\",\"description\":\"Libreria Cristiana Venezuela\",\"publisher\":{\"@id\":\"https:\\\/\\\/tzionlibreria.com\\\/#organization\"},\"potentialAction\":[{\"@type\":\"SearchAction\",\"target\":{\"@type\":\"EntryPoint\",\"urlTemplate\":\"https:\\\/\\\/tzionlibreria.com\\\/?s={search_term_string}\"},\"query-input\":{\"@type\":\"PropertyValueSpecification\",\"valueRequired\":true,\"valueName\":\"search_term_string\"}}],\"inLanguage\":\"es-CO\"},{\"@type\":\"Organization\",\"@id\":\"https:\\\/\\\/tzionlibreria.com\\\/#organization\",\"name\":\"tzionlibreria.com\",\"url\":\"https:\\\/\\\/tzionlibreria.com\\\/\",\"logo\":{\"@type\":\"ImageObject\",\"inLanguage\":\"es-CO\",\"@id\":\"https:\\\/\\\/tzionlibreria.com\\\/#\\\/schema\\\/logo\\\/image\\\/\",\"url\":\"https:\\\/\\\/tzionlibreria.com\\\/wp-content\\\/uploads\\\/2023\\\/10\\\/cropped-Cuadricula-scaled-1.jpg\",\"contentUrl\":\"https:\\\/\\\/tzionlibreria.com\\\/wp-content\\\/uploads\\\/2023\\\/10\\\/cropped-Cuadricula-scaled-1.jpg\",\"width\":2560,\"height\":2560,\"caption\":\"tzionlibreria.com\"},\"image\":{\"@id\":\"https:\\\/\\\/tzionlibreria.com\\\/#\\\/schema\\\/logo\\\/image\\\/\"}}]}<\/script>\n<!-- \/ Yoast SEO plugin. -->","yoast_head_json":{"title":"Cincelado por la mano del Maestro - Bolsilibro - Erwin Lutzer - tzionlibreria.com","robots":{"index":"index","follow":"follow","max-snippet":"max-snippet:-1","max-image-preview":"max-image-preview:large","max-video-preview":"max-video-preview:-1"},"canonical":"https:\/\/tzionlibreria.com\/index.php\/product\/cincelado-por-la-mano-del-maestro-bolsilibro-erwin-lutzer\/","og_locale":"es_ES","og_type":"article","og_title":"Cincelado por la mano del Maestro - Bolsilibro - Erwin Lutzer - tzionlibreria.com","og_description":"Aprenda de Pedro c\u00f3mo Dios moldea nuestro car\u00e1cter a Su semejanza &nbsp; Dios no ha terminado contigo&#8230;\u00a0\u00bfTe has preguntado si todas las asperezas de tu car\u00e1cter y de tu fe ser\u00e1n limadas alg\u00fan d\u00eda?\u00a0\u00bfSientes que a veces Dios debe estar frustrado por tu lentitud para aprender las lecciones espirituales? No desesperes, en este retrato contempor\u00e1neo [&hellip;]","og_url":"https:\/\/tzionlibreria.com\/index.php\/product\/cincelado-por-la-mano-del-maestro-bolsilibro-erwin-lutzer\/","og_site_name":"tzionlibreria.com","article_modified_time":"2024-02-29T13:35:39+00:00","og_image":[{"width":1200,"height":1200,"url":"http:\/\/tzionlibreria.com\/wp-content\/uploads\/2024\/02\/Cincelado-por-la-mano-del-maestro-1.jpg","type":"image\/jpeg"}],"twitter_card":"summary_large_image","twitter_misc":{"Tiempo de lectura":"2 minutos"},"schema":{"@context":"https:\/\/schema.org","@graph":[{"@type":"WebPage","@id":"https:\/\/tzionlibreria.com\/index.php\/product\/cincelado-por-la-mano-del-maestro-bolsilibro-erwin-lutzer\/","url":"https:\/\/tzionlibreria.com\/index.php\/product\/cincelado-por-la-mano-del-maestro-bolsilibro-erwin-lutzer\/","name":"Cincelado por la mano del Maestro - Bolsilibro - Erwin Lutzer - tzionlibreria.com","isPartOf":{"@id":"https:\/\/tzionlibreria.com\/#website"},"primaryImageOfPage":{"@id":"https:\/\/tzionlibreria.com\/index.php\/product\/cincelado-por-la-mano-del-maestro-bolsilibro-erwin-lutzer\/#primaryimage"},"image":{"@id":"https:\/\/tzionlibreria.com\/index.php\/product\/cincelado-por-la-mano-del-maestro-bolsilibro-erwin-lutzer\/#primaryimage"},"thumbnailUrl":"https:\/\/tzionlibreria.com\/wp-content\/uploads\/2024\/02\/Cincelado-por-la-mano-del-maestro-1.jpg","datePublished":"2024-02-01T21:46:10+00:00","dateModified":"2024-02-29T13:35:39+00:00","breadcrumb":{"@id":"https:\/\/tzionlibreria.com\/index.php\/product\/cincelado-por-la-mano-del-maestro-bolsilibro-erwin-lutzer\/#breadcrumb"},"inLanguage":"es-CO","potentialAction":[{"@type":"ReadAction","target":["https:\/\/tzionlibreria.com\/index.php\/product\/cincelado-por-la-mano-del-maestro-bolsilibro-erwin-lutzer\/"]}]},{"@type":"ImageObject","inLanguage":"es-CO","@id":"https:\/\/tzionlibreria.com\/index.php\/product\/cincelado-por-la-mano-del-maestro-bolsilibro-erwin-lutzer\/#primaryimage","url":"https:\/\/tzionlibreria.com\/wp-content\/uploads\/2024\/02\/Cincelado-por-la-mano-del-maestro-1.jpg","contentUrl":"https:\/\/tzionlibreria.com\/wp-content\/uploads\/2024\/02\/Cincelado-por-la-mano-del-maestro-1.jpg","width":1200,"height":1200},{"@type":"BreadcrumbList","@id":"https:\/\/tzionlibreria.com\/index.php\/product\/cincelado-por-la-mano-del-maestro-bolsilibro-erwin-lutzer\/#breadcrumb","itemListElement":[{"@type":"ListItem","position":1,"name":"Inicio","item":"https:\/\/tzionlibreria.com\/"},{"@type":"ListItem","position":2,"name":"Shop","item":"https:\/\/tzionlibreria.com\/index.php\/shop\/"},{"@type":"ListItem","position":3,"name":"Cincelado por la mano del Maestro &#8211; Bolsilibro &#8211; Erwin Lutzer"}]},{"@type":"WebSite","@id":"https:\/\/tzionlibreria.com\/#website","url":"https:\/\/tzionlibreria.com\/","name":"tzionlibreria.com","description":"Libreria Cristiana Venezuela","publisher":{"@id":"https:\/\/tzionlibreria.com\/#organization"},"potentialAction":[{"@type":"SearchAction","target":{"@type":"EntryPoint","urlTemplate":"https:\/\/tzionlibreria.com\/?s={search_term_string}"},"query-input":{"@type":"PropertyValueSpecification","valueRequired":true,"valueName":"search_term_string"}}],"inLanguage":"es-CO"},{"@type":"Organization","@id":"https:\/\/tzionlibreria.com\/#organization","name":"tzionlibreria.com","url":"https:\/\/tzionlibreria.com\/","logo":{"@type":"ImageObject","inLanguage":"es-CO","@id":"https:\/\/tzionlibreria.com\/#\/schema\/logo\/image\/","url":"https:\/\/tzionlibreria.com\/wp-content\/uploads\/2023\/10\/cropped-Cuadricula-scaled-1.jpg","contentUrl":"https:\/\/tzionlibreria.com\/wp-content\/uploads\/2023\/10\/cropped-Cuadricula-scaled-1.jpg","width":2560,"height":2560,"caption":"tzionlibreria.com"},"image":{"@id":"https:\/\/tzionlibreria.com\/#\/schema\/logo\/image\/"}}]}},"jetpack_sharing_enabled":true,"_links":{"self":[{"href":"https:\/\/tzionlibreria.com\/index.php\/wp-json\/wp\/v2\/product\/2151","targetHints":{"allow":["GET"]}}],"collection":[{"href":"https:\/\/tzionlibreria.com\/index.php\/wp-json\/wp\/v2\/product"}],"about":[{"href":"https:\/\/tzionlibreria.com\/index.php\/wp-json\/wp\/v2\/types\/product"}],"replies":[{"embeddable":true,"href":"https:\/\/tzionlibreria.com\/index.php\/wp-json\/wp\/v2\/comments?post=2151"}],"wp:featuredmedia":[{"embeddable":true,"href":"https:\/\/tzionlibreria.com\/index.php\/wp-json\/wp\/v2\/media\/2152"}],"wp:attachment":[{"href":"https:\/\/tzionlibreria.com\/index.php\/wp-json\/wp\/v2\/media?parent=2151"}],"wp:term":[{"taxonomy":"product_brand","embeddable":true,"href":"https:\/\/tzionlibreria.com\/index.php\/wp-json\/wp\/v2\/product_brand?post=2151"},{"taxonomy":"product_cat","embeddable":true,"href":"https:\/\/tzionlibreria.com\/index.php\/wp-json\/wp\/v2\/product_cat?post=2151"},{"taxonomy":"product_tag","embeddable":true,"href":"https:\/\/tzionlibreria.com\/index.php\/wp-json\/wp\/v2\/product_tag?post=2151"}],"curies":[{"name":"wp","href":"https:\/\/api.w.org\/{rel}","templated":true}]}}