{"id":2328,"date":"2024-02-16T01:12:27","date_gmt":"2024-02-16T01:12:27","guid":{"rendered":"https:\/\/tzionlibreria.com\/?post_type=product&#038;p=2328"},"modified":"2026-02-22T16:25:52","modified_gmt":"2026-02-22T16:25:52","slug":"biblia-letra-gigante-fucsia-reina-valera-1960-indice-cierre","status":"publish","type":"product","link":"https:\/\/tzionlibreria.com\/index.php\/product\/biblia-letra-gigante-fucsia-reina-valera-1960-indice-cierre\/","title":{"rendered":"Biblia Letra Gigante Fucsia Reina Valera 1960 \u00edndice cierre"},"content":{"rendered":"<div class=\"ast-oembed-container \" style=\"height: 100%;\"><iframe title=\"Biblia Letra Gigante Fucsia Cierre RVR 1960\" width=\"500\" height=\"281\" src=\"https:\/\/www.youtube.com\/embed\/CDCc7nRzF48?feature=oembed\" frameborder=\"0\" allow=\"accelerometer; autoplay; clipboard-write; encrypted-media; gyroscope; picture-in-picture; web-share\" referrerpolicy=\"strict-origin-when-cross-origin\" allowfullscreen><\/iframe><\/div>\n<p>&nbsp;<\/p>\n<p>Biblias Reina Valera 1960, letra gigante, cuenta con un nuevo dise\u00f1o y nueva tipograf\u00eda con mejor legibilidad. Todo el contenido y dise\u00f1o va a dos colores.<\/p>\n<p>C<strong>\u00f3digos QR con v\u00eddeos explicativos como:<\/strong><\/p>\n<p>\u2022Qu\u00e9 es la Biblia. \u2022Estructura de la Biblia. \u2022Buscar un pasaje en la Biblia. \u2022Mensaje principal de la Biblia. \u2022Idiomas en que se escribi\u00f3 la Biblia. \u2022Formaci\u00f3n de la Biblia. \u2022Beneficios de leer la Biblia. \u2022Interpretaci\u00f3n que Jes\u00fas hac\u00eda de las Escrituras.<\/p>\n<p><strong>QR para profundizar en las Escrituras:<\/strong><\/p>\n<p>\u2022Introducci\u00f3n al AT y el Pentateuco. \u2022Introducci\u00f3n al NT y los Evang\u00e9licos. \u2022Introducci\u00f3n a cada libro de la Biblia. \u2022Panorama General de los libros de la Biblia. \u2022Divisi\u00f3n del d\u00eda. \u2022Calendario Hebreo (incluido fiestas)<\/p>\n<p><strong>Ayudas impresas:<\/strong><br \/>\n\u2022La Biblia en un a\u00f1o. (plan de lectura) \u2022Pasajes famosos en la Biblia. \u2022Concordancia de consulta y referencia. \u202217 mapas.<\/p>\n<p><strong>ISBN<\/strong>: 9789587456172<\/p>\n<p><strong>Dimensiones<\/strong>:<br \/>\n240 x 190 x 30 mm<br \/>\n<strong>Cubierta<\/strong>:<br \/>\nImitaci\u00f3n piel con Cierre<br \/>\n<strong>Idioma<\/strong>: Espa\u00f1ol<\/p>\n<p><strong>N\u00famero de p\u00e1ginas: <\/strong>1760<\/p>\n","protected":false},"excerpt":{"rendered":"<p>&nbsp; Biblias Reina Valera 1960, letra gigante, cuenta con un nuevo dise\u00f1o y nueva tipograf\u00eda con mejor legibilidad. Todo el contenido y dise\u00f1o va a dos colores. C\u00f3digos QR con v\u00eddeos explicativos como: \u2022Qu\u00e9 es la Biblia. \u2022Estructura de la Biblia. \u2022Buscar un pasaje en la Biblia. \u2022Mensaje principal de la Biblia. \u2022Idiomas en que [&hellip;]<\/p>\n","protected":false},"featured_media":2329,"comment_status":"open","ping_status":"closed","template":"","meta":{"om_disable_all_campaigns":false,"_monsterinsights_skip_tracking":false,"_monsterinsights_sitenote_active":false,"_monsterinsights_sitenote_note":"","_monsterinsights_sitenote_category":0,"site-sidebar-layout":"default","site-content-layout":"","ast-site-content-layout":"default","site-content-style":"default","site-sidebar-style":"default","ast-global-header-display":"","ast-banner-title-visibility":"","ast-main-header-display":"","ast-hfb-above-header-display":"","ast-hfb-below-header-display":"","ast-hfb-mobile-header-display":"","site-post-title":"","ast-breadcrumbs-content":"","ast-featured-img":"","footer-sml-layout":"","ast-disable-related-posts":"","theme-transparent-header-meta":"default","adv-header-id-meta":"","stick-header-meta":"","header-above-stick-meta":"","header-main-stick-meta":"","header-below-stick-meta":"","astra-migrate-meta-layouts":"set","ast-page-background-enabled":"default","ast-page-background-meta":{"desktop":{"background-color":"var(--ast-global-color-4)","background-image":"","background-repeat":"repeat","background-position":"center center","background-size":"auto","background-attachment":"scroll","background-type":"","background-media":"","overlay-type":"","overlay-color":"","overlay-opacity":"","overlay-gradient":""},"tablet":{"background-color":"","background-image":"","background-repeat":"repeat","background-position":"center center","background-size":"auto","background-attachment":"scroll","background-type":"","background-media":"","overlay-type":"","overlay-color":"","overlay-opacity":"","overlay-gradient":""},"mobile":{"background-color":"","background-image":"","background-repeat":"repeat","background-position":"center center","background-size":"auto","background-attachment":"scroll","background-type":"","background-media":"","overlay-type":"","overlay-color":"","overlay-opacity":"","overlay-gradient":""}},"ast-content-background-meta":{"desktop":{"background-color":"var(--ast-global-color-5)","background-image":"","background-repeat":"repeat","background-position":"center center","background-size":"auto","background-attachment":"scroll","background-type":"","background-media":"","overlay-type":"","overlay-color":"","overlay-opacity":"","overlay-gradient":""},"tablet":{"background-color":"var(--ast-global-color-5)","background-image":"","background-repeat":"repeat","background-position":"center center","background-size":"auto","background-attachment":"scroll","background-type":"","background-media":"","overlay-type":"","overlay-color":"","overlay-opacity":"","overlay-gradient":""},"mobile":{"background-color":"var(--ast-global-color-5)","background-image":"","background-repeat":"repeat","background-position":"center center","background-size":"auto","background-attachment":"scroll","background-type":"","background-media":"","overlay-type":"","overlay-color":"","overlay-opacity":"","overlay-gradient":""}}},"product_brand":[],"product_cat":[22,42,179],"product_tag":[244,245],"class_list":{"0":"post-2328","1":"product","2":"type-product","3":"status-publish","4":"has-post-thumbnail","6":"product_cat-biblias","7":"product_cat-biblias-reina-valera","8":"product_cat-letra-gigante-rvr","9":"product_tag-letra-gigante","10":"product_tag-reina-valera-1960","11":"desktop-align-left","12":"tablet-align-left","13":"mobile-align-left","15":"first","16":"outofstock","17":"shipping-taxable","18":"purchasable","19":"product-type-simple"},"yoast_head":"<!-- This site is optimized with the Yoast SEO plugin v27.4 - https:\/\/yoast.com\/product\/yoast-seo-wordpress\/ -->\n<title>Biblia Letra Gigante Fucsia Reina Valera 1960 \u00edndice cierre - tzionlibreria.com<\/title>\n<meta name=\"robots\" content=\"index, follow, max-snippet:-1, max-image-preview:large, max-video-preview:-1\" \/>\n<link rel=\"canonical\" href=\"https:\/\/tzionlibreria.com\/index.php\/product\/biblia-letra-gigante-fucsia-reina-valera-1960-indice-cierre\/\" \/>\n<meta property=\"og:locale\" content=\"es_ES\" \/>\n<meta property=\"og:type\" content=\"article\" \/>\n<meta property=\"og:title\" content=\"Biblia Letra Gigante Fucsia Reina Valera 1960 \u00edndice cierre - tzionlibreria.com\" \/>\n<meta property=\"og:description\" content=\"&nbsp; Biblias Reina Valera 1960, letra gigante, cuenta con un nuevo dise\u00f1o y nueva tipograf\u00eda con mejor legibilidad. Todo el contenido y dise\u00f1o va a dos colores. C\u00f3digos QR con v\u00eddeos explicativos como: \u2022Qu\u00e9 es la Biblia. \u2022Estructura de la Biblia. \u2022Buscar un pasaje en la Biblia. \u2022Mensaje principal de la Biblia. \u2022Idiomas en que [&hellip;]\" \/>\n<meta property=\"og:url\" content=\"https:\/\/tzionlibreria.com\/index.php\/product\/biblia-letra-gigante-fucsia-reina-valera-1960-indice-cierre\/\" \/>\n<meta property=\"og:site_name\" content=\"tzionlibreria.com\" \/>\n<meta property=\"article:modified_time\" content=\"2026-02-22T16:25:52+00:00\" \/>\n<meta property=\"og:image\" content=\"http:\/\/tzionlibreria.com\/wp-content\/uploads\/2024\/02\/1-1.jpeg\" \/>\n\t<meta property=\"og:image:width\" content=\"1200\" \/>\n\t<meta property=\"og:image:height\" content=\"1200\" \/>\n\t<meta property=\"og:image:type\" content=\"image\/jpeg\" \/>\n<meta name=\"twitter:card\" content=\"summary_large_image\" \/>\n<meta name=\"twitter:label1\" content=\"Tiempo de lectura\" \/>\n\t<meta name=\"twitter:data1\" content=\"1 minuto\" \/>\n<script type=\"application\/ld+json\" class=\"yoast-schema-graph\">{\"@context\":\"https:\\\/\\\/schema.org\",\"@graph\":[{\"@type\":\"WebPage\",\"@id\":\"https:\\\/\\\/tzionlibreria.com\\\/index.php\\\/product\\\/biblia-letra-gigante-fucsia-reina-valera-1960-indice-cierre\\\/\",\"url\":\"https:\\\/\\\/tzionlibreria.com\\\/index.php\\\/product\\\/biblia-letra-gigante-fucsia-reina-valera-1960-indice-cierre\\\/\",\"name\":\"Biblia Letra Gigante Fucsia Reina Valera 1960 \u00edndice cierre - tzionlibreria.com\",\"isPartOf\":{\"@id\":\"https:\\\/\\\/tzionlibreria.com\\\/#website\"},\"primaryImageOfPage\":{\"@id\":\"https:\\\/\\\/tzionlibreria.com\\\/index.php\\\/product\\\/biblia-letra-gigante-fucsia-reina-valera-1960-indice-cierre\\\/#primaryimage\"},\"image\":{\"@id\":\"https:\\\/\\\/tzionlibreria.com\\\/index.php\\\/product\\\/biblia-letra-gigante-fucsia-reina-valera-1960-indice-cierre\\\/#primaryimage\"},\"thumbnailUrl\":\"https:\\\/\\\/tzionlibreria.com\\\/wp-content\\\/uploads\\\/2024\\\/02\\\/1-1.jpeg\",\"datePublished\":\"2024-02-16T01:12:27+00:00\",\"dateModified\":\"2026-02-22T16:25:52+00:00\",\"breadcrumb\":{\"@id\":\"https:\\\/\\\/tzionlibreria.com\\\/index.php\\\/product\\\/biblia-letra-gigante-fucsia-reina-valera-1960-indice-cierre\\\/#breadcrumb\"},\"inLanguage\":\"es-CO\",\"potentialAction\":[{\"@type\":\"ReadAction\",\"target\":[\"https:\\\/\\\/tzionlibreria.com\\\/index.php\\\/product\\\/biblia-letra-gigante-fucsia-reina-valera-1960-indice-cierre\\\/\"]}]},{\"@type\":\"ImageObject\",\"inLanguage\":\"es-CO\",\"@id\":\"https:\\\/\\\/tzionlibreria.com\\\/index.php\\\/product\\\/biblia-letra-gigante-fucsia-reina-valera-1960-indice-cierre\\\/#primaryimage\",\"url\":\"https:\\\/\\\/tzionlibreria.com\\\/wp-content\\\/uploads\\\/2024\\\/02\\\/1-1.jpeg\",\"contentUrl\":\"https:\\\/\\\/tzionlibreria.com\\\/wp-content\\\/uploads\\\/2024\\\/02\\\/1-1.jpeg\",\"width\":1200,\"height\":1200},{\"@type\":\"BreadcrumbList\",\"@id\":\"https:\\\/\\\/tzionlibreria.com\\\/index.php\\\/product\\\/biblia-letra-gigante-fucsia-reina-valera-1960-indice-cierre\\\/#breadcrumb\",\"itemListElement\":[{\"@type\":\"ListItem\",\"position\":1,\"name\":\"Inicio\",\"item\":\"https:\\\/\\\/tzionlibreria.com\\\/\"},{\"@type\":\"ListItem\",\"position\":2,\"name\":\"Shop\",\"item\":\"https:\\\/\\\/tzionlibreria.com\\\/index.php\\\/shop\\\/\"},{\"@type\":\"ListItem\",\"position\":3,\"name\":\"Biblia Letra Gigante Fucsia Reina Valera 1960 \u00edndice cierre\"}]},{\"@type\":\"WebSite\",\"@id\":\"https:\\\/\\\/tzionlibreria.com\\\/#website\",\"url\":\"https:\\\/\\\/tzionlibreria.com\\\/\",\"name\":\"tzionlibreria.com\",\"description\":\"Libreria Cristiana Venezuela\",\"publisher\":{\"@id\":\"https:\\\/\\\/tzionlibreria.com\\\/#organization\"},\"potentialAction\":[{\"@type\":\"SearchAction\",\"target\":{\"@type\":\"EntryPoint\",\"urlTemplate\":\"https:\\\/\\\/tzionlibreria.com\\\/?s={search_term_string}\"},\"query-input\":{\"@type\":\"PropertyValueSpecification\",\"valueRequired\":true,\"valueName\":\"search_term_string\"}}],\"inLanguage\":\"es-CO\"},{\"@type\":\"Organization\",\"@id\":\"https:\\\/\\\/tzionlibreria.com\\\/#organization\",\"name\":\"tzionlibreria.com\",\"url\":\"https:\\\/\\\/tzionlibreria.com\\\/\",\"logo\":{\"@type\":\"ImageObject\",\"inLanguage\":\"es-CO\",\"@id\":\"https:\\\/\\\/tzionlibreria.com\\\/#\\\/schema\\\/logo\\\/image\\\/\",\"url\":\"https:\\\/\\\/tzionlibreria.com\\\/wp-content\\\/uploads\\\/2023\\\/10\\\/cropped-Cuadricula-scaled-1.jpg\",\"contentUrl\":\"https:\\\/\\\/tzionlibreria.com\\\/wp-content\\\/uploads\\\/2023\\\/10\\\/cropped-Cuadricula-scaled-1.jpg\",\"width\":2560,\"height\":2560,\"caption\":\"tzionlibreria.com\"},\"image\":{\"@id\":\"https:\\\/\\\/tzionlibreria.com\\\/#\\\/schema\\\/logo\\\/image\\\/\"}}]}<\/script>\n<!-- \/ Yoast SEO plugin. -->","yoast_head_json":{"title":"Biblia Letra Gigante Fucsia Reina Valera 1960 \u00edndice cierre - tzionlibreria.com","robots":{"index":"index","follow":"follow","max-snippet":"max-snippet:-1","max-image-preview":"max-image-preview:large","max-video-preview":"max-video-preview:-1"},"canonical":"https:\/\/tzionlibreria.com\/index.php\/product\/biblia-letra-gigante-fucsia-reina-valera-1960-indice-cierre\/","og_locale":"es_ES","og_type":"article","og_title":"Biblia Letra Gigante Fucsia Reina Valera 1960 \u00edndice cierre - tzionlibreria.com","og_description":"&nbsp; Biblias Reina Valera 1960, letra gigante, cuenta con un nuevo dise\u00f1o y nueva tipograf\u00eda con mejor legibilidad. Todo el contenido y dise\u00f1o va a dos colores. C\u00f3digos QR con v\u00eddeos explicativos como: \u2022Qu\u00e9 es la Biblia. \u2022Estructura de la Biblia. \u2022Buscar un pasaje en la Biblia. \u2022Mensaje principal de la Biblia. \u2022Idiomas en que [&hellip;]","og_url":"https:\/\/tzionlibreria.com\/index.php\/product\/biblia-letra-gigante-fucsia-reina-valera-1960-indice-cierre\/","og_site_name":"tzionlibreria.com","article_modified_time":"2026-02-22T16:25:52+00:00","og_image":[{"width":1200,"height":1200,"url":"http:\/\/tzionlibreria.com\/wp-content\/uploads\/2024\/02\/1-1.jpeg","type":"image\/jpeg"}],"twitter_card":"summary_large_image","twitter_misc":{"Tiempo de lectura":"1 minuto"},"schema":{"@context":"https:\/\/schema.org","@graph":[{"@type":"WebPage","@id":"https:\/\/tzionlibreria.com\/index.php\/product\/biblia-letra-gigante-fucsia-reina-valera-1960-indice-cierre\/","url":"https:\/\/tzionlibreria.com\/index.php\/product\/biblia-letra-gigante-fucsia-reina-valera-1960-indice-cierre\/","name":"Biblia Letra Gigante Fucsia Reina Valera 1960 \u00edndice cierre - tzionlibreria.com","isPartOf":{"@id":"https:\/\/tzionlibreria.com\/#website"},"primaryImageOfPage":{"@id":"https:\/\/tzionlibreria.com\/index.php\/product\/biblia-letra-gigante-fucsia-reina-valera-1960-indice-cierre\/#primaryimage"},"image":{"@id":"https:\/\/tzionlibreria.com\/index.php\/product\/biblia-letra-gigante-fucsia-reina-valera-1960-indice-cierre\/#primaryimage"},"thumbnailUrl":"https:\/\/tzionlibreria.com\/wp-content\/uploads\/2024\/02\/1-1.jpeg","datePublished":"2024-02-16T01:12:27+00:00","dateModified":"2026-02-22T16:25:52+00:00","breadcrumb":{"@id":"https:\/\/tzionlibreria.com\/index.php\/product\/biblia-letra-gigante-fucsia-reina-valera-1960-indice-cierre\/#breadcrumb"},"inLanguage":"es-CO","potentialAction":[{"@type":"ReadAction","target":["https:\/\/tzionlibreria.com\/index.php\/product\/biblia-letra-gigante-fucsia-reina-valera-1960-indice-cierre\/"]}]},{"@type":"ImageObject","inLanguage":"es-CO","@id":"https:\/\/tzionlibreria.com\/index.php\/product\/biblia-letra-gigante-fucsia-reina-valera-1960-indice-cierre\/#primaryimage","url":"https:\/\/tzionlibreria.com\/wp-content\/uploads\/2024\/02\/1-1.jpeg","contentUrl":"https:\/\/tzionlibreria.com\/wp-content\/uploads\/2024\/02\/1-1.jpeg","width":1200,"height":1200},{"@type":"BreadcrumbList","@id":"https:\/\/tzionlibreria.com\/index.php\/product\/biblia-letra-gigante-fucsia-reina-valera-1960-indice-cierre\/#breadcrumb","itemListElement":[{"@type":"ListItem","position":1,"name":"Inicio","item":"https:\/\/tzionlibreria.com\/"},{"@type":"ListItem","position":2,"name":"Shop","item":"https:\/\/tzionlibreria.com\/index.php\/shop\/"},{"@type":"ListItem","position":3,"name":"Biblia Letra Gigante Fucsia Reina Valera 1960 \u00edndice cierre"}]},{"@type":"WebSite","@id":"https:\/\/tzionlibreria.com\/#website","url":"https:\/\/tzionlibreria.com\/","name":"tzionlibreria.com","description":"Libreria Cristiana Venezuela","publisher":{"@id":"https:\/\/tzionlibreria.com\/#organization"},"potentialAction":[{"@type":"SearchAction","target":{"@type":"EntryPoint","urlTemplate":"https:\/\/tzionlibreria.com\/?s={search_term_string}"},"query-input":{"@type":"PropertyValueSpecification","valueRequired":true,"valueName":"search_term_string"}}],"inLanguage":"es-CO"},{"@type":"Organization","@id":"https:\/\/tzionlibreria.com\/#organization","name":"tzionlibreria.com","url":"https:\/\/tzionlibreria.com\/","logo":{"@type":"ImageObject","inLanguage":"es-CO","@id":"https:\/\/tzionlibreria.com\/#\/schema\/logo\/image\/","url":"https:\/\/tzionlibreria.com\/wp-content\/uploads\/2023\/10\/cropped-Cuadricula-scaled-1.jpg","contentUrl":"https:\/\/tzionlibreria.com\/wp-content\/uploads\/2023\/10\/cropped-Cuadricula-scaled-1.jpg","width":2560,"height":2560,"caption":"tzionlibreria.com"},"image":{"@id":"https:\/\/tzionlibreria.com\/#\/schema\/logo\/image\/"}}]}},"jetpack_sharing_enabled":true,"_links":{"self":[{"href":"https:\/\/tzionlibreria.com\/index.php\/wp-json\/wp\/v2\/product\/2328","targetHints":{"allow":["GET"]}}],"collection":[{"href":"https:\/\/tzionlibreria.com\/index.php\/wp-json\/wp\/v2\/product"}],"about":[{"href":"https:\/\/tzionlibreria.com\/index.php\/wp-json\/wp\/v2\/types\/product"}],"replies":[{"embeddable":true,"href":"https:\/\/tzionlibreria.com\/index.php\/wp-json\/wp\/v2\/comments?post=2328"}],"wp:featuredmedia":[{"embeddable":true,"href":"https:\/\/tzionlibreria.com\/index.php\/wp-json\/wp\/v2\/media\/2329"}],"wp:attachment":[{"href":"https:\/\/tzionlibreria.com\/index.php\/wp-json\/wp\/v2\/media?parent=2328"}],"wp:term":[{"taxonomy":"product_brand","embeddable":true,"href":"https:\/\/tzionlibreria.com\/index.php\/wp-json\/wp\/v2\/product_brand?post=2328"},{"taxonomy":"product_cat","embeddable":true,"href":"https:\/\/tzionlibreria.com\/index.php\/wp-json\/wp\/v2\/product_cat?post=2328"},{"taxonomy":"product_tag","embeddable":true,"href":"https:\/\/tzionlibreria.com\/index.php\/wp-json\/wp\/v2\/product_tag?post=2328"}],"curies":[{"name":"wp","href":"https:\/\/api.w.org\/{rel}","templated":true}]}}