{"id":2418,"date":"2024-02-25T03:26:34","date_gmt":"2024-02-25T03:26:34","guid":{"rendered":"https:\/\/tzionlibreria.com\/?post_type=product&#038;p=2418"},"modified":"2024-02-29T13:30:08","modified_gmt":"2024-02-29T13:30:08","slug":"preparandose-para-ser-una-ayuda-idonea","status":"publish","type":"product","link":"https:\/\/tzionlibreria.com\/index.php\/product\/preparandose-para-ser-una-ayuda-idonea\/","title":{"rendered":"Prepar\u00e1ndose para ser una Ayuda Id\u00f3nea"},"content":{"rendered":"<h2 class=\"product-subtitle\">Incluye la gu\u00eda de la maestra<\/h2>\n<p>&nbsp;<\/p>\n<p style=\"font-weight: 400;\">Pas\u00f3 mucho tiempo a\u00f1orando un amor verdadero y de repente\u2026 ya est\u00e1 casada y se da cuenta que el matrimonio no es como lo hab\u00eda imaginado. Por esto es importante que las jovencitas se preparen para ser una verdadera esposa. Dios desea que usted se convierta en una adorable ayuda id\u00f3nea, pero para llegar a serlo se requiere de esfuerzo, y de la ayuda de Dios. Ser una buena ayuda se inicia mucho antes del matrimonio. Es una mentalidad, un h\u00e1bito aprendido, una forma de vida establecida como una joven soltera, o al menos as\u00ed es como deber\u00eda ser. La mayor\u00eda de las ni\u00f1as pasan mucho tiempo planificando su boda, pero no se preparan durante semanas y a\u00f1os. Fue con una buena raz\u00f3n que Dios dijo que las ancianas ense\u00f1aran a los m\u00e1s j\u00f3venes.<\/p>\n<p>He aqu\u00ed un hilo&#8230; un hilo brillante en movimiento que al tejer ata lazos a lo largo de nuestra vida. En ocasiones, el hilo es delgado y escasamente perceptible; en otras es exuberante, creando lluvias de elegantes y amplios listones que oscilan en cada rinc\u00f3n de nuestras vidas, dando un color vibrante a nuestra existencia&#8230; de otra manera, ser\u00e1 simple y ordinaria.<\/p>\n<p>Y AS\u00cd COMIENZA EL HILO DE TU VIDA&#8230;<\/p>\n<p>Este es un material que toda mujer\u00a0soltera o casada deber\u00eda leer. En el usted encontrar\u00e1 historias escritas de mujeres y para mujeres, donde se comparte lo que Dios ense\u00f1a acerca de\u00a0ser una ayuda Id\u00f3nea, teniendo en cuenta la indispensable necesidad de comenzar a prep\u00e1rese antes del matrimonio para ese fin. Incluye una gu\u00eda de estudio que podr\u00e1 trabajar en grupos peque\u00f1os.<\/p>\n<p>&nbsp;<\/p>\n<p><strong>ISBN<\/strong>: 9789588691749<br \/>\n<strong>Dimensiones<\/strong>: 17 x 23 x 2 cm<br \/>\n<strong>Peso<\/strong>: 0,369kg<br \/>\n<strong>Cubierta<\/strong>: R\u00fastica<br \/>\n<strong>N\u00famero de p\u00e1ginas<\/strong>: 302<br \/>\n<strong>Idioma<\/strong>: Espa\u00f1ol<\/p>\n","protected":false},"excerpt":{"rendered":"<p>Incluye la gu\u00eda de la maestra &nbsp; Pas\u00f3 mucho tiempo a\u00f1orando un amor verdadero y de repente\u2026 ya est\u00e1 casada y se da cuenta que el matrimonio no es como lo hab\u00eda imaginado. Por esto es importante que las jovencitas se preparen para ser una verdadera esposa. Dios desea que usted se convierta en una [&hellip;]<\/p>\n","protected":false},"featured_media":2419,"comment_status":"open","ping_status":"closed","template":"","meta":{"om_disable_all_campaigns":false,"_monsterinsights_skip_tracking":false,"_monsterinsights_sitenote_active":false,"_monsterinsights_sitenote_note":"","_monsterinsights_sitenote_category":0,"site-sidebar-layout":"default","site-content-layout":"","ast-site-content-layout":"default","site-content-style":"default","site-sidebar-style":"default","ast-global-header-display":"","ast-banner-title-visibility":"","ast-main-header-display":"","ast-hfb-above-header-display":"","ast-hfb-below-header-display":"","ast-hfb-mobile-header-display":"","site-post-title":"","ast-breadcrumbs-content":"","ast-featured-img":"","footer-sml-layout":"","ast-disable-related-posts":"","theme-transparent-header-meta":"default","adv-header-id-meta":"","stick-header-meta":"","header-above-stick-meta":"","header-main-stick-meta":"","header-below-stick-meta":"","astra-migrate-meta-layouts":"set","ast-page-background-enabled":"default","ast-page-background-meta":{"desktop":{"background-color":"var(--ast-global-color-4)","background-image":"","background-repeat":"repeat","background-position":"center center","background-size":"auto","background-attachment":"scroll","background-type":"","background-media":"","overlay-type":"","overlay-color":"","overlay-opacity":"","overlay-gradient":""},"tablet":{"background-color":"","background-image":"","background-repeat":"repeat","background-position":"center center","background-size":"auto","background-attachment":"scroll","background-type":"","background-media":"","overlay-type":"","overlay-color":"","overlay-opacity":"","overlay-gradient":""},"mobile":{"background-color":"","background-image":"","background-repeat":"repeat","background-position":"center center","background-size":"auto","background-attachment":"scroll","background-type":"","background-media":"","overlay-type":"","overlay-color":"","overlay-opacity":"","overlay-gradient":""}},"ast-content-background-meta":{"desktop":{"background-color":"var(--ast-global-color-5)","background-image":"","background-repeat":"repeat","background-position":"center center","background-size":"auto","background-attachment":"scroll","background-type":"","background-media":"","overlay-type":"","overlay-color":"","overlay-opacity":"","overlay-gradient":""},"tablet":{"background-color":"var(--ast-global-color-5)","background-image":"","background-repeat":"repeat","background-position":"center center","background-size":"auto","background-attachment":"scroll","background-type":"","background-media":"","overlay-type":"","overlay-color":"","overlay-opacity":"","overlay-gradient":""},"mobile":{"background-color":"var(--ast-global-color-5)","background-image":"","background-repeat":"repeat","background-position":"center center","background-size":"auto","background-attachment":"scroll","background-type":"","background-media":"","overlay-type":"","overlay-color":"","overlay-opacity":"","overlay-gradient":""}}},"product_brand":[],"product_cat":[23],"product_tag":[],"class_list":{"0":"post-2418","1":"product","2":"type-product","3":"status-publish","4":"has-post-thumbnail","6":"product_cat-libros","7":"desktop-align-left","8":"tablet-align-left","9":"mobile-align-left","11":"first","12":"instock","13":"shipping-taxable","14":"purchasable","15":"product-type-simple"},"yoast_head":"<!-- This site is optimized with the Yoast SEO plugin v27.4 - https:\/\/yoast.com\/product\/yoast-seo-wordpress\/ -->\n<title>Prepar\u00e1ndose para ser una Ayuda Id\u00f3nea - tzionlibreria.com<\/title>\n<meta name=\"robots\" content=\"index, follow, max-snippet:-1, max-image-preview:large, max-video-preview:-1\" \/>\n<link rel=\"canonical\" href=\"https:\/\/tzionlibreria.com\/index.php\/product\/preparandose-para-ser-una-ayuda-idonea\/\" \/>\n<meta property=\"og:locale\" content=\"es_ES\" \/>\n<meta property=\"og:type\" content=\"article\" \/>\n<meta property=\"og:title\" content=\"Prepar\u00e1ndose para ser una Ayuda Id\u00f3nea - tzionlibreria.com\" \/>\n<meta property=\"og:description\" content=\"Incluye la gu\u00eda de la maestra &nbsp; Pas\u00f3 mucho tiempo a\u00f1orando un amor verdadero y de repente\u2026 ya est\u00e1 casada y se da cuenta que el matrimonio no es como lo hab\u00eda imaginado. Por esto es importante que las jovencitas se preparen para ser una verdadera esposa. Dios desea que usted se convierta en una [&hellip;]\" \/>\n<meta property=\"og:url\" content=\"https:\/\/tzionlibreria.com\/index.php\/product\/preparandose-para-ser-una-ayuda-idonea\/\" \/>\n<meta property=\"og:site_name\" content=\"tzionlibreria.com\" \/>\n<meta property=\"article:modified_time\" content=\"2024-02-29T13:30:08+00:00\" \/>\n<meta property=\"og:image\" content=\"http:\/\/tzionlibreria.com\/wp-content\/uploads\/2024\/02\/preparandome-para-ser-ayuda-idonea.jpg\" \/>\n\t<meta property=\"og:image:width\" content=\"1200\" \/>\n\t<meta property=\"og:image:height\" content=\"1200\" \/>\n\t<meta property=\"og:image:type\" content=\"image\/jpeg\" \/>\n<meta name=\"twitter:card\" content=\"summary_large_image\" \/>\n<meta name=\"twitter:label1\" content=\"Tiempo de lectura\" \/>\n\t<meta name=\"twitter:data1\" content=\"2 minutos\" \/>\n<script type=\"application\/ld+json\" class=\"yoast-schema-graph\">{\"@context\":\"https:\\\/\\\/schema.org\",\"@graph\":[{\"@type\":\"WebPage\",\"@id\":\"https:\\\/\\\/tzionlibreria.com\\\/index.php\\\/product\\\/preparandose-para-ser-una-ayuda-idonea\\\/\",\"url\":\"https:\\\/\\\/tzionlibreria.com\\\/index.php\\\/product\\\/preparandose-para-ser-una-ayuda-idonea\\\/\",\"name\":\"Prepar\u00e1ndose para ser una Ayuda Id\u00f3nea - tzionlibreria.com\",\"isPartOf\":{\"@id\":\"https:\\\/\\\/tzionlibreria.com\\\/#website\"},\"primaryImageOfPage\":{\"@id\":\"https:\\\/\\\/tzionlibreria.com\\\/index.php\\\/product\\\/preparandose-para-ser-una-ayuda-idonea\\\/#primaryimage\"},\"image\":{\"@id\":\"https:\\\/\\\/tzionlibreria.com\\\/index.php\\\/product\\\/preparandose-para-ser-una-ayuda-idonea\\\/#primaryimage\"},\"thumbnailUrl\":\"https:\\\/\\\/tzionlibreria.com\\\/wp-content\\\/uploads\\\/2024\\\/02\\\/preparandome-para-ser-ayuda-idonea.jpg\",\"datePublished\":\"2024-02-25T03:26:34+00:00\",\"dateModified\":\"2024-02-29T13:30:08+00:00\",\"breadcrumb\":{\"@id\":\"https:\\\/\\\/tzionlibreria.com\\\/index.php\\\/product\\\/preparandose-para-ser-una-ayuda-idonea\\\/#breadcrumb\"},\"inLanguage\":\"es-CO\",\"potentialAction\":[{\"@type\":\"ReadAction\",\"target\":[\"https:\\\/\\\/tzionlibreria.com\\\/index.php\\\/product\\\/preparandose-para-ser-una-ayuda-idonea\\\/\"]}]},{\"@type\":\"ImageObject\",\"inLanguage\":\"es-CO\",\"@id\":\"https:\\\/\\\/tzionlibreria.com\\\/index.php\\\/product\\\/preparandose-para-ser-una-ayuda-idonea\\\/#primaryimage\",\"url\":\"https:\\\/\\\/tzionlibreria.com\\\/wp-content\\\/uploads\\\/2024\\\/02\\\/preparandome-para-ser-ayuda-idonea.jpg\",\"contentUrl\":\"https:\\\/\\\/tzionlibreria.com\\\/wp-content\\\/uploads\\\/2024\\\/02\\\/preparandome-para-ser-ayuda-idonea.jpg\",\"width\":1200,\"height\":1200},{\"@type\":\"BreadcrumbList\",\"@id\":\"https:\\\/\\\/tzionlibreria.com\\\/index.php\\\/product\\\/preparandose-para-ser-una-ayuda-idonea\\\/#breadcrumb\",\"itemListElement\":[{\"@type\":\"ListItem\",\"position\":1,\"name\":\"Inicio\",\"item\":\"https:\\\/\\\/tzionlibreria.com\\\/\"},{\"@type\":\"ListItem\",\"position\":2,\"name\":\"Shop\",\"item\":\"https:\\\/\\\/tzionlibreria.com\\\/index.php\\\/shop\\\/\"},{\"@type\":\"ListItem\",\"position\":3,\"name\":\"Prepar\u00e1ndose para ser una Ayuda Id\u00f3nea\"}]},{\"@type\":\"WebSite\",\"@id\":\"https:\\\/\\\/tzionlibreria.com\\\/#website\",\"url\":\"https:\\\/\\\/tzionlibreria.com\\\/\",\"name\":\"tzionlibreria.com\",\"description\":\"Libreria Cristiana Venezuela\",\"publisher\":{\"@id\":\"https:\\\/\\\/tzionlibreria.com\\\/#organization\"},\"potentialAction\":[{\"@type\":\"SearchAction\",\"target\":{\"@type\":\"EntryPoint\",\"urlTemplate\":\"https:\\\/\\\/tzionlibreria.com\\\/?s={search_term_string}\"},\"query-input\":{\"@type\":\"PropertyValueSpecification\",\"valueRequired\":true,\"valueName\":\"search_term_string\"}}],\"inLanguage\":\"es-CO\"},{\"@type\":\"Organization\",\"@id\":\"https:\\\/\\\/tzionlibreria.com\\\/#organization\",\"name\":\"tzionlibreria.com\",\"url\":\"https:\\\/\\\/tzionlibreria.com\\\/\",\"logo\":{\"@type\":\"ImageObject\",\"inLanguage\":\"es-CO\",\"@id\":\"https:\\\/\\\/tzionlibreria.com\\\/#\\\/schema\\\/logo\\\/image\\\/\",\"url\":\"https:\\\/\\\/tzionlibreria.com\\\/wp-content\\\/uploads\\\/2023\\\/10\\\/cropped-Cuadricula-scaled-1.jpg\",\"contentUrl\":\"https:\\\/\\\/tzionlibreria.com\\\/wp-content\\\/uploads\\\/2023\\\/10\\\/cropped-Cuadricula-scaled-1.jpg\",\"width\":2560,\"height\":2560,\"caption\":\"tzionlibreria.com\"},\"image\":{\"@id\":\"https:\\\/\\\/tzionlibreria.com\\\/#\\\/schema\\\/logo\\\/image\\\/\"}}]}<\/script>\n<!-- \/ Yoast SEO plugin. -->","yoast_head_json":{"title":"Prepar\u00e1ndose para ser una Ayuda Id\u00f3nea - tzionlibreria.com","robots":{"index":"index","follow":"follow","max-snippet":"max-snippet:-1","max-image-preview":"max-image-preview:large","max-video-preview":"max-video-preview:-1"},"canonical":"https:\/\/tzionlibreria.com\/index.php\/product\/preparandose-para-ser-una-ayuda-idonea\/","og_locale":"es_ES","og_type":"article","og_title":"Prepar\u00e1ndose para ser una Ayuda Id\u00f3nea - tzionlibreria.com","og_description":"Incluye la gu\u00eda de la maestra &nbsp; Pas\u00f3 mucho tiempo a\u00f1orando un amor verdadero y de repente\u2026 ya est\u00e1 casada y se da cuenta que el matrimonio no es como lo hab\u00eda imaginado. Por esto es importante que las jovencitas se preparen para ser una verdadera esposa. Dios desea que usted se convierta en una [&hellip;]","og_url":"https:\/\/tzionlibreria.com\/index.php\/product\/preparandose-para-ser-una-ayuda-idonea\/","og_site_name":"tzionlibreria.com","article_modified_time":"2024-02-29T13:30:08+00:00","og_image":[{"width":1200,"height":1200,"url":"http:\/\/tzionlibreria.com\/wp-content\/uploads\/2024\/02\/preparandome-para-ser-ayuda-idonea.jpg","type":"image\/jpeg"}],"twitter_card":"summary_large_image","twitter_misc":{"Tiempo de lectura":"2 minutos"},"schema":{"@context":"https:\/\/schema.org","@graph":[{"@type":"WebPage","@id":"https:\/\/tzionlibreria.com\/index.php\/product\/preparandose-para-ser-una-ayuda-idonea\/","url":"https:\/\/tzionlibreria.com\/index.php\/product\/preparandose-para-ser-una-ayuda-idonea\/","name":"Prepar\u00e1ndose para ser una Ayuda Id\u00f3nea - tzionlibreria.com","isPartOf":{"@id":"https:\/\/tzionlibreria.com\/#website"},"primaryImageOfPage":{"@id":"https:\/\/tzionlibreria.com\/index.php\/product\/preparandose-para-ser-una-ayuda-idonea\/#primaryimage"},"image":{"@id":"https:\/\/tzionlibreria.com\/index.php\/product\/preparandose-para-ser-una-ayuda-idonea\/#primaryimage"},"thumbnailUrl":"https:\/\/tzionlibreria.com\/wp-content\/uploads\/2024\/02\/preparandome-para-ser-ayuda-idonea.jpg","datePublished":"2024-02-25T03:26:34+00:00","dateModified":"2024-02-29T13:30:08+00:00","breadcrumb":{"@id":"https:\/\/tzionlibreria.com\/index.php\/product\/preparandose-para-ser-una-ayuda-idonea\/#breadcrumb"},"inLanguage":"es-CO","potentialAction":[{"@type":"ReadAction","target":["https:\/\/tzionlibreria.com\/index.php\/product\/preparandose-para-ser-una-ayuda-idonea\/"]}]},{"@type":"ImageObject","inLanguage":"es-CO","@id":"https:\/\/tzionlibreria.com\/index.php\/product\/preparandose-para-ser-una-ayuda-idonea\/#primaryimage","url":"https:\/\/tzionlibreria.com\/wp-content\/uploads\/2024\/02\/preparandome-para-ser-ayuda-idonea.jpg","contentUrl":"https:\/\/tzionlibreria.com\/wp-content\/uploads\/2024\/02\/preparandome-para-ser-ayuda-idonea.jpg","width":1200,"height":1200},{"@type":"BreadcrumbList","@id":"https:\/\/tzionlibreria.com\/index.php\/product\/preparandose-para-ser-una-ayuda-idonea\/#breadcrumb","itemListElement":[{"@type":"ListItem","position":1,"name":"Inicio","item":"https:\/\/tzionlibreria.com\/"},{"@type":"ListItem","position":2,"name":"Shop","item":"https:\/\/tzionlibreria.com\/index.php\/shop\/"},{"@type":"ListItem","position":3,"name":"Prepar\u00e1ndose para ser una Ayuda Id\u00f3nea"}]},{"@type":"WebSite","@id":"https:\/\/tzionlibreria.com\/#website","url":"https:\/\/tzionlibreria.com\/","name":"tzionlibreria.com","description":"Libreria Cristiana Venezuela","publisher":{"@id":"https:\/\/tzionlibreria.com\/#organization"},"potentialAction":[{"@type":"SearchAction","target":{"@type":"EntryPoint","urlTemplate":"https:\/\/tzionlibreria.com\/?s={search_term_string}"},"query-input":{"@type":"PropertyValueSpecification","valueRequired":true,"valueName":"search_term_string"}}],"inLanguage":"es-CO"},{"@type":"Organization","@id":"https:\/\/tzionlibreria.com\/#organization","name":"tzionlibreria.com","url":"https:\/\/tzionlibreria.com\/","logo":{"@type":"ImageObject","inLanguage":"es-CO","@id":"https:\/\/tzionlibreria.com\/#\/schema\/logo\/image\/","url":"https:\/\/tzionlibreria.com\/wp-content\/uploads\/2023\/10\/cropped-Cuadricula-scaled-1.jpg","contentUrl":"https:\/\/tzionlibreria.com\/wp-content\/uploads\/2023\/10\/cropped-Cuadricula-scaled-1.jpg","width":2560,"height":2560,"caption":"tzionlibreria.com"},"image":{"@id":"https:\/\/tzionlibreria.com\/#\/schema\/logo\/image\/"}}]}},"jetpack_sharing_enabled":true,"_links":{"self":[{"href":"https:\/\/tzionlibreria.com\/index.php\/wp-json\/wp\/v2\/product\/2418","targetHints":{"allow":["GET"]}}],"collection":[{"href":"https:\/\/tzionlibreria.com\/index.php\/wp-json\/wp\/v2\/product"}],"about":[{"href":"https:\/\/tzionlibreria.com\/index.php\/wp-json\/wp\/v2\/types\/product"}],"replies":[{"embeddable":true,"href":"https:\/\/tzionlibreria.com\/index.php\/wp-json\/wp\/v2\/comments?post=2418"}],"wp:featuredmedia":[{"embeddable":true,"href":"https:\/\/tzionlibreria.com\/index.php\/wp-json\/wp\/v2\/media\/2419"}],"wp:attachment":[{"href":"https:\/\/tzionlibreria.com\/index.php\/wp-json\/wp\/v2\/media?parent=2418"}],"wp:term":[{"taxonomy":"product_brand","embeddable":true,"href":"https:\/\/tzionlibreria.com\/index.php\/wp-json\/wp\/v2\/product_brand?post=2418"},{"taxonomy":"product_cat","embeddable":true,"href":"https:\/\/tzionlibreria.com\/index.php\/wp-json\/wp\/v2\/product_cat?post=2418"},{"taxonomy":"product_tag","embeddable":true,"href":"https:\/\/tzionlibreria.com\/index.php\/wp-json\/wp\/v2\/product_tag?post=2418"}],"curies":[{"name":"wp","href":"https:\/\/api.w.org\/{rel}","templated":true}]}}