{"id":2469,"date":"2024-02-25T14:56:31","date_gmt":"2024-02-25T14:56:31","guid":{"rendered":"https:\/\/tzionlibreria.com\/?post_type=product&#038;p=2469"},"modified":"2024-02-29T13:25:42","modified_gmt":"2024-02-29T13:25:42","slug":"cuando-la-muerte-nos-separa-como-superar-el-dolor-de-la-viudez","status":"publish","type":"product","link":"https:\/\/tzionlibreria.com\/index.php\/product\/cuando-la-muerte-nos-separa-como-superar-el-dolor-de-la-viudez\/","title":{"rendered":"Cuando la Muerte nos Separa &#8211; C\u00f3mo superar el dolor de la viudez"},"content":{"rendered":"<p>CUANDO ALGUIEN A QUIEN T\u00da AMAS, SE HA IDO&#8230;<\/p>\n<div>Cuando su esposa falleci\u00f3, el consejero para el dolor y el trauma, Dr. Norman Wright, sufri\u00f3 mucho su ausencia y tuvo que luchar con el repentino vac\u00edo en su vida. A trav\u00e9s de su dolor, \u00e9l descubri\u00f3 aspectos y medidas que le ayudaron a adaptarse a la vida sin su c\u00f3nyuge. Poco a poco aprendi\u00f3 a descansar en la gracia de Dios y a aceptar el hecho, e incluso comenz\u00f3 a darle la bienvenida al futuro. En cortos cap\u00edtulos dise\u00f1ados para facilitar la lectura en un momento dif\u00edcil, Norman dulcemente nos comparte su propio viaje a trav\u00e9s del dolor por la p\u00e9rdida de su esposa y nos revela: C\u00f3mo contar con Dios para tener nuevas fuerzas y esperanza; c\u00f3mo lograr que los recuerdos lleguen a ser reconfortantes en lugar de abrumadores; c\u00f3mo encontrar el camino de regreso cuando aqu\u00e9l a quien amas se ha ido; C\u00f3mo resolver la ira, el lamento y los continuos &#8220;por qu\u00e9&#8221; despu\u00e9s de la p\u00e9rdida.<\/div>\n<div>\n<div>El autor expresa algunos de los sentimientos m\u00e1s profundos que uno experimenta mientras est\u00e1 de duelo, y lleva a cada lector a descansar en la voluntad soberana del Se\u00f1or, anim\u00e1ndolos a buscar a Cristo como el \u00fanico que puede aliviar y restaurar el dolor .En cada cap\u00edtulo, usted encontrar\u00e1 reflexiones personales que le ayudar\u00e1n durante su periodo de p\u00e9rdida.<\/div>\n<div><\/div>\n<\/div>\n<div><strong>ISBN<\/strong>: 9789588217925<br \/>\n<strong>Editorial<\/strong>:\u00a0CLC<br \/>\n<strong>Dimensiones<\/strong>: 11 x 17 x 1 cm<br \/>\n<strong>Peso<\/strong>: 0,200kg<br \/>\n<strong>Cubierta<\/strong>: R\u00fastica<br \/>\n<strong>N\u00famero de p\u00e1ginas<\/strong>: 240<br \/>\n<strong>Idioma<\/strong>: Espa\u00f1ol<\/div>\n","protected":false},"excerpt":{"rendered":"<p>CUANDO ALGUIEN A QUIEN T\u00da AMAS, SE HA IDO&#8230; Cuando su esposa falleci\u00f3, el consejero para el dolor y el trauma, Dr. Norman Wright, sufri\u00f3 mucho su ausencia y tuvo que luchar con el repentino vac\u00edo en su vida. A trav\u00e9s de su dolor, \u00e9l descubri\u00f3 aspectos y medidas que le ayudaron a adaptarse a [&hellip;]<\/p>\n","protected":false},"featured_media":2470,"comment_status":"open","ping_status":"closed","template":"","meta":{"om_disable_all_campaigns":false,"_monsterinsights_skip_tracking":false,"_monsterinsights_sitenote_active":false,"_monsterinsights_sitenote_note":"","_monsterinsights_sitenote_category":0,"site-sidebar-layout":"default","site-content-layout":"","ast-site-content-layout":"default","site-content-style":"default","site-sidebar-style":"default","ast-global-header-display":"","ast-banner-title-visibility":"","ast-main-header-display":"","ast-hfb-above-header-display":"","ast-hfb-below-header-display":"","ast-hfb-mobile-header-display":"","site-post-title":"","ast-breadcrumbs-content":"","ast-featured-img":"","footer-sml-layout":"","ast-disable-related-posts":"","theme-transparent-header-meta":"default","adv-header-id-meta":"","stick-header-meta":"","header-above-stick-meta":"","header-main-stick-meta":"","header-below-stick-meta":"","astra-migrate-meta-layouts":"set","ast-page-background-enabled":"default","ast-page-background-meta":{"desktop":{"background-color":"var(--ast-global-color-4)","background-image":"","background-repeat":"repeat","background-position":"center center","background-size":"auto","background-attachment":"scroll","background-type":"","background-media":"","overlay-type":"","overlay-color":"","overlay-opacity":"","overlay-gradient":""},"tablet":{"background-color":"","background-image":"","background-repeat":"repeat","background-position":"center center","background-size":"auto","background-attachment":"scroll","background-type":"","background-media":"","overlay-type":"","overlay-color":"","overlay-opacity":"","overlay-gradient":""},"mobile":{"background-color":"","background-image":"","background-repeat":"repeat","background-position":"center center","background-size":"auto","background-attachment":"scroll","background-type":"","background-media":"","overlay-type":"","overlay-color":"","overlay-opacity":"","overlay-gradient":""}},"ast-content-background-meta":{"desktop":{"background-color":"var(--ast-global-color-5)","background-image":"","background-repeat":"repeat","background-position":"center center","background-size":"auto","background-attachment":"scroll","background-type":"","background-media":"","overlay-type":"","overlay-color":"","overlay-opacity":"","overlay-gradient":""},"tablet":{"background-color":"var(--ast-global-color-5)","background-image":"","background-repeat":"repeat","background-position":"center center","background-size":"auto","background-attachment":"scroll","background-type":"","background-media":"","overlay-type":"","overlay-color":"","overlay-opacity":"","overlay-gradient":""},"mobile":{"background-color":"var(--ast-global-color-5)","background-image":"","background-repeat":"repeat","background-position":"center center","background-size":"auto","background-attachment":"scroll","background-type":"","background-media":"","overlay-type":"","overlay-color":"","overlay-opacity":"","overlay-gradient":""}}},"product_brand":[],"product_cat":[23],"product_tag":[],"class_list":{"0":"post-2469","1":"product","2":"type-product","3":"status-publish","4":"has-post-thumbnail","6":"product_cat-libros","7":"desktop-align-left","8":"tablet-align-left","9":"mobile-align-left","11":"first","12":"instock","13":"shipping-taxable","14":"purchasable","15":"product-type-simple"},"yoast_head":"<!-- This site is optimized with the Yoast SEO plugin v27.4 - https:\/\/yoast.com\/product\/yoast-seo-wordpress\/ -->\n<title>Cuando la Muerte nos Separa - C\u00f3mo superar el dolor de la viudez - tzionlibreria.com<\/title>\n<meta name=\"robots\" content=\"index, follow, max-snippet:-1, max-image-preview:large, max-video-preview:-1\" \/>\n<link rel=\"canonical\" href=\"https:\/\/tzionlibreria.com\/index.php\/product\/cuando-la-muerte-nos-separa-como-superar-el-dolor-de-la-viudez\/\" \/>\n<meta property=\"og:locale\" content=\"es_ES\" \/>\n<meta property=\"og:type\" content=\"article\" \/>\n<meta property=\"og:title\" content=\"Cuando la Muerte nos Separa - C\u00f3mo superar el dolor de la viudez - tzionlibreria.com\" \/>\n<meta property=\"og:description\" content=\"CUANDO ALGUIEN A QUIEN T\u00da AMAS, SE HA IDO&#8230; Cuando su esposa falleci\u00f3, el consejero para el dolor y el trauma, Dr. Norman Wright, sufri\u00f3 mucho su ausencia y tuvo que luchar con el repentino vac\u00edo en su vida. A trav\u00e9s de su dolor, \u00e9l descubri\u00f3 aspectos y medidas que le ayudaron a adaptarse a [&hellip;]\" \/>\n<meta property=\"og:url\" content=\"https:\/\/tzionlibreria.com\/index.php\/product\/cuando-la-muerte-nos-separa-como-superar-el-dolor-de-la-viudez\/\" \/>\n<meta property=\"og:site_name\" content=\"tzionlibreria.com\" \/>\n<meta property=\"article:modified_time\" content=\"2024-02-29T13:25:42+00:00\" \/>\n<meta property=\"og:image\" content=\"http:\/\/tzionlibreria.com\/wp-content\/uploads\/2024\/02\/cuadno-la-muerte.jpg\" \/>\n\t<meta property=\"og:image:width\" content=\"1200\" \/>\n\t<meta property=\"og:image:height\" content=\"1200\" \/>\n\t<meta property=\"og:image:type\" content=\"image\/jpeg\" \/>\n<meta name=\"twitter:card\" content=\"summary_large_image\" \/>\n<meta name=\"twitter:label1\" content=\"Tiempo de lectura\" \/>\n\t<meta name=\"twitter:data1\" content=\"2 minutos\" \/>\n<script type=\"application\/ld+json\" class=\"yoast-schema-graph\">{\"@context\":\"https:\\\/\\\/schema.org\",\"@graph\":[{\"@type\":\"WebPage\",\"@id\":\"https:\\\/\\\/tzionlibreria.com\\\/index.php\\\/product\\\/cuando-la-muerte-nos-separa-como-superar-el-dolor-de-la-viudez\\\/\",\"url\":\"https:\\\/\\\/tzionlibreria.com\\\/index.php\\\/product\\\/cuando-la-muerte-nos-separa-como-superar-el-dolor-de-la-viudez\\\/\",\"name\":\"Cuando la Muerte nos Separa - C\u00f3mo superar el dolor de la viudez - tzionlibreria.com\",\"isPartOf\":{\"@id\":\"https:\\\/\\\/tzionlibreria.com\\\/#website\"},\"primaryImageOfPage\":{\"@id\":\"https:\\\/\\\/tzionlibreria.com\\\/index.php\\\/product\\\/cuando-la-muerte-nos-separa-como-superar-el-dolor-de-la-viudez\\\/#primaryimage\"},\"image\":{\"@id\":\"https:\\\/\\\/tzionlibreria.com\\\/index.php\\\/product\\\/cuando-la-muerte-nos-separa-como-superar-el-dolor-de-la-viudez\\\/#primaryimage\"},\"thumbnailUrl\":\"https:\\\/\\\/tzionlibreria.com\\\/wp-content\\\/uploads\\\/2024\\\/02\\\/cuadno-la-muerte.jpg\",\"datePublished\":\"2024-02-25T14:56:31+00:00\",\"dateModified\":\"2024-02-29T13:25:42+00:00\",\"breadcrumb\":{\"@id\":\"https:\\\/\\\/tzionlibreria.com\\\/index.php\\\/product\\\/cuando-la-muerte-nos-separa-como-superar-el-dolor-de-la-viudez\\\/#breadcrumb\"},\"inLanguage\":\"es-CO\",\"potentialAction\":[{\"@type\":\"ReadAction\",\"target\":[\"https:\\\/\\\/tzionlibreria.com\\\/index.php\\\/product\\\/cuando-la-muerte-nos-separa-como-superar-el-dolor-de-la-viudez\\\/\"]}]},{\"@type\":\"ImageObject\",\"inLanguage\":\"es-CO\",\"@id\":\"https:\\\/\\\/tzionlibreria.com\\\/index.php\\\/product\\\/cuando-la-muerte-nos-separa-como-superar-el-dolor-de-la-viudez\\\/#primaryimage\",\"url\":\"https:\\\/\\\/tzionlibreria.com\\\/wp-content\\\/uploads\\\/2024\\\/02\\\/cuadno-la-muerte.jpg\",\"contentUrl\":\"https:\\\/\\\/tzionlibreria.com\\\/wp-content\\\/uploads\\\/2024\\\/02\\\/cuadno-la-muerte.jpg\",\"width\":1200,\"height\":1200},{\"@type\":\"BreadcrumbList\",\"@id\":\"https:\\\/\\\/tzionlibreria.com\\\/index.php\\\/product\\\/cuando-la-muerte-nos-separa-como-superar-el-dolor-de-la-viudez\\\/#breadcrumb\",\"itemListElement\":[{\"@type\":\"ListItem\",\"position\":1,\"name\":\"Inicio\",\"item\":\"https:\\\/\\\/tzionlibreria.com\\\/\"},{\"@type\":\"ListItem\",\"position\":2,\"name\":\"Shop\",\"item\":\"https:\\\/\\\/tzionlibreria.com\\\/index.php\\\/shop\\\/\"},{\"@type\":\"ListItem\",\"position\":3,\"name\":\"Cuando la Muerte nos Separa &#8211; C\u00f3mo superar el dolor de la viudez\"}]},{\"@type\":\"WebSite\",\"@id\":\"https:\\\/\\\/tzionlibreria.com\\\/#website\",\"url\":\"https:\\\/\\\/tzionlibreria.com\\\/\",\"name\":\"tzionlibreria.com\",\"description\":\"Libreria Cristiana Venezuela\",\"publisher\":{\"@id\":\"https:\\\/\\\/tzionlibreria.com\\\/#organization\"},\"potentialAction\":[{\"@type\":\"SearchAction\",\"target\":{\"@type\":\"EntryPoint\",\"urlTemplate\":\"https:\\\/\\\/tzionlibreria.com\\\/?s={search_term_string}\"},\"query-input\":{\"@type\":\"PropertyValueSpecification\",\"valueRequired\":true,\"valueName\":\"search_term_string\"}}],\"inLanguage\":\"es-CO\"},{\"@type\":\"Organization\",\"@id\":\"https:\\\/\\\/tzionlibreria.com\\\/#organization\",\"name\":\"tzionlibreria.com\",\"url\":\"https:\\\/\\\/tzionlibreria.com\\\/\",\"logo\":{\"@type\":\"ImageObject\",\"inLanguage\":\"es-CO\",\"@id\":\"https:\\\/\\\/tzionlibreria.com\\\/#\\\/schema\\\/logo\\\/image\\\/\",\"url\":\"https:\\\/\\\/tzionlibreria.com\\\/wp-content\\\/uploads\\\/2023\\\/10\\\/cropped-Cuadricula-scaled-1.jpg\",\"contentUrl\":\"https:\\\/\\\/tzionlibreria.com\\\/wp-content\\\/uploads\\\/2023\\\/10\\\/cropped-Cuadricula-scaled-1.jpg\",\"width\":2560,\"height\":2560,\"caption\":\"tzionlibreria.com\"},\"image\":{\"@id\":\"https:\\\/\\\/tzionlibreria.com\\\/#\\\/schema\\\/logo\\\/image\\\/\"}}]}<\/script>\n<!-- \/ Yoast SEO plugin. -->","yoast_head_json":{"title":"Cuando la Muerte nos Separa - C\u00f3mo superar el dolor de la viudez - tzionlibreria.com","robots":{"index":"index","follow":"follow","max-snippet":"max-snippet:-1","max-image-preview":"max-image-preview:large","max-video-preview":"max-video-preview:-1"},"canonical":"https:\/\/tzionlibreria.com\/index.php\/product\/cuando-la-muerte-nos-separa-como-superar-el-dolor-de-la-viudez\/","og_locale":"es_ES","og_type":"article","og_title":"Cuando la Muerte nos Separa - C\u00f3mo superar el dolor de la viudez - tzionlibreria.com","og_description":"CUANDO ALGUIEN A QUIEN T\u00da AMAS, SE HA IDO&#8230; Cuando su esposa falleci\u00f3, el consejero para el dolor y el trauma, Dr. Norman Wright, sufri\u00f3 mucho su ausencia y tuvo que luchar con el repentino vac\u00edo en su vida. A trav\u00e9s de su dolor, \u00e9l descubri\u00f3 aspectos y medidas que le ayudaron a adaptarse a [&hellip;]","og_url":"https:\/\/tzionlibreria.com\/index.php\/product\/cuando-la-muerte-nos-separa-como-superar-el-dolor-de-la-viudez\/","og_site_name":"tzionlibreria.com","article_modified_time":"2024-02-29T13:25:42+00:00","og_image":[{"width":1200,"height":1200,"url":"http:\/\/tzionlibreria.com\/wp-content\/uploads\/2024\/02\/cuadno-la-muerte.jpg","type":"image\/jpeg"}],"twitter_card":"summary_large_image","twitter_misc":{"Tiempo de lectura":"2 minutos"},"schema":{"@context":"https:\/\/schema.org","@graph":[{"@type":"WebPage","@id":"https:\/\/tzionlibreria.com\/index.php\/product\/cuando-la-muerte-nos-separa-como-superar-el-dolor-de-la-viudez\/","url":"https:\/\/tzionlibreria.com\/index.php\/product\/cuando-la-muerte-nos-separa-como-superar-el-dolor-de-la-viudez\/","name":"Cuando la Muerte nos Separa - C\u00f3mo superar el dolor de la viudez - tzionlibreria.com","isPartOf":{"@id":"https:\/\/tzionlibreria.com\/#website"},"primaryImageOfPage":{"@id":"https:\/\/tzionlibreria.com\/index.php\/product\/cuando-la-muerte-nos-separa-como-superar-el-dolor-de-la-viudez\/#primaryimage"},"image":{"@id":"https:\/\/tzionlibreria.com\/index.php\/product\/cuando-la-muerte-nos-separa-como-superar-el-dolor-de-la-viudez\/#primaryimage"},"thumbnailUrl":"https:\/\/tzionlibreria.com\/wp-content\/uploads\/2024\/02\/cuadno-la-muerte.jpg","datePublished":"2024-02-25T14:56:31+00:00","dateModified":"2024-02-29T13:25:42+00:00","breadcrumb":{"@id":"https:\/\/tzionlibreria.com\/index.php\/product\/cuando-la-muerte-nos-separa-como-superar-el-dolor-de-la-viudez\/#breadcrumb"},"inLanguage":"es-CO","potentialAction":[{"@type":"ReadAction","target":["https:\/\/tzionlibreria.com\/index.php\/product\/cuando-la-muerte-nos-separa-como-superar-el-dolor-de-la-viudez\/"]}]},{"@type":"ImageObject","inLanguage":"es-CO","@id":"https:\/\/tzionlibreria.com\/index.php\/product\/cuando-la-muerte-nos-separa-como-superar-el-dolor-de-la-viudez\/#primaryimage","url":"https:\/\/tzionlibreria.com\/wp-content\/uploads\/2024\/02\/cuadno-la-muerte.jpg","contentUrl":"https:\/\/tzionlibreria.com\/wp-content\/uploads\/2024\/02\/cuadno-la-muerte.jpg","width":1200,"height":1200},{"@type":"BreadcrumbList","@id":"https:\/\/tzionlibreria.com\/index.php\/product\/cuando-la-muerte-nos-separa-como-superar-el-dolor-de-la-viudez\/#breadcrumb","itemListElement":[{"@type":"ListItem","position":1,"name":"Inicio","item":"https:\/\/tzionlibreria.com\/"},{"@type":"ListItem","position":2,"name":"Shop","item":"https:\/\/tzionlibreria.com\/index.php\/shop\/"},{"@type":"ListItem","position":3,"name":"Cuando la Muerte nos Separa &#8211; C\u00f3mo superar el dolor de la viudez"}]},{"@type":"WebSite","@id":"https:\/\/tzionlibreria.com\/#website","url":"https:\/\/tzionlibreria.com\/","name":"tzionlibreria.com","description":"Libreria Cristiana Venezuela","publisher":{"@id":"https:\/\/tzionlibreria.com\/#organization"},"potentialAction":[{"@type":"SearchAction","target":{"@type":"EntryPoint","urlTemplate":"https:\/\/tzionlibreria.com\/?s={search_term_string}"},"query-input":{"@type":"PropertyValueSpecification","valueRequired":true,"valueName":"search_term_string"}}],"inLanguage":"es-CO"},{"@type":"Organization","@id":"https:\/\/tzionlibreria.com\/#organization","name":"tzionlibreria.com","url":"https:\/\/tzionlibreria.com\/","logo":{"@type":"ImageObject","inLanguage":"es-CO","@id":"https:\/\/tzionlibreria.com\/#\/schema\/logo\/image\/","url":"https:\/\/tzionlibreria.com\/wp-content\/uploads\/2023\/10\/cropped-Cuadricula-scaled-1.jpg","contentUrl":"https:\/\/tzionlibreria.com\/wp-content\/uploads\/2023\/10\/cropped-Cuadricula-scaled-1.jpg","width":2560,"height":2560,"caption":"tzionlibreria.com"},"image":{"@id":"https:\/\/tzionlibreria.com\/#\/schema\/logo\/image\/"}}]}},"jetpack_sharing_enabled":true,"_links":{"self":[{"href":"https:\/\/tzionlibreria.com\/index.php\/wp-json\/wp\/v2\/product\/2469","targetHints":{"allow":["GET"]}}],"collection":[{"href":"https:\/\/tzionlibreria.com\/index.php\/wp-json\/wp\/v2\/product"}],"about":[{"href":"https:\/\/tzionlibreria.com\/index.php\/wp-json\/wp\/v2\/types\/product"}],"replies":[{"embeddable":true,"href":"https:\/\/tzionlibreria.com\/index.php\/wp-json\/wp\/v2\/comments?post=2469"}],"wp:featuredmedia":[{"embeddable":true,"href":"https:\/\/tzionlibreria.com\/index.php\/wp-json\/wp\/v2\/media\/2470"}],"wp:attachment":[{"href":"https:\/\/tzionlibreria.com\/index.php\/wp-json\/wp\/v2\/media?parent=2469"}],"wp:term":[{"taxonomy":"product_brand","embeddable":true,"href":"https:\/\/tzionlibreria.com\/index.php\/wp-json\/wp\/v2\/product_brand?post=2469"},{"taxonomy":"product_cat","embeddable":true,"href":"https:\/\/tzionlibreria.com\/index.php\/wp-json\/wp\/v2\/product_cat?post=2469"},{"taxonomy":"product_tag","embeddable":true,"href":"https:\/\/tzionlibreria.com\/index.php\/wp-json\/wp\/v2\/product_tag?post=2469"}],"curies":[{"name":"wp","href":"https:\/\/api.w.org\/{rel}","templated":true}]}}